{"id":17013,"date":"2021-05-13T23:45:40","date_gmt":"2021-05-13T22:45:40","guid":{"rendered":"https:\/\/www.alliesofhumanity.org\/the-briefings\/book-four\/exercise-restraint\/"},"modified":"2023-12-04T22:53:29","modified_gmt":"2023-12-04T21:53:29","slug":"exercise-restraint","status":"publish","type":"page","link":"https:\/\/www.alliesofhumanity.org\/hu\/the-briefings\/book-four\/exercise-restraint\/","title":{"rendered":"M\u00e1sodik Jelent\u00e9s: A \u00d6nuralom Fontoss\u00e1ga"},"content":{"rendered":"\t\t<div data-elementor-type=\"wp-page\" data-elementor-id=\"17013\" class=\"elementor elementor-17013 elementor-2534\" data-elementor-post-type=\"page\">\t\t\t\t\t\t<section class=\"elementor-section elementor-top-section elementor-element elementor-element-414c4fd5 elementor-section-boxed elementor-section-height-default elementor-section-height-default\" data-id=\"414c4fd5\" data-element_type=\"section\">\t\t\t\t\t\t<div class=\"elementor-container elementor-column-gap-default\">\t\t\t\t\t<div class=\"elementor-column elementor-col-100 elementor-top-column elementor-element elementor-element-674426c7\" data-id=\"674426c7\" data-element_type=\"column\">\t\t\t<div class=\"elementor-widget-wrap elementor-element-populated\">\t\t\t\t\t\t<div class=\"elementor-element elementor-element-598920f elementor-widget elementor-widget-text-editor\" data-id=\"598920f\" data-element_type=\"widget\" data-widget_type=\"text-editor.default\">\t\t\t\t<div class=\"elementor-widget-container\">\t\t\t\t\t\t\t\t\t<p style=\"font-weight: 400;\">Nagy \u00f6nuralmat kell gyakorolnod az univerzumban. Ne gondold, hogy ki tudsz menni \u00e9s kapcsolatba l\u00e9phetsz b\u00e1rkivel, akit \u00e9rdekesnek tal\u00e1lsz, vagy m\u00e1s fajok vil\u00e1g\u00e1ba utazhatsz, vagy hogy nagyszer\u0171 tal\u00e1lkoz\u00f3helyeket fogsz tal\u00e1lni, ahol sok faj tal\u00e1lkozik kikapcsol\u00f3d\u00e1s vagy t\u00e1rsas\u00e1gi c\u00e9llal, mert ez biztosan nem \u00edgy van. Megn\u00e9zhett\u00fck a filmjeiteket, amelyek az univerzumban l\u00e9v\u0151 \u00e9letet bemutatj\u00e1k. Sajnos s\u00falyosan helytelenek \u00e9s vesz\u00e9lyesen f\u00e9lrevezet\u0151ek. A val\u00f3s\u00e1g nagyon m\u00e1s \u00e9s nagyon kij\u00f3zan\u00edt\u00f3. Nagy \u00f6nuralmat kell majd gyakorolnod. Ha elt\u00f6k\u00e9lt sz\u00e1nd\u00e9kod, hogy m\u00e1s fajok fejlett technol\u00f3gi\u00e1j\u00e1val rendelkezz, id\u0151vel \u0151k fogj\u00e1k \u00e1tvenni az ir\u00e1ny\u00edt\u00e1st feletted \u00e9s a vil\u00e1god felett. Ezt vissza kell tartani.<\/p>\r<p style=\"font-weight: 400;\">Ha utazni vagy ter\u00fcletet akarsz elfoglalni a Naprendszeren k\u00edv\u00fcli m\u00e1s helyeken, akkor nagy ellen\u00e1ll\u00e1ssal \u00e9s konfliktussal kell szemben\u00e9zned. Vissza kell tartanod magad att\u00f3l, hogy ezeket a dolgokat keresd.<\/p>\r<p style=\"font-weight: 400;\">Nem leszel k\u00e9pes t\u00fall\u00e9pni ezen a Naprendszeren, hogy egy m\u00e1sik, a ti\u00e9dhez hasonl\u00f3 vil\u00e1got keress, ha t\u00fal nagy m\u00e9rt\u00e9kben lealacsony\u00edtan\u00e1tok, mert az ilyen vil\u00e1gok ritk\u00e1k \u00e9s m\u00e1sok birtokolj\u00e1k \u00e9s \u0151rzik ezeket, akik sokkal hatalmasabbak n\u00e1lad. Korl\u00e1toznod kell magad abban, hogy ezeket a dolgokat akard vagy elv\u00e1rd.<\/p>\r<p style=\"font-weight: 400;\">Ha azt gondolod, hogy vannak m\u00e1s vil\u00e1gok, amelyek felfedez\u00e9sedre v\u00e1rnak, ha ezt h\u00e1bor\u00fa vagy degrad\u00e1ci\u00f3 \u00fatj\u00e1n elpuszt\u00edtan\u00e1d, akkor azt fogod tal\u00e1lni, hogy nincs hatalmad vagy befoly\u00e1sod a Nagyobb K\u00f6z\u00f6ss\u00e9gben ahhoz, hogy hozz\u00e1f\u00e9rj ezekhez, sem pedig eszk\u00f6z\u00f6d ahhoz, hogy el\u00e9rd \u0151ket, figyelembe v\u00e9ve a technol\u00f3giai fejl\u0151d\u00e9s jelenlegi \u00e1llapot\u00e1t. Vissza kell tartanod magad att\u00f3l, hogy ezekre a dolgokra gondolj\u2014azt gondolva, hogy egy m\u00e1sik vil\u00e1g lesz ott az elv\u00e9telre, mert nem ez lesz a helyzet.<\/p>\r<p style=\"font-weight: 400;\">Lehet, hogy azt gondolod, hogy elpuszt\u00edthatod a vil\u00e1godat \u00e9s hogy a technol\u00f3gia meg fog menteni a k\u00f6vetkezm\u00e9nyekt\u0151l, de a vil\u00e1god al\u00e1\u00e1ssa az emberi civiliz\u00e1ci\u00f3t, ha ezt megteszed \u00e9s olyan m\u00e9rt\u00e9kben legyeng\u00fclsz, hogy nem leszel k\u00e9pes ellen\u00e1llni a k\u00fclf\u00f6ldi beavatkoz\u00e1snak vagy a b\u00e9ke, a hatalom \u00e9s a technol\u00f3gia \u00edg\u00e9reteinek, amelyeket m\u00e9g ma is bemutatnak nemzeteid vezet\u0151inek \u00e9s vall\u00e1si int\u00e9zm\u00e9nyeid egyes vezet\u0151inek.<\/p>\r<p style=\"font-weight: 400;\">Vissza kell tartanod magad att\u00f3l, hogy azt gondold, hogy elpuszt\u00edthatod ezt a vil\u00e1got \u00e9s rem\u00e9nykedhetsz a szabads\u00e1gban \u00e9s a szuverenit\u00e1sban az univerzumban, vagy azt kell gondolnod, hogy h\u00e1bor\u00fat vagy versenyt, puszt\u00edt\u00f3 versenyt folytathatsz nemzeted jav\u00e1ra. Ez ugyanis csak az emberi csal\u00e1d nagyobb gyeng\u00fcl\u00e9s\u00e9hez vezet \u2013 m\u00e9g jobban megt\u00f6ri az emberi csal\u00e1dot, m\u00e9g jobban megsemmis\u00edti a j\u00f6v\u0151beli egy\u00fcttm\u0171k\u00f6d\u00e9s lehet\u0151s\u00e9g\u00e9t, amely annyira sz\u00fcks\u00e9ges lesz a j\u00f6v\u0151d \u00e9s j\u00f3l\u00e9ted szempontj\u00e1b\u00f3l.<\/p>\r<p style=\"font-weight: 400;\">Meg kell f\u00e9kezned ezeket az elk\u00e9pzel\u00e9seket, miszerint a h\u00e1bor\u00fa el\u0151ny\u00f6s sz\u00e1modra, hogy haszonra vagy el\u0151nyre tehetsz szert itt, mert csak pusztul\u00e1sod magvait veted el \u00e9s felhatalmazod azokat a fajokat, akik e vil\u00e1g uraik\u00e9nt igyekeznek meghonosodni.<\/p>\r<p class=\"image-quote float-right\"><img decoding=\"async\" src=\"https:\/\/www.alliesofhumanity.org\/wp-content\/uploads\/2020\/12\/quote-book4-briefing2-1.png\" alt=\"\" \/><\/p><blockquote id=\"quote-2\" class=\"text-quote float-right bg-black\"> <\/blockquote><p style=\"font-weight: 400;\">Ford\u00edtsd tekinteted az \u00e9g fel\u00e9. A j\u00f6v\u0151d \u00e9s a sorsod ott van. N\u00e9zz fel \u00e9jszaka az \u00e9gre \u00e9s tudd, hogy tele van intelligens \u00e9lettel. Noha sz\u00e1mtalan kop\u00e1r \u00e9s lakhatatlan vil\u00e1g van ott, a helyi univerzumban a fajok sz\u00e1ma ebben a szektorban, amely egy kis t\u00e9rr\u00e9gi\u00f3, \u00f3ri\u00e1si. Te ugyanis a galaxis egy nagyon s\u0171r\u0171n lakott r\u00e9sz\u00e9n \u00e9lsz, ahol az elk\u00f6telez\u0151d\u00e9s szab\u00e1lyai r\u00e9g\u00f3ta kialakultak \u00e9s ahol a h\u00e1bor\u00fat elnyomt\u00e1k. Ez sz\u00e1modra el\u0151ny \u00e9s h\u00e1tr\u00e1ny is. Amint arr\u00f3l az el\u0151z\u0151 Jelent\u00e9seinkben besz\u00e9lt\u00fcnk, v\u00e9dett vagy a ny\u00edlt h\u00f3d\u00edt\u00e1st\u00f3l, de a beavatkoz\u00e1s \u00e9s a meggy\u0151z\u00e9s lehet\u0151s\u00e9ge \u00e9s val\u00f3s\u00e1ga \u00f3ri\u00e1si.<\/p>\r<p style=\"font-weight: 400;\">Itt nagyobb k\u00e9szs\u00e9get \u00e9s felk\u00e9sz\u00fcl\u00e9st kell szerezned: tudatoss\u00e1g, elsz\u00e1nts\u00e1g, k\u00e9szs\u00e9g, visszafogotts\u00e1g. Sz\u00e1modra most az univerzum csup\u00e1n a f\u00f6ldi nagy probl\u00e9m\u00e1id h\u00e1ttere. De ennek az univerzumnak a val\u00f3s\u00e1ga az a nagyobb er\u0151, amely vil\u00e1gotokat \u00e9s fejl\u0151d\u00e9seteket vez\u00e9rli. Az \u00e1ltala jelentett nagy kih\u00edv\u00e1s ami hajt \u00e9s az egys\u00e9g \u00e9s egy\u00fcttm\u0171k\u00f6d\u00e9s nagyszer\u0171 lehet\u0151s\u00e9ge \u00e9s k\u00f6vetelm\u00e9nye, amelyet t\u00e1mogatni fog, ha ez l\u00e1that\u00f3, ismert \u00e9s megv\u00e1laszolhat\u00f3.<\/p>\r<p style=\"font-weight: 400;\">Ilyen jelleg\u0171 beavatkoz\u00e1s m\u00e9g soha nem t\u00f6rt\u00e9nt a vil\u00e1gban, mert ti m\u00e9g t\u00fal kezdetlegesek voltatok \u00e9s a technol\u00f3gi\u00e1tok m\u00e9g mindig t\u00fal fejletlen ahhoz, hogy \u00e9letk\u00e9pes jel\u00f6ltek legyetek a k\u00fclf\u00f6ldi ellen\u0151rz\u00e9sre \u00e9s meggy\u0151z\u00e9sre. B\u00e1r a vil\u00e1got m\u00e1r sokszor megl\u00e1togatt\u00e1k hossz\u00fa t\u00f6rt\u00e9nelmetek sor\u00e1n, az eff\u00e9le beavatkoz\u00e1st val\u00f3j\u00e1ban soha nem k\u00eds\u00e9relt\u00e9k meg.<\/p>\r<p style=\"font-weight: 400;\">De most l\u00e9trehozt\u00e1tok a nemzetk\u00f6zi kommunik\u00e1ci\u00f3t, a planet\u00e1ris cser\u00e9t, a planet\u00e1ris kereskedelmet. L\u00e9trehoztatok egy alapvet\u0151 infrastrukt\u00far\u00e1t, amelyet m\u00e1sok is haszn\u00e1lhatnak \u00e9s profit\u00e1lhatnak bel\u0151le. Ez, valamint az a tudat, hogy az emberis\u00e9g t\u00fal er\u0151ss\u00e9 v\u00e1lhat a Beavatkoz\u00e1shoz, l\u00e9trehozta a mai vil\u00e1gotokban a Beavatkoz\u00e1st, amely az utols\u00f3 nagy vil\u00e1gkonfliktus \u00f3ta felgyorsult \u00e9s most az \u00e9letetek sz\u00e1mos k\u00fcl\u00f6nb\u00f6z\u0151 ter\u00fclet\u00e9n felgyorsul.<\/p>\r<p style=\"font-weight: 400;\">Ez egy kih\u00edv\u00e1s, ha helyesen l\u00e1tod, ami k\u00e9pess\u00e9 tesz arra, hogy fel\u00fclemelkedj a konfliktusokon \u00e9s az \u00e1lland\u00f3 n\u00e9zetelt\u00e9r\u00e9seken a vil\u00e1godon bel\u00fcl. Mert minden nemzet er\u0151forr\u00e1sait egyes\u00edteni kell, hogy puszta sz\u00fcks\u00e9gb\u0151l megv\u00e9dje ezt a vil\u00e1got.<\/p>\r<p style=\"font-weight: 400;\">Az univerzumr\u00f3l alkotott meg\u00e9rt\u00e9sednek meg kell v\u00e1ltoznia \u00e9s re\u00e1liss\u00e1 kell v\u00e1lnia. A bizonytalan helyzeted felismer\u00e9s\u00e9t el kell ismerni \u00e9s alapvet\u0151v\u00e9 kell hogy v\u00e1ljon.<\/p>\r<p style=\"font-weight: 400;\">Meg kell v\u00e9dened ennek a vil\u00e1gnak a k\u00f6rnyezet\u00e9t \u2013 \u00e9ghajlat\u00e1t, er\u0151forr\u00e1sait \u2013, k\u00fcl\u00f6nben olyan szeg\u00e9nys\u00e9gbe \u00e9s k\u00e9ts\u00e9gbees\u00e9sbe fogsz zuhanni, amilyen m\u00e9g soha nem volt ezen a vil\u00e1gon. Pedig ilyen dolgok sz\u00e1mtalanszor megt\u00f6rt\u00e9ntek az univerzumban, elker\u00fclhetetlen \u00e9s megj\u00f3solhat\u00f3 eredm\u00e9nnyel.<\/p>\r<p class=\"image-quote float-left\"><img decoding=\"async\" src=\"https:\/\/www.alliesofhumanity.org\/wp-content\/uploads\/2020\/12\/quote-book4-briefing2-2.png\" alt=\"\" \/><\/p><blockquote id=\"quote-4\" class=\"text-quote float-left bg-red\"> <\/blockquote><p style=\"font-weight: 400;\">Kult\u00far\u00e1ink el\u00e9g r\u00e9giek ahhoz, hogy a galaxis ezen r\u00e9sz\u00e9nek helyi esem\u00e9nyeinek t\u00f6rt\u00e9nete legyen. Olyan dolgokat l\u00e1thattunk \u00e9s tudhattunk, amelyeket te m\u00e9g nem l\u00e1tsz vagy nem tud k\u00f6zvetlen\u00fcl. Csak ezt a b\u00f6lcsess\u00e9get, ezt a nagyobb perspekt\u00edv\u00e1t adhatjuk neked. Ne gondold, hogy ez csup\u00e1n egy perspekt\u00edva, mert ez a val\u00f3s\u00e1god igazs\u00e1ga. Ez az, ami j\u00f6n. Ez az, ami m\u00e1r itt van.<\/p>\r<p style=\"font-weight: 400;\"><\/p>\t\t\t\t\t\t\t\t<\/div>\t\t\t\t<\/div>\t\t\t\t\t<\/div>\t\t<\/div>\t\t\t\t\t<\/div>\t\t<\/section>\t\t\t\t<\/div><p>\t\t<\/p>","protected":false},"excerpt":{"rendered":"<p>Nagy \u00f6nuralmat kell gyakorolnod az univerzumban. Ne gondold, hogy ki tudsz menni \u00e9s kapcsolatba l\u00e9phetsz b\u00e1rkivel, akit \u00e9rdekesnek tal\u00e1lsz, vagy m\u00e1s fajok vil\u00e1g\u00e1ba utazhatsz, vagy hogy nagyszer\u0171 tal\u00e1lkoz\u00f3helyeket fogsz tal\u00e1lni, ahol sok faj tal\u00e1lkozik kikapcsol\u00f3d\u00e1s vagy t\u00e1rsas\u00e1gi c\u00e9llal, mert ez biztosan nem \u00edgy van. Megn\u00e9zhett\u00fck a filmjeiteket, amelyek az univerzumban l\u00e9v\u0151 \u00e9letet bemutatj\u00e1k. Sajnos s\u00falyosan [&hellip;]<\/p>\n","protected":false},"author":23,"featured_media":0,"parent":16961,"menu_order":2,"comment_status":"closed","ping_status":"closed","template":"page.php","meta":{"_acf_changed":false,"footnotes":""},"class_list":["post-17013","page","type-page","status-publish","hentry"],"acf":[],"yoast_head":"<!-- This site is optimized with the Yoast SEO plugin v26.5 - https:\/\/yoast.com\/wordpress\/plugins\/seo\/ -->\n<title>Extraterrestrial Contact and the Importance of Restraint<\/title>\n<meta name=\"description\" content=\"If we are determined to have advanced technology from ET races, they will gain control of humanity and our world in time. Learn why ....\" \/>\n<meta name=\"robots\" content=\"index, follow, max-snippet:-1, max-image-preview:large, max-video-preview:-1\" \/>\n<link rel=\"canonical\" href=\"https:\/\/www.alliesofhumanity.org\/hu\/the-briefings\/book-four\/exercise-restraint\/\" \/>\n<meta property=\"og:locale\" content=\"hu_HU\" \/>\n<meta property=\"og:type\" content=\"article\" \/>\n<meta property=\"og:title\" content=\"Extraterrestrial Contact and the Importance of Restraint\" \/>\n<meta property=\"og:description\" content=\"If we are determined to have advanced technology from ET races, they will gain control of humanity and our world in time. Learn why ....\" \/>\n<meta property=\"og:url\" content=\"https:\/\/www.alliesofhumanity.org\/hu\/the-briefings\/book-four\/exercise-restraint\/\" \/>\n<meta property=\"og:site_name\" content=\"The Allies of Humanity\" \/>\n<meta property=\"article:publisher\" content=\"https:\/\/www.facebook.com\/alliesofhumanity\/\" \/>\n<meta property=\"article:modified_time\" content=\"2023-12-04T21:53:29+00:00\" \/>\n<meta property=\"og:image\" content=\"https:\/\/www.alliesofhumanity.org\/wp-content\/uploads\/2021\/01\/og-socialmedia-aoh.jpg\" \/>\n\t<meta property=\"og:image:width\" content=\"1200\" \/>\n\t<meta property=\"og:image:height\" content=\"630\" \/>\n\t<meta property=\"og:image:type\" content=\"image\/jpeg\" \/>\n<meta name=\"twitter:card\" content=\"summary_large_image\" \/>\n<meta name=\"twitter:title\" content=\"Extraterrestrial Contact and the Importance of Restraint\" \/>\n<meta name=\"twitter:site\" content=\"@earthallies\" \/>\n<meta name=\"twitter:label1\" content=\"Becs\u00fclt olvas\u00e1si id\u0151\" \/>\n\t<meta name=\"twitter:data1\" content=\"6 perc\" \/>\n<script type=\"application\/ld+json\" class=\"yoast-schema-graph\">{\"@context\":\"https:\/\/schema.org\",\"@graph\":[{\"@type\":\"WebPage\",\"@id\":\"https:\/\/www.alliesofhumanity.org\/hu\/the-briefings\/book-four\/exercise-restraint\/\",\"url\":\"https:\/\/www.alliesofhumanity.org\/hu\/the-briefings\/book-four\/exercise-restraint\/\",\"name\":\"Extraterrestrial Contact and the Importance of Restraint\",\"isPartOf\":{\"@id\":\"https:\/\/www.alliesofhumanity.org\/hu\/#website\"},\"datePublished\":\"2021-05-13T22:45:40+00:00\",\"dateModified\":\"2023-12-04T21:53:29+00:00\",\"description\":\"If we are determined to have advanced technology from ET races, they will gain control of humanity and our world in time. Learn why ....\",\"breadcrumb\":{\"@id\":\"https:\/\/www.alliesofhumanity.org\/hu\/the-briefings\/book-four\/exercise-restraint\/#breadcrumb\"},\"inLanguage\":\"hu\",\"potentialAction\":[{\"@type\":\"ReadAction\",\"target\":[\"https:\/\/www.alliesofhumanity.org\/hu\/the-briefings\/book-four\/exercise-restraint\/\"]}]},{\"@type\":\"BreadcrumbList\",\"@id\":\"https:\/\/www.alliesofhumanity.org\/hu\/the-briefings\/book-four\/exercise-restraint\/#breadcrumb\",\"itemListElement\":[{\"@type\":\"ListItem\",\"position\":1,\"name\":\"Jelent\u00e9shez\",\"item\":\"https:\/\/www.alliesofhumanity.org\/hu\/the-briefings\/\"},{\"@type\":\"ListItem\",\"position\":2,\"name\":\"NEGYEDIK K\u00d6NYV\",\"item\":\"https:\/\/www.alliesofhumanity.org\/hu\/the-briefings\/book-four\/\"},{\"@type\":\"ListItem\",\"position\":3,\"name\":\"M\u00e1sodik Jelent\u00e9s: A \u00d6nuralom Fontoss\u00e1ga\"}]},{\"@type\":\"WebSite\",\"@id\":\"https:\/\/www.alliesofhumanity.org\/hu\/#website\",\"url\":\"https:\/\/www.alliesofhumanity.org\/hu\/\",\"name\":\"The Allies of Humanity\",\"description\":\"\",\"potentialAction\":[{\"@type\":\"SearchAction\",\"target\":{\"@type\":\"EntryPoint\",\"urlTemplate\":\"https:\/\/www.alliesofhumanity.org\/hu\/?s={search_term_string}\"},\"query-input\":{\"@type\":\"PropertyValueSpecification\",\"valueRequired\":true,\"valueName\":\"search_term_string\"}}],\"inLanguage\":\"hu\"}]}<\/script>\n<!-- \/ Yoast SEO plugin. -->","yoast_head_json":{"title":"Extraterrestrial Contact and the Importance of Restraint","description":"If we are determined to have advanced technology from ET races, they will gain control of humanity and our world in time. Learn why ....","robots":{"index":"index","follow":"follow","max-snippet":"max-snippet:-1","max-image-preview":"max-image-preview:large","max-video-preview":"max-video-preview:-1"},"canonical":"https:\/\/www.alliesofhumanity.org\/hu\/the-briefings\/book-four\/exercise-restraint\/","og_locale":"hu_HU","og_type":"article","og_title":"Extraterrestrial Contact and the Importance of Restraint","og_description":"If we are determined to have advanced technology from ET races, they will gain control of humanity and our world in time. Learn why ....","og_url":"https:\/\/www.alliesofhumanity.org\/hu\/the-briefings\/book-four\/exercise-restraint\/","og_site_name":"The Allies of Humanity","article_publisher":"https:\/\/www.facebook.com\/alliesofhumanity\/","article_modified_time":"2023-12-04T21:53:29+00:00","og_image":[{"width":1200,"height":630,"url":"https:\/\/www.alliesofhumanity.org\/wp-content\/uploads\/2021\/01\/og-socialmedia-aoh.jpg","type":"image\/jpeg"}],"twitter_card":"summary_large_image","twitter_title":"Extraterrestrial Contact and the Importance of Restraint","twitter_site":"@earthallies","twitter_misc":{"Becs\u00fclt olvas\u00e1si id\u0151":"6 perc"},"schema":{"@context":"https:\/\/schema.org","@graph":[{"@type":"WebPage","@id":"https:\/\/www.alliesofhumanity.org\/hu\/the-briefings\/book-four\/exercise-restraint\/","url":"https:\/\/www.alliesofhumanity.org\/hu\/the-briefings\/book-four\/exercise-restraint\/","name":"Extraterrestrial Contact and the Importance of Restraint","isPartOf":{"@id":"https:\/\/www.alliesofhumanity.org\/hu\/#website"},"datePublished":"2021-05-13T22:45:40+00:00","dateModified":"2023-12-04T21:53:29+00:00","description":"If we are determined to have advanced technology from ET races, they will gain control of humanity and our world in time. Learn why ....","breadcrumb":{"@id":"https:\/\/www.alliesofhumanity.org\/hu\/the-briefings\/book-four\/exercise-restraint\/#breadcrumb"},"inLanguage":"hu","potentialAction":[{"@type":"ReadAction","target":["https:\/\/www.alliesofhumanity.org\/hu\/the-briefings\/book-four\/exercise-restraint\/"]}]},{"@type":"BreadcrumbList","@id":"https:\/\/www.alliesofhumanity.org\/hu\/the-briefings\/book-four\/exercise-restraint\/#breadcrumb","itemListElement":[{"@type":"ListItem","position":1,"name":"Jelent\u00e9shez","item":"https:\/\/www.alliesofhumanity.org\/hu\/the-briefings\/"},{"@type":"ListItem","position":2,"name":"NEGYEDIK K\u00d6NYV","item":"https:\/\/www.alliesofhumanity.org\/hu\/the-briefings\/book-four\/"},{"@type":"ListItem","position":3,"name":"M\u00e1sodik Jelent\u00e9s: A \u00d6nuralom Fontoss\u00e1ga"}]},{"@type":"WebSite","@id":"https:\/\/www.alliesofhumanity.org\/hu\/#website","url":"https:\/\/www.alliesofhumanity.org\/hu\/","name":"The Allies of Humanity","description":"","potentialAction":[{"@type":"SearchAction","target":{"@type":"EntryPoint","urlTemplate":"https:\/\/www.alliesofhumanity.org\/hu\/?s={search_term_string}"},"query-input":{"@type":"PropertyValueSpecification","valueRequired":true,"valueName":"search_term_string"}}],"inLanguage":"hu"}]}},"_links":{"self":[{"href":"https:\/\/www.alliesofhumanity.org\/hu\/wp-json\/wp\/v2\/pages\/17013","targetHints":{"allow":["GET"]}}],"collection":[{"href":"https:\/\/www.alliesofhumanity.org\/hu\/wp-json\/wp\/v2\/pages"}],"about":[{"href":"https:\/\/www.alliesofhumanity.org\/hu\/wp-json\/wp\/v2\/types\/page"}],"author":[{"embeddable":true,"href":"https:\/\/www.alliesofhumanity.org\/hu\/wp-json\/wp\/v2\/users\/23"}],"replies":[{"embeddable":true,"href":"https:\/\/www.alliesofhumanity.org\/hu\/wp-json\/wp\/v2\/comments?post=17013"}],"version-history":[{"count":7,"href":"https:\/\/www.alliesofhumanity.org\/hu\/wp-json\/wp\/v2\/pages\/17013\/revisions"}],"predecessor-version":[{"id":21592,"href":"https:\/\/www.alliesofhumanity.org\/hu\/wp-json\/wp\/v2\/pages\/17013\/revisions\/21592"}],"up":[{"embeddable":true,"href":"https:\/\/www.alliesofhumanity.org\/hu\/wp-json\/wp\/v2\/pages\/16961"}],"wp:attachment":[{"href":"https:\/\/www.alliesofhumanity.org\/hu\/wp-json\/wp\/v2\/media?parent=17013"}],"curies":[{"name":"wp","href":"https:\/\/api.w.org\/{rel}","templated":true}]}}