{"id":17010,"date":"2021-05-13T23:44:37","date_gmt":"2021-05-13T22:44:37","guid":{"rendered":"https:\/\/www.alliesofhumanity.org\/the-briefings\/book-three\/"},"modified":"2021-05-13T23:44:37","modified_gmt":"2021-05-13T22:44:37","slug":"book-three","status":"publish","type":"page","link":"https:\/\/www.alliesofhumanity.org\/hu\/the-briefings\/book-three\/","title":{"rendered":"Book Three"},"content":{"rendered":"<h5>All of the Allies of Humanity Briefings are available free online. Begin the journey with Allies Book Three.<\/h5>\n<p>The Allies of Humanity Book Three presents the third set of \u201cBriefings\u201d from a mysterious off-planet source whose stated purpose is to orient the human family to the realities of life in our local universe and to alert us to a dangerous Intervention now occurring here on Earth.<\/p>\n<p>The Allies of Humanity Briefings are a genuine communication from a group claiming to represent the \u201cfree races\u201d in our local region of space. The Allies distinguish themselves from those races who are intervening in the world today. They warn us against the presence of this Intervention, insisting that no foreign race should be visiting our world, either now or in the future, until humanity has gained the strength, unity and maturity necessary to engage successfully with a Greater Community of intelligent life in the universe.<\/p>\n<p>Whether humanity can ever attain this is uncertain, yet the Allies tell us that intervention in our world has already begun by several non-military races seeking to establish their influence and dominance in our world through deceptive and persuasive means.<br \/>\nThe Briefings reveal that we are in the unfortunate position of being the race who is being discovered. History has taught us the danger and the tragedy that native peoples faced when they encountered outside forces for the first time. Now we are all the natives of a new world, and the threat of Intervention is upon us. As a result, the Allies are calling for us to build enough human unity amongst the tribes, nations and religions of Earth so that we may protect our freedom in a non-human universe.<\/p>\n<p>Marshall Vian Summers received this unique communication from the Allies of Humanity in a state of revelation beginning in November 1997. In the years since, the Allies of Humanity have delivered three sets of Briefings. The Allies of Humanity Book Three represents their most recent communication to Earth.<\/p>\n<p>With the Allies Briefings, for the first time, we are being given a window into the reality of life beyond our world, a view that we would never have otherwise. This creates a greater context for understanding why the Intervention is occurring, who is generating it and what humanity will need to know to preserve and build human freedom and sovereignty so that we can fulfill our destiny as a free race in the universe.<\/p>\n<p>Get a copy of the book:<\/p>\n<ul>\n<li>Print version: not available currently.<\/li>\n<li>Ebook format: <a href=\"https:\/\/newknowledgelibrary.org\/e-books\/the-allies-of-humanity-book-three-english-ebook\/\" target=\"_blank\" rel=\"noopener\">New Knowledge Library<\/a>, <a href=\"https:\/\/www.amazon.com\/Allies-Humanity-Book-Three-ebook\/dp\/B0078VIQTG\" target=\"_blank\" rel=\"noopener\">Kindle version on Amazon<\/a>, <a href=\"https:\/\/books.apple.com\/us\/book\/the-allies-of-humanity-book-three\/id894110421\" target=\"_blank\" rel=\"noopener\">Apple Books<\/a> or <a href=\"https:\/\/play.google.com\/store\/books\/details\/Marshall_Vian_Summers_The_Allies_of_Humanity_Book?id=7Uu_YwzD4HMC\" target=\"_blank\" rel=\"noopener\">Google Play<\/a>.<\/li>\n<\/ul>\n<hr \/>\n<h5>Start reading the Briefings online now<\/h5>\n<p>Table of Contents:<\/p>\n<p><a href=\"contact-with-extraterestrial-races\">First Briefing: The Reality of Contact<br \/>\n<\/a><\/p>\n<p><a href=\"requirements-freedom-universe\">Second Briefing: The Requirements for Freedom in the Universe<\/a><\/p>\n<p><a href=\"alien-intervention\">Third Briefing: The Tools of the Intervention<\/a><\/p>\n<p><a href=\"hidden-powers\">Fourth Briefing: Hidden Powers<\/a><\/p>\n<p><a href=\"voices-universe-messages-space\">Fifth Briefing: Many Voices in the Universe<\/a><\/p>\n<p><a href=\"Life-Beyond-Earth\">Sixth Briefing: Greater Community Realities<\/a><\/p>\n<p><a href=\"questions-about-aliens\">Seventh Briefing: Questions &amp; Answers<br \/>\n<\/a><\/p>\n<p><em>The Society for The New Message is now providing all four volumes of The Allies of Humanity online at no cost. We do this so that this message can reach as many people as possible, both at the grass roots and in positions of political, economic and religious power.<\/em><\/p>\n","protected":false},"excerpt":{"rendered":"<p>All of the Allies of Humanity Briefings are available free online. Begin the journey with Allies Book Three. The Allies of Humanity Book Three presents the third set of \u201cBriefings\u201d from a mysterious off-planet source whose stated purpose is to orient the human family to the realities of life in our local universe and to [&hellip;]<\/p>\n","protected":false},"author":2,"featured_media":0,"parent":16858,"menu_order":3,"comment_status":"closed","ping_status":"closed","template":"page-book-start.php","meta":{"_acf_changed":false,"footnotes":""},"class_list":["post-17010","page","type-page","status-publish","hentry"],"acf":[],"yoast_head":"<!-- This site is optimized with the Yoast SEO plugin v26.5 - https:\/\/yoast.com\/wordpress\/plugins\/seo\/ -->\n<title>The Allies of Humanity Briefings Book Three: A Message to Earth<\/title>\n<meta name=\"description\" content=\"the Allies of Humanity speak about the realities of life \u2014 trade and commerce, interactions \u2014 that exist in our neighborhood of space.\" \/>\n<meta name=\"robots\" content=\"index, follow, max-snippet:-1, max-image-preview:large, max-video-preview:-1\" \/>\n<link rel=\"canonical\" href=\"https:\/\/www.alliesofhumanity.org\/hu\/the-briefings\/book-three\/\" \/>\n<meta property=\"og:locale\" content=\"hu_HU\" \/>\n<meta property=\"og:type\" content=\"article\" \/>\n<meta property=\"og:title\" content=\"he Allies of Humanity Briefings Book Three: A Message to Earth\" \/>\n<meta property=\"og:description\" content=\"the Allies of Humanity speak about the realities of life \u2014 trade and commerce, interactions \u2014 that exist in our neighborhood of space.\" \/>\n<meta property=\"og:url\" content=\"https:\/\/www.alliesofhumanity.org\/hu\/the-briefings\/book-three\/\" \/>\n<meta property=\"og:site_name\" content=\"The Allies of Humanity\" \/>\n<meta property=\"article:publisher\" content=\"https:\/\/www.facebook.com\/alliesofhumanity\/\" \/>\n<meta property=\"og:image\" content=\"https:\/\/www.alliesofhumanity.org\/wp-content\/uploads\/2021\/01\/og-socialmedia-aoh.jpg\" \/>\n\t<meta property=\"og:image:width\" content=\"1200\" \/>\n\t<meta property=\"og:image:height\" content=\"630\" \/>\n\t<meta property=\"og:image:type\" content=\"image\/jpeg\" \/>\n<meta name=\"twitter:card\" content=\"summary_large_image\" \/>\n<meta name=\"twitter:title\" content=\"The Allies of Humanity Briefings Book Three: A Message to Earth\" \/>\n<meta name=\"twitter:site\" content=\"@earthallies\" \/>\n<meta name=\"twitter:label1\" content=\"Becs\u00fclt olvas\u00e1si id\u0151\" \/>\n\t<meta name=\"twitter:data1\" content=\"3 perc\" \/>\n<script type=\"application\/ld+json\" class=\"yoast-schema-graph\">{\"@context\":\"https:\/\/schema.org\",\"@graph\":[{\"@type\":\"WebPage\",\"@id\":\"https:\/\/www.alliesofhumanity.org\/hu\/the-briefings\/book-three\/\",\"url\":\"https:\/\/www.alliesofhumanity.org\/hu\/the-briefings\/book-three\/\",\"name\":\"The Allies of Humanity Briefings Book Three: A Message to Earth\",\"isPartOf\":{\"@id\":\"https:\/\/www.alliesofhumanity.org\/hu\/#website\"},\"datePublished\":\"2021-05-13T22:44:37+00:00\",\"description\":\"the Allies of Humanity speak about the realities of life \u2014 trade and commerce, interactions \u2014 that exist in our neighborhood of space.\",\"breadcrumb\":{\"@id\":\"https:\/\/www.alliesofhumanity.org\/hu\/the-briefings\/book-three\/#breadcrumb\"},\"inLanguage\":\"hu\",\"potentialAction\":[{\"@type\":\"ReadAction\",\"target\":[\"https:\/\/www.alliesofhumanity.org\/hu\/the-briefings\/book-three\/\"]}]},{\"@type\":\"BreadcrumbList\",\"@id\":\"https:\/\/www.alliesofhumanity.org\/hu\/the-briefings\/book-three\/#breadcrumb\",\"itemListElement\":[{\"@type\":\"ListItem\",\"position\":1,\"name\":\"Jelent\u00e9shez\",\"item\":\"https:\/\/www.alliesofhumanity.org\/hu\/the-briefings\/\"},{\"@type\":\"ListItem\",\"position\":2,\"name\":\"Book Three\"}]},{\"@type\":\"WebSite\",\"@id\":\"https:\/\/www.alliesofhumanity.org\/hu\/#website\",\"url\":\"https:\/\/www.alliesofhumanity.org\/hu\/\",\"name\":\"The Allies of Humanity\",\"description\":\"\",\"potentialAction\":[{\"@type\":\"SearchAction\",\"target\":{\"@type\":\"EntryPoint\",\"urlTemplate\":\"https:\/\/www.alliesofhumanity.org\/hu\/?s={search_term_string}\"},\"query-input\":{\"@type\":\"PropertyValueSpecification\",\"valueRequired\":true,\"valueName\":\"search_term_string\"}}],\"inLanguage\":\"hu\"}]}<\/script>\n<!-- \/ Yoast SEO plugin. -->","yoast_head_json":{"title":"The Allies of Humanity Briefings Book Three: A Message to Earth","description":"the Allies of Humanity speak about the realities of life \u2014 trade and commerce, interactions \u2014 that exist in our neighborhood of space.","robots":{"index":"index","follow":"follow","max-snippet":"max-snippet:-1","max-image-preview":"max-image-preview:large","max-video-preview":"max-video-preview:-1"},"canonical":"https:\/\/www.alliesofhumanity.org\/hu\/the-briefings\/book-three\/","og_locale":"hu_HU","og_type":"article","og_title":"he Allies of Humanity Briefings Book Three: A Message to Earth","og_description":"the Allies of Humanity speak about the realities of life \u2014 trade and commerce, interactions \u2014 that exist in our neighborhood of space.","og_url":"https:\/\/www.alliesofhumanity.org\/hu\/the-briefings\/book-three\/","og_site_name":"The Allies of Humanity","article_publisher":"https:\/\/www.facebook.com\/alliesofhumanity\/","og_image":[{"width":1200,"height":630,"url":"https:\/\/www.alliesofhumanity.org\/wp-content\/uploads\/2021\/01\/og-socialmedia-aoh.jpg","type":"image\/jpeg"}],"twitter_card":"summary_large_image","twitter_title":"The Allies of Humanity Briefings Book Three: A Message to Earth","twitter_site":"@earthallies","twitter_misc":{"Becs\u00fclt olvas\u00e1si id\u0151":"3 perc"},"schema":{"@context":"https:\/\/schema.org","@graph":[{"@type":"WebPage","@id":"https:\/\/www.alliesofhumanity.org\/hu\/the-briefings\/book-three\/","url":"https:\/\/www.alliesofhumanity.org\/hu\/the-briefings\/book-three\/","name":"The Allies of Humanity Briefings Book Three: A Message to Earth","isPartOf":{"@id":"https:\/\/www.alliesofhumanity.org\/hu\/#website"},"datePublished":"2021-05-13T22:44:37+00:00","description":"the Allies of Humanity speak about the realities of life \u2014 trade and commerce, interactions \u2014 that exist in our neighborhood of space.","breadcrumb":{"@id":"https:\/\/www.alliesofhumanity.org\/hu\/the-briefings\/book-three\/#breadcrumb"},"inLanguage":"hu","potentialAction":[{"@type":"ReadAction","target":["https:\/\/www.alliesofhumanity.org\/hu\/the-briefings\/book-three\/"]}]},{"@type":"BreadcrumbList","@id":"https:\/\/www.alliesofhumanity.org\/hu\/the-briefings\/book-three\/#breadcrumb","itemListElement":[{"@type":"ListItem","position":1,"name":"Jelent\u00e9shez","item":"https:\/\/www.alliesofhumanity.org\/hu\/the-briefings\/"},{"@type":"ListItem","position":2,"name":"Book Three"}]},{"@type":"WebSite","@id":"https:\/\/www.alliesofhumanity.org\/hu\/#website","url":"https:\/\/www.alliesofhumanity.org\/hu\/","name":"The Allies of Humanity","description":"","potentialAction":[{"@type":"SearchAction","target":{"@type":"EntryPoint","urlTemplate":"https:\/\/www.alliesofhumanity.org\/hu\/?s={search_term_string}"},"query-input":{"@type":"PropertyValueSpecification","valueRequired":true,"valueName":"search_term_string"}}],"inLanguage":"hu"}]}},"_links":{"self":[{"href":"https:\/\/www.alliesofhumanity.org\/hu\/wp-json\/wp\/v2\/pages\/17010","targetHints":{"allow":["GET"]}}],"collection":[{"href":"https:\/\/www.alliesofhumanity.org\/hu\/wp-json\/wp\/v2\/pages"}],"about":[{"href":"https:\/\/www.alliesofhumanity.org\/hu\/wp-json\/wp\/v2\/types\/page"}],"author":[{"embeddable":true,"href":"https:\/\/www.alliesofhumanity.org\/hu\/wp-json\/wp\/v2\/users\/2"}],"replies":[{"embeddable":true,"href":"https:\/\/www.alliesofhumanity.org\/hu\/wp-json\/wp\/v2\/comments?post=17010"}],"version-history":[{"count":0,"href":"https:\/\/www.alliesofhumanity.org\/hu\/wp-json\/wp\/v2\/pages\/17010\/revisions"}],"up":[{"embeddable":true,"href":"https:\/\/www.alliesofhumanity.org\/hu\/wp-json\/wp\/v2\/pages\/16858"}],"wp:attachment":[{"href":"https:\/\/www.alliesofhumanity.org\/hu\/wp-json\/wp\/v2\/media?parent=17010"}],"curies":[{"name":"wp","href":"https:\/\/api.w.org\/{rel}","templated":true}]}}