{"id":16991,"date":"2021-05-13T23:38:09","date_gmt":"2021-05-13T22:38:09","guid":{"rendered":"https:\/\/www.alliesofhumanity.org\/the-briefings\/book-two\/"},"modified":"2021-05-13T23:38:09","modified_gmt":"2021-05-13T22:38:09","slug":"book-two","status":"publish","type":"page","link":"https:\/\/www.alliesofhumanity.org\/hu\/the-briefings\/book-two\/","title":{"rendered":"Book Two"},"content":{"rendered":"<h5>All of the Allies of Humanity Briefings are available free online. Begin the journey with Allies Book Two.<\/h5>\n<p>In this second set of briefings, the Allies of Humanity wish to give us a greater understanding and a greater vision of what life is really like in the Universe around us. Our allies abroad wish to warn us regarding the great risks that we face now, the risks of emerging into the Greater Community. They wish to show us our need to preserve our freedom and our integrity as a race as we undergo this difficult and prolonged transition.<\/p>\n<p>Get a copy of the book:<\/p>\n<ul>\n<li>Print version: <a href=\"https:\/\/newknowledgelibrary.org\/books\/the-allies-of-humanity-book-two-english-print-book\/\" target=\"_blank\" rel=\"noopener\">New Knowledge Library<\/a> or <a href=\"https:\/\/www.amazon.com\/Allies-Humanity-Book-Marshall-Summers\/dp\/1884238378\" target=\"_blank\" rel=\"noopener\">Amazon<\/a>.<\/li>\n<li>Ebook format: <a href=\"https:\/\/newknowledgelibrary.org\/e-books\/the-allies-of-humanity-book-two-english-ebook\/\" target=\"_blank\" rel=\"noopener\">New Knowledge Library<\/a>, <a href=\"https:\/\/www.amazon.com\/Allies-Humanity-Book-Two-ebook\/dp\/B005J5KU8I\" target=\"_blank\" rel=\"noopener\">Kindle version from Amazon<\/a>, <a href=\"https:\/\/books.apple.com\/au\/book\/the-allies-of-humanity-book-two\/id894103733\" target=\"_blank\" rel=\"noopener\">Apple Books<\/a> or <a href=\"https:\/\/play.google.com\/store\/books\/details\/Marshall_Vian_Summers_The_Allies_of_Humanity_Book?id=6HysOWI88a8C\" target=\"_blank\" rel=\"noopener\">Google Play<\/a>.<\/li>\n<\/ul>\n<hr \/>\n<h5>Start reading the Briefings online now<\/h5>\n<p>Table of Contents:<\/p>\n<p><a href=\"universe-reality-of-nature\">First Briefing: The Universe Into Which You are Emerging<\/a><\/p>\n<p><a href=\"why-are-aliens-here\">Second Briefing: Why the Intervention is Occurring<br \/>\n<\/a><\/p>\n<p><a href=\"the-influence-upon-humanity\">Third Briefing: The Influence Upon Humanity<\/a><\/p>\n<p><a href=\"collectives-in-universe\">Fourth Briefing: The Collectives<\/a><\/p>\n<p><a href=\"biological-resources\">Fifth Briefing: What They Want<\/a><\/p>\n<p><a href=\"a-call-to-action-spiritual-power\">Sixth Briefing: A Call to Action<\/a><\/p>\n<p>First Commentary: <a href=\"the-problem-of-human-denial-first-commentary\">The Problem of Human Denial<\/a><\/p>\n<p>Second Commentary: <a href=\"effects-of-the-pacification-program-second-commentary\">Effects of the Pacification Program<\/a><\/p>\n<p>Third Commentary: <a href=\"understanding-the-intervention-third-commentary\">Understanding the Intervention<\/a><\/p>\n<p>The Society for The New Message is now providing all four volumes of <em>The Allies of Humanity<\/em> online at no cost. We do this so that this message can reach as many people as possible, both at the grass roots and in positions of political, economic and religious power.<\/p>\n","protected":false},"excerpt":{"rendered":"<p>All of the Allies of Humanity Briefings are available free online. Begin the journey with Allies Book Two. In this second set of briefings, the Allies of Humanity wish to give us a greater understanding and a greater vision of what life is really like in the Universe around us. Our allies abroad wish to [&hellip;]<\/p>\n","protected":false},"author":2,"featured_media":0,"parent":16858,"menu_order":2,"comment_status":"closed","ping_status":"closed","template":"page-book-start.php","meta":{"_acf_changed":false,"footnotes":""},"class_list":["post-16991","page","type-page","status-publish","hentry"],"acf":[],"yoast_head":"<!-- This site is optimized with the Yoast SEO plugin v26.5 - https:\/\/yoast.com\/wordpress\/plugins\/seo\/ -->\n<title>Allies of Humanity, Book 2: Human Unity, Freedom and ET Contact<\/title>\n<meta name=\"description\" content=\"In our second set of briefings we wish to give you a greater understanding and vision of what life is really like in the Universe around you.\" \/>\n<meta name=\"robots\" content=\"index, follow, max-snippet:-1, max-image-preview:large, max-video-preview:-1\" \/>\n<link rel=\"canonical\" href=\"https:\/\/www.alliesofhumanity.org\/hu\/the-briefings\/book-two\/\" \/>\n<meta property=\"og:locale\" content=\"hu_HU\" \/>\n<meta property=\"og:type\" content=\"article\" \/>\n<meta property=\"og:title\" content=\"Allies of Humanity, Book 2: Human Unity, Freedom and ET Contact\" \/>\n<meta property=\"og:description\" content=\"In our second set of briefings we wish to give you a greater understanding and vision of what life is really like in the Universe around you.\" \/>\n<meta property=\"og:url\" content=\"https:\/\/www.alliesofhumanity.org\/hu\/the-briefings\/book-two\/\" \/>\n<meta property=\"og:site_name\" content=\"The Allies of Humanity\" \/>\n<meta property=\"article:publisher\" content=\"https:\/\/www.facebook.com\/alliesofhumanity\/\" \/>\n<meta property=\"og:image\" content=\"https:\/\/www.alliesofhumanity.org\/wp-content\/uploads\/2021\/01\/og-socialmedia-aoh.jpg\" \/>\n\t<meta property=\"og:image:width\" content=\"1200\" \/>\n\t<meta property=\"og:image:height\" content=\"630\" \/>\n\t<meta property=\"og:image:type\" content=\"image\/jpeg\" \/>\n<meta name=\"twitter:card\" content=\"summary_large_image\" \/>\n<meta name=\"twitter:title\" content=\"Allies of Humanity, Book 2: Human Unity, Freedom and ET Contact\" \/>\n<meta name=\"twitter:site\" content=\"@earthallies\" \/>\n<meta name=\"twitter:label1\" content=\"Becs\u00fclt olvas\u00e1si id\u0151\" \/>\n\t<meta name=\"twitter:data1\" content=\"1 perc\" \/>\n<script type=\"application\/ld+json\" class=\"yoast-schema-graph\">{\"@context\":\"https:\/\/schema.org\",\"@graph\":[{\"@type\":\"WebPage\",\"@id\":\"https:\/\/www.alliesofhumanity.org\/hu\/the-briefings\/book-two\/\",\"url\":\"https:\/\/www.alliesofhumanity.org\/hu\/the-briefings\/book-two\/\",\"name\":\"Allies of Humanity, Book 2: Human Unity, Freedom and ET Contact\",\"isPartOf\":{\"@id\":\"https:\/\/www.alliesofhumanity.org\/hu\/#website\"},\"datePublished\":\"2021-05-13T22:38:09+00:00\",\"description\":\"In our second set of briefings we wish to give you a greater understanding and vision of what life is really like in the Universe around you.\",\"breadcrumb\":{\"@id\":\"https:\/\/www.alliesofhumanity.org\/hu\/the-briefings\/book-two\/#breadcrumb\"},\"inLanguage\":\"hu\",\"potentialAction\":[{\"@type\":\"ReadAction\",\"target\":[\"https:\/\/www.alliesofhumanity.org\/hu\/the-briefings\/book-two\/\"]}]},{\"@type\":\"BreadcrumbList\",\"@id\":\"https:\/\/www.alliesofhumanity.org\/hu\/the-briefings\/book-two\/#breadcrumb\",\"itemListElement\":[{\"@type\":\"ListItem\",\"position\":1,\"name\":\"Jelent\u00e9shez\",\"item\":\"https:\/\/www.alliesofhumanity.org\/hu\/the-briefings\/\"},{\"@type\":\"ListItem\",\"position\":2,\"name\":\"Book Two\"}]},{\"@type\":\"WebSite\",\"@id\":\"https:\/\/www.alliesofhumanity.org\/hu\/#website\",\"url\":\"https:\/\/www.alliesofhumanity.org\/hu\/\",\"name\":\"The Allies of Humanity\",\"description\":\"\",\"potentialAction\":[{\"@type\":\"SearchAction\",\"target\":{\"@type\":\"EntryPoint\",\"urlTemplate\":\"https:\/\/www.alliesofhumanity.org\/hu\/?s={search_term_string}\"},\"query-input\":{\"@type\":\"PropertyValueSpecification\",\"valueRequired\":true,\"valueName\":\"search_term_string\"}}],\"inLanguage\":\"hu\"}]}<\/script>\n<!-- \/ Yoast SEO plugin. -->","yoast_head_json":{"title":"Allies of Humanity, Book 2: Human Unity, Freedom and ET Contact","description":"In our second set of briefings we wish to give you a greater understanding and vision of what life is really like in the Universe around you.","robots":{"index":"index","follow":"follow","max-snippet":"max-snippet:-1","max-image-preview":"max-image-preview:large","max-video-preview":"max-video-preview:-1"},"canonical":"https:\/\/www.alliesofhumanity.org\/hu\/the-briefings\/book-two\/","og_locale":"hu_HU","og_type":"article","og_title":"Allies of Humanity, Book 2: Human Unity, Freedom and ET Contact","og_description":"In our second set of briefings we wish to give you a greater understanding and vision of what life is really like in the Universe around you.","og_url":"https:\/\/www.alliesofhumanity.org\/hu\/the-briefings\/book-two\/","og_site_name":"The Allies of Humanity","article_publisher":"https:\/\/www.facebook.com\/alliesofhumanity\/","og_image":[{"width":1200,"height":630,"url":"https:\/\/www.alliesofhumanity.org\/wp-content\/uploads\/2021\/01\/og-socialmedia-aoh.jpg","type":"image\/jpeg"}],"twitter_card":"summary_large_image","twitter_title":"Allies of Humanity, Book 2: Human Unity, Freedom and ET Contact","twitter_site":"@earthallies","twitter_misc":{"Becs\u00fclt olvas\u00e1si id\u0151":"1 perc"},"schema":{"@context":"https:\/\/schema.org","@graph":[{"@type":"WebPage","@id":"https:\/\/www.alliesofhumanity.org\/hu\/the-briefings\/book-two\/","url":"https:\/\/www.alliesofhumanity.org\/hu\/the-briefings\/book-two\/","name":"Allies of Humanity, Book 2: Human Unity, Freedom and ET Contact","isPartOf":{"@id":"https:\/\/www.alliesofhumanity.org\/hu\/#website"},"datePublished":"2021-05-13T22:38:09+00:00","description":"In our second set of briefings we wish to give you a greater understanding and vision of what life is really like in the Universe around you.","breadcrumb":{"@id":"https:\/\/www.alliesofhumanity.org\/hu\/the-briefings\/book-two\/#breadcrumb"},"inLanguage":"hu","potentialAction":[{"@type":"ReadAction","target":["https:\/\/www.alliesofhumanity.org\/hu\/the-briefings\/book-two\/"]}]},{"@type":"BreadcrumbList","@id":"https:\/\/www.alliesofhumanity.org\/hu\/the-briefings\/book-two\/#breadcrumb","itemListElement":[{"@type":"ListItem","position":1,"name":"Jelent\u00e9shez","item":"https:\/\/www.alliesofhumanity.org\/hu\/the-briefings\/"},{"@type":"ListItem","position":2,"name":"Book Two"}]},{"@type":"WebSite","@id":"https:\/\/www.alliesofhumanity.org\/hu\/#website","url":"https:\/\/www.alliesofhumanity.org\/hu\/","name":"The Allies of Humanity","description":"","potentialAction":[{"@type":"SearchAction","target":{"@type":"EntryPoint","urlTemplate":"https:\/\/www.alliesofhumanity.org\/hu\/?s={search_term_string}"},"query-input":{"@type":"PropertyValueSpecification","valueRequired":true,"valueName":"search_term_string"}}],"inLanguage":"hu"}]}},"_links":{"self":[{"href":"https:\/\/www.alliesofhumanity.org\/hu\/wp-json\/wp\/v2\/pages\/16991","targetHints":{"allow":["GET"]}}],"collection":[{"href":"https:\/\/www.alliesofhumanity.org\/hu\/wp-json\/wp\/v2\/pages"}],"about":[{"href":"https:\/\/www.alliesofhumanity.org\/hu\/wp-json\/wp\/v2\/types\/page"}],"author":[{"embeddable":true,"href":"https:\/\/www.alliesofhumanity.org\/hu\/wp-json\/wp\/v2\/users\/2"}],"replies":[{"embeddable":true,"href":"https:\/\/www.alliesofhumanity.org\/hu\/wp-json\/wp\/v2\/comments?post=16991"}],"version-history":[{"count":0,"href":"https:\/\/www.alliesofhumanity.org\/hu\/wp-json\/wp\/v2\/pages\/16991\/revisions"}],"up":[{"embeddable":true,"href":"https:\/\/www.alliesofhumanity.org\/hu\/wp-json\/wp\/v2\/pages\/16858"}],"wp:attachment":[{"href":"https:\/\/www.alliesofhumanity.org\/hu\/wp-json\/wp\/v2\/media?parent=16991"}],"curies":[{"name":"wp","href":"https:\/\/api.w.org\/{rel}","templated":true}]}}