{"id":16961,"date":"2021-05-13T23:19:54","date_gmt":"2021-05-13T22:19:54","guid":{"rendered":"https:\/\/www.alliesofhumanity.org\/the-briefings\/book-four\/"},"modified":"2021-05-13T23:52:43","modified_gmt":"2021-05-13T22:52:43","slug":"book-four","status":"publish","type":"page","link":"https:\/\/www.alliesofhumanity.org\/hu\/the-briefings\/book-four\/","title":{"rendered":"NEGYEDIK K\u00d6NYV"},"content":{"rendered":"<h5>All of the Allies of Humanity Briefings are available free online. Begin the journey with Allies Book Four.<\/h5>\n<p>The Allies of Humanity are a group of individuals from several different worlds who came to the vicinity of the Earth to observe the alien Intervention that is occurring in our world and to report on the activities of this Intervention and its implications for the human race.<\/p>\n<p>Through their Briefings, the Allies are revealing the reality of Contact occurring in the world today\u2014who the visitors are, why they are here and the larger agenda behind their activities. In doing so, the Briefings fill in many of the critical gaps in our understanding of the reality of extraterrestrial visitation and the UFO phenomenon, which have been the focus of research and inquiry for over seven decades.<\/p>\n<p>These Briefings are part of a greater communication from those races in our local universe who support humanity\u2019s freedom and sovereignty as it emerges into a \u201cGreater Community\u201d of life. This is an authentic message from an extraterrestrial source, warning us of the dangers of Intervention from beyond and urging us to prepare for the challenges of life in the universe.<\/p>\n<p>Click <a href=\"http:\/\/community.newmessage.org\/who-we-are-and-what-we-represent\" target=\"_blank\" rel=\"noopener\">here<\/a> to discuss the Briefings in our Community Site.<\/p>\n<p>Get a copy of the book:<\/p>\n<ul>\n<li>Print version: <a href=\"https:\/\/newknowledgelibrary.org\/books\/allies-of-humanity-book-four-english-print-book\/\" target=\"_blank\" rel=\"noopener\">New Knowledge Library<\/a>\u00a0or\u00a0<a href=\"https:\/\/www.amazon.com\/Allies-Humanity-Book-Four-Universe\/dp\/B07XV9C7GK\/ref=tmm_pap_swatch_0\" target=\"_blank\" rel=\"noopener\">Amazon<\/a>.<\/li>\n<li>Ebook format: <a href=\"https:\/\/newknowledgelibrary.org\/e-books\/allies-of-humanity-book-four-english-e-book\/\" target=\"_blank\" rel=\"noopener\">New Knowledge Library<\/a>, <a href=\"https:\/\/www.amazon.com\/dp\/B07XT8V7X6\/\" target=\"_blank\" rel=\"noopener\">Kindle version for just $0.99 from Amazon<\/a>, <a href=\"https:\/\/books.apple.com\/book\/the-allies-of-humanity-book-four\/id1480031070\" target=\"_blank\" rel=\"noopener\">Apple Books<\/a>\u00a0or\u00a0<a href=\"https:\/\/play.google.com\/store\/books\/details\/Marshall_Vian_Summers_The_Allies_of_Humanity_Book?id=VVOvDwAAQBAJ\" target=\"_blank\" rel=\"noopener\">Google Play<\/a>.<\/li>\n<\/ul>\n<hr \/>\n<h5>Start reading the Briefings online now<\/h5>\n<p>Table of Contents:<\/p>\n<p><a href=\"ah4-a-message-from-marshall-vian-summers\">A Message from Marshall Vian Summers<\/a><\/p>\n<p>Briefing One: <a href=\"allies-free-races\">Who We Are and What We Represent<\/a><\/p>\n<p>Briefing Two: <a href=\"exercise-restraint\">The Importance of Restraint<\/a><\/p>\n<p>Briefing Three: <a href=\"free-nations-universe\">Freedom in the Universe<br \/>\n<\/a><\/p>\n<p>Briefing Four: <a href=\"higher-powers\">Higher Powers<\/a><\/p>\n<p>Briefing Five: <a href=\"secure-freedom\">The Great Coordination<\/a><\/p>\n<p>Briefing Six: <a href=\"networks-wise\">The Networks of the Wise<\/a><\/p>\n<p><a href=\"\/briefings\/12-point-summary-of-the-allies-of-humanity-briefings\">12-Point Summary of the Allies of Humanity Briefings<\/a><\/p>\n<hr \/>\n<p><em>The Society for The New Message is now providing all four volumes of The Allies of Humanity\u00a0online at no cost. We do this so that this message can reach as many people as possible, both at the grass roots and in positions of political, economic and religious power.<\/em><\/p>\n","protected":false},"excerpt":{"rendered":"<p>All of the Allies of Humanity Briefings are available free online. Begin the journey with Allies Book Four. The Allies of Humanity are a group of individuals from several different worlds who came to the vicinity of the Earth to observe the alien Intervention that is occurring in our world and to report on the [&hellip;]<\/p>\n","protected":false},"author":2,"featured_media":0,"parent":16858,"menu_order":4,"comment_status":"closed","ping_status":"closed","template":"page-book-start.php","meta":{"_acf_changed":false,"footnotes":""},"class_list":["post-16961","page","type-page","status-publish","hentry"],"acf":[],"yoast_head":"<!-- This site is optimized with the Yoast SEO plugin v26.5 - https:\/\/yoast.com\/wordpress\/plugins\/seo\/ -->\n<title>The Allies of Humanity Book Four: Freedom in the Universe<\/title>\n<meta name=\"description\" content=\"How humanity can achieve and maintain its freedom in the universe, in the face of contact with extraterrestrial alien life.\" \/>\n<meta name=\"robots\" content=\"index, follow, max-snippet:-1, max-image-preview:large, max-video-preview:-1\" \/>\n<link rel=\"canonical\" href=\"https:\/\/www.alliesofhumanity.org\/hu\/the-briefings\/book-four\/\" \/>\n<meta property=\"og:locale\" content=\"hu_HU\" \/>\n<meta property=\"og:type\" content=\"article\" \/>\n<meta property=\"og:title\" content=\"The Allies of Humanity Book Four: Freedom in the Universe\" \/>\n<meta property=\"og:description\" content=\"How humanity can achieve and maintain its freedom in the universe, in the face of contact with extraterrestrial alien life.\" \/>\n<meta property=\"og:url\" content=\"https:\/\/www.alliesofhumanity.org\/hu\/the-briefings\/book-four\/\" \/>\n<meta property=\"og:site_name\" content=\"The Allies of Humanity\" \/>\n<meta property=\"article:publisher\" content=\"https:\/\/www.facebook.com\/alliesofhumanity\/\" \/>\n<meta property=\"article:modified_time\" content=\"2021-05-13T22:52:43+00:00\" \/>\n<meta property=\"og:image\" content=\"https:\/\/www.alliesofhumanity.org\/wp-content\/uploads\/2021\/01\/og-socialmedia-aoh.jpg\" \/>\n\t<meta property=\"og:image:width\" content=\"1200\" \/>\n\t<meta property=\"og:image:height\" content=\"630\" \/>\n\t<meta property=\"og:image:type\" content=\"image\/jpeg\" \/>\n<meta name=\"twitter:card\" content=\"summary_large_image\" \/>\n<meta name=\"twitter:title\" content=\"The Allies of Humanity Book Four: Freedom in the Universe\" \/>\n<meta name=\"twitter:site\" content=\"@earthallies\" \/>\n<meta name=\"twitter:label1\" content=\"Becs\u00fclt olvas\u00e1si id\u0151\" \/>\n\t<meta name=\"twitter:data1\" content=\"2 perc\" \/>\n<script type=\"application\/ld+json\" class=\"yoast-schema-graph\">{\"@context\":\"https:\/\/schema.org\",\"@graph\":[{\"@type\":\"WebPage\",\"@id\":\"https:\/\/www.alliesofhumanity.org\/hu\/the-briefings\/book-four\/\",\"url\":\"https:\/\/www.alliesofhumanity.org\/hu\/the-briefings\/book-four\/\",\"name\":\"The Allies of Humanity Book Four: Freedom in the Universe\",\"isPartOf\":{\"@id\":\"https:\/\/www.alliesofhumanity.org\/hu\/#website\"},\"datePublished\":\"2021-05-13T22:19:54+00:00\",\"dateModified\":\"2021-05-13T22:52:43+00:00\",\"description\":\"How humanity can achieve and maintain its freedom in the universe, in the face of contact with extraterrestrial alien life.\",\"breadcrumb\":{\"@id\":\"https:\/\/www.alliesofhumanity.org\/hu\/the-briefings\/book-four\/#breadcrumb\"},\"inLanguage\":\"hu\",\"potentialAction\":[{\"@type\":\"ReadAction\",\"target\":[\"https:\/\/www.alliesofhumanity.org\/hu\/the-briefings\/book-four\/\"]}]},{\"@type\":\"BreadcrumbList\",\"@id\":\"https:\/\/www.alliesofhumanity.org\/hu\/the-briefings\/book-four\/#breadcrumb\",\"itemListElement\":[{\"@type\":\"ListItem\",\"position\":1,\"name\":\"Jelent\u00e9shez\",\"item\":\"https:\/\/www.alliesofhumanity.org\/hu\/the-briefings\/\"},{\"@type\":\"ListItem\",\"position\":2,\"name\":\"NEGYEDIK K\u00d6NYV\"}]},{\"@type\":\"WebSite\",\"@id\":\"https:\/\/www.alliesofhumanity.org\/hu\/#website\",\"url\":\"https:\/\/www.alliesofhumanity.org\/hu\/\",\"name\":\"The Allies of Humanity\",\"description\":\"\",\"potentialAction\":[{\"@type\":\"SearchAction\",\"target\":{\"@type\":\"EntryPoint\",\"urlTemplate\":\"https:\/\/www.alliesofhumanity.org\/hu\/?s={search_term_string}\"},\"query-input\":{\"@type\":\"PropertyValueSpecification\",\"valueRequired\":true,\"valueName\":\"search_term_string\"}}],\"inLanguage\":\"hu\"}]}<\/script>\n<!-- \/ Yoast SEO plugin. -->","yoast_head_json":{"title":"The Allies of Humanity Book Four: Freedom in the Universe","description":"How humanity can achieve and maintain its freedom in the universe, in the face of contact with extraterrestrial alien life.","robots":{"index":"index","follow":"follow","max-snippet":"max-snippet:-1","max-image-preview":"max-image-preview:large","max-video-preview":"max-video-preview:-1"},"canonical":"https:\/\/www.alliesofhumanity.org\/hu\/the-briefings\/book-four\/","og_locale":"hu_HU","og_type":"article","og_title":"The Allies of Humanity Book Four: Freedom in the Universe","og_description":"How humanity can achieve and maintain its freedom in the universe, in the face of contact with extraterrestrial alien life.","og_url":"https:\/\/www.alliesofhumanity.org\/hu\/the-briefings\/book-four\/","og_site_name":"The Allies of Humanity","article_publisher":"https:\/\/www.facebook.com\/alliesofhumanity\/","article_modified_time":"2021-05-13T22:52:43+00:00","og_image":[{"width":1200,"height":630,"url":"https:\/\/www.alliesofhumanity.org\/wp-content\/uploads\/2021\/01\/og-socialmedia-aoh.jpg","type":"image\/jpeg"}],"twitter_card":"summary_large_image","twitter_title":"The Allies of Humanity Book Four: Freedom in the Universe","twitter_site":"@earthallies","twitter_misc":{"Becs\u00fclt olvas\u00e1si id\u0151":"2 perc"},"schema":{"@context":"https:\/\/schema.org","@graph":[{"@type":"WebPage","@id":"https:\/\/www.alliesofhumanity.org\/hu\/the-briefings\/book-four\/","url":"https:\/\/www.alliesofhumanity.org\/hu\/the-briefings\/book-four\/","name":"The Allies of Humanity Book Four: Freedom in the Universe","isPartOf":{"@id":"https:\/\/www.alliesofhumanity.org\/hu\/#website"},"datePublished":"2021-05-13T22:19:54+00:00","dateModified":"2021-05-13T22:52:43+00:00","description":"How humanity can achieve and maintain its freedom in the universe, in the face of contact with extraterrestrial alien life.","breadcrumb":{"@id":"https:\/\/www.alliesofhumanity.org\/hu\/the-briefings\/book-four\/#breadcrumb"},"inLanguage":"hu","potentialAction":[{"@type":"ReadAction","target":["https:\/\/www.alliesofhumanity.org\/hu\/the-briefings\/book-four\/"]}]},{"@type":"BreadcrumbList","@id":"https:\/\/www.alliesofhumanity.org\/hu\/the-briefings\/book-four\/#breadcrumb","itemListElement":[{"@type":"ListItem","position":1,"name":"Jelent\u00e9shez","item":"https:\/\/www.alliesofhumanity.org\/hu\/the-briefings\/"},{"@type":"ListItem","position":2,"name":"NEGYEDIK K\u00d6NYV"}]},{"@type":"WebSite","@id":"https:\/\/www.alliesofhumanity.org\/hu\/#website","url":"https:\/\/www.alliesofhumanity.org\/hu\/","name":"The Allies of Humanity","description":"","potentialAction":[{"@type":"SearchAction","target":{"@type":"EntryPoint","urlTemplate":"https:\/\/www.alliesofhumanity.org\/hu\/?s={search_term_string}"},"query-input":{"@type":"PropertyValueSpecification","valueRequired":true,"valueName":"search_term_string"}}],"inLanguage":"hu"}]}},"_links":{"self":[{"href":"https:\/\/www.alliesofhumanity.org\/hu\/wp-json\/wp\/v2\/pages\/16961","targetHints":{"allow":["GET"]}}],"collection":[{"href":"https:\/\/www.alliesofhumanity.org\/hu\/wp-json\/wp\/v2\/pages"}],"about":[{"href":"https:\/\/www.alliesofhumanity.org\/hu\/wp-json\/wp\/v2\/types\/page"}],"author":[{"embeddable":true,"href":"https:\/\/www.alliesofhumanity.org\/hu\/wp-json\/wp\/v2\/users\/2"}],"replies":[{"embeddable":true,"href":"https:\/\/www.alliesofhumanity.org\/hu\/wp-json\/wp\/v2\/comments?post=16961"}],"version-history":[{"count":1,"href":"https:\/\/www.alliesofhumanity.org\/hu\/wp-json\/wp\/v2\/pages\/16961\/revisions"}],"predecessor-version":[{"id":17037,"href":"https:\/\/www.alliesofhumanity.org\/hu\/wp-json\/wp\/v2\/pages\/16961\/revisions\/17037"}],"up":[{"embeddable":true,"href":"https:\/\/www.alliesofhumanity.org\/hu\/wp-json\/wp\/v2\/pages\/16858"}],"wp:attachment":[{"href":"https:\/\/www.alliesofhumanity.org\/hu\/wp-json\/wp\/v2\/media?parent=16961"}],"curies":[{"name":"wp","href":"https:\/\/api.w.org\/{rel}","templated":true}]}}