{"id":16959,"date":"2021-05-13T23:17:01","date_gmt":"2021-05-13T22:17:01","guid":{"rendered":"https:\/\/www.alliesofhumanity.org\/the-briefings\/book-one\/final-words\/"},"modified":"2025-12-27T01:40:20","modified_gmt":"2025-12-27T00:40:20","slug":"final-words","status":"publish","type":"page","link":"https:\/\/www.alliesofhumanity.org\/hu\/the-briefings\/book-one\/final-words\/","title":{"rendered":"Ut\u00f3sz\u00f3"},"content":{"rendered":"\t\t<div data-elementor-type=\"wp-page\" data-elementor-id=\"16959\" class=\"elementor elementor-16959 elementor-2181\" data-elementor-post-type=\"page\">\t\t\t\t\t\t<section class=\"elementor-section elementor-top-section elementor-element elementor-element-54dadb56 elementor-section-boxed elementor-section-height-default elementor-section-height-default\" data-id=\"54dadb56\" data-element_type=\"section\">\t\t\t\t\t\t<div class=\"elementor-container elementor-column-gap-default\">\t\t\t\t\t<div class=\"elementor-column elementor-col-100 elementor-top-column elementor-element elementor-element-31c5ce98\" data-id=\"31c5ce98\" data-element_type=\"column\">\t\t\t<div class=\"elementor-widget-wrap elementor-element-populated\">\t\t\t\t\t\t<div class=\"elementor-element elementor-element-7d4c35aa elementor-widget elementor-widget-text-editor\" data-id=\"7d4c35aa\" data-element_type=\"widget\" data-widget_type=\"text-editor.default\">\t\t\t\t<div class=\"elementor-widget-container\">\t\t\t\t\t\t\t\t\t<a name=\"Az_emberiseg_egy_uj_kezdet_elott\"><\/a><span style=\"font-family: Times, serif;\">Az emberis\u00e9g egy \u00faj kezdet el\u0151tt \u00e1ll. Egy s\u00falyos helyzettel n\u00e9z szembe. Egy \u00faj oktat\u00e1snak \u00e9s meg\u00e9rt\u00e9snek a sz\u00fcks\u00e9ge a legfontosabb. Az\u00e9rt vagyunk itt a L\u00e1thatatlanok k\u00e9r\u00e9s\u00e9re, hogy ezt az ig\u00e9nyt szolg\u00e1ljuk. R\u00e1nk t\u00e1maszkodnak, hogy megosszuk a b\u00f6lcsess\u00e9g\u00fcnket, mivel mi a fizikai vil\u00e1gegyetemben \u00e9l\u00fcnk, ak\u00e1rcsak ti. Mi nem angyali l\u00e9nyek vagyunk. Nem vagyunk t\u00f6k\u00e9letesek. A spritu\u00e1lis tudatoss\u00e1g \u00e9s teljes\u00edtm\u00e9ny ter\u00e9n nem \u00e9rt\u00fcnk el magas szinteket. \u00c9s ez\u00e9rt b\u00edzunk benne, hogy a Nagyobb K\u00f6z\u00f6ss\u00e9gr\u0151l sz\u00f3l\u00f3 \u00fczenet\u00fcnk relev\u00e1nsabb \u00e9s k\u00f6nnyebben befogadhat\u00f3 lesz. A L\u00e1thatatlanok sokkal t\u00f6bbet tudnak, mint mi a vil\u00e1gegyetemben l\u00e9v\u0151 \u00e9letr\u0151l, a fejl\u0151d\u00e9s \u00e9s a teljes\u00edtm\u00e9ny el\u00e9rhet\u0151 szintjeir\u0151l, melyet sok helyen gyakorolnak. M\u00e9gis arra k\u00e9rtek minket, hogy besz\u00e9lj\u00fcnk a fizikai \u00e9let val\u00f3s\u00e1g\u00e1r\u00f3l, mert mi ezzel teljes eg\u00e9sz\u00e9ben kapcsolatban \u00e1llunk. \u00c9s mi a saj\u00e1t hib\u00e1inkon \u00e9s megpr\u00f3b\u00e1ltat\u00e1sainkon kereszt\u00fcl megtanultuk az itt veled megosztottak fontoss\u00e1g\u00e1t \u00e9s \u00e9rtelm\u00e9t. \u00cdgy, mi az Emberis\u00e9g Sz\u00f6vets\u00e9geseik\u00e9nt j\u00f6v\u00fcnk, mert mi azok vagyunk. L\u00e9gy h\u00e1l\u00e1s, hogy vannak sz\u00f6vets\u00e9geseid, akik tudnak seg\u00edteni \u00e9s akik tudnak tan\u00edtani \u00e9s akik t\u00e1mogatni tudj\u00e1k az er\u0151ss\u00e9gedet, a szabads\u00e1godat \u00e9s a teljes\u00edtm\u00e9nyeidet. Mert e seg\u00edts\u00e9g n\u00e9lk\u00fcl nagyon korl\u00e1tozott lenne az es\u00e9lye annak, hogy t\u00fal\u00e9ld azt a fajta alien besziv\u00e1rg\u00e1st, amit most tapasztalsz. Igen, lenne n\u00e9h\u00e1ny ember, aki r\u00e1j\u00f6nne a helyzetre, ahogy az val\u00f3j\u00e1ban l\u00e9tezik, de a sz\u00e1muk nem lenne el\u00e9g nagy \u00e9s a hangjukat nem hallan\u00e1k meg.<\/span><br><p class=\"cjk\"><span style=\"font-family: Times, serif;\">Ebben csak a bizalmadat k\u00e9rhetj\u00fck. Rem\u00e9lj\u00fck, hogy a szavaink b\u00f6lcsess\u00e9g\u00e9n kereszt\u00fcl \u00e9s a lehet\u0151s\u00e9geken kereszt\u00fcl, amely \u00e1ltal meg kell tanulnod a jelent\u00e9s\u00fcket \u00e9s jelent\u0151s\u00e9g\u00fcket, id\u0151vel megszerezz\u00fck ezt a bizalmat, mert a Nagyobb K\u00f6z\u00f6ss\u00e9gben vannak sz\u00f6vets\u00e9geseid. Ezen a vil\u00e1gon t\u00fal nagyszer\u0171 bar\u00e1taid vannak, akik megszenvedt\u00e9k azokat a kih\u00edv\u00e1sokat, amelyekkel most te szembes\u00fclsz \u00e9s sikerrel j\u00e1rtak. Mivel minket is seg\u00edtettek, most nek\u00fcnk kell m\u00e1sokat seg\u00edteni. Ez a mi szent sz\u00f6vets\u00e9g\u00fcnk. Ez az, ami mellett szil\u00e1rdan elk\u00f6telezettek vagyunk.<\/span><\/p>\t\t\t\t\t\t\t\t<\/div>\t\t\t\t<\/div>\t\t\t\t\t<\/div>\t\t<\/div>\t\t\t\t\t<\/div>\t\t<\/section>\t\t\t\t<\/div><p>\t\t<\/p>","protected":false},"excerpt":{"rendered":"<p>Az emberis\u00e9g egy \u00faj kezdet el\u0151tt \u00e1ll. Egy s\u00falyos helyzettel n\u00e9z szembe. Egy \u00faj oktat\u00e1snak \u00e9s meg\u00e9rt\u00e9snek a sz\u00fcks\u00e9ge a legfontosabb. Az\u00e9rt vagyunk itt a L\u00e1thatatlanok k\u00e9r\u00e9s\u00e9re, hogy ezt az ig\u00e9nyt szolg\u00e1ljuk. R\u00e1nk t\u00e1maszkodnak, hogy megosszuk a b\u00f6lcsess\u00e9g\u00fcnket, mivel mi a fizikai vil\u00e1gegyetemben \u00e9l\u00fcnk, ak\u00e1rcsak ti. Mi nem angyali l\u00e9nyek vagyunk. Nem vagyunk t\u00f6k\u00e9letesek. A [&hellip;]<\/p>\n","protected":false},"author":23,"featured_media":0,"parent":16938,"menu_order":7,"comment_status":"closed","ping_status":"closed","template":"page.php","meta":{"_acf_changed":false,"footnotes":""},"class_list":["post-16959","page","type-page","status-publish","hentry"],"acf":[],"yoast_head":"<!-- This site is optimized with the Yoast SEO plugin v26.5 - https:\/\/yoast.com\/wordpress\/plugins\/seo\/ -->\n<title>The Allies of Humanity Briefings, Book 1: Final Words<\/title>\n<meta name=\"description\" content=\"Humanity is at a new beginning. It is faced with a grave situation. ET Contact is underway. The needs, challenges and opportunities are great\" \/>\n<meta name=\"robots\" content=\"index, follow, max-snippet:-1, max-image-preview:large, max-video-preview:-1\" \/>\n<link rel=\"canonical\" href=\"https:\/\/www.alliesofhumanity.org\/hu\/the-briefings\/book-one\/final-words\/\" \/>\n<meta property=\"og:locale\" content=\"hu_HU\" \/>\n<meta property=\"og:type\" content=\"article\" \/>\n<meta property=\"og:title\" content=\"The Allies of Humanity Briefings, Book 1: Final Words\" \/>\n<meta property=\"og:description\" content=\"Humanity is at a new beginning. It is faced with a grave situation. ET Contact is underway. The needs, challenges and opportunities are great\" \/>\n<meta property=\"og:url\" content=\"https:\/\/www.alliesofhumanity.org\/hu\/the-briefings\/book-one\/final-words\/\" \/>\n<meta property=\"og:site_name\" content=\"The Allies of Humanity\" \/>\n<meta property=\"article:publisher\" content=\"https:\/\/www.facebook.com\/alliesofhumanity\/\" \/>\n<meta property=\"article:modified_time\" content=\"2025-12-27T00:40:20+00:00\" \/>\n<meta property=\"og:image\" content=\"https:\/\/www.alliesofhumanity.org\/wp-content\/uploads\/2021\/01\/og-socialmedia-aoh.jpg\" \/>\n\t<meta property=\"og:image:width\" content=\"1200\" \/>\n\t<meta property=\"og:image:height\" content=\"630\" \/>\n\t<meta property=\"og:image:type\" content=\"image\/jpeg\" \/>\n<meta name=\"twitter:card\" content=\"summary_large_image\" \/>\n<meta name=\"twitter:title\" content=\"The Allies of Humanity Briefings, Book 1: Final Words\" \/>\n<meta name=\"twitter:site\" content=\"@earthallies\" \/>\n<meta name=\"twitter:label1\" content=\"Becs\u00fclt olvas\u00e1si id\u0151\" \/>\n\t<meta name=\"twitter:data1\" content=\"2 perc\" \/>\n<script type=\"application\/ld+json\" class=\"yoast-schema-graph\">{\"@context\":\"https:\/\/schema.org\",\"@graph\":[{\"@type\":\"WebPage\",\"@id\":\"https:\/\/www.alliesofhumanity.org\/hu\/the-briefings\/book-one\/final-words\/\",\"url\":\"https:\/\/www.alliesofhumanity.org\/hu\/the-briefings\/book-one\/final-words\/\",\"name\":\"The Allies of Humanity Briefings, Book 1: Final Words\",\"isPartOf\":{\"@id\":\"https:\/\/www.alliesofhumanity.org\/hu\/#website\"},\"datePublished\":\"2021-05-13T22:17:01+00:00\",\"dateModified\":\"2025-12-27T00:40:20+00:00\",\"description\":\"Humanity is at a new beginning. It is faced with a grave situation. ET Contact is underway. The needs, challenges and opportunities are great\",\"breadcrumb\":{\"@id\":\"https:\/\/www.alliesofhumanity.org\/hu\/the-briefings\/book-one\/final-words\/#breadcrumb\"},\"inLanguage\":\"hu\",\"potentialAction\":[{\"@type\":\"ReadAction\",\"target\":[\"https:\/\/www.alliesofhumanity.org\/hu\/the-briefings\/book-one\/final-words\/\"]}]},{\"@type\":\"BreadcrumbList\",\"@id\":\"https:\/\/www.alliesofhumanity.org\/hu\/the-briefings\/book-one\/final-words\/#breadcrumb\",\"itemListElement\":[{\"@type\":\"ListItem\",\"position\":1,\"name\":\"Jelent\u00e9shez\",\"item\":\"https:\/\/www.alliesofhumanity.org\/hu\/the-briefings\/\"},{\"@type\":\"ListItem\",\"position\":2,\"name\":\"Els\u0151 k\u00f6nyv\",\"item\":\"https:\/\/www.alliesofhumanity.org\/hu\/the-briefings\/book-one\/\"},{\"@type\":\"ListItem\",\"position\":3,\"name\":\"Ut\u00f3sz\u00f3\"}]},{\"@type\":\"WebSite\",\"@id\":\"https:\/\/www.alliesofhumanity.org\/hu\/#website\",\"url\":\"https:\/\/www.alliesofhumanity.org\/hu\/\",\"name\":\"The Allies of Humanity\",\"description\":\"\",\"potentialAction\":[{\"@type\":\"SearchAction\",\"target\":{\"@type\":\"EntryPoint\",\"urlTemplate\":\"https:\/\/www.alliesofhumanity.org\/hu\/?s={search_term_string}\"},\"query-input\":{\"@type\":\"PropertyValueSpecification\",\"valueRequired\":true,\"valueName\":\"search_term_string\"}}],\"inLanguage\":\"hu\"}]}<\/script>\n<!-- \/ Yoast SEO plugin. -->","yoast_head_json":{"title":"The Allies of Humanity Briefings, Book 1: Final Words","description":"Humanity is at a new beginning. It is faced with a grave situation. ET Contact is underway. The needs, challenges and opportunities are great","robots":{"index":"index","follow":"follow","max-snippet":"max-snippet:-1","max-image-preview":"max-image-preview:large","max-video-preview":"max-video-preview:-1"},"canonical":"https:\/\/www.alliesofhumanity.org\/hu\/the-briefings\/book-one\/final-words\/","og_locale":"hu_HU","og_type":"article","og_title":"The Allies of Humanity Briefings, Book 1: Final Words","og_description":"Humanity is at a new beginning. It is faced with a grave situation. ET Contact is underway. The needs, challenges and opportunities are great","og_url":"https:\/\/www.alliesofhumanity.org\/hu\/the-briefings\/book-one\/final-words\/","og_site_name":"The Allies of Humanity","article_publisher":"https:\/\/www.facebook.com\/alliesofhumanity\/","article_modified_time":"2025-12-27T00:40:20+00:00","og_image":[{"width":1200,"height":630,"url":"https:\/\/www.alliesofhumanity.org\/wp-content\/uploads\/2021\/01\/og-socialmedia-aoh.jpg","type":"image\/jpeg"}],"twitter_card":"summary_large_image","twitter_title":"The Allies of Humanity Briefings, Book 1: Final Words","twitter_site":"@earthallies","twitter_misc":{"Becs\u00fclt olvas\u00e1si id\u0151":"2 perc"},"schema":{"@context":"https:\/\/schema.org","@graph":[{"@type":"WebPage","@id":"https:\/\/www.alliesofhumanity.org\/hu\/the-briefings\/book-one\/final-words\/","url":"https:\/\/www.alliesofhumanity.org\/hu\/the-briefings\/book-one\/final-words\/","name":"The Allies of Humanity Briefings, Book 1: Final Words","isPartOf":{"@id":"https:\/\/www.alliesofhumanity.org\/hu\/#website"},"datePublished":"2021-05-13T22:17:01+00:00","dateModified":"2025-12-27T00:40:20+00:00","description":"Humanity is at a new beginning. It is faced with a grave situation. ET Contact is underway. The needs, challenges and opportunities are great","breadcrumb":{"@id":"https:\/\/www.alliesofhumanity.org\/hu\/the-briefings\/book-one\/final-words\/#breadcrumb"},"inLanguage":"hu","potentialAction":[{"@type":"ReadAction","target":["https:\/\/www.alliesofhumanity.org\/hu\/the-briefings\/book-one\/final-words\/"]}]},{"@type":"BreadcrumbList","@id":"https:\/\/www.alliesofhumanity.org\/hu\/the-briefings\/book-one\/final-words\/#breadcrumb","itemListElement":[{"@type":"ListItem","position":1,"name":"Jelent\u00e9shez","item":"https:\/\/www.alliesofhumanity.org\/hu\/the-briefings\/"},{"@type":"ListItem","position":2,"name":"Els\u0151 k\u00f6nyv","item":"https:\/\/www.alliesofhumanity.org\/hu\/the-briefings\/book-one\/"},{"@type":"ListItem","position":3,"name":"Ut\u00f3sz\u00f3"}]},{"@type":"WebSite","@id":"https:\/\/www.alliesofhumanity.org\/hu\/#website","url":"https:\/\/www.alliesofhumanity.org\/hu\/","name":"The Allies of Humanity","description":"","potentialAction":[{"@type":"SearchAction","target":{"@type":"EntryPoint","urlTemplate":"https:\/\/www.alliesofhumanity.org\/hu\/?s={search_term_string}"},"query-input":{"@type":"PropertyValueSpecification","valueRequired":true,"valueName":"search_term_string"}}],"inLanguage":"hu"}]}},"_links":{"self":[{"href":"https:\/\/www.alliesofhumanity.org\/hu\/wp-json\/wp\/v2\/pages\/16959","targetHints":{"allow":["GET"]}}],"collection":[{"href":"https:\/\/www.alliesofhumanity.org\/hu\/wp-json\/wp\/v2\/pages"}],"about":[{"href":"https:\/\/www.alliesofhumanity.org\/hu\/wp-json\/wp\/v2\/types\/page"}],"author":[{"embeddable":true,"href":"https:\/\/www.alliesofhumanity.org\/hu\/wp-json\/wp\/v2\/users\/23"}],"replies":[{"embeddable":true,"href":"https:\/\/www.alliesofhumanity.org\/hu\/wp-json\/wp\/v2\/comments?post=16959"}],"version-history":[{"count":2,"href":"https:\/\/www.alliesofhumanity.org\/hu\/wp-json\/wp\/v2\/pages\/16959\/revisions"}],"predecessor-version":[{"id":24309,"href":"https:\/\/www.alliesofhumanity.org\/hu\/wp-json\/wp\/v2\/pages\/16959\/revisions\/24309"}],"up":[{"embeddable":true,"href":"https:\/\/www.alliesofhumanity.org\/hu\/wp-json\/wp\/v2\/pages\/16938"}],"wp:attachment":[{"href":"https:\/\/www.alliesofhumanity.org\/hu\/wp-json\/wp\/v2\/media?parent=16959"}],"curies":[{"name":"wp","href":"https:\/\/api.w.org\/{rel}","templated":true}]}}