{"id":16938,"date":"2021-05-13T22:41:25","date_gmt":"2021-05-13T21:41:25","guid":{"rendered":"https:\/\/www.alliesofhumanity.org\/the-briefings\/book-one\/"},"modified":"2025-12-27T01:46:37","modified_gmt":"2025-12-27T00:46:37","slug":"book-one","status":"publish","type":"page","link":"https:\/\/www.alliesofhumanity.org\/hu\/the-briefings\/book-one\/","title":{"rendered":"Els\u0151 k\u00f6nyv"},"content":{"rendered":"<h5>Az Emberis\u00e9g Sz\u00f6vets\u00e9gesei eligaz\u00edt\u00e1sok mindegyike ingyenesen el\u00e9rhet\u0151 online. Kezdje az utaz\u00e1st a Sz\u00f6vets\u00e9gesek els\u0151 k\u00f6nyv\u00e9vel.<\/h5>\n<p>T\u00f6bb mint h\u00fasz \u00e9vvel ezel\u0151tt, sz\u00e1mos k\u00fcl\u00f6nb\u00f6z\u0151 vil\u00e1gb\u00f3l sz\u00e1rmaz\u00f3 egy\u00e9nek csoportja gy\u0171lt \u00f6ssze a Naprendszer\u00fcnknek egy diszkr\u00e9t hely\u00e9n, a F\u00f6ld k\u00f6zel\u00e9ben, abb\u00f3l a c\u00e9lb\u00f3l, allies-coverhogy megfigyelj\u00e9k a vil\u00e1gunkban zajl\u00f3 alien l\u00e1togat\u00e1sokat&#8221;. Ez az \u0151 jelent\u00e9s\u00fck.<\/p>\n<p>Szerezzen be egy p\u00e9ld\u00e1nyt a k\u00f6nyvb\u0151l:<\/p>\n<ul>\n<li>Nyomtatott k\u00f6nyv: <a href=\"https:\/\/newknowledgelibrary.org\/books\/az-emberiseg-szovetsegesei-elso-konyv-the-allies-of-humanity-book-one-hungarian-edition\/\" target=\"_blank\" rel=\"noopener\">New Knowledge Library<\/a>, <a href=\"https:\/\/www.amazon.com\/Emberis%C3%A9g-Sz%C3%B6vets%C3%A9gesei-K%C3%96NYV-Allies-Humanity\/dp\/B0G1FL8793\" target=\"_blank\" rel=\"noopener\">Amazon US<\/a>, or <a href=\"https:\/\/www.amazon.pl\/Emberis%C3%A9g-Sz%C3%B6vets%C3%A9gesei-K%C3%96NYV-Allies-Humanity\/dp\/B0G1FL8793\" target=\"_blank\" rel=\"noopener\">Amazon Poland<\/a>.<\/li>\n<li>E-k\u00f6nyv: <a href=\"https:\/\/newknowledgelibrary.org\/e-books\/az-emberiseg-szovetsegesei-elso-konyv-allies-of-humanity-book-one-hungarian-ebook\/\" target=\"_blank\" rel=\"noopener\">New Knowledge Library<\/a>, <a href=\"https:\/\/books.apple.com\/us\/book\/az-emberis%C3%A9g-sz%C3%B6vets%C3%A9gesei-els%C5%91-k%C3%B6nyv-allies-of\/id6756802079\" target=\"_blank\" rel=\"noopener\">Apple Books<\/a> or <a href=\"https:\/\/play.google.com\/store\/books\/details\/Marshall_Vian_Summers_Az_Emberis%C3%A9g_Sz%C3%B6vets%C3%A9gesei_E?id=OFWhEQAAQBAJ\" target=\"_blank\" rel=\"noopener\">Google Play<\/a>.<\/li>\n<\/ul>\n<hr \/>\n<h5>Tartalomjegyz\u00e9k:<\/h5>\n<p><a href=\"alien-races-earth\">ELS\u0150 JELENT\u00c9S: A F\u00f6ld\u00f6nk\u00edv\u00fcliek Jelenl\u00e9te Ma a Vil\u00e1gban<\/a><\/p>\n<p><a href=\"human-freedom\">M\u00c1SODIK JELENT\u00c9S: Az Emberi Szabads\u00e1g Pr\u00f3bat\u00e9tele<\/a><\/p>\n<p><a href=\"the-visitors\">HARMADIK JELENT\u00c9S: A Nagy Figyelmeztet\u00e9s<\/a><\/p>\n<p><a href=\"false-second-coming\">NEGYEDIK JELENT\u00c9S: A Vall\u00e1si Hagyom\u00e1nyok \u00e9s Hitek Manipul\u00e1l\u00e1sa<\/a><\/p>\n<p><a href=\"threshold-alien-presence\">\u00d6T\u00d6DIK JELENT\u00c9S: K\u00fcsz\u00f6b: Egy \u00daj \u00cdg\u00e9ret az Emberis\u00e9gnek<\/a><\/p>\n<p><a href=\"questions-about-aliens\">HATODIK JELENT\u00c9S: K\u00e9rd\u00e9sek \u00e9s V\u00e1laszok<\/a><\/p>\n<p><a href=\"final-words\">UT\u00d3SZ\u00d3<\/a><\/p>\n<p>The Society for The New Message is now providing all four volumes of <em>The Allies of Humanity<\/em> online at no cost. We do this so that this message can reach as many people as possible, both at the grass roots and in positions of political, economic and religious power.<\/p>\n","protected":false},"excerpt":{"rendered":"<p>Az Emberis\u00e9g Sz\u00f6vets\u00e9gesei eligaz\u00edt\u00e1sok mindegyike ingyenesen el\u00e9rhet\u0151 online. Kezdje az utaz\u00e1st a Sz\u00f6vets\u00e9gesek els\u0151 k\u00f6nyv\u00e9vel. T\u00f6bb mint h\u00fasz \u00e9vvel ezel\u0151tt, sz\u00e1mos k\u00fcl\u00f6nb\u00f6z\u0151 vil\u00e1gb\u00f3l sz\u00e1rmaz\u00f3 egy\u00e9nek csoportja gy\u0171lt \u00f6ssze a Naprendszer\u00fcnknek egy diszkr\u00e9t hely\u00e9n, a F\u00f6ld k\u00f6zel\u00e9ben, abb\u00f3l a c\u00e9lb\u00f3l, allies-coverhogy megfigyelj\u00e9k a vil\u00e1gunkban zajl\u00f3 alien l\u00e1togat\u00e1sokat&#8221;. Ez az \u0151 jelent\u00e9s\u00fck. Szerezzen be egy p\u00e9ld\u00e1nyt a [&hellip;]<\/p>\n","protected":false},"author":25,"featured_media":0,"parent":16858,"menu_order":1,"comment_status":"closed","ping_status":"closed","template":"page-book-start.php","meta":{"_acf_changed":false,"footnotes":""},"class_list":["post-16938","page","type-page","status-publish","hentry"],"acf":[],"yoast_head":"<!-- This site is optimized with the Yoast SEO plugin v26.5 - https:\/\/yoast.com\/wordpress\/plugins\/seo\/ -->\n<title>Allies of Humanity Briefings, Book 1: About the Allies of Humanity<\/title>\n<meta name=\"description\" content=\"A group of individuals from several different worlds gathered at a discreet location near Earth, to observe and report the ET Intervention\" \/>\n<meta name=\"robots\" content=\"index, follow, max-snippet:-1, max-image-preview:large, max-video-preview:-1\" \/>\n<link rel=\"canonical\" href=\"https:\/\/www.alliesofhumanity.org\/hu\/the-briefings\/book-one\/\" \/>\n<meta property=\"og:locale\" content=\"hu_HU\" \/>\n<meta property=\"og:type\" content=\"article\" \/>\n<meta property=\"og:title\" content=\"Allies of Humanity Briefings, Book 1: About the Allies of Humanity\" \/>\n<meta property=\"og:description\" content=\"A group of individuals from several different worlds gathered at a discreet location near Earth, to observe and report the ET Intervention\" \/>\n<meta property=\"og:url\" content=\"https:\/\/www.alliesofhumanity.org\/hu\/the-briefings\/book-one\/\" \/>\n<meta property=\"og:site_name\" content=\"The Allies of Humanity\" \/>\n<meta property=\"article:publisher\" content=\"https:\/\/www.facebook.com\/alliesofhumanity\/\" \/>\n<meta property=\"article:modified_time\" content=\"2025-12-27T00:46:37+00:00\" \/>\n<meta property=\"og:image\" content=\"https:\/\/www.alliesofhumanity.org\/wp-content\/uploads\/2021\/01\/og-socialmedia-aoh.jpg\" \/>\n\t<meta property=\"og:image:width\" content=\"1200\" \/>\n\t<meta property=\"og:image:height\" content=\"630\" \/>\n\t<meta property=\"og:image:type\" content=\"image\/jpeg\" \/>\n<meta name=\"twitter:card\" content=\"summary_large_image\" \/>\n<meta name=\"twitter:title\" content=\"Allies of Humanity Briefings, Book 1: About the Allies of Humanity\" \/>\n<meta name=\"twitter:site\" content=\"@earthallies\" \/>\n<meta name=\"twitter:label1\" content=\"Becs\u00fclt olvas\u00e1si id\u0151\" \/>\n\t<meta name=\"twitter:data1\" content=\"1 perc\" \/>\n<script type=\"application\/ld+json\" class=\"yoast-schema-graph\">{\"@context\":\"https:\/\/schema.org\",\"@graph\":[{\"@type\":\"WebPage\",\"@id\":\"https:\/\/www.alliesofhumanity.org\/hu\/the-briefings\/book-one\/\",\"url\":\"https:\/\/www.alliesofhumanity.org\/hu\/the-briefings\/book-one\/\",\"name\":\"Allies of Humanity Briefings, Book 1: About the Allies of Humanity\",\"isPartOf\":{\"@id\":\"https:\/\/www.alliesofhumanity.org\/hu\/#website\"},\"datePublished\":\"2021-05-13T21:41:25+00:00\",\"dateModified\":\"2025-12-27T00:46:37+00:00\",\"description\":\"A group of individuals from several different worlds gathered at a discreet location near Earth, to observe and report the ET Intervention\",\"breadcrumb\":{\"@id\":\"https:\/\/www.alliesofhumanity.org\/hu\/the-briefings\/book-one\/#breadcrumb\"},\"inLanguage\":\"hu\",\"potentialAction\":[{\"@type\":\"ReadAction\",\"target\":[\"https:\/\/www.alliesofhumanity.org\/hu\/the-briefings\/book-one\/\"]}]},{\"@type\":\"BreadcrumbList\",\"@id\":\"https:\/\/www.alliesofhumanity.org\/hu\/the-briefings\/book-one\/#breadcrumb\",\"itemListElement\":[{\"@type\":\"ListItem\",\"position\":1,\"name\":\"Jelent\u00e9shez\",\"item\":\"https:\/\/www.alliesofhumanity.org\/hu\/the-briefings\/\"},{\"@type\":\"ListItem\",\"position\":2,\"name\":\"Els\u0151 k\u00f6nyv\"}]},{\"@type\":\"WebSite\",\"@id\":\"https:\/\/www.alliesofhumanity.org\/hu\/#website\",\"url\":\"https:\/\/www.alliesofhumanity.org\/hu\/\",\"name\":\"The Allies of Humanity\",\"description\":\"\",\"potentialAction\":[{\"@type\":\"SearchAction\",\"target\":{\"@type\":\"EntryPoint\",\"urlTemplate\":\"https:\/\/www.alliesofhumanity.org\/hu\/?s={search_term_string}\"},\"query-input\":{\"@type\":\"PropertyValueSpecification\",\"valueRequired\":true,\"valueName\":\"search_term_string\"}}],\"inLanguage\":\"hu\"}]}<\/script>\n<!-- \/ Yoast SEO plugin. -->","yoast_head_json":{"title":"Allies of Humanity Briefings, Book 1: About the Allies of Humanity","description":"A group of individuals from several different worlds gathered at a discreet location near Earth, to observe and report the ET Intervention","robots":{"index":"index","follow":"follow","max-snippet":"max-snippet:-1","max-image-preview":"max-image-preview:large","max-video-preview":"max-video-preview:-1"},"canonical":"https:\/\/www.alliesofhumanity.org\/hu\/the-briefings\/book-one\/","og_locale":"hu_HU","og_type":"article","og_title":"Allies of Humanity Briefings, Book 1: About the Allies of Humanity","og_description":"A group of individuals from several different worlds gathered at a discreet location near Earth, to observe and report the ET Intervention","og_url":"https:\/\/www.alliesofhumanity.org\/hu\/the-briefings\/book-one\/","og_site_name":"The Allies of Humanity","article_publisher":"https:\/\/www.facebook.com\/alliesofhumanity\/","article_modified_time":"2025-12-27T00:46:37+00:00","og_image":[{"width":1200,"height":630,"url":"https:\/\/www.alliesofhumanity.org\/wp-content\/uploads\/2021\/01\/og-socialmedia-aoh.jpg","type":"image\/jpeg"}],"twitter_card":"summary_large_image","twitter_title":"Allies of Humanity Briefings, Book 1: About the Allies of Humanity","twitter_site":"@earthallies","twitter_misc":{"Becs\u00fclt olvas\u00e1si id\u0151":"1 perc"},"schema":{"@context":"https:\/\/schema.org","@graph":[{"@type":"WebPage","@id":"https:\/\/www.alliesofhumanity.org\/hu\/the-briefings\/book-one\/","url":"https:\/\/www.alliesofhumanity.org\/hu\/the-briefings\/book-one\/","name":"Allies of Humanity Briefings, Book 1: About the Allies of Humanity","isPartOf":{"@id":"https:\/\/www.alliesofhumanity.org\/hu\/#website"},"datePublished":"2021-05-13T21:41:25+00:00","dateModified":"2025-12-27T00:46:37+00:00","description":"A group of individuals from several different worlds gathered at a discreet location near Earth, to observe and report the ET Intervention","breadcrumb":{"@id":"https:\/\/www.alliesofhumanity.org\/hu\/the-briefings\/book-one\/#breadcrumb"},"inLanguage":"hu","potentialAction":[{"@type":"ReadAction","target":["https:\/\/www.alliesofhumanity.org\/hu\/the-briefings\/book-one\/"]}]},{"@type":"BreadcrumbList","@id":"https:\/\/www.alliesofhumanity.org\/hu\/the-briefings\/book-one\/#breadcrumb","itemListElement":[{"@type":"ListItem","position":1,"name":"Jelent\u00e9shez","item":"https:\/\/www.alliesofhumanity.org\/hu\/the-briefings\/"},{"@type":"ListItem","position":2,"name":"Els\u0151 k\u00f6nyv"}]},{"@type":"WebSite","@id":"https:\/\/www.alliesofhumanity.org\/hu\/#website","url":"https:\/\/www.alliesofhumanity.org\/hu\/","name":"The Allies of Humanity","description":"","potentialAction":[{"@type":"SearchAction","target":{"@type":"EntryPoint","urlTemplate":"https:\/\/www.alliesofhumanity.org\/hu\/?s={search_term_string}"},"query-input":{"@type":"PropertyValueSpecification","valueRequired":true,"valueName":"search_term_string"}}],"inLanguage":"hu"}]}},"_links":{"self":[{"href":"https:\/\/www.alliesofhumanity.org\/hu\/wp-json\/wp\/v2\/pages\/16938","targetHints":{"allow":["GET"]}}],"collection":[{"href":"https:\/\/www.alliesofhumanity.org\/hu\/wp-json\/wp\/v2\/pages"}],"about":[{"href":"https:\/\/www.alliesofhumanity.org\/hu\/wp-json\/wp\/v2\/types\/page"}],"author":[{"embeddable":true,"href":"https:\/\/www.alliesofhumanity.org\/hu\/wp-json\/wp\/v2\/users\/25"}],"replies":[{"embeddable":true,"href":"https:\/\/www.alliesofhumanity.org\/hu\/wp-json\/wp\/v2\/comments?post=16938"}],"version-history":[{"count":3,"href":"https:\/\/www.alliesofhumanity.org\/hu\/wp-json\/wp\/v2\/pages\/16938\/revisions"}],"predecessor-version":[{"id":24311,"href":"https:\/\/www.alliesofhumanity.org\/hu\/wp-json\/wp\/v2\/pages\/16938\/revisions\/24311"}],"up":[{"embeddable":true,"href":"https:\/\/www.alliesofhumanity.org\/hu\/wp-json\/wp\/v2\/pages\/16858"}],"wp:attachment":[{"href":"https:\/\/www.alliesofhumanity.org\/hu\/wp-json\/wp\/v2\/media?parent=16938"}],"curies":[{"name":"wp","href":"https:\/\/api.w.org\/{rel}","templated":true}]}}