{"id":16936,"date":"2021-05-13T22:33:27","date_gmt":"2021-05-13T21:33:27","guid":{"rendered":"https:\/\/www.alliesofhumanity.org\/the-briefings\/12-point-summary-of-the-allies-of-humanity-briefings\/"},"modified":"2021-09-01T22:01:01","modified_gmt":"2021-09-01T21:01:01","slug":"12-point-summary-of-the-allies-of-humanity-briefings","status":"publish","type":"page","link":"https:\/\/www.alliesofhumanity.org\/hu\/the-briefings\/12-point-summary-of-the-allies-of-humanity-briefings\/","title":{"rendered":"12-pontos \u00f6sszefoglal\u00e1s"},"content":{"rendered":"\t\t<div data-elementor-type=\"wp-page\" data-elementor-id=\"16936\" class=\"elementor elementor-16936 elementor-2001\" data-elementor-post-type=\"page\">\t\t\t\t\t\t<section class=\"elementor-section elementor-top-section elementor-element elementor-element-28ebce47 elementor-section-boxed elementor-section-height-default elementor-section-height-default\" data-id=\"28ebce47\" data-element_type=\"section\">\t\t\t\t\t\t<div class=\"elementor-container elementor-column-gap-default\">\t\t\t\t\t<div class=\"elementor-column elementor-col-100 elementor-top-column elementor-element elementor-element-56ef9ab3\" data-id=\"56ef9ab3\" data-element_type=\"column\">\t\t\t<div class=\"elementor-widget-wrap elementor-element-populated\">\t\t\t\t\t\t<div class=\"elementor-element elementor-element-5c8d1469 elementor-widget elementor-widget-text-editor\" data-id=\"5c8d1469\" data-element_type=\"widget\" data-widget_type=\"text-editor.default\">\t\t\t\t<div class=\"elementor-widget-container\">\t\t\t\t\t\t\t\t\t<p>Hogy seg\u00edts\u00fcnk megosztani m\u00e1sokkal a Sz\u00f6vets\u00e9gesek \u00dczenet\u00e9t \u00e9s Jelent\u00e9s\u00e9t, hozz\u00e1csatoljuk ezt a t\u00edz-pontos \u00f6sszefoglal\u00f3t. Ez az \u00f6sszefoglal\u00f3 csak egy \u00e1ltal\u00e1nos \u00e1ttekint\u00e9s \u00e9s sok fontos r\u00e9szletet, ami teljess\u00e9 teheti a Sz\u00f6vets\u00e9gesek Jelent\u00e9s\u00e9nek meg\u00e9rt\u00e9s\u00e9t, nem tartalmaz.<\/p><ol><li>Az emberis\u00e9g sorsa, hogy beleolvadjon \u00e9s r\u00e9szese legyen az intelligens \u00e9let Nagyobb K\u00f6z\u00f6ss\u00e9g\u00e9nek a vil\u00e1gegyetemben.<\/li><li>A m\u00e1s intelligens \u00e9letform\u00e1val val\u00f3 kapcsolatfelv\u00e9tel jelenti a legnagyobb k\u00fcsz\u00f6b\u00f6t, amivel az emberis\u00e9gnek valaha szembe kellett n\u00e9znie. Ennek a Kapcsolatnak az eredm\u00e9nye fogja meghat\u00e1rozni az emberis\u00e9g j\u00f6v\u0151j\u00e9t az elk\u00f6vetkez\u0151 gener\u00e1ci\u00f3k sz\u00e1m\u00e1ra . Ez a Kapcsolat most van folyamatban.<\/li><li>Az emberis\u00e9g felk\u00e9sz\u00fcletlen a Kapcsolatra. A kutat\u00f3knak m\u00e9g mind\u00edg nem vil\u00e1gos, hogy kik l\u00e1togatj\u00e1k a vil\u00e1gunkat \u00e9s mi\u00e9rt. A korm\u00e1nyok nem t\u00e1rj\u00e1k fel amit tudnak, \u00e9s a legt\u00f6bb ember m\u00e9g mind\u00edg tagadja ezen jelens\u00e9gek el\u0151fordult\u00e1t.<\/li><li>Emiatt a felk\u00e9sz\u00fcletlens\u00e9g miatt, az emberis\u00e9g igazi sz\u00f6vets\u00e9gesei a F\u00f6ld k\u00f6zel\u00e9be k\u00e9pvisel\u0151ket k\u00fcldtek, hogy megfigyelj\u00e9k a f\u00f6ld\u00f6nk\u00edv\u00fcliek jelenl\u00e9t\u00e9t \u00e9s tev\u00e9kenys\u00e9g\u00e9t vil\u00e1gunkba. Az Emberis\u00e9g Sz\u00f6vets\u00e9geseinek Jelent\u00e9se tartalmazza riportjukat.<\/li><li>A t\u00e1j\u00e9koztat\u00f3b\u00f3l kider\u00fcl, hogy a vil\u00e1g egy f\u00f6ld\u00f6nk\u00edv\u00fcli Beavatkoz\u00e1son megy kereszt\u0171l olyan er\u0151k \u00e1ltal, akik az\u00e9rt j\u00f6ttek, amit a tetteikkel t\u00e1masztanak al\u00e1, hogy al\u00e1\u00e1s\u00e1k az emberi hatalmat \u00e9s beilleszkedjenek az emberi t\u00e1rsadalomba a saj\u00e1t \u00e9rdekeik v\u00e9gett. Ezek az er\u0151k nem hadi er\u0151ket k\u00e9pviselnek, \u0151k az emberi \u00e9s biol\u00f3giai er\u0151forr\u00e1sokat j\u00f6ttek felkutatni. A Sz\u00f6vets\u00e9gesek \u00fagy utalnak r\u00e1juk mint \u201eKollekt\u00edv\u00e1k\u201d. A Kollekt\u00edv\u00e1k nem \u00e9rt\u00e9kelik az emberi szabads\u00e1got.<\/li><li>Mivel a Beavatkoz\u00e1s kisebb csoportok ereje \u00e1ltal t\u00f6rt\u00e9nik, els\u0151sorban a megt\u00e9veszt\u00e9sre \u00e9s meggy\u0151z\u00e9sre kell hogy t\u00e1maszkodjanak c\u00e9ljuk el\u00e9r\u00e9s\u00e9ben. A Sz\u00f6vets\u00e9gesek Jelent\u00e9s\u00e9ben r\u00e9szletesen le van \u00edrva, hogy ez hogyan is val\u00f3sul meg \u00e9s mit kell tenni az\u00e9rt, hogy ezt meg\u00e1ll\u00edtsuk.<\/li><li>A f\u00f6ld\u00f6nk\u00edv\u00fcli beavatkoz\u00e1s n\u00e9gy k\u00fcl\u00f6nb\u00f6z\u0151 ter\u00fcletre \u00f6sszpontosul:<\/li><ul><li>Ez kihat\u00e1ssal van a hatalmi \u00e9s hat\u00f3s\u00e1gi pozici\u00f3ban l\u00e9v\u0151 egy\u00e9nekre, hogy eggy\u00fcttm\u0171k\u00f6djenek a Beavatkoz\u00e1ssal , nagyobb gazdags\u00e1got, hatalmat \u00e9s technol\u00f3gi\u00e1t \u00edgerve.<\/li><li>Rejtett l\u00e9tes\u00edtm\u00e9nyeket hozznak l\u00e9tre a vil\u00e1gban, ahonnan a Beavatkoz\u00e1s befoly\u00e1solni tudja a szellemi k\u00f6rnyezetet, rem\u00e9lve hogy az emberek nyitottak \u00e9s enged\u00e9kenyek lesznek akaratuknak a \u201eB\u00e9ke Programnak\u201d.<\/li><li>Manipul\u00e1lni a vall\u00e1si \u00e9rt\u00e9keket \u00e9s impulzusokat annak \u00e9rdek\u00e9ben ,hogy az emberi h\u0171s\u00e9get megszerezz\u00e9k c\u00e9ljuk el\u00e9r\u00e9s\u00e9hez.<\/li><li>Embereket visznek el akaratuk ellen\u00e9re \u00e9s sokszor tudatuk n\u00e9lk\u00fcl, hogy t\u00e1mogass\u00e1k a kevered\u00e9si programjukat, hogy egy \u00faj hybrid fajt hozzanak l\u00e9tre \u00e9s egy \u00faj vezet\u0151s\u00e9get , akik a \u201e l\u00e1togat\u00f3khoz\u201d lenn\u00e9nek elk\u00f6telezve.<\/li><\/ul><li>Azok a f\u00f6ld\u00f6nk\u00edv\u00fcli l\u00e1togat\u00f3k, akik potenci\u00e1lisan hasznosak lehetnek az emberis\u00e9g sz\u00e1m\u00e1ra m\u00e1r mind visszavonultak a Beavatkoz\u00e1s megkezdt\u00e9vel. Az itt maradt idegen fajok nem a mi \u00e9rdekeinket szolg\u00e1lj\u00e1k. Ez el\u00e9g egy\u00e9rtelm\u0171ve teszi a helyzetet a f\u00f6ld\u00f6nk\u00edv\u00fcli jelenl\u00e9ttel kapcsolatban. Ez lehet\u0151v\u00e9 teszi, hogy tiszt\u00e1n l\u00e1ssuk, mivel van dolgunk. Ellenkez\u0151 esetben lehetetelen lenne megmondani, hogy ki a bar\u00e1t \u00e9s ki az ellens\u00e9g.<\/li><li>A Sz\u00f6vets\u00e9gesek Jelent\u00e9se kihangs\u00falyozza annak a s\u00falyos vesz\u00e9ly\u00e9t , hogy elfogadjuk \u00e9s f\u00fcgg\u0151s\u00e9gbe ker\u00fcljunk a Beavatkoz\u00e1s \u00e1lltal k\u00edn\u00e1lt ET technol\u00f3gi\u00e1t\u00f3l. Ez csak a f\u00fcgg\u0151s\u00e9g\u00fcnket mutatn\u00e1 a \u201e l\u00e1togat\u00f3k\u201d fel\u00e9 \u00e9s ez a szabads\u00e1gunk \u00e9s \u00f6nell\u00e1t\u00e1sunk elveszt\u00e9s\u00e9vel j\u00e1rna. Semmilyen igaz sz\u00f6vets\u00e9gese az emberis\u00e9gnek nem tenne ilyen aj\u00e1nlatot. A Sz\u00f6vets\u00e9gesek kihangs\u00falyozz\u00e1k, hogy f\u00f6ldi megold\u00e1sok l\u00e9teznek a szemben\u00e1ll\u00f3 probl\u00e9m\u00e1kra. Amiben a fajunk hi\u00e1nyt szenved az az egys\u00e9g, az akarat \u00e9s az eggy\u00fcttm\u0171k\u00f6d\u00e9s.<\/li><li>Annak ellen\u00e9re, hogy most nagy kih\u00edv\u00e1ssal n\u00e9z\u00fcnk szembe, az emberis\u00e9gnek m\u00e9g mindig van egy nagy el\u0151nye, ha id\u0151ben tudunk v\u00e1laszolni. A Sz\u00f6vets\u00e9gesek Jelent\u00e9se bemutatja a Beavatkoz\u00f3k er\u0151ss\u00e9geit \u00e9s gyenges\u00e9geit is. A Beavatkoz\u00f3k egyik gyenges\u00e9ge, hogy az emberi belenyugv\u00e1sba \u00e9s eggy\u00fcttm\u0171k\u00f6d\u00e9sre t\u00e1maszkodnak c\u00e9ljuk el\u00e9r\u00e9s\u00e9ben. A Nagyobb K\u00f6z\u00f6ss\u00e9g magatart\u00e1si szab\u00e1lyai szerint, azon a k\u00f6rny\u00e9ken ahol a vil\u00e1gunk elhelyezkedik , a beavatkoz\u00e1s nem megengedett, k\u00edv\u00e9ve ha az \u0151shonos emberek sz\u00edvesen fogadj\u00e1k \u00e9s j\u00f3v\u00e1hagyj\u00e1k azt. Itt a mi hangunknak lehet hatalma a Nagyobb K\u00f6z\u00f6ss\u00e9gben. Ebben a pillanatban a Beavatkoz\u00e1snak kev\u00e9s kritikusa van. De ha el\u00e9g ember tudom\u00e1st szerez r\u00f3la \u00e9s felsz\u00f3lal ellene, akkor a Beavatkoz\u00e1s meghi\u00fasul \u00e9s vissza kell l\u00e9pni\u00fck. Ez a legels\u0151 l\u00e9p\u00e9s az emberis\u00e9g felk\u00e9sz\u00fcl\u00e9se \u00fatj\u00e1n, hogy a vil\u00e1gegyetemben val\u00f3 \u00e9let val\u00f3s\u00e1g\u00e1val foglalkozzon. Ez a l\u00e9p\u00e9s \u00e9s az elk\u00f6vetkezend\u0151 l\u00e9p\u00e9sek adj\u00e1k meg az emberis\u00e9g nagy lehet\u0151s\u00e9g\u00e9t, a r\u00e9g\u00f3ta fenn\u00e1ll\u00f3 konfliktusok felsz\u00e1mol\u00e1s\u00e1t illet\u0151en \u00e9s hogy egyes\u0171lj\u00f6n a saj\u00e1t v\u00e9delm\u00e9\u00e9rt \u00e9s a vil\u00e1g meg\u0151rz\u00e9s\u00e9\u00e9rt. A Sz\u00f6vets\u00e9gesek kihangs\u00falyozz\u00e1k, hogy nek\u00fcnk mint emberi l\u00e9nyeknek meg van a spiritu\u00e1lis \u00e9s kollekt\u00edv er\u0151nk ennek megt\u00e9tel\u00e9hez \u00e9s meg kell hogy tegy\u00fck, ha t\u00fal akarjuk \u00e9lni \u00e9s \u00fagy el\u0151re jutni mint egy szabad \u00e9s f\u00fcggetlen faj a Nagyobb K\u00f6z\u00f6ss\u00e9gben.<\/li><li>Preparation for our contact with the Greater Community begins with awareness, education, and Knowledge, our spiritual Mind.<\/li><li>In facing the Greater Community, humanity must build unity, self-sufficiency and discretion. These are the three requirements that all free nations must establish to be free in the universe.<\/li><\/ol><p style=\"text-align: center; padding-left: 120px;\">___________________________<\/p><p style=\"text-align: center; padding-left: 120px;\"><em>\u201cHa az emberis\u00e9g j\u00e1rtas lenne a Nagyobb K\u00f6z\u00f6ss\u00e9g \u00fcgyeiben,<br \/> akkor a vil\u00e1godban tett minden l\u00e1togat\u00e1snak ellen\u00e1lln\u00e1l,<br \/> kiv\u00e9ve ha ez k\u00f6z\u00f6s megegyez\u00e9s \u00e1ltal megalap\u00edtott.<br \/> Eleget tudn\u00e1l ahhoz, hogy nem engedn\u00e9d meg a vil\u00e1godnak,<br \/> hogy ilyen sebezhet\u0151 legyen.\u201d<\/em><\/p><p style=\"text-align: center; padding-left: 120px;\"><em><a href=\"https:\/\/www.alliesofhumanity.org\/hu\/the-briefings\/book-one\/\">Az Emberis\u00e9g Sz\u00f6vets\u00e9gesei Els\u0151 k\u00f6nyv<\/a>:<\/em> <a href=\"https:\/\/www.alliesofhumanity.org\/hu\/the-briefings\/book-one\/the-visitors\/\">HARMADIK JELENT\u00c9S<\/a><\/p><p style=\"text-align: center; padding-left: 120px;\"><strong><a href=\"https:\/\/www.alliesofhumanity.org\">www.AlliesofHumanity.org\/hu<\/a><\/strong><\/p>\t\t\t\t\t\t\t\t<\/div>\t\t\t\t<\/div>\t\t\t\t\t<\/div>\t\t<\/div>\t\t\t\t\t<\/div>\t\t<\/section>\t\t\t\t<\/div><p>\t\t<\/p>","protected":false},"excerpt":{"rendered":"<p>Hogy seg\u00edts\u00fcnk megosztani m\u00e1sokkal a Sz\u00f6vets\u00e9gesek \u00dczenet\u00e9t \u00e9s Jelent\u00e9s\u00e9t, hozz\u00e1csatoljuk ezt a t\u00edz-pontos \u00f6sszefoglal\u00f3t. Ez az \u00f6sszefoglal\u00f3 csak egy \u00e1ltal\u00e1nos \u00e1ttekint\u00e9s \u00e9s sok fontos r\u00e9szletet, ami teljess\u00e9 teheti a Sz\u00f6vets\u00e9gesek Jelent\u00e9s\u00e9nek meg\u00e9rt\u00e9s\u00e9t, nem tartalmaz. Az emberis\u00e9g sorsa, hogy beleolvadjon \u00e9s r\u00e9szese legyen az intelligens \u00e9let Nagyobb K\u00f6z\u00f6ss\u00e9g\u00e9nek a vil\u00e1gegyetemben. A m\u00e1s intelligens \u00e9letform\u00e1val val\u00f3 kapcsolatfelv\u00e9tel [&hellip;]<\/p>\n","protected":false},"author":2,"featured_media":0,"parent":16858,"menu_order":5,"comment_status":"closed","ping_status":"closed","template":"page.php","meta":{"_acf_changed":false,"footnotes":""},"class_list":["post-16936","page","type-page","status-publish","hentry"],"acf":[],"yoast_head":"<!-- This site is optimized with the Yoast SEO plugin v26.5 - https:\/\/yoast.com\/wordpress\/plugins\/seo\/ -->\n<title>12-Point Summary of The Allies of Humanity Briefings<\/title>\n<meta name=\"description\" content=\"A Summary of the Allies Briefings. Revealing the extraterrestrial alien presence in the world today and the requirements for ethical contact.\" \/>\n<meta name=\"robots\" content=\"index, follow, max-snippet:-1, max-image-preview:large, max-video-preview:-1\" \/>\n<link rel=\"canonical\" href=\"https:\/\/www.alliesofhumanity.org\/hu\/the-briefings\/12-point-summary-of-the-allies-of-humanity-briefings\/\" \/>\n<meta property=\"og:locale\" content=\"hu_HU\" \/>\n<meta property=\"og:type\" content=\"article\" \/>\n<meta property=\"og:title\" content=\"12-Point Summary of The Allies of Humanity Briefings\" \/>\n<meta property=\"og:description\" content=\"A Summary of the Allies Briefings. Revealing the extraterrestrial alien presence in the world today and the requirements for ethical contact.\" \/>\n<meta property=\"og:url\" content=\"https:\/\/www.alliesofhumanity.org\/hu\/the-briefings\/12-point-summary-of-the-allies-of-humanity-briefings\/\" \/>\n<meta property=\"og:site_name\" content=\"The Allies of Humanity\" \/>\n<meta property=\"article:publisher\" content=\"https:\/\/www.facebook.com\/alliesofhumanity\/\" \/>\n<meta property=\"article:modified_time\" content=\"2021-09-01T21:01:01+00:00\" \/>\n<meta property=\"og:image\" content=\"https:\/\/www.alliesofhumanity.org\/wp-content\/uploads\/2021\/01\/og-socialmedia-aoh.jpg\" \/>\n\t<meta property=\"og:image:width\" content=\"1200\" \/>\n\t<meta property=\"og:image:height\" content=\"630\" \/>\n\t<meta property=\"og:image:type\" content=\"image\/jpeg\" \/>\n<meta name=\"twitter:card\" content=\"summary_large_image\" \/>\n<meta name=\"twitter:title\" content=\"12-Point Summary of The Allies of Humanity Briefings\" \/>\n<meta name=\"twitter:site\" content=\"@earthallies\" \/>\n<meta name=\"twitter:label1\" content=\"Becs\u00fclt olvas\u00e1si id\u0151\" \/>\n\t<meta name=\"twitter:data1\" content=\"6 perc\" \/>\n<script type=\"application\/ld+json\" class=\"yoast-schema-graph\">{\"@context\":\"https:\/\/schema.org\",\"@graph\":[{\"@type\":\"WebPage\",\"@id\":\"https:\/\/www.alliesofhumanity.org\/hu\/the-briefings\/12-point-summary-of-the-allies-of-humanity-briefings\/\",\"url\":\"https:\/\/www.alliesofhumanity.org\/hu\/the-briefings\/12-point-summary-of-the-allies-of-humanity-briefings\/\",\"name\":\"12-Point Summary of The Allies of Humanity Briefings\",\"isPartOf\":{\"@id\":\"https:\/\/www.alliesofhumanity.org\/hu\/#website\"},\"datePublished\":\"2021-05-13T21:33:27+00:00\",\"dateModified\":\"2021-09-01T21:01:01+00:00\",\"description\":\"A Summary of the Allies Briefings. Revealing the extraterrestrial alien presence in the world today and the requirements for ethical contact.\",\"breadcrumb\":{\"@id\":\"https:\/\/www.alliesofhumanity.org\/hu\/the-briefings\/12-point-summary-of-the-allies-of-humanity-briefings\/#breadcrumb\"},\"inLanguage\":\"hu\",\"potentialAction\":[{\"@type\":\"ReadAction\",\"target\":[\"https:\/\/www.alliesofhumanity.org\/hu\/the-briefings\/12-point-summary-of-the-allies-of-humanity-briefings\/\"]}]},{\"@type\":\"BreadcrumbList\",\"@id\":\"https:\/\/www.alliesofhumanity.org\/hu\/the-briefings\/12-point-summary-of-the-allies-of-humanity-briefings\/#breadcrumb\",\"itemListElement\":[{\"@type\":\"ListItem\",\"position\":1,\"name\":\"Jelent\u00e9shez\",\"item\":\"https:\/\/www.alliesofhumanity.org\/hu\/the-briefings\/\"},{\"@type\":\"ListItem\",\"position\":2,\"name\":\"12-pontos \u00f6sszefoglal\u00e1s\"}]},{\"@type\":\"WebSite\",\"@id\":\"https:\/\/www.alliesofhumanity.org\/hu\/#website\",\"url\":\"https:\/\/www.alliesofhumanity.org\/hu\/\",\"name\":\"The Allies of Humanity\",\"description\":\"\",\"potentialAction\":[{\"@type\":\"SearchAction\",\"target\":{\"@type\":\"EntryPoint\",\"urlTemplate\":\"https:\/\/www.alliesofhumanity.org\/hu\/?s={search_term_string}\"},\"query-input\":{\"@type\":\"PropertyValueSpecification\",\"valueRequired\":true,\"valueName\":\"search_term_string\"}}],\"inLanguage\":\"hu\"}]}<\/script>\n<!-- \/ Yoast SEO plugin. -->","yoast_head_json":{"title":"12-Point Summary of The Allies of Humanity Briefings","description":"A Summary of the Allies Briefings. Revealing the extraterrestrial alien presence in the world today and the requirements for ethical contact.","robots":{"index":"index","follow":"follow","max-snippet":"max-snippet:-1","max-image-preview":"max-image-preview:large","max-video-preview":"max-video-preview:-1"},"canonical":"https:\/\/www.alliesofhumanity.org\/hu\/the-briefings\/12-point-summary-of-the-allies-of-humanity-briefings\/","og_locale":"hu_HU","og_type":"article","og_title":"12-Point Summary of The Allies of Humanity Briefings","og_description":"A Summary of the Allies Briefings. Revealing the extraterrestrial alien presence in the world today and the requirements for ethical contact.","og_url":"https:\/\/www.alliesofhumanity.org\/hu\/the-briefings\/12-point-summary-of-the-allies-of-humanity-briefings\/","og_site_name":"The Allies of Humanity","article_publisher":"https:\/\/www.facebook.com\/alliesofhumanity\/","article_modified_time":"2021-09-01T21:01:01+00:00","og_image":[{"width":1200,"height":630,"url":"https:\/\/www.alliesofhumanity.org\/wp-content\/uploads\/2021\/01\/og-socialmedia-aoh.jpg","type":"image\/jpeg"}],"twitter_card":"summary_large_image","twitter_title":"12-Point Summary of The Allies of Humanity Briefings","twitter_site":"@earthallies","twitter_misc":{"Becs\u00fclt olvas\u00e1si id\u0151":"6 perc"},"schema":{"@context":"https:\/\/schema.org","@graph":[{"@type":"WebPage","@id":"https:\/\/www.alliesofhumanity.org\/hu\/the-briefings\/12-point-summary-of-the-allies-of-humanity-briefings\/","url":"https:\/\/www.alliesofhumanity.org\/hu\/the-briefings\/12-point-summary-of-the-allies-of-humanity-briefings\/","name":"12-Point Summary of The Allies of Humanity Briefings","isPartOf":{"@id":"https:\/\/www.alliesofhumanity.org\/hu\/#website"},"datePublished":"2021-05-13T21:33:27+00:00","dateModified":"2021-09-01T21:01:01+00:00","description":"A Summary of the Allies Briefings. Revealing the extraterrestrial alien presence in the world today and the requirements for ethical contact.","breadcrumb":{"@id":"https:\/\/www.alliesofhumanity.org\/hu\/the-briefings\/12-point-summary-of-the-allies-of-humanity-briefings\/#breadcrumb"},"inLanguage":"hu","potentialAction":[{"@type":"ReadAction","target":["https:\/\/www.alliesofhumanity.org\/hu\/the-briefings\/12-point-summary-of-the-allies-of-humanity-briefings\/"]}]},{"@type":"BreadcrumbList","@id":"https:\/\/www.alliesofhumanity.org\/hu\/the-briefings\/12-point-summary-of-the-allies-of-humanity-briefings\/#breadcrumb","itemListElement":[{"@type":"ListItem","position":1,"name":"Jelent\u00e9shez","item":"https:\/\/www.alliesofhumanity.org\/hu\/the-briefings\/"},{"@type":"ListItem","position":2,"name":"12-pontos \u00f6sszefoglal\u00e1s"}]},{"@type":"WebSite","@id":"https:\/\/www.alliesofhumanity.org\/hu\/#website","url":"https:\/\/www.alliesofhumanity.org\/hu\/","name":"The Allies of Humanity","description":"","potentialAction":[{"@type":"SearchAction","target":{"@type":"EntryPoint","urlTemplate":"https:\/\/www.alliesofhumanity.org\/hu\/?s={search_term_string}"},"query-input":{"@type":"PropertyValueSpecification","valueRequired":true,"valueName":"search_term_string"}}],"inLanguage":"hu"}]}},"_links":{"self":[{"href":"https:\/\/www.alliesofhumanity.org\/hu\/wp-json\/wp\/v2\/pages\/16936","targetHints":{"allow":["GET"]}}],"collection":[{"href":"https:\/\/www.alliesofhumanity.org\/hu\/wp-json\/wp\/v2\/pages"}],"about":[{"href":"https:\/\/www.alliesofhumanity.org\/hu\/wp-json\/wp\/v2\/types\/page"}],"author":[{"embeddable":true,"href":"https:\/\/www.alliesofhumanity.org\/hu\/wp-json\/wp\/v2\/users\/2"}],"replies":[{"embeddable":true,"href":"https:\/\/www.alliesofhumanity.org\/hu\/wp-json\/wp\/v2\/comments?post=16936"}],"version-history":[{"count":2,"href":"https:\/\/www.alliesofhumanity.org\/hu\/wp-json\/wp\/v2\/pages\/16936\/revisions"}],"predecessor-version":[{"id":18793,"href":"https:\/\/www.alliesofhumanity.org\/hu\/wp-json\/wp\/v2\/pages\/16936\/revisions\/18793"}],"up":[{"embeddable":true,"href":"https:\/\/www.alliesofhumanity.org\/hu\/wp-json\/wp\/v2\/pages\/16858"}],"wp:attachment":[{"href":"https:\/\/www.alliesofhumanity.org\/hu\/wp-json\/wp\/v2\/media?parent=16936"}],"curies":[{"name":"wp","href":"https:\/\/api.w.org\/{rel}","templated":true}]}}