{"id":16855,"date":"2021-05-13T22:04:41","date_gmt":"2021-05-13T21:04:41","guid":{"rendered":"https:\/\/www.alliesofhumanity.org\/the-allies\/"},"modified":"2021-05-13T22:05:20","modified_gmt":"2021-05-13T21:05:20","slug":"the-allies","status":"publish","type":"page","link":"https:\/\/www.alliesofhumanity.org\/hu\/the-allies\/","title":{"rendered":"A Sz\u00f6vets\u00e9gesek"},"content":{"rendered":"\t\t<div data-elementor-type=\"wp-page\" data-elementor-id=\"16855\" class=\"elementor elementor-16855 elementor-758\" data-elementor-post-type=\"page\">\t\t\t\t\t\t<section class=\"elementor-section elementor-top-section elementor-element elementor-element-13aff578 elementor-section-full_width elementor-section-height-default elementor-section-height-default\" data-id=\"13aff578\" data-element_type=\"section\">\t\t\t\t\t\t<div class=\"elementor-container elementor-column-gap-default\">\t\t\t\t\t<div class=\"elementor-column elementor-col-100 elementor-top-column elementor-element elementor-element-73bd0eae\" data-id=\"73bd0eae\" data-element_type=\"column\">\t\t\t<div class=\"elementor-widget-wrap elementor-element-populated\">\t\t\t\t\t\t<div class=\"elementor-element elementor-element-0581c07 elementor-widget elementor-widget-text-editor\" data-id=\"0581c07\" data-element_type=\"widget\" data-widget_type=\"text-editor.default\">\t\t\t\t<div class=\"elementor-widget-container\">\t\t\t\t\t\t\t\t\t<h5>Az Emberis\u00e9g Sz\u00f6vets\u00e9gesei az\u00e9rt ker\u00fcl bemutat\u00e1sra, hogy felk\u00e9sz\u00edtse az embereket egy teljesen \u00faj val\u00f3s\u00e1gra, amely nagyr\u00e9szben el van rejtve \u00e9s nem ismert ma a vil\u00e1gban. Egy \u00faj megvil\u00e1g\u00edt\u00e1st ad, amely felhatalmazza az embereket, hogy szembe n\u00e9zzenek a legnagyobb kih\u00edv\u00e1ssal \u00e9s lehet\u0151s\u00e9ggel, amivel mi, mint egy faj valaha is tal\u00e1lkoztunk.<\/h5><p>A Sz\u00f6vets\u00e9gesek Jelent\u00e9se sz\u00e1mos kritikus, ha nem aggaszt\u00f3 kijelent\u00e9st tartalmaz az egyre n\u00f6vekv\u0151 f\u00f6ld\u00f6nk\u00edv\u00fcli beavatkoz\u00e1sr\u00f3l \u00e9s az emberi fajba val\u00f3 szerves beilleszked\u00e9s\u00fckr\u0151l, valamint a f\u00f6ld\u00f6nk\u00edv\u00fcliek tev\u00e9kenys\u00e9g\u00e9r\u0151l \u00e9s a rejtett terveikr\u0151l. A Sz\u00f6vets\u00e9gesek Jelent\u00e9s\u00e9nek nem az a c\u00e9lja, hogy a vil\u00e1gunkban l\u00e9v\u0151 ET val\u00f3s\u00e1gr\u00f3l k\u00e9zzelfoghat\u00f3 bizony\u00edt\u00e9kkal szolg\u00e1ljon, melyek ebben a t\u00e9m\u00e1ban m\u00e1r m\u00e1s kit\u0171n\u0151 k\u00f6nyvekben \u00e9s tudom\u00e1nyos foly\u00f3iratokban j\u00f3l dokument\u00e1ltak. A Sz\u00f6vets\u00e9gesek Jelent\u00e9s\u00e9nek az a c\u00e9lja, hogy tiszt\u00e1zza ezt a dr\u00e1mai \u00e9s messzemen\u0151 k\u00f6vetkezm\u00e9nyekkel j\u00e1r\u00f3 jelens\u00e9get, hogy az ezzel kapcsolatos emberi hajlamokat \u00e9s felt\u00e9telez\u00e9seket megfogalmazza \u00e9s pr\u00f3b\u00e1ra tegye, valamint hogy figyelmeztesse az emberi csal\u00e1dot a nagy k\u00fcsz\u00f6bre , ami most el\u00f6tt\u00fcnk \u00e1ll. A Jelent\u00e9sek bepillant\u00e1st ny\u00fajtanak a Vil\u00e1gegyetemben l\u00e9v\u0151 intelligens \u00e9let val\u00f3s\u00e1g\u00e1ba \u00e9s hogy val\u00f3j\u00e1ban ez a Kapcsolat mit fog jelenteni. Amit az Emberis\u00e9g Sz\u00f6vets\u00e9gesei felfednek, sok olvas\u00f3 sz\u00e1m\u00e1ra teljesen \u00faj lesz. M\u00e1sok sz\u00e1m\u00e1ra ez m\u00e1r a r\u00e9g\u00f3ta \u00e9rz\u00e9kelt \u00e9s tudott dolgok visszaigazol\u00e1sa lesz.<\/p><p>B\u00e1r ez a k\u00f6nyv egy s\u00fcrg\u0151s \u00fczenettel l\u00e1t el, de ugyanakkor egy magasabb tudatoss\u00e1g fel\u00e9 mozd\u00edt el, amit \u00fagy h\u00edvnak, hogy <a href=\"https:\/\/www.newmessage.org\/wiki\/Knowledge_Quotes\"><em>\u201eTud\u00e1s\u201d<\/em><\/a> mely mag\u00e1ba foglalja az emberek k\u00f6z\u00f6tt \u00e9s m\u00e1s fajok k\u00f6z\u00f6tti nagyobb telepatikus k\u00e9pess\u00e9get. Ennek a f\u00e9ny\u00e9ben, a Sz\u00f6vets\u00e9gesek Jelent\u00e9se a szerz\u0151nek, <a href=\"https:\/\/marshallsummers.com\">Marshall Vian Summers<\/a>-nek lett \u00e1tadva egy soknemzetis\u00e9g\u0171, f\u00f6ld\u00f6nk\u00edv\u00fcli csoport \u00e1ltal, akik magukra \u00fagy utalnak, mint az \u201eEmberis\u00e9g Sz\u00f6vets\u00e9gesei\u201d. Magukat m\u00e1s vil\u00e1gokb\u00f3l sz\u00e1rmaz\u00f3 fizikai l\u00e9nyeknek \u00edrj\u00e1k le, akik a naprenszer\u00fcnkben, a F\u00f6ld k\u00f6zel\u00e9ben gy\u0171ltek \u00f6ssze azzal a c\u00e9llal, hogy megfigyelj\u00e9k a kommunik\u00e1ci\u00f3jukat \u00e9s tev\u00e9kenys\u00e9geiket azoknak az alien fajoknak, akik itt a vil\u00e1gunkban az emberi \u00fcgyekbe beavatkoznak. Kihangs\u00falyozz\u00e1k, hogy \u0151k maguk fizikailag nincsenek jelen a vil\u00e1gunkban \u00e9s nem technol\u00f3gi\u00e1val \u00e9s beavatkoz\u00e1ssal, hanem sz\u00fcks\u00e9ges b\u00f6lcsess\u00e9ggel l\u00e1tnak el.<\/p><p>A Sz\u00f6vets\u00e9gesek Jelent\u00e9se egy \u00e9ves id\u0151tartam alatt lett a szerz\u0151nek \u00e1tadva. Egy olyan \u00f6sszetett t\u00e9m\u00e1ba ny\u00fajtanak betekint\u00e9st \u00e9s egy j\u00f6v\u0151k\u00e9pet, amely a t\u00f6bb \u00e9vtizedes tornyosul\u00f3 bizonyit\u00e9k ellen\u00e9re, tov\u00e1bbra is zavarba ejti a kutat\u00f3kat. M\u00e9gis a t\u00e9m\u00e1hoz val\u00f3 megk\u00f6zel\u00edt\u00e9si perspect\u00edv\u00e1ja nem romantikus, speculat\u00edv vagy idealista. \u00c9ppen ellenkez\u0151leg, kertel\u00e9s n\u00e9lk\u00fcl gyakorlatias \u00e9s megalkuv\u00e1st nem ismer\u0151, addig a pontig, hogy m\u00e9g a t\u00e9m\u00e1ban j\u00f3l j\u00e1ratos olvas\u00f3 sz\u00e1m\u00e1ra is nagy kih\u00edv\u00e1st jelenthet.<\/p><p>Ez\u00e9rt ahhoz, hogy \u00e1tvehess\u00fck azt, amit a Jelent\u00e9sek ny\u00fajtani tudnak, ez megk\u00edv\u00e1nja t\u0151l\u00fcnk, hogy legal\u00e1bb egy pillanatra felf\u00fcggessz\u00fck, a f\u00f6ld\u00f6nk\u00edv\u00fcli Kapcsolattal \u00e9s m\u00e9g a Jelent\u00e9sek \u00e1tv\u00e9tel\u00e9vel kapcsolatban is a lehets\u00e9ges hiedelmek, felt\u00e9telez\u00e9sek \u00e9s k\u00e9rd\u00e9sek sokas\u00e1g\u00e1t. E k\u00f6nyv tartalma olyan, mint egy vil\u00e1gon t\u00falr\u00f3l k\u00fcld\u00f6tt \u00fcvegbe z\u00e1rt \u00fczenet. Ek\u00e9ppen, nem az \u00fcveggel kellene annyira t\u00f6r\u0151dni, ink\u00e1bb mag\u00e1val az \u00fczenettel.<\/p><p>Ahhoz, hogy igaz\u00e1n meg\u00e9rts\u00fck ezt a kih\u00edv\u00e1st jelent\u0151 \u00fczenetet, szembe kell n\u00e9zn\u00fcnk \u00e9s meg kell k\u00e9rd\u0151jelezni a sz\u00e1mos fenn\u00e1ll\u00f3 felt\u00e9telez\u00e9st \u00e9s tendenci\u00e1t a Kapcsolatfelv\u00e9tel val\u00f3s\u00e1g\u00e1t \u00e9s lehets\u00e9gess\u00e9g\u00e9t illet\u0151en. Ezek a k\u00f6vetkez\u0151k:<\/p><ul><p class=\"float-left bleed-left\"><img decoding=\"async\" src=\"https:\/\/www.alliesofhumanity.org\/wp-content\/uploads\/2020\/06\/960x540-aoh-book-1.jpg\" alt=\"\" \/><\/p><li>tagad\u00e1s,<\/li><li>rem\u00e9nyteljes elv\u00e1r\u00e1sok,<\/li><li>a bizony\u00edt\u00e9kok f\u00e9lremagyar\u00e1z\u00e1sa, hogy hit\u00fcnket meger\u0151s\u00edts\u00fck,<\/li><li>a megv\u00e1lt\u00e1s akar\u00e1sa \u00e9s elv\u00e1r\u00e1sa a \u201el\u00e1togat\u00f3kt\u00f3l\u201d,<\/li><li>az a hit, hogy az ET technol\u00f3gia meg fog minket menteni,<\/li><li>rem\u00e9nytelens\u00e9g \u00e9s al\u00e1zatoss\u00e1g \u00e9rz\u00e9se azzal szemben, amit mi felettes er\u0151nek felt\u00e9telez\u00fcnk,<\/li><li>k\u00f6vetelni a korm\u00e1nyok felfed\u00e9s\u00e9t, de nem az ET val\u00f3s\u00e1g felfed\u00e9s\u00e9t,<\/li><li>emberi vezet\u0151k \u00e9s int\u00e9zm\u00e9nyek el\u00edt\u00e9l\u00e9se, mialatt k\u00e9ts\u00e9gbe sem vonva fenntartjuk a \u201el\u00e1togat\u00f3k\u201d elfogad\u00e1s\u00e1t,<\/li><li>azt felt\u00e9telezni , hogy az\u00e9rt mert nem t\u00e1madtak meg vagy nem rohantak le minket,<\/li><li>akkor biztos a mi \u00e9rdekeinket szolg\u00e1lj\u00e1k,<\/li><li>azt felt\u00e9telezni, hogy a fejlett technol\u00f3gia egyenl\u0151 a fejlett spiritualit\u00e1ssal \u00e9s etik\u00e1val,<\/li><li>azt hinni, hogy ez a jelens\u00e9g egy rejt\u00e9ly, amikor val\u00f3j\u00e1ban ez egy felfoghat\u00f3 esem\u00e9ny,<\/li><li>azt hinni, hogy a f\u00f6ld\u00f6nk\u00edv\u00fcliek valamilyen m\u00f3don jogosultak az emberis\u00e9gre \u00e9s erre a bolyg\u00f3ra,<\/li><li>\u00e9s abban hinni, hogy az emberis\u00e9g jav\u00edthatatlan \u00e9s saj\u00e1t maga \u00e1ltal erre k\u00e9ptelen.<\/li><\/ul><p>A Sz\u00f6vets\u00e9gesek Jelent\u00e9se pr\u00f3b\u00e1ra teszi ezeket a felt\u00e9telez\u00e9seket \u00e9s tendenci\u00e1kat, \u00e9s elosztlatja a jelenleg megl\u00e9v\u0151 sz\u00e1mos elk\u00e9pzel\u00e9seinket azzal kapcsolatban, hogy kik l\u00e1togatnak minket \u00e9s mi\u00e9rt vannak itt.<\/p><p>Az Emberis\u00e9g Sz\u00f6vets\u00e9geseinek Jelent\u00e9se a sorsunkr\u00f3l egy nagyobb betekint\u00e9st \u00e9s egy alaposabb meg\u00e9rt\u00e9st ny\u00fajt a Vil\u00e1gegyetemben l\u00e9v\u0151 intelligens \u00e9let sz\u00e9lesebb k\u00f6r\u0171 panor\u00e1m\u00e1j\u00e1n bel\u00fcl. Annak \u00e9rdek\u00e9ben, hogy ezt el\u00e9rhess\u00fck, a Sz\u00f6vets\u00e9gesek nem az analitikus elm\u00e9nhez sz\u00f3lnak, hanem a Tud\u00e1shoz, a l\u00e9ny\u00fcnk m\u00e9lyebb r\u00e9sz\u00e9hez, ahol az igazs\u00e1g, b\u00e1rmennyire be\u00e1rny\u00e9kolt is legyen, k\u00f6zvetlen\u00fcl \u00e9rz\u00e9kelhet\u0151 \u00e9s megtapasztalhat\u00f3.<\/p><p><em>Az Emberis\u00e9g Sz\u00f6vets\u00e9gesei<\/em> sz\u00e1mos olyan k\u00e9rd\u00e9st fog felvetni, amely tov\u00e1bbi kutat\u00e1st \u00e9s elm\u00e9lked\u00e9st fog megk\u00edv\u00e1nni. Nem arra \u00f6sszpontos\u00edt, hogy nevek, d\u00e1tumok \u00e9s helyek megad\u00e1s\u00e1val szolg\u00e1ljon, hanem arra, hogy kell\u0151 betekint\u00e9st ny\u00fajtson a vil\u00e1gban l\u00e9v\u0151 ET jelenl\u00e9tr\u0151l \u00e9s a Vil\u00e1gegyetemben l\u00e9v\u0151 \u00e9letr\u0151l, amelyr\u0151l nek\u00fcnk emberi l\u00e9nyeknek m\u00e1sk\u00fcl\u00f6nben nem lenne tudom\u00e1sunk. Mialatt m\u00e9g mindig elszigetelts\u00e9gben \u00e9l\u00fcnk a vil\u00e1gunk felsz\u00edn\u00e9n, m\u00e9g nem l\u00e1thatjuk \u00e9s nem tudhatjuk azt, hogy a hat\u00e1rainkon t\u00fal l\u00e9v\u0151 intelligens \u00e9letet illet\u0151en mi is t\u00f6rt\u00e9nik. Ehhez seg\u00edts\u00e9gre van sz\u00fcks\u00e9g\u00fcnk, egy nagyon k\u00fcl\u00f6nleges fajta seg\u00edts\u00e9gre. Lehet, hogy el\u0151sz\u00f6r ezt a fajta seg\u00edts\u00e9get m\u00e9g nem ismerj\u00fck fel vagy nem fogadjuk el. De ez m\u00e9gis itt van.<\/p><p>A Sz\u00f6vets\u00e9gesek kiny\u00edlv\u00e1nitott c\u00e9lja az, hogy az intelligens \u00e9let Nagyobb K\u00f6z\u00f6ss\u00e9g\u00e9be val\u00f3 felemelked\u00e9ssel j\u00e1r\u00f3 kock\u00e1zatokra figyelmeztessenek minket \u00e9s e nagy k\u00fcsz\u00f6b sikeres \u00e1tl\u00e9p\u00e9s\u00e9ben oly m\u00f3don legyenek seg\u00edts\u00e9g\u00fcnkre, mi\u00e1ltal az emberi szabads\u00e1got, \u00f6nrendelkez\u00e9st \u00e9s \u00f6n\u00e1ll\u00f3s\u00e1got meg tudjuk \u0151rizni.<\/p><p>A Sz\u00f6vets\u00e9gesek az\u00e9rt vannak itt, hogy tan\u00e1csolj\u00e1k az emberis\u00e9gnek a saj\u00e1t \u201e\u00c9rintkez\u00e9si Szab\u00e1lyaink\u201d l\u00e9trehozz\u00e1s\u00e1nak sz\u00fcks\u00e9g\u00e9t, ezen p\u00e9ld\u00e1tlan id\u0151k alatt. A Sz\u00f6vets\u00e9gesek szerint, ha b\u00f6lcsek vagyunk, felk\u00e9sz\u00fcltek \u00e9s egyes\u00fcltek, akkor mint egy \u00e9rett \u00e9s szabad fajk\u00e9nt lesz\u00fcnk k\u00e9pesek elfoglalni a Nagyobb K\u00f6z\u00f6ss\u00e9gben a nek\u00fcnk sz\u00e1nt hely\u00fcnket.<\/p><p>Az alatt az id\u0151 alatt, mik\u00f6zben e jelent\u00e9sek sorozata megt\u00f6rt\u00e9nt, a Sz\u00f6vets\u00e9gesek bizonyos kulcsfontoss\u00e1g\u00fa gondolatokat megism\u00e9teltek, melyeket \u00fagy \u00e9reztek, hogy elengedhetetlenek voltak sz\u00e1munkra a meg\u00e9rt\u00e9shez. A Jelent\u00e9sekben tal\u00e1lhat\u00f3 ism\u00e9tl\u00e9seket, a k\u00f6zl\u00e9s\u00fck sz\u00e1nd\u00e9ka \u00e9s a s\u00e9rtetlens\u00e9g\u00e9nek meg\u0151rz\u00e9se \u00e9rdek\u00e9ben megtartottuk. Mivel a Sz\u00f6vets\u00e9gesek \u00fczenete s\u00fcrg\u0151s \u00e9s mivel a vil\u00e1gban l\u00e9v\u0151 er\u0151k, melyek ellenezn\u00e9k ezt az \u00fczenetet, ezeknek az ism\u00e9tl\u00e9seknek meg van a b\u00f6lcsess\u00e9g\u00fck \u00e9s sz\u00fcks\u00e9g\u00fck.<\/p><p class=\"float-right bleed-right\"><img decoding=\"async\" src=\"https:\/\/www.alliesofhumanity.org\/wp-content\/uploads\/2020\/06\/960x540-aoh-book-2.jpg\" alt=\"\" \/><\/p><p>Az Emberis\u00e9g Sz\u00f6vets\u00e9gesei 2001-es k\u00f6z\u00e9t\u00e9tel\u00e9t k\u00f6vet\u0151en, a l\u00e9tfontoss\u00e1g\u00fa \u00fczenet\u00fck teljess\u00e9 t\u00e9tele \u00e9rdek\u00e9ben a Sz\u00f6vets\u00e9gesek adtak egy m\u00e1sodik Jelent\u00e9st is az emberis\u00e9gnek. Az Emberis\u00e9g Sz\u00f6vets\u00e9gesei M\u00e1sodik K\u00f6nyve, amely 2005-ben lett kiadva, meglep\u0151 \u00faj inform\u00e1ci\u00f3val szolg\u00e1l a mi helyb\u00e9li Vil\u00e1gegyetem\u00fcnkben l\u00e9v\u0151 fajok k\u00f6z\u00f6tti k\u00f6lcs\u00f6nhat\u00e1s\u00e1r\u00f3l \u00e9s azoknak a fajoknak a term\u00e9szet\u00e9r\u0151l, c\u00e9lj\u00e1r\u00f3l \u00e9s a legtitkosabb tev\u00e9kenys\u00e9geir\u0151l, akik az emberi \u00fcgyekbe beleavatkoznak. K\u00f6sz\u00f6net azoknak az olvas\u00f3knak, akik \u00e9rezt\u00e9k a Sz\u00f6vets\u00e9gesek \u00fczenet\u00e9nek s\u00fcrg\u0151ss\u00e9g\u00e9t \u00e9s a Jelent\u00e9seket m\u00e1s nyelvekre is leford\u00edtott\u00e1k, ez\u00e1ltal a Beavatkoz\u00e1sok val\u00f3s\u00e1g\u00e1t illet\u0151en l\u00e9tezik egy vil\u00e1gszerte t\u00e1gul\u00f3 tudatoss\u00e1g.<\/p><p>Mi, a New Knowledge K\u00f6nyvt\u00e1rn\u00e1l, \u00fagy v\u00e9lj\u00fck, hogy ez a k\u00e9t Jelent\u00e9s tartalmazza tal\u00e1n az egyik legfontosabb \u00fczenetet, ami ma a vil\u00e1gban k\u00f6z\u00f6lve lett. Az Emberis\u00e9g Sz\u00f6vets\u00e9gesei nem csak egy \u00fajabb k\u00f6nyv, amely az UFO\/ET jelens\u00e9gr\u0151l elm\u00e9lkedik. Ez egy val\u00f3di transzform\u00e1ci\u00f3s \u00fczenet, amely k\u00f6zvetlen\u0171l az alien Beavatkoz\u00e1s m\u00f6g\u00f6ttes c\u00e9lj\u00e1ra ir\u00e1nyul annak \u00e9rdek\u00e9ben, hogy megemelje a tudatoss\u00e1gi szintet, melyre sz\u00fcks\u00e9g\u00fcnk lesz, hogy szemben\u00e9zz\u00fcnk az el\u00f6tt\u00fcnk \u00e1ll\u00f3 kih\u00edv\u00e1sokkal \u00e9s lehet\u0151s\u00e9gekkel.<\/p><p><a title=\"Go to newmessage.org\" href=\"https:\/\/www.newmessage.org\/worldwide-community\/society\" target=\"_blank\" rel=\"noopener noreferrer\">The Society for the New Message<\/a><\/p>\t\t\t\t\t\t\t\t<\/div>\t\t\t\t<\/div>\t\t\t\t\t<\/div>\t\t<\/div>\t\t\t\t\t<\/div>\t\t<\/section>\t\t\t\t<\/div><p>\t\t<\/p>","protected":false},"excerpt":{"rendered":"<p>Az Emberis\u00e9g Sz\u00f6vets\u00e9gesei az\u00e9rt ker\u00fcl bemutat\u00e1sra, hogy felk\u00e9sz\u00edtse az embereket egy teljesen \u00faj val\u00f3s\u00e1gra, amely nagyr\u00e9szben el van rejtve \u00e9s nem ismert ma a vil\u00e1gban. Egy \u00faj megvil\u00e1g\u00edt\u00e1st ad, amely felhatalmazza az embereket, hogy szembe n\u00e9zzenek a legnagyobb kih\u00edv\u00e1ssal \u00e9s lehet\u0151s\u00e9ggel, amivel mi, mint egy faj valaha is tal\u00e1lkoztunk. A Sz\u00f6vets\u00e9gesek Jelent\u00e9se sz\u00e1mos kritikus, ha [&hellip;]<\/p>\n","protected":false},"author":2,"featured_media":0,"parent":0,"menu_order":1,"comment_status":"closed","ping_status":"closed","template":"page.php","meta":{"_acf_changed":false,"footnotes":""},"class_list":["post-16855","page","type-page","status-publish","hentry"],"acf":[],"yoast_head":"<!-- This site is optimized with the Yoast SEO plugin v26.5 - https:\/\/yoast.com\/wordpress\/plugins\/seo\/ -->\n<title>Introduction to the Allies of Humanity: Disclosing the ET Intervention<\/title>\n<meta name=\"description\" content=\"The Allies Briefings contain a number of critical if not alarming statements about the growing extraterrestrial intervention, and its agenda.\" \/>\n<meta name=\"robots\" content=\"index, follow, max-snippet:-1, max-image-preview:large, max-video-preview:-1\" \/>\n<link rel=\"canonical\" href=\"https:\/\/www.alliesofhumanity.org\/hu\/the-allies\/\" \/>\n<meta property=\"og:locale\" content=\"hu_HU\" \/>\n<meta property=\"og:type\" content=\"article\" \/>\n<meta property=\"og:title\" content=\"Introduction to the Allies of Humanity: Disclosing the ET Intervention\" \/>\n<meta property=\"og:description\" content=\"The Allies Briefings contain a number of critical if not alarming statements about the growing extraterrestrial intervention, and its agenda.\" \/>\n<meta property=\"og:url\" content=\"https:\/\/www.alliesofhumanity.org\/hu\/the-allies\/\" \/>\n<meta property=\"og:site_name\" content=\"The Allies of Humanity\" \/>\n<meta property=\"article:publisher\" content=\"https:\/\/www.facebook.com\/alliesofhumanity\/\" \/>\n<meta property=\"article:modified_time\" content=\"2021-05-13T21:05:20+00:00\" \/>\n<meta property=\"og:image\" content=\"https:\/\/www.alliesofhumanity.org\/wp-content\/uploads\/2021\/01\/og-socialmedia-aoh.jpg\" \/>\n\t<meta property=\"og:image:width\" content=\"1200\" \/>\n\t<meta property=\"og:image:height\" content=\"630\" \/>\n\t<meta property=\"og:image:type\" content=\"image\/jpeg\" \/>\n<meta name=\"twitter:card\" content=\"summary_large_image\" \/>\n<meta name=\"twitter:title\" content=\"Introduction to the Allies of Humanity: Disclosing the ET Intervention\" \/>\n<meta name=\"twitter:site\" content=\"@earthallies\" \/>\n<meta name=\"twitter:label1\" content=\"Becs\u00fclt olvas\u00e1si id\u0151\" \/>\n\t<meta name=\"twitter:data1\" content=\"9 perc\" \/>\n<script type=\"application\/ld+json\" class=\"yoast-schema-graph\">{\"@context\":\"https:\/\/schema.org\",\"@graph\":[{\"@type\":\"WebPage\",\"@id\":\"https:\/\/www.alliesofhumanity.org\/hu\/the-allies\/\",\"url\":\"https:\/\/www.alliesofhumanity.org\/hu\/the-allies\/\",\"name\":\"Introduction to the Allies of Humanity: Disclosing the ET Intervention\",\"isPartOf\":{\"@id\":\"https:\/\/www.alliesofhumanity.org\/hu\/#website\"},\"datePublished\":\"2021-05-13T21:04:41+00:00\",\"dateModified\":\"2021-05-13T21:05:20+00:00\",\"description\":\"The Allies Briefings contain a number of critical if not alarming statements about the growing extraterrestrial intervention, and its agenda.\",\"inLanguage\":\"hu\",\"potentialAction\":[{\"@type\":\"ReadAction\",\"target\":[\"https:\/\/www.alliesofhumanity.org\/hu\/the-allies\/\"]}]},{\"@type\":\"WebSite\",\"@id\":\"https:\/\/www.alliesofhumanity.org\/hu\/#website\",\"url\":\"https:\/\/www.alliesofhumanity.org\/hu\/\",\"name\":\"The Allies of Humanity\",\"description\":\"\",\"potentialAction\":[{\"@type\":\"SearchAction\",\"target\":{\"@type\":\"EntryPoint\",\"urlTemplate\":\"https:\/\/www.alliesofhumanity.org\/hu\/?s={search_term_string}\"},\"query-input\":{\"@type\":\"PropertyValueSpecification\",\"valueRequired\":true,\"valueName\":\"search_term_string\"}}],\"inLanguage\":\"hu\"}]}<\/script>\n<!-- \/ Yoast SEO plugin. -->","yoast_head_json":{"title":"Introduction to the Allies of Humanity: Disclosing the ET Intervention","description":"The Allies Briefings contain a number of critical if not alarming statements about the growing extraterrestrial intervention, and its agenda.","robots":{"index":"index","follow":"follow","max-snippet":"max-snippet:-1","max-image-preview":"max-image-preview:large","max-video-preview":"max-video-preview:-1"},"canonical":"https:\/\/www.alliesofhumanity.org\/hu\/the-allies\/","og_locale":"hu_HU","og_type":"article","og_title":"Introduction to the Allies of Humanity: Disclosing the ET Intervention","og_description":"The Allies Briefings contain a number of critical if not alarming statements about the growing extraterrestrial intervention, and its agenda.","og_url":"https:\/\/www.alliesofhumanity.org\/hu\/the-allies\/","og_site_name":"The Allies of Humanity","article_publisher":"https:\/\/www.facebook.com\/alliesofhumanity\/","article_modified_time":"2021-05-13T21:05:20+00:00","og_image":[{"width":1200,"height":630,"url":"https:\/\/www.alliesofhumanity.org\/wp-content\/uploads\/2021\/01\/og-socialmedia-aoh.jpg","type":"image\/jpeg"}],"twitter_card":"summary_large_image","twitter_title":"Introduction to the Allies of Humanity: Disclosing the ET Intervention","twitter_site":"@earthallies","twitter_misc":{"Becs\u00fclt olvas\u00e1si id\u0151":"9 perc"},"schema":{"@context":"https:\/\/schema.org","@graph":[{"@type":"WebPage","@id":"https:\/\/www.alliesofhumanity.org\/hu\/the-allies\/","url":"https:\/\/www.alliesofhumanity.org\/hu\/the-allies\/","name":"Introduction to the Allies of Humanity: Disclosing the ET Intervention","isPartOf":{"@id":"https:\/\/www.alliesofhumanity.org\/hu\/#website"},"datePublished":"2021-05-13T21:04:41+00:00","dateModified":"2021-05-13T21:05:20+00:00","description":"The Allies Briefings contain a number of critical if not alarming statements about the growing extraterrestrial intervention, and its agenda.","inLanguage":"hu","potentialAction":[{"@type":"ReadAction","target":["https:\/\/www.alliesofhumanity.org\/hu\/the-allies\/"]}]},{"@type":"WebSite","@id":"https:\/\/www.alliesofhumanity.org\/hu\/#website","url":"https:\/\/www.alliesofhumanity.org\/hu\/","name":"The Allies of Humanity","description":"","potentialAction":[{"@type":"SearchAction","target":{"@type":"EntryPoint","urlTemplate":"https:\/\/www.alliesofhumanity.org\/hu\/?s={search_term_string}"},"query-input":{"@type":"PropertyValueSpecification","valueRequired":true,"valueName":"search_term_string"}}],"inLanguage":"hu"}]}},"_links":{"self":[{"href":"https:\/\/www.alliesofhumanity.org\/hu\/wp-json\/wp\/v2\/pages\/16855","targetHints":{"allow":["GET"]}}],"collection":[{"href":"https:\/\/www.alliesofhumanity.org\/hu\/wp-json\/wp\/v2\/pages"}],"about":[{"href":"https:\/\/www.alliesofhumanity.org\/hu\/wp-json\/wp\/v2\/types\/page"}],"author":[{"embeddable":true,"href":"https:\/\/www.alliesofhumanity.org\/hu\/wp-json\/wp\/v2\/users\/2"}],"replies":[{"embeddable":true,"href":"https:\/\/www.alliesofhumanity.org\/hu\/wp-json\/wp\/v2\/comments?post=16855"}],"version-history":[{"count":1,"href":"https:\/\/www.alliesofhumanity.org\/hu\/wp-json\/wp\/v2\/pages\/16855\/revisions"}],"predecessor-version":[{"id":16857,"href":"https:\/\/www.alliesofhumanity.org\/hu\/wp-json\/wp\/v2\/pages\/16855\/revisions\/16857"}],"wp:attachment":[{"href":"https:\/\/www.alliesofhumanity.org\/hu\/wp-json\/wp\/v2\/media?parent=16855"}],"curies":[{"name":"wp","href":"https:\/\/api.w.org\/{rel}","templated":true}]}}