{"id":12451,"date":"2021-02-10T00:09:33","date_gmt":"2021-02-09T23:09:33","guid":{"rendered":"https:\/\/www.alliesofhumanity.org\/the-briefings\/book-four\/allies-free-races\/"},"modified":"2024-03-11T07:51:02","modified_gmt":"2024-03-11T06:51:02","slug":"allies-free-races","status":"publish","type":"page","link":"https:\/\/www.alliesofhumanity.org\/hr\/the-briefings\/book-four\/allies-free-races\/","title":{"rendered":"Prvo Izvje\u0161\u0107e: TKO SMO MI I \u0160TO PREDSTAVLJAMO"},"content":{"rendered":"\t\t<div data-elementor-type=\"wp-page\" data-elementor-id=\"12451\" class=\"elementor elementor-12451 elementor-2524\" data-elementor-post-type=\"page\">\t\t\t\t\t\t<section class=\"elementor-section elementor-top-section elementor-element elementor-element-589e791f elementor-section-boxed elementor-section-height-default elementor-section-height-default\" data-id=\"589e791f\" data-element_type=\"section\">\t\t\t\t\t\t<div class=\"elementor-container elementor-column-gap-default\">\t\t\t\t\t<div class=\"elementor-column elementor-col-100 elementor-top-column elementor-element elementor-element-731f30e9\" data-id=\"731f30e9\" data-element_type=\"column\">\t\t\t<div class=\"elementor-widget-wrap elementor-element-populated\">\t\t\t\t\t\t<div class=\"elementor-element elementor-element-0caffee elementor-widget elementor-widget-text-editor\" data-id=\"0caffee\" data-element_type=\"widget\" data-widget_type=\"text-editor.default\">\t\t\t\t<div class=\"elementor-widget-container\">\t\t\t\t\t\t\t\t\tDajemo pozdrave. Mi smo Saveznici \u010covje\u010danstva, ovdje kako bismo opet pri\u010dali s vama nakon duge zadr\u0161ke. Sada smo daleko od va\u0161eg svijeta, a udaljeni smo ve\u0107 neko vrijeme. Ali mnogo je toga \u0161to vam mo\u017eemo priop\u0107iti \u0161to \u0107e biti od velikog zna\u010daja i va\u017enosti za va\u0161u budu\u0107nost i za va\u0161u mogu\u0107nost rasta i postajanja slobodne rase u svemiru, gdje je prava sloboda toliko jako rijetka.\r\rGovorimo u ime onih slobodnih rasa koji \u017eive me\u0111u mnogim drugima koje nisu slobodne. Ali ne predstavljamo njihove vlade ovdje. Umjesto toga, poslani smo od strane Vi\u0161ih Sila iz duhovne sfere kako bismo dali ova Izvje\u0161\u0107a \u010dovje\u010danstvu.\r\r<p>Dolazimo iz nekoliko nacija radi ove svrhe i ujedinjeni smo u na\u0161em cilju. Ne\u0107ete znati na\u0161a imena niti imena na\u0161ih svjetova, jer moraju ostati skrivena. Jednom kad po\u010dnete shva\u0107ati stvarnosti \u017eivota u Ve\u0107oj Zajednici u svemiru, biti \u0107ete u stanju razumjeti za\u0161to ova diskrecija mora biti primijenjena.\r<\/p><p>\r<\/p><p>Vi koji sve oda\u0161iljete u svemir oko sebe \u0107ete morati shvatiti, da, kako biste bili slobodni, morate biti diskretni. Za \u010dovje\u010danstvo je to velika lekcija za nau\u010diti, dok stoji na pragu svemira punog inteligentnim \u017eivotom.\r<\/p><p>\r<\/p><p class=\"image-quote float-right\"><img decoding=\"async\" src=\"https:\/\/www.alliesofhumanity.org\/wp-content\/uploads\/2020\/12\/quote-book4-briefing1-1.png\" alt=\"\" \/><\/p><blockquote id=\"quote-2\" class=\"text-quote float-right bg-red\">Govorimo u ime onih slobodnih rasa koji \u017eive me\u0111u mnogim drugima koje nisu slobodne. Ali ne predstavljamo njihove vlade ovdje. Umjesto toga, poslani smo od strane Vi\u0161ih Sila iz duhovne sfere kako bismo dali ova Izvje\u0161\u0107a \u010dovje\u010danstvu.<\/blockquote><p>Mi smo ovdje kako bismo vas savjetovali i pru\u017eili vam perspektivu te ispravili mnoge od va\u0161ih pretpostavki ili uvjerenja koja bi mogla ugroziti va\u0161u sposobnost da razumijete svoju situaciju i veliki izazov Intervencije u va\u0161em svijetu s kojim ste sada suo\u010deni, koja dolazi izvana, od strane drugih rasa koje su ovdje kako bi iskoristile va\u0161u slabost, va\u0161u podjelu, i va\u0161a praznovjerja za vlastite svrhe \u2013 kako bi uspostavili svoju prednost u ovom svijetu bez uporabe sile.\r<\/p><p>\r<\/p><p>Govorili smo o ovome naveliko u na\u0161im prija\u0161njim Izvje\u0161\u0107ima. No sada vam moramo pri\u010dati o nekim drugim stvarima koje su bitne za znati u vezi zna\u010denja slobode u ovom svemiru \u2013 \u0161to \u0107e zna\u010diti za va\u0161 svijet, o velikoj promjeni koju \u0107e unijeti u va\u0161e shva\u0107anje, o ve\u0107em jedinstvu koju \u0107e zahtijevati me\u0111u va\u0161im nacijama.\r<\/p><p>\r<\/p><p>Jer ne\u0107ete ostati slobodan svijet ako nastavite svoju me\u0111usobnu borbu \u2013 svoje nesuglasje, svoje nadmetanje, svoje nasilje, svoje ratove. Bore\u0107i se me\u0111u sobom, nemate pojam o prisutnosti onih koji interveniraju, ili o mnogim o\u010dima u va\u0161em lokalnom svemiru koje vas promatraju, te o svim pogre\u0161kama \u010dovje\u010danstva koje se oda\u0161ilju u svemir da ih diskretni promatra\u010d mo\u017ee vidjeti \u2013 va\u0161a plemena koja me\u0111usobno ratuju u prekrasnom svijetu kojeg drugi \u017eele. I iako nema mnogo drugih rasa ili nacija koje su svjesne va\u0161eg postojanja, izazov je i dalje vrlo velik, vrlo stvaran, i raste cijelo vrijeme.\r<\/p><p>\r<\/p><p>Stoga sada moramo govoriti o stvarima vezanima za va\u0161u budu\u0107nost, koje imaju veze s mogu\u0107no\u0161\u0107u \u010dovje\u010danstva da postane slobodna rasa u svemiru gdje je konkurencija dosegla ve\u0107e razine nego \u0161to razumijete.\r<\/p><p>\r<\/p><p>Dajemo ovo s velikim po\u0161tovanjem prema \u010dovje\u010danstvu jer ste odr\u017eali va\u0161e religijske tradicije \u017eivima, a mo\u0107 Znanja unutar pojedinca je i dalje prepoznata i uva\u017eena ovdje, dok je izgubljena ili zaboravljena ili nikada nije realizirana na toliko mnogo drugih mjesta. Jer velike tehnolo\u0161ke nacije u va\u0161oj lokalnoj regiji svemira su ve\u0107inom li\u0161ene religije, duhovnosti i vi\u0161e etike koje vi jo\u0161 uvijek smatrate vrijednima, koje mi tako\u0111er cijenimo.\r<\/p><p>\r<\/p><p>Stojite na velikoj prekretnici gdje \u0107ete pasti u pod\u010dinjenost stranim silama ili \u0107ete se uzdi\u0107i iz svojih neprestanih sukoba i uspostaviti se kao slobodna nacija. Dali smo mnogo mudrosti i perspektive o ovome u na\u0161im prija\u0161njim Izvje\u0161tajima. Ali sada vam moramo re\u0107i \u0161to sloboda zna\u010di i \u0161to \u0107e zahtijevati od va\u0161ih nacija i va\u0161ih naroda.\r<\/p><p>\r<\/p><p class=\"image-quote float-right\"><img decoding=\"async\" src=\"https:\/\/www.alliesofhumanity.org\/wp-content\/uploads\/2020\/12\/quote-book4-briefing1-2.png\" alt=\"\" \/><\/p><blockquote id=\"quote-4\" class=\"text-quote float-right bg-black\">Jer osvajanje nije dopu\u0161teno u ovoj regiji svemira. Govorili smo o ovome naveliko ranije. No mora se ponoviti, jer \u010dovje\u010danstvo je i dalje vrlo ratobornog i natjecateljskog stava. <\/blockquote><p>Dok su svjetovi razli\u010diti i jedinstveni na mnoge na\u010dine, uvjeti za slobodu u svemiru su jednaki za sve. Morate razumjeti ove uvjete i ne ih zanemariti na bilo kakav na\u010din.\r<\/p><p>\r<\/p><p>Jer mir me\u0111u va\u0161im nacijama nije samo prestanak ratovanja i sukoba. To mora biti priprema za ve\u0107e sudjelovanje i ve\u0107i skup izazova s kojim je va\u0161 svijet sada suo\u010den a s kojima \u0107e biti sve vi\u0161e suo\u010den kako idete naprijed.\r<\/p><p>\r<\/p><p>Va\u0161a je sloboda sada sa\u010duvati svijet, izolirati svijet od onih sila koje \u0107e poku\u0161ati intervenirati ovdje, kroz fizi\u010dki okoli\u0161 a tako\u0111er i kroz psihi\u010dko okru\u017eenje.\r<\/p><p>\r<\/p><p>Sloboda koja \u0107e zahtijevati suradnju va\u0161ih nacija tako\u0111er \u0107e zahtijevati da ne bude velikog nesuglasja, jer utjecaj izvana, iz Velike Zajednice, \u0107e te\u017eiti poticanju nesuglasja, kao \u0161to sada \u010dini. Nastojati \u0107e oslabiti najsna\u017enije nacije uple\u0107u\u0107i ih u beskona\u010dne i uporne sukobe i nadmetanja. Nastojati \u0107e oslabiti vjeru ljudi u vlastite vlade i institucije, kao \u0161to se sada de\u0161ava.\r<\/p><p>\r<\/p><p>Snaga ljudskog vodstva i institucija mora oja\u010dati u budu\u0107nosti i postati slo\u017enija izme\u0111u nacija te diljem nacija. Jer ono \u0161to \u0107e ujediniti \u010dovje\u010danstvo je izazov Ve\u0107e Zajednice. Ono \u0161to \u0107e zahtijevati suradnju biti \u0107e prijetnja Intervencije izvana. Ono \u0161to \u0107e uzdi\u0107i \u010dovje\u010danstvo u svojem jedinstvu i svrsi je njegovo pojavljivanje u ovoj ve\u0107oj areni inteligentnog \u017eivota.\r<\/p><p>\r<\/p><p class=\"image-quote float-right\"><img decoding=\"async\" src=\"https:\/\/www.alliesofhumanity.org\/wp-content\/uploads\/2020\/12\/quote-book4-briefing1-3.png\" alt=\"\" \/><\/p><blockquote id=\"quote-6\" class=\"text-quote float-right bg-red\">Nekoliko slobodnih rasa u va\u0161em dijelu svemira biti jedini koji \u0107e vas cijeniti radi ve\u0107ih razloga i radi vi\u0161ih svrha.<\/blockquote><p>Sloboda ovdje nije sloboda za biti kaoti\u010dan ili sloboda za raspasti se na individualisti\u010dke svrhe i potrage samo. Ve\u0107 sloboda za izolirati i za\u0161tititi va\u0161 svijet od ve\u0107ih tehnolo\u0161kih sila koje postoje oko vas, koje \u0107e vas nastojati pridobiti i podijeliti na suptilan na\u010din.\r<\/p><p>\r<\/p><p>Jer osvajanje nije dopu\u0161teno u ovoj regiji svemira. Govorili smo o ovome naveliko ranije. No mora se ponoviti, jer \u010dovje\u010danstvo je i dalje vrlo ratobornog i natjecateljskog stava. Razmi\u0161ljati \u0107e o Intervenciji u ratnim terminima. Ali niti jedna interventna rasa ili grupa ne nastoji uni\u0161titi resurse ovog svijeta ili svoju nadu da \u0107e \u010dovje\u010danstvo postati radna snaga \u2013 suglasna i odana njima. Sada morate po\u010deti razmi\u0161ljati na nove na\u010dine, jer utjecaj je u Ve\u0107oj Zajednici mo\u0107an. To je prag koji vas sada o\u010dekuje.\r<\/p><p>\r<\/p><p>Va\u0161a sloboda u svijetu, ako \u0107ete je uspjeti ostvariti i zadr\u017eati, ograni\u010diti \u0107e slobodu pojedinca iz nu\u017ede. Jer svi \u0107e gra\u0111ani svijeta morati biti predani za\u0161titi svijeta. To \u0107e biti osnovno. Iako jednom kada po\u010dnete primje\u0107ivati krakove Intervencije u svijetu sada a i u budu\u0107nosti, ovo \u0107e shva\u0107anje rasti i mora postati dio va\u0161eg temelja.\r<\/p><p>\r<\/p><p>Ne shva\u0107ate kako \u017eivite na prekrasnom planetu u svemiru jalovih svjetova. Ve\u0107ina stani\u0161ta na svjetovima su proizvod napredne tehnologije, a svjetovi porijekla naprednih rasa su ve\u0107inom poharani, kao \u0161to vi sada harate svoj svijet.\r<\/p><p>\r<\/p><p>Ono \u0161to danas ovdje s vama zagovaramo je svjesnost i razumijevanje Ve\u0107e Zajednice. Ne mo\u017eete razmi\u0161ljati kao primitivan narod, jer svemir s kojim se suo\u010davate nije primitivan. Ne mo\u017eete se oslanjati na pro\u0161lost samo, osim kako bi razumjeli da je sva Intervencija provedena radi agresivnih svrha. Nemojte misliti da \u0107e ijedna rasa do\u0107i ovdje vam zaista pomo\u0107i, jer ako uspostave svoju pojavu ovdje na vidljiv na\u010din, to \u0107e biti dio velikog uvjeravanja.\r<\/p><p>\r<\/p><p>Ako neprestano degradirate svijet, postati \u0107ete toliko nestabilni u svijetu da \u0107ete tra\u017eiti pomo\u0107 izvana iz \u010distog o\u010daja. To je velika opasnost s kojom ste sada suo\u010deni.\r<\/p><p>\r<\/p><p>Niti jedna rasa koja intervenira u svijetu danas nije ovdje da pomogne \u010dovje\u010danstvu. Ovdje su konkurentne rase, natje\u010du se za prednost u ovom svijetu, svijetu velike prilike i bogatstva. Uop\u0107e ne shva\u0107ate koliko je va\u017ean.\r<\/p><p>\r<\/p><p>Va\u0161a sloboda \u0107e morati biti vrlo prakti\u010dna u budu\u0107nosti i vrlo ujedinjena. Morati \u0107ete biti slobodni zajedno, ne slobodni odvojeni jedan od drugog. Morati \u0107ete biti slobodni u svrsi, ne slobodni da uni\u0161tite tu svrhu. Morati \u0107ete biti slobodni da se ujedinite, ne slobodni da uni\u0161tite to jedinstvo.\r<\/p><p>\r<\/p><p>Mo\u017eda se to vama ne \u010dini kao sloboda s obzirom gdje stojite u ovom trenutku, ali za razliku od stvarnosti ve\u0107ine nacija u ovoj regiji svemira, to je velika sloboda, uvjeravamo vas.\r<\/p><p>\r<\/p><p>U na\u0161im Izvje\u0161\u0107ima, opisati \u0107emo kako sloboda mo\u017ee izgledati dok je uspostavljena. Vanjska stvarnost Ve\u0107e Zajednice odrediti \u0107e u velikoj mjeri kako \u0107e ova sloboda biti uspostavljena te kako mora biti odr\u017eavana.\r<\/p><p>\r<\/p><p>No vi jo\u0161 uvijek \u017eivite misle\u0107i da ste u izolaciji u svemiru, da je svemir veliki prazan prostor oko vas. A mo\u017eda smatrate kako ste posebni i blagoslovljeni od strane Bo\u017eanskog, toliko posebni da bi svaka rasa koja do\u0111e ovdje vam nastojala pomo\u0107i, razumjeti vas ili vas cijeniti. No takvo je neznanje \u017eivljenja u izolaciji, neznanje koje \u0107e sve novonastale rase u svemiru vjerojatno imati, u ovoj ili onoj mjeri.\r<\/p><p>\r<\/p><p>Osamljeni mislite da ste jedinstveni i posebni. Ali kada u\u0111ete u ovu veli\u010danstvenu panoramu \u017eivota, vidjeti \u0107ete kako \u0107e vas drugi gledati samo radi vlastite koristi, a da \u0107e nekoliko slobodnih rasa u va\u0161em dijelu svemira biti jedini koji \u0107e vas cijeniti radi ve\u0107ih razloga i radi vi\u0161ih svrha.\r<\/p><p>\r<\/p><p>Mi smo se uvelike morali boriti da povratimo svoju slobodu od Intervencije, i da je odr\u017eimo, \u0161to je zahtijevalo da ostanemo vrlo diskretni u ovoj ve\u0107oj panorami \u017eivota. Zahtijevalo je da se dr\u017eimo van velikih trgovinskih mre\u017ea i budemo slobodni od sveobuhvatnih trgovinskih organizacija koje odre\u0111uju kako \u0107e rase sudjelovati i anga\u017eirati se u me\u0111usobnoj trgovini. Jer jednom kada u\u0111ete u ove mre\u017ee, va\u0161a sloboda \u0107e biti izgubljena.\r<\/p><p>\r<\/p><p>Vi koji tra\u017eite vi\u0161u tehnologiju od ve\u0107ih sila iz svemira morate nau\u010diti ovu veliku lekciju. Ne primajte nikakvu tehnologiju od onih koji posje\u0107uju va\u0161 svijet. Jer posijati \u0107e sjeme va\u0161e budu\u0107e zavisnosti, a s ovim sjemenjem, kako \u0107e rasti, \u0107e ostvariti sve ve\u0107u vlast nad va\u0161im umovima i va\u0161im svijetom.\r<\/p><p>\r<\/p><p>Mi smo morali nau\u010diti ove lekcije u svojim pojedina\u010dnim svjetovima. I iako su na\u0161i svjetovi jedinstveni i ne sudjeluju me\u0111usobno aktivno, osim na vrlo ograni\u010denoj politi\u010dkoj bazi, postoje Ve\u0107e Sile u svemiru koje usmjeravaju veliku Mre\u017eu Mudrih \u2013 koja anga\u017eira pojedince iz razli\u010ditih svjetova i nacija.\r<\/p><p>\r<\/p><p>Mi smo dio ove Mre\u017ee, i zato smo vam do\u0161li pru\u017eiti veliku pomo\u0107. Nemamo interes za uspostaviti se u va\u0161em svijetu, jer jo\u0161 niste spremni za kontakt. Morate ste\u0107i slobodu kroz vlastiti trud. Mo\u017eemo vam dati mudrost, upozorenje i perspektivu, ali vi ste ti koji moraju zaraditi svoju sada\u0161nju i budu\u0107u slobodu te upotrijebiti veliko razumijevanje koje vam pru\u017eamo.\r<\/p><p>\r<\/p><p>Nemate pojma koliko je svemir zapravo zastra\u0161uju\u0107i \u2013 koliko je svjetova palo pod strani utjecaj, svjetovi u vrlo sli\u010dnim stanjima pojavljivanja kao va\u0161, te koliko malo ih je uspjelo izbje\u0107i ovu dominaciju.\r<\/p><p>\r<\/p><p>Djelomi\u010dno je posao Vi\u0161ih Sila da podr\u017ee ovu slobodu u rasama koje pokazuju potencijal za nju \u2013 Vi\u0161e Sile dodijeljene od strane Bo\u017eanskoga kako bi o\u010duvali Znanje u svemiru \u2013 ve\u0107u mudrost, svrhu i smisao.\r<\/p><p>\r<\/p><p>Ina\u010de, napreduju\u0107a tehnolo\u0161ka dru\u0161tva zavr\u0161e vrlo sli\u010dna jedni drugima: sekularna, kruta, dominiraju\u0107a, neprestano se me\u0111usobno nadme\u0107u\u0107i za prednost. Ne bi cijenili va\u0161u slobodu pojedinca, ve\u0107 bi vas samo vidjeli kao kaoti\u010dne i razaraju\u0107e za va\u0161 svijet. Ne razumiju stvari o kojima pri\u010damo. Ne znaju za Vi\u0161e Sile. A ako i imaju svijest o tome, nastojati \u0107e potisnuti izra\u017eaj ovih Sila kad god mogu.\r<\/p><p>\r<\/p><p>Ovo je stvarnost \u017eivota u svemiru, stvarnost Odvojenosti od Bo\u017eanske Prisutnosti i Svrhe \u2013 Odvojenost u kojoj vi tako\u0111er neprestano \u017eivite. Za slomiti okove Odvojenosti potrebna je jedinstvena mudrost, mo\u0107 i snaga, koju morate njegovati i koja mora biti podr\u017eana u vama od strane Vi\u0161ih Sila.\r<\/p><p>\r<\/p><p>Kada govorimo o Vi\u0161ih Silama, ne govorimo o rasama bi\u0107a iz fizi\u010dke dimenzije, jer ne postoje prosvjetljene rase u svemiru zapravo, samo male grupe mudrosti me\u0111usobno povezane, na fizi\u010dke i tako\u0111er misteriozne na\u010dine. Na ovaj na\u010din, Mre\u017ea Mudrih mo\u017ee komunicirati kroz Nevi\u0111ene Sile, An\u0111eosku Prisutnost, bez da ikada ima fizi\u010dki kontakt, koji se u toliko mnogo slu\u010dajeva nikada ne bi ni mogao desiti.\r<\/p><p>\r<\/p><p>Ovo je veliki izazov \u010dovje\u010danstva, izazov njegovoj slobodi i suverenitetu u ovom svijetu. U nastavku \u0107emo govoriti o zna\u010denju ove slobode, uvjetima ove slobode i o velikoj snazi koja mora biti pru\u017eena kako bi ju se odr\u017ealo me\u0111u toliko mnogo nacija koje nisu slobodne.\r<\/p><p>\r<\/p>Velika je istina u svemiru da Mudri moraju ostati skriveni kako bi ostali mudri. To je sada velika lekcija pred vama.\t\t\t\t\t\t\t\t<\/div>\t\t\t\t<\/div>\t\t\t\t\t<\/div>\t\t<\/div>\t\t\t\t\t<\/div>\t\t<\/section>\t\t\t\t<\/div><p>\t\t<\/p>","protected":false},"excerpt":{"rendered":"<p>Dajemo pozdrave. Mi smo Saveznici \u010covje\u010danstva, ovdje kako bismo opet pri\u010dali s vama nakon duge zadr\u0161ke. Sada smo daleko od va\u0161eg svijeta, a udaljeni smo ve\u0107 neko vrijeme. Ali mnogo je toga \u0161to vam mo\u017eemo priop\u0107iti \u0161to \u0107e biti od velikog zna\u010daja i va\u017enosti za va\u0161u budu\u0107nost i za va\u0161u mogu\u0107nost rasta i postajanja slobodne [&hellip;]<\/p>\n","protected":false},"author":23,"featured_media":0,"parent":12334,"menu_order":1,"comment_status":"closed","ping_status":"closed","template":"page.php","meta":{"_acf_changed":false,"footnotes":""},"class_list":["post-12451","page","type-page","status-publish","hentry"],"acf":[],"yoast_head":"<!-- This site is optimized with the Yoast SEO plugin v26.5 - https:\/\/yoast.com\/wordpress\/plugins\/seo\/ -->\n<title>Saveznici \u010dovje\u010danstva predstavljaju slobodne rase u svemiru<\/title>\n<meta name=\"description\" content=\"Govorimo u ime slobodnih rasa koje \u017eive me\u0111u mnogim drugima koji nisu slobodni. Poslane smo od strane Vi\u0161ih sila da damo ove Upute \u010dovje\u010danstvu.\" \/>\n<meta name=\"robots\" content=\"index, follow, max-snippet:-1, max-image-preview:large, max-video-preview:-1\" \/>\n<link rel=\"canonical\" href=\"https:\/\/www.alliesofhumanity.org\/hr\/the-briefings\/book-four\/allies-free-races\/\" \/>\n<meta property=\"og:locale\" content=\"hr_HR\" \/>\n<meta property=\"og:type\" content=\"article\" \/>\n<meta property=\"og:title\" content=\"Saveznici \u010dovje\u010danstva predstavljaju slobodne rase u svemiru\" \/>\n<meta property=\"og:description\" content=\"Govorimo u ime slobodnih rasa koje \u017eive me\u0111u mnogim drugima koji nisu slobodni. Poslane smo od strane Vi\u0161ih sila da damo ove Upute \u010dovje\u010danstvu.\" \/>\n<meta property=\"og:url\" content=\"https:\/\/www.alliesofhumanity.org\/hr\/the-briefings\/book-four\/allies-free-races\/\" \/>\n<meta property=\"og:site_name\" content=\"The Allies of Humanity\" \/>\n<meta property=\"article:publisher\" content=\"https:\/\/www.facebook.com\/alliesofhumanity\/\" \/>\n<meta property=\"article:modified_time\" content=\"2024-03-11T06:51:02+00:00\" \/>\n<meta property=\"og:image\" content=\"https:\/\/www.alliesofhumanity.org\/wp-content\/uploads\/2021\/01\/og-socialmedia-aoh.jpg\" \/>\n\t<meta property=\"og:image:width\" content=\"1200\" \/>\n\t<meta property=\"og:image:height\" content=\"630\" \/>\n\t<meta property=\"og:image:type\" content=\"image\/jpeg\" \/>\n<meta name=\"twitter:card\" content=\"summary_large_image\" \/>\n<meta name=\"twitter:title\" content=\"Saveznici \u010dovje\u010danstva predstavljaju slobodne rase u svemiru\" \/>\n<meta name=\"twitter:site\" content=\"@earthallies\" \/>\n<meta name=\"twitter:label1\" content=\"Procijenjeno vrijeme \u010ditanja\" \/>\n\t<meta name=\"twitter:data1\" content=\"11 minuta\" \/>\n<script type=\"application\/ld+json\" class=\"yoast-schema-graph\">{\"@context\":\"https:\/\/schema.org\",\"@graph\":[{\"@type\":\"WebPage\",\"@id\":\"https:\/\/www.alliesofhumanity.org\/hr\/the-briefings\/book-four\/allies-free-races\/\",\"url\":\"https:\/\/www.alliesofhumanity.org\/hr\/the-briefings\/book-four\/allies-free-races\/\",\"name\":\"Saveznici \u010dovje\u010danstva predstavljaju slobodne rase u svemiru\",\"isPartOf\":{\"@id\":\"https:\/\/www.alliesofhumanity.org\/hr\/#website\"},\"datePublished\":\"2021-02-09T23:09:33+00:00\",\"dateModified\":\"2024-03-11T06:51:02+00:00\",\"description\":\"Govorimo u ime slobodnih rasa koje \u017eive me\u0111u mnogim drugima koji nisu slobodni. Poslane smo od strane Vi\u0161ih sila da damo ove Upute \u010dovje\u010danstvu.\",\"breadcrumb\":{\"@id\":\"https:\/\/www.alliesofhumanity.org\/hr\/the-briefings\/book-four\/allies-free-races\/#breadcrumb\"},\"inLanguage\":\"hr\",\"potentialAction\":[{\"@type\":\"ReadAction\",\"target\":[\"https:\/\/www.alliesofhumanity.org\/hr\/the-briefings\/book-four\/allies-free-races\/\"]}]},{\"@type\":\"BreadcrumbList\",\"@id\":\"https:\/\/www.alliesofhumanity.org\/hr\/the-briefings\/book-four\/allies-free-races\/#breadcrumb\",\"itemListElement\":[{\"@type\":\"ListItem\",\"position\":1,\"name\":\"Izvje\u0161taji\",\"item\":\"https:\/\/www.alliesofhumanity.org\/hr\/the-briefings\/\"},{\"@type\":\"ListItem\",\"position\":2,\"name\":\"Knjiga \u010cetvrta\",\"item\":\"https:\/\/www.alliesofhumanity.org\/hr\/the-briefings\/book-four\/\"},{\"@type\":\"ListItem\",\"position\":3,\"name\":\"Prvo Izvje\u0161\u0107e: TKO SMO MI I \u0160TO PREDSTAVLJAMO\"}]},{\"@type\":\"WebSite\",\"@id\":\"https:\/\/www.alliesofhumanity.org\/hr\/#website\",\"url\":\"https:\/\/www.alliesofhumanity.org\/hr\/\",\"name\":\"The Allies of Humanity\",\"description\":\"\",\"potentialAction\":[{\"@type\":\"SearchAction\",\"target\":{\"@type\":\"EntryPoint\",\"urlTemplate\":\"https:\/\/www.alliesofhumanity.org\/hr\/?s={search_term_string}\"},\"query-input\":{\"@type\":\"PropertyValueSpecification\",\"valueRequired\":true,\"valueName\":\"search_term_string\"}}],\"inLanguage\":\"hr\"}]}<\/script>\n<!-- \/ Yoast SEO plugin. -->","yoast_head_json":{"title":"Saveznici \u010dovje\u010danstva predstavljaju slobodne rase u svemiru","description":"Govorimo u ime slobodnih rasa koje \u017eive me\u0111u mnogim drugima koji nisu slobodni. Poslane smo od strane Vi\u0161ih sila da damo ove Upute \u010dovje\u010danstvu.","robots":{"index":"index","follow":"follow","max-snippet":"max-snippet:-1","max-image-preview":"max-image-preview:large","max-video-preview":"max-video-preview:-1"},"canonical":"https:\/\/www.alliesofhumanity.org\/hr\/the-briefings\/book-four\/allies-free-races\/","og_locale":"hr_HR","og_type":"article","og_title":"Saveznici \u010dovje\u010danstva predstavljaju slobodne rase u svemiru","og_description":"Govorimo u ime slobodnih rasa koje \u017eive me\u0111u mnogim drugima koji nisu slobodni. Poslane smo od strane Vi\u0161ih sila da damo ove Upute \u010dovje\u010danstvu.","og_url":"https:\/\/www.alliesofhumanity.org\/hr\/the-briefings\/book-four\/allies-free-races\/","og_site_name":"The Allies of Humanity","article_publisher":"https:\/\/www.facebook.com\/alliesofhumanity\/","article_modified_time":"2024-03-11T06:51:02+00:00","og_image":[{"width":1200,"height":630,"url":"https:\/\/www.alliesofhumanity.org\/wp-content\/uploads\/2021\/01\/og-socialmedia-aoh.jpg","type":"image\/jpeg"}],"twitter_card":"summary_large_image","twitter_title":"Saveznici \u010dovje\u010danstva predstavljaju slobodne rase u svemiru","twitter_site":"@earthallies","twitter_misc":{"Procijenjeno vrijeme \u010ditanja":"11 minuta"},"schema":{"@context":"https:\/\/schema.org","@graph":[{"@type":"WebPage","@id":"https:\/\/www.alliesofhumanity.org\/hr\/the-briefings\/book-four\/allies-free-races\/","url":"https:\/\/www.alliesofhumanity.org\/hr\/the-briefings\/book-four\/allies-free-races\/","name":"Saveznici \u010dovje\u010danstva predstavljaju slobodne rase u svemiru","isPartOf":{"@id":"https:\/\/www.alliesofhumanity.org\/hr\/#website"},"datePublished":"2021-02-09T23:09:33+00:00","dateModified":"2024-03-11T06:51:02+00:00","description":"Govorimo u ime slobodnih rasa koje \u017eive me\u0111u mnogim drugima koji nisu slobodni. Poslane smo od strane Vi\u0161ih sila da damo ove Upute \u010dovje\u010danstvu.","breadcrumb":{"@id":"https:\/\/www.alliesofhumanity.org\/hr\/the-briefings\/book-four\/allies-free-races\/#breadcrumb"},"inLanguage":"hr","potentialAction":[{"@type":"ReadAction","target":["https:\/\/www.alliesofhumanity.org\/hr\/the-briefings\/book-four\/allies-free-races\/"]}]},{"@type":"BreadcrumbList","@id":"https:\/\/www.alliesofhumanity.org\/hr\/the-briefings\/book-four\/allies-free-races\/#breadcrumb","itemListElement":[{"@type":"ListItem","position":1,"name":"Izvje\u0161taji","item":"https:\/\/www.alliesofhumanity.org\/hr\/the-briefings\/"},{"@type":"ListItem","position":2,"name":"Knjiga \u010cetvrta","item":"https:\/\/www.alliesofhumanity.org\/hr\/the-briefings\/book-four\/"},{"@type":"ListItem","position":3,"name":"Prvo Izvje\u0161\u0107e: TKO SMO MI I \u0160TO PREDSTAVLJAMO"}]},{"@type":"WebSite","@id":"https:\/\/www.alliesofhumanity.org\/hr\/#website","url":"https:\/\/www.alliesofhumanity.org\/hr\/","name":"The Allies of Humanity","description":"","potentialAction":[{"@type":"SearchAction","target":{"@type":"EntryPoint","urlTemplate":"https:\/\/www.alliesofhumanity.org\/hr\/?s={search_term_string}"},"query-input":{"@type":"PropertyValueSpecification","valueRequired":true,"valueName":"search_term_string"}}],"inLanguage":"hr"}]}},"_links":{"self":[{"href":"https:\/\/www.alliesofhumanity.org\/hr\/wp-json\/wp\/v2\/pages\/12451","targetHints":{"allow":["GET"]}}],"collection":[{"href":"https:\/\/www.alliesofhumanity.org\/hr\/wp-json\/wp\/v2\/pages"}],"about":[{"href":"https:\/\/www.alliesofhumanity.org\/hr\/wp-json\/wp\/v2\/types\/page"}],"author":[{"embeddable":true,"href":"https:\/\/www.alliesofhumanity.org\/hr\/wp-json\/wp\/v2\/users\/23"}],"replies":[{"embeddable":true,"href":"https:\/\/www.alliesofhumanity.org\/hr\/wp-json\/wp\/v2\/comments?post=12451"}],"version-history":[{"count":8,"href":"https:\/\/www.alliesofhumanity.org\/hr\/wp-json\/wp\/v2\/pages\/12451\/revisions"}],"predecessor-version":[{"id":22011,"href":"https:\/\/www.alliesofhumanity.org\/hr\/wp-json\/wp\/v2\/pages\/12451\/revisions\/22011"}],"up":[{"embeddable":true,"href":"https:\/\/www.alliesofhumanity.org\/hr\/wp-json\/wp\/v2\/pages\/12334"}],"wp:attachment":[{"href":"https:\/\/www.alliesofhumanity.org\/hr\/wp-json\/wp\/v2\/media?parent=12451"}],"curies":[{"name":"wp","href":"https:\/\/api.w.org\/{rel}","templated":true}]}}