{"id":12334,"date":"2021-02-09T18:02:29","date_gmt":"2021-02-09T17:02:29","guid":{"rendered":"https:\/\/www.alliesofhumanity.org\/the-briefings\/book-four\/"},"modified":"2024-03-11T07:43:31","modified_gmt":"2024-03-11T06:43:31","slug":"book-four","status":"publish","type":"page","link":"https:\/\/www.alliesofhumanity.org\/hr\/the-briefings\/book-four\/","title":{"rendered":"Knjiga \u010cetvrta"},"content":{"rendered":"<h5>Sva Izvje\u0161\u0107a Saveznika \u010covje\u010danstva su dostupna besplatno online. Zapo\u010dnite putovanje sa Saveznicima Knjigom \u010cetvrtom.<\/h5>\n<p>Saveznici \u010covje\u010danstva su grupa pojedinaca iz nekoliko razli\u010ditih svjetova koji su do\u0161li ovdje u blizinu Zemlje kako bi promatrali izvanzemaljsku Intervenciju koja se de\u0161ava u na\u0161em svijetu te izvje\u0161tavali o aktivnostima ove Intervencije i njezinim implikacijama za ljudsku rasu.<\/p>\n<p>Kroz svoje Izvje\u0161taje, Saveznici otkrivaju stvarnost Kontakta koji se de\u0161ava u svijetu danas \u2013 tko su posjetitelji, za\u0161to su ovdje te ve\u0107i plan iza njihovih aktivnosti. \u010cine\u0107i to, Izvje\u0161\u0107a popunjavaju mnoga od kriti\u010dnih rupa u na\u0161em razumijevanju stvarnosti izvanzemaljske posjete i NLO fenomena, koji su bili fokus istra\u017eivanja i upita ve\u0107 du\u017ee od sedam desetlje\u0107a.<\/p>\n<p>Ovi Izvje\u0161taji dio su ve\u0107e komunikacije od onih rasa u na\u0161em lokalnom svemiru koje podr\u017eavaju slobodu i suverenitet \u010dovje\u010danstva dok se pojavljuje u \u201eVe\u0107oj Zajednici\u201c \u017eivota. Ovo je autenti\u010dna poruka izvanzemaljskog izvora, koja upozorava na opasnosti Intervencije od izvana i po\u017euruje na pripremu za izazove \u017eivota u svemiru.<\/p>\n<p>Kliknite <a href=\"http:\/\/community.newmessage.org\/who-we-are-and-what-we-represent\" target=\"_blank\" rel=\"noopener\">ovdje<\/a> kako biste prodiskutirali Izvje\u0161\u0107a na na\u0161oj Stranici Zajednice.<\/p>\n<p><!--\n\nGet a copy of the book:\n\n\n<ul>\n \t\n\n<li>Print version: <a href=\"https:\/\/newknowledgelibrary.org\/books\/allies-of-humanity-book-four-english-print-book\/\" target=\"_blank\" rel=\"noopener\">New Knowledge Library<\/a>&nbsp;or&nbsp;<a href=\"https:\/\/www.amazon.com\/Allies-Humanity-Book-Four-Universe\/dp\/B07XV9C7GK\/ref=tmm_pap_swatch_0\" target=\"_blank\" rel=\"noopener\">Amazon<\/a>.<\/li>\n\n\n \t\n\n<li>Ebook format: <a href=\"https:\/\/newknowledgelibrary.org\/e-books\/allies-of-humanity-book-four-english-e-book\/\" target=\"_blank\" rel=\"noopener\">New Knowledge Library<\/a>, <a href=\"https:\/\/www.amazon.com\/dp\/B07XT8V7X6\/\" target=\"_blank\" rel=\"noopener\">Kindle version for just $0.99 from Amazon<\/a>, <a href=\"https:\/\/books.apple.com\/book\/the-allies-of-humanity-book-four\/id1480031070\" target=\"_blank\" rel=\"noopener\">Apple Books<\/a>&nbsp;or&nbsp;<a href=\"https:\/\/play.google.com\/store\/books\/details\/Marshall_Vian_Summers_The_Allies_of_Humanity_Book?id=VVOvDwAAQBAJ\" target=\"_blank\" rel=\"noopener\">Google Play<\/a>.<\/li>\n\n\n<\/ul>\n\n\n--><\/p>\n<hr \/>\n<h5>Pro\u010ditajte ovdje besplatno online!<\/h5>\n<p>Sadr\u017eaj:<\/p>\n<p><a href=\"\/hr\/ah4-a-message-from-marshall-vian-summers\">Poruka od Marshall Vian Summersa<\/a><\/p>\n<p>Prvo Izvje\u0161\u0107e: <a href=\"allies-free-races\">Tko Smo Mi i \u0160to Predstavljamo<\/a><\/p>\n<p>Drugo Izvje\u0161\u0107e: <a href=\"exercise-restraint\">Va\u017enost Suzdr\u017eanosti<\/a><\/p>\n<p>Tre\u0107e Izvje\u0161\u0107e: <a href=\"free-nations-universe\">Sloboda u Svemiru<br \/>\n<\/a><\/p>\n<p>\u010cetvrto Izvje\u0161\u0107e: <a href=\"higher-powers\">Vi\u0161e Sile<\/a><\/p>\n<p>Peto Izvje\u0161\u0107e: <a href=\"secure-freedom\">Velika Koordinacija<\/a><\/p>\n<p>\u0160esto Izvje\u0161\u0107e: <a href=\"networks-wise\">Mre\u017ee Mudrih<\/a><\/p>\n<p><a href=\"\/hr\/briefings\/12-point-summary-of-the-allies-of-humanity-briefings\">Sa\u017eetak od 12 to\u010daka Izvje\u0161\u0107a Saveznika \u010covje\u010danstva<\/a><\/p>\n<hr \/>\n<p>Dru\u0161tvo za Novu Poruku sada pru\u017ea sve \u010detiri knjige <em>Saveznika \u010covje\u010danstva<\/em> online bez naknade. \u010cinimo ovo kako bi ova poruka mogla dose\u0107i \u0161to je vi\u0161e ljudi mogu\u0107e, na lokalnoj razini i tako\u0111er na pozicijama politi\u010dke, ekonomske i religijske mo\u0107i.<\/p>\n","protected":false},"excerpt":{"rendered":"<p>Sva Izvje\u0161\u0107a Saveznika \u010covje\u010danstva su dostupna besplatno online. Zapo\u010dnite putovanje sa Saveznicima Knjigom \u010cetvrtom. Saveznici \u010covje\u010danstva su grupa pojedinaca iz nekoliko razli\u010ditih svjetova koji su do\u0161li ovdje u blizinu Zemlje kako bi promatrali izvanzemaljsku Intervenciju koja se de\u0161ava u na\u0161em svijetu te izvje\u0161tavali o aktivnostima ove Intervencije i njezinim implikacijama za ljudsku rasu. Kroz svoje [&hellip;]<\/p>\n","protected":false},"author":25,"featured_media":0,"parent":11909,"menu_order":4,"comment_status":"closed","ping_status":"closed","template":"page-book-start.php","meta":{"_acf_changed":false,"footnotes":""},"class_list":["post-12334","page","type-page","status-publish","hentry"],"acf":[],"yoast_head":"<!-- This site is optimized with the Yoast SEO plugin v26.5 - https:\/\/yoast.com\/wordpress\/plugins\/seo\/ -->\n<title>Saveznici \u010covje\u010danstva Knjiga \u010cetvrta: Sloboda u Svemiru<\/title>\n<meta name=\"description\" content=\"Kako \u010dovje\u010danstvo mo\u017ee posti\u0107i i odr\u017eati svoju slobodu u svemiru, suo\u010deno s kontaktom s vanzemaljskim vanzemaljskim \u017eivotom.\" \/>\n<meta name=\"robots\" content=\"index, follow, max-snippet:-1, max-image-preview:large, max-video-preview:-1\" \/>\n<link rel=\"canonical\" href=\"https:\/\/www.alliesofhumanity.org\/hr\/the-briefings\/book-four\/\" \/>\n<meta property=\"og:locale\" content=\"hr_HR\" \/>\n<meta property=\"og:type\" content=\"article\" \/>\n<meta property=\"og:title\" content=\"Saveznici \u010covje\u010danstva Knjiga \u010cetvrta: Sloboda u Svemiru\" \/>\n<meta property=\"og:description\" content=\"Kako \u010dovje\u010danstvo mo\u017ee posti\u0107i i odr\u017eati svoju slobodu u svemiru, suo\u010deno s kontaktom s vanzemaljskim vanzemaljskim \u017eivotom.\" \/>\n<meta property=\"og:url\" content=\"https:\/\/www.alliesofhumanity.org\/hr\/the-briefings\/book-four\/\" \/>\n<meta property=\"og:site_name\" content=\"The Allies of Humanity\" \/>\n<meta property=\"article:publisher\" content=\"https:\/\/www.facebook.com\/alliesofhumanity\/\" \/>\n<meta property=\"article:modified_time\" content=\"2024-03-11T06:43:31+00:00\" \/>\n<meta property=\"og:image\" content=\"https:\/\/www.alliesofhumanity.org\/wp-content\/uploads\/2021\/01\/og-socialmedia-aoh.jpg\" \/>\n\t<meta property=\"og:image:width\" content=\"1200\" \/>\n\t<meta property=\"og:image:height\" content=\"630\" \/>\n\t<meta property=\"og:image:type\" content=\"image\/jpeg\" \/>\n<meta name=\"twitter:card\" content=\"summary_large_image\" \/>\n<meta name=\"twitter:title\" content=\"Saveznici \u010covje\u010danstva Knjiga \u010cetvrta: Sloboda u Svemiru\" \/>\n<meta name=\"twitter:site\" content=\"@earthallies\" \/>\n<meta name=\"twitter:label1\" content=\"Procijenjeno vrijeme \u010ditanja\" \/>\n\t<meta name=\"twitter:data1\" content=\"2 minute\" \/>\n<script type=\"application\/ld+json\" class=\"yoast-schema-graph\">{\"@context\":\"https:\/\/schema.org\",\"@graph\":[{\"@type\":\"WebPage\",\"@id\":\"https:\/\/www.alliesofhumanity.org\/hr\/the-briefings\/book-four\/\",\"url\":\"https:\/\/www.alliesofhumanity.org\/hr\/the-briefings\/book-four\/\",\"name\":\"Saveznici \u010covje\u010danstva Knjiga \u010cetvrta: Sloboda u Svemiru\",\"isPartOf\":{\"@id\":\"https:\/\/www.alliesofhumanity.org\/hr\/#website\"},\"datePublished\":\"2021-02-09T17:02:29+00:00\",\"dateModified\":\"2024-03-11T06:43:31+00:00\",\"description\":\"Kako \u010dovje\u010danstvo mo\u017ee posti\u0107i i odr\u017eati svoju slobodu u svemiru, suo\u010deno s kontaktom s vanzemaljskim vanzemaljskim \u017eivotom.\",\"breadcrumb\":{\"@id\":\"https:\/\/www.alliesofhumanity.org\/hr\/the-briefings\/book-four\/#breadcrumb\"},\"inLanguage\":\"hr\",\"potentialAction\":[{\"@type\":\"ReadAction\",\"target\":[\"https:\/\/www.alliesofhumanity.org\/hr\/the-briefings\/book-four\/\"]}]},{\"@type\":\"BreadcrumbList\",\"@id\":\"https:\/\/www.alliesofhumanity.org\/hr\/the-briefings\/book-four\/#breadcrumb\",\"itemListElement\":[{\"@type\":\"ListItem\",\"position\":1,\"name\":\"Izvje\u0161taji\",\"item\":\"https:\/\/www.alliesofhumanity.org\/hr\/the-briefings\/\"},{\"@type\":\"ListItem\",\"position\":2,\"name\":\"Knjiga \u010cetvrta\"}]},{\"@type\":\"WebSite\",\"@id\":\"https:\/\/www.alliesofhumanity.org\/hr\/#website\",\"url\":\"https:\/\/www.alliesofhumanity.org\/hr\/\",\"name\":\"The Allies of Humanity\",\"description\":\"\",\"potentialAction\":[{\"@type\":\"SearchAction\",\"target\":{\"@type\":\"EntryPoint\",\"urlTemplate\":\"https:\/\/www.alliesofhumanity.org\/hr\/?s={search_term_string}\"},\"query-input\":{\"@type\":\"PropertyValueSpecification\",\"valueRequired\":true,\"valueName\":\"search_term_string\"}}],\"inLanguage\":\"hr\"}]}<\/script>\n<!-- \/ Yoast SEO plugin. -->","yoast_head_json":{"title":"Saveznici \u010covje\u010danstva Knjiga \u010cetvrta: Sloboda u Svemiru","description":"Kako \u010dovje\u010danstvo mo\u017ee posti\u0107i i odr\u017eati svoju slobodu u svemiru, suo\u010deno s kontaktom s vanzemaljskim vanzemaljskim \u017eivotom.","robots":{"index":"index","follow":"follow","max-snippet":"max-snippet:-1","max-image-preview":"max-image-preview:large","max-video-preview":"max-video-preview:-1"},"canonical":"https:\/\/www.alliesofhumanity.org\/hr\/the-briefings\/book-four\/","og_locale":"hr_HR","og_type":"article","og_title":"Saveznici \u010covje\u010danstva Knjiga \u010cetvrta: Sloboda u Svemiru","og_description":"Kako \u010dovje\u010danstvo mo\u017ee posti\u0107i i odr\u017eati svoju slobodu u svemiru, suo\u010deno s kontaktom s vanzemaljskim vanzemaljskim \u017eivotom.","og_url":"https:\/\/www.alliesofhumanity.org\/hr\/the-briefings\/book-four\/","og_site_name":"The Allies of Humanity","article_publisher":"https:\/\/www.facebook.com\/alliesofhumanity\/","article_modified_time":"2024-03-11T06:43:31+00:00","og_image":[{"width":1200,"height":630,"url":"https:\/\/www.alliesofhumanity.org\/wp-content\/uploads\/2021\/01\/og-socialmedia-aoh.jpg","type":"image\/jpeg"}],"twitter_card":"summary_large_image","twitter_title":"Saveznici \u010covje\u010danstva Knjiga \u010cetvrta: Sloboda u Svemiru","twitter_site":"@earthallies","twitter_misc":{"Procijenjeno vrijeme \u010ditanja":"2 minute"},"schema":{"@context":"https:\/\/schema.org","@graph":[{"@type":"WebPage","@id":"https:\/\/www.alliesofhumanity.org\/hr\/the-briefings\/book-four\/","url":"https:\/\/www.alliesofhumanity.org\/hr\/the-briefings\/book-four\/","name":"Saveznici \u010covje\u010danstva Knjiga \u010cetvrta: Sloboda u Svemiru","isPartOf":{"@id":"https:\/\/www.alliesofhumanity.org\/hr\/#website"},"datePublished":"2021-02-09T17:02:29+00:00","dateModified":"2024-03-11T06:43:31+00:00","description":"Kako \u010dovje\u010danstvo mo\u017ee posti\u0107i i odr\u017eati svoju slobodu u svemiru, suo\u010deno s kontaktom s vanzemaljskim vanzemaljskim \u017eivotom.","breadcrumb":{"@id":"https:\/\/www.alliesofhumanity.org\/hr\/the-briefings\/book-four\/#breadcrumb"},"inLanguage":"hr","potentialAction":[{"@type":"ReadAction","target":["https:\/\/www.alliesofhumanity.org\/hr\/the-briefings\/book-four\/"]}]},{"@type":"BreadcrumbList","@id":"https:\/\/www.alliesofhumanity.org\/hr\/the-briefings\/book-four\/#breadcrumb","itemListElement":[{"@type":"ListItem","position":1,"name":"Izvje\u0161taji","item":"https:\/\/www.alliesofhumanity.org\/hr\/the-briefings\/"},{"@type":"ListItem","position":2,"name":"Knjiga \u010cetvrta"}]},{"@type":"WebSite","@id":"https:\/\/www.alliesofhumanity.org\/hr\/#website","url":"https:\/\/www.alliesofhumanity.org\/hr\/","name":"The Allies of Humanity","description":"","potentialAction":[{"@type":"SearchAction","target":{"@type":"EntryPoint","urlTemplate":"https:\/\/www.alliesofhumanity.org\/hr\/?s={search_term_string}"},"query-input":{"@type":"PropertyValueSpecification","valueRequired":true,"valueName":"search_term_string"}}],"inLanguage":"hr"}]}},"_links":{"self":[{"href":"https:\/\/www.alliesofhumanity.org\/hr\/wp-json\/wp\/v2\/pages\/12334","targetHints":{"allow":["GET"]}}],"collection":[{"href":"https:\/\/www.alliesofhumanity.org\/hr\/wp-json\/wp\/v2\/pages"}],"about":[{"href":"https:\/\/www.alliesofhumanity.org\/hr\/wp-json\/wp\/v2\/types\/page"}],"author":[{"embeddable":true,"href":"https:\/\/www.alliesofhumanity.org\/hr\/wp-json\/wp\/v2\/users\/25"}],"replies":[{"embeddable":true,"href":"https:\/\/www.alliesofhumanity.org\/hr\/wp-json\/wp\/v2\/comments?post=12334"}],"version-history":[{"count":4,"href":"https:\/\/www.alliesofhumanity.org\/hr\/wp-json\/wp\/v2\/pages\/12334\/revisions"}],"predecessor-version":[{"id":13626,"href":"https:\/\/www.alliesofhumanity.org\/hr\/wp-json\/wp\/v2\/pages\/12334\/revisions\/13626"}],"up":[{"embeddable":true,"href":"https:\/\/www.alliesofhumanity.org\/hr\/wp-json\/wp\/v2\/pages\/11909"}],"wp:attachment":[{"href":"https:\/\/www.alliesofhumanity.org\/hr\/wp-json\/wp\/v2\/media?parent=12334"}],"curies":[{"name":"wp","href":"https:\/\/api.w.org\/{rel}","templated":true}]}}