{"id":12324,"date":"2021-02-09T17:45:09","date_gmt":"2021-02-09T16:45:09","guid":{"rendered":"https:\/\/www.alliesofhumanity.org\/the-briefings\/book-three\/hidden-powers\/"},"modified":"2024-03-11T07:34:58","modified_gmt":"2024-03-11T06:34:58","slug":"hidden-powers","status":"publish","type":"page","link":"https:\/\/www.alliesofhumanity.org\/hr\/the-briefings\/book-three\/hidden-powers\/","title":{"rendered":"\u010cetvrto Izvje\u0161\u0107e: Skrivene Mo\u0107i"},"content":{"rendered":"\t\t<div data-elementor-type=\"wp-page\" data-elementor-id=\"12324\" class=\"elementor elementor-12324 elementor-2521\" data-elementor-post-type=\"page\">\t\t\t\t\t\t<section class=\"elementor-section elementor-top-section elementor-element elementor-element-7aae654a elementor-section-boxed elementor-section-height-default elementor-section-height-default\" data-id=\"7aae654a\" data-element_type=\"section\">\t\t\t\t\t\t<div class=\"elementor-container elementor-column-gap-default\">\t\t\t\t\t<div class=\"elementor-column elementor-col-100 elementor-top-column elementor-element elementor-element-74af48f4\" data-id=\"74af48f4\" data-element_type=\"column\">\t\t\t<div class=\"elementor-widget-wrap elementor-element-populated\">\t\t\t\t\t\t<div class=\"elementor-element elementor-element-2203759 elementor-widget elementor-widget-text-editor\" data-id=\"2203759\" data-element_type=\"widget\" data-widget_type=\"text-editor.default\">\t\t\t\t<div class=\"elementor-widget-container\">\t\t\t\t\t\t\t\t\t<h5>\u010ceka se prijevod<\/h5>\r&nbsp;\t\t\t\t\t\t\t\t<\/div>\t\t\t\t<\/div>\t\t\t\t\t<\/div>\t\t<\/div><p class=\"image-quote float-right\"><img decoding=\"async\" src=\"https:\/\/www.alliesofhumanity.org\/wp-content\/uploads\/2020\/12\/quote-book3-briefing4-1.png\" alt=\"\" \/><\/p><blockquote id=\"quote-2\" class=\"text-quote float-right bg-red\"> <\/blockquote>\t\t\t\t\t<\/div>\t\t<\/section>\t\t\t\t<\/div><p>\t\t<\/p>","protected":false},"excerpt":{"rendered":"<p>\u010ceka se prijevod &nbsp;<\/p>\n","protected":false},"author":23,"featured_media":0,"parent":12314,"menu_order":4,"comment_status":"closed","ping_status":"closed","template":"page.php","meta":{"_acf_changed":false,"footnotes":""},"class_list":["post-12324","page","type-page","status-publish","hentry"],"acf":[],"yoast_head":"<!-- This site is optimized with the Yoast SEO plugin v26.5 - https:\/\/yoast.com\/wordpress\/plugins\/seo\/ -->\n<title>Saveznici \u010covje\u010danstva Knjiga Tre\u0107a: Skrivene Mo\u0107i<\/title>\n<meta name=\"description\" content=\"Saveznici govore o izvanzemaljskim skrivenim mo\u0107ima koje su ovdje bez dopu\u0161tenja i djeluju protiv ljudske volje i svijesti.\" \/>\n<meta name=\"robots\" content=\"index, follow, max-snippet:-1, max-image-preview:large, max-video-preview:-1\" \/>\n<link rel=\"canonical\" href=\"https:\/\/www.alliesofhumanity.org\/hr\/the-briefings\/book-three\/hidden-powers\/\" \/>\n<meta property=\"og:locale\" content=\"hr_HR\" \/>\n<meta property=\"og:type\" content=\"article\" \/>\n<meta property=\"og:title\" content=\"Saveznici \u010covje\u010danstva Knjiga Tre\u0107a: Skrivene Mo\u0107i\" \/>\n<meta property=\"og:description\" content=\"Saveznici govore o izvanzemaljskim skrivenim mo\u0107ima koje su ovdje bez dopu\u0161tenja i djeluju protiv ljudske volje i svijesti.\" \/>\n<meta property=\"og:url\" content=\"https:\/\/www.alliesofhumanity.org\/hr\/the-briefings\/book-three\/hidden-powers\/\" \/>\n<meta property=\"og:site_name\" content=\"The Allies of Humanity\" \/>\n<meta property=\"article:publisher\" content=\"https:\/\/www.facebook.com\/alliesofhumanity\/\" \/>\n<meta property=\"article:modified_time\" content=\"2024-03-11T06:34:58+00:00\" \/>\n<meta property=\"og:image\" content=\"https:\/\/www.alliesofhumanity.org\/wp-content\/uploads\/2021\/01\/og-socialmedia-aoh.jpg\" \/>\n\t<meta property=\"og:image:width\" content=\"1200\" \/>\n\t<meta property=\"og:image:height\" content=\"630\" \/>\n\t<meta property=\"og:image:type\" content=\"image\/jpeg\" \/>\n<meta name=\"twitter:card\" content=\"summary_large_image\" \/>\n<meta name=\"twitter:title\" content=\"Saveznici \u010covje\u010danstva Knjiga Tre\u0107a: Skrivene Mo\u0107i\" \/>\n<meta name=\"twitter:site\" content=\"@earthallies\" \/>\n<script type=\"application\/ld+json\" class=\"yoast-schema-graph\">{\"@context\":\"https:\/\/schema.org\",\"@graph\":[{\"@type\":\"WebPage\",\"@id\":\"https:\/\/www.alliesofhumanity.org\/hr\/the-briefings\/book-three\/hidden-powers\/\",\"url\":\"https:\/\/www.alliesofhumanity.org\/hr\/the-briefings\/book-three\/hidden-powers\/\",\"name\":\"Saveznici \u010covje\u010danstva Knjiga Tre\u0107a: Skrivene Mo\u0107i\",\"isPartOf\":{\"@id\":\"https:\/\/www.alliesofhumanity.org\/hr\/#website\"},\"datePublished\":\"2021-02-09T16:45:09+00:00\",\"dateModified\":\"2024-03-11T06:34:58+00:00\",\"description\":\"Saveznici govore o izvanzemaljskim skrivenim mo\u0107ima koje su ovdje bez dopu\u0161tenja i djeluju protiv ljudske volje i svijesti.\",\"breadcrumb\":{\"@id\":\"https:\/\/www.alliesofhumanity.org\/hr\/the-briefings\/book-three\/hidden-powers\/#breadcrumb\"},\"inLanguage\":\"hr\",\"potentialAction\":[{\"@type\":\"ReadAction\",\"target\":[\"https:\/\/www.alliesofhumanity.org\/hr\/the-briefings\/book-three\/hidden-powers\/\"]}]},{\"@type\":\"BreadcrumbList\",\"@id\":\"https:\/\/www.alliesofhumanity.org\/hr\/the-briefings\/book-three\/hidden-powers\/#breadcrumb\",\"itemListElement\":[{\"@type\":\"ListItem\",\"position\":1,\"name\":\"Izvje\u0161taji\",\"item\":\"https:\/\/www.alliesofhumanity.org\/hr\/the-briefings\/\"},{\"@type\":\"ListItem\",\"position\":2,\"name\":\"Knjiga Tre\u0107a\",\"item\":\"https:\/\/www.alliesofhumanity.org\/hr\/the-briefings\/book-three\/\"},{\"@type\":\"ListItem\",\"position\":3,\"name\":\"\u010cetvrto Izvje\u0161\u0107e: Skrivene Mo\u0107i\"}]},{\"@type\":\"WebSite\",\"@id\":\"https:\/\/www.alliesofhumanity.org\/hr\/#website\",\"url\":\"https:\/\/www.alliesofhumanity.org\/hr\/\",\"name\":\"The Allies of Humanity\",\"description\":\"\",\"potentialAction\":[{\"@type\":\"SearchAction\",\"target\":{\"@type\":\"EntryPoint\",\"urlTemplate\":\"https:\/\/www.alliesofhumanity.org\/hr\/?s={search_term_string}\"},\"query-input\":{\"@type\":\"PropertyValueSpecification\",\"valueRequired\":true,\"valueName\":\"search_term_string\"}}],\"inLanguage\":\"hr\"}]}<\/script>\n<!-- \/ Yoast SEO plugin. -->","yoast_head_json":{"title":"Saveznici \u010covje\u010danstva Knjiga Tre\u0107a: Skrivene Mo\u0107i","description":"Saveznici govore o izvanzemaljskim skrivenim mo\u0107ima koje su ovdje bez dopu\u0161tenja i djeluju protiv ljudske volje i svijesti.","robots":{"index":"index","follow":"follow","max-snippet":"max-snippet:-1","max-image-preview":"max-image-preview:large","max-video-preview":"max-video-preview:-1"},"canonical":"https:\/\/www.alliesofhumanity.org\/hr\/the-briefings\/book-three\/hidden-powers\/","og_locale":"hr_HR","og_type":"article","og_title":"Saveznici \u010covje\u010danstva Knjiga Tre\u0107a: Skrivene Mo\u0107i","og_description":"Saveznici govore o izvanzemaljskim skrivenim mo\u0107ima koje su ovdje bez dopu\u0161tenja i djeluju protiv ljudske volje i svijesti.","og_url":"https:\/\/www.alliesofhumanity.org\/hr\/the-briefings\/book-three\/hidden-powers\/","og_site_name":"The Allies of Humanity","article_publisher":"https:\/\/www.facebook.com\/alliesofhumanity\/","article_modified_time":"2024-03-11T06:34:58+00:00","og_image":[{"width":1200,"height":630,"url":"https:\/\/www.alliesofhumanity.org\/wp-content\/uploads\/2021\/01\/og-socialmedia-aoh.jpg","type":"image\/jpeg"}],"twitter_card":"summary_large_image","twitter_title":"Saveznici \u010covje\u010danstva Knjiga Tre\u0107a: Skrivene Mo\u0107i","twitter_site":"@earthallies","schema":{"@context":"https:\/\/schema.org","@graph":[{"@type":"WebPage","@id":"https:\/\/www.alliesofhumanity.org\/hr\/the-briefings\/book-three\/hidden-powers\/","url":"https:\/\/www.alliesofhumanity.org\/hr\/the-briefings\/book-three\/hidden-powers\/","name":"Saveznici \u010covje\u010danstva Knjiga Tre\u0107a: Skrivene Mo\u0107i","isPartOf":{"@id":"https:\/\/www.alliesofhumanity.org\/hr\/#website"},"datePublished":"2021-02-09T16:45:09+00:00","dateModified":"2024-03-11T06:34:58+00:00","description":"Saveznici govore o izvanzemaljskim skrivenim mo\u0107ima koje su ovdje bez dopu\u0161tenja i djeluju protiv ljudske volje i svijesti.","breadcrumb":{"@id":"https:\/\/www.alliesofhumanity.org\/hr\/the-briefings\/book-three\/hidden-powers\/#breadcrumb"},"inLanguage":"hr","potentialAction":[{"@type":"ReadAction","target":["https:\/\/www.alliesofhumanity.org\/hr\/the-briefings\/book-three\/hidden-powers\/"]}]},{"@type":"BreadcrumbList","@id":"https:\/\/www.alliesofhumanity.org\/hr\/the-briefings\/book-three\/hidden-powers\/#breadcrumb","itemListElement":[{"@type":"ListItem","position":1,"name":"Izvje\u0161taji","item":"https:\/\/www.alliesofhumanity.org\/hr\/the-briefings\/"},{"@type":"ListItem","position":2,"name":"Knjiga Tre\u0107a","item":"https:\/\/www.alliesofhumanity.org\/hr\/the-briefings\/book-three\/"},{"@type":"ListItem","position":3,"name":"\u010cetvrto Izvje\u0161\u0107e: Skrivene Mo\u0107i"}]},{"@type":"WebSite","@id":"https:\/\/www.alliesofhumanity.org\/hr\/#website","url":"https:\/\/www.alliesofhumanity.org\/hr\/","name":"The Allies of Humanity","description":"","potentialAction":[{"@type":"SearchAction","target":{"@type":"EntryPoint","urlTemplate":"https:\/\/www.alliesofhumanity.org\/hr\/?s={search_term_string}"},"query-input":{"@type":"PropertyValueSpecification","valueRequired":true,"valueName":"search_term_string"}}],"inLanguage":"hr"}]}},"_links":{"self":[{"href":"https:\/\/www.alliesofhumanity.org\/hr\/wp-json\/wp\/v2\/pages\/12324","targetHints":{"allow":["GET"]}}],"collection":[{"href":"https:\/\/www.alliesofhumanity.org\/hr\/wp-json\/wp\/v2\/pages"}],"about":[{"href":"https:\/\/www.alliesofhumanity.org\/hr\/wp-json\/wp\/v2\/types\/page"}],"author":[{"embeddable":true,"href":"https:\/\/www.alliesofhumanity.org\/hr\/wp-json\/wp\/v2\/users\/23"}],"replies":[{"embeddable":true,"href":"https:\/\/www.alliesofhumanity.org\/hr\/wp-json\/wp\/v2\/comments?post=12324"}],"version-history":[{"count":5,"href":"https:\/\/www.alliesofhumanity.org\/hr\/wp-json\/wp\/v2\/pages\/12324\/revisions"}],"predecessor-version":[{"id":22005,"href":"https:\/\/www.alliesofhumanity.org\/hr\/wp-json\/wp\/v2\/pages\/12324\/revisions\/22005"}],"up":[{"embeddable":true,"href":"https:\/\/www.alliesofhumanity.org\/hr\/wp-json\/wp\/v2\/pages\/12314"}],"wp:attachment":[{"href":"https:\/\/www.alliesofhumanity.org\/hr\/wp-json\/wp\/v2\/media?parent=12324"}],"curies":[{"name":"wp","href":"https:\/\/api.w.org\/{rel}","templated":true}]}}