{"id":12320,"date":"2021-02-09T17:42:40","date_gmt":"2021-02-09T16:42:40","guid":{"rendered":"https:\/\/www.alliesofhumanity.org\/the-briefings\/book-three\/alien-intervention\/"},"modified":"2024-03-11T07:32:51","modified_gmt":"2024-03-11T06:32:51","slug":"alien-intervention","status":"publish","type":"page","link":"https:\/\/www.alliesofhumanity.org\/hr\/the-briefings\/book-three\/alien-intervention\/","title":{"rendered":"Tre\u0107e Izvje\u0161\u0107e: Oru\u0111a Intervencije"},"content":{"rendered":"\t\t<div data-elementor-type=\"wp-page\" data-elementor-id=\"12320\" class=\"elementor elementor-12320 elementor-2520\" data-elementor-post-type=\"page\">\t\t\t\t\t\t<section class=\"elementor-section elementor-top-section elementor-element elementor-element-16f0f418 elementor-section-boxed elementor-section-height-default elementor-section-height-default\" data-id=\"16f0f418\" data-element_type=\"section\">\t\t\t\t\t\t<div class=\"elementor-container elementor-column-gap-default\">\t\t\t\t\t<div class=\"elementor-column elementor-col-100 elementor-top-column elementor-element elementor-element-1e5bccc7\" data-id=\"1e5bccc7\" data-element_type=\"column\">\t\t\t<div class=\"elementor-widget-wrap elementor-element-populated\">\t\t\t\t\t\t<div class=\"elementor-element elementor-element-bb41b14 elementor-widget elementor-widget-text-editor\" data-id=\"bb41b14\" data-element_type=\"widget\" data-widget_type=\"text-editor.default\">\t\t\t\t<div class=\"elementor-widget-container\">\t\t\t\t\t\t\t\t\t<h5>\u010ceka se prijevod<\/h5>\r&nbsp;\t\t\t\t\t\t\t\t<\/div>\t\t\t\t<\/div>\t\t\t\t\t<\/div>\t\t<\/div>\t\t\t\t\t<\/div>\t\t<\/section>\t\t\t\t<\/div><p>\t\t<\/p>","protected":false},"excerpt":{"rendered":"<p>\u010ceka se prijevod &nbsp;<\/p>\n","protected":false},"author":23,"featured_media":0,"parent":12314,"menu_order":3,"comment_status":"closed","ping_status":"closed","template":"page.php","meta":{"_acf_changed":false,"footnotes":""},"class_list":["post-12320","page","type-page","status-publish","hentry"],"acf":[],"yoast_head":"<!-- This site is optimized with the Yoast SEO plugin v26.5 - https:\/\/yoast.com\/wordpress\/plugins\/seo\/ -->\n<title>Saveznici \u010dovje\u010danstva: alati za izvanzemaljsku intervenciju<\/title>\n<meta name=\"description\" content=\"Saveznici govore o kontaktu s izvanzemaljcima koji se doga\u0111a u svijetu u ovom trenutku, te o prirodi i aktivnostima ET intervencije.\" \/>\n<meta name=\"robots\" content=\"index, follow, max-snippet:-1, max-image-preview:large, max-video-preview:-1\" \/>\n<link rel=\"canonical\" href=\"https:\/\/www.alliesofhumanity.org\/hr\/the-briefings\/book-three\/alien-intervention\/\" \/>\n<meta property=\"og:locale\" content=\"hr_HR\" \/>\n<meta property=\"og:type\" content=\"article\" \/>\n<meta property=\"og:title\" content=\"Saveznici \u010dovje\u010danstva: alati za izvanzemaljsku intervenciju\" \/>\n<meta property=\"og:description\" content=\"Saveznici govore o kontaktu s izvanzemaljcima koji se doga\u0111a u svijetu u ovom trenutku, te o prirodi i aktivnostima ET intervencije.\" \/>\n<meta property=\"og:url\" content=\"https:\/\/www.alliesofhumanity.org\/hr\/the-briefings\/book-three\/alien-intervention\/\" \/>\n<meta property=\"og:site_name\" content=\"The Allies of Humanity\" \/>\n<meta property=\"article:publisher\" content=\"https:\/\/www.facebook.com\/alliesofhumanity\/\" \/>\n<meta property=\"article:modified_time\" content=\"2024-03-11T06:32:51+00:00\" \/>\n<meta property=\"og:image\" content=\"https:\/\/www.alliesofhumanity.org\/wp-content\/uploads\/2021\/01\/og-socialmedia-aoh.jpg\" \/>\n\t<meta property=\"og:image:width\" content=\"1200\" \/>\n\t<meta property=\"og:image:height\" content=\"630\" \/>\n\t<meta property=\"og:image:type\" content=\"image\/jpeg\" \/>\n<meta name=\"twitter:card\" content=\"summary_large_image\" \/>\n<meta name=\"twitter:title\" content=\"Saveznici \u010dovje\u010danstva: alati za izvanzemaljsku intervenciju\" \/>\n<meta name=\"twitter:site\" content=\"@earthallies\" \/>\n<script type=\"application\/ld+json\" class=\"yoast-schema-graph\">{\"@context\":\"https:\/\/schema.org\",\"@graph\":[{\"@type\":\"WebPage\",\"@id\":\"https:\/\/www.alliesofhumanity.org\/hr\/the-briefings\/book-three\/alien-intervention\/\",\"url\":\"https:\/\/www.alliesofhumanity.org\/hr\/the-briefings\/book-three\/alien-intervention\/\",\"name\":\"Saveznici \u010dovje\u010danstva: alati za izvanzemaljsku intervenciju\",\"isPartOf\":{\"@id\":\"https:\/\/www.alliesofhumanity.org\/hr\/#website\"},\"datePublished\":\"2021-02-09T16:42:40+00:00\",\"dateModified\":\"2024-03-11T06:32:51+00:00\",\"description\":\"Saveznici govore o kontaktu s izvanzemaljcima koji se doga\u0111a u svijetu u ovom trenutku, te o prirodi i aktivnostima ET intervencije.\",\"breadcrumb\":{\"@id\":\"https:\/\/www.alliesofhumanity.org\/hr\/the-briefings\/book-three\/alien-intervention\/#breadcrumb\"},\"inLanguage\":\"hr\",\"potentialAction\":[{\"@type\":\"ReadAction\",\"target\":[\"https:\/\/www.alliesofhumanity.org\/hr\/the-briefings\/book-three\/alien-intervention\/\"]}]},{\"@type\":\"BreadcrumbList\",\"@id\":\"https:\/\/www.alliesofhumanity.org\/hr\/the-briefings\/book-three\/alien-intervention\/#breadcrumb\",\"itemListElement\":[{\"@type\":\"ListItem\",\"position\":1,\"name\":\"Izvje\u0161taji\",\"item\":\"https:\/\/www.alliesofhumanity.org\/hr\/the-briefings\/\"},{\"@type\":\"ListItem\",\"position\":2,\"name\":\"Knjiga Tre\u0107a\",\"item\":\"https:\/\/www.alliesofhumanity.org\/hr\/the-briefings\/book-three\/\"},{\"@type\":\"ListItem\",\"position\":3,\"name\":\"Tre\u0107e Izvje\u0161\u0107e: Oru\u0111a Intervencije\"}]},{\"@type\":\"WebSite\",\"@id\":\"https:\/\/www.alliesofhumanity.org\/hr\/#website\",\"url\":\"https:\/\/www.alliesofhumanity.org\/hr\/\",\"name\":\"The Allies of Humanity\",\"description\":\"\",\"potentialAction\":[{\"@type\":\"SearchAction\",\"target\":{\"@type\":\"EntryPoint\",\"urlTemplate\":\"https:\/\/www.alliesofhumanity.org\/hr\/?s={search_term_string}\"},\"query-input\":{\"@type\":\"PropertyValueSpecification\",\"valueRequired\":true,\"valueName\":\"search_term_string\"}}],\"inLanguage\":\"hr\"}]}<\/script>\n<!-- \/ Yoast SEO plugin. -->","yoast_head_json":{"title":"Saveznici \u010dovje\u010danstva: alati za izvanzemaljsku intervenciju","description":"Saveznici govore o kontaktu s izvanzemaljcima koji se doga\u0111a u svijetu u ovom trenutku, te o prirodi i aktivnostima ET intervencije.","robots":{"index":"index","follow":"follow","max-snippet":"max-snippet:-1","max-image-preview":"max-image-preview:large","max-video-preview":"max-video-preview:-1"},"canonical":"https:\/\/www.alliesofhumanity.org\/hr\/the-briefings\/book-three\/alien-intervention\/","og_locale":"hr_HR","og_type":"article","og_title":"Saveznici \u010dovje\u010danstva: alati za izvanzemaljsku intervenciju","og_description":"Saveznici govore o kontaktu s izvanzemaljcima koji se doga\u0111a u svijetu u ovom trenutku, te o prirodi i aktivnostima ET intervencije.","og_url":"https:\/\/www.alliesofhumanity.org\/hr\/the-briefings\/book-three\/alien-intervention\/","og_site_name":"The Allies of Humanity","article_publisher":"https:\/\/www.facebook.com\/alliesofhumanity\/","article_modified_time":"2024-03-11T06:32:51+00:00","og_image":[{"width":1200,"height":630,"url":"https:\/\/www.alliesofhumanity.org\/wp-content\/uploads\/2021\/01\/og-socialmedia-aoh.jpg","type":"image\/jpeg"}],"twitter_card":"summary_large_image","twitter_title":"Saveznici \u010dovje\u010danstva: alati za izvanzemaljsku intervenciju","twitter_site":"@earthallies","schema":{"@context":"https:\/\/schema.org","@graph":[{"@type":"WebPage","@id":"https:\/\/www.alliesofhumanity.org\/hr\/the-briefings\/book-three\/alien-intervention\/","url":"https:\/\/www.alliesofhumanity.org\/hr\/the-briefings\/book-three\/alien-intervention\/","name":"Saveznici \u010dovje\u010danstva: alati za izvanzemaljsku intervenciju","isPartOf":{"@id":"https:\/\/www.alliesofhumanity.org\/hr\/#website"},"datePublished":"2021-02-09T16:42:40+00:00","dateModified":"2024-03-11T06:32:51+00:00","description":"Saveznici govore o kontaktu s izvanzemaljcima koji se doga\u0111a u svijetu u ovom trenutku, te o prirodi i aktivnostima ET intervencije.","breadcrumb":{"@id":"https:\/\/www.alliesofhumanity.org\/hr\/the-briefings\/book-three\/alien-intervention\/#breadcrumb"},"inLanguage":"hr","potentialAction":[{"@type":"ReadAction","target":["https:\/\/www.alliesofhumanity.org\/hr\/the-briefings\/book-three\/alien-intervention\/"]}]},{"@type":"BreadcrumbList","@id":"https:\/\/www.alliesofhumanity.org\/hr\/the-briefings\/book-three\/alien-intervention\/#breadcrumb","itemListElement":[{"@type":"ListItem","position":1,"name":"Izvje\u0161taji","item":"https:\/\/www.alliesofhumanity.org\/hr\/the-briefings\/"},{"@type":"ListItem","position":2,"name":"Knjiga Tre\u0107a","item":"https:\/\/www.alliesofhumanity.org\/hr\/the-briefings\/book-three\/"},{"@type":"ListItem","position":3,"name":"Tre\u0107e Izvje\u0161\u0107e: Oru\u0111a Intervencije"}]},{"@type":"WebSite","@id":"https:\/\/www.alliesofhumanity.org\/hr\/#website","url":"https:\/\/www.alliesofhumanity.org\/hr\/","name":"The Allies of Humanity","description":"","potentialAction":[{"@type":"SearchAction","target":{"@type":"EntryPoint","urlTemplate":"https:\/\/www.alliesofhumanity.org\/hr\/?s={search_term_string}"},"query-input":{"@type":"PropertyValueSpecification","valueRequired":true,"valueName":"search_term_string"}}],"inLanguage":"hr"}]}},"_links":{"self":[{"href":"https:\/\/www.alliesofhumanity.org\/hr\/wp-json\/wp\/v2\/pages\/12320","targetHints":{"allow":["GET"]}}],"collection":[{"href":"https:\/\/www.alliesofhumanity.org\/hr\/wp-json\/wp\/v2\/pages"}],"about":[{"href":"https:\/\/www.alliesofhumanity.org\/hr\/wp-json\/wp\/v2\/types\/page"}],"author":[{"embeddable":true,"href":"https:\/\/www.alliesofhumanity.org\/hr\/wp-json\/wp\/v2\/users\/23"}],"replies":[{"embeddable":true,"href":"https:\/\/www.alliesofhumanity.org\/hr\/wp-json\/wp\/v2\/comments?post=12320"}],"version-history":[{"count":5,"href":"https:\/\/www.alliesofhumanity.org\/hr\/wp-json\/wp\/v2\/pages\/12320\/revisions"}],"predecessor-version":[{"id":22004,"href":"https:\/\/www.alliesofhumanity.org\/hr\/wp-json\/wp\/v2\/pages\/12320\/revisions\/22004"}],"up":[{"embeddable":true,"href":"https:\/\/www.alliesofhumanity.org\/hr\/wp-json\/wp\/v2\/pages\/12314"}],"wp:attachment":[{"href":"https:\/\/www.alliesofhumanity.org\/hr\/wp-json\/wp\/v2\/media?parent=12320"}],"curies":[{"name":"wp","href":"https:\/\/api.w.org\/{rel}","templated":true}]}}