{"id":12314,"date":"2021-02-09T03:26:41","date_gmt":"2021-02-09T02:26:41","guid":{"rendered":"https:\/\/www.alliesofhumanity.org\/the-briefings\/book-three\/"},"modified":"2024-03-11T07:24:35","modified_gmt":"2024-03-11T06:24:35","slug":"book-three","status":"publish","type":"page","link":"https:\/\/www.alliesofhumanity.org\/hr\/the-briefings\/book-three\/","title":{"rendered":"Knjiga Tre\u0107a"},"content":{"rendered":"<h5>Sva Izvje\u0161\u0107a Saveznika \u010covje\u010danstva su dostupna besplatno online. Zapo\u010dnite putovanje sa Saveznicima Knjigom Tre\u0107om.<\/h5>\n<p>Saveznici \u010covje\u010danstva Knjiga Tre\u0107a predstavlja tre\u0107i skup \u201eIzvje\u0161taja\u201c od misterioznog izvora izvan planete \u010dija je izjavljena svrha orijentirati ljudsku obitelj prema stvarnostima \u017eivota u na\u0161em lokalnom svemiru te nas upozoriti na opasnu Intervenciju koja se sada de\u0161ava ovdje na Zemlji.<\/p>\n<p>Izvje\u0161\u0107a Saveznika \u010covje\u010danstva su autenti\u010dna komunikacija od grupe koja tvrdi da predstavlja \u201eslobodne rase\u201c u na\u0161em lokalnom dijelu svemira. Saveznici se razlikuju od onih rasa koje se upli\u0107u u svijetu danas. Upozoravaju nas na prisutnost ove Intervencije, inzistiraju\u0107i da niti jedna strana rasa ne bi trebala posje\u0107ivati na\u0161 svijet, ili sada ili u budu\u0107nosti, sve dok \u010dovje\u010danstvo ne stekne snagu, jedinstvo i zrelost potrebnu kako bi uspje\u0161no sudjelovala s Ve\u0107om Zajednicom inteligentnog \u017eivota u svemiru.<\/p>\n<p>Da li \u010dovje\u010danstvo ikada mo\u017ee ste\u0107i ovo je neizvjesno, no Saveznici nam govore da je Intervencija u na\u0161em svijetu ve\u0107 zapo\u010dela od strane nekoliko ne-vojnih rasa koje nastoje uspostaviti svoj utjecaj i dominaciju u na\u0161em svijetu kroz obmanjuju\u0107e i uvjerljive na\u010dine.<\/p>\n<p>Izvje\u0161\u0107a otkrivaju kako smo u nepovoljnoj poziciji rase koja biva otkrivena. Povijest nas je nau\u010dila opasnost i tragediju s kojom su doma\u0107i stanovnici bili suo\u010deni kada su se susreli s vanjskim silama po prvi puta. Sada smo svi domoroci novog svijeta, a prijetnja Intervencije je nad nama. Kao rezultat toga, Saveznici nas pozivaju da izgradimo dovoljno ljudskog jedinstva me\u0111u plemenima, nacijama i religijama Zemlje kako bi mogli za\u0161tititi svoju slobodu u ne-ljudskom svemiru.<\/p>\n<p>Marshall Vian Summers primio je ovu jedinstvenu komunikaciju od Saveznika \u010covje\u010danstva u stanju otkrivenja po\u010dev\u0161i u studenom 1997. U godinama nakon, Saveznici su dostavili jo\u0161 tri skupa Izvje\u0161taja.<\/p>\n<p>Sa Saveznicima \u010covje\u010danstva, po prvi puta, dan nam je prozor u stvarnost \u017eivota izvan na\u0161eg svijeta, pogled koji ina\u010de nikada ne bismo imali. Ovo stvara ve\u0107i kontekst za razumijevanje za\u0161to se Intervencija de\u0161ava,<br \/>\ntko ju stvara te \u0161to \u0107e \u010dovje\u010danstvo morati znati kako bi o\u010duvalo i izgradilo ljudsku slobodu i suverenost kako bi mogli ispuniti svoju sudbinu kao slobodna rasa u svemiru.<\/p>\n<p><!--\n\nGet a copy of the book:\n\n\n<ul>\n \t\n\n<li>Print version: not available currently.<\/li>\n\n\n \t\n\n<li>Ebook format: <a href=\"https:\/\/newknowledgelibrary.org\/e-books\/the-allies-of-humanity-book-three-english-ebook\/\" target=\"_blank\" rel=\"noopener\">New Knowledge Library<\/a>, <a href=\"https:\/\/www.amazon.com\/Allies-Humanity-Book-Three-ebook\/dp\/B0078VIQTG\" target=\"_blank\" rel=\"noopener\">Kindle version on Amazon<\/a>, <a href=\"https:\/\/books.apple.com\/us\/book\/the-allies-of-humanity-book-three\/id894110421\" target=\"_blank\" rel=\"noopener\">Apple Books<\/a> or <a href=\"https:\/\/play.google.com\/store\/books\/details\/Marshall_Vian_Summers_The_Allies_of_Humanity_Book?id=7Uu_YwzD4HMC\" target=\"_blank\" rel=\"noopener\">Google Play<\/a>.<\/li>\n\n\n<\/ul>\n\n\n--><\/p>\n<hr \/>\n<h5>Pro\u010ditajte ovdje besplatno online!<\/h5>\n<p>Sadr\u017eaj:<\/p>\n<p><a href=\"contact-with-extraterestrial-races\">Prvo Izvje\u0161\u0107e: Stvarnost Kontakta<br \/>\n<\/a><\/p>\n<p><a href=\"requirements-freedom-universe\">Drugo Izvje\u0161\u0107e: Uvjeti za Slobodu u Svemiru<\/a><\/p>\n<p><a href=\"alien-intervention\">Tre\u0107e Izvje\u0161\u0107e: Oru\u0111a Intervencije<\/a><\/p>\n<p><a href=\"hidden-powers\">\u010cetvrto Izvje\u0161\u0107e: Skrivene Mo\u0107i<\/a><\/p>\n<p><a href=\"voices-universe-messages-space\">Peto Izvje\u0161\u0107e: Mnogi Glasovi u Svemiru<\/a><\/p>\n<p><a href=\"Life-Beyond-Earth\">\u0160esto Izvje\u0161\u0107e: Stvarnosti Ve\u0107e Zajednice<\/a><\/p>\n<p><a href=\"questions-about-aliens\">Sedmo Izvje\u0161\u0107e: Pitanja i Odgovori<br \/>\n<\/a><\/p>\n<p>Dru\u0161tvo za Novu Poruku sada pru\u017ea sve \u010detiri knjige <em>Saveznika \u010covje\u010danstva<\/em> online bez naknade. \u010cinimo ovo kako bi ova poruka mogla dose\u0107i \u0161to je vi\u0161e ljudi mogu\u0107e, na lokalnoj razini i tako\u0111er na pozicijama politi\u010dke, ekonomske i religijske mo\u0107i.<\/p>\n","protected":false},"excerpt":{"rendered":"<p>Sva Izvje\u0161\u0107a Saveznika \u010covje\u010danstva su dostupna besplatno online. Zapo\u010dnite putovanje sa Saveznicima Knjigom Tre\u0107om. Saveznici \u010covje\u010danstva Knjiga Tre\u0107a predstavlja tre\u0107i skup \u201eIzvje\u0161taja\u201c od misterioznog izvora izvan planete \u010dija je izjavljena svrha orijentirati ljudsku obitelj prema stvarnostima \u017eivota u na\u0161em lokalnom svemiru te nas upozoriti na opasnu Intervenciju koja se sada de\u0161ava ovdje na Zemlji. Izvje\u0161\u0107a [&hellip;]<\/p>\n","protected":false},"author":25,"featured_media":0,"parent":11909,"menu_order":3,"comment_status":"closed","ping_status":"closed","template":"page-book-start.php","meta":{"_acf_changed":false,"footnotes":""},"class_list":["post-12314","page","type-page","status-publish","hentry"],"acf":[],"yoast_head":"<!-- This site is optimized with the Yoast SEO plugin v26.5 - https:\/\/yoast.com\/wordpress\/plugins\/seo\/ -->\n<title>Izvje\u0161\u0107a Saveznika \u010covje\u010danstva Knjiga Tre\u0107a: Poruka Zemlji<\/title>\n<meta name=\"description\" content=\"saveznici \u010dovje\u010danstva govore o \u017eivotnim stvarnostima - trgovini i trgovini, interakcijama - koje postoje u na\u0161em susjedstvu svemira.\" \/>\n<meta name=\"robots\" content=\"index, follow, max-snippet:-1, max-image-preview:large, max-video-preview:-1\" \/>\n<link rel=\"canonical\" href=\"https:\/\/www.alliesofhumanity.org\/hr\/the-briefings\/book-three\/\" \/>\n<meta property=\"og:locale\" content=\"hr_HR\" \/>\n<meta property=\"og:type\" content=\"article\" \/>\n<meta property=\"og:title\" content=\"Izvje\u0161\u0107a Saveznika \u010covje\u010danstva Knjiga Tre\u0107a: Poruka Zemlji\" \/>\n<meta property=\"og:description\" content=\"saveznici \u010dovje\u010danstva govore o \u017eivotnim stvarnostima - trgovini i trgovini, interakcijama - koje postoje u na\u0161em susjedstvu svemira.\" \/>\n<meta property=\"og:url\" content=\"https:\/\/www.alliesofhumanity.org\/hr\/the-briefings\/book-three\/\" \/>\n<meta property=\"og:site_name\" content=\"The Allies of Humanity\" \/>\n<meta property=\"article:publisher\" content=\"https:\/\/www.facebook.com\/alliesofhumanity\/\" \/>\n<meta property=\"article:modified_time\" content=\"2024-03-11T06:24:35+00:00\" \/>\n<meta property=\"og:image\" content=\"https:\/\/www.alliesofhumanity.org\/wp-content\/uploads\/2021\/01\/og-socialmedia-aoh.jpg\" \/>\n\t<meta property=\"og:image:width\" content=\"1200\" \/>\n\t<meta property=\"og:image:height\" content=\"630\" \/>\n\t<meta property=\"og:image:type\" content=\"image\/jpeg\" \/>\n<meta name=\"twitter:card\" content=\"summary_large_image\" \/>\n<meta name=\"twitter:title\" content=\"Izvje\u0161\u0107a Saveznika \u010covje\u010danstva Knjiga Tre\u0107a: Poruka Zemlji\" \/>\n<meta name=\"twitter:site\" content=\"@earthallies\" \/>\n<meta name=\"twitter:label1\" content=\"Procijenjeno vrijeme \u010ditanja\" \/>\n\t<meta name=\"twitter:data1\" content=\"2 minute\" \/>\n<script type=\"application\/ld+json\" class=\"yoast-schema-graph\">{\"@context\":\"https:\/\/schema.org\",\"@graph\":[{\"@type\":\"WebPage\",\"@id\":\"https:\/\/www.alliesofhumanity.org\/hr\/the-briefings\/book-three\/\",\"url\":\"https:\/\/www.alliesofhumanity.org\/hr\/the-briefings\/book-three\/\",\"name\":\"Izvje\u0161\u0107a Saveznika \u010covje\u010danstva Knjiga Tre\u0107a: Poruka Zemlji\",\"isPartOf\":{\"@id\":\"https:\/\/www.alliesofhumanity.org\/hr\/#website\"},\"datePublished\":\"2021-02-09T02:26:41+00:00\",\"dateModified\":\"2024-03-11T06:24:35+00:00\",\"description\":\"saveznici \u010dovje\u010danstva govore o \u017eivotnim stvarnostima - trgovini i trgovini, interakcijama - koje postoje u na\u0161em susjedstvu svemira.\",\"breadcrumb\":{\"@id\":\"https:\/\/www.alliesofhumanity.org\/hr\/the-briefings\/book-three\/#breadcrumb\"},\"inLanguage\":\"hr\",\"potentialAction\":[{\"@type\":\"ReadAction\",\"target\":[\"https:\/\/www.alliesofhumanity.org\/hr\/the-briefings\/book-three\/\"]}]},{\"@type\":\"BreadcrumbList\",\"@id\":\"https:\/\/www.alliesofhumanity.org\/hr\/the-briefings\/book-three\/#breadcrumb\",\"itemListElement\":[{\"@type\":\"ListItem\",\"position\":1,\"name\":\"Izvje\u0161taji\",\"item\":\"https:\/\/www.alliesofhumanity.org\/hr\/the-briefings\/\"},{\"@type\":\"ListItem\",\"position\":2,\"name\":\"Knjiga Tre\u0107a\"}]},{\"@type\":\"WebSite\",\"@id\":\"https:\/\/www.alliesofhumanity.org\/hr\/#website\",\"url\":\"https:\/\/www.alliesofhumanity.org\/hr\/\",\"name\":\"The Allies of Humanity\",\"description\":\"\",\"potentialAction\":[{\"@type\":\"SearchAction\",\"target\":{\"@type\":\"EntryPoint\",\"urlTemplate\":\"https:\/\/www.alliesofhumanity.org\/hr\/?s={search_term_string}\"},\"query-input\":{\"@type\":\"PropertyValueSpecification\",\"valueRequired\":true,\"valueName\":\"search_term_string\"}}],\"inLanguage\":\"hr\"}]}<\/script>\n<!-- \/ Yoast SEO plugin. -->","yoast_head_json":{"title":"Izvje\u0161\u0107a Saveznika \u010covje\u010danstva Knjiga Tre\u0107a: Poruka Zemlji","description":"saveznici \u010dovje\u010danstva govore o \u017eivotnim stvarnostima - trgovini i trgovini, interakcijama - koje postoje u na\u0161em susjedstvu svemira.","robots":{"index":"index","follow":"follow","max-snippet":"max-snippet:-1","max-image-preview":"max-image-preview:large","max-video-preview":"max-video-preview:-1"},"canonical":"https:\/\/www.alliesofhumanity.org\/hr\/the-briefings\/book-three\/","og_locale":"hr_HR","og_type":"article","og_title":"Izvje\u0161\u0107a Saveznika \u010covje\u010danstva Knjiga Tre\u0107a: Poruka Zemlji","og_description":"saveznici \u010dovje\u010danstva govore o \u017eivotnim stvarnostima - trgovini i trgovini, interakcijama - koje postoje u na\u0161em susjedstvu svemira.","og_url":"https:\/\/www.alliesofhumanity.org\/hr\/the-briefings\/book-three\/","og_site_name":"The Allies of Humanity","article_publisher":"https:\/\/www.facebook.com\/alliesofhumanity\/","article_modified_time":"2024-03-11T06:24:35+00:00","og_image":[{"width":1200,"height":630,"url":"https:\/\/www.alliesofhumanity.org\/wp-content\/uploads\/2021\/01\/og-socialmedia-aoh.jpg","type":"image\/jpeg"}],"twitter_card":"summary_large_image","twitter_title":"Izvje\u0161\u0107a Saveznika \u010covje\u010danstva Knjiga Tre\u0107a: Poruka Zemlji","twitter_site":"@earthallies","twitter_misc":{"Procijenjeno vrijeme \u010ditanja":"2 minute"},"schema":{"@context":"https:\/\/schema.org","@graph":[{"@type":"WebPage","@id":"https:\/\/www.alliesofhumanity.org\/hr\/the-briefings\/book-three\/","url":"https:\/\/www.alliesofhumanity.org\/hr\/the-briefings\/book-three\/","name":"Izvje\u0161\u0107a Saveznika \u010covje\u010danstva Knjiga Tre\u0107a: Poruka Zemlji","isPartOf":{"@id":"https:\/\/www.alliesofhumanity.org\/hr\/#website"},"datePublished":"2021-02-09T02:26:41+00:00","dateModified":"2024-03-11T06:24:35+00:00","description":"saveznici \u010dovje\u010danstva govore o \u017eivotnim stvarnostima - trgovini i trgovini, interakcijama - koje postoje u na\u0161em susjedstvu svemira.","breadcrumb":{"@id":"https:\/\/www.alliesofhumanity.org\/hr\/the-briefings\/book-three\/#breadcrumb"},"inLanguage":"hr","potentialAction":[{"@type":"ReadAction","target":["https:\/\/www.alliesofhumanity.org\/hr\/the-briefings\/book-three\/"]}]},{"@type":"BreadcrumbList","@id":"https:\/\/www.alliesofhumanity.org\/hr\/the-briefings\/book-three\/#breadcrumb","itemListElement":[{"@type":"ListItem","position":1,"name":"Izvje\u0161taji","item":"https:\/\/www.alliesofhumanity.org\/hr\/the-briefings\/"},{"@type":"ListItem","position":2,"name":"Knjiga Tre\u0107a"}]},{"@type":"WebSite","@id":"https:\/\/www.alliesofhumanity.org\/hr\/#website","url":"https:\/\/www.alliesofhumanity.org\/hr\/","name":"The Allies of Humanity","description":"","potentialAction":[{"@type":"SearchAction","target":{"@type":"EntryPoint","urlTemplate":"https:\/\/www.alliesofhumanity.org\/hr\/?s={search_term_string}"},"query-input":{"@type":"PropertyValueSpecification","valueRequired":true,"valueName":"search_term_string"}}],"inLanguage":"hr"}]}},"_links":{"self":[{"href":"https:\/\/www.alliesofhumanity.org\/hr\/wp-json\/wp\/v2\/pages\/12314","targetHints":{"allow":["GET"]}}],"collection":[{"href":"https:\/\/www.alliesofhumanity.org\/hr\/wp-json\/wp\/v2\/pages"}],"about":[{"href":"https:\/\/www.alliesofhumanity.org\/hr\/wp-json\/wp\/v2\/types\/page"}],"author":[{"embeddable":true,"href":"https:\/\/www.alliesofhumanity.org\/hr\/wp-json\/wp\/v2\/users\/25"}],"replies":[{"embeddable":true,"href":"https:\/\/www.alliesofhumanity.org\/hr\/wp-json\/wp\/v2\/comments?post=12314"}],"version-history":[{"count":5,"href":"https:\/\/www.alliesofhumanity.org\/hr\/wp-json\/wp\/v2\/pages\/12314\/revisions"}],"predecessor-version":[{"id":17842,"href":"https:\/\/www.alliesofhumanity.org\/hr\/wp-json\/wp\/v2\/pages\/12314\/revisions\/17842"}],"up":[{"embeddable":true,"href":"https:\/\/www.alliesofhumanity.org\/hr\/wp-json\/wp\/v2\/pages\/11909"}],"wp:attachment":[{"href":"https:\/\/www.alliesofhumanity.org\/hr\/wp-json\/wp\/v2\/media?parent=12314"}],"curies":[{"name":"wp","href":"https:\/\/api.w.org\/{rel}","templated":true}]}}