{"id":12310,"date":"2021-02-09T03:16:49","date_gmt":"2021-02-09T02:16:49","guid":{"rendered":"https:\/\/www.alliesofhumanity.org\/the-briefings\/book-two\/effects-of-the-pacification-program-second-commentary\/"},"modified":"2024-03-11T07:22:14","modified_gmt":"2024-03-11T06:22:14","slug":"effects-of-the-pacification-program-second-commentary","status":"publish","type":"page","link":"https:\/\/www.alliesofhumanity.org\/hr\/the-briefings\/book-two\/effects-of-the-pacification-program-second-commentary\/","title":{"rendered":"Drugi Komentar &#8211; U\u010dinci Programa Pacifikacije"},"content":{"rendered":"\t\t<div data-elementor-type=\"wp-page\" data-elementor-id=\"12310\" class=\"elementor elementor-12310 elementor-2510\" data-elementor-post-type=\"page\">\t\t\t\t\t\t<section class=\"elementor-section elementor-top-section elementor-element elementor-element-37db849b elementor-section-boxed elementor-section-height-default elementor-section-height-default\" data-id=\"37db849b\" data-element_type=\"section\">\t\t\t\t\t\t<div class=\"elementor-container elementor-column-gap-default\">\t\t\t\t\t<div class=\"elementor-column elementor-col-100 elementor-top-column elementor-element elementor-element-775c8b71\" data-id=\"775c8b71\" data-element_type=\"column\">\t\t\t<div class=\"elementor-widget-wrap elementor-element-populated\">\t\t\t\t\t\t<div class=\"elementor-element elementor-element-b312dc0 elementor-widget elementor-widget-text-editor\" data-id=\"b312dc0\" data-element_type=\"widget\" data-widget_type=\"text-editor.default\">\t\t\t\t<div class=\"elementor-widget-container\">\t\t\t\t\t\t\t\t\t<h5>\u010ceka se prijevod<\/h5>\r<p class=\"nm-body-western\" lang=\"\"><\/p>\t\t\t\t\t\t\t\t<\/div>\t\t\t\t<\/div>\t\t\t\t\t<\/div>\t\t<\/div>\t\t\t\t\t<\/div>\t\t<\/section>\t\t\t\t<\/div><p>\t\t<\/p>","protected":false},"excerpt":{"rendered":"<p>\u010ceka se prijevod<\/p>\n","protected":false},"author":23,"featured_media":0,"parent":12292,"menu_order":8,"comment_status":"closed","ping_status":"closed","template":"page.php","meta":{"_acf_changed":false,"footnotes":""},"class_list":["post-12310","page","type-page","status-publish","hentry"],"acf":[],"yoast_head":"<!-- This site is optimized with the Yoast SEO plugin v26.5 - https:\/\/yoast.com\/wordpress\/plugins\/seo\/ -->\n<title>Izvanzemaljski kontakt i pacifikacija \u010dovje\u010danstva<\/title>\n<meta name=\"description\" content=\"Saznajte vi\u0161e o Programu smirivanja koji generiraju izvanzemaljske skupine koje danas interveniraju u svijetu.\" \/>\n<meta name=\"robots\" content=\"index, follow, max-snippet:-1, max-image-preview:large, max-video-preview:-1\" \/>\n<link rel=\"canonical\" href=\"https:\/\/www.alliesofhumanity.org\/hr\/the-briefings\/book-two\/effects-of-the-pacification-program-second-commentary\/\" \/>\n<meta property=\"og:locale\" content=\"hr_HR\" \/>\n<meta property=\"og:type\" content=\"article\" \/>\n<meta property=\"og:title\" content=\"Izvanzemaljski kontakt i pacifikacija \u010dovje\u010danstva\" \/>\n<meta property=\"og:description\" content=\"Saznajte vi\u0161e o Programu smirivanja koji generiraju izvanzemaljske skupine koje danas interveniraju u svijetu.\" \/>\n<meta property=\"og:url\" content=\"https:\/\/www.alliesofhumanity.org\/hr\/the-briefings\/book-two\/effects-of-the-pacification-program-second-commentary\/\" \/>\n<meta property=\"og:site_name\" content=\"The Allies of Humanity\" \/>\n<meta property=\"article:publisher\" content=\"https:\/\/www.facebook.com\/alliesofhumanity\/\" \/>\n<meta property=\"article:modified_time\" content=\"2024-03-11T06:22:14+00:00\" \/>\n<meta property=\"og:image\" content=\"https:\/\/www.alliesofhumanity.org\/wp-content\/uploads\/2021\/01\/og-socialmedia-aoh.jpg\" \/>\n\t<meta property=\"og:image:width\" content=\"1200\" \/>\n\t<meta property=\"og:image:height\" content=\"630\" \/>\n\t<meta property=\"og:image:type\" content=\"image\/jpeg\" \/>\n<meta name=\"twitter:card\" content=\"summary_large_image\" \/>\n<meta name=\"twitter:title\" content=\"Izvanzemaljski kontakt i pacifikacija \u010dovje\u010danstva\" \/>\n<meta name=\"twitter:site\" content=\"@earthallies\" \/>\n<script type=\"application\/ld+json\" class=\"yoast-schema-graph\">{\"@context\":\"https:\/\/schema.org\",\"@graph\":[{\"@type\":\"WebPage\",\"@id\":\"https:\/\/www.alliesofhumanity.org\/hr\/the-briefings\/book-two\/effects-of-the-pacification-program-second-commentary\/\",\"url\":\"https:\/\/www.alliesofhumanity.org\/hr\/the-briefings\/book-two\/effects-of-the-pacification-program-second-commentary\/\",\"name\":\"Izvanzemaljski kontakt i pacifikacija \u010dovje\u010danstva\",\"isPartOf\":{\"@id\":\"https:\/\/www.alliesofhumanity.org\/hr\/#website\"},\"datePublished\":\"2021-02-09T02:16:49+00:00\",\"dateModified\":\"2024-03-11T06:22:14+00:00\",\"description\":\"Saznajte vi\u0161e o Programu smirivanja koji generiraju izvanzemaljske skupine koje danas interveniraju u svijetu.\",\"breadcrumb\":{\"@id\":\"https:\/\/www.alliesofhumanity.org\/hr\/the-briefings\/book-two\/effects-of-the-pacification-program-second-commentary\/#breadcrumb\"},\"inLanguage\":\"hr\",\"potentialAction\":[{\"@type\":\"ReadAction\",\"target\":[\"https:\/\/www.alliesofhumanity.org\/hr\/the-briefings\/book-two\/effects-of-the-pacification-program-second-commentary\/\"]}]},{\"@type\":\"BreadcrumbList\",\"@id\":\"https:\/\/www.alliesofhumanity.org\/hr\/the-briefings\/book-two\/effects-of-the-pacification-program-second-commentary\/#breadcrumb\",\"itemListElement\":[{\"@type\":\"ListItem\",\"position\":1,\"name\":\"Izvje\u0161taji\",\"item\":\"https:\/\/www.alliesofhumanity.org\/hr\/the-briefings\/\"},{\"@type\":\"ListItem\",\"position\":2,\"name\":\"Knjiga Druga\",\"item\":\"https:\/\/www.alliesofhumanity.org\/hr\/the-briefings\/book-two\/\"},{\"@type\":\"ListItem\",\"position\":3,\"name\":\"Drugi Komentar &#8211; U\u010dinci Programa Pacifikacije\"}]},{\"@type\":\"WebSite\",\"@id\":\"https:\/\/www.alliesofhumanity.org\/hr\/#website\",\"url\":\"https:\/\/www.alliesofhumanity.org\/hr\/\",\"name\":\"The Allies of Humanity\",\"description\":\"\",\"potentialAction\":[{\"@type\":\"SearchAction\",\"target\":{\"@type\":\"EntryPoint\",\"urlTemplate\":\"https:\/\/www.alliesofhumanity.org\/hr\/?s={search_term_string}\"},\"query-input\":{\"@type\":\"PropertyValueSpecification\",\"valueRequired\":true,\"valueName\":\"search_term_string\"}}],\"inLanguage\":\"hr\"}]}<\/script>\n<!-- \/ Yoast SEO plugin. -->","yoast_head_json":{"title":"Izvanzemaljski kontakt i pacifikacija \u010dovje\u010danstva","description":"Saznajte vi\u0161e o Programu smirivanja koji generiraju izvanzemaljske skupine koje danas interveniraju u svijetu.","robots":{"index":"index","follow":"follow","max-snippet":"max-snippet:-1","max-image-preview":"max-image-preview:large","max-video-preview":"max-video-preview:-1"},"canonical":"https:\/\/www.alliesofhumanity.org\/hr\/the-briefings\/book-two\/effects-of-the-pacification-program-second-commentary\/","og_locale":"hr_HR","og_type":"article","og_title":"Izvanzemaljski kontakt i pacifikacija \u010dovje\u010danstva","og_description":"Saznajte vi\u0161e o Programu smirivanja koji generiraju izvanzemaljske skupine koje danas interveniraju u svijetu.","og_url":"https:\/\/www.alliesofhumanity.org\/hr\/the-briefings\/book-two\/effects-of-the-pacification-program-second-commentary\/","og_site_name":"The Allies of Humanity","article_publisher":"https:\/\/www.facebook.com\/alliesofhumanity\/","article_modified_time":"2024-03-11T06:22:14+00:00","og_image":[{"width":1200,"height":630,"url":"https:\/\/www.alliesofhumanity.org\/wp-content\/uploads\/2021\/01\/og-socialmedia-aoh.jpg","type":"image\/jpeg"}],"twitter_card":"summary_large_image","twitter_title":"Izvanzemaljski kontakt i pacifikacija \u010dovje\u010danstva","twitter_site":"@earthallies","schema":{"@context":"https:\/\/schema.org","@graph":[{"@type":"WebPage","@id":"https:\/\/www.alliesofhumanity.org\/hr\/the-briefings\/book-two\/effects-of-the-pacification-program-second-commentary\/","url":"https:\/\/www.alliesofhumanity.org\/hr\/the-briefings\/book-two\/effects-of-the-pacification-program-second-commentary\/","name":"Izvanzemaljski kontakt i pacifikacija \u010dovje\u010danstva","isPartOf":{"@id":"https:\/\/www.alliesofhumanity.org\/hr\/#website"},"datePublished":"2021-02-09T02:16:49+00:00","dateModified":"2024-03-11T06:22:14+00:00","description":"Saznajte vi\u0161e o Programu smirivanja koji generiraju izvanzemaljske skupine koje danas interveniraju u svijetu.","breadcrumb":{"@id":"https:\/\/www.alliesofhumanity.org\/hr\/the-briefings\/book-two\/effects-of-the-pacification-program-second-commentary\/#breadcrumb"},"inLanguage":"hr","potentialAction":[{"@type":"ReadAction","target":["https:\/\/www.alliesofhumanity.org\/hr\/the-briefings\/book-two\/effects-of-the-pacification-program-second-commentary\/"]}]},{"@type":"BreadcrumbList","@id":"https:\/\/www.alliesofhumanity.org\/hr\/the-briefings\/book-two\/effects-of-the-pacification-program-second-commentary\/#breadcrumb","itemListElement":[{"@type":"ListItem","position":1,"name":"Izvje\u0161taji","item":"https:\/\/www.alliesofhumanity.org\/hr\/the-briefings\/"},{"@type":"ListItem","position":2,"name":"Knjiga Druga","item":"https:\/\/www.alliesofhumanity.org\/hr\/the-briefings\/book-two\/"},{"@type":"ListItem","position":3,"name":"Drugi Komentar &#8211; U\u010dinci Programa Pacifikacije"}]},{"@type":"WebSite","@id":"https:\/\/www.alliesofhumanity.org\/hr\/#website","url":"https:\/\/www.alliesofhumanity.org\/hr\/","name":"The Allies of Humanity","description":"","potentialAction":[{"@type":"SearchAction","target":{"@type":"EntryPoint","urlTemplate":"https:\/\/www.alliesofhumanity.org\/hr\/?s={search_term_string}"},"query-input":{"@type":"PropertyValueSpecification","valueRequired":true,"valueName":"search_term_string"}}],"inLanguage":"hr"}]}},"_links":{"self":[{"href":"https:\/\/www.alliesofhumanity.org\/hr\/wp-json\/wp\/v2\/pages\/12310","targetHints":{"allow":["GET"]}}],"collection":[{"href":"https:\/\/www.alliesofhumanity.org\/hr\/wp-json\/wp\/v2\/pages"}],"about":[{"href":"https:\/\/www.alliesofhumanity.org\/hr\/wp-json\/wp\/v2\/types\/page"}],"author":[{"embeddable":true,"href":"https:\/\/www.alliesofhumanity.org\/hr\/wp-json\/wp\/v2\/users\/23"}],"replies":[{"embeddable":true,"href":"https:\/\/www.alliesofhumanity.org\/hr\/wp-json\/wp\/v2\/comments?post=12310"}],"version-history":[{"count":3,"href":"https:\/\/www.alliesofhumanity.org\/hr\/wp-json\/wp\/v2\/pages\/12310\/revisions"}],"predecessor-version":[{"id":22000,"href":"https:\/\/www.alliesofhumanity.org\/hr\/wp-json\/wp\/v2\/pages\/12310\/revisions\/22000"}],"up":[{"embeddable":true,"href":"https:\/\/www.alliesofhumanity.org\/hr\/wp-json\/wp\/v2\/pages\/12292"}],"wp:attachment":[{"href":"https:\/\/www.alliesofhumanity.org\/hr\/wp-json\/wp\/v2\/media?parent=12310"}],"curies":[{"name":"wp","href":"https:\/\/api.w.org\/{rel}","templated":true}]}}