{"id":12292,"date":"2021-02-09T02:46:37","date_gmt":"2021-02-09T01:46:37","guid":{"rendered":"https:\/\/www.alliesofhumanity.org\/the-briefings\/book-two\/"},"modified":"2021-09-02T06:02:30","modified_gmt":"2021-09-02T05:02:30","slug":"book-two","status":"publish","type":"page","link":"https:\/\/www.alliesofhumanity.org\/hr\/the-briefings\/book-two\/","title":{"rendered":"Knjiga Druga"},"content":{"rendered":"<h5>Sva Izvje\u0161\u0107a Saveznika \u010covje\u010danstva su dostupna besplatno online. Zapo\u010dnite putovanje sa Saveznicima Knjigom Drugom.<\/h5>\n<p>U ovom drugom skupu izvje\u0161\u0107a, Saveznici \u010covje\u010danstva nam \u017eele pru\u017eiti ve\u0107e razumijevanje i ve\u0107e vi\u0111enje o tome kakav je zaista \u017eivot u Svemiru oko nas. Na\u0161i saveznici iz inozemstva nas \u017eele upozoriti u vezi velikih rizika s kojima se sada suo\u010davamo, rizika pojavljivanja u Ve\u0107oj Zajednici. \u017dele nam pokazati na\u0161u potrebu da o\u010duvamo svoju slobodu i integritet kao rasa dok prolazimo kroz ovu te\u0161ku i dugotrajnu tranziciju.<\/p>\n<p><!--\n\nGet a copy of the book:\n\n\n<ul>\n \t\n\n<li>Print version: <a href=\"https:\/\/newknowledgelibrary.org\/books\/the-allies-of-humanity-book-two-english-print-book\/\" target=\"_blank\" rel=\"noopener\">New Knowledge Library<\/a> or <a href=\"https:\/\/www.amazon.com\/Allies-Humanity-Book-Marshall-Summers\/dp\/1884238378\" target=\"_blank\" rel=\"noopener\">Amazon<\/a>.<\/li>\n\n\n \t\n\n<li>Ebook format: <a href=\"https:\/\/newknowledgelibrary.org\/e-books\/the-allies-of-humanity-book-two-english-ebook\/\" target=\"_blank\" rel=\"noopener\">New Knowledge Library<\/a>, <a href=\"https:\/\/www.amazon.com\/Allies-Humanity-Book-Two-ebook\/dp\/B005J5KU8I\" target=\"_blank\" rel=\"noopener\">Kindle version from Amazon<\/a>, <a href=\"https:\/\/books.apple.com\/au\/book\/the-allies-of-humanity-book-two\/id894103733\" target=\"_blank\" rel=\"noopener\">Apple Books<\/a> or <a href=\"https:\/\/play.google.com\/store\/books\/details\/Marshall_Vian_Summers_The_Allies_of_Humanity_Book?id=6HysOWI88a8C\" target=\"_blank\" rel=\"noopener\">Google Play<\/a>.<\/li>\n\n\n<\/ul>\n\n\n--><\/p>\n<hr \/>\n<h5>Pro\u010ditajte ovdje besplatno online!<\/h5>\n<p>Sadr\u017eaj:<\/p>\n<p><a href=\"universe-reality-of-nature\">Prvo Izvje\u0161\u0107e: Svemir u Kojem se Pojavljujete<\/a><\/p>\n<p><a href=\"why-are-aliens-here\">Drugo Izvje\u0161\u0107e: Za\u0161to se Intervencija De\u0161ava<br \/>\n<\/a><\/p>\n<p><a href=\"the-influence-upon-humanity\">Tre\u0107e Izvje\u0161\u0107e: Utjecaj na \u010covje\u010danstvo<\/a><\/p>\n<p><a href=\"collectives-in-universe\">\u010cetvrto Izvje\u0161\u0107e: Kolektivi<\/a><\/p>\n<p><a href=\"biological-resources\">Peto Izvje\u0161\u0107e: \u0160to \u017dele<\/a><\/p>\n<p><a href=\"a-call-to-action-spiritual-power\">\u0160esto Izvje\u0161\u0107e: Poziv na Akciju<\/a><\/p>\n<p>Prvi Komentar: <a href=\"the-problem-of-human-denial-first-commentary\">Problem s Ljudskim Negiranjem<\/a><\/p>\n<p>Drugi Komentar: <a href=\"effects-of-the-pacification-program-second-commentary\">U\u010dinci Programa Pacifikacije<\/a><\/p>\n<p>Tre\u0107i Komentar: <a href=\"understanding-the-intervention-third-commentary\">Razumijevanje Intervencije<\/a><\/p>\n<p>Dru\u0161tvo za Novu Poruku sada pru\u017ea sve \u010detiri knjige <em>Saveznika \u010covje\u010danstva<\/em> online bez naknade. \u010cinimo ovo kako bi ova poruka mogla dose\u0107i \u0161to je vi\u0161e ljudi mogu\u0107e, na lokalnoj razini i tako\u0111er na pozicijama politi\u010dke, ekonomske i religijske mo\u0107i.<\/p>\n","protected":false},"excerpt":{"rendered":"<p>Sva Izvje\u0161\u0107a Saveznika \u010covje\u010danstva su dostupna besplatno online. Zapo\u010dnite putovanje sa Saveznicima Knjigom Drugom. U ovom drugom skupu izvje\u0161\u0107a, Saveznici \u010covje\u010danstva nam \u017eele pru\u017eiti ve\u0107e razumijevanje i ve\u0107e vi\u0111enje o tome kakav je zaista \u017eivot u Svemiru oko nas. Na\u0161i saveznici iz inozemstva nas \u017eele upozoriti u vezi velikih rizika s kojima se sada suo\u010davamo, [&hellip;]<\/p>\n","protected":false},"author":2,"featured_media":0,"parent":11909,"menu_order":2,"comment_status":"closed","ping_status":"closed","template":"page-book-start.php","meta":{"_acf_changed":false,"footnotes":""},"class_list":["post-12292","page","type-page","status-publish","hentry"],"acf":[],"yoast_head":"<!-- This site is optimized with the Yoast SEO plugin v26.5 - https:\/\/yoast.com\/wordpress\/plugins\/seo\/ -->\n<title>Saveznici \u010covje\u010danstva Knjiga Druga: Ljudsko Jedinstvo, Sloboda i Skrivena Stvarnost Kontakta<\/title>\n<meta name=\"description\" content=\"U ovom, na\u0161em drugom skupu izvje\u0161taja, \u017eelimo vam pru\u017eiti ve\u0107e razumijevanje i ve\u0107e vi\u0111enje toga kakav je \u017eivot zapravo u Svemiru oko vas.\" \/>\n<meta name=\"robots\" content=\"index, follow, max-snippet:-1, max-image-preview:large, max-video-preview:-1\" \/>\n<link rel=\"canonical\" href=\"https:\/\/www.alliesofhumanity.org\/hr\/the-briefings\/book-two\/\" \/>\n<meta property=\"og:locale\" content=\"hr_HR\" \/>\n<meta property=\"og:type\" content=\"article\" \/>\n<meta property=\"og:title\" content=\"Saveznici \u010covje\u010danstva Knjiga Druga: Ljudsko Jedinstvo, Sloboda i Skrivena Stvarnost Kontakta\" \/>\n<meta property=\"og:description\" content=\"U ovom, na\u0161em drugom skupu izvje\u0161taja, \u017eelimo vam pru\u017eiti ve\u0107e razumijevanje i ve\u0107e vi\u0111enje toga kakav je \u017eivot zapravo u Svemiru oko vas.\" \/>\n<meta property=\"og:url\" content=\"https:\/\/www.alliesofhumanity.org\/hr\/the-briefings\/book-two\/\" \/>\n<meta property=\"og:site_name\" content=\"The Allies of Humanity\" \/>\n<meta property=\"article:publisher\" content=\"https:\/\/www.facebook.com\/alliesofhumanity\/\" \/>\n<meta property=\"article:modified_time\" content=\"2021-09-02T05:02:30+00:00\" \/>\n<meta property=\"og:image\" content=\"https:\/\/www.alliesofhumanity.org\/wp-content\/uploads\/2021\/01\/og-socialmedia-aoh.jpg\" \/>\n\t<meta property=\"og:image:width\" content=\"1200\" \/>\n\t<meta property=\"og:image:height\" content=\"630\" \/>\n\t<meta property=\"og:image:type\" content=\"image\/jpeg\" \/>\n<meta name=\"twitter:card\" content=\"summary_large_image\" \/>\n<meta name=\"twitter:title\" content=\"Saveznici \u010covje\u010danstva Knjiga Druga: Ljudsko Jedinstvo, Sloboda i Skrivena Stvarnost Kontakta\" \/>\n<meta name=\"twitter:site\" content=\"@earthallies\" \/>\n<meta name=\"twitter:label1\" content=\"Procijenjeno vrijeme \u010ditanja\" \/>\n\t<meta name=\"twitter:data1\" content=\"1 minuta\" \/>\n<script type=\"application\/ld+json\" class=\"yoast-schema-graph\">{\"@context\":\"https:\/\/schema.org\",\"@graph\":[{\"@type\":\"WebPage\",\"@id\":\"https:\/\/www.alliesofhumanity.org\/hr\/the-briefings\/book-two\/\",\"url\":\"https:\/\/www.alliesofhumanity.org\/hr\/the-briefings\/book-two\/\",\"name\":\"Saveznici \u010covje\u010danstva Knjiga Druga: Ljudsko Jedinstvo, Sloboda i Skrivena Stvarnost Kontakta\",\"isPartOf\":{\"@id\":\"https:\/\/www.alliesofhumanity.org\/hr\/#website\"},\"datePublished\":\"2021-02-09T01:46:37+00:00\",\"dateModified\":\"2021-09-02T05:02:30+00:00\",\"description\":\"U ovom, na\u0161em drugom skupu izvje\u0161taja, \u017eelimo vam pru\u017eiti ve\u0107e razumijevanje i ve\u0107e vi\u0111enje toga kakav je \u017eivot zapravo u Svemiru oko vas.\",\"breadcrumb\":{\"@id\":\"https:\/\/www.alliesofhumanity.org\/hr\/the-briefings\/book-two\/#breadcrumb\"},\"inLanguage\":\"hr\",\"potentialAction\":[{\"@type\":\"ReadAction\",\"target\":[\"https:\/\/www.alliesofhumanity.org\/hr\/the-briefings\/book-two\/\"]}]},{\"@type\":\"BreadcrumbList\",\"@id\":\"https:\/\/www.alliesofhumanity.org\/hr\/the-briefings\/book-two\/#breadcrumb\",\"itemListElement\":[{\"@type\":\"ListItem\",\"position\":1,\"name\":\"Izvje\u0161taji\",\"item\":\"https:\/\/www.alliesofhumanity.org\/hr\/the-briefings\/\"},{\"@type\":\"ListItem\",\"position\":2,\"name\":\"Knjiga Druga\"}]},{\"@type\":\"WebSite\",\"@id\":\"https:\/\/www.alliesofhumanity.org\/hr\/#website\",\"url\":\"https:\/\/www.alliesofhumanity.org\/hr\/\",\"name\":\"The Allies of Humanity\",\"description\":\"\",\"potentialAction\":[{\"@type\":\"SearchAction\",\"target\":{\"@type\":\"EntryPoint\",\"urlTemplate\":\"https:\/\/www.alliesofhumanity.org\/hr\/?s={search_term_string}\"},\"query-input\":{\"@type\":\"PropertyValueSpecification\",\"valueRequired\":true,\"valueName\":\"search_term_string\"}}],\"inLanguage\":\"hr\"}]}<\/script>\n<!-- \/ Yoast SEO plugin. -->","yoast_head_json":{"title":"Saveznici \u010covje\u010danstva Knjiga Druga: Ljudsko Jedinstvo, Sloboda i Skrivena Stvarnost Kontakta","description":"U ovom, na\u0161em drugom skupu izvje\u0161taja, \u017eelimo vam pru\u017eiti ve\u0107e razumijevanje i ve\u0107e vi\u0111enje toga kakav je \u017eivot zapravo u Svemiru oko vas.","robots":{"index":"index","follow":"follow","max-snippet":"max-snippet:-1","max-image-preview":"max-image-preview:large","max-video-preview":"max-video-preview:-1"},"canonical":"https:\/\/www.alliesofhumanity.org\/hr\/the-briefings\/book-two\/","og_locale":"hr_HR","og_type":"article","og_title":"Saveznici \u010covje\u010danstva Knjiga Druga: Ljudsko Jedinstvo, Sloboda i Skrivena Stvarnost Kontakta","og_description":"U ovom, na\u0161em drugom skupu izvje\u0161taja, \u017eelimo vam pru\u017eiti ve\u0107e razumijevanje i ve\u0107e vi\u0111enje toga kakav je \u017eivot zapravo u Svemiru oko vas.","og_url":"https:\/\/www.alliesofhumanity.org\/hr\/the-briefings\/book-two\/","og_site_name":"The Allies of Humanity","article_publisher":"https:\/\/www.facebook.com\/alliesofhumanity\/","article_modified_time":"2021-09-02T05:02:30+00:00","og_image":[{"width":1200,"height":630,"url":"https:\/\/www.alliesofhumanity.org\/wp-content\/uploads\/2021\/01\/og-socialmedia-aoh.jpg","type":"image\/jpeg"}],"twitter_card":"summary_large_image","twitter_title":"Saveznici \u010covje\u010danstva Knjiga Druga: Ljudsko Jedinstvo, Sloboda i Skrivena Stvarnost Kontakta","twitter_site":"@earthallies","twitter_misc":{"Procijenjeno vrijeme \u010ditanja":"1 minuta"},"schema":{"@context":"https:\/\/schema.org","@graph":[{"@type":"WebPage","@id":"https:\/\/www.alliesofhumanity.org\/hr\/the-briefings\/book-two\/","url":"https:\/\/www.alliesofhumanity.org\/hr\/the-briefings\/book-two\/","name":"Saveznici \u010covje\u010danstva Knjiga Druga: Ljudsko Jedinstvo, Sloboda i Skrivena Stvarnost Kontakta","isPartOf":{"@id":"https:\/\/www.alliesofhumanity.org\/hr\/#website"},"datePublished":"2021-02-09T01:46:37+00:00","dateModified":"2021-09-02T05:02:30+00:00","description":"U ovom, na\u0161em drugom skupu izvje\u0161taja, \u017eelimo vam pru\u017eiti ve\u0107e razumijevanje i ve\u0107e vi\u0111enje toga kakav je \u017eivot zapravo u Svemiru oko vas.","breadcrumb":{"@id":"https:\/\/www.alliesofhumanity.org\/hr\/the-briefings\/book-two\/#breadcrumb"},"inLanguage":"hr","potentialAction":[{"@type":"ReadAction","target":["https:\/\/www.alliesofhumanity.org\/hr\/the-briefings\/book-two\/"]}]},{"@type":"BreadcrumbList","@id":"https:\/\/www.alliesofhumanity.org\/hr\/the-briefings\/book-two\/#breadcrumb","itemListElement":[{"@type":"ListItem","position":1,"name":"Izvje\u0161taji","item":"https:\/\/www.alliesofhumanity.org\/hr\/the-briefings\/"},{"@type":"ListItem","position":2,"name":"Knjiga Druga"}]},{"@type":"WebSite","@id":"https:\/\/www.alliesofhumanity.org\/hr\/#website","url":"https:\/\/www.alliesofhumanity.org\/hr\/","name":"The Allies of Humanity","description":"","potentialAction":[{"@type":"SearchAction","target":{"@type":"EntryPoint","urlTemplate":"https:\/\/www.alliesofhumanity.org\/hr\/?s={search_term_string}"},"query-input":{"@type":"PropertyValueSpecification","valueRequired":true,"valueName":"search_term_string"}}],"inLanguage":"hr"}]}},"_links":{"self":[{"href":"https:\/\/www.alliesofhumanity.org\/hr\/wp-json\/wp\/v2\/pages\/12292","targetHints":{"allow":["GET"]}}],"collection":[{"href":"https:\/\/www.alliesofhumanity.org\/hr\/wp-json\/wp\/v2\/pages"}],"about":[{"href":"https:\/\/www.alliesofhumanity.org\/hr\/wp-json\/wp\/v2\/types\/page"}],"author":[{"embeddable":true,"href":"https:\/\/www.alliesofhumanity.org\/hr\/wp-json\/wp\/v2\/users\/2"}],"replies":[{"embeddable":true,"href":"https:\/\/www.alliesofhumanity.org\/hr\/wp-json\/wp\/v2\/comments?post=12292"}],"version-history":[{"count":6,"href":"https:\/\/www.alliesofhumanity.org\/hr\/wp-json\/wp\/v2\/pages\/12292\/revisions"}],"predecessor-version":[{"id":13594,"href":"https:\/\/www.alliesofhumanity.org\/hr\/wp-json\/wp\/v2\/pages\/12292\/revisions\/13594"}],"up":[{"embeddable":true,"href":"https:\/\/www.alliesofhumanity.org\/hr\/wp-json\/wp\/v2\/pages\/11909"}],"wp:attachment":[{"href":"https:\/\/www.alliesofhumanity.org\/hr\/wp-json\/wp\/v2\/media?parent=12292"}],"curies":[{"name":"wp","href":"https:\/\/api.w.org\/{rel}","templated":true}]}}