{"id":12012,"date":"2021-02-06T03:46:48","date_gmt":"2021-02-06T02:46:48","guid":{"rendered":"https:\/\/www.alliesofhumanity.org\/the-briefings\/book-one\/final-words\/"},"modified":"2026-03-15T07:00:10","modified_gmt":"2026-03-15T06:00:10","slug":"final-words","status":"publish","type":"page","link":"https:\/\/www.alliesofhumanity.org\/hr\/the-briefings\/book-one\/final-words\/","title":{"rendered":"Zavr\u0161ne Rije\u010di"},"content":{"rendered":"\t\t<div data-elementor-type=\"wp-page\" data-elementor-id=\"12012\" class=\"elementor elementor-12012 elementor-2181\" data-elementor-post-type=\"page\">\t\t\t\t\t\t<section class=\"elementor-section elementor-top-section elementor-element elementor-element-54dadb56 elementor-section-boxed elementor-section-height-default elementor-section-height-default\" data-id=\"54dadb56\" data-element_type=\"section\">\t\t\t\t\t\t<div class=\"elementor-container elementor-column-gap-default\">\t\t\t\t\t<div class=\"elementor-column elementor-col-100 elementor-top-column elementor-element elementor-element-31c5ce98\" data-id=\"31c5ce98\" data-element_type=\"column\">\t\t\t<div class=\"elementor-widget-wrap elementor-element-populated\">\t\t\t\t\t\t<div class=\"elementor-element elementor-element-7d4c35aa elementor-widget elementor-widget-text-editor\" data-id=\"7d4c35aa\" data-element_type=\"widget\" data-widget_type=\"text-editor.default\">\t\t\t\t<div class=\"elementor-widget-container\">\t\t\t\t\t\t\t\t\t<p style=\"text-align: center;\"><b>Zavr\u0161ne Rije\u010di<\/b><\/p><br><span style=\"font-weight: 400;\">\u010covje\u010danstvo je na novom po\u010detku. Suo\u010deno je s ozbiljnom situacijom. Potreba za novim obrazovanjem i razumijevanjem je od presudne va\u017enosti. Na zahtjev Nevi\u0111enih smo ovdje kako bismo slu\u017eili toj potrebi. Oslanjaju na nas da podijelimo svoju mudrost, jer \u017eivimo u fizi\u010dkom svemiru, kao i vi. Nismo an\u0111eoska bi\u0107a. Nismo savr\u0161eni. Nismo postigli velike visine duhovne svjesnosti i postignu\u0107a. Stoga vjerujemo da \u0107e vam na\u0161a poruka o Ve\u0107oj Zajednici biti relevantnija i lak\u0161e se prihvatiti. Nevi\u0111eni znaju daleko vi\u0161e od nas o \u017eivotu u svemiru i o razinama napredovanja i postizanja koja su dostupna i koja se prakticiraju na mnogim mjestima. No, ipak su nas zamolili da govorimo o stvarnosti fizi\u010dkog \u017eivota jer smo tamo potpuno anga\u017eirani. A kroz vlastite smo poku\u0161aje i pogre\u0161ke nau\u010dili va\u017enost i zna\u010denje ovoga \u0161to dijelimo s vama.<\/span><br><br><span style=\"font-weight: 400;\">Dakle, dolazimo kao Saveznici \u010covje\u010danstva, jer takvi i jesmo. Budite zahvalni \u0161to imate saveznike koji vam mogu pomo\u0107i i koji vas mogu obrazovati i koji mogu podr\u017eati va\u0161u snagu, va\u0161u slobodu i va\u0161e postignu\u0107e. Jer bez ove pomo\u0107i bi izgledi da pre\u017eivite vrstu izvanzemaljske intervencije kakvu sada do\u017eivljavate bili vrlo ograni\u010deni. Da, bilo bi nekoliko pojedinaca koji bi shvatili situaciju kakva zapravo postoji, ali njihov broj ne bi bio dovoljno velik, a njihovi glasovi bi pro\u0161li ne\u010dujno.<\/span><br><br><span style=\"font-weight: 400;\">U ovome mo\u017eemo samo tra\u017eiti va\u0161e povjerenje. Nadamo se da kroz mudrost na\u0161ih rije\u010di i kroz prilike koje imate za nau\u010diti njihovo zna\u010denje i relevantnost, s vremenom mo\u017eemo ste\u0107i to povjerenje, jer imate saveznike u Ve\u0107oj Zajednici. Imate velike prijatelje izvan ovog svijeta, koji su pretrpjeli izazove s kojima se sada suo\u010davate i postigli uspjeh. Budu\u0107i da su nama pomogli, mi sada moramo pomo\u0107i drugima. To je na\u0161 sveti zavjet. Tome smo \u010dvrsto predani.<\/span>\t\t\t\t\t\t\t\t<\/div>\t\t\t\t<\/div>\t\t\t\t\t<\/div>\t\t<\/div>\t\t\t\t\t<\/div>\t\t<\/section>\t\t\t\t<\/div><p>\t\t<\/p>","protected":false},"excerpt":{"rendered":"<p>Zavr\u0161ne Rije\u010di \u010covje\u010danstvo je na novom po\u010detku. Suo\u010deno je s ozbiljnom situacijom. Potreba za novim obrazovanjem i razumijevanjem je od presudne va\u017enosti. Na zahtjev Nevi\u0111enih smo ovdje kako bismo slu\u017eili toj potrebi. Oslanjaju na nas da podijelimo svoju mudrost, jer \u017eivimo u fizi\u010dkom svemiru, kao i vi. Nismo an\u0111eoska bi\u0107a. Nismo savr\u0161eni. Nismo postigli velike [&hellip;]<\/p>\n","protected":false},"author":23,"featured_media":0,"parent":11992,"menu_order":7,"comment_status":"closed","ping_status":"closed","template":"page.php","meta":{"_acf_changed":false,"footnotes":""},"class_list":["post-12012","page","type-page","status-publish","hentry"],"acf":[],"yoast_head":"<!-- This site is optimized with the Yoast SEO plugin v26.5 - https:\/\/yoast.com\/wordpress\/plugins\/seo\/ -->\n<title>Izvje\u0161\u0107a Saveznika \u010covje\u010danstva, Knjiga Prva: Zavr\u0161ne Rije\u010di<\/title>\n<meta name=\"description\" content=\"\u010covje\u010danstvo je na novom po\u010detku. Suo\u010dena je s te\u0161kom situacijom. ET Kontakt je u tijeku. Potrebe, izazovi i mogu\u0107nosti su velike\" \/>\n<meta name=\"robots\" content=\"index, follow, max-snippet:-1, max-image-preview:large, max-video-preview:-1\" \/>\n<link rel=\"canonical\" href=\"https:\/\/www.alliesofhumanity.org\/hr\/the-briefings\/book-one\/final-words\/\" \/>\n<meta property=\"og:locale\" content=\"hr_HR\" \/>\n<meta property=\"og:type\" content=\"article\" \/>\n<meta property=\"og:title\" content=\"Izvje\u0161\u0107a Saveznika \u010covje\u010danstva, Knjiga Prva: Zavr\u0161ne Rije\u010di\" \/>\n<meta property=\"og:description\" content=\"\u010covje\u010danstvo je na novom po\u010detku. Suo\u010dena je s te\u0161kom situacijom. ET Kontakt je u tijeku. Potrebe, izazovi i mogu\u0107nosti su velike\" \/>\n<meta property=\"og:url\" content=\"https:\/\/www.alliesofhumanity.org\/hr\/the-briefings\/book-one\/final-words\/\" \/>\n<meta property=\"og:site_name\" content=\"The Allies of Humanity\" \/>\n<meta property=\"article:publisher\" content=\"https:\/\/www.facebook.com\/alliesofhumanity\/\" \/>\n<meta property=\"article:modified_time\" content=\"2026-03-15T06:00:10+00:00\" \/>\n<meta property=\"og:image\" content=\"https:\/\/www.alliesofhumanity.org\/wp-content\/uploads\/2021\/01\/og-socialmedia-aoh.jpg\" \/>\n\t<meta property=\"og:image:width\" content=\"1200\" \/>\n\t<meta property=\"og:image:height\" content=\"630\" \/>\n\t<meta property=\"og:image:type\" content=\"image\/jpeg\" \/>\n<meta name=\"twitter:card\" content=\"summary_large_image\" \/>\n<meta name=\"twitter:title\" content=\"Izvje\u0161\u0107a Saveznika \u010covje\u010danstva, Knjiga Prva: Zavr\u0161ne Rije\u010di\" \/>\n<meta name=\"twitter:site\" content=\"@earthallies\" \/>\n<meta name=\"twitter:label1\" content=\"Procijenjeno vrijeme \u010ditanja\" \/>\n\t<meta name=\"twitter:data1\" content=\"2 minute\" \/>\n<script type=\"application\/ld+json\" class=\"yoast-schema-graph\">{\"@context\":\"https:\/\/schema.org\",\"@graph\":[{\"@type\":\"WebPage\",\"@id\":\"https:\/\/www.alliesofhumanity.org\/hr\/the-briefings\/book-one\/final-words\/\",\"url\":\"https:\/\/www.alliesofhumanity.org\/hr\/the-briefings\/book-one\/final-words\/\",\"name\":\"Izvje\u0161\u0107a Saveznika \u010covje\u010danstva, Knjiga Prva: Zavr\u0161ne Rije\u010di\",\"isPartOf\":{\"@id\":\"https:\/\/www.alliesofhumanity.org\/hr\/#website\"},\"datePublished\":\"2021-02-06T02:46:48+00:00\",\"dateModified\":\"2026-03-15T06:00:10+00:00\",\"description\":\"\u010covje\u010danstvo je na novom po\u010detku. Suo\u010dena je s te\u0161kom situacijom. ET Kontakt je u tijeku. Potrebe, izazovi i mogu\u0107nosti su velike\",\"breadcrumb\":{\"@id\":\"https:\/\/www.alliesofhumanity.org\/hr\/the-briefings\/book-one\/final-words\/#breadcrumb\"},\"inLanguage\":\"hr\",\"potentialAction\":[{\"@type\":\"ReadAction\",\"target\":[\"https:\/\/www.alliesofhumanity.org\/hr\/the-briefings\/book-one\/final-words\/\"]}]},{\"@type\":\"BreadcrumbList\",\"@id\":\"https:\/\/www.alliesofhumanity.org\/hr\/the-briefings\/book-one\/final-words\/#breadcrumb\",\"itemListElement\":[{\"@type\":\"ListItem\",\"position\":1,\"name\":\"Izvje\u0161taji\",\"item\":\"https:\/\/www.alliesofhumanity.org\/hr\/the-briefings\/\"},{\"@type\":\"ListItem\",\"position\":2,\"name\":\"Knjiga Prva\",\"item\":\"https:\/\/www.alliesofhumanity.org\/hr\/the-briefings\/book-one\/\"},{\"@type\":\"ListItem\",\"position\":3,\"name\":\"Zavr\u0161ne Rije\u010di\"}]},{\"@type\":\"WebSite\",\"@id\":\"https:\/\/www.alliesofhumanity.org\/hr\/#website\",\"url\":\"https:\/\/www.alliesofhumanity.org\/hr\/\",\"name\":\"The Allies of Humanity\",\"description\":\"\",\"potentialAction\":[{\"@type\":\"SearchAction\",\"target\":{\"@type\":\"EntryPoint\",\"urlTemplate\":\"https:\/\/www.alliesofhumanity.org\/hr\/?s={search_term_string}\"},\"query-input\":{\"@type\":\"PropertyValueSpecification\",\"valueRequired\":true,\"valueName\":\"search_term_string\"}}],\"inLanguage\":\"hr\"}]}<\/script>\n<!-- \/ Yoast SEO plugin. -->","yoast_head_json":{"title":"Izvje\u0161\u0107a Saveznika \u010covje\u010danstva, Knjiga Prva: Zavr\u0161ne Rije\u010di","description":"\u010covje\u010danstvo je na novom po\u010detku. Suo\u010dena je s te\u0161kom situacijom. ET Kontakt je u tijeku. Potrebe, izazovi i mogu\u0107nosti su velike","robots":{"index":"index","follow":"follow","max-snippet":"max-snippet:-1","max-image-preview":"max-image-preview:large","max-video-preview":"max-video-preview:-1"},"canonical":"https:\/\/www.alliesofhumanity.org\/hr\/the-briefings\/book-one\/final-words\/","og_locale":"hr_HR","og_type":"article","og_title":"Izvje\u0161\u0107a Saveznika \u010covje\u010danstva, Knjiga Prva: Zavr\u0161ne Rije\u010di","og_description":"\u010covje\u010danstvo je na novom po\u010detku. Suo\u010dena je s te\u0161kom situacijom. ET Kontakt je u tijeku. Potrebe, izazovi i mogu\u0107nosti su velike","og_url":"https:\/\/www.alliesofhumanity.org\/hr\/the-briefings\/book-one\/final-words\/","og_site_name":"The Allies of Humanity","article_publisher":"https:\/\/www.facebook.com\/alliesofhumanity\/","article_modified_time":"2026-03-15T06:00:10+00:00","og_image":[{"width":1200,"height":630,"url":"https:\/\/www.alliesofhumanity.org\/wp-content\/uploads\/2021\/01\/og-socialmedia-aoh.jpg","type":"image\/jpeg"}],"twitter_card":"summary_large_image","twitter_title":"Izvje\u0161\u0107a Saveznika \u010covje\u010danstva, Knjiga Prva: Zavr\u0161ne Rije\u010di","twitter_site":"@earthallies","twitter_misc":{"Procijenjeno vrijeme \u010ditanja":"2 minute"},"schema":{"@context":"https:\/\/schema.org","@graph":[{"@type":"WebPage","@id":"https:\/\/www.alliesofhumanity.org\/hr\/the-briefings\/book-one\/final-words\/","url":"https:\/\/www.alliesofhumanity.org\/hr\/the-briefings\/book-one\/final-words\/","name":"Izvje\u0161\u0107a Saveznika \u010covje\u010danstva, Knjiga Prva: Zavr\u0161ne Rije\u010di","isPartOf":{"@id":"https:\/\/www.alliesofhumanity.org\/hr\/#website"},"datePublished":"2021-02-06T02:46:48+00:00","dateModified":"2026-03-15T06:00:10+00:00","description":"\u010covje\u010danstvo je na novom po\u010detku. Suo\u010dena je s te\u0161kom situacijom. ET Kontakt je u tijeku. Potrebe, izazovi i mogu\u0107nosti su velike","breadcrumb":{"@id":"https:\/\/www.alliesofhumanity.org\/hr\/the-briefings\/book-one\/final-words\/#breadcrumb"},"inLanguage":"hr","potentialAction":[{"@type":"ReadAction","target":["https:\/\/www.alliesofhumanity.org\/hr\/the-briefings\/book-one\/final-words\/"]}]},{"@type":"BreadcrumbList","@id":"https:\/\/www.alliesofhumanity.org\/hr\/the-briefings\/book-one\/final-words\/#breadcrumb","itemListElement":[{"@type":"ListItem","position":1,"name":"Izvje\u0161taji","item":"https:\/\/www.alliesofhumanity.org\/hr\/the-briefings\/"},{"@type":"ListItem","position":2,"name":"Knjiga Prva","item":"https:\/\/www.alliesofhumanity.org\/hr\/the-briefings\/book-one\/"},{"@type":"ListItem","position":3,"name":"Zavr\u0161ne Rije\u010di"}]},{"@type":"WebSite","@id":"https:\/\/www.alliesofhumanity.org\/hr\/#website","url":"https:\/\/www.alliesofhumanity.org\/hr\/","name":"The Allies of Humanity","description":"","potentialAction":[{"@type":"SearchAction","target":{"@type":"EntryPoint","urlTemplate":"https:\/\/www.alliesofhumanity.org\/hr\/?s={search_term_string}"},"query-input":{"@type":"PropertyValueSpecification","valueRequired":true,"valueName":"search_term_string"}}],"inLanguage":"hr"}]}},"_links":{"self":[{"href":"https:\/\/www.alliesofhumanity.org\/hr\/wp-json\/wp\/v2\/pages\/12012","targetHints":{"allow":["GET"]}}],"collection":[{"href":"https:\/\/www.alliesofhumanity.org\/hr\/wp-json\/wp\/v2\/pages"}],"about":[{"href":"https:\/\/www.alliesofhumanity.org\/hr\/wp-json\/wp\/v2\/types\/page"}],"author":[{"embeddable":true,"href":"https:\/\/www.alliesofhumanity.org\/hr\/wp-json\/wp\/v2\/users\/23"}],"replies":[{"embeddable":true,"href":"https:\/\/www.alliesofhumanity.org\/hr\/wp-json\/wp\/v2\/comments?post=12012"}],"version-history":[{"count":6,"href":"https:\/\/www.alliesofhumanity.org\/hr\/wp-json\/wp\/v2\/pages\/12012\/revisions"}],"predecessor-version":[{"id":24460,"href":"https:\/\/www.alliesofhumanity.org\/hr\/wp-json\/wp\/v2\/pages\/12012\/revisions\/24460"}],"up":[{"embeddable":true,"href":"https:\/\/www.alliesofhumanity.org\/hr\/wp-json\/wp\/v2\/pages\/11992"}],"wp:attachment":[{"href":"https:\/\/www.alliesofhumanity.org\/hr\/wp-json\/wp\/v2\/media?parent=12012"}],"curies":[{"name":"wp","href":"https:\/\/api.w.org\/{rel}","templated":true}]}}