{"id":11992,"date":"2021-02-06T03:00:54","date_gmt":"2021-02-06T02:00:54","guid":{"rendered":"https:\/\/www.alliesofhumanity.org\/the-briefings\/book-one\/"},"modified":"2026-03-15T06:36:25","modified_gmt":"2026-03-15T05:36:25","slug":"book-one","status":"publish","type":"page","link":"https:\/\/www.alliesofhumanity.org\/hr\/the-briefings\/book-one\/","title":{"rendered":"Knjiga Prva"},"content":{"rendered":"<h5>Sva Izvje\u0161\u0107a Saveznika \u010covje\u010danstva su dostupna besplatno online. Zapo\u010dnite putovanje sa Saveznicima Knjigom Prvom.<\/h5>\n<p>Prije vi\u0161e od dvadeset godina grupa pojedinaca iz nekoliko razli\u010ditih svjetova okupila se na diskretnoj lokaciji u na\u0161em sun\u010devom sustavu blizu Zemlje radi svrhe promatranja izvanzemaljske Intervencije koja se doga\u0111a u na\u0161em svijetu. Iz svojeg skrivenog vidikovca, uspjeli su utvrditi identitet, organizaciju i namjeru onih koji posje\u0107uju na\u0161 svijet te nadgledati aktivnosti posjetitelja.<\/p>\n<p>Ova grupa promatra\u010da sebe nazivaju \u201eSaveznici \u010covje\u010danstva\u201c.<\/p>\n<p>Nabavite primjerak knjige:<\/p>\n<p>Tiskana knjiga:<\/p>\n<p><a href=\"https:\/\/newknowledgelibrary.org\/books\/saveznici-covjecanstva-knjiga-prva-the-allies-of-humanity-book-one-croatian-edition\/\">New Knowledge Library<\/a><br \/>\n<a href=\"https:\/\/www.libristo.hr\/hr\/knjiga\/saveznici-covjecanstva-knjiga-prva-the-allies-of-humanity-book-one-croatian-edition_51383197\">Libristo Croatian<\/a><br \/>\n<a href=\"https:\/\/www.barnesandnoble.com\/w\/saveznici-268-ovje-268-anstva-knjiga-prva-marshall-vian-summers\/1149589224\">Barnes &amp; Noble<\/a><br \/>\n<a href=\"https:\/\/www.saxo.com\/dk\/saveznici-ovjeanstva-knjiga-prva-the-allies-of-humanity-book-one-croatian-edition_bog_9781942293590\">Saxo Denmark<\/a><br \/>\n<a href=\"https:\/\/www.orellfuessli.ch\/shop\/home\/artikeldetails\/A1078450935\">orellfussli Switzerland<\/a><br \/>\n<a href=\"https:\/\/www.michaelsbund.de\/product\/9781942293590-saveznici-%C2%BFovje%C2%BFanstva-knjiga-prva-the-allies-of-humanity-book-one---croatian-edition.html\">Michaels Bund Germany<\/a><\/p>\n<p>E-book:<\/p>\n<p><a href=\"https:\/\/newknowledgelibrary.org\/e-books\/saveznici-covjecanstva-knjiga-prva-the-allies-of-humanity-book-one-croatian-ebook\/\">New Knowledge Library<\/a><br \/>\n<a href=\"https:\/\/www.barnesandnoble.com\/w\/saveznici-ovjeanstva-knjiga-prva-marshall-vian-summers\/1149650670?\">Barnes &amp; Noble<\/a><br \/>\n<a href=\"https:\/\/books.apple.com\/us\/book\/saveznici-%C4%8Dovje%C4%8Danstva-knjiga-prva-the-allies\/id6760209079\">Apple Books<\/a><br \/>\n<a href=\"https:\/\/www.smashwords.com\/books\/view\/1983849\">Smashwords<\/a><br \/>\n<a href=\"https:\/\/e-librairie.leclerc\/product\/9781942293606_9781942293606_10020\/saveznici-ovjeanstva-knjiga-prva-the-allies-of-humanity-book-one-croatian-edition\">e-librairie France<\/a><br \/>\n<a href=\"https:\/\/www.cultura.com\/p-saveznici-covjecanstva-knjiga-prva-the-allies-of-humanity-book-one-croatian-edition-13019561.html\">Cultura France<\/a><br \/>\n<a href=\"https:\/\/www.decitre.fr\/ebooks\/saveznici-covjecanstva-knjiga-prva-the-allies-of-humanity-book-one-croatian-edition-9781942293606_9781942293606_10020.html\">Decitre France<\/a><br \/>\n<a href=\"https:\/\/www.casadellibro.com\/ebook-saveznici-ovjeanstva-knjiga-prva-the-allies-of-humanity-book-one---croatian-edition-ebook\/9781942293606\/18012630\">Casa del Libro<\/a><\/p>\n<p><!--\n\nGet a copy of the book:\n\n\n<ul>\n \t\n\n<li>Print version: <a href=\"https:\/\/newknowledgelibrary.org\/books\/the-allies-of-humanity-book-1-english-print-book\/\" target=\"_blank\" rel=\"noopener\">New Knowledge Library<\/a> or <a href=\"https:\/\/www.amazon.com\/Allies-Humanity-Book-Marshall-Summers-dp-1884238459\/dp\/1884238459\" target=\"_blank\" rel=\"noopener\">Amazon<\/a>.<\/li>\n\n\n \t\n\n<li>Ebook format: <a href=\"https:\/\/newknowledgelibrary.org\/e-books\/the-allies-of-humanity-book-1-english-ebook\/\" target=\"_blank\" rel=\"noopener\">New Knowledge Library<\/a>, <a href=\"https:\/\/www.amazon.com\/Allies-Humanity-Book-One-ebook-dp-B0052GA54I\/dp\/B0052GA54I\" target=\"_blank\" rel=\"noopener\">Kindle version from Amazon<\/a>, <a href=\"https:\/\/books.apple.com\/us\/book\/the-allies-of-humanity-book-one\/id894099032\" target=\"_blank\" rel=\"noopener\">Apple Books<\/a> or <a href=\"https:\/\/play.google.com\/store\/books\/details\/Marshall_Vian_Summers_The_Allies_of_Humanity_Book?id=L7ruJolCko0C\" target=\"_blank\" rel=\"noopener\">Google Play<\/a>.<\/li>\n\n\n<\/ul>\n\n\n--><\/p>\n<p>&nbsp;<\/p>\n<hr \/>\n<h5>Pro\u010ditajte ovdje besplatno online!<\/h5>\n<p>Sadr\u017eaj:<\/p>\n<p><a href=\"alien-races-earth\">Prvo Izvje\u0161\u0107e: Izvanzemaljska Prisutnost u Svijetu Danas<\/a><\/p>\n<p><a href=\"human-freedom\">Drugo Izvje\u0161\u0107e: Izazov Ljudskoj Slobodi<br \/>\n<\/a><\/p>\n<p><a href=\"the-visitors\">Tre\u0107e Izvje\u0161\u0107e: Veliko Upozorenje<\/a><\/p>\n<p><a href=\"false-second-coming\">\u010cetvrto Izvje\u0161\u0107e: Manipulacija Religijskih Tradicija i Uvjerenja<\/a><\/p>\n<p><a href=\"threshold-alien-presence\">Peto Izvje\u0161\u0107e: Prag: Novo Obe\u0107anje za \u010covje\u010danstvo<\/a><\/p>\n<p><a href=\"questions-about-aliens\">\u0160esto Izvje\u0161\u0107e: Pitanja i Odgovori<\/a><\/p>\n<p><a href=\"final-words\">Zavr\u0161ne Rije\u010di<\/a><\/p>\n<p>Dru\u0161tvo za Novu Poruku sada pru\u017ea sve \u010detiri knjige <em>Saveznika \u010covje\u010danstva<\/em> online bez naknade. \u010cinimo ovo kako bi ova poruka mogla dose\u0107i \u0161to je vi\u0161e ljudi mogu\u0107e, na lokalnoj razini i tako\u0111er na pozicijama politi\u010dke, ekonomske i religijske mo\u0107i.<\/p>\n","protected":false},"excerpt":{"rendered":"<p>Sva Izvje\u0161\u0107a Saveznika \u010covje\u010danstva su dostupna besplatno online. Zapo\u010dnite putovanje sa Saveznicima Knjigom Prvom. Prije vi\u0161e od dvadeset godina grupa pojedinaca iz nekoliko razli\u010ditih svjetova okupila se na diskretnoj lokaciji u na\u0161em sun\u010devom sustavu blizu Zemlje radi svrhe promatranja izvanzemaljske Intervencije koja se doga\u0111a u na\u0161em svijetu. Iz svojeg skrivenog vidikovca, uspjeli su utvrditi identitet, [&hellip;]<\/p>\n","protected":false},"author":25,"featured_media":0,"parent":11909,"menu_order":1,"comment_status":"closed","ping_status":"closed","template":"page-book-start.php","meta":{"_acf_changed":false,"footnotes":""},"class_list":["post-11992","page","type-page","status-publish","hentry"],"acf":[],"yoast_head":"<!-- This site is optimized with the Yoast SEO plugin v26.5 - https:\/\/yoast.com\/wordpress\/plugins\/seo\/ -->\n<title>Saveznici \u010covje\u010danstva Knjiga Prva | Saveznici \u010covje\u010danstva<\/title>\n<meta name=\"description\" content=\"Prije vi\u0161e od dvadeset godina, grupa pojedinaca iz nekoliko razli\u010ditih svjetova se okupila na diskretnoj lokaciji u na\u0161em Sun\u010devom Sustavu blizu Zemlje radi svrhe promatranja Izvanzemaljske Intervencije koja se doga\u0111a u na\u0161em svijetu.\" \/>\n<meta name=\"robots\" content=\"index, follow, max-snippet:-1, max-image-preview:large, max-video-preview:-1\" \/>\n<link rel=\"canonical\" href=\"https:\/\/www.alliesofhumanity.org\/hr\/the-briefings\/book-one\/\" \/>\n<meta property=\"og:locale\" content=\"hr_HR\" \/>\n<meta property=\"og:type\" content=\"article\" \/>\n<meta property=\"og:title\" content=\"Saveznici \u010covje\u010danstva Knjiga Prva | Saveznici \u010covje\u010danstva\" \/>\n<meta property=\"og:description\" content=\"Prije vi\u0161e od dvadeset godina, grupa pojedinaca iz nekoliko razli\u010ditih svjetova se okupila na diskretnoj lokaciji u na\u0161em Sun\u010devom Sustavu blizu Zemlje radi svrhe promatranja Izvanzemaljske Intervencije koja se doga\u0111a u na\u0161em svijetu.\" \/>\n<meta property=\"og:url\" content=\"https:\/\/www.alliesofhumanity.org\/hr\/the-briefings\/book-one\/\" \/>\n<meta property=\"og:site_name\" content=\"The Allies of Humanity\" \/>\n<meta property=\"article:publisher\" content=\"https:\/\/www.facebook.com\/alliesofhumanity\/\" \/>\n<meta property=\"article:modified_time\" content=\"2026-03-15T05:36:25+00:00\" \/>\n<meta property=\"og:image\" content=\"https:\/\/www.alliesofhumanity.org\/wp-content\/uploads\/2021\/01\/og-socialmedia-aoh.jpg\" \/>\n\t<meta property=\"og:image:width\" content=\"1200\" \/>\n\t<meta property=\"og:image:height\" content=\"630\" \/>\n\t<meta property=\"og:image:type\" content=\"image\/jpeg\" \/>\n<meta name=\"twitter:card\" content=\"summary_large_image\" \/>\n<meta name=\"twitter:title\" content=\"Saveznici \u010covje\u010danstva Knjiga Prva | Saveznici \u010covje\u010danstva\" \/>\n<meta name=\"twitter:site\" content=\"@earthallies\" \/>\n<meta name=\"twitter:label1\" content=\"Procijenjeno vrijeme \u010ditanja\" \/>\n\t<meta name=\"twitter:data1\" content=\"1 minuta\" \/>\n<script type=\"application\/ld+json\" class=\"yoast-schema-graph\">{\"@context\":\"https:\/\/schema.org\",\"@graph\":[{\"@type\":\"WebPage\",\"@id\":\"https:\/\/www.alliesofhumanity.org\/hr\/the-briefings\/book-one\/\",\"url\":\"https:\/\/www.alliesofhumanity.org\/hr\/the-briefings\/book-one\/\",\"name\":\"Saveznici \u010covje\u010danstva Knjiga Prva | Saveznici \u010covje\u010danstva\",\"isPartOf\":{\"@id\":\"https:\/\/www.alliesofhumanity.org\/hr\/#website\"},\"datePublished\":\"2021-02-06T02:00:54+00:00\",\"dateModified\":\"2026-03-15T05:36:25+00:00\",\"description\":\"Prije vi\u0161e od dvadeset godina, grupa pojedinaca iz nekoliko razli\u010ditih svjetova se okupila na diskretnoj lokaciji u na\u0161em Sun\u010devom Sustavu blizu Zemlje radi svrhe promatranja Izvanzemaljske Intervencije koja se doga\u0111a u na\u0161em svijetu.\",\"breadcrumb\":{\"@id\":\"https:\/\/www.alliesofhumanity.org\/hr\/the-briefings\/book-one\/#breadcrumb\"},\"inLanguage\":\"hr\",\"potentialAction\":[{\"@type\":\"ReadAction\",\"target\":[\"https:\/\/www.alliesofhumanity.org\/hr\/the-briefings\/book-one\/\"]}]},{\"@type\":\"BreadcrumbList\",\"@id\":\"https:\/\/www.alliesofhumanity.org\/hr\/the-briefings\/book-one\/#breadcrumb\",\"itemListElement\":[{\"@type\":\"ListItem\",\"position\":1,\"name\":\"Izvje\u0161taji\",\"item\":\"https:\/\/www.alliesofhumanity.org\/hr\/the-briefings\/\"},{\"@type\":\"ListItem\",\"position\":2,\"name\":\"Knjiga Prva\"}]},{\"@type\":\"WebSite\",\"@id\":\"https:\/\/www.alliesofhumanity.org\/hr\/#website\",\"url\":\"https:\/\/www.alliesofhumanity.org\/hr\/\",\"name\":\"The Allies of Humanity\",\"description\":\"\",\"potentialAction\":[{\"@type\":\"SearchAction\",\"target\":{\"@type\":\"EntryPoint\",\"urlTemplate\":\"https:\/\/www.alliesofhumanity.org\/hr\/?s={search_term_string}\"},\"query-input\":{\"@type\":\"PropertyValueSpecification\",\"valueRequired\":true,\"valueName\":\"search_term_string\"}}],\"inLanguage\":\"hr\"}]}<\/script>\n<!-- \/ Yoast SEO plugin. -->","yoast_head_json":{"title":"Saveznici \u010covje\u010danstva Knjiga Prva | Saveznici \u010covje\u010danstva","description":"Prije vi\u0161e od dvadeset godina, grupa pojedinaca iz nekoliko razli\u010ditih svjetova se okupila na diskretnoj lokaciji u na\u0161em Sun\u010devom Sustavu blizu Zemlje radi svrhe promatranja Izvanzemaljske Intervencije koja se doga\u0111a u na\u0161em svijetu.","robots":{"index":"index","follow":"follow","max-snippet":"max-snippet:-1","max-image-preview":"max-image-preview:large","max-video-preview":"max-video-preview:-1"},"canonical":"https:\/\/www.alliesofhumanity.org\/hr\/the-briefings\/book-one\/","og_locale":"hr_HR","og_type":"article","og_title":"Saveznici \u010covje\u010danstva Knjiga Prva | Saveznici \u010covje\u010danstva","og_description":"Prije vi\u0161e od dvadeset godina, grupa pojedinaca iz nekoliko razli\u010ditih svjetova se okupila na diskretnoj lokaciji u na\u0161em Sun\u010devom Sustavu blizu Zemlje radi svrhe promatranja Izvanzemaljske Intervencije koja se doga\u0111a u na\u0161em svijetu.","og_url":"https:\/\/www.alliesofhumanity.org\/hr\/the-briefings\/book-one\/","og_site_name":"The Allies of Humanity","article_publisher":"https:\/\/www.facebook.com\/alliesofhumanity\/","article_modified_time":"2026-03-15T05:36:25+00:00","og_image":[{"width":1200,"height":630,"url":"https:\/\/www.alliesofhumanity.org\/wp-content\/uploads\/2021\/01\/og-socialmedia-aoh.jpg","type":"image\/jpeg"}],"twitter_card":"summary_large_image","twitter_title":"Saveznici \u010covje\u010danstva Knjiga Prva | Saveznici \u010covje\u010danstva","twitter_site":"@earthallies","twitter_misc":{"Procijenjeno vrijeme \u010ditanja":"1 minuta"},"schema":{"@context":"https:\/\/schema.org","@graph":[{"@type":"WebPage","@id":"https:\/\/www.alliesofhumanity.org\/hr\/the-briefings\/book-one\/","url":"https:\/\/www.alliesofhumanity.org\/hr\/the-briefings\/book-one\/","name":"Saveznici \u010covje\u010danstva Knjiga Prva | Saveznici \u010covje\u010danstva","isPartOf":{"@id":"https:\/\/www.alliesofhumanity.org\/hr\/#website"},"datePublished":"2021-02-06T02:00:54+00:00","dateModified":"2026-03-15T05:36:25+00:00","description":"Prije vi\u0161e od dvadeset godina, grupa pojedinaca iz nekoliko razli\u010ditih svjetova se okupila na diskretnoj lokaciji u na\u0161em Sun\u010devom Sustavu blizu Zemlje radi svrhe promatranja Izvanzemaljske Intervencije koja se doga\u0111a u na\u0161em svijetu.","breadcrumb":{"@id":"https:\/\/www.alliesofhumanity.org\/hr\/the-briefings\/book-one\/#breadcrumb"},"inLanguage":"hr","potentialAction":[{"@type":"ReadAction","target":["https:\/\/www.alliesofhumanity.org\/hr\/the-briefings\/book-one\/"]}]},{"@type":"BreadcrumbList","@id":"https:\/\/www.alliesofhumanity.org\/hr\/the-briefings\/book-one\/#breadcrumb","itemListElement":[{"@type":"ListItem","position":1,"name":"Izvje\u0161taji","item":"https:\/\/www.alliesofhumanity.org\/hr\/the-briefings\/"},{"@type":"ListItem","position":2,"name":"Knjiga Prva"}]},{"@type":"WebSite","@id":"https:\/\/www.alliesofhumanity.org\/hr\/#website","url":"https:\/\/www.alliesofhumanity.org\/hr\/","name":"The Allies of Humanity","description":"","potentialAction":[{"@type":"SearchAction","target":{"@type":"EntryPoint","urlTemplate":"https:\/\/www.alliesofhumanity.org\/hr\/?s={search_term_string}"},"query-input":{"@type":"PropertyValueSpecification","valueRequired":true,"valueName":"search_term_string"}}],"inLanguage":"hr"}]}},"_links":{"self":[{"href":"https:\/\/www.alliesofhumanity.org\/hr\/wp-json\/wp\/v2\/pages\/11992","targetHints":{"allow":["GET"]}}],"collection":[{"href":"https:\/\/www.alliesofhumanity.org\/hr\/wp-json\/wp\/v2\/pages"}],"about":[{"href":"https:\/\/www.alliesofhumanity.org\/hr\/wp-json\/wp\/v2\/types\/page"}],"author":[{"embeddable":true,"href":"https:\/\/www.alliesofhumanity.org\/hr\/wp-json\/wp\/v2\/users\/25"}],"replies":[{"embeddable":true,"href":"https:\/\/www.alliesofhumanity.org\/hr\/wp-json\/wp\/v2\/comments?post=11992"}],"version-history":[{"count":8,"href":"https:\/\/www.alliesofhumanity.org\/hr\/wp-json\/wp\/v2\/pages\/11992\/revisions"}],"predecessor-version":[{"id":24414,"href":"https:\/\/www.alliesofhumanity.org\/hr\/wp-json\/wp\/v2\/pages\/11992\/revisions\/24414"}],"up":[{"embeddable":true,"href":"https:\/\/www.alliesofhumanity.org\/hr\/wp-json\/wp\/v2\/pages\/11909"}],"wp:attachment":[{"href":"https:\/\/www.alliesofhumanity.org\/hr\/wp-json\/wp\/v2\/media?parent=11992"}],"curies":[{"name":"wp","href":"https:\/\/api.w.org\/{rel}","templated":true}]}}