{"id":11919,"date":"2021-02-06T02:37:59","date_gmt":"2021-02-06T01:37:59","guid":{"rendered":"https:\/\/www.alliesofhumanity.org\/marshall-vian-summers\/"},"modified":"2024-03-11T08:08:42","modified_gmt":"2024-03-11T07:08:42","slug":"marshall-vian-summers","status":"publish","type":"page","link":"https:\/\/www.alliesofhumanity.org\/hr\/marshall-vian-summers\/","title":{"rendered":"Marshall Vian Summers"},"content":{"rendered":"\t\t<div data-elementor-type=\"wp-page\" data-elementor-id=\"11919\" class=\"elementor elementor-11919 elementor-2912\" data-elementor-post-type=\"page\">\t\t\t\t\t\t<section class=\"elementor-section elementor-top-section elementor-element elementor-element-7fac8697 elementor-section-boxed elementor-section-height-default elementor-section-height-default\" data-id=\"7fac8697\" data-element_type=\"section\">\t\t\t\t\t\t<div class=\"elementor-container elementor-column-gap-default\">\t\t\t\t\t<div class=\"elementor-column elementor-col-100 elementor-top-column elementor-element elementor-element-1195357f\" data-id=\"1195357f\" data-element_type=\"column\">\t\t\t<div class=\"elementor-widget-wrap elementor-element-populated\">\t\t\t\t\t\t<div class=\"elementor-element elementor-element-ba0d783 elementor-widget elementor-widget-text-editor\" data-id=\"ba0d783\" data-element_type=\"widget\" data-widget_type=\"text-editor.default\">\t\t\t\t<div class=\"elementor-widget-container\">\t\t\t\t\t\t\t\t\t<h5>Proteklih 35 godina, bio sam uronjen u religijsko iskustvo. Ovo je rezultiralo mojim primanjem golemog tijela zapisa o prirodi ljudske duhovnosti te sudbine \u010dovje\u010danstva unutar ve\u0107e panorame inteligentnog \u017eivota u Svemiru.<\/h5>\rOvi zapisi, obuhva\u0107eni u U\u010denjima u <a title=\"Idite na newmessage.org\/hr\/\" href=\"https:\/\/newmessage.org\/hr\/\" target=\"_blank\" rel=\"noopener noreferrer\">Novoj Poruci<\/a>, sadr\u017ee teolo\u0161ki okvir koji uzima u obzir \u017eivot i prisutnost Boga u \u201eVe\u0107oj Zajednici\u201c, golemom prostranstvu svemira i vremena kojeg poznamo kao na\u0161 Svemir.\r\rKozmologija koju sam primao sadr\u017ei mnoge poruke, jedna od kojih je da se \u010dovje\u010danstvo pojavljuje unutar Ve\u0107e Zajednice inteligentnog \u017eivota a za ovo se moramo pripremiti. Svojstveno ovoj poruci je razumijevanje da \u010dovje\u010danstvo nije samo u Svemiru ili \u010dak samo unutar vlastitog svijeta. Te da \u0107e unutar ove Ve\u0107e Zajednice, \u010dovje\u010danstvo imati prijatelje, konkurenciju i suparnike.\r<p>\r<\/p>Ova ve\u0107a stvarnost je dramati\u010dno potvr\u0111ena iznenadnim i neo\u010dekivanim prijenosom prvog skupa Izvje\u0161\u0107a Saveznika \u010covje\u010danstva 1997. Tri godine ranije u 1994. primio sam teolo\u0161ki okvir za shva\u0107anje Izvje\u0161\u0107a Saveznika u svojoj knjizi <a title=\"Idite na newmessage.org\" href=\"https:\/\/www.newmessage.org\/hr\/the-message\/volume-2\/greater-community-spirituality\/\" target=\"_blank\" rel=\"noopener noreferrer\">Duhovnost Ve\u0107e Zajednice \u2013 Novo Otkrivenje<\/a>.\r<p class=\"float-left\"><img decoding=\"async\" src=\"https:\/\/www.alliesofhumanity.org\/wp-content\/uploads\/2020\/06\/mvs-greater-power-decisive-action.jpg\" alt=\"Marshall Vian Summers\" \/><\/p><p>\r<\/p>U tom trenutku, kao rezultat mog duhovnog rada i tekstova, postalo mi je poznato da \u010dovje\u010danstvo ima saveznike u Svemiru koji su zabrinuti radi dobrobiti i budu\u0107e slobode na\u0161e rase. Unutar rastu\u0107e kozmologije koja mi je bivala otkrivena, bilo je razumijevanje da, u povijesti inteligentnog \u017eivota u Svemiru, eti\u010dki napredne rase su imale obvezu oporu\u010diti svoju mudrost mladim rasama u nastanku kao \u0161to je na\u0161a, te da ovo oporuka mora biti <em>bez<\/em> izravnog upletanja ili uplitanja u poslove te mlade rase. Namjera je ovdje informirati, ne uplitanje.\r<p>\r<\/p><p>Ovo \u201epreno\u0161enje mudrosti\u201c predstavlja dugo-postoje\u0107i eti\u010dki okvir u vezi Kontakta s novonastalim rasama te kako bi se trebao provoditi. Dva skupa Izvje\u0161\u0107a Saveznika \u010covje\u010danstva su jasna demonstracija ovog modela ne-uplitanja te eti\u010dkog Kontakta. Ovaj model bi trebao biti svjetlo vodilja i standard kojim bismo trebali o\u010dekivati druge rase da se pridr\u017eavaju u svojim poku\u0161ajima da nas kontaktiraju ili da posjete na\u0161 svijet. No ova demonstracija eti\u010dkog Kontakta stoji u potpunom kontrastu naspram Intervencije koja se de\u0161ava u svijetu danas.\r<\/p><p class=\"image-quote float-right\"><img decoding=\"async\" src=\"https:\/\/www.alliesofhumanity.org\/wp-content\/uploads\/2020\/12\/quote-mvs.png\" alt=\"\" \/><\/p><blockquote id=\"quote-3\" class=\"text-quote float-right bg-gray\">Prelazimo u polo\u017eaj ekstremne ranjivosti. Sa spektrom ponestajanja resursa, ekolo\u0161kog propadanja te rizikom daljnje frakture ljudske obitelji koji raste svaki dan, zreli smo za Intervenciju.<\/blockquote><p>\r<\/p><p>Prelazimo u polo\u017eaj ekstremne ranjivosti. Sa spektrom ponestajanja resursa, ekolo\u0161kog propadanja te rizikom daljnje frakture ljudske obitelji koji raste svaki dan, zreli smo za Intervenciju. \u017divimo naizgled u izolaciji u bogatom i vrijednom svijetu kojem te\u017ee drugi izvan na\u0161ih obala. Ometeni smo i podijeljeni te ne vidimo veliku opasnost koja se upli\u0107e na na\u0161im granicama. To je fenomen koji je povijest ponovila opet i opet u vezi sudbine izoliranih starosjedila\u010dkih naroda koji su se suo\u010davali s intervencijom po prvi puta. Nismo realisti\u010dni u svojim pretpostavkama o mo\u0107ima i dobro\u010dinstvu inteligentnog \u017eivota u Svemiru. A tek sada po\u010dinjemo razmatrati stanje koje smo si stvorili unutar vlastitog svijeta.\r<\/p><p>\r<\/p><p>Nepopularna istina je da ljudska obitelj nije spremna za izravno iskustvo Kontakta a zasigurno nije spremna za Intervenciju. Moramo prvo dovesti vlastitu ku\u0107u u red. Jo\u0161 nemamo zrelost vrste kako bismo se anga\u017eirali s drugim rasama u Ve\u0107oj Zajednici iz pozicije jedinstva, snage i razboritosti. A dokle ne dostignemo takav polo\u017eaj, ako ikada mo\u017eemo, tada se niti jedna rasa ne bi trebala poku\u0161ati izravno uplitati u na\u0161em svijetu. Saveznici nam pru\u017eaju prijeko potrebnu mudrost i perspektivu, no oni se ne upli\u0107u. Govore nam da na\u0161a sudbina jest i da bi trebala biti, u na\u0161im vlastitim rukama. Takav je teret slobode u Svemiru.\r<\/p><p>\r<\/p><p>Bez obzira na na\u0161 nedostatak spremnosti, me\u0111utim, Intervencija se de\u0161ava. \u010covje\u010danstvo se sada mora pripremiti za ovaj, najposljedi\u010dniji prag u ljudskoj povijesti. Radije nego da smo samo le\u017eerni svjedoci ovom fenomenu, mi smo u njegovom samom centru. De\u0161ava se bilo da smo ga svjesni ili ne. Ima mo\u0107 da promijeni ishod za \u010dovje\u010danstvo. I ima sve veze s time tko smo i za\u0161to smo u svijetu u ovo vrijeme.\r<\/p><p>\r<\/p><a title=\"Idite na newmessage.org\/hr\/\" href=\"http:\/\/www.newmessage.org\/hr\/\" target=\"_blank\" rel=\"noopener noreferrer\">Nova Poruka<\/a> je dana da pru\u017ei u\u010denje a tako\u0111er i pripremu koja nam je sada potrebna da se suo\u010dimo s ovim velikim pragom, da obnovimo ljudski duh te da postavimo novi smjer za ljudsku obitelj. Obra\u0107a se hitnoj potrebi za ljudsko jedinstvo i suradnju, prvenstvu Znanja, na\u0161e duhovne inteligencije, te ve\u0107im odgovornostima koje sada moramo prisvojiti na pragu svemira. Ona predstavlja Novu Poruku od Stvoritelja svega \u017eivota.\r<p>\r<\/p><p>Moja misija je donijeti ovu ve\u0107u kozmologiju i pripremu u svijet, a s njom, novu nadu i obe\u0107anje za \u010dovje\u010danstvo koje se mu\u010di. Moja duga priprema te ogromno u\u010denje u Novoj Poruci su ovdje radi ove svrhe. Izvje\u0161\u0107a Saveznika \u010covje\u010danstva su samo mali dio ove ve\u0107e poruke. Vrijeme je sada da prekinemo na\u0161e neprestane sukobe i pripremimo se za \u017eivot u Ve\u0107oj Zajednici. Kako bismo u\u010dinili ovo, potrebno nam je novo razumijevanje nas samih kao jednog naroda, starosjedila\u010dki narod ovog svijeta, ro\u0111en iz jedne duhovnosti, te na\u0161eg ranjivog polo\u017eaja kao mlada, novonastala rasa u Svemiru. Ovo je moja poruka za \u010dovje\u010danstvo i radi ovoga sam do\u0161ao.\r<\/p><p>\r<\/p><p>&nbsp;\r<\/p><p align=\"center\"><b> Marshall Vian Summers<\/b><\/p>\r<p align=\"center\"><a title=\"Idite na marshallsummers.com\" href=\"https:\/\/www.marshallsummers.com\/\" target=\"_blank\" rel=\"noopener noreferrer\">marshallsummers.com<\/a><\/p>\t\t\t\t\t\t\t\t<\/div>\t\t\t\t<\/div>\t\t\t\t\t<\/div>\t\t<\/div>\t\t\t\t\t<\/div>\t\t<\/section>\t\t\t\t<\/div><p>\t\t<\/p>","protected":false},"excerpt":{"rendered":"<p>Proteklih 35 godina, bio sam uronjen u religijsko iskustvo. Ovo je rezultiralo mojim primanjem golemog tijela zapisa o prirodi ljudske duhovnosti te sudbine \u010dovje\u010danstva unutar ve\u0107e panorame inteligentnog \u017eivota u Svemiru. Ovi zapisi, obuhva\u0107eni u U\u010denjima u Novoj Poruci, sadr\u017ee teolo\u0161ki okvir koji uzima u obzir \u017eivot i prisutnost Boga u \u201eVe\u0107oj Zajednici\u201c, golemom prostranstvu [&hellip;]<\/p>\n","protected":false},"author":23,"featured_media":0,"parent":0,"menu_order":4,"comment_status":"closed","ping_status":"closed","template":"page.php","meta":{"_acf_changed":false,"footnotes":""},"class_list":["post-11919","page","type-page","status-publish","hentry"],"acf":[],"yoast_head":"<!-- This site is optimized with the Yoast SEO plugin v26.5 - https:\/\/yoast.com\/wordpress\/plugins\/seo\/ -->\n<title>Marshall Vian Summers | Izvje\u0161\u0107a Saveznika \u010covje\u010danstva<\/title>\n<meta name=\"description\" content=\"Marshall Vian Summers dobio je golemu korpus spisa o stvarnosti izvanzemaljskog kontakta, duhovnosti i ljudske sudbine.\" \/>\n<meta name=\"robots\" content=\"index, follow, max-snippet:-1, max-image-preview:large, max-video-preview:-1\" \/>\n<link rel=\"canonical\" href=\"https:\/\/www.alliesofhumanity.org\/hr\/marshall-vian-summers\/\" \/>\n<meta property=\"og:locale\" content=\"hr_HR\" \/>\n<meta property=\"og:type\" content=\"article\" \/>\n<meta property=\"og:title\" content=\"Marshall Vian Summers | Izvje\u0161\u0107a Saveznika \u010covje\u010danstva\" \/>\n<meta property=\"og:description\" content=\"Marshall Vian Summers dobio je golemu korpus spisa o stvarnosti izvanzemaljskog kontakta, duhovnosti i ljudske sudbine.\" \/>\n<meta property=\"og:url\" content=\"https:\/\/www.alliesofhumanity.org\/hr\/marshall-vian-summers\/\" \/>\n<meta property=\"og:site_name\" content=\"The Allies of Humanity\" \/>\n<meta property=\"article:publisher\" content=\"https:\/\/www.facebook.com\/alliesofhumanity\/\" \/>\n<meta property=\"article:modified_time\" content=\"2024-03-11T07:08:42+00:00\" \/>\n<meta property=\"og:image\" content=\"https:\/\/www.alliesofhumanity.org\/wp-content\/uploads\/2021\/01\/og-socialmedia-aoh.jpg\" \/>\n\t<meta property=\"og:image:width\" content=\"1200\" \/>\n\t<meta property=\"og:image:height\" content=\"630\" \/>\n\t<meta property=\"og:image:type\" content=\"image\/jpeg\" \/>\n<meta name=\"twitter:card\" content=\"summary_large_image\" \/>\n<meta name=\"twitter:title\" content=\"Marshall Vian Summers | Izvje\u0161\u0107a Saveznika \u010covje\u010danstva\" \/>\n<meta name=\"twitter:site\" content=\"@earthallies\" \/>\n<meta name=\"twitter:label1\" content=\"Procijenjeno vrijeme \u010ditanja\" \/>\n\t<meta name=\"twitter:data1\" content=\"4 minute\" \/>\n<script type=\"application\/ld+json\" class=\"yoast-schema-graph\">{\"@context\":\"https:\/\/schema.org\",\"@graph\":[{\"@type\":\"WebPage\",\"@id\":\"https:\/\/www.alliesofhumanity.org\/hr\/marshall-vian-summers\/\",\"url\":\"https:\/\/www.alliesofhumanity.org\/hr\/marshall-vian-summers\/\",\"name\":\"Marshall Vian Summers | Izvje\u0161\u0107a Saveznika \u010covje\u010danstva\",\"isPartOf\":{\"@id\":\"https:\/\/www.alliesofhumanity.org\/hr\/#website\"},\"datePublished\":\"2021-02-06T01:37:59+00:00\",\"dateModified\":\"2024-03-11T07:08:42+00:00\",\"description\":\"Marshall Vian Summers dobio je golemu korpus spisa o stvarnosti izvanzemaljskog kontakta, duhovnosti i ljudske sudbine.\",\"inLanguage\":\"hr\",\"potentialAction\":[{\"@type\":\"ReadAction\",\"target\":[\"https:\/\/www.alliesofhumanity.org\/hr\/marshall-vian-summers\/\"]}]},{\"@type\":\"WebSite\",\"@id\":\"https:\/\/www.alliesofhumanity.org\/hr\/#website\",\"url\":\"https:\/\/www.alliesofhumanity.org\/hr\/\",\"name\":\"The Allies of Humanity\",\"description\":\"\",\"potentialAction\":[{\"@type\":\"SearchAction\",\"target\":{\"@type\":\"EntryPoint\",\"urlTemplate\":\"https:\/\/www.alliesofhumanity.org\/hr\/?s={search_term_string}\"},\"query-input\":{\"@type\":\"PropertyValueSpecification\",\"valueRequired\":true,\"valueName\":\"search_term_string\"}}],\"inLanguage\":\"hr\"}]}<\/script>\n<!-- \/ Yoast SEO plugin. -->","yoast_head_json":{"title":"Marshall Vian Summers | Izvje\u0161\u0107a Saveznika \u010covje\u010danstva","description":"Marshall Vian Summers dobio je golemu korpus spisa o stvarnosti izvanzemaljskog kontakta, duhovnosti i ljudske sudbine.","robots":{"index":"index","follow":"follow","max-snippet":"max-snippet:-1","max-image-preview":"max-image-preview:large","max-video-preview":"max-video-preview:-1"},"canonical":"https:\/\/www.alliesofhumanity.org\/hr\/marshall-vian-summers\/","og_locale":"hr_HR","og_type":"article","og_title":"Marshall Vian Summers | Izvje\u0161\u0107a Saveznika \u010covje\u010danstva","og_description":"Marshall Vian Summers dobio je golemu korpus spisa o stvarnosti izvanzemaljskog kontakta, duhovnosti i ljudske sudbine.","og_url":"https:\/\/www.alliesofhumanity.org\/hr\/marshall-vian-summers\/","og_site_name":"The Allies of Humanity","article_publisher":"https:\/\/www.facebook.com\/alliesofhumanity\/","article_modified_time":"2024-03-11T07:08:42+00:00","og_image":[{"width":1200,"height":630,"url":"https:\/\/www.alliesofhumanity.org\/wp-content\/uploads\/2021\/01\/og-socialmedia-aoh.jpg","type":"image\/jpeg"}],"twitter_card":"summary_large_image","twitter_title":"Marshall Vian Summers | Izvje\u0161\u0107a Saveznika \u010covje\u010danstva","twitter_site":"@earthallies","twitter_misc":{"Procijenjeno vrijeme \u010ditanja":"4 minute"},"schema":{"@context":"https:\/\/schema.org","@graph":[{"@type":"WebPage","@id":"https:\/\/www.alliesofhumanity.org\/hr\/marshall-vian-summers\/","url":"https:\/\/www.alliesofhumanity.org\/hr\/marshall-vian-summers\/","name":"Marshall Vian Summers | Izvje\u0161\u0107a Saveznika \u010covje\u010danstva","isPartOf":{"@id":"https:\/\/www.alliesofhumanity.org\/hr\/#website"},"datePublished":"2021-02-06T01:37:59+00:00","dateModified":"2024-03-11T07:08:42+00:00","description":"Marshall Vian Summers dobio je golemu korpus spisa o stvarnosti izvanzemaljskog kontakta, duhovnosti i ljudske sudbine.","inLanguage":"hr","potentialAction":[{"@type":"ReadAction","target":["https:\/\/www.alliesofhumanity.org\/hr\/marshall-vian-summers\/"]}]},{"@type":"WebSite","@id":"https:\/\/www.alliesofhumanity.org\/hr\/#website","url":"https:\/\/www.alliesofhumanity.org\/hr\/","name":"The Allies of Humanity","description":"","potentialAction":[{"@type":"SearchAction","target":{"@type":"EntryPoint","urlTemplate":"https:\/\/www.alliesofhumanity.org\/hr\/?s={search_term_string}"},"query-input":{"@type":"PropertyValueSpecification","valueRequired":true,"valueName":"search_term_string"}}],"inLanguage":"hr"}]}},"_links":{"self":[{"href":"https:\/\/www.alliesofhumanity.org\/hr\/wp-json\/wp\/v2\/pages\/11919","targetHints":{"allow":["GET"]}}],"collection":[{"href":"https:\/\/www.alliesofhumanity.org\/hr\/wp-json\/wp\/v2\/pages"}],"about":[{"href":"https:\/\/www.alliesofhumanity.org\/hr\/wp-json\/wp\/v2\/types\/page"}],"author":[{"embeddable":true,"href":"https:\/\/www.alliesofhumanity.org\/hr\/wp-json\/wp\/v2\/users\/23"}],"replies":[{"embeddable":true,"href":"https:\/\/www.alliesofhumanity.org\/hr\/wp-json\/wp\/v2\/comments?post=11919"}],"version-history":[{"count":8,"href":"https:\/\/www.alliesofhumanity.org\/hr\/wp-json\/wp\/v2\/pages\/11919\/revisions"}],"predecessor-version":[{"id":22018,"href":"https:\/\/www.alliesofhumanity.org\/hr\/wp-json\/wp\/v2\/pages\/11919\/revisions\/22018"}],"wp:attachment":[{"href":"https:\/\/www.alliesofhumanity.org\/hr\/wp-json\/wp\/v2\/media?parent=11919"}],"curies":[{"name":"wp","href":"https:\/\/api.w.org\/{rel}","templated":true}]}}