{"id":11916,"date":"2021-02-06T02:29:42","date_gmt":"2021-02-06T01:29:42","guid":{"rendered":"https:\/\/www.alliesofhumanity.org\/education-and-action\/"},"modified":"2024-03-11T08:03:36","modified_gmt":"2024-03-11T07:03:36","slug":"education-and-action","status":"publish","type":"page","link":"https:\/\/www.alliesofhumanity.org\/hr\/education-and-action\/","title":{"rendered":"Edukacija i akcija"},"content":{"rendered":"\t\t<div data-elementor-type=\"wp-page\" data-elementor-id=\"11916\" class=\"elementor elementor-11916 elementor-1867\" data-elementor-post-type=\"page\">\t\t\t\t\t\t<section class=\"elementor-section elementor-top-section elementor-element elementor-element-4782b150 elementor-section-full_width elementor-section-height-default elementor-section-height-default\" data-id=\"4782b150\" data-element_type=\"section\">\t\t\t\t\t\t<div class=\"elementor-container elementor-column-gap-default\">\t\t\t\t\t<div class=\"elementor-column elementor-col-100 elementor-top-column elementor-element elementor-element-54d1ac8e\" data-id=\"54d1ac8e\" data-element_type=\"column\">\t\t\t<div class=\"elementor-widget-wrap elementor-element-populated\">\t\t\t\t\t\t<div class=\"elementor-element elementor-element-5f862d9 elementor-widget elementor-widget-text-editor\" data-id=\"5f862d9\" data-element_type=\"widget\" data-widget_type=\"text-editor.default\">\t\t\t\t<div class=\"elementor-widget-container\">\t\t\t\t\t\t\t\t\t<h5>Ljudska Obitelj se suo\u010dava s najve\u0107im pragom u svojoj dugoj povijesti &#8211; njezinim pojvaljivanjem u Ve\u0107oj Zajednici inteligentnog \u017eivota u svemiru. Ovo pojavljivanje \u0107e promijeniti ljudsku percepciju, uvjerenje te kako \u017eivimo ovdje na Zemlji. No \u010dovje\u010danstvo je nepripremljeno.<\/h5>\rPo prvi puta, priprema za prelazak velikog praga u Ve\u0107u Zajednicu u\u010dinjena je dostupnom kroz tekstove <a href=\"https:\/\/www.marshallsummers.com\" target=\"_blank\" rel=\"noopener noreferrer\">MV Summers<\/a>. Ovo golemo tijelo U\u010denja u svojoj potpunosti nije nalik ni\u010demu u svijetu danas, te predstavlja <a href=\"https:\/\/www.newmessage.org\/hr\/\" target=\"_blank\" rel=\"noopener noreferrer\">Novu Poruku za \u010covje\u010danstvo<\/a>.\r\r<strong>Edukacija i Akcija su neophodne za donijeti ovu novu poruku i svjesnost \u010covje\u010danstvu.<\/strong>\r<h5>Nastavite svoju edukaciju Ve\u0107e Zajednice u\r<a title=\"The Free School of the New Message from God\" href=\"https:\/\/community.newmessage.org\" target=\"_blank\" rel=\"noopener noreferrer\">Besplatnoj \u0160koli Nove Poruke.<\/a>\rGlobalna, online i dostupna svima.<\/h5>\r<h3>Dodatni resursi:<\/h3>\r<a href=\"https:\/\/www.newmessage.org\/hr\/the-message\/volume-4\/preparing-for-the-greater-community\/\">Pripremanje za Ve\u0107u Zajednicu<\/a>\rPoglavlje 3: <a href=\"https:\/\/www.newmessage.org\/hr\/the-message\/volume-4\/preparing-for-the-greater-community\/essential-truths-about-the-greater-community\/\">Neophodne Istine o Ve\u0107oj Zajednici<\/a>\r<p>\r<\/p><a href=\"https:\/\/www.newmessage.org\/hr\/the-message\/volume-4\/life-universe\/\">\u017divot u Svemiru: Stvarnost i duhovnost \u017divota u Svemiru<\/a>\r<p>\r<\/p><a href=\"https:\/\/www.newmessage.org\/hr\/the-message\/volume-2\/greater-community-spirituality\/\">Duhovnost Ve\u0107e Zajednice<\/a>\r<p>\r<\/p><a href=\"https:\/\/www.newmessage.org\/hr\/the-message\/volume-4\/great-waves-change\/\">Veliki Valovi Promjene<\/a>\r<p>\r<\/p><a href=\"https:\/\/www.newmessage.org\/hr\/the-message\/volume-5\/wisdom-greater-community-volume-1\/\">Mudrost iz Ve\u0107e Zajednice: Svezak 1<\/a>\r<p>\r<\/p><a href=\"https:\/\/www.newmessage.org\/hr\/the-message\/volume-5\/wisdom-greater-community-volume-2\/\">Mudrost iz Ve\u0107e Zajednice: Svezak 2<\/a>\r<p>\r<\/p><a href=\"https:\/\/www.newmessage.org\/hr\/the-message\/volume-3\/living-way-knowledge\/\">\u017divljenje Puta Znanja<\/a>\r<p>\r<\/p><a href=\"https:\/\/www.newmessage.org\/hr\/the-message\/volume-1\/greater-community\/\">Ve\u0107a Zajednica<\/a>\rPoglavlje 4: <a href=\"https:\/\/www.newmessage.org\/hr\/the-message\/volume-1\/greater-community\/entering-the-greater-community\/\">Ulazak u Ve\u0107u Zajednicu<\/a>\r<p>\r<\/p><a href=\"https:\/\/www.newmessage.org\/hr\/the-message\/volume-1\/new-world\/\">Novi Svijet<\/a>\rPoglavlje 3: <a href=\"https:\/\/www.newmessage.org\/hr\/the-message\/volume-1\/new-world\/the-global-emergency\/\">Globalna Nu\u017eda<\/a>\r<p>\r<\/p><a href=\"https:\/\/www.newmessage.org\/hr\/the-message\/volume-3\/steps-knowledge\/\">Koraci do Znanja: Knjiga Unutarnjeg Znanja<\/a>\r<h3>U\u010denja Nove Poruke:<\/h3>\r<ul>\r \t<li><a href=\"https:\/\/www.newmessage.org\/hr\/the-message\/other-revelations\/the-great-turning-point-for-humanity\/\">Velika Prekretnica za \u010covje\u010danstvo<\/a><\/li>\r \t<li><a href=\"https:\/\/www.newmessage.org\/hr\/the-message\/volume-4\/great-waves-change\/the-deep-evaluation\/\">Duboka Procjena<\/a><\/li>\r<\/ul>\r<h3>Komentari U\u010ditelja, iz <a href=\"https:\/\/www.alliesofhumanity.org\/hr\/the-briefings\/book-two\/\">Saveznika \u010covje\u010danstva Knjige Druge<\/a>:<\/h3>\r<ul>\r \t<li>Prva: <a href=\"https:\/\/www.alliesofhumanity.org\/hr\/the-briefings\/book-two\/the-problem-of-human-denial-first-commentary\/\">Problem s Ljudskim Negiranjem<\/a><\/li>\r \t<li>Druga: <a href=\"https:\/\/www.alliesofhumanity.org\/hr\/the-briefings\/book-two\/effects-of-the-pacification-program-second-commentary\/\">U\u010dinci Programa Pacifikacije<\/a><\/li>\r \t<li>Tre\u0107a: <a href=\"https:\/\/www.alliesofhumanity.org\/hr\/the-briefings\/book-two\/understanding-the-intervention-third-commentary\/\">Razumijevanje Intervencije<\/a><\/li>\r<\/ul>\t\t\t\t\t\t\t\t<\/div>\t\t\t\t<\/div>\t\t\t\t\t<\/div>\t\t<\/div>\t\t\t\t\t<\/div>\t\t<\/section>\t\t\t\t<\/div><p>\t\t<\/p>","protected":false},"excerpt":{"rendered":"<p>Ljudska Obitelj se suo\u010dava s najve\u0107im pragom u svojoj dugoj povijesti &#8211; njezinim pojvaljivanjem u Ve\u0107oj Zajednici inteligentnog \u017eivota u svemiru. Ovo pojavljivanje \u0107e promijeniti ljudsku percepciju, uvjerenje te kako \u017eivimo ovdje na Zemlji. No \u010dovje\u010danstvo je nepripremljeno. Po prvi puta, priprema za prelazak velikog praga u Ve\u0107u Zajednicu u\u010dinjena je dostupnom kroz tekstove MV [&hellip;]<\/p>\n","protected":false},"author":25,"featured_media":0,"parent":0,"menu_order":3,"comment_status":"closed","ping_status":"closed","template":"page.php","meta":{"_acf_changed":false,"footnotes":""},"class_list":["post-11916","page","type-page","status-publish","hentry"],"acf":[],"yoast_head":"<!-- This site is optimized with the Yoast SEO plugin v26.5 - https:\/\/yoast.com\/wordpress\/plugins\/seo\/ -->\n<title>Vanzemaljski kontakt: osnovno obrazovanje i djelovanje<\/title>\n<meta name=\"description\" content=\"Ovo ogromno tijelo U\u010denja u cijelosti se ne razlikuje od ni\u010dega na svijetu danas i predstavlja novu poruku za \u010dovje\u010danstvo.\" \/>\n<meta name=\"robots\" content=\"index, follow, max-snippet:-1, max-image-preview:large, max-video-preview:-1\" \/>\n<link rel=\"canonical\" href=\"https:\/\/www.alliesofhumanity.org\/hr\/education-and-action\/\" \/>\n<meta property=\"og:locale\" content=\"hr_HR\" \/>\n<meta property=\"og:type\" content=\"article\" \/>\n<meta property=\"og:title\" content=\"Vanzemaljski kontakt: osnovno obrazovanje i djelovanje\" \/>\n<meta property=\"og:description\" content=\"Ovo ogromno tijelo U\u010denja u cijelosti se ne razlikuje od ni\u010dega na svijetu danas i predstavlja novu poruku za \u010dovje\u010danstvo.\" \/>\n<meta property=\"og:url\" content=\"https:\/\/www.alliesofhumanity.org\/hr\/education-and-action\/\" \/>\n<meta property=\"og:site_name\" content=\"The Allies of Humanity\" \/>\n<meta property=\"article:publisher\" content=\"https:\/\/www.facebook.com\/alliesofhumanity\/\" \/>\n<meta property=\"article:modified_time\" content=\"2024-03-11T07:03:36+00:00\" \/>\n<meta property=\"og:image\" content=\"https:\/\/www.alliesofhumanity.org\/wp-content\/uploads\/2021\/01\/og-socialmedia-aoh.jpg\" \/>\n\t<meta property=\"og:image:width\" content=\"1200\" \/>\n\t<meta property=\"og:image:height\" content=\"630\" \/>\n\t<meta property=\"og:image:type\" content=\"image\/jpeg\" \/>\n<meta name=\"twitter:card\" content=\"summary_large_image\" \/>\n<meta name=\"twitter:title\" content=\"Vanzemaljski kontakt: osnovno obrazovanje i djelovanje\" \/>\n<meta name=\"twitter:site\" content=\"@earthallies\" \/>\n<meta name=\"twitter:label1\" content=\"Procijenjeno vrijeme \u010ditanja\" \/>\n\t<meta name=\"twitter:data1\" content=\"1 minuta\" \/>\n<script type=\"application\/ld+json\" class=\"yoast-schema-graph\">{\"@context\":\"https:\/\/schema.org\",\"@graph\":[{\"@type\":\"WebPage\",\"@id\":\"https:\/\/www.alliesofhumanity.org\/hr\/education-and-action\/\",\"url\":\"https:\/\/www.alliesofhumanity.org\/hr\/education-and-action\/\",\"name\":\"Vanzemaljski kontakt: osnovno obrazovanje i djelovanje\",\"isPartOf\":{\"@id\":\"https:\/\/www.alliesofhumanity.org\/hr\/#website\"},\"datePublished\":\"2021-02-06T01:29:42+00:00\",\"dateModified\":\"2024-03-11T07:03:36+00:00\",\"description\":\"Ovo ogromno tijelo U\u010denja u cijelosti se ne razlikuje od ni\u010dega na svijetu danas i predstavlja novu poruku za \u010dovje\u010danstvo.\",\"inLanguage\":\"hr\",\"potentialAction\":[{\"@type\":\"ReadAction\",\"target\":[\"https:\/\/www.alliesofhumanity.org\/hr\/education-and-action\/\"]}]},{\"@type\":\"WebSite\",\"@id\":\"https:\/\/www.alliesofhumanity.org\/hr\/#website\",\"url\":\"https:\/\/www.alliesofhumanity.org\/hr\/\",\"name\":\"The Allies of Humanity\",\"description\":\"\",\"potentialAction\":[{\"@type\":\"SearchAction\",\"target\":{\"@type\":\"EntryPoint\",\"urlTemplate\":\"https:\/\/www.alliesofhumanity.org\/hr\/?s={search_term_string}\"},\"query-input\":{\"@type\":\"PropertyValueSpecification\",\"valueRequired\":true,\"valueName\":\"search_term_string\"}}],\"inLanguage\":\"hr\"}]}<\/script>\n<!-- \/ Yoast SEO plugin. -->","yoast_head_json":{"title":"Vanzemaljski kontakt: osnovno obrazovanje i djelovanje","description":"Ovo ogromno tijelo U\u010denja u cijelosti se ne razlikuje od ni\u010dega na svijetu danas i predstavlja novu poruku za \u010dovje\u010danstvo.","robots":{"index":"index","follow":"follow","max-snippet":"max-snippet:-1","max-image-preview":"max-image-preview:large","max-video-preview":"max-video-preview:-1"},"canonical":"https:\/\/www.alliesofhumanity.org\/hr\/education-and-action\/","og_locale":"hr_HR","og_type":"article","og_title":"Vanzemaljski kontakt: osnovno obrazovanje i djelovanje","og_description":"Ovo ogromno tijelo U\u010denja u cijelosti se ne razlikuje od ni\u010dega na svijetu danas i predstavlja novu poruku za \u010dovje\u010danstvo.","og_url":"https:\/\/www.alliesofhumanity.org\/hr\/education-and-action\/","og_site_name":"The Allies of Humanity","article_publisher":"https:\/\/www.facebook.com\/alliesofhumanity\/","article_modified_time":"2024-03-11T07:03:36+00:00","og_image":[{"width":1200,"height":630,"url":"https:\/\/www.alliesofhumanity.org\/wp-content\/uploads\/2021\/01\/og-socialmedia-aoh.jpg","type":"image\/jpeg"}],"twitter_card":"summary_large_image","twitter_title":"Vanzemaljski kontakt: osnovno obrazovanje i djelovanje","twitter_site":"@earthallies","twitter_misc":{"Procijenjeno vrijeme \u010ditanja":"1 minuta"},"schema":{"@context":"https:\/\/schema.org","@graph":[{"@type":"WebPage","@id":"https:\/\/www.alliesofhumanity.org\/hr\/education-and-action\/","url":"https:\/\/www.alliesofhumanity.org\/hr\/education-and-action\/","name":"Vanzemaljski kontakt: osnovno obrazovanje i djelovanje","isPartOf":{"@id":"https:\/\/www.alliesofhumanity.org\/hr\/#website"},"datePublished":"2021-02-06T01:29:42+00:00","dateModified":"2024-03-11T07:03:36+00:00","description":"Ovo ogromno tijelo U\u010denja u cijelosti se ne razlikuje od ni\u010dega na svijetu danas i predstavlja novu poruku za \u010dovje\u010danstvo.","inLanguage":"hr","potentialAction":[{"@type":"ReadAction","target":["https:\/\/www.alliesofhumanity.org\/hr\/education-and-action\/"]}]},{"@type":"WebSite","@id":"https:\/\/www.alliesofhumanity.org\/hr\/#website","url":"https:\/\/www.alliesofhumanity.org\/hr\/","name":"The Allies of Humanity","description":"","potentialAction":[{"@type":"SearchAction","target":{"@type":"EntryPoint","urlTemplate":"https:\/\/www.alliesofhumanity.org\/hr\/?s={search_term_string}"},"query-input":{"@type":"PropertyValueSpecification","valueRequired":true,"valueName":"search_term_string"}}],"inLanguage":"hr"}]}},"_links":{"self":[{"href":"https:\/\/www.alliesofhumanity.org\/hr\/wp-json\/wp\/v2\/pages\/11916","targetHints":{"allow":["GET"]}}],"collection":[{"href":"https:\/\/www.alliesofhumanity.org\/hr\/wp-json\/wp\/v2\/pages"}],"about":[{"href":"https:\/\/www.alliesofhumanity.org\/hr\/wp-json\/wp\/v2\/types\/page"}],"author":[{"embeddable":true,"href":"https:\/\/www.alliesofhumanity.org\/hr\/wp-json\/wp\/v2\/users\/25"}],"replies":[{"embeddable":true,"href":"https:\/\/www.alliesofhumanity.org\/hr\/wp-json\/wp\/v2\/comments?post=11916"}],"version-history":[{"count":21,"href":"https:\/\/www.alliesofhumanity.org\/hr\/wp-json\/wp\/v2\/pages\/11916\/revisions"}],"predecessor-version":[{"id":22017,"href":"https:\/\/www.alliesofhumanity.org\/hr\/wp-json\/wp\/v2\/pages\/11916\/revisions\/22017"}],"wp:attachment":[{"href":"https:\/\/www.alliesofhumanity.org\/hr\/wp-json\/wp\/v2\/media?parent=11916"}],"curies":[{"name":"wp","href":"https:\/\/api.w.org\/{rel}","templated":true}]}}