{"id":11914,"date":"2021-02-06T02:21:19","date_gmt":"2021-02-06T01:21:19","guid":{"rendered":"https:\/\/www.alliesofhumanity.org\/the-briefings\/12-point-summary-of-the-allies-of-humanity-briefings\/"},"modified":"2024-03-11T08:03:16","modified_gmt":"2024-03-11T07:03:16","slug":"12-point-summary-of-the-allies-of-humanity-briefings","status":"publish","type":"page","link":"https:\/\/www.alliesofhumanity.org\/hr\/the-briefings\/12-point-summary-of-the-allies-of-humanity-briefings\/","title":{"rendered":"Sa\u017eetak u 12 to\u010daka"},"content":{"rendered":"\t\t<div data-elementor-type=\"wp-page\" data-elementor-id=\"11914\" class=\"elementor elementor-11914 elementor-2001\" data-elementor-post-type=\"page\">\t\t\t\t\t\t<section class=\"elementor-section elementor-top-section elementor-element elementor-element-28ebce47 elementor-section-boxed elementor-section-height-default elementor-section-height-default\" data-id=\"28ebce47\" data-element_type=\"section\">\t\t\t\t\t\t<div class=\"elementor-container elementor-column-gap-default\">\t\t\t\t\t<div class=\"elementor-column elementor-col-100 elementor-top-column elementor-element elementor-element-56ef9ab3\" data-id=\"56ef9ab3\" data-element_type=\"column\">\t\t\t<div class=\"elementor-widget-wrap elementor-element-populated\">\t\t\t\t\t\t<div class=\"elementor-element elementor-element-5c8d1469 elementor-widget elementor-widget-text-editor\" data-id=\"5c8d1469\" data-element_type=\"widget\" data-widget_type=\"text-editor.default\">\t\t\t\t<div class=\"elementor-widget-container\">\t\t\t\t\t\t\t\t\t<span style=\"font-weight: 400;\">Da bismo vam pomogli u dijeljenju Poruke i Izvje\u0161taja Saveznika s drugima, u ovih 12 to\u010daka uklju\u010dujemo sa\u017eetak svih \u010detiri Izvje\u0161taja. Ovaj sa\u017eetak predstavlja samo op\u0107i pregled i ne uklju\u010duje mnoge bitne detalje koji omogu\u0107uju potpuno shva\u0107anje Izvje\u0161taja Saveznika.<\/span>\r<ol>\r \t<li><span style=\"font-weight: 400;\"> Sudbina \u010dovje\u010danstva je u\u0107i u Ve\u0107u Zajednicu inteligentnog \u017eivota u svemiru i u njoj sudjelovati.<\/span><\/li>\r \t<li><span style=\"font-weight: 400;\"> Kontakt s drugim oblicima inteligentnog \u017eivota predstavlja najve\u0107i prag s kojim se \u010dovje\u010danstvo ikada suo\u010dilo. Rezultati ovog Kontakta \u0107e odrediti budu\u0107nost \u010dovje\u010danstva za nadolaze\u0107e generacije. Ovaj Kontakt se upravo de\u0161ava.<\/span><\/li>\r \t<li><span style=\"font-weight: 400;\"> \u010covje\u010danstvo je nespremno za Kontakt. Istra\u017eiva\u010di jo\u0161 uvijek ne mogu jasno vidjeti tko posje\u0107uje na\u0161 svijet i za\u0161to. Vlade ne otkrivaju \u0161to znaju, a ve\u0107ina ljudi i dalje pori\u010de da se ovaj fenomen uop\u0107e doga\u0111a.<\/span><\/li>\r \t<li><span style=\"font-weight: 400;\"> Zbog ovog nedostatka pripreme, istinski saveznici \u010dovje\u010danstva su poslali predstavnike na lokaciju blizu Zemlje da promatraju izvanzemaljsku prisutnost i aktivnost u na\u0161em svijetu. Izvje\u0161taji Saveznika \u010covje\u010danstva predstavljaju njihov izvje\u0161taj.<\/span><\/li>\r \t<li><span style=\"font-weight: 400;\"> Izvje\u0161taji otkrivaju da na\u0161 svijet prolazi izvanzemaljsku Intervenciju od strane snaga koje su, kao \u0161to pokazuju njihovi postupci, ovdje da potkopaju ljudsku nadle\u017enost i integriraju se u ljudska dru\u0161tva radi vlastite koristi. Te snage predstavljaju ne-vojne organizacije koje ovdje tra\u017ee ljudske i biolo\u0161ke resurse. Saveznici te snage nazivaju &#8220;Kolektivima&#8221;. Kolektivi ne cijene ljudsku slobodu.<\/span><\/li>\r \t<li><span style=\"font-weight: 400;\"> Budu\u0107i da intervenciju provode male skupine interveniraju\u0107ih snaga, ona se prvenstveno mora osloniti na prijevaru i uvjeravanje da bi postigla svoje ciljeve. Izvje\u0161taji Saveznika detaljno opisuju kako se to posti\u017ee i \u0161to moramo napraviti da to zaustavimo.<\/span><\/li>\r \t<li><span style=\"font-weight: 400;\"> Ova izvanzemaljska Intervencija je usredoto\u010dena na \u010detiri podru\u010dja:<\/span><\/li>\r<\/ol>\r<ul>\r \t<li style=\"font-weight: 400;\" aria-level=\"1\"><span style=\"font-weight: 400;\">Kroz obe\u0107anja ve\u0107eg bogatstva, mo\u0107i i tehnologije utje\u010de na odre\u0111ene pojedince na polo\u017eajima mo\u0107i i autoriteta u vladama, trgovini i religiji, kako bi sura\u0111ivali s Intervencijom\u00a0<\/span><\/li>\r \t<li style=\"font-weight: 400;\" aria-level=\"1\"><span style=\"font-weight: 400;\">Stvara skrivena postrojenja u svijetu iz kojih Intervencija mo\u017ee izvr\u0161iti svoj utjecaj na mentalno okru\u017eenje, nastoje\u0107i ljude posvuda u\u010diniti otvorenima i suglasnima svojoj volji kroz &#8220;Program Pacifikacije&#8221;<\/span><\/li>\r \t<li style=\"font-weight: 400;\" aria-level=\"1\"><span style=\"font-weight: 400;\">Manipulira na\u0161im vjerskim vrijednostima i duhovnim nagonima kako bi pridobila ljudsku odanost svojem cilju<\/span><\/li>\r \t<li style=\"font-weight: 400;\" aria-level=\"1\"><span style=\"font-weight: 400;\">Otima ljude protiv njihove volje, a \u010desto i bez njihove svijesti, da podr\u017ei program kri\u017eanja osmi\u0161ljen da stvori hibridnu rasu i novo vodstvo koje bi bilo povezano s &#8220;posjetiteljima&#8221;<\/span><\/li>\r<\/ul>\r<ol start=\"8\">\r \t<li><span style=\"font-weight: 400;\"> Oni izvanzemaljski posjetitelji koji su bili potencijalno korisni za \u010dovje\u010danstvo su se pred Intervencijom svi povukli iz svijeta. Oni koji su ostali su izvanzemaljske rase koje nisu ovdje radi na\u0161e dobrobiti. To nas ostavlja u nedvosmislenoj situaciji u vezi s namjerama i aktivnostima izvanzemaljske prisutnosti. To nam omogu\u0107uje da jasno vidimo s \u010dime imamo posla. Ina\u010de bi nam bilo nemogu\u0107e razlikovati prijatelja od neprijatelja.<\/span><\/li>\r \t<li><span style=\"font-weight: 400;\"> Izvje\u0161taji Saveznika nagla\u0161avaju ozbiljnu opasnost u na\u0161em prihva\u0107anju i oslanjanju na izvanzemaljsku tehnologiju koju Intervencija nudi. To \u0107e samo dovesti do na\u0161e zavisnosti o &#8220;posjetiteljima&#8221;, \u0161to \u0107e rezultirati na\u0161im gubitkom slobode i samodostatnosti. Nijedan istiniti saveznik \u010dovje\u010danstva nam to ne bi ponudio. Saveznici nagla\u0161avaju da imamo zemaljska rje\u0161enja za sve probleme s kojima se suo\u010davamo. Ono \u0161to nam kao rasi nedostaje su jedinstvo, volja i suradnja.<\/span><\/li>\r \t<li><span style=\"font-weight: 400;\"> Unato\u010d velikom izazovu s kojim se sada suo\u010davamo, \u010dovje\u010danstvo jo\u0161 uvijek ima veliku prednost, ako mo\u017eemo odgovoriti na vrijeme. Izvje\u0161taji Saveznika otkrivaju snage i slabosti Intervencije. Jedna od slabosti Intervencije je njezino oslanjanje na ljudsku suglasnost i suradnju u postizanju svojih ciljeva. Prema pravilima pona\u0161anja Ve\u0107e Zajednice unutar regije svemira u kojoj na\u0161 svijet postoji, intervencija nije dopu\u0161tena osim ako se mo\u017ee demonstrirati da ju domoroci prihva\u0107aju i odobravaju. Tu na\u0161i glasovi mogu imati mo\u0107 u Ve\u0107oj Zajednici. U ovom trenutku Intervencija ima malo kriti\u010dara. Ali ako je dovoljno ljudi mo\u017ee postati svjesno i govoriti protiv nje, Intervencija \u0107e se omesti i morati \u0107e se povu\u0107i. To je prvi korak u pripremi \u010dovje\u010danstva za suo\u010davanje sa stvarnostima \u017eivota u svemiru. Taj korak i svi koraci koji slijede daju \u010dovje\u010danstvu njegovu jedinu veliku priliku da prevlada svoje dugogodi\u0161nje sukobe i da se ujedini u vlastitoj obrani za o\u010duvanje svijeta. Saveznici nagla\u0161avaju da mi kao ljudska bi\u0107a imamo duhovnu i kolektivnu mo\u0107 to u\u010diniti i da moramo to u\u010diniti ako \u017eelimo pre\u017eivjeti i napredovati kao slobodna i neovisna rasa u svemiru.<\/span><\/li>\r \t<li><span style=\"font-weight: 400;\"> Priprema za na\u0161 kontakt s Ve\u0107om Zajednicom po\u010dinje sa svjesnosti, obrazovanjem i Znanjem, na\u0161im duhovnim Umom.<\/span><\/li>\r \t<li><span style=\"font-weight: 400;\"> U suo\u010davanju s Ve\u0107om Zajednicom, \u010dovje\u010danstvo mora izgraditi jedinstvo, samodostatnost i diskreciju. To su tri uvjeta koja sve slobodne nacije moraju uspostaviti da bi bile slobodne u svemiru.<\/span><\/li>\r<\/ol>\r<p style=\"text-align: center;\"><span style=\"font-weight: 400;\">___________________________<\/span><\/p>\r<p style=\"text-align: center;\"><i><span style=\"font-weight: 400;\">\u201e<\/span><\/i><i><span style=\"font-weight: 400;\">Da je \u010dovje\u010danstvo dobro upu\u0107eno u poslove Ve\u0107e Zajednice, pru\u017eili biste otpor svakoj posjeti svojem svijetu, osim ako je prethodno uspostavljen zajedni\u010dki dogovor. Znali biste dovoljno da ne dopustite da vam svijet bude tako ranjiv.\u201c<\/span><\/i><\/p>\r<p style=\"text-align: center;\"><b>Saveznici \u010covje\u010danstva, Knjiga Prva: Tre\u0107i Izvje\u0161taj<\/b><\/p>\r<p style=\"text-align: center;\"><b>www.AlliesofHumanity.org\/hr<\/b><\/p>\t\t\t\t\t\t\t\t<\/div>\t\t\t\t<\/div>\t\t\t\t\t<\/div>\t\t<\/div>\t\t\t\t\t<\/div>\t\t<\/section>\t\t\t\t<\/div><p>\t\t<\/p>","protected":false},"excerpt":{"rendered":"<p>Da bismo vam pomogli u dijeljenju Poruke i Izvje\u0161taja Saveznika s drugima, u ovih 12 to\u010daka uklju\u010dujemo sa\u017eetak svih \u010detiri Izvje\u0161taja. Ovaj sa\u017eetak predstavlja samo op\u0107i pregled i ne uklju\u010duje mnoge bitne detalje koji omogu\u0107uju potpuno shva\u0107anje Izvje\u0161taja Saveznika. Sudbina \u010dovje\u010danstva je u\u0107i u Ve\u0107u Zajednicu inteligentnog \u017eivota u svemiru i u njoj sudjelovati. Kontakt [&hellip;]<\/p>\n","protected":false},"author":23,"featured_media":0,"parent":11909,"menu_order":5,"comment_status":"closed","ping_status":"closed","template":"page.php","meta":{"_acf_changed":false,"footnotes":""},"class_list":["post-11914","page","type-page","status-publish","hentry"],"acf":[],"yoast_head":"<!-- This site is optimized with the Yoast SEO plugin v26.5 - https:\/\/yoast.com\/wordpress\/plugins\/seo\/ -->\n<title>Sa\u017eetak Izvje\u0161taja Saveznika \u010covje\u010danstva u 12 to\u010daka<\/title>\n<meta name=\"description\" content=\"Sa\u017eetak savezni\u010dkih brifinga. Otkrivanje prisutnosti vanzemaljaca u dana\u0161njem svijetu i zahtjeva za eti\u010dkim kontaktom.\" \/>\n<meta name=\"robots\" content=\"index, follow, max-snippet:-1, max-image-preview:large, max-video-preview:-1\" \/>\n<link rel=\"canonical\" href=\"https:\/\/www.alliesofhumanity.org\/hr\/the-briefings\/12-point-summary-of-the-allies-of-humanity-briefings\/\" \/>\n<meta property=\"og:locale\" content=\"hr_HR\" \/>\n<meta property=\"og:type\" content=\"article\" \/>\n<meta property=\"og:title\" content=\"Sa\u017eetak Izvje\u0161taja Saveznika \u010covje\u010danstva u 12 to\u010daka\" \/>\n<meta property=\"og:description\" content=\"Sa\u017eetak savezni\u010dkih brifinga. Otkrivanje prisutnosti vanzemaljaca u dana\u0161njem svijetu i zahtjeva za eti\u010dkim kontaktom.\" \/>\n<meta property=\"og:url\" content=\"https:\/\/www.alliesofhumanity.org\/hr\/the-briefings\/12-point-summary-of-the-allies-of-humanity-briefings\/\" \/>\n<meta property=\"og:site_name\" content=\"The Allies of Humanity\" \/>\n<meta property=\"article:publisher\" content=\"https:\/\/www.facebook.com\/alliesofhumanity\/\" \/>\n<meta property=\"article:modified_time\" content=\"2024-03-11T07:03:16+00:00\" \/>\n<meta property=\"og:image\" content=\"https:\/\/www.alliesofhumanity.org\/wp-content\/uploads\/2021\/01\/og-socialmedia-aoh.jpg\" \/>\n\t<meta property=\"og:image:width\" content=\"1200\" \/>\n\t<meta property=\"og:image:height\" content=\"630\" \/>\n\t<meta property=\"og:image:type\" content=\"image\/jpeg\" \/>\n<meta name=\"twitter:card\" content=\"summary_large_image\" \/>\n<meta name=\"twitter:title\" content=\"Sa\u017eetak Izvje\u0161taja Saveznika \u010covje\u010danstva u 12 to\u010daka\" \/>\n<meta name=\"twitter:site\" content=\"@earthallies\" \/>\n<meta name=\"twitter:label1\" content=\"Procijenjeno vrijeme \u010ditanja\" \/>\n\t<meta name=\"twitter:data1\" content=\"4 minute\" \/>\n<script type=\"application\/ld+json\" class=\"yoast-schema-graph\">{\"@context\":\"https:\/\/schema.org\",\"@graph\":[{\"@type\":\"WebPage\",\"@id\":\"https:\/\/www.alliesofhumanity.org\/hr\/the-briefings\/12-point-summary-of-the-allies-of-humanity-briefings\/\",\"url\":\"https:\/\/www.alliesofhumanity.org\/hr\/the-briefings\/12-point-summary-of-the-allies-of-humanity-briefings\/\",\"name\":\"Sa\u017eetak Izvje\u0161taja Saveznika \u010covje\u010danstva u 12 to\u010daka\",\"isPartOf\":{\"@id\":\"https:\/\/www.alliesofhumanity.org\/hr\/#website\"},\"datePublished\":\"2021-02-06T01:21:19+00:00\",\"dateModified\":\"2024-03-11T07:03:16+00:00\",\"description\":\"Sa\u017eetak savezni\u010dkih brifinga. Otkrivanje prisutnosti vanzemaljaca u dana\u0161njem svijetu i zahtjeva za eti\u010dkim kontaktom.\",\"breadcrumb\":{\"@id\":\"https:\/\/www.alliesofhumanity.org\/hr\/the-briefings\/12-point-summary-of-the-allies-of-humanity-briefings\/#breadcrumb\"},\"inLanguage\":\"hr\",\"potentialAction\":[{\"@type\":\"ReadAction\",\"target\":[\"https:\/\/www.alliesofhumanity.org\/hr\/the-briefings\/12-point-summary-of-the-allies-of-humanity-briefings\/\"]}]},{\"@type\":\"BreadcrumbList\",\"@id\":\"https:\/\/www.alliesofhumanity.org\/hr\/the-briefings\/12-point-summary-of-the-allies-of-humanity-briefings\/#breadcrumb\",\"itemListElement\":[{\"@type\":\"ListItem\",\"position\":1,\"name\":\"Izvje\u0161taji\",\"item\":\"https:\/\/www.alliesofhumanity.org\/hr\/the-briefings\/\"},{\"@type\":\"ListItem\",\"position\":2,\"name\":\"Sa\u017eetak u 12 to\u010daka\"}]},{\"@type\":\"WebSite\",\"@id\":\"https:\/\/www.alliesofhumanity.org\/hr\/#website\",\"url\":\"https:\/\/www.alliesofhumanity.org\/hr\/\",\"name\":\"The Allies of Humanity\",\"description\":\"\",\"potentialAction\":[{\"@type\":\"SearchAction\",\"target\":{\"@type\":\"EntryPoint\",\"urlTemplate\":\"https:\/\/www.alliesofhumanity.org\/hr\/?s={search_term_string}\"},\"query-input\":{\"@type\":\"PropertyValueSpecification\",\"valueRequired\":true,\"valueName\":\"search_term_string\"}}],\"inLanguage\":\"hr\"}]}<\/script>\n<!-- \/ Yoast SEO plugin. -->","yoast_head_json":{"title":"Sa\u017eetak Izvje\u0161taja Saveznika \u010covje\u010danstva u 12 to\u010daka","description":"Sa\u017eetak savezni\u010dkih brifinga. Otkrivanje prisutnosti vanzemaljaca u dana\u0161njem svijetu i zahtjeva za eti\u010dkim kontaktom.","robots":{"index":"index","follow":"follow","max-snippet":"max-snippet:-1","max-image-preview":"max-image-preview:large","max-video-preview":"max-video-preview:-1"},"canonical":"https:\/\/www.alliesofhumanity.org\/hr\/the-briefings\/12-point-summary-of-the-allies-of-humanity-briefings\/","og_locale":"hr_HR","og_type":"article","og_title":"Sa\u017eetak Izvje\u0161taja Saveznika \u010covje\u010danstva u 12 to\u010daka","og_description":"Sa\u017eetak savezni\u010dkih brifinga. Otkrivanje prisutnosti vanzemaljaca u dana\u0161njem svijetu i zahtjeva za eti\u010dkim kontaktom.","og_url":"https:\/\/www.alliesofhumanity.org\/hr\/the-briefings\/12-point-summary-of-the-allies-of-humanity-briefings\/","og_site_name":"The Allies of Humanity","article_publisher":"https:\/\/www.facebook.com\/alliesofhumanity\/","article_modified_time":"2024-03-11T07:03:16+00:00","og_image":[{"width":1200,"height":630,"url":"https:\/\/www.alliesofhumanity.org\/wp-content\/uploads\/2021\/01\/og-socialmedia-aoh.jpg","type":"image\/jpeg"}],"twitter_card":"summary_large_image","twitter_title":"Sa\u017eetak Izvje\u0161taja Saveznika \u010covje\u010danstva u 12 to\u010daka","twitter_site":"@earthallies","twitter_misc":{"Procijenjeno vrijeme \u010ditanja":"4 minute"},"schema":{"@context":"https:\/\/schema.org","@graph":[{"@type":"WebPage","@id":"https:\/\/www.alliesofhumanity.org\/hr\/the-briefings\/12-point-summary-of-the-allies-of-humanity-briefings\/","url":"https:\/\/www.alliesofhumanity.org\/hr\/the-briefings\/12-point-summary-of-the-allies-of-humanity-briefings\/","name":"Sa\u017eetak Izvje\u0161taja Saveznika \u010covje\u010danstva u 12 to\u010daka","isPartOf":{"@id":"https:\/\/www.alliesofhumanity.org\/hr\/#website"},"datePublished":"2021-02-06T01:21:19+00:00","dateModified":"2024-03-11T07:03:16+00:00","description":"Sa\u017eetak savezni\u010dkih brifinga. Otkrivanje prisutnosti vanzemaljaca u dana\u0161njem svijetu i zahtjeva za eti\u010dkim kontaktom.","breadcrumb":{"@id":"https:\/\/www.alliesofhumanity.org\/hr\/the-briefings\/12-point-summary-of-the-allies-of-humanity-briefings\/#breadcrumb"},"inLanguage":"hr","potentialAction":[{"@type":"ReadAction","target":["https:\/\/www.alliesofhumanity.org\/hr\/the-briefings\/12-point-summary-of-the-allies-of-humanity-briefings\/"]}]},{"@type":"BreadcrumbList","@id":"https:\/\/www.alliesofhumanity.org\/hr\/the-briefings\/12-point-summary-of-the-allies-of-humanity-briefings\/#breadcrumb","itemListElement":[{"@type":"ListItem","position":1,"name":"Izvje\u0161taji","item":"https:\/\/www.alliesofhumanity.org\/hr\/the-briefings\/"},{"@type":"ListItem","position":2,"name":"Sa\u017eetak u 12 to\u010daka"}]},{"@type":"WebSite","@id":"https:\/\/www.alliesofhumanity.org\/hr\/#website","url":"https:\/\/www.alliesofhumanity.org\/hr\/","name":"The Allies of Humanity","description":"","potentialAction":[{"@type":"SearchAction","target":{"@type":"EntryPoint","urlTemplate":"https:\/\/www.alliesofhumanity.org\/hr\/?s={search_term_string}"},"query-input":{"@type":"PropertyValueSpecification","valueRequired":true,"valueName":"search_term_string"}}],"inLanguage":"hr"}]}},"_links":{"self":[{"href":"https:\/\/www.alliesofhumanity.org\/hr\/wp-json\/wp\/v2\/pages\/11914","targetHints":{"allow":["GET"]}}],"collection":[{"href":"https:\/\/www.alliesofhumanity.org\/hr\/wp-json\/wp\/v2\/pages"}],"about":[{"href":"https:\/\/www.alliesofhumanity.org\/hr\/wp-json\/wp\/v2\/types\/page"}],"author":[{"embeddable":true,"href":"https:\/\/www.alliesofhumanity.org\/hr\/wp-json\/wp\/v2\/users\/23"}],"replies":[{"embeddable":true,"href":"https:\/\/www.alliesofhumanity.org\/hr\/wp-json\/wp\/v2\/comments?post=11914"}],"version-history":[{"count":20,"href":"https:\/\/www.alliesofhumanity.org\/hr\/wp-json\/wp\/v2\/pages\/11914\/revisions"}],"predecessor-version":[{"id":22016,"href":"https:\/\/www.alliesofhumanity.org\/hr\/wp-json\/wp\/v2\/pages\/11914\/revisions\/22016"}],"up":[{"embeddable":true,"href":"https:\/\/www.alliesofhumanity.org\/hr\/wp-json\/wp\/v2\/pages\/11909"}],"wp:attachment":[{"href":"https:\/\/www.alliesofhumanity.org\/hr\/wp-json\/wp\/v2\/media?parent=11914"}],"curies":[{"name":"wp","href":"https:\/\/api.w.org\/{rel}","templated":true}]}}