{"id":11906,"date":"2021-02-06T00:20:07","date_gmt":"2021-02-05T23:20:07","guid":{"rendered":"https:\/\/www.alliesofhumanity.org\/the-allies\/"},"modified":"2024-03-11T06:57:05","modified_gmt":"2024-03-11T05:57:05","slug":"the-allies","status":"publish","type":"page","link":"https:\/\/www.alliesofhumanity.org\/hr\/the-allies\/","title":{"rendered":"Saveznici"},"content":{"rendered":"\t\t<div data-elementor-type=\"wp-page\" data-elementor-id=\"11906\" class=\"elementor elementor-11906 elementor-758\" data-elementor-post-type=\"page\">\t\t\t\t\t\t<section class=\"elementor-section elementor-top-section elementor-element elementor-element-13aff578 elementor-section-full_width elementor-section-height-default elementor-section-height-default\" data-id=\"13aff578\" data-element_type=\"section\">\t\t\t\t\t\t<div class=\"elementor-container elementor-column-gap-default\">\t\t\t\t\t<div class=\"elementor-column elementor-col-100 elementor-top-column elementor-element elementor-element-73bd0eae\" data-id=\"73bd0eae\" data-element_type=\"column\">\t\t\t<div class=\"elementor-widget-wrap elementor-element-populated\">\t\t\t\t\t\t<div class=\"elementor-element elementor-element-0581c07 elementor-widget elementor-widget-text-editor\" data-id=\"0581c07\" data-element_type=\"widget\" data-widget_type=\"text-editor.default\">\t\t\t\t<div class=\"elementor-widget-container\">\t\t\t\t\t\t\t\t\t<h5>Saveznici \u010covje\u010danstva se predstavljaju da pripreme ljude za posve novu stvarnost koja je uglavnom skrivena i neprepoznata u svijetu danas. Pru\u017ea novu perspektivu koja osna\u017euje ljude da se suo\u010de s najve\u0107im izazovom i prilikom koju smo mi kao rasa, ikada susreli.<\/h5><p>Izvje\u0161\u0107a Saveznika \u010covje\u010danstva sadr\u017ee brojne kriti\u010dne, ako ne i alarmantne izjave o rastu\u0107oj izvanzemaljskoj intervenciji i integraciji u ljudsku obitelj te o izvanzemaljskim aktivnostima i skrivenom planu.<\/p><p>Svrha Izvje\u0161\u0107a Saveznika nije pru\u017eiti \u010dvrste dokaze o stvarnosti izvanzemaljske posjete na\u0161em svijetu, \u0161to je ve\u0107 vrlo dokumentirano u mnogim drugim dobrim knjigama i istra\u017eiva\u010dkim \u010dasopisima na temu. Svrha Izvje\u0161\u0107a Saveznika je uputiti na dramati\u010dne i dalekose\u017ene implikacije ovog fenomena, izazvati na\u0161e ljudske sklonosti i pretpostavke u vezi toga te upozoriti ljudsku obitelj na veliki prag s kojim smo sada suo\u010deni.<\/p><p>Izvje\u0161\u0107a pru\u017eaju pogled u stvarnost inteligentnog \u017eivota u Svemiru te \u0161to \u0107e Kontakt zaista zna\u010diti. Za mnoge \u010dita\u010de, ono \u0161to je otkriveno u <em>Izvje\u0161\u0107ima Saveznika \u010covje\u010danstva<\/em> biti \u0107e potpuno novo. Za druge, biti \u0107e potvrda stvari koje su dugo osje\u0107ali i znali.<\/p><p>Iako ova izvje\u0161\u0107a pru\u017eaju hitnu poruku, oni su isto tako o kretanju prema vi\u0161oj svjesnosti zvanoj <a href=\"https:\/\/www.newmessage.org\/wiki\/Knowledge_Quotes\"><em>\u201eZnanje\u201c<\/em><\/a>, koja uklju\u010duje i ve\u0107u telepatsku mogu\u0107nost me\u0111u ljudima i izme\u0111u rasa. U svjetlu ovoga, Izvje\u0161\u0107a Saveznika su odaslana autoru, <a href=\"https:\/\/marshallsummers.com\">Marshall Vian Summers<\/a> u od strane vi\u0161erasne, izvanzemaljske grupe koje se nazivaju \u201eSaveznici \u010covje\u010danstva\u201c.<\/p><p>Opisuju se kao fizi\u010dka bi\u0107a iz drugih svjetova koja su se okupila u na\u0161em Sun\u010devom Sustavu blizu Zemlje radi svrhe promatranja komunikacija i aktivnosti onih izvanzemaljskih rasa koja su ovdje u na\u0161em svijetu i upli\u0107u se u ljudske poslove. Nagla\u0161avaju kako oni osobno nisu fizi\u010dki prisutni u na\u0161em svijetu te kako pru\u017eaju potrebnu mudrost, ne tehnologiju ili uplitanje.<\/p><p>Izvje\u0161\u0107a Saveznika dana su autoru tijekom perioda od jedne godine. Nude perspektivu i vi\u0111enje u kompleksnu temu koja, unato\u010d desetlje\u0107ima rastu\u0107ih dokaza, nastavlja zbunjivati istra\u017eiva\u010de. No ova perspektiva nije romanti\u010dna, spekulativna ili idealisti\u010dka u svom pristupu ovoj temi. Naprotiv, prosto je realisti\u010dna i beskompromisna do to\u010dke gdje mo\u017ee biti poprili\u010dno izazovna, \u010dak i \u010ditatelju koji je dobro upu\u0107en u ovu temu.<\/p><p class=\"float-left bleed-left\"><img decoding=\"async\" src=\"https:\/\/www.alliesofhumanity.org\/wp-content\/uploads\/2020\/06\/960x540-aoh-book-1.jpg\" alt=\"\" \/><\/p><p>Stoga, kako bi primili \u0161to ova Izvje\u0161\u0107a imaju za ponuditi zahtijeva da suzdr\u017eite, na trenutak makar, mnoga od uvjerenja, pretpostavki i pitanja koja mo\u017eda imate o izvanzemaljskom Kontaktu te \u010dak o tome kako su ova Izvje\u0161\u0107a primljena. Sadr\u017eaj Izvje\u0161taja je kao poruka u boci poslana od izvan svijeta. Dakle, ne bismo trebali biti toliko zabrinuti u vezi boce ve\u0107 u vezi same poruke.<\/p><p>Kako bi uistinu razumjeli ovu izazovnu poruku, moramo se suo\u010diti sa i dovesti u pitanje mnoga od prevladavaju\u0107ih pretpostavki i sklonosti u vezi mogu\u0107nosti i stvarnosti Kontakta. One uklju\u010duju:<\/p><ul><li>poricanje;<\/li><li>o\u010dekivanje s nadom;<\/li><li>krivo tuma\u010denje dokaza kako bismo potvrdili svoja uvjerenja;<\/li><li>\u017eelja i o\u010dekivanje spasenja od \u201eposjetitelja\u201c;<\/li><li>vjerovanje da \u0107e nas izvanzemaljska tehnologija spasiti;<\/li><li>osje\u0107anje beznadnim i pokornim onome za \u0161to pretpostavljamo da je superiornija sila;<\/li><li>zahtijevanje vladinog razotkrivanja ali ne izvanzemaljskog razotkrivanja;<\/li><li>osu\u0111ivanje ljudskih vo\u0111a i institucija i u isto vrijeme odr\u017eavanje neispitanog prihva\u0107anja \u201eposjetitelja\u201c;<\/li><li>pretpostavljanje da zato jer nas nisu napali, moraju biti ovdje za na\u0161e dobro;<\/li><li>pretpostavljanje da napredna tehnologija zna\u010di naprednu etiku i duhovnost;<\/li><li>vjerovanje da je ovaj fenomen misterija kada je zapravo shvatljiv doga\u0111aj;<\/li><li>vjerovanje da izvanzemaljci na neki na\u010din pola\u017eu pravo na \u010dovje\u010danstvo i na ovaj planet;<\/li><li>te vjerovanje kako je \u010dovje\u010danstvo neiskupljivo i ne mo\u017ee samostalno uspjeti.<\/li><\/ul><p>Izvje\u0161\u0107a Saveznika preispituju ovakve pretpostavke i sklonosti te eksplodiraju mnoge od mitova koje trenutno imamo o tome tko nas posje\u0107uje i za\u0161to su ovdje.<\/p><p>Izvje\u0161\u0107a Saveznika \u010covje\u010danstva nam daju ve\u0107u perspektivu i dublje razumijevanje na\u0161e sudbine unutar ve\u0107e panorame inteligentnog \u017eivota u Svemiru. Kako bi postigli ovo, Saveznici se ne obra\u0107aju na\u0161em analiti\u010dkom umu ve\u0107 Znanju, dubljem dijelu na\u0161eg bi\u0107a gdje istina, koliko god zamagljena, mo\u017ee biti izravno raspoznata i do\u017eivljena.<\/p><p><em>Saveznici \u010covje\u010danstva<\/em> \u0107e podi\u0107i mnoga pitanja, koja \u0107e zahtijevati daljnje istra\u017eivanje i kontemplaciju. Njihov fokus nije pru\u017eiti imena, datume i mjesta ve\u0107 pru\u017eiti perspektivu na izvanzemaljsku prisutnost u svijetu te na \u017eivot u Svemiru koju mi kao ljudska bi\u0107a u suprotnom ne bismo mogli imati.<\/p><p>Dokle jo\u0161 \u017eivimo u izolaciji na povr\u0161ini svoga svijeta, jo\u0161 ne mo\u017eemo vidjeti i znati \u0161to se doga\u0111a u vezi inteligentnog \u017eivota izvan na\u0161ih granica. Za ovo nam je potrebna pomo\u0107, pomo\u0107 vrlo izvanredne vrste. Mo\u017eda ne prepoznamo ili prihvatimo takvu pomo\u0107 isprva. No ona je ovdje.<\/p><p class=\"float-right bleed-right\"><img decoding=\"async\" src=\"https:\/\/www.alliesofhumanity.org\/wp-content\/uploads\/2020\/06\/960x540-aoh-book-2.jpg\" alt=\"\" \/><\/p><p>Izjavljena svrha Saveznika je upozoriti nas na rizike pojavljivanja u Ve\u0107oj Zajednici inteligentnog \u017eivota te nas asistirati u uspje\u0161nom prela\u017eenju ovog velikog praga na takav na\u010din da ljudska sloboda, suverenost i samoodre\u0111enost mogu biti o\u010duvane.<\/p><p>Saveznici su ovdje kako bi nas savjetovali na potrebu \u010dovje\u010danstva da uspostavi vlastita \u201ePravila Sudjelovanja\u201c tijekom ovih nevi\u0111enih vremena. Prema Saveznicima, ako smo mudri, pripremljeni i ujedinjeni, tada \u0107emo biti u stanju zauzeti svoje su\u0111eno mjesto kao zrela i slobodna rasa u Ve\u0107oj Zajednici.<\/p><p>Tijekom vremena u kojem se je ovaj niz izvje\u0161taja dogodio, Saveznici su ponavljali odre\u0111ene klju\u010dne ideje za koje su smatrali kako su vitalne za na\u0161e razumijevanje. Zadr\u017eali smo ova ponavljanja u Izvje\u0161\u0107ima kako bismo o\u010duvali namjeru i integritet njihove komunikacije. Radi hitne prirode poruke Saveznika te radi sila u svijetu koje bi se suprotstavile ovoj poruci, postoji mudrost i potreba za ovim ponavljanjima.<\/p><p>Slijede\u0107i objavljivanje <em>Saveznika \u010covje\u010danstva<\/em> 2001. Saveznici su pru\u017eili drugi niz Izvje\u0161\u0107a kako bi upotpunili svoju vitalnu poruku \u010dovje\u010danstvu. <em>Saveznici \u010covje\u010danstva, Knjiga Druga<\/em>, izdana 2005. predstavlja zaprepa\u0161\u0107uju\u0107u novu informaciju o interakcijama izme\u0111u rasa u na\u0161em lokalnom Svemiru te o prirodi, svrsi i najskrivenijim aktivnostima onih rasa koje su upli\u0107u u ljudske poslove.<\/p><p>Saveznici su inicirali komunikaciju opet u 2008. dodatno opisuju\u0107i kompleksno okru\u017eenje u koje se \u010dovje\u010danstvo pojavljuje. Tre\u0107i niz Izvje\u0161\u0107a objavljen je 2012.<\/p><p>Zahvaljuju\u0107i onim \u010ditateljima koji su osjetili hitnost poruke Saveznika te preveli Izvje\u0161\u0107a na druge jezike, postoji svjesnost diljem svijeta koja se \u0161iri, o stvarnosti Intervencije.<\/p><p>Mi u Dru\u0161tvu za Novu Poruku smatramo da ova tri niza Izvje\u0161\u0107a sadr\u017ee jednu od najbitnijih poruka koja se komunicira u svijetu danas.<\/p><p><em>Saveznici \u010covje\u010danstva<\/em> nisu samo jo\u0161 jedna knjiga koja naga\u0111a o NLO\/izvanzemaljskom fenomenu. To je autenti\u010dna transformacijska poruka usmjerena izravno prema temeljnoj svrsi izvanzemaljske Intervencije kako bi podigla svijest koja \u0107e nam biti potreba da se suo\u010dimo s izazovima i prilikama koje le\u017ee ispred.<\/p><p><a title=\"Idite na newmessage.org\/hr\" href=\"https:\/\/www.newmessage.org\/hr\/worldwide-community\/society\" target=\"_blank\" rel=\"noopener noreferrer\">Dru\u0161tvo za Novu Poruku<\/a><\/p>\t\t\t\t\t\t\t\t<\/div>\t\t\t\t<\/div>\t\t\t\t\t<\/div>\t\t<\/div>\t\t\t\t\t<\/div>\t\t<\/section>\t\t\t\t<\/div><p>\t\t<\/p>","protected":false},"excerpt":{"rendered":"<p>Saveznici \u010covje\u010danstva se predstavljaju da pripreme ljude za posve novu stvarnost koja je uglavnom skrivena i neprepoznata u svijetu danas. Pru\u017ea novu perspektivu koja osna\u017euje ljude da se suo\u010de s najve\u0107im izazovom i prilikom koju smo mi kao rasa, ikada susreli. Izvje\u0161\u0107a Saveznika \u010covje\u010danstva sadr\u017ee brojne kriti\u010dne, ako ne i alarmantne izjave o rastu\u0107oj izvanzemaljskoj [&hellip;]<\/p>\n","protected":false},"author":25,"featured_media":0,"parent":0,"menu_order":1,"comment_status":"closed","ping_status":"closed","template":"page.php","meta":{"_acf_changed":false,"footnotes":""},"class_list":["post-11906","page","type-page","status-publish","hentry"],"acf":[],"yoast_head":"<!-- This site is optimized with the Yoast SEO plugin v26.5 - https:\/\/yoast.com\/wordpress\/plugins\/seo\/ -->\n<title>Uvod u Saveznike \u010covje\u010danstva: Otkrivanje ET intervencije<\/title>\n<meta name=\"description\" content=\"Izvje\u0161\u0107a Saveznika \u010covje\u010danstva sadr\u017ee brojne kriti\u010dne, ako ne i alarmantne izjave o rastu\u0107oj izvanzemaljskoj intervenciji i integraciji u ljudsku obitelj te o izvanzemaljskim aktivnostima i skrivenom planu.\" \/>\n<meta name=\"robots\" content=\"index, follow, max-snippet:-1, max-image-preview:large, max-video-preview:-1\" \/>\n<link rel=\"canonical\" href=\"https:\/\/www.alliesofhumanity.org\/hr\/the-allies\/\" \/>\n<meta property=\"og:locale\" content=\"hr_HR\" \/>\n<meta property=\"og:type\" content=\"article\" \/>\n<meta property=\"og:title\" content=\"Uvod u Saveznike \u010covje\u010danstva: Otkrivanje ET intervencije\" \/>\n<meta property=\"og:description\" content=\"Izvje\u0161\u0107a Saveznika \u010covje\u010danstva sadr\u017ee brojne kriti\u010dne, ako ne i alarmantne izjave o rastu\u0107oj izvanzemaljskoj intervenciji i integraciji u ljudsku obitelj te o izvanzemaljskim aktivnostima i skrivenom planu.\" \/>\n<meta property=\"og:url\" content=\"https:\/\/www.alliesofhumanity.org\/hr\/the-allies\/\" \/>\n<meta property=\"og:site_name\" content=\"The Allies of Humanity\" \/>\n<meta property=\"article:publisher\" content=\"https:\/\/www.facebook.com\/alliesofhumanity\/\" \/>\n<meta property=\"article:modified_time\" content=\"2024-03-11T05:57:05+00:00\" \/>\n<meta property=\"og:image\" content=\"https:\/\/www.alliesofhumanity.org\/wp-content\/uploads\/2021\/01\/og-socialmedia-aoh.jpg\" \/>\n\t<meta property=\"og:image:width\" content=\"1200\" \/>\n\t<meta property=\"og:image:height\" content=\"630\" \/>\n\t<meta property=\"og:image:type\" content=\"image\/jpeg\" \/>\n<meta name=\"twitter:card\" content=\"summary_large_image\" \/>\n<meta name=\"twitter:title\" content=\"Uvod u Saveznike \u010covje\u010danstva: Otkrivanje ET intervencije\" \/>\n<meta name=\"twitter:site\" content=\"@earthallies\" \/>\n<meta name=\"twitter:label1\" content=\"Procijenjeno vrijeme \u010ditanja\" \/>\n\t<meta name=\"twitter:data1\" content=\"6 minuta\" \/>\n<script type=\"application\/ld+json\" class=\"yoast-schema-graph\">{\"@context\":\"https:\/\/schema.org\",\"@graph\":[{\"@type\":\"WebPage\",\"@id\":\"https:\/\/www.alliesofhumanity.org\/hr\/the-allies\/\",\"url\":\"https:\/\/www.alliesofhumanity.org\/hr\/the-allies\/\",\"name\":\"Uvod u Saveznike \u010covje\u010danstva: Otkrivanje ET intervencije\",\"isPartOf\":{\"@id\":\"https:\/\/www.alliesofhumanity.org\/hr\/#website\"},\"datePublished\":\"2021-02-05T23:20:07+00:00\",\"dateModified\":\"2024-03-11T05:57:05+00:00\",\"description\":\"Izvje\u0161\u0107a Saveznika \u010covje\u010danstva sadr\u017ee brojne kriti\u010dne, ako ne i alarmantne izjave o rastu\u0107oj izvanzemaljskoj intervenciji i integraciji u ljudsku obitelj te o izvanzemaljskim aktivnostima i skrivenom planu.\",\"inLanguage\":\"hr\",\"potentialAction\":[{\"@type\":\"ReadAction\",\"target\":[\"https:\/\/www.alliesofhumanity.org\/hr\/the-allies\/\"]}]},{\"@type\":\"WebSite\",\"@id\":\"https:\/\/www.alliesofhumanity.org\/hr\/#website\",\"url\":\"https:\/\/www.alliesofhumanity.org\/hr\/\",\"name\":\"The Allies of Humanity\",\"description\":\"\",\"potentialAction\":[{\"@type\":\"SearchAction\",\"target\":{\"@type\":\"EntryPoint\",\"urlTemplate\":\"https:\/\/www.alliesofhumanity.org\/hr\/?s={search_term_string}\"},\"query-input\":{\"@type\":\"PropertyValueSpecification\",\"valueRequired\":true,\"valueName\":\"search_term_string\"}}],\"inLanguage\":\"hr\"}]}<\/script>\n<!-- \/ Yoast SEO plugin. -->","yoast_head_json":{"title":"Uvod u Saveznike \u010covje\u010danstva: Otkrivanje ET intervencije","description":"Izvje\u0161\u0107a Saveznika \u010covje\u010danstva sadr\u017ee brojne kriti\u010dne, ako ne i alarmantne izjave o rastu\u0107oj izvanzemaljskoj intervenciji i integraciji u ljudsku obitelj te o izvanzemaljskim aktivnostima i skrivenom planu.","robots":{"index":"index","follow":"follow","max-snippet":"max-snippet:-1","max-image-preview":"max-image-preview:large","max-video-preview":"max-video-preview:-1"},"canonical":"https:\/\/www.alliesofhumanity.org\/hr\/the-allies\/","og_locale":"hr_HR","og_type":"article","og_title":"Uvod u Saveznike \u010covje\u010danstva: Otkrivanje ET intervencije","og_description":"Izvje\u0161\u0107a Saveznika \u010covje\u010danstva sadr\u017ee brojne kriti\u010dne, ako ne i alarmantne izjave o rastu\u0107oj izvanzemaljskoj intervenciji i integraciji u ljudsku obitelj te o izvanzemaljskim aktivnostima i skrivenom planu.","og_url":"https:\/\/www.alliesofhumanity.org\/hr\/the-allies\/","og_site_name":"The Allies of Humanity","article_publisher":"https:\/\/www.facebook.com\/alliesofhumanity\/","article_modified_time":"2024-03-11T05:57:05+00:00","og_image":[{"width":1200,"height":630,"url":"https:\/\/www.alliesofhumanity.org\/wp-content\/uploads\/2021\/01\/og-socialmedia-aoh.jpg","type":"image\/jpeg"}],"twitter_card":"summary_large_image","twitter_title":"Uvod u Saveznike \u010covje\u010danstva: Otkrivanje ET intervencije","twitter_site":"@earthallies","twitter_misc":{"Procijenjeno vrijeme \u010ditanja":"6 minuta"},"schema":{"@context":"https:\/\/schema.org","@graph":[{"@type":"WebPage","@id":"https:\/\/www.alliesofhumanity.org\/hr\/the-allies\/","url":"https:\/\/www.alliesofhumanity.org\/hr\/the-allies\/","name":"Uvod u Saveznike \u010covje\u010danstva: Otkrivanje ET intervencije","isPartOf":{"@id":"https:\/\/www.alliesofhumanity.org\/hr\/#website"},"datePublished":"2021-02-05T23:20:07+00:00","dateModified":"2024-03-11T05:57:05+00:00","description":"Izvje\u0161\u0107a Saveznika \u010covje\u010danstva sadr\u017ee brojne kriti\u010dne, ako ne i alarmantne izjave o rastu\u0107oj izvanzemaljskoj intervenciji i integraciji u ljudsku obitelj te o izvanzemaljskim aktivnostima i skrivenom planu.","inLanguage":"hr","potentialAction":[{"@type":"ReadAction","target":["https:\/\/www.alliesofhumanity.org\/hr\/the-allies\/"]}]},{"@type":"WebSite","@id":"https:\/\/www.alliesofhumanity.org\/hr\/#website","url":"https:\/\/www.alliesofhumanity.org\/hr\/","name":"The Allies of Humanity","description":"","potentialAction":[{"@type":"SearchAction","target":{"@type":"EntryPoint","urlTemplate":"https:\/\/www.alliesofhumanity.org\/hr\/?s={search_term_string}"},"query-input":{"@type":"PropertyValueSpecification","valueRequired":true,"valueName":"search_term_string"}}],"inLanguage":"hr"}]}},"_links":{"self":[{"href":"https:\/\/www.alliesofhumanity.org\/hr\/wp-json\/wp\/v2\/pages\/11906","targetHints":{"allow":["GET"]}}],"collection":[{"href":"https:\/\/www.alliesofhumanity.org\/hr\/wp-json\/wp\/v2\/pages"}],"about":[{"href":"https:\/\/www.alliesofhumanity.org\/hr\/wp-json\/wp\/v2\/types\/page"}],"author":[{"embeddable":true,"href":"https:\/\/www.alliesofhumanity.org\/hr\/wp-json\/wp\/v2\/users\/25"}],"replies":[{"embeddable":true,"href":"https:\/\/www.alliesofhumanity.org\/hr\/wp-json\/wp\/v2\/comments?post=11906"}],"version-history":[{"count":4,"href":"https:\/\/www.alliesofhumanity.org\/hr\/wp-json\/wp\/v2\/pages\/11906\/revisions"}],"predecessor-version":[{"id":17832,"href":"https:\/\/www.alliesofhumanity.org\/hr\/wp-json\/wp\/v2\/pages\/11906\/revisions\/17832"}],"wp:attachment":[{"href":"https:\/\/www.alliesofhumanity.org\/hr\/wp-json\/wp\/v2\/media?parent=11906"}],"curies":[{"name":"wp","href":"https:\/\/api.w.org\/{rel}","templated":true}]}}