{"id":8122,"date":"2020-12-13T00:32:45","date_gmt":"2020-12-12T23:32:45","guid":{"rendered":"https:\/\/www.alliesofhumanity.org\/marshall-vian-summers\/"},"modified":"2024-03-25T19:07:21","modified_gmt":"2024-03-25T18:07:21","slug":"marshall-vian-summers","status":"publish","type":"page","link":"https:\/\/www.alliesofhumanity.org\/fr\/marshall-vian-summers\/","title":{"rendered":"Marshall Vian Summers"},"content":{"rendered":"\t\t<div data-elementor-type=\"wp-page\" data-elementor-id=\"8122\" class=\"elementor elementor-8122 elementor-2912\" data-elementor-post-type=\"page\">\t\t\t\t\t\t<section class=\"elementor-section elementor-top-section elementor-element elementor-element-7fac8697 elementor-section-boxed elementor-section-height-default elementor-section-height-default\" data-id=\"7fac8697\" data-element_type=\"section\">\t\t\t\t\t\t<div class=\"elementor-container elementor-column-gap-default\">\t\t\t\t\t<div class=\"elementor-column elementor-col-100 elementor-top-column elementor-element elementor-element-1195357f\" data-id=\"1195357f\" data-element_type=\"column\">\t\t\t<div class=\"elementor-widget-wrap elementor-element-populated\">\t\t\t\t\t\t<div class=\"elementor-element elementor-element-ba0d783 elementor-widget elementor-widget-text-editor\" data-id=\"ba0d783\" data-element_type=\"widget\" data-widget_type=\"text-editor.default\">\t\t\t\t<div class=\"elementor-widget-container\">\t\t\t\t\t\t\t\t\t<h5>Durant les 35 derni\u00e8res ann\u00e9es, j\u2019ai \u00e9t\u00e9 immerg\u00e9 dans une exp\u00e9rience religieuse. Cela m&rsquo;a permis de recevoir un vaste ensemble d&rsquo;\u00e9crits sur la nature de la spiritualit\u00e9 humaine et la destin\u00e9e de l&rsquo;humanit\u00e9 au sein d&rsquo;un panorama plus large de vie intelligente dans l&rsquo;univers.<\/h5>\rCes \u00e9crits, inclus dans l&rsquo;Enseignement dans <a title=\"\u201caller\" href=\"https:\/\/newmessage.org\/fr\" target=\"_blank\" rel=\"noopener noreferrer\">le Nouveau Message<\/a>, contiennent un cadre th\u00e9ologique qui rend compte de la vie et de la pr\u00e9sence de Dieu dans la \u00ab Grande Communaut\u00e9 \u00bb, la vaste \u00e9tendue d&rsquo;espace et de temps que nous savons \u00eatre notre univers.\r\rLa cosmologie que j&rsquo;ai re\u00e7ue contient de nombreux messages, l&rsquo;un d\u2019entre eux \u00e9tant que l&rsquo;humanit\u00e9 est en train d&rsquo;\u00e9merger dans une Grande Communaut\u00e9 de vie intelligente et que nous devons nous y pr\u00e9parer. Ce message implique que l&rsquo;humanit\u00e9 n&rsquo;est pas seule dans l&rsquo;Univers ou m\u00eame seule dans notre propre monde. Et qu&rsquo;au sein de cette Grande Communaut\u00e9, l&rsquo;humanit\u00e9 aura des amis, des concurrents et des adversaires.\r<p>\r<\/p>Cette r\u00e9alit\u00e9 plus large a \u00e9t\u00e9 confirm\u00e9e de fa\u00e7on spectaculaire par la transmission soudaine et inattendue de la premi\u00e8re s\u00e9rie d\u2019expos\u00e9s des Alli\u00e9s de l&rsquo;Humanit\u00e9 en 1997. Trois ans plus t\u00f4t, en 1994, j&rsquo;avais re\u00e7u le cadre th\u00e9ologique pour comprendre les Expos\u00e9s des Alli\u00e9s dans mon livre <a title=\"\u201caller\" href=\"https:\/\/www.nouveaumessagededieu.org\/le-message\/volume-2\/la-spiritualite-de-la-grande-communaute\" target=\"_blank\" rel=\"&quot;noopener\">La Spiritualit\u00e9 de la Grande Communaut\u00e9 &#8211; Une nouvelle r\u00e9v\u00e9lation<\/a>.\r<p class=\"float-left\"><img decoding=\"async\" src=\"https:\/\/www.alliesofhumanity.org\/wp-content\/uploads\/2020\/06\/mvs-greater-power-decisive-action.jpg\" alt=\"Marshall Vian Summers\" \/><\/p><p>\r<\/p>\u00c0 ce moment-l\u00e0, \u00e0 la suite de mon travail spirituel et de mes \u00e9crits, il \u00e9tait clair pour moi que l&rsquo;humanit\u00e9 avait des alli\u00e9s dans l&rsquo;Univers qui se pr\u00e9occupent du bien-\u00eatre et de la libert\u00e9 future de notre race. Au sein de la cosmologie croissante qui m&rsquo;\u00e9tait r\u00e9v\u00e9l\u00e9e se trouvait la compr\u00e9hension que, dans l&rsquo;histoire de la vie intelligente dans l&rsquo;univers, les races avanc\u00e9es du point de vue \u00e9thique avaient l&rsquo;obligation de l\u00e9guer leur sagesse aux jeunes races \u00e9mergentes telles que la n\u00f4tre, et que ce legs devait se faire <em>sans<\/em> interf\u00e9rence directe ou intervention dans les affaires de cette jeune race. L&rsquo;intention ici est d&rsquo;informer, et non d&rsquo;interf\u00e9rer.\r<p>\r<\/p>Cette \u00ab transmission de la sagesse \u00bb repr\u00e9sente un cadre \u00e9thique existant de longue date concernant le contact avec les races \u00e9mergentes et la mani\u00e8re dont il doit \u00eatre men\u00e9. Les deux s\u00e9ries d\u2019expos\u00e9s <em>[NdT: maintenant quatre s\u00e9ries]<\/em> des Alli\u00e9s de l&rsquo;Humanit\u00e9 sont une d\u00e9monstration claire de ce mod\u00e8le de non-ing\u00e9rence et de Contact \u00e9thique. Ce mod\u00e8le devrait \u00eatre un guide et un standard auquel nous devrions nous attendre de la part des autres races dans leur tentative de nous contacter ou de visiter notre monde. Pourtant, cette d\u00e9monstration de Contact \u00e9thique contraste fortement avec l&rsquo;Intervention qui se produit dans le monde aujourd\u2019hui.\r<p class=\"image-quote float-right\"><img decoding=\"async\" src=\"https:\/\/www.alliesofhumanity.org\/wp-content\/uploads\/2020\/12\/quote-mvs.png\" alt=\"\" \/><\/p><blockquote id=\"quote-3\" class=\"text-quote float-right bg-gray\"> Nous nous approchons d'une position de vuln\u00e9rabilit\u00e9 extr\u00eame. Avec le spectre de l'\u00e9puisement des ressources, de la d\u00e9gradation de l'environnement et du risque d'une fracture grandissante de la famille humaine qui s'accro\u00eet chaque jour qui passe, nous sommes m\u00fbrs pour l'Intervention.<\/blockquote><p>\r<\/p><p>Nous nous approchons d&rsquo;une position de vuln\u00e9rabilit\u00e9 extr\u00eame. Avec le spectre de l&rsquo;\u00e9puisement des ressources, de la d\u00e9gradation de l&rsquo;environnement et du risque d&rsquo;une fracture grandissante de la famille humaine qui s&rsquo;accro\u00eet chaque jour qui passe, nous sommes m\u00fbrs pour l&rsquo;Intervention. Nous vivons dans un isolement apparent dans un monde riche et pr\u00e9cieux qui est recherch\u00e9 par d&rsquo;autres au-del\u00e0 de nos rivages. Nous sommes distraits et divis\u00e9s et nous ne voyons pas le grand p\u00e9ril qui intervient \u00e0 nos fronti\u00e8res. C&rsquo;est un ph\u00e9nom\u00e8ne que l&rsquo;histoire n&rsquo;a cess\u00e9 de r\u00e9p\u00e9ter pour ce qui concerne le sort des peuples autochtones isol\u00e9s qui, pour la premi\u00e8re fois, sont confront\u00e9s \u00e0 une intervention. Nous ne sommes pas r\u00e9alistes dans nos suppositions au sujet des pouvoirs et de la bienveillance de la vie intelligente dans l&rsquo;Univers. Et nous commen\u00e7ons \u00e0 peine \u00e0 faire le bilan de la situation compliqu\u00e9e que nous avons cr\u00e9\u00e9e dans notre propre monde.\r<\/p><p>\r<\/p><p>La v\u00e9rit\u00e9 impopulaire est que la famille humaine n&rsquo;est pas pr\u00eate pour une exp\u00e9rience directe de Contact et certainement pas pr\u00eate pour une intervention. Nous devons d&rsquo;abord mettre de l&rsquo;ordre dans notre propre maison. Nous n&rsquo;avons pas encore la maturit\u00e9, en tant qu\u2019esp\u00e8ce, pour interagir avec les autres races de la Grande Communaut\u00e9 \u00e0 partir d\u2019une position d&rsquo;unit\u00e9, de force et de discernement. Et tant que nous n&rsquo;aurons pas atteint une telle position, si jamais nous le pouvons, alors aucune race ne devrait tenter d&rsquo;intervenir directement dans notre monde. Les Alli\u00e9s nous apportent la sagesse et la perspective dont nous avons tant besoin, mais ils n&rsquo;interviennent pas. Ils nous disent que notre destin\u00e9e est et devrait \u00eatre entre nos mains. Tel est le fardeau de la libert\u00e9 dans l&rsquo;univers.\r<\/p><p>\r<\/p>Cependant, malgr\u00e9 notre manque de pr\u00e9paration, une Intervention est en cours. L&rsquo;humanit\u00e9 doit maintenant se pr\u00e9parer \u00e0 cela, ce qui constitue le seuil le plus important de l&rsquo;histoire de l&rsquo;humanit\u00e9. Nous ne sommes pas seulement des t\u00e9moins occasionnels de ce ph\u00e9nom\u00e8ne, nous sommes au beau milieu de celui-ci. Il se produit, que nous en soyons conscients ou non. Il a le pouvoir de changer l\u2019avenir de l&rsquo;humanit\u00e9. Et qui nous sommes et la raison pour laquelle nous sommes dans le monde en ce moment est en lien direct avec cela.\t\t\t\t\t\t\t\t<\/div>\t\t\t\t<\/div>\t\t\t\t\t<\/div>\t\t<\/div>\t\t\t\t\t<\/div>\t\t<\/section>\t\t\t\t<\/div><p>\t\t<\/p>","protected":false},"excerpt":{"rendered":"<p>Durant les 35 derni\u00e8res ann\u00e9es, j\u2019ai \u00e9t\u00e9 immerg\u00e9 dans une exp\u00e9rience religieuse. Cela m&rsquo;a permis de recevoir un vaste ensemble d&rsquo;\u00e9crits sur la nature de la spiritualit\u00e9 humaine et la destin\u00e9e de l&rsquo;humanit\u00e9 au sein d&rsquo;un panorama plus large de vie intelligente dans l&rsquo;univers. Ces \u00e9crits, inclus dans l&rsquo;Enseignement dans le Nouveau Message, contiennent un [&hellip;]<\/p>\n","protected":false},"author":23,"featured_media":0,"parent":0,"menu_order":4,"comment_status":"closed","ping_status":"closed","template":"page.php","meta":{"_acf_changed":false,"footnotes":""},"class_list":["post-8122","page","type-page","status-publish","hentry"],"acf":[],"yoast_head":"<!-- This site is optimized with the Yoast SEO plugin v26.5 - https:\/\/yoast.com\/wordpress\/plugins\/seo\/ -->\n<title>Marshall Vian Summers | Les Expos\u00e9s des Alli\u00e9s de l&#039;humanit\u00e9<\/title>\n<meta name=\"description\" content=\"Marshall Vian Summers a re\u00e7u un grand nombre d&#039;\u00e9crits sur la r\u00e9alit\u00e9 des contacts extraterrestres, la spiritualit\u00e9 et la destin\u00e9e humaine.\" \/>\n<meta name=\"robots\" content=\"index, follow, max-snippet:-1, max-image-preview:large, max-video-preview:-1\" \/>\n<link rel=\"canonical\" href=\"https:\/\/www.alliesofhumanity.org\/fr\/marshall-vian-summers\/\" \/>\n<meta property=\"og:locale\" content=\"fr_FR\" \/>\n<meta property=\"og:type\" content=\"article\" \/>\n<meta property=\"og:title\" content=\"Marshall Vian Summers | Les Expos\u00e9s des Alli\u00e9s de l&#039;humanit\u00e9\" \/>\n<meta property=\"og:description\" content=\"Marshall Vian Summers a re\u00e7u un grand nombre d&#039;\u00e9crits sur la r\u00e9alit\u00e9 des contacts extraterrestres, la spiritualit\u00e9 et la destin\u00e9e humaine.\" \/>\n<meta property=\"og:url\" content=\"https:\/\/www.alliesofhumanity.org\/fr\/marshall-vian-summers\/\" \/>\n<meta property=\"og:site_name\" content=\"The Allies of Humanity\" \/>\n<meta property=\"article:publisher\" content=\"https:\/\/www.facebook.com\/alliesofhumanity\/\" \/>\n<meta property=\"article:modified_time\" content=\"2024-03-25T18:07:21+00:00\" \/>\n<meta property=\"og:image\" content=\"https:\/\/www.alliesofhumanity.org\/wp-content\/uploads\/2021\/01\/og-socialmedia-aoh.jpg\" \/>\n\t<meta property=\"og:image:width\" content=\"1200\" \/>\n\t<meta property=\"og:image:height\" content=\"630\" \/>\n\t<meta property=\"og:image:type\" content=\"image\/jpeg\" \/>\n<meta name=\"twitter:card\" content=\"summary_large_image\" \/>\n<meta name=\"twitter:title\" content=\"Marshall Vian Summers | Les Expos\u00e9s des Alli\u00e9s de l&#039;humanit\u00e9\" \/>\n<meta name=\"twitter:site\" content=\"@earthallies\" \/>\n<meta name=\"twitter:label1\" content=\"Dur\u00e9e de lecture estim\u00e9e\" \/>\n\t<meta name=\"twitter:data1\" content=\"4 minutes\" \/>\n<script type=\"application\/ld+json\" class=\"yoast-schema-graph\">{\"@context\":\"https:\/\/schema.org\",\"@graph\":[{\"@type\":\"WebPage\",\"@id\":\"https:\/\/www.alliesofhumanity.org\/fr\/marshall-vian-summers\/\",\"url\":\"https:\/\/www.alliesofhumanity.org\/fr\/marshall-vian-summers\/\",\"name\":\"Marshall Vian Summers | Les Expos\u00e9s des Alli\u00e9s de l'humanit\u00e9\",\"isPartOf\":{\"@id\":\"https:\/\/www.alliesofhumanity.org\/fr\/#website\"},\"datePublished\":\"2020-12-12T23:32:45+00:00\",\"dateModified\":\"2024-03-25T18:07:21+00:00\",\"description\":\"Marshall Vian Summers a re\u00e7u un grand nombre d'\u00e9crits sur la r\u00e9alit\u00e9 des contacts extraterrestres, la spiritualit\u00e9 et la destin\u00e9e humaine.\",\"inLanguage\":\"fr-FR\",\"potentialAction\":[{\"@type\":\"ReadAction\",\"target\":[\"https:\/\/www.alliesofhumanity.org\/fr\/marshall-vian-summers\/\"]}]},{\"@type\":\"WebSite\",\"@id\":\"https:\/\/www.alliesofhumanity.org\/fr\/#website\",\"url\":\"https:\/\/www.alliesofhumanity.org\/fr\/\",\"name\":\"The Allies of Humanity\",\"description\":\"\",\"potentialAction\":[{\"@type\":\"SearchAction\",\"target\":{\"@type\":\"EntryPoint\",\"urlTemplate\":\"https:\/\/www.alliesofhumanity.org\/fr\/?s={search_term_string}\"},\"query-input\":{\"@type\":\"PropertyValueSpecification\",\"valueRequired\":true,\"valueName\":\"search_term_string\"}}],\"inLanguage\":\"fr-FR\"}]}<\/script>\n<!-- \/ Yoast SEO plugin. -->","yoast_head_json":{"title":"Marshall Vian Summers | Les Expos\u00e9s des Alli\u00e9s de l'humanit\u00e9","description":"Marshall Vian Summers a re\u00e7u un grand nombre d'\u00e9crits sur la r\u00e9alit\u00e9 des contacts extraterrestres, la spiritualit\u00e9 et la destin\u00e9e humaine.","robots":{"index":"index","follow":"follow","max-snippet":"max-snippet:-1","max-image-preview":"max-image-preview:large","max-video-preview":"max-video-preview:-1"},"canonical":"https:\/\/www.alliesofhumanity.org\/fr\/marshall-vian-summers\/","og_locale":"fr_FR","og_type":"article","og_title":"Marshall Vian Summers | Les Expos\u00e9s des Alli\u00e9s de l'humanit\u00e9","og_description":"Marshall Vian Summers a re\u00e7u un grand nombre d'\u00e9crits sur la r\u00e9alit\u00e9 des contacts extraterrestres, la spiritualit\u00e9 et la destin\u00e9e humaine.","og_url":"https:\/\/www.alliesofhumanity.org\/fr\/marshall-vian-summers\/","og_site_name":"The Allies of Humanity","article_publisher":"https:\/\/www.facebook.com\/alliesofhumanity\/","article_modified_time":"2024-03-25T18:07:21+00:00","og_image":[{"width":1200,"height":630,"url":"https:\/\/www.alliesofhumanity.org\/wp-content\/uploads\/2021\/01\/og-socialmedia-aoh.jpg","type":"image\/jpeg"}],"twitter_card":"summary_large_image","twitter_title":"Marshall Vian Summers | Les Expos\u00e9s des Alli\u00e9s de l'humanit\u00e9","twitter_site":"@earthallies","twitter_misc":{"Dur\u00e9e de lecture estim\u00e9e":"4 minutes"},"schema":{"@context":"https:\/\/schema.org","@graph":[{"@type":"WebPage","@id":"https:\/\/www.alliesofhumanity.org\/fr\/marshall-vian-summers\/","url":"https:\/\/www.alliesofhumanity.org\/fr\/marshall-vian-summers\/","name":"Marshall Vian Summers | Les Expos\u00e9s des Alli\u00e9s de l'humanit\u00e9","isPartOf":{"@id":"https:\/\/www.alliesofhumanity.org\/fr\/#website"},"datePublished":"2020-12-12T23:32:45+00:00","dateModified":"2024-03-25T18:07:21+00:00","description":"Marshall Vian Summers a re\u00e7u un grand nombre d'\u00e9crits sur la r\u00e9alit\u00e9 des contacts extraterrestres, la spiritualit\u00e9 et la destin\u00e9e humaine.","inLanguage":"fr-FR","potentialAction":[{"@type":"ReadAction","target":["https:\/\/www.alliesofhumanity.org\/fr\/marshall-vian-summers\/"]}]},{"@type":"WebSite","@id":"https:\/\/www.alliesofhumanity.org\/fr\/#website","url":"https:\/\/www.alliesofhumanity.org\/fr\/","name":"The Allies of Humanity","description":"","potentialAction":[{"@type":"SearchAction","target":{"@type":"EntryPoint","urlTemplate":"https:\/\/www.alliesofhumanity.org\/fr\/?s={search_term_string}"},"query-input":{"@type":"PropertyValueSpecification","valueRequired":true,"valueName":"search_term_string"}}],"inLanguage":"fr-FR"}]}},"_links":{"self":[{"href":"https:\/\/www.alliesofhumanity.org\/fr\/wp-json\/wp\/v2\/pages\/8122","targetHints":{"allow":["GET"]}}],"collection":[{"href":"https:\/\/www.alliesofhumanity.org\/fr\/wp-json\/wp\/v2\/pages"}],"about":[{"href":"https:\/\/www.alliesofhumanity.org\/fr\/wp-json\/wp\/v2\/types\/page"}],"author":[{"embeddable":true,"href":"https:\/\/www.alliesofhumanity.org\/fr\/wp-json\/wp\/v2\/users\/23"}],"replies":[{"embeddable":true,"href":"https:\/\/www.alliesofhumanity.org\/fr\/wp-json\/wp\/v2\/comments?post=8122"}],"version-history":[{"count":11,"href":"https:\/\/www.alliesofhumanity.org\/fr\/wp-json\/wp\/v2\/pages\/8122\/revisions"}],"predecessor-version":[{"id":22340,"href":"https:\/\/www.alliesofhumanity.org\/fr\/wp-json\/wp\/v2\/pages\/8122\/revisions\/22340"}],"wp:attachment":[{"href":"https:\/\/www.alliesofhumanity.org\/fr\/wp-json\/wp\/v2\/media?parent=8122"}],"curies":[{"name":"wp","href":"https:\/\/api.w.org\/{rel}","templated":true}]}}