{"id":8119,"date":"2020-12-13T00:28:57","date_gmt":"2020-12-12T23:28:57","guid":{"rendered":"https:\/\/www.alliesofhumanity.org\/education-and-action\/"},"modified":"2024-03-25T19:06:37","modified_gmt":"2024-03-25T18:06:37","slug":"education-and-action","status":"publish","type":"page","link":"https:\/\/www.alliesofhumanity.org\/fr\/education-and-action\/","title":{"rendered":"\u00c9ducation et action"},"content":{"rendered":"\t\t<div data-elementor-type=\"wp-page\" data-elementor-id=\"8119\" class=\"elementor elementor-8119 elementor-1867\" data-elementor-post-type=\"page\">\t\t\t\t\t\t<section class=\"elementor-section elementor-top-section elementor-element elementor-element-4782b150 elementor-section-full_width elementor-section-height-default elementor-section-height-default\" data-id=\"4782b150\" data-element_type=\"section\">\t\t\t\t\t\t<div class=\"elementor-container elementor-column-gap-default\">\t\t\t\t\t<div class=\"elementor-column elementor-col-100 elementor-top-column elementor-element elementor-element-54d1ac8e\" data-id=\"54d1ac8e\" data-element_type=\"column\">\t\t\t<div class=\"elementor-widget-wrap elementor-element-populated\">\t\t\t\t\t\t<div class=\"elementor-element elementor-element-5f862d9 elementor-widget elementor-widget-text-editor\" data-id=\"5f862d9\" data-element_type=\"widget\" data-widget_type=\"text-editor.default\">\t\t\t\t<div class=\"elementor-widget-container\">\t\t\t\t\t\t\t\t\t<h5>La famille humaine est confront\u00e9e au plus grand seuil de sa longue histoire &#8211; son \u00e9mergence dans une Grande Communaut\u00e9 de vie intelligente dans l&rsquo;univers. Cette \u00e9mergence va changer la perception et les croyances humaines, ainsi que notre fa\u00e7on de vivre ici sur Terre. Pourtant, l&rsquo;humanit\u00e9 n&rsquo;est pas pr\u00e9par\u00e9e.<\/h5>\rPour la premi\u00e8re fois, la pr\u00e9paration pour franchir le grand seuil ouvrant vers la Grande Communaut\u00e9 est mise \u00e0 disposition gr\u00e2ce aux \u00e9crits de <a href=\"https:\/\/www.marshallsummers.com\" target=\"_blank\" rel=\"noopener noreferrer\">MV Summers<\/a>. Ce vaste ensemble d&rsquo;enseignements dans sa totalit\u00e9 ne ressemble \u00e0 rien de ce qui existe dans le monde aujourd&rsquo;hui et repr\u00e9sente un\u00a0<a href=\"https:\/\/www.newmessage.org\/\" target=\"_blank\" rel=\"noopener noreferrer\">nouveau message pour l&rsquo;humanit\u00e9<\/a>.\r\r<strong>L&rsquo;\u00e9ducation et l&rsquo;action sont essentielles pour apporter ce nouveau message et cette nouvelle prise de conscience \u00e0 l&rsquo;humanit\u00e9.<\/strong>\r<h5>Continuez votre \u00e9ducation \u00e0 la Grande Communaut\u00e9 via la\r<a href=\"https:\/\/community.newmessage.org\">Free School du Nouveau Message.<\/a>\rMondiale, gratuite, en ligne et ouverte \u00e0 toutes et \u00e0 tous.<\/h5>\r<h3>Ressources additionnelles :<\/h3>\r<a href=\"\u201chttp:\/\/www.newmessage.org\/the-message\/volume-4\/preparing-for-the-greater-community\/essential-truths-other-forms-life&quot;\">Les v\u00e9rit\u00e9s essentielles sur la Grande Communaut\u00e9<\/a>\rChapitre 7 :\u00a0<a href=\"\u201chttp:\/\/www.newmessage.org\/the-message\/volume-4\/preparing-for-the-greater-community\/responses-definition-intelligence&quot;\">Les r\u00e9ponses humaines \u00e0 la Grande Communaut\u00e9<\/a>\r<p>\r<\/p><a href=\"\u201chttps:\/\/www.nouveaumessagededieu.org\/le-message\/volume-2\/la-spiritualite-de-la-grande-communaute&quot;\">La Spiritualit\u00e9 de la Grande Communaut\u00e9<\/a>\rChapitre 6 : <a href=\"\u201chttps:\/\/www.nouveaumessagededieu.org\/le-message\/volume-2\/la-spiritualite-de-la-grande-communaute\/6-quest-ce-que-la-grande-communaute\u201d\">Qu\u2019est-ce que la Grande Communaut\u00e9 ?<\/a>\rChapitre 15 : <a href=\"\u201chttps:\/\/www.newmessage.org\/the-message\/volume-2\/greater-community-spirituality\/how-is-knowledge-translated-in-the-greater-community&quot;\">Comment la Connaissance est-elle traduite dans la Grande Communaut\u00e9?<\/a>\r<p>\r<\/p><a href=\"\u201chttps:\/\/www.nouveaumessagededieu.org\/le-message\/volume-4\/les-grandes-vagues-de-changement\/la-prophetie-des-grandes-vagues&quot;\">La Proph\u00e9tie des Grandes Vagues<\/a>\rChapitre 10 : <a href=\"\u201chttps:\/\/www.nouveaumessagededieu.org\/le-message\/volume-5\/la-sagesse-de-la-grande-communaute-tome-i&quot;\">La Sagesse de la Grande Communaut\u00e9 \u2014 Volume 1<\/a>\r<p>Chapitre 3 : La Grande Communaut\u00e9\r<\/p><p>\r<\/p><a href=\"https:\/\/www.newmessage.org\/the-message\/volume-5\/wisdom-greater-community-volume-2\">La Sagesse de la Grande Communaut\u00e9 \u2014 Volume 2 <\/a>\rChapitre 10 : <a href=\"\u201chttps:\/\/www.newmessage.org\/the-message\/volume-5\/wisdom-greater-community-volume-2\/extraterrestrial-encounters&quot;\">Les visites de la Grande Communaut\u00e9<\/a>\r<p>Chapitre 15 : R\u00e9pondre \u00e0 la Grande Communaut\u00e9\r<\/p><p>Chapitre 17 : La perception de l\u2019humanit\u00e9 des visiteurs\r<\/p>Chapitre 25 : <a href=\"https:\/\/www.newmessage.org\/the-message\/volume-5\/wisdom-greater-community-volume-2\/natural-environment\">Environnements<\/a>\rChapitre 28 : <a href=\"\u201chttps:\/\/www.nouveaumessagededieu.org\/le-message\/volume-3\/vivre-selon-la-voie-de-la-connaissance&quot;\">Vivre selon la Voie de la Connaissance<\/a>\rChapitre 11 : <a href=\"\u201chttps:\/\/www.nouveaumessagededieu.org\/le-message\/volume-3\/les-pas-vers-la-connaissance&quot;\">Les Pas vers la Connaissance \u2014 Le livre du Savoir Int\u00e9rieur<\/a>\r<p>157\u00e8me Pas : Je ne suis pas seul dans l\u2019univers\r<\/p><p>187\u00e8me Pas : Je suis un citoyen de la Grande Communaut\u00e9 des mondes\r<\/p><p>190\u00e8me Pas : Le monde est en train d\u2019\u00e9merger dans la Grande Communaut\u00e9 des mondes, et c\u2019est pour cette raison que je suis venu.\r<\/p><p>199\u00e8me Pas : Le monde que je vois est en train d\u2019\u00e9merger dans la Grande Communaut\u00e9 des mondes.\r<\/p><p>203\u00e8me Pas : La Grande Communaut\u00e9 influence le monde que je vois.\r<\/p><p>248\u00e8me Pas : Je compterai sur la Sagesse de l\u2019univers pour m\u2019instruire.\r<\/p><p>256\u00e8me Pas : Le monde est en train d\u2019\u00e9merger dans la Grande Communaut\u00e9 des mondes.\r<\/p><p>326\u00e8me Pas : La Grande Communaut\u00e9 est quelque chose que je peux ressentir mais pas comprendre.\r<\/p><h3>Enseignements du Nouveau Message :<\/h3>\r<ul>\r \t<li><a href=\"\u201chttp:\/\/www.newmessage.org\/the-message\/other-revelations\/the-fate-of-nations&quot;\">Le sort des Nations<\/a><\/li>\r \t<li><a href=\"\u201c\/the-briefings\/book-two&quot;\">Livre 2 des Alli\u00e9s de l\u2019humanit\u00e9<\/a>:\r<ul>\r \t<li>Premier : <a href=\"\u201chttps:\/\/www.alliesofhumanity.org\/fr\/the-briefings\/book-two\/effects-of-the-pacification-program-second-commentary\/&quot;\">Les effets du Programme de Pacification<\/a><\/li>\r \t<li>Troisi\u00e8me : <a href=\"\u201chttps:\/\/www.alliesofhumanity.org\/fr\/the-briefings\/book-two\/understanding-the-intervention-third-commentary\/&quot;\">Comprendre l\u2019Intervention<\/a><\/li>\r<\/ul>\r<\/li>\r<\/ul>\t\t\t\t\t\t\t\t<\/div>\t\t\t\t<\/div>\t\t\t\t\t<\/div>\t\t<\/div>\t\t\t\t\t<\/div>\t\t<\/section>\t\t\t\t<\/div><p>\t\t<\/p>","protected":false},"excerpt":{"rendered":"<p>La famille humaine est confront\u00e9e au plus grand seuil de sa longue histoire &#8211; son \u00e9mergence dans une Grande Communaut\u00e9 de vie intelligente dans l&rsquo;univers. Cette \u00e9mergence va changer la perception et les croyances humaines, ainsi que notre fa\u00e7on de vivre ici sur Terre. Pourtant, l&rsquo;humanit\u00e9 n&rsquo;est pas pr\u00e9par\u00e9e. Pour la premi\u00e8re fois, la pr\u00e9paration [&hellip;]<\/p>\n","protected":false},"author":25,"featured_media":0,"parent":0,"menu_order":3,"comment_status":"closed","ping_status":"closed","template":"page.php","meta":{"_acf_changed":false,"footnotes":""},"class_list":["post-8119","page","type-page","status-publish","hentry"],"acf":[],"yoast_head":"<!-- This site is optimized with the Yoast SEO plugin v26.5 - https:\/\/yoast.com\/wordpress\/plugins\/seo\/ -->\n<title>Contact extraterrestre : \u00e9ducation et action essentielles<\/title>\n<meta name=\"description\" content=\"Ce vaste corps d&#039;enseignements, dans son int\u00e9gralit\u00e9, est unique au monde aujourd&#039;hui et repr\u00e9sente un nouveau message pour l&#039;humanit\u00e9.\" \/>\n<meta name=\"robots\" content=\"index, follow, max-snippet:-1, max-image-preview:large, max-video-preview:-1\" \/>\n<link rel=\"canonical\" href=\"https:\/\/www.alliesofhumanity.org\/fr\/education-and-action\/\" \/>\n<meta property=\"og:locale\" content=\"fr_FR\" \/>\n<meta property=\"og:type\" content=\"article\" \/>\n<meta property=\"og:title\" content=\"Contact extraterrestre : \u00e9ducation et action essentielles\" \/>\n<meta property=\"og:description\" content=\"Ce vaste corps d&#039;enseignements, dans son int\u00e9gralit\u00e9, est unique au monde aujourd&#039;hui et repr\u00e9sente un nouveau message pour l&#039;humanit\u00e9.\" \/>\n<meta property=\"og:url\" content=\"https:\/\/www.alliesofhumanity.org\/fr\/education-and-action\/\" \/>\n<meta property=\"og:site_name\" content=\"The Allies of Humanity\" \/>\n<meta property=\"article:publisher\" content=\"https:\/\/www.facebook.com\/alliesofhumanity\/\" \/>\n<meta property=\"article:modified_time\" content=\"2024-03-25T18:06:37+00:00\" \/>\n<meta property=\"og:image\" content=\"https:\/\/www.alliesofhumanity.org\/wp-content\/uploads\/2021\/01\/og-socialmedia-aoh.jpg\" \/>\n\t<meta property=\"og:image:width\" content=\"1200\" \/>\n\t<meta property=\"og:image:height\" content=\"630\" \/>\n\t<meta property=\"og:image:type\" content=\"image\/jpeg\" \/>\n<meta name=\"twitter:card\" content=\"summary_large_image\" \/>\n<meta name=\"twitter:title\" content=\"Contact extraterrestre : \u00e9ducation et action essentielles\" \/>\n<meta name=\"twitter:site\" content=\"@earthallies\" \/>\n<meta name=\"twitter:label1\" content=\"Dur\u00e9e de lecture estim\u00e9e\" \/>\n\t<meta name=\"twitter:data1\" content=\"2 minutes\" \/>\n<script type=\"application\/ld+json\" class=\"yoast-schema-graph\">{\"@context\":\"https:\/\/schema.org\",\"@graph\":[{\"@type\":\"WebPage\",\"@id\":\"https:\/\/www.alliesofhumanity.org\/fr\/education-and-action\/\",\"url\":\"https:\/\/www.alliesofhumanity.org\/fr\/education-and-action\/\",\"name\":\"Contact extraterrestre : \u00e9ducation et action essentielles\",\"isPartOf\":{\"@id\":\"https:\/\/www.alliesofhumanity.org\/fr\/#website\"},\"datePublished\":\"2020-12-12T23:28:57+00:00\",\"dateModified\":\"2024-03-25T18:06:37+00:00\",\"description\":\"Ce vaste corps d'enseignements, dans son int\u00e9gralit\u00e9, est unique au monde aujourd'hui et repr\u00e9sente un nouveau message pour l'humanit\u00e9.\",\"inLanguage\":\"fr-FR\",\"potentialAction\":[{\"@type\":\"ReadAction\",\"target\":[\"https:\/\/www.alliesofhumanity.org\/fr\/education-and-action\/\"]}]},{\"@type\":\"WebSite\",\"@id\":\"https:\/\/www.alliesofhumanity.org\/fr\/#website\",\"url\":\"https:\/\/www.alliesofhumanity.org\/fr\/\",\"name\":\"The Allies of Humanity\",\"description\":\"\",\"potentialAction\":[{\"@type\":\"SearchAction\",\"target\":{\"@type\":\"EntryPoint\",\"urlTemplate\":\"https:\/\/www.alliesofhumanity.org\/fr\/?s={search_term_string}\"},\"query-input\":{\"@type\":\"PropertyValueSpecification\",\"valueRequired\":true,\"valueName\":\"search_term_string\"}}],\"inLanguage\":\"fr-FR\"}]}<\/script>\n<!-- \/ Yoast SEO plugin. -->","yoast_head_json":{"title":"Contact extraterrestre : \u00e9ducation et action essentielles","description":"Ce vaste corps d'enseignements, dans son int\u00e9gralit\u00e9, est unique au monde aujourd'hui et repr\u00e9sente un nouveau message pour l'humanit\u00e9.","robots":{"index":"index","follow":"follow","max-snippet":"max-snippet:-1","max-image-preview":"max-image-preview:large","max-video-preview":"max-video-preview:-1"},"canonical":"https:\/\/www.alliesofhumanity.org\/fr\/education-and-action\/","og_locale":"fr_FR","og_type":"article","og_title":"Contact extraterrestre : \u00e9ducation et action essentielles","og_description":"Ce vaste corps d'enseignements, dans son int\u00e9gralit\u00e9, est unique au monde aujourd'hui et repr\u00e9sente un nouveau message pour l'humanit\u00e9.","og_url":"https:\/\/www.alliesofhumanity.org\/fr\/education-and-action\/","og_site_name":"The Allies of Humanity","article_publisher":"https:\/\/www.facebook.com\/alliesofhumanity\/","article_modified_time":"2024-03-25T18:06:37+00:00","og_image":[{"width":1200,"height":630,"url":"https:\/\/www.alliesofhumanity.org\/wp-content\/uploads\/2021\/01\/og-socialmedia-aoh.jpg","type":"image\/jpeg"}],"twitter_card":"summary_large_image","twitter_title":"Contact extraterrestre : \u00e9ducation et action essentielles","twitter_site":"@earthallies","twitter_misc":{"Dur\u00e9e de lecture estim\u00e9e":"2 minutes"},"schema":{"@context":"https:\/\/schema.org","@graph":[{"@type":"WebPage","@id":"https:\/\/www.alliesofhumanity.org\/fr\/education-and-action\/","url":"https:\/\/www.alliesofhumanity.org\/fr\/education-and-action\/","name":"Contact extraterrestre : \u00e9ducation et action essentielles","isPartOf":{"@id":"https:\/\/www.alliesofhumanity.org\/fr\/#website"},"datePublished":"2020-12-12T23:28:57+00:00","dateModified":"2024-03-25T18:06:37+00:00","description":"Ce vaste corps d'enseignements, dans son int\u00e9gralit\u00e9, est unique au monde aujourd'hui et repr\u00e9sente un nouveau message pour l'humanit\u00e9.","inLanguage":"fr-FR","potentialAction":[{"@type":"ReadAction","target":["https:\/\/www.alliesofhumanity.org\/fr\/education-and-action\/"]}]},{"@type":"WebSite","@id":"https:\/\/www.alliesofhumanity.org\/fr\/#website","url":"https:\/\/www.alliesofhumanity.org\/fr\/","name":"The Allies of Humanity","description":"","potentialAction":[{"@type":"SearchAction","target":{"@type":"EntryPoint","urlTemplate":"https:\/\/www.alliesofhumanity.org\/fr\/?s={search_term_string}"},"query-input":{"@type":"PropertyValueSpecification","valueRequired":true,"valueName":"search_term_string"}}],"inLanguage":"fr-FR"}]}},"_links":{"self":[{"href":"https:\/\/www.alliesofhumanity.org\/fr\/wp-json\/wp\/v2\/pages\/8119","targetHints":{"allow":["GET"]}}],"collection":[{"href":"https:\/\/www.alliesofhumanity.org\/fr\/wp-json\/wp\/v2\/pages"}],"about":[{"href":"https:\/\/www.alliesofhumanity.org\/fr\/wp-json\/wp\/v2\/types\/page"}],"author":[{"embeddable":true,"href":"https:\/\/www.alliesofhumanity.org\/fr\/wp-json\/wp\/v2\/users\/25"}],"replies":[{"embeddable":true,"href":"https:\/\/www.alliesofhumanity.org\/fr\/wp-json\/wp\/v2\/comments?post=8119"}],"version-history":[{"count":11,"href":"https:\/\/www.alliesofhumanity.org\/fr\/wp-json\/wp\/v2\/pages\/8119\/revisions"}],"predecessor-version":[{"id":22339,"href":"https:\/\/www.alliesofhumanity.org\/fr\/wp-json\/wp\/v2\/pages\/8119\/revisions\/22339"}],"wp:attachment":[{"href":"https:\/\/www.alliesofhumanity.org\/fr\/wp-json\/wp\/v2\/media?parent=8119"}],"curies":[{"name":"wp","href":"https:\/\/api.w.org\/{rel}","templated":true}]}}