{"id":8117,"date":"2020-12-13T00:27:29","date_gmt":"2020-12-12T23:27:29","guid":{"rendered":"https:\/\/www.alliesofhumanity.org\/the-briefings\/12-point-summary-of-the-allies-of-humanity-briefings\/"},"modified":"2024-03-25T19:06:20","modified_gmt":"2024-03-25T18:06:20","slug":"12-point-summary-of-the-allies-of-humanity-briefings","status":"publish","type":"page","link":"https:\/\/www.alliesofhumanity.org\/fr\/the-briefings\/12-point-summary-of-the-allies-of-humanity-briefings\/","title":{"rendered":"R\u00e9sum\u00e9 en 12 points"},"content":{"rendered":"\t\t<div data-elementor-type=\"wp-page\" data-elementor-id=\"8117\" class=\"elementor elementor-8117 elementor-2001\" data-elementor-post-type=\"page\">\t\t\t\t\t\t<section class=\"elementor-section elementor-top-section elementor-element elementor-element-28ebce47 elementor-section-boxed elementor-section-height-default elementor-section-height-default\" data-id=\"28ebce47\" data-element_type=\"section\">\t\t\t\t\t\t<div class=\"elementor-container elementor-column-gap-default\">\t\t\t\t\t<div class=\"elementor-column elementor-col-100 elementor-top-column elementor-element elementor-element-56ef9ab3\" data-id=\"56ef9ab3\" data-element_type=\"column\">\t\t\t<div class=\"elementor-widget-wrap elementor-element-populated\">\t\t\t\t\t\t<div class=\"elementor-element elementor-element-5c8d1469 elementor-widget elementor-widget-text-editor\" data-id=\"5c8d1469\" data-element_type=\"widget\" data-widget_type=\"text-editor.default\">\t\t\t\t<div class=\"elementor-widget-container\">\t\t\t\t\t\t\t\t\t<ol>\r \t<li>\u00a0La destin\u00e9e de l\u2019humanit\u00e9 est d\u2019\u00e9merger dans une Grande Communaut\u00e9 de vie intelligente dans l\u2019univers, et d\u2019interagir avec celle-ci.<\/li>\r \t<li>\u00a0Le Contact avec d\u2019autres formes de vie intelligentes repr\u00e9sente le plus grand seuil auquel l\u2019humanit\u00e9 ait jamais \u00e9t\u00e9 confront\u00e9e. Les cons\u00e9quences de ce Contact d\u00e9termineront l\u2019avenir de l\u2019humanit\u00e9 pour les g\u00e9n\u00e9rations \u00e0 venir. Ce Contact a lieu en ce moment m\u00eame.<\/li>\r \t<li>\u00a0L\u2019humanit\u00e9 n\u2019est pas pr\u00e9par\u00e9e pour le Contact. Les chercheurs demeurent dans l\u2019incapacit\u00e9 de voir qui est en train de visiter notre monde et pourquoi. Les gouvernements ne r\u00e9v\u00e8lent pas ce qu\u2019ils savent, et la plupart des gens ne veulent pas croire qu\u2019un tel ph\u00e9nom\u00e8ne est en train de se produire.<\/li>\r \t<li>\u00a0Du fait de ce manque de pr\u00e9paration, les v\u00e9ritables Alli\u00e9s de l\u2019humanit\u00e9 ont envoy\u00e9 des repr\u00e9sentants \u00e0 proximit\u00e9 de la Terre pour observer la pr\u00e9sence et les activit\u00e9s extraterrestres dans notre monde. Les Expos\u00e9s des Alli\u00e9s de l\u2019humanit\u00e9 repr\u00e9sentent leur compte-rendu.<\/li>\r \t<li>\u00a0Les Expos\u00e9s r\u00e9v\u00e8lent que notre monde est en train de subir une Intervention extraterrestre men\u00e9e par des forces qui, comme le d\u00e9montrent leurs agissements, sont ici pour d\u00e9stabiliser l\u2019autorit\u00e9 humaine et pour s\u2019int\u00e9grer au sein des soci\u00e9t\u00e9s humaines dans leur propre int\u00e9r\u00eat. Ces forces repr\u00e9sentent des organisations non militaires qui sont ici \u00e0 la recherche de ressources humaines et biologiques. Les Alli\u00e9s appellent ces forces les \u00ab Collectifs \u00bb. Les Collectifs n\u2019accordent pas de valeur \u00e0 la libert\u00e9 humaine.<\/li>\r \t<li>\u00c9tant donn\u00e9 que l\u2019Intervention est men\u00e9e par des petits groupes de forces d\u2019intervention, elle doit compter principalement sur la tromperie et la persuasion pour parvenir \u00e0 accomplir ses objectifs. Les Expos\u00e9s des Alli\u00e9s d\u00e9crivent en d\u00e9tail comment tout cela est mis en oeuvre et ce que nous devons faire pour y mettre un terme.<\/li>\r \t<li>\u00a0 Cette Intervention extraterrestre est focalis\u00e9e sur quatre domaines :\r<ul>\r \t<li>Elle influence certains individus en position de pouvoir et d\u2019autorit\u00e9 dans les gouvernements, le commerce, et la religion pour les amener \u00e0 coop\u00e9rer avec l\u2019Intervention en leur promettant de grandes richesses, un grand pouvoir et de la technologie.<\/li>\r \t<li>Elle met en place des \u00e9tablissements cach\u00e9s dans le monde \u00e0 partir desquels l\u2019Intervention peut exercer son influence dans l\u2019environnement mental, en cherchant \u00e0 rendre les gens partout dans le monde r\u00e9ceptifs et ob\u00e9issants \u00e0 sa volont\u00e9 gr\u00e2ce \u00e0 un \u00ab Programme de Pacification \u00bb.<\/li>\r \t<li>Elle manipule nos valeurs religieuses et nos impulsions spirituelles afin d\u2019obtenir l\u2019all\u00e9geance des humains \u00e0 sa cause.<\/li>\r \t<li>Elle enl\u00e8ve des gens contre leur gr\u00e9, et souvent sans qu\u2019ils en aient conscience, afin de mener \u00e0 bien un programme de croisement g\u00e9n\u00e9tique con\u00e7u pour cr\u00e9er une race hybride et un nouveau leadership, li\u00e9 par ces liens g\u00e9n\u00e9tiques aux \u00ab visiteurs \u00bb.<\/li>\r<\/ul>\r<\/li>\r \t<li>Ces visiteurs extraterrestres qui ont \u00e9t\u00e9 potentiellement b\u00e9n\u00e9fiques \u00e0 l\u2019humanit\u00e9 se sont tous retir\u00e9s du monde du fait de l\u2019Intervention. Ceux qui restent sont des races extraterrestres qui ne sont pas l\u00e0 dans notre int\u00e9r\u00eat. Cela nous laisse face \u00e0 une situation sans ambigu\u00eft\u00e9 en ce qui concerne les intentions et les activit\u00e9s de la pr\u00e9sence extraterrestre dans le monde. Cela nous permet de voir clairement ce \u00e0 quoi nous avons affaire. Sans cela, il nous serait impossible de distinguer les amis des ennemis.<\/li>\r \t<li>Les Expos\u00e9s des Alli\u00e9s mettent l\u2019accent sur le grave danger que nous courons si nous acceptons la technologie extraterrestre offerte par l\u2019Intervention et que nous devenons d\u00e9pendants de celle-ci. Cela ne pourra que nous amener \u00e0 devenir d\u00e9pendants des \u00ab visiteurs \u00bb, avec pour cons\u00e9quence la perte de notre libert\u00e9 et de notre autosuffisance. Aucun v\u00e9ritable alli\u00e9 de l\u2019humanit\u00e9 ne nous offrirait une chose pareille. Les Alli\u00e9s insistent sur le fait que nous poss\u00e9dons, ici sur Terre, les solutions \u00e0 tous les probl\u00e8mes auxquels nous faisons face. Ce qui nous manque en tant que race est l\u2019unit\u00e9, la volont\u00e9 et la coop\u00e9ration.<\/li>\r \t<li>En d\u00e9pit du grand d\u00e9fi auquel nous sommes \u00e0 pr\u00e9sent confront\u00e9s, l\u2019humanit\u00e9 conserve un avantage important si nous pouvons r\u00e9agir \u00e0 temps. Les Expos\u00e9s des Alli\u00e9s r\u00e9v\u00e8lent \u00e0 la fois les forces et les faiblesses de l\u2019Intervention. L\u2019une des faiblesses de l\u2019Intervention est sa d\u00e9pendance vis-\u00e0-vis de l\u2019accord et de la coop\u00e9ration des humains pour atteindre ses objectifs. D\u2019apr\u00e8s les r\u00e8gles de conduite de la Grande Communaut\u00e9 au sein de la r\u00e9gion de l\u2019espace dans laquelle se trouve notre monde, l\u2019Intervention n\u2019est pas autoris\u00e9e \u00e0 moins que ne soit d\u00e9montr\u00e9 le fait que les peuples autochtones l\u2019accueillent favorablement et l\u2019approuvent. Nos voix peuvent ici avoir un pouvoir dans la Grande Communaut\u00e9. L\u2019Intervention rencontre \u00e0 ce jour tr\u00e8s peu de critiques. Mais si suffisamment de gens peuvent prendre conscience de celle-ci et se prononcer contre elle, l\u2019Intervention sera contrecarr\u00e9e et devra se retirer. C\u2019est le premier pas de la pr\u00e9paration de l\u2019humanit\u00e9 pour faire face aux r\u00e9alit\u00e9s de la vie dans l\u2019univers. Ce pas et tous les pas qui suivent donnent \u00e0 l\u2019humanit\u00e9 sa grande et unique chance de d\u00e9passer ses conflits de longue date et de s\u2019unir pour sa propre d\u00e9fense afin de pr\u00e9server le monde. Les Alli\u00e9s insistent sur le fait que nous sommes, en tant qu\u2019\u00eatres humains, dot\u00e9s de la force spirituelle et collective n\u00e9cessaire pour accomplir cela, et que nous devons le faire si nous voulons survivre et progresser en tant que race libre et ind\u00e9pendante dans l\u2019univers.<\/li>\r \t<li>La pr\u00e9paration pour notre contact avec la Grande Communaut\u00e9 commence avec la prise de conscience, l\u2019\u00e9ducation et la Connaissance, la conscience spirituelle en nous.<\/li>\r \t<li>Face \u00e0 la Grande Communaut\u00e9, l\u2019humanit\u00e9 doit d\u00e9velopper l\u2019unit\u00e9, l\u2019autosuffisance et la discr\u00e9tion. Ce sont l\u00e0 les trois exigences que toute nation libre se doit d\u2019\u00e9tablir pour \u00eatre libre dans l\u2019univers.<\/li>\r<\/ol>\t\t\t\t\t\t\t\t<\/div>\t\t\t\t<\/div>\t\t\t\t\t<\/div>\t\t<\/div>\t\t\t\t\t<\/div>\t\t<\/section>\t\t\t\t<\/div><p>\t\t<\/p>","protected":false},"excerpt":{"rendered":"<p>\u00a0La destin\u00e9e de l\u2019humanit\u00e9 est d\u2019\u00e9merger dans une Grande Communaut\u00e9 de vie intelligente dans l\u2019univers, et d\u2019interagir avec celle-ci. \u00a0Le Contact avec d\u2019autres formes de vie intelligentes repr\u00e9sente le plus grand seuil auquel l\u2019humanit\u00e9 ait jamais \u00e9t\u00e9 confront\u00e9e. Les cons\u00e9quences de ce Contact d\u00e9termineront l\u2019avenir de l\u2019humanit\u00e9 pour les g\u00e9n\u00e9rations \u00e0 venir. Ce Contact a [&hellip;]<\/p>\n","protected":false},"author":23,"featured_media":0,"parent":4604,"menu_order":5,"comment_status":"closed","ping_status":"closed","template":"page.php","meta":{"_acf_changed":false,"footnotes":""},"class_list":["post-8117","page","type-page","status-publish","hentry"],"acf":[],"yoast_head":"<!-- This site is optimized with the Yoast SEO plugin v26.5 - https:\/\/yoast.com\/wordpress\/plugins\/seo\/ -->\n<title>R\u00e9sum\u00e9 en 12 points des Expos\u00e9s des Alli\u00e9s de l&#039;humanit\u00e9<\/title>\n<meta name=\"description\" content=\"Un r\u00e9sum\u00e9 des Expos\u00e9s des Alli\u00e9s r\u00e9v\u00e9lant la pr\u00e9sence extraterrestre dans le monde aujourd&#039;hui et les exigences requises pour un Contact \u00e9thique.\" \/>\n<meta name=\"robots\" content=\"index, follow, max-snippet:-1, max-image-preview:large, max-video-preview:-1\" \/>\n<link rel=\"canonical\" href=\"https:\/\/www.alliesofhumanity.org\/fr\/the-briefings\/12-point-summary-of-the-allies-of-humanity-briefings\/\" \/>\n<meta property=\"og:locale\" content=\"fr_FR\" \/>\n<meta property=\"og:type\" content=\"article\" \/>\n<meta property=\"og:title\" content=\"R\u00e9sum\u00e9 en 12 points des Expos\u00e9s des Alli\u00e9s de l&#039;humanit\u00e9\" \/>\n<meta property=\"og:description\" content=\"Un r\u00e9sum\u00e9 des Expos\u00e9s des Alli\u00e9s r\u00e9v\u00e9lant la pr\u00e9sence extraterrestre dans le monde aujourd&#039;hui et les exigences requises pour un Contact \u00e9thique.\" \/>\n<meta property=\"og:url\" content=\"https:\/\/www.alliesofhumanity.org\/fr\/the-briefings\/12-point-summary-of-the-allies-of-humanity-briefings\/\" \/>\n<meta property=\"og:site_name\" content=\"The Allies of Humanity\" \/>\n<meta property=\"article:publisher\" content=\"https:\/\/www.facebook.com\/alliesofhumanity\/\" \/>\n<meta property=\"article:modified_time\" content=\"2024-03-25T18:06:20+00:00\" \/>\n<meta property=\"og:image\" content=\"https:\/\/www.alliesofhumanity.org\/wp-content\/uploads\/2021\/01\/og-socialmedia-aoh.jpg\" \/>\n\t<meta property=\"og:image:width\" content=\"1200\" \/>\n\t<meta property=\"og:image:height\" content=\"630\" \/>\n\t<meta property=\"og:image:type\" content=\"image\/jpeg\" \/>\n<meta name=\"twitter:card\" content=\"summary_large_image\" \/>\n<meta name=\"twitter:title\" content=\"R\u00e9sum\u00e9 en 12 points des Expos\u00e9s des Alli\u00e9s de l&#039;humanit\u00e9\" \/>\n<meta name=\"twitter:site\" content=\"@earthallies\" \/>\n<meta name=\"twitter:label1\" content=\"Dur\u00e9e de lecture estim\u00e9e\" \/>\n\t<meta name=\"twitter:data1\" content=\"5 minutes\" \/>\n<script type=\"application\/ld+json\" class=\"yoast-schema-graph\">{\"@context\":\"https:\/\/schema.org\",\"@graph\":[{\"@type\":\"WebPage\",\"@id\":\"https:\/\/www.alliesofhumanity.org\/fr\/the-briefings\/12-point-summary-of-the-allies-of-humanity-briefings\/\",\"url\":\"https:\/\/www.alliesofhumanity.org\/fr\/the-briefings\/12-point-summary-of-the-allies-of-humanity-briefings\/\",\"name\":\"R\u00e9sum\u00e9 en 12 points des Expos\u00e9s des Alli\u00e9s de l'humanit\u00e9\",\"isPartOf\":{\"@id\":\"https:\/\/www.alliesofhumanity.org\/fr\/#website\"},\"datePublished\":\"2020-12-12T23:27:29+00:00\",\"dateModified\":\"2024-03-25T18:06:20+00:00\",\"description\":\"Un r\u00e9sum\u00e9 des Expos\u00e9s des Alli\u00e9s r\u00e9v\u00e9lant la pr\u00e9sence extraterrestre dans le monde aujourd'hui et les exigences requises pour un Contact \u00e9thique.\",\"breadcrumb\":{\"@id\":\"https:\/\/www.alliesofhumanity.org\/fr\/the-briefings\/12-point-summary-of-the-allies-of-humanity-briefings\/#breadcrumb\"},\"inLanguage\":\"fr-FR\",\"potentialAction\":[{\"@type\":\"ReadAction\",\"target\":[\"https:\/\/www.alliesofhumanity.org\/fr\/the-briefings\/12-point-summary-of-the-allies-of-humanity-briefings\/\"]}]},{\"@type\":\"BreadcrumbList\",\"@id\":\"https:\/\/www.alliesofhumanity.org\/fr\/the-briefings\/12-point-summary-of-the-allies-of-humanity-briefings\/#breadcrumb\",\"itemListElement\":[{\"@type\":\"ListItem\",\"position\":1,\"name\":\"Les Expos\u00e9s\",\"item\":\"https:\/\/www.alliesofhumanity.org\/fr\/the-briefings\/\"},{\"@type\":\"ListItem\",\"position\":2,\"name\":\"R\u00e9sum\u00e9 en 12 points\"}]},{\"@type\":\"WebSite\",\"@id\":\"https:\/\/www.alliesofhumanity.org\/fr\/#website\",\"url\":\"https:\/\/www.alliesofhumanity.org\/fr\/\",\"name\":\"The Allies of Humanity\",\"description\":\"\",\"potentialAction\":[{\"@type\":\"SearchAction\",\"target\":{\"@type\":\"EntryPoint\",\"urlTemplate\":\"https:\/\/www.alliesofhumanity.org\/fr\/?s={search_term_string}\"},\"query-input\":{\"@type\":\"PropertyValueSpecification\",\"valueRequired\":true,\"valueName\":\"search_term_string\"}}],\"inLanguage\":\"fr-FR\"}]}<\/script>\n<!-- \/ Yoast SEO plugin. -->","yoast_head_json":{"title":"R\u00e9sum\u00e9 en 12 points des Expos\u00e9s des Alli\u00e9s de l'humanit\u00e9","description":"Un r\u00e9sum\u00e9 des Expos\u00e9s des Alli\u00e9s r\u00e9v\u00e9lant la pr\u00e9sence extraterrestre dans le monde aujourd'hui et les exigences requises pour un Contact \u00e9thique.","robots":{"index":"index","follow":"follow","max-snippet":"max-snippet:-1","max-image-preview":"max-image-preview:large","max-video-preview":"max-video-preview:-1"},"canonical":"https:\/\/www.alliesofhumanity.org\/fr\/the-briefings\/12-point-summary-of-the-allies-of-humanity-briefings\/","og_locale":"fr_FR","og_type":"article","og_title":"R\u00e9sum\u00e9 en 12 points des Expos\u00e9s des Alli\u00e9s de l'humanit\u00e9","og_description":"Un r\u00e9sum\u00e9 des Expos\u00e9s des Alli\u00e9s r\u00e9v\u00e9lant la pr\u00e9sence extraterrestre dans le monde aujourd'hui et les exigences requises pour un Contact \u00e9thique.","og_url":"https:\/\/www.alliesofhumanity.org\/fr\/the-briefings\/12-point-summary-of-the-allies-of-humanity-briefings\/","og_site_name":"The Allies of Humanity","article_publisher":"https:\/\/www.facebook.com\/alliesofhumanity\/","article_modified_time":"2024-03-25T18:06:20+00:00","og_image":[{"width":1200,"height":630,"url":"https:\/\/www.alliesofhumanity.org\/wp-content\/uploads\/2021\/01\/og-socialmedia-aoh.jpg","type":"image\/jpeg"}],"twitter_card":"summary_large_image","twitter_title":"R\u00e9sum\u00e9 en 12 points des Expos\u00e9s des Alli\u00e9s de l'humanit\u00e9","twitter_site":"@earthallies","twitter_misc":{"Dur\u00e9e de lecture estim\u00e9e":"5 minutes"},"schema":{"@context":"https:\/\/schema.org","@graph":[{"@type":"WebPage","@id":"https:\/\/www.alliesofhumanity.org\/fr\/the-briefings\/12-point-summary-of-the-allies-of-humanity-briefings\/","url":"https:\/\/www.alliesofhumanity.org\/fr\/the-briefings\/12-point-summary-of-the-allies-of-humanity-briefings\/","name":"R\u00e9sum\u00e9 en 12 points des Expos\u00e9s des Alli\u00e9s de l'humanit\u00e9","isPartOf":{"@id":"https:\/\/www.alliesofhumanity.org\/fr\/#website"},"datePublished":"2020-12-12T23:27:29+00:00","dateModified":"2024-03-25T18:06:20+00:00","description":"Un r\u00e9sum\u00e9 des Expos\u00e9s des Alli\u00e9s r\u00e9v\u00e9lant la pr\u00e9sence extraterrestre dans le monde aujourd'hui et les exigences requises pour un Contact \u00e9thique.","breadcrumb":{"@id":"https:\/\/www.alliesofhumanity.org\/fr\/the-briefings\/12-point-summary-of-the-allies-of-humanity-briefings\/#breadcrumb"},"inLanguage":"fr-FR","potentialAction":[{"@type":"ReadAction","target":["https:\/\/www.alliesofhumanity.org\/fr\/the-briefings\/12-point-summary-of-the-allies-of-humanity-briefings\/"]}]},{"@type":"BreadcrumbList","@id":"https:\/\/www.alliesofhumanity.org\/fr\/the-briefings\/12-point-summary-of-the-allies-of-humanity-briefings\/#breadcrumb","itemListElement":[{"@type":"ListItem","position":1,"name":"Les Expos\u00e9s","item":"https:\/\/www.alliesofhumanity.org\/fr\/the-briefings\/"},{"@type":"ListItem","position":2,"name":"R\u00e9sum\u00e9 en 12 points"}]},{"@type":"WebSite","@id":"https:\/\/www.alliesofhumanity.org\/fr\/#website","url":"https:\/\/www.alliesofhumanity.org\/fr\/","name":"The Allies of Humanity","description":"","potentialAction":[{"@type":"SearchAction","target":{"@type":"EntryPoint","urlTemplate":"https:\/\/www.alliesofhumanity.org\/fr\/?s={search_term_string}"},"query-input":{"@type":"PropertyValueSpecification","valueRequired":true,"valueName":"search_term_string"}}],"inLanguage":"fr-FR"}]}},"_links":{"self":[{"href":"https:\/\/www.alliesofhumanity.org\/fr\/wp-json\/wp\/v2\/pages\/8117","targetHints":{"allow":["GET"]}}],"collection":[{"href":"https:\/\/www.alliesofhumanity.org\/fr\/wp-json\/wp\/v2\/pages"}],"about":[{"href":"https:\/\/www.alliesofhumanity.org\/fr\/wp-json\/wp\/v2\/types\/page"}],"author":[{"embeddable":true,"href":"https:\/\/www.alliesofhumanity.org\/fr\/wp-json\/wp\/v2\/users\/23"}],"replies":[{"embeddable":true,"href":"https:\/\/www.alliesofhumanity.org\/fr\/wp-json\/wp\/v2\/comments?post=8117"}],"version-history":[{"count":5,"href":"https:\/\/www.alliesofhumanity.org\/fr\/wp-json\/wp\/v2\/pages\/8117\/revisions"}],"predecessor-version":[{"id":22338,"href":"https:\/\/www.alliesofhumanity.org\/fr\/wp-json\/wp\/v2\/pages\/8117\/revisions\/22338"}],"up":[{"embeddable":true,"href":"https:\/\/www.alliesofhumanity.org\/fr\/wp-json\/wp\/v2\/pages\/4604"}],"wp:attachment":[{"href":"https:\/\/www.alliesofhumanity.org\/fr\/wp-json\/wp\/v2\/media?parent=8117"}],"curies":[{"name":"wp","href":"https:\/\/api.w.org\/{rel}","templated":true}]}}