{"id":5568,"date":"2020-09-11T23:14:33","date_gmt":"2020-09-11T22:14:33","guid":{"rendered":"https:\/\/www.alliesofhumanity.org\/the-briefings\/book-four\/higher-powers\/"},"modified":"2024-03-25T19:01:29","modified_gmt":"2024-03-25T18:01:29","slug":"higher-powers","status":"publish","type":"page","link":"https:\/\/www.alliesofhumanity.org\/fr\/the-briefings\/book-four\/higher-powers\/","title":{"rendered":"Quatri\u00e8me Expos\u00e9 : Les Puissances Sup\u00e9rieures"},"content":{"rendered":"\t\t<div data-elementor-type=\"wp-page\" data-elementor-id=\"5568\" class=\"elementor elementor-5568 elementor-2537\" data-elementor-post-type=\"page\">\t\t\t\t\t\t<section class=\"elementor-section elementor-top-section elementor-element elementor-element-cbb1285 elementor-section-boxed elementor-section-height-default elementor-section-height-default\" data-id=\"cbb1285\" data-element_type=\"section\">\t\t\t\t\t\t<div class=\"elementor-container elementor-column-gap-default\">\t\t\t\t\t<div class=\"elementor-column elementor-col-100 elementor-top-column elementor-element elementor-element-3380586a\" data-id=\"3380586a\" data-element_type=\"column\">\t\t\t<div class=\"elementor-widget-wrap elementor-element-populated\">\t\t\t\t\t\t<div class=\"elementor-element elementor-element-c32f833 elementor-widget elementor-widget-text-editor\" data-id=\"c32f833\" data-element_type=\"widget\" data-widget_type=\"text-editor.default\">\t\t\t\t<div class=\"elementor-widget-container\">\t\t\t\t\t\t\t\t\tIl existe deux r\u00e9alit\u00e9s dans l\u2019univers ; se chevauchant l\u2019une l\u2019autre. La premi\u00e8re et la principale dans votre exp\u00e9rience est la r\u00e9alit\u00e9 de la S\u00e9paration et du changement li\u00e9 \u00e0 l\u2019\u00e9volution, le changement \u00e0 l\u2019\u00e9chelle plan\u00e9taire \u2014 commen\u00e7ant avec la vie primitive, puis les organisations sociales primitives, puis les premi\u00e8res nations, puis les grandes nations, puis les nations mondiales, jusqu\u2019\u00e0 finalement l\u2019\u00e9mergence au sein d\u2019une Grande Communaut\u00e9 de nations plus importantes.\r\rRecouvrant cela, il y a l\u2019\u0153uvre du Divin dans l\u2019univers tout entier, conduite par les Puissances Sup\u00e9rieures, les Forces Ang\u00e9liques supervisant toutes les races, m\u00eame au sein des nations qui ne sont pas libres, \u00e0 la recherche d\u2019opportunit\u00e9s pour cultiver la Connaissance chez les individus qui sont suffisamment libres et suffisamment en capacit\u00e9 de r\u00e9pondre. Il en r\u00e9sulte un grand R\u00e9seau des Sages, qui peut alors soutenir l\u2019\u00e9mergence de nations libres, qui ont conserv\u00e9 le potentiel pour ce grand accomplissement.\r\r<p>Dans l\u2019univers physique, seules existent les forces mises en mouvement au commencement des temps. Il n\u2019y a pas de Plan Divin organisant tout, contr\u00f4lant tout, car l\u2019univers physique est en grande partie chaotique et gouvern\u00e9 par des forces c\u00e9lestes, des forces g\u00e9ologiques et, au sein des mondes o\u00f9 la vie a pu se d\u00e9velopper, par des forces biologiques. Tout cela a \u00e9t\u00e9 mis en mouvement au commencement des temps par le Divin, et fonctionne d\u00e9sormais de mani\u00e8re autonome.\r<\/p><p>\r<\/p><p>L\u2019Intervention Divine se fait par l\u2019interm\u00e9diaire des Puissances Sup\u00e9rieures, des R\u00e9seaux des Sages, ainsi que des nations qui ont \u00e9t\u00e9 capables de garder vivantes la conscience individuelle et la Connaissance, malgr\u00e9 tous les dangers et les conflits qui existent de mani\u00e8re habituelle dans l\u2019\u00e9volution et le d\u00e9veloppement social d\u2019un monde.\r<\/p><p class=\"image-quote float-right\"><img decoding=\"async\" src=\"https:\/\/www.alliesofhumanity.org\/wp-content\/uploads\/2020\/12\/quote-book4-briefing4-1.png\" alt=\"\" \/><\/p><blockquote id=\"quote-2\" class=\"text-quote float-right bg-red\">L\u2019Intervention Divine se fait par l\u2019interm\u00e9diaire des Puissances Sup\u00e9rieures, des R\u00e9seaux des Sages, ainsi que des nations qui ont \u00e9t\u00e9 capables de garder vivantes la conscience individuelle et la Connaissance...<\/blockquote><p>\r<\/p><p>Comme nous l\u2019avons dit, \u00e0 notre connaissance, il n\u2019existe pas de races illumin\u00e9es dans l\u2019univers, mais il y a des races libres, et au sein de ces races libres, les Sages sont en mesure de guider leurs nations. Ils y sont bien plus nombreux qu\u2019ils ne pourraient jamais l\u2019\u00eatre dans les nations qui ne sont pas libres.\r<\/p><p>\r<\/p><p>Le Divin a des avant-postes en de tr\u00e8s nombreux endroits. Et il existe des groupes de Sages \u00e0 l\u2019\u0153uvre en de tr\u00e8s nombreux endroits, y compris dans le plus grand secret. Les nations libres permettent \u00e0 ces groupes de se manifester et d\u2019\u0153uvrer avec efficacit\u00e9 dans la soci\u00e9t\u00e9. Mais les vrais Sages sont des individus en r\u00e9seau, r\u00e9unis en petits groupes, \u0153uvrant au sein de leur propre nation ou dans un r\u00e9seau reliant plusieurs nations, gr\u00e2ce aux Puissances Sup\u00e9rieures.\r<\/p><p>\r<\/p><p>Aussi, ne croyez pas qu\u2019une race \u00e9clair\u00e9e viendra pour \u00e9clairer l\u2019humanit\u00e9, ou que l\u2019humanit\u00e9 elle-m\u00eame va devenir une race \u00e9clair\u00e9e. C\u2019est bien au-del\u00e0 de ses capacit\u00e9s. Mais \u00eatre une race libre au sein de laquelle la Connaissance peut \u00eatre encourag\u00e9e et soutenue ouvertement, voil\u00e0 la grande r\u00e9alisation. Voil\u00e0 le grand d\u00e9fi et la grande exigence qui vous attendent aujourd\u2019hui.\r<\/p><p>\r<\/p><p class=\"image-quote float-left\"><img decoding=\"async\" src=\"https:\/\/www.alliesofhumanity.org\/wp-content\/uploads\/2020\/12\/quote-book4-briefing4-2.png\" alt=\"\" \/><\/p><blockquote id=\"quote-4\" class=\"text-quote float-left bg-gray\">Vous devez comprendre que l\u2019\u0152uvre du Divin dans votre monde est reli\u00e9e \u00e0 l\u2019\u0152uvre du Divin dans tous les mondes.<\/blockquote><p>Il existe deux types de libert\u00e9. Il y a la libert\u00e9 pratique de vivre sa vie sans \u00eatre excessivement contraint ou domin\u00e9, la libert\u00e9 pratique de vivre dans la stabilit\u00e9 et la s\u00e9curit\u00e9, sans la menace constante de la guerre ou d\u2019une corruption omnipr\u00e9sente. Il s\u2019agit de la libert\u00e9 fondatrice, et elle est vraiment tr\u00e8s importante. C\u2019est la premi\u00e8re chose \u00e0 \u00e9tablir.\r<\/p><p>\r<\/p><p>Ensuite vient la plus grande libert\u00e9 spirituelle de l\u2019individu qui consiste \u00e0 initier son retour au Divin et \u00e0 acc\u00e9der \u00e0 la Connaissance plus profonde que Dieu a cr\u00e9\u00e9e en tous les individus, en toutes les races de l\u2019univers vivant dans la S\u00e9paration, au sein de la r\u00e9alit\u00e9 physique.\r<\/p><p>\r<\/p><p>Cette grande libert\u00e9 constitue l\u2019appel des individus, et elle est limit\u00e9e par les libert\u00e9s fondamentales dont ils peuvent jouir dans leurs cultures et leurs mondes respectifs. Mais la grande libert\u00e9 est la libert\u00e9 ultime parce que le Pouvoir du Ciel peut se manifester \u00e0 travers ces individus au service des autres et, gr\u00e2ce aux grands R\u00e9seaux des Sages, favoriser la libert\u00e9 et la Connaissance au sein de la Grande Communaut\u00e9 toute enti\u00e8re.\r<\/p><p class=\"image-quote float-right\"><img decoding=\"async\" src=\"https:\/\/www.alliesofhumanity.org\/wp-content\/uploads\/2020\/12\/quote-book4-briefing4-3.png\" alt=\"\" \/><\/p><blockquote id=\"quote-6\" class=\"text-quote float-right bg-black\">Le monde est gouvern\u00e9 par un petit nombre de personnes, pour le meilleur ou pour le pire. Dans ce cas, un petit nombre de gens pourrait sauver la race humaine toute enti\u00e8re de l\u2019effondrement et de la d\u00e9sint\u00e9gration.<\/blockquote><p>\r<\/p><p>Vous devez comprendre que l\u2019\u0152uvre du Divin dans votre monde est reli\u00e9e \u00e0 l\u2019\u0152uvre du Divin dans tous les mondes. Il n\u2019y a pas de plan sp\u00e9cial pour votre monde, qui n\u2019est qu\u2019un endroit minuscule au sein d\u2019un vaste univers. Le plan de Dieu est unifi\u00e9 et bien \u00e9tabli. Et la Connaissance vit en vous en tant qu\u2019individu, et c\u2019est ainsi que vous vous connectez \u00e0 la Pr\u00e9sence et au Pouvoir du Divin et que vous commencez \u00e0 gagner votre libert\u00e9 int\u00e9rieure, au-del\u00e0 m\u00eame des contraintes de votre environnement ext\u00e9rieur.\r<\/p><p>\r<\/p><p>Partout o\u00f9 la libert\u00e9 fondamentale peut \u00eatre d\u00e9velopp\u00e9e, \u00e9tablie et maintenue dans le temps, elle repr\u00e9sente une plus grande possibilit\u00e9 de favoriser et de soutenir la libert\u00e9 sup\u00e9rieure, ainsi que la plus grande libert\u00e9 dont celle-ci b\u00e9n\u00e9ficiera lorsqu\u2019elle s\u2019exprimera dans un monde, dans une nation, dans une culture. Car la libert\u00e9 dans l\u2019univers n\u2019est pas la libert\u00e9 de perp\u00e9tuer votre S\u00e9paration. C\u2019est la libert\u00e9 de retourner \u00e0 votre Source et de servir dans cette r\u00e9alit\u00e9 physique.\r<\/p><p>\r<\/p><p>Comme vous pouvez le constater, ici, m\u00eame vos notions les plus fondamentales au sujet de la paix, de la libert\u00e9 et de la responsabilit\u00e9 doivent maintenant \u00eatre red\u00e9finies dans un contexte plus large, sans quoi vous continuerez \u00e0 penser que votre paix, que votre libert\u00e9 et que votre responsabilit\u00e9 existent pour vous seul(e), ou pour votre famille seulement. Dans la Grande Communaut\u00e9, ces choses ont un sens diff\u00e9rent, et cette approche sera inefficace, et elle sera d\u00e9nu\u00e9e de sens au sein du monde dans lequel vous commencez maintenant \u00e0 entrer, o\u00f9 la d\u00e9gradation de l\u2019environnement, la perte de la production alimentaire et le changement climatique rendront la vie bien plus difficile, et exigeront, si vous voulez r\u00e9ussir, une participation et une coop\u00e9ration accrues.\r<\/p><p>\r<\/p><p>M\u00eame ce qui vous menace de l\u2019ext\u00e9rieur, et qui peut vous \u00e9branler ici dans ce monde, peut favoriser une plus grande libert\u00e9 au sens le plus vrai du terme si cette opportunit\u00e9 est reconnue et revendiqu\u00e9e par suffisamment de personnes. Plus le d\u00e9fi est grand, plus grande est l\u2019opportunit\u00e9.\r<\/p><p>\r<\/p><p>Car \u00e0 l\u2019heure actuelle, l\u2019humanit\u00e9 est bien trop faible, bien trop divis\u00e9e, bien trop d\u00e9sorganis\u00e9e pour \u00eatre capable de se maintenir en tant que race libre et souveraine dans l\u2019univers. Ce sont les grands d\u00e9fis qui vous attendent aujourd\u2019hui qui d\u00e9velopperont cette force, cette coop\u00e9ration, cette libert\u00e9 et cette responsabilit\u00e9 : le d\u00e9fi de la d\u00e9t\u00e9rioration et de l\u2019effondrement venant de l\u2019int\u00e9rieur et le d\u00e9fi de l\u2019Intervention et de l\u2019asservissement venant de l\u2019ext\u00e9rieur. Seuls ces grands d\u00e9fis accablants g\u00e9n\u00e9reront la n\u00e9cessit\u00e9 de la libert\u00e9, de la force et de la responsabilit\u00e9 dont nous parlons ici.\r<\/p><p>\r<\/p><p>Tout le monde ne sera pas en mesure de r\u00e9pondre \u00e0 ce d\u00e9fi, mais m\u00eame si une petite minorit\u00e9 de personnes s\u2019av\u00e8re capable de faire cela dans votre monde, cela pourra mener \u00e0 un meilleur r\u00e9sultat. Le monde est gouvern\u00e9 par un petit nombre de personnes, pour le meilleur ou pour le pire. Dans ce cas, un petit nombre de gens pourrait sauver la race humaine toute enti\u00e8re de l\u2019effondrement et de la d\u00e9sint\u00e9gration.\r<\/p><p>\r<\/p><p>Oui, cela repr\u00e9sente un \u00e9norme d\u00e9fi. Oui, cela semble injuste selon votre compr\u00e9hension. Cela semble m\u00eame cruel selon votre compr\u00e9hension. Pourtant, c\u2019est ce que cela signifie, grandir dans l\u2019univers : devenir une race mature et non une race adolescente en proie \u00e0 des luttes internes pour ses privil\u00e8ges, ses richesses et ses opportunit\u00e9s.\r<\/p><p>\r<\/p><p>Nous avons d\u00fb grandir sous le poids de la douleur et du d\u00e9fi d\u2019une Intervention et de la d\u00e9gradation de nos mondes. Cela fait partie de la vie, devenir adulte, devenir responsable, non seulement pour soi-m\u00eame, mais aussi pour le bien-\u00eatre de son propre monde \u2013 pouss\u00e9 d\u00e9sormais par la n\u00e9cessit\u00e9, pouss\u00e9 \u00e0 pr\u00e9sent par le d\u00e9fi \u00e0 relever, pouss\u00e9 maintenant par une grande menace. Toutes ces choses sont le fondement de la force, de la sagesse, de la coop\u00e9ration dont vous aurez besoin pour le grand changement qui arrive sur le monde.\r<\/p><p>\r<\/p><p>Aussi n\u2019apportons-nous pas la paix, telle que vous la concevez. Nous apportons le d\u00e9fi. Nous apportons la responsabilit\u00e9. Nous apportons de la clart\u00e9. Nous apportons la sagesse. Nous apportons la force. Nous apportons l\u2019appel vers tout cela.\r<\/p><p>\r<\/p><p>Si vous pouviez seulement voir ou avoir une id\u00e9e de la direction que prend votre vie ainsi que le degr\u00e9 d\u2019Intervention aujourd\u2019hui dans votre monde, ou bien cela vous an\u00e9antirait, ou bien cela vous pousserait \u00e0 vous dresser pour l\u2019affronter. Telle est l\u2019opportunit\u00e9 cach\u00e9e qui se pr\u00e9sente ici.\r<\/p><p>\r<\/p>Dieu sait que c\u2019est le plus grand seuil pour la famille humaine, le plus grand seuil auquel vous ayez jamais \u00e9t\u00e9 confront\u00e9s et peut-\u00eatre le plus grand seuil auquel vous serez jamais \u00e9t\u00e9 confront\u00e9s \u2013 un monde en d\u00e9clin et l\u2019\u00e9mergence dans la Grande Communaut\u00e9, lesquels vont g\u00e9n\u00e9ralement de pair. Dieu a envoy\u00e9 un Nouveau Message dans le monde. Nous savons cela. Cela fait partie de ce qui nous a appel\u00e9s ici pour encourager la famille humaine. Nous reviendrons sur ce point plus loin, car il est essentiel \u00e0 votre r\u00e9ussite et \u00e0 votre libert\u00e9.\t\t\t\t\t\t\t\t<\/div>\t\t\t\t<\/div>\t\t\t\t\t<\/div>\t\t<\/div>\t\t\t\t\t<\/div>\t\t<\/section>\t\t\t\t<\/div><p>\t\t<\/p>","protected":false},"excerpt":{"rendered":"<p>Il existe deux r\u00e9alit\u00e9s dans l\u2019univers ; se chevauchant l\u2019une l\u2019autre. La premi\u00e8re et la principale dans votre exp\u00e9rience est la r\u00e9alit\u00e9 de la S\u00e9paration et du changement li\u00e9 \u00e0 l\u2019\u00e9volution, le changement \u00e0 l\u2019\u00e9chelle plan\u00e9taire \u2014 commen\u00e7ant avec la vie primitive, puis les organisations sociales primitives, puis les premi\u00e8res nations, puis les grandes nations, [&hellip;]<\/p>\n","protected":false},"author":23,"featured_media":0,"parent":5538,"menu_order":4,"comment_status":"closed","ping_status":"closed","template":"page.php","meta":{"_acf_changed":false,"footnotes":""},"class_list":["post-5568","page","type-page","status-publish","hentry"],"acf":[],"yoast_head":"<!-- This site is optimized with the Yoast SEO plugin v26.5 - https:\/\/yoast.com\/wordpress\/plugins\/seo\/ -->\n<title>Les Puissances Sup\u00e9rieures - L&#039;Oeuvre Divine dans l&#039;univers tout entier<\/title>\n<meta name=\"description\" content=\"L&#039;intervention divine se fait par l&#039;interm\u00e9diaire des puissances sup\u00e9rieures, des r\u00e9seaux de sages et des nations o\u00f9 la spiritualit\u00e9 a \u00e9t\u00e9 maintenue en vie.\" \/>\n<meta name=\"robots\" content=\"index, follow, max-snippet:-1, max-image-preview:large, max-video-preview:-1\" \/>\n<link rel=\"canonical\" href=\"https:\/\/www.alliesofhumanity.org\/fr\/the-briefings\/book-four\/higher-powers\/\" \/>\n<meta property=\"og:locale\" content=\"fr_FR\" \/>\n<meta property=\"og:type\" content=\"article\" \/>\n<meta property=\"og:title\" content=\"Les Puissances Sup\u00e9rieures - L&#039;Oeuvre Divine dans l&#039;univers tout entier\" \/>\n<meta property=\"og:description\" content=\"L&#039;intervention divine se fait par l&#039;interm\u00e9diaire des puissances sup\u00e9rieures, des r\u00e9seaux de sages et des nations o\u00f9 la spiritualit\u00e9 a \u00e9t\u00e9 maintenue en vie.\" \/>\n<meta property=\"og:url\" content=\"https:\/\/www.alliesofhumanity.org\/fr\/the-briefings\/book-four\/higher-powers\/\" \/>\n<meta property=\"og:site_name\" content=\"The Allies of Humanity\" \/>\n<meta property=\"article:publisher\" content=\"https:\/\/www.facebook.com\/alliesofhumanity\/\" \/>\n<meta property=\"article:modified_time\" content=\"2024-03-25T18:01:29+00:00\" \/>\n<meta property=\"og:image\" content=\"https:\/\/www.alliesofhumanity.org\/wp-content\/uploads\/2021\/01\/og-socialmedia-aoh.jpg\" \/>\n\t<meta property=\"og:image:width\" content=\"1200\" \/>\n\t<meta property=\"og:image:height\" content=\"630\" \/>\n\t<meta property=\"og:image:type\" content=\"image\/jpeg\" \/>\n<meta name=\"twitter:card\" content=\"summary_large_image\" \/>\n<meta name=\"twitter:title\" content=\"Les Puissances Sup\u00e9rieures - L&#039;Oeuvre Divine dans l&#039;univers tout entier\" \/>\n<meta name=\"twitter:site\" content=\"@earthallies\" \/>\n<meta name=\"twitter:label1\" content=\"Dur\u00e9e de lecture estim\u00e9e\" \/>\n\t<meta name=\"twitter:data1\" content=\"8 minutes\" \/>\n<script type=\"application\/ld+json\" class=\"yoast-schema-graph\">{\"@context\":\"https:\/\/schema.org\",\"@graph\":[{\"@type\":\"WebPage\",\"@id\":\"https:\/\/www.alliesofhumanity.org\/fr\/the-briefings\/book-four\/higher-powers\/\",\"url\":\"https:\/\/www.alliesofhumanity.org\/fr\/the-briefings\/book-four\/higher-powers\/\",\"name\":\"Les Puissances Sup\u00e9rieures - L'Oeuvre Divine dans l'univers tout entier\",\"isPartOf\":{\"@id\":\"https:\/\/www.alliesofhumanity.org\/fr\/#website\"},\"datePublished\":\"2020-09-11T22:14:33+00:00\",\"dateModified\":\"2024-03-25T18:01:29+00:00\",\"description\":\"L'intervention divine se fait par l'interm\u00e9diaire des puissances sup\u00e9rieures, des r\u00e9seaux de sages et des nations o\u00f9 la spiritualit\u00e9 a \u00e9t\u00e9 maintenue en vie.\",\"breadcrumb\":{\"@id\":\"https:\/\/www.alliesofhumanity.org\/fr\/the-briefings\/book-four\/higher-powers\/#breadcrumb\"},\"inLanguage\":\"fr-FR\",\"potentialAction\":[{\"@type\":\"ReadAction\",\"target\":[\"https:\/\/www.alliesofhumanity.org\/fr\/the-briefings\/book-four\/higher-powers\/\"]}]},{\"@type\":\"BreadcrumbList\",\"@id\":\"https:\/\/www.alliesofhumanity.org\/fr\/the-briefings\/book-four\/higher-powers\/#breadcrumb\",\"itemListElement\":[{\"@type\":\"ListItem\",\"position\":1,\"name\":\"Les Expos\u00e9s\",\"item\":\"https:\/\/www.alliesofhumanity.org\/fr\/the-briefings\/\"},{\"@type\":\"ListItem\",\"position\":2,\"name\":\"Livre 4\",\"item\":\"https:\/\/www.alliesofhumanity.org\/fr\/the-briefings\/book-four\/\"},{\"@type\":\"ListItem\",\"position\":3,\"name\":\"Quatri\u00e8me Expos\u00e9 : Les Puissances Sup\u00e9rieures\"}]},{\"@type\":\"WebSite\",\"@id\":\"https:\/\/www.alliesofhumanity.org\/fr\/#website\",\"url\":\"https:\/\/www.alliesofhumanity.org\/fr\/\",\"name\":\"The Allies of Humanity\",\"description\":\"\",\"potentialAction\":[{\"@type\":\"SearchAction\",\"target\":{\"@type\":\"EntryPoint\",\"urlTemplate\":\"https:\/\/www.alliesofhumanity.org\/fr\/?s={search_term_string}\"},\"query-input\":{\"@type\":\"PropertyValueSpecification\",\"valueRequired\":true,\"valueName\":\"search_term_string\"}}],\"inLanguage\":\"fr-FR\"}]}<\/script>\n<!-- \/ Yoast SEO plugin. -->","yoast_head_json":{"title":"Les Puissances Sup\u00e9rieures - L'Oeuvre Divine dans l'univers tout entier","description":"L'intervention divine se fait par l'interm\u00e9diaire des puissances sup\u00e9rieures, des r\u00e9seaux de sages et des nations o\u00f9 la spiritualit\u00e9 a \u00e9t\u00e9 maintenue en vie.","robots":{"index":"index","follow":"follow","max-snippet":"max-snippet:-1","max-image-preview":"max-image-preview:large","max-video-preview":"max-video-preview:-1"},"canonical":"https:\/\/www.alliesofhumanity.org\/fr\/the-briefings\/book-four\/higher-powers\/","og_locale":"fr_FR","og_type":"article","og_title":"Les Puissances Sup\u00e9rieures - L'Oeuvre Divine dans l'univers tout entier","og_description":"L'intervention divine se fait par l'interm\u00e9diaire des puissances sup\u00e9rieures, des r\u00e9seaux de sages et des nations o\u00f9 la spiritualit\u00e9 a \u00e9t\u00e9 maintenue en vie.","og_url":"https:\/\/www.alliesofhumanity.org\/fr\/the-briefings\/book-four\/higher-powers\/","og_site_name":"The Allies of Humanity","article_publisher":"https:\/\/www.facebook.com\/alliesofhumanity\/","article_modified_time":"2024-03-25T18:01:29+00:00","og_image":[{"width":1200,"height":630,"url":"https:\/\/www.alliesofhumanity.org\/wp-content\/uploads\/2021\/01\/og-socialmedia-aoh.jpg","type":"image\/jpeg"}],"twitter_card":"summary_large_image","twitter_title":"Les Puissances Sup\u00e9rieures - L'Oeuvre Divine dans l'univers tout entier","twitter_site":"@earthallies","twitter_misc":{"Dur\u00e9e de lecture estim\u00e9e":"8 minutes"},"schema":{"@context":"https:\/\/schema.org","@graph":[{"@type":"WebPage","@id":"https:\/\/www.alliesofhumanity.org\/fr\/the-briefings\/book-four\/higher-powers\/","url":"https:\/\/www.alliesofhumanity.org\/fr\/the-briefings\/book-four\/higher-powers\/","name":"Les Puissances Sup\u00e9rieures - L'Oeuvre Divine dans l'univers tout entier","isPartOf":{"@id":"https:\/\/www.alliesofhumanity.org\/fr\/#website"},"datePublished":"2020-09-11T22:14:33+00:00","dateModified":"2024-03-25T18:01:29+00:00","description":"L'intervention divine se fait par l'interm\u00e9diaire des puissances sup\u00e9rieures, des r\u00e9seaux de sages et des nations o\u00f9 la spiritualit\u00e9 a \u00e9t\u00e9 maintenue en vie.","breadcrumb":{"@id":"https:\/\/www.alliesofhumanity.org\/fr\/the-briefings\/book-four\/higher-powers\/#breadcrumb"},"inLanguage":"fr-FR","potentialAction":[{"@type":"ReadAction","target":["https:\/\/www.alliesofhumanity.org\/fr\/the-briefings\/book-four\/higher-powers\/"]}]},{"@type":"BreadcrumbList","@id":"https:\/\/www.alliesofhumanity.org\/fr\/the-briefings\/book-four\/higher-powers\/#breadcrumb","itemListElement":[{"@type":"ListItem","position":1,"name":"Les Expos\u00e9s","item":"https:\/\/www.alliesofhumanity.org\/fr\/the-briefings\/"},{"@type":"ListItem","position":2,"name":"Livre 4","item":"https:\/\/www.alliesofhumanity.org\/fr\/the-briefings\/book-four\/"},{"@type":"ListItem","position":3,"name":"Quatri\u00e8me Expos\u00e9 : Les Puissances Sup\u00e9rieures"}]},{"@type":"WebSite","@id":"https:\/\/www.alliesofhumanity.org\/fr\/#website","url":"https:\/\/www.alliesofhumanity.org\/fr\/","name":"The Allies of Humanity","description":"","potentialAction":[{"@type":"SearchAction","target":{"@type":"EntryPoint","urlTemplate":"https:\/\/www.alliesofhumanity.org\/fr\/?s={search_term_string}"},"query-input":{"@type":"PropertyValueSpecification","valueRequired":true,"valueName":"search_term_string"}}],"inLanguage":"fr-FR"}]}},"_links":{"self":[{"href":"https:\/\/www.alliesofhumanity.org\/fr\/wp-json\/wp\/v2\/pages\/5568","targetHints":{"allow":["GET"]}}],"collection":[{"href":"https:\/\/www.alliesofhumanity.org\/fr\/wp-json\/wp\/v2\/pages"}],"about":[{"href":"https:\/\/www.alliesofhumanity.org\/fr\/wp-json\/wp\/v2\/types\/page"}],"author":[{"embeddable":true,"href":"https:\/\/www.alliesofhumanity.org\/fr\/wp-json\/wp\/v2\/users\/23"}],"replies":[{"embeddable":true,"href":"https:\/\/www.alliesofhumanity.org\/fr\/wp-json\/wp\/v2\/comments?post=5568"}],"version-history":[{"count":5,"href":"https:\/\/www.alliesofhumanity.org\/fr\/wp-json\/wp\/v2\/pages\/5568\/revisions"}],"predecessor-version":[{"id":22335,"href":"https:\/\/www.alliesofhumanity.org\/fr\/wp-json\/wp\/v2\/pages\/5568\/revisions\/22335"}],"up":[{"embeddable":true,"href":"https:\/\/www.alliesofhumanity.org\/fr\/wp-json\/wp\/v2\/pages\/5538"}],"wp:attachment":[{"href":"https:\/\/www.alliesofhumanity.org\/fr\/wp-json\/wp\/v2\/media?parent=5568"}],"curies":[{"name":"wp","href":"https:\/\/api.w.org\/{rel}","templated":true}]}}