{"id":5563,"date":"2020-09-11T22:55:54","date_gmt":"2020-09-11T21:55:54","guid":{"rendered":"https:\/\/www.alliesofhumanity.org\/the-briefings\/book-four\/ah4-a-message-from-marshall-vian-summers\/"},"modified":"2024-03-25T18:53:11","modified_gmt":"2024-03-25T17:53:11","slug":"ah4-a-message-from-marshall-vian-summers","status":"publish","type":"page","link":"https:\/\/www.alliesofhumanity.org\/fr\/the-briefings\/book-four\/ah4-a-message-from-marshall-vian-summers\/","title":{"rendered":"Un message de Marshall Vian Summers"},"content":{"rendered":"\t\t<div data-elementor-type=\"wp-page\" data-elementor-id=\"5563\" class=\"elementor elementor-5563 elementor-2532\" data-elementor-post-type=\"page\">\t\t\t\t\t\t<section class=\"elementor-section elementor-top-section elementor-element elementor-element-2ad36770 elementor-section-boxed elementor-section-height-default elementor-section-height-default\" data-id=\"2ad36770\" data-element_type=\"section\">\t\t\t\t\t\t<div class=\"elementor-container elementor-column-gap-default\">\t\t\t\t\t<div class=\"elementor-column elementor-col-100 elementor-top-column elementor-element elementor-element-6727a495\" data-id=\"6727a495\" data-element_type=\"column\">\t\t\t<div class=\"elementor-widget-wrap elementor-element-populated\">\t\t\t\t\t\t<div class=\"elementor-element elementor-element-0ebbb09 elementor-widget elementor-widget-text-editor\" data-id=\"0ebbb09\" data-element_type=\"widget\" data-widget_type=\"text-editor.default\">\t\t\t\t<div class=\"elementor-widget-container\">\t\t\t\t\t\t\t\t\tC\u2019est pour moi un grand plaisir que de vous pr\u00e9senter la quatri\u00e8me s\u00e9rie d\u2019Expos\u00e9s des Alli\u00e9s de l\u2019Humanit\u00e9. Ces Expos\u00e9s font partie d\u2019une plus grande communication de la part des races de notre univers local soutenant la libert\u00e9 et la souverainet\u00e9 de l\u2019humanit\u00e9, alors que celle-ci \u00e9merge dans une \u00ab\u00a0Grande Communaut\u00e9\u00a0\u00bb de vie. Il s\u2019agit d\u2019un message authentique, de source extraterrestre, nous mettant en garde contre les dangers de l\u2019Intervention ext\u00e9rieure et nous exhortant \u00e0 nous pr\u00e9parer aux d\u00e9fis de la vie dans l\u2019univers.\r\rLes Alli\u00e9s de l\u2019humanit\u00e9 sont un groupe d\u2019individus issus de diff\u00e9rents mondes, venus \u00e0 proximit\u00e9 de la Terre afin d\u2019observer l\u2019Intervention \u00e9trang\u00e8re en cours dans notre monde et de rendre compte des activit\u00e9s de cette Intervention ainsi que de ses implications pour la race humaine.\r\r<p>Au travers de leurs Expos\u00e9s, les Alli\u00e9s r\u00e9v\u00e8lent la r\u00e9alit\u00e9 du Contact tel qu\u2019il a lieu dans le monde d\u2019aujourd\u2019hui \u2013 qui sont les visiteurs, la raison de leur venue et le programme plus ambitieux qui se cache derri\u00e8re leurs activit\u00e9s. Ce faisant, les Expos\u00e9s comblent de nombreuses lacunes essentielles \u00e0 notre compr\u00e9hension de la r\u00e9alit\u00e9 des visites extraterrestres et du ph\u00e9nom\u00e8ne OVNI, lesquels ont fait l\u2019objet de recherches et d\u2019enqu\u00eates depuis plus de soixante-dix ans.\r<\/p><p class=\"image-quote float-right\"><img decoding=\"async\" src=\"https:\/\/www.alliesofhumanity.org\/wp-content\/uploads\/2020\/08\/MVS-298x300-1.png\" alt=\"\" \/><\/p><p>\r<\/p><p>Les Expos\u00e9s nous fournissent une image claire de ceux que nous allons rencontrer, de ce que cela signifie pour l\u2019humanit\u00e9 et de la fa\u00e7on dont nous pouvons nous y pr\u00e9parer \u2013 le tout constituant l\u2019\u00e9v\u00e9nement le plus marquant et le plus d\u00e9terminant de l\u2019histoire de l\u2019humanit\u00e9. Et cependant, ces Expos\u00e9s sont aussi un cadeau, car ils nous ouvrent une fen\u00eatre sur les r\u00e9alit\u00e9s de la vie dans notre r\u00e9gion locale de l\u2019espace, une vision que nous ne pourrions avoir autrement.\r<\/p><p>\r<\/p><p>Les Alli\u00e9s ne sont pas pr\u00e9sents sur notre plan\u00e8te et ne sont pas en train d\u2019y exercer une influence sur nos gouvernements, notre science ou nos religions. Au lieu de cela, ils sont venus \u00e0 proximit\u00e9 de notre monde afin d\u2019\u00eatre les t\u00e9moins de l\u2019Intervention en cours sur Terre et afin de nous fournir une s\u00e9rie d\u2019Expos\u00e9s r\u00e9v\u00e9lant des informations vitales sur ce qui se passe, sur les raisons pour lesquelles cela se passe, sur ce que cela signifie et sur ce que nous devons faire pour nous pr\u00e9parer. Les Alli\u00e9s ne donnent pas ces Expos\u00e9s aux gouvernements ni aux personnes en position de pouvoir. Ils donnent ces Expos\u00e9s aux peuples de notre monde.\r<\/p><p>\r<\/p>Les Alli\u00e9s m\u2019ont contact\u00e9 en 1996 et ont pr\u00e9sent\u00e9 leur premi\u00e8re s\u00e9rie d\u2019Expos\u00e9s en 1997 et 1998. Cette premi\u00e8re s\u00e9rie d\u2019Expos\u00e9s a ensuite \u00e9t\u00e9 publi\u00e9e en 2000 sous le titre : <em>Les Expos\u00e9s des Alli\u00e9s de l\u2019Humanit\u00e9 : Un message urgent sur la pr\u00e9sence extraterrestre dans le monde aujourd\u2019hui<\/em>. Il n\u2019y eut aucune autre communication des Alli\u00e9s durant les deux ann\u00e9es qui suivirent leur premi\u00e8re communication.\r<p>\r<\/p><p>Les Alli\u00e9s m\u2019ont ensuite contact\u00e9 de nouveau en d\u00e9cembre 2000 avec une deuxi\u00e8me s\u00e9rie d\u2019Expos\u00e9s. Au prise avec une situation tr\u00e8s tendue, ils ont r\u00e9v\u00e9l\u00e9 qu\u2019apr\u00e8s la publication de leur premi\u00e8re s\u00e9rie d\u2019Expos\u00e9s, ils furent identifi\u00e9s et poursuivis par l\u2019Intervention et qu\u2019ils devaient imm\u00e9diatement transmettre leur deuxi\u00e8me s\u00e9rie d\u2019Expos\u00e9s. La totalit\u00e9 des six Expos\u00e9s furent donn\u00e9s en une seule journ\u00e9e.\r<\/p><p>\r<\/p><p>Huit ans plus tard, les Alli\u00e9s me contactaient \u00e0 nouveau avec leur troisi\u00e8me s\u00e9rie d\u2019Expos\u00e9s, s\u2019adressant d\u00e9sormais \u00e0 nous \u00e0 partir d\u2019un endroit\u00a0tr\u00e8s \u00e9loign\u00e9 du monde. Les sept Expos\u00e9s furent donn\u00e9s en une seule journ\u00e9e, durant le mois de juin 2008.\r<\/p><p>\r<\/p><p>Et enfin, huit ans plus tard, la quatri\u00e8me s\u00e9rie d\u2019Expos\u00e9s arriva. Elle me fut r\u00e9v\u00e9l\u00e9e en octobre 2016 \u2013 les six Expos\u00e9s transmis en l\u2019espace d\u2019un seul jour.\r<\/p><p>\r<\/p><p>Je ne peux expliquer la raison pour laquelle il s\u2019est \u00e9coul\u00e9 autant de temps entre les Expos\u00e9s. Peut-\u00eatre \u00e9tait-ce li\u00e9 aux circonstances auxquelles les Alli\u00e9s ont d\u00fb faire face apr\u00e8s avoir \u00e9t\u00e9 contraints de quitter les environs de la Terre. Ou peut-\u00eatre y avait-il des \u00e9v\u00e9nements plus importants se d\u00e9roulant au-del\u00e0 de notre monde et impliquant la mission des Alli\u00e9s et ceux qu\u2019ils repr\u00e9sentent.\r<\/p><p>\r<\/p><p>Dans leur ensemble, ces Expos\u00e9s pr\u00e9sentent un corpus de compr\u00e9hension et de perspectives que nous, en tant qu\u2019\u00eatres humains, ne pourrions obtenir par nous-m\u00eames, \u00e0 l\u2019\u00e9poque m\u00eame o\u00f9 le besoin s\u2019en fait cruellement sentir, alors m\u00eame que la pr\u00e9sence \u00e9trang\u00e8re de l\u2019Intervention dans le monde s\u2019accro\u00eet et devient de plus en plus influente ici, d\u2019une mani\u00e8re que nous pouvons \u00e0 peine comprendre. Car l\u2019humanit\u00e9 n\u2019a pas conscience et n\u2019est pas pr\u00e9par\u00e9e \u00e0 ce grand seuil : notre rencontre avec la vie intelligente dans l\u2019univers, qui a lieu, non pas du fait de nos propres voyages dans l\u2019espace, mais \u00e0 cause de l\u2019arriv\u00e9e de ceux qui sont venus ici avec leurs buts propres.\r<\/p><p>\r<\/p><p>J\u2019aimerais vous donner un aper\u00e7u des trois premi\u00e8res s\u00e9ries d\u2019Expos\u00e9s, et vous parler ensuite de la quatri\u00e8me s\u00e9rie. Les trois premi\u00e8res s\u00e9ries d\u2019Expos\u00e9s r\u00e9v\u00e8lent que l\u2019humanit\u00e9 n\u2019est pas seule dans l\u2019univers, ni m\u00eame dans notre propre monde. Ces Expos\u00e9s r\u00e9v\u00e8lent l\u2019existence d\u2019une pr\u00e9sence extraterrestre dans notre monde, op\u00e9rant ici d\u2019une mani\u00e8re secr\u00e8te et affectant les gens partout dans le monde.\r<\/p><p>\r<\/p><p>Il s\u2019agit d\u2019une Intervention de forces agressives pr\u00e9sentes dans notre univers local et cherchant \u00e0 prendre le contr\u00f4le des ressources du monde pour leur propre compte. C\u2019est une Intervention dont nous ne tirerons aucun b\u00e9n\u00e9fice et \u00e0 laquelle nous serons asservis si nous succombons \u00e0 ses persuasions.\r<\/p><p>\r<\/p><p>Ceux qui interviennent dans notre monde veulent que nous travaillions pour eux, car ils ne peuvent pas vivre ici. Ils ne peuvent pas respirer notre atmosph\u00e8re ; ils ne peuvent pas faire face \u00e0 la complexit\u00e9 biologique de notre monde. Ils ont besoin de nous en tant que partie int\u00e9grante des ressources du monde. Il s\u2019agit d\u2019un processus global d\u2019intervention et de colonisation qui s\u2019\u00e9tend sur un grand laps de temps, afin d\u2019\u00eatre r\u00e9alis\u00e9 sans recourir \u00e0 la force.\r<\/p><p>\r<\/p><p>Les Expos\u00e9s nous expliquent que l\u2019Intervention se d\u00e9roulant actuellement dans le monde signifie que notre isolement dans l\u2019univers est d\u00e9sormais termin\u00e9 et que nous aurons \u00e0 faire face au contact de forces d\u2019intervention \u00e0 l\u2019avenir. La protection de notre monde et de notre souverainet\u00e9 sera dans le futur un imp\u00e9ratif permanent.\r<\/p><p>\r<\/p><p>Pourquoi l\u2019Intervention a-t-elle lieu maintenant ? L\u2019Intervention est ici parce que nous sommes en train de d\u00e9grader un monde riche en ressources dont elle veut avoir le contr\u00f4le pour elle-m\u00eame. L\u2019Intervention accorde de la valeur \u00e0 la Terre et nous regarde la d\u00e9truire et la d\u00e9grader \u00e0 un rythme ph\u00e9nom\u00e9nal. Les Expos\u00e9s nous apprennent ici que la Terre est un tr\u00e9sor\u00a0d\u00e9sir\u00e9 par d\u2019autres dans un univers de mondes st\u00e9riles. Et l\u2019Intervention se poursuit actuellement parce que nous avons cr\u00e9\u00e9 une structure pour le commerce et les communications qu\u2019elle peut exploiter \u00e0 ses propres fins.\r<\/p><p>\r<\/p><p>Tout au long de leurs Expos\u00e9s, les Alli\u00e9s parlent de l\u2019importance de la libert\u00e9 et de l\u2019autod\u00e9termination humaines au sein d\u2019un environnement de persuasion et d\u2019incitations extr\u00eamement puissantes, en particulier lorsque celles-ci sont exerc\u00e9es sur une jeune race \u00e9mergeant au sein de cette Grande Communaut\u00e9 de vie, et du fait que de nombreuses autres races \u00e9mergentes dans l\u2019univers ont \u00e9t\u00e9 victimes d\u2019Interventions telles que celle \u00e0 laquelle nous sommes confront\u00e9s actuellement.\r<\/p><p>\r<\/p><p>Nous ne sommes pas pr\u00e9par\u00e9s au Contact avec cette Grande Communaut\u00e9. Car nous ne pouvons qu\u2019imaginer, \u00e0 travers nos m\u00e9dias, notre cin\u00e9ma et notre science, ce que pourrait \u00eatre la vie au-del\u00e0 de nos fronti\u00e8res. Mais le tableau que brossent les Expos\u00e9s des Alli\u00e9s est tr\u00e8s diff\u00e9rent de ce que la plupart des gens pensent aujourd\u2019hui.\r<\/p><p>\r<\/p><p>Les Expos\u00e9s des Alli\u00e9s sont fond\u00e9s sur les r\u00e9alit\u00e9s de la vie dans notre univers local et apportent de ce fait une description bien plus pr\u00e9cise de ce qui existe r\u00e9ellement par-del\u00e0 nos fronti\u00e8res. \u00c0 partir de cela, nous pouvons commencer \u00e0 voir que l\u2019univers est une expression de la m\u00eame r\u00e9alit\u00e9 de la nature que celle dont nous faisons l\u2019exp\u00e9rience dans notre monde. Pourtant, il s\u2019agit de la nature se manifestant \u00e0 une \u00e9chelle et \u00e0 un niveau de complexit\u00e9 d\u00e9passant ce que nous pouvons imaginer.\r<\/p><p>\r<\/p><p>De ce fait, les Expos\u00e9s des Alli\u00e9s soulignent que nous pouvons comprendre la r\u00e9alit\u00e9 de l\u2019Intervention \u00e0 partir de notre propre exp\u00e9rience de ce qu\u2019est une intervention ici sur Terre. Au fil du temps, notre histoire nous a en effet montr\u00e9 \u00e0 maintes reprises les \u00e9l\u00e9ments de l\u2019intervention d\u2019une culture sur une autre, d\u2019une nation sur une autre. Cela signifie que notre propre histoire et notre sagesse autochtone peuvent nous permettre de voir et de comprendre beaucoup de choses au sujet de ceux qui sont ici et de la raison de leur venue.\r<\/p><p>\r<\/p><p>Cependant, il y a \u00e9galement bien de choses que nous ne pouvons pas voir ni savoir sur ce qu\u2019est la vie dans notre univers local, mais que nous aurions besoin de conna\u00eetre si nous voulons comprendre qui visite notre monde. Pour comprendre qui sont ceux qui se trouvent ici, la raison de leur venue et ce que cela signifie pour nous, nous devons comprendre \u00e0 quoi ressemble la vie dans l\u2019univers qui nous entoure. Nous devons comprendre ce qui pourrait amener une Intervention ici, ce qui la suscite, ce qui la renforce, ce qui lui donne du pouvoir, ce qui limite son pouvoir. Les trois premi\u00e8res s\u00e9ries d\u2019Expos\u00e9s des Alli\u00e9s nous fournissent cette perspective de mani\u00e8re tr\u00e8s directe.\r<\/p><p>\r<\/p><p>La quatri\u00e8me s\u00e9rie d\u2019Expos\u00e9s s\u2019appuie sur ces \u00e9l\u00e9ments et se concentre sur la libert\u00e9 dans l\u2019univers, sur la fa\u00e7on dont elle est atteinte, sur la fa\u00e7on dont elle est maintenue et sur les contraintes auxquelles l\u2019humanit\u00e9 devra se conformer pour devenir une race libre dans l\u2019univers.\r<\/p><p>\r<\/p><p>Ce faisant, les Alli\u00e9s r\u00e9v\u00e8lent la grande Coordination Spirituelle qui existe dans tout l\u2019univers et \u00e0 travers laquelle le Cr\u00e9ateur de toute vie soutient le d\u00e9veloppement spirituel, la conscience, l\u2019unit\u00e9 et la libert\u00e9 dans l\u2019univers.\r<\/p><p>\r<\/p><p>Les Alli\u00e9s consacrent l\u2019un de leurs Expos\u00e9s aux R\u00e9seaux des Sages, qui repr\u00e9sentent des individus, issus de nombreux mondes diff\u00e9rents, guid\u00e9s par cette Grande Coordination et dont le but est de soutenir la libert\u00e9 et le bien-\u00eatre de leur monde, cr\u00e9ant un vaste r\u00e9seau par lequel la sagesse peut \u00eatre transmise d\u2019un monde \u00e0 un autre. Les Alli\u00e9s nous r\u00e9v\u00e8lent qu\u2019ils font partie de ce R\u00e9seau des Sages.\r<\/p><p>\r<\/p><p>Tout au long de leurs Expos\u00e9s, les Alli\u00e9s soulignent que nous sommes maintenant les peuples autochtones de la Terre, confront\u00e9s \u00e0 une Intervention de puissances venues de l\u2019ext\u00e9rieur. Le reconna\u00eetre exige courage, lucidit\u00e9, objectivit\u00e9 et prise de conscience. Le temps de cette prise de conscience et de cette reconnaissance est venu.\r<\/p><p>\r<\/p><p>Notre besoin est maintenant urgent et il est imm\u00e9diat. Il y a des choses que nous devons savoir \u00e0 propos de la vie dans l\u2019univers qui nous entoure et \u00e0 propos de la nature et du but de ceux qui interviennent dans notre monde aujourd\u2019hui, et les Alli\u00e9s de l\u2019Humanit\u00e9 nous les r\u00e9v\u00e8lent.\r<\/p><p>\r<\/p><p>Les Alli\u00e9s de l\u2019Humanit\u00e9 soulignent que nous devons r\u00e9sister \u00e0 l\u2019Intervention en \u00e9duquant, en suscitant des prises de conscience ainsi qu\u2019une alliance humaine croissantes, et en soutenant ceux qui sont t\u00e9moins des activit\u00e9s de l\u2019Intervention et qui en sont affect\u00e9s.\r<\/p><p>\r<\/p><p>Pour ce faire, les Alli\u00e9s insistent sur la n\u00e9cessit\u00e9 de nous appuyer sur le pouvoir de l\u2019Intelligence spirituelle inn\u00e9e en nous, qui est appel\u00e9e \u00ab\u00a0la Connaissance\u00a0\u00bb. Cette plus grande Intelligence est la capacit\u00e9 inh\u00e9rente de l\u2019humanit\u00e9 \u00e0 voir et \u00e0 conna\u00eetre la v\u00e9rit\u00e9 au-del\u00e0 de la peur et des pr\u00e9f\u00e9rences, \u00e0 voir et \u00e0 conna\u00eetre l\u2019Intervention pour ce qu\u2019elle est r\u00e9ellement.\r<\/p><p>\r<\/p>Afin de nous permettre d\u2019acc\u00e9der \u00e0 cette Connaissance, une pr\u00e9paration appel\u00e9e <em>Les Pas vers la Connaissance\u00a0<\/em>nous a \u00e9t\u00e9 donn\u00e9e par le Cr\u00e9ateur de toute vie. Il s\u2019agit du chemin de la d\u00e9couverte de la Connaissance ainsi que celui de l\u2019\u00e9tablissement de votre connexion \u00e0 celle-ci dans le contexte de la Grande Communaut\u00e9.\r<p>\r<\/p>Par cons\u00e9quent, je vous invite et vous encourage \u00e0 explorer ces Expos\u00e9s avec un esprit ouvert, de fa\u00e7on \u00e0 permettre \u00e0 vos pens\u00e9es d\u2019\u00eatre remises en question, \u00e0 vos anciennes croyances d\u2019\u00eatre renvers\u00e9es si n\u00e9cessaire, afin de permettre \u00e0 quelque chose de nouveau, de vital et de n\u00e9cessaire de vous \u00eatre donn\u00e9 \u00e0 vous en tant que personne, ainsi qu\u2019\u00e0 nous tous collectivement.\t\t\t\t\t\t\t\t<\/div>\t\t\t\t<\/div>\t\t\t\t\t<\/div>\t\t<\/div>\t\t\t\t\t<\/div>\t\t<\/section>\t\t\t\t<\/div><p>\t\t<\/p>","protected":false},"excerpt":{"rendered":"<p>C\u2019est pour moi un grand plaisir que de vous pr\u00e9senter la quatri\u00e8me s\u00e9rie d\u2019Expos\u00e9s des Alli\u00e9s de l\u2019Humanit\u00e9. Ces Expos\u00e9s font partie d\u2019une plus grande communication de la part des races de notre univers local soutenant la libert\u00e9 et la souverainet\u00e9 de l\u2019humanit\u00e9, alors que celle-ci \u00e9merge dans une \u00ab\u00a0Grande Communaut\u00e9\u00a0\u00bb de vie. Il s\u2019agit [&hellip;]<\/p>\n","protected":false},"author":23,"featured_media":0,"parent":5538,"menu_order":0,"comment_status":"closed","ping_status":"closed","template":"page.php","meta":{"_acf_changed":false,"footnotes":""},"class_list":["post-5563","page","type-page","status-publish","hentry"],"acf":[],"yoast_head":"<!-- This site is optimized with the Yoast SEO plugin v26.5 - https:\/\/yoast.com\/wordpress\/plugins\/seo\/ -->\n<title>Un message de Marshall Vian Summers: les Expos\u00e9s des Alli\u00e9s de l&#039;humanit\u00e9<\/title>\n<meta name=\"description\" content=\"Marshall Vian Summers pr\u00e9sente les Expos\u00e9s des Alli\u00e9s de l&#039;Humanit\u00e9, un message authentique provenant d&#039;une source extraterrestre.\" \/>\n<meta name=\"robots\" content=\"index, follow, max-snippet:-1, max-image-preview:large, max-video-preview:-1\" \/>\n<link rel=\"canonical\" href=\"https:\/\/www.alliesofhumanity.org\/fr\/the-briefings\/book-four\/ah4-a-message-from-marshall-vian-summers\/\" \/>\n<meta property=\"og:locale\" content=\"fr_FR\" \/>\n<meta property=\"og:type\" content=\"article\" \/>\n<meta property=\"og:title\" content=\"Un message de Marshall Vian Summers: les Expos\u00e9s des Alli\u00e9s de l&#039;humanit\u00e9\" \/>\n<meta property=\"og:description\" content=\"Marshall Vian Summers pr\u00e9sente les Expos\u00e9s des Alli\u00e9s de l&#039;Humanit\u00e9, un message authentique provenant d&#039;une source extraterrestre.\" \/>\n<meta property=\"og:url\" content=\"https:\/\/www.alliesofhumanity.org\/fr\/the-briefings\/book-four\/ah4-a-message-from-marshall-vian-summers\/\" \/>\n<meta property=\"og:site_name\" content=\"The Allies of Humanity\" \/>\n<meta property=\"article:publisher\" content=\"https:\/\/www.facebook.com\/alliesofhumanity\/\" \/>\n<meta property=\"article:modified_time\" content=\"2024-03-25T17:53:11+00:00\" \/>\n<meta property=\"og:image\" content=\"https:\/\/www.alliesofhumanity.org\/wp-content\/uploads\/2021\/01\/og-socialmedia-aoh.jpg\" \/>\n\t<meta property=\"og:image:width\" content=\"1200\" \/>\n\t<meta property=\"og:image:height\" content=\"630\" \/>\n\t<meta property=\"og:image:type\" content=\"image\/jpeg\" \/>\n<meta name=\"twitter:card\" content=\"summary_large_image\" \/>\n<meta name=\"twitter:title\" content=\"Un message de Marshall Vian Summers: les Expos\u00e9s des Alli\u00e9s de l&#039;humanit\u00e9\" \/>\n<meta name=\"twitter:site\" content=\"@earthallies\" \/>\n<meta name=\"twitter:label1\" content=\"Dur\u00e9e de lecture estim\u00e9e\" \/>\n\t<meta name=\"twitter:data1\" content=\"12 minutes\" \/>\n<script type=\"application\/ld+json\" class=\"yoast-schema-graph\">{\"@context\":\"https:\/\/schema.org\",\"@graph\":[{\"@type\":\"WebPage\",\"@id\":\"https:\/\/www.alliesofhumanity.org\/fr\/the-briefings\/book-four\/ah4-a-message-from-marshall-vian-summers\/\",\"url\":\"https:\/\/www.alliesofhumanity.org\/fr\/the-briefings\/book-four\/ah4-a-message-from-marshall-vian-summers\/\",\"name\":\"Un message de Marshall Vian Summers: les Expos\u00e9s des Alli\u00e9s de l'humanit\u00e9\",\"isPartOf\":{\"@id\":\"https:\/\/www.alliesofhumanity.org\/fr\/#website\"},\"datePublished\":\"2020-09-11T21:55:54+00:00\",\"dateModified\":\"2024-03-25T17:53:11+00:00\",\"description\":\"Marshall Vian Summers pr\u00e9sente les Expos\u00e9s des Alli\u00e9s de l'Humanit\u00e9, un message authentique provenant d'une source extraterrestre.\",\"breadcrumb\":{\"@id\":\"https:\/\/www.alliesofhumanity.org\/fr\/the-briefings\/book-four\/ah4-a-message-from-marshall-vian-summers\/#breadcrumb\"},\"inLanguage\":\"fr-FR\",\"potentialAction\":[{\"@type\":\"ReadAction\",\"target\":[\"https:\/\/www.alliesofhumanity.org\/fr\/the-briefings\/book-four\/ah4-a-message-from-marshall-vian-summers\/\"]}]},{\"@type\":\"BreadcrumbList\",\"@id\":\"https:\/\/www.alliesofhumanity.org\/fr\/the-briefings\/book-four\/ah4-a-message-from-marshall-vian-summers\/#breadcrumb\",\"itemListElement\":[{\"@type\":\"ListItem\",\"position\":1,\"name\":\"Les Expos\u00e9s\",\"item\":\"https:\/\/www.alliesofhumanity.org\/fr\/the-briefings\/\"},{\"@type\":\"ListItem\",\"position\":2,\"name\":\"Livre 4\",\"item\":\"https:\/\/www.alliesofhumanity.org\/fr\/the-briefings\/book-four\/\"},{\"@type\":\"ListItem\",\"position\":3,\"name\":\"Un message de Marshall Vian Summers\"}]},{\"@type\":\"WebSite\",\"@id\":\"https:\/\/www.alliesofhumanity.org\/fr\/#website\",\"url\":\"https:\/\/www.alliesofhumanity.org\/fr\/\",\"name\":\"The Allies of Humanity\",\"description\":\"\",\"potentialAction\":[{\"@type\":\"SearchAction\",\"target\":{\"@type\":\"EntryPoint\",\"urlTemplate\":\"https:\/\/www.alliesofhumanity.org\/fr\/?s={search_term_string}\"},\"query-input\":{\"@type\":\"PropertyValueSpecification\",\"valueRequired\":true,\"valueName\":\"search_term_string\"}}],\"inLanguage\":\"fr-FR\"}]}<\/script>\n<!-- \/ Yoast SEO plugin. -->","yoast_head_json":{"title":"Un message de Marshall Vian Summers: les Expos\u00e9s des Alli\u00e9s de l'humanit\u00e9","description":"Marshall Vian Summers pr\u00e9sente les Expos\u00e9s des Alli\u00e9s de l'Humanit\u00e9, un message authentique provenant d'une source extraterrestre.","robots":{"index":"index","follow":"follow","max-snippet":"max-snippet:-1","max-image-preview":"max-image-preview:large","max-video-preview":"max-video-preview:-1"},"canonical":"https:\/\/www.alliesofhumanity.org\/fr\/the-briefings\/book-four\/ah4-a-message-from-marshall-vian-summers\/","og_locale":"fr_FR","og_type":"article","og_title":"Un message de Marshall Vian Summers: les Expos\u00e9s des Alli\u00e9s de l'humanit\u00e9","og_description":"Marshall Vian Summers pr\u00e9sente les Expos\u00e9s des Alli\u00e9s de l'Humanit\u00e9, un message authentique provenant d'une source extraterrestre.","og_url":"https:\/\/www.alliesofhumanity.org\/fr\/the-briefings\/book-four\/ah4-a-message-from-marshall-vian-summers\/","og_site_name":"The Allies of Humanity","article_publisher":"https:\/\/www.facebook.com\/alliesofhumanity\/","article_modified_time":"2024-03-25T17:53:11+00:00","og_image":[{"width":1200,"height":630,"url":"https:\/\/www.alliesofhumanity.org\/wp-content\/uploads\/2021\/01\/og-socialmedia-aoh.jpg","type":"image\/jpeg"}],"twitter_card":"summary_large_image","twitter_title":"Un message de Marshall Vian Summers: les Expos\u00e9s des Alli\u00e9s de l'humanit\u00e9","twitter_site":"@earthallies","twitter_misc":{"Dur\u00e9e de lecture estim\u00e9e":"12 minutes"},"schema":{"@context":"https:\/\/schema.org","@graph":[{"@type":"WebPage","@id":"https:\/\/www.alliesofhumanity.org\/fr\/the-briefings\/book-four\/ah4-a-message-from-marshall-vian-summers\/","url":"https:\/\/www.alliesofhumanity.org\/fr\/the-briefings\/book-four\/ah4-a-message-from-marshall-vian-summers\/","name":"Un message de Marshall Vian Summers: les Expos\u00e9s des Alli\u00e9s de l'humanit\u00e9","isPartOf":{"@id":"https:\/\/www.alliesofhumanity.org\/fr\/#website"},"datePublished":"2020-09-11T21:55:54+00:00","dateModified":"2024-03-25T17:53:11+00:00","description":"Marshall Vian Summers pr\u00e9sente les Expos\u00e9s des Alli\u00e9s de l'Humanit\u00e9, un message authentique provenant d'une source extraterrestre.","breadcrumb":{"@id":"https:\/\/www.alliesofhumanity.org\/fr\/the-briefings\/book-four\/ah4-a-message-from-marshall-vian-summers\/#breadcrumb"},"inLanguage":"fr-FR","potentialAction":[{"@type":"ReadAction","target":["https:\/\/www.alliesofhumanity.org\/fr\/the-briefings\/book-four\/ah4-a-message-from-marshall-vian-summers\/"]}]},{"@type":"BreadcrumbList","@id":"https:\/\/www.alliesofhumanity.org\/fr\/the-briefings\/book-four\/ah4-a-message-from-marshall-vian-summers\/#breadcrumb","itemListElement":[{"@type":"ListItem","position":1,"name":"Les Expos\u00e9s","item":"https:\/\/www.alliesofhumanity.org\/fr\/the-briefings\/"},{"@type":"ListItem","position":2,"name":"Livre 4","item":"https:\/\/www.alliesofhumanity.org\/fr\/the-briefings\/book-four\/"},{"@type":"ListItem","position":3,"name":"Un message de Marshall Vian Summers"}]},{"@type":"WebSite","@id":"https:\/\/www.alliesofhumanity.org\/fr\/#website","url":"https:\/\/www.alliesofhumanity.org\/fr\/","name":"The Allies of Humanity","description":"","potentialAction":[{"@type":"SearchAction","target":{"@type":"EntryPoint","urlTemplate":"https:\/\/www.alliesofhumanity.org\/fr\/?s={search_term_string}"},"query-input":{"@type":"PropertyValueSpecification","valueRequired":true,"valueName":"search_term_string"}}],"inLanguage":"fr-FR"}]}},"_links":{"self":[{"href":"https:\/\/www.alliesofhumanity.org\/fr\/wp-json\/wp\/v2\/pages\/5563","targetHints":{"allow":["GET"]}}],"collection":[{"href":"https:\/\/www.alliesofhumanity.org\/fr\/wp-json\/wp\/v2\/pages"}],"about":[{"href":"https:\/\/www.alliesofhumanity.org\/fr\/wp-json\/wp\/v2\/types\/page"}],"author":[{"embeddable":true,"href":"https:\/\/www.alliesofhumanity.org\/fr\/wp-json\/wp\/v2\/users\/23"}],"replies":[{"embeddable":true,"href":"https:\/\/www.alliesofhumanity.org\/fr\/wp-json\/wp\/v2\/comments?post=5563"}],"version-history":[{"count":2,"href":"https:\/\/www.alliesofhumanity.org\/fr\/wp-json\/wp\/v2\/pages\/5563\/revisions"}],"predecessor-version":[{"id":22331,"href":"https:\/\/www.alliesofhumanity.org\/fr\/wp-json\/wp\/v2\/pages\/5563\/revisions\/22331"}],"up":[{"embeddable":true,"href":"https:\/\/www.alliesofhumanity.org\/fr\/wp-json\/wp\/v2\/pages\/5538"}],"wp:attachment":[{"href":"https:\/\/www.alliesofhumanity.org\/fr\/wp-json\/wp\/v2\/media?parent=5563"}],"curies":[{"name":"wp","href":"https:\/\/api.w.org\/{rel}","templated":true}]}}