{"id":5538,"date":"2020-09-06T22:22:15","date_gmt":"2020-09-06T21:22:15","guid":{"rendered":"https:\/\/www.alliesofhumanity.org\/the-briefings\/book-four\/"},"modified":"2024-03-25T18:47:38","modified_gmt":"2024-03-25T17:47:38","slug":"book-four","status":"publish","type":"page","link":"https:\/\/www.alliesofhumanity.org\/fr\/the-briefings\/book-four\/","title":{"rendered":"Livre 4"},"content":{"rendered":"<h5>Tous les Expos\u00e9s des Alli\u00e9s de l&rsquo;humanit\u00e9 sont disponibles gratuitement en ligne. Commencez votre exploration du Livre 4 des Alli\u00e9s de l&rsquo;humanit\u00e9.<\/h5>\n<p>Les Alli\u00e9s de l&rsquo;Humanit\u00e9 sont un groupe d&rsquo;individus originaires de plusieurs mondes diff\u00e9rents qui sont venus \u00e0 proximit\u00e9 de la Terre pour observer l&rsquo;Intervention extraterrestre qui se produit dans notre monde et pour rendre compte des activit\u00e9s de cette Intervention et de ses implications pour la race humaine.<\/p>\n<p>Au travers de leurs Expos\u00e9s, les Alli\u00e9s r\u00e9v\u00e8lent la r\u00e9alit\u00e9 du Contact en cours dans le monde d&rsquo;aujourd&rsquo;hui &#8211; qui sont les visiteurs, pourquoi ils sont ici et le programme plus vaste qui sous-tend leurs activit\u00e9s. Ce faisant, les Expos\u00e9s comblent de nombreuses lacunes cruciales dans notre compr\u00e9hension de la r\u00e9alit\u00e9 des visites extraterrestres et du ph\u00e9nom\u00e8ne des OVNI, qui ont fait l&rsquo;objet de recherches et d&rsquo;enqu\u00eates pendant plus de sept d\u00e9cennies.<\/p>\n<p>Ces Expos\u00e9s font partie d&rsquo;une grande communication des races de notre univers local qui soutiennent la libert\u00e9 et la souverainet\u00e9 de l&rsquo;humanit\u00e9 alors que celle-ci \u00e9merge dans une \u00a0\u00bb Grande Communaut\u00e9 \u00a0\u00bb de vie. Il s&rsquo;agit d&rsquo;un message authentique provenant d&rsquo;une source extraterrestre, qui nous met en garde contre les dangers d&rsquo;une intervention de l&rsquo;ext\u00e9rieur et nous invite \u00e0 nous pr\u00e9parer aux d\u00e9fis de la vie dans l&rsquo;univers.<\/p>\n<p><a title=\"\" href=\"ah4-a-message-from-marshall-vian-summers\">Commencez la lecture en ligne des Expos\u00e9s ici<\/a><\/p>\n<hr \/>\n<h3>Table des mati\u00e8res<\/h3>\n<p><a href=\"ah4-a-message-from-marshall-vian-summers\">Un Message de Marshall Vian Summers<\/a><\/p>\n<p>Premier Expos\u00e9 : <a href=\"allies-free-races\">Qui nous sommes et ce que nous repr\u00e9sentons<\/a><\/p>\n<p>Deuxi\u00e8me Expos\u00e9 : <a href=\"exercise-restraint\">L\u2019importance de la retenue<\/a><\/p>\n<p>Troisi\u00e8me Expos\u00e9 : <a href=\"free-nations-universe\">La libert\u00e9 dans l\u2019univers<br \/>\n<\/a><\/p>\n<p>Quatri\u00e8me Expos\u00e9 : <a href=\"higher-powers\">Les Puissances Sup\u00e9rieures<\/a><\/p>\n<p>Cinqui\u00e8me Expos\u00e9 : <a href=\"secure-freedom\">La Grande Coordination<\/a><\/p>\n<p>Sixi\u00e8me Expos\u00e9 : <a href=\"networks-wise\">Les R\u00e9seaux des Sages<\/a><\/p>\n<p><a href=\"https:\/\/www.alliesofhumanity.org\/fr\/the-briefings\/12-point-summary-of-the-allies-of-humanity-briefings\/\">R\u00e9sum\u00e9 en 12 points des expos\u00e9s des Alli\u00e9s de l\u2019humanit\u00e9<\/a><\/p>\n<hr \/>\n<p><em>La Society for The New Message met d\u00e9sormais gratuitement en ligne les quatre volumes des Alli\u00e9s de l&rsquo;humanit\u00e9. Nous faisons cela afin que ce message puisse atteindre le plus grand nombre de personnes possible, tant au niveau de la population qu&rsquo;aux postes de pouvoir politiques, \u00e9conomiques et religieux.<\/em><\/p>\n","protected":false},"excerpt":{"rendered":"<p>Tous les Expos\u00e9s des Alli\u00e9s de l&rsquo;humanit\u00e9 sont disponibles gratuitement en ligne. Commencez votre exploration du Livre 4 des Alli\u00e9s de l&rsquo;humanit\u00e9. Les Alli\u00e9s de l&rsquo;Humanit\u00e9 sont un groupe d&rsquo;individus originaires de plusieurs mondes diff\u00e9rents qui sont venus \u00e0 proximit\u00e9 de la Terre pour observer l&rsquo;Intervention extraterrestre qui se produit dans notre monde et pour [&hellip;]<\/p>\n","protected":false},"author":25,"featured_media":0,"parent":4604,"menu_order":4,"comment_status":"closed","ping_status":"closed","template":"page-book-start.php","meta":{"_acf_changed":false,"footnotes":""},"class_list":["post-5538","page","type-page","status-publish","hentry"],"acf":[],"yoast_head":"<!-- This site is optimized with the Yoast SEO plugin v26.5 - https:\/\/yoast.com\/wordpress\/plugins\/seo\/ -->\n<title>Les Alli\u00e9s de l&#039;humanit\u00e9 Livre 4 | La libert\u00e9 dans l&#039;univers<\/title>\n<meta name=\"description\" content=\"Comment l&#039;humanit\u00e9 peut atteindre et maintenir sa libert\u00e9 dans l&#039;univers, face au contact avec la vie extraterrestre.\" \/>\n<meta name=\"robots\" content=\"index, follow, max-snippet:-1, max-image-preview:large, max-video-preview:-1\" \/>\n<link rel=\"canonical\" href=\"https:\/\/www.alliesofhumanity.org\/fr\/the-briefings\/book-four\/\" \/>\n<meta property=\"og:locale\" content=\"fr_FR\" \/>\n<meta property=\"og:type\" content=\"article\" \/>\n<meta property=\"og:title\" content=\"Les Alli\u00e9s de l&#039;humanit\u00e9 Livre 4 | La libert\u00e9 dans l&#039;univers\" \/>\n<meta property=\"og:description\" content=\"Comment l&#039;humanit\u00e9 peut atteindre et maintenir sa libert\u00e9 dans l&#039;univers, face au contact avec la vie extraterrestre.\" \/>\n<meta property=\"og:url\" content=\"https:\/\/www.alliesofhumanity.org\/fr\/the-briefings\/book-four\/\" \/>\n<meta property=\"og:site_name\" content=\"The Allies of Humanity\" \/>\n<meta property=\"article:publisher\" content=\"https:\/\/www.facebook.com\/alliesofhumanity\/\" \/>\n<meta property=\"article:modified_time\" content=\"2024-03-25T17:47:38+00:00\" \/>\n<meta property=\"og:image\" content=\"https:\/\/www.alliesofhumanity.org\/wp-content\/uploads\/2021\/01\/og-socialmedia-aoh.jpg\" \/>\n\t<meta property=\"og:image:width\" content=\"1200\" \/>\n\t<meta property=\"og:image:height\" content=\"630\" \/>\n\t<meta property=\"og:image:type\" content=\"image\/jpeg\" \/>\n<meta name=\"twitter:card\" content=\"summary_large_image\" \/>\n<meta name=\"twitter:title\" content=\"Les Alli\u00e9s de l&#039;humanit\u00e9 Livre 4 | La libert\u00e9 dans l&#039;univers\" \/>\n<meta name=\"twitter:site\" content=\"@earthallies\" \/>\n<meta name=\"twitter:label1\" content=\"Dur\u00e9e de lecture estim\u00e9e\" \/>\n\t<meta name=\"twitter:data1\" content=\"2 minutes\" \/>\n<script type=\"application\/ld+json\" class=\"yoast-schema-graph\">{\"@context\":\"https:\/\/schema.org\",\"@graph\":[{\"@type\":\"WebPage\",\"@id\":\"https:\/\/www.alliesofhumanity.org\/fr\/the-briefings\/book-four\/\",\"url\":\"https:\/\/www.alliesofhumanity.org\/fr\/the-briefings\/book-four\/\",\"name\":\"Les Alli\u00e9s de l'humanit\u00e9 Livre 4 | La libert\u00e9 dans l'univers\",\"isPartOf\":{\"@id\":\"https:\/\/www.alliesofhumanity.org\/fr\/#website\"},\"datePublished\":\"2020-09-06T21:22:15+00:00\",\"dateModified\":\"2024-03-25T17:47:38+00:00\",\"description\":\"Comment l'humanit\u00e9 peut atteindre et maintenir sa libert\u00e9 dans l'univers, face au contact avec la vie extraterrestre.\",\"breadcrumb\":{\"@id\":\"https:\/\/www.alliesofhumanity.org\/fr\/the-briefings\/book-four\/#breadcrumb\"},\"inLanguage\":\"fr-FR\",\"potentialAction\":[{\"@type\":\"ReadAction\",\"target\":[\"https:\/\/www.alliesofhumanity.org\/fr\/the-briefings\/book-four\/\"]}]},{\"@type\":\"BreadcrumbList\",\"@id\":\"https:\/\/www.alliesofhumanity.org\/fr\/the-briefings\/book-four\/#breadcrumb\",\"itemListElement\":[{\"@type\":\"ListItem\",\"position\":1,\"name\":\"Les Expos\u00e9s\",\"item\":\"https:\/\/www.alliesofhumanity.org\/fr\/the-briefings\/\"},{\"@type\":\"ListItem\",\"position\":2,\"name\":\"Livre 4\"}]},{\"@type\":\"WebSite\",\"@id\":\"https:\/\/www.alliesofhumanity.org\/fr\/#website\",\"url\":\"https:\/\/www.alliesofhumanity.org\/fr\/\",\"name\":\"The Allies of Humanity\",\"description\":\"\",\"potentialAction\":[{\"@type\":\"SearchAction\",\"target\":{\"@type\":\"EntryPoint\",\"urlTemplate\":\"https:\/\/www.alliesofhumanity.org\/fr\/?s={search_term_string}\"},\"query-input\":{\"@type\":\"PropertyValueSpecification\",\"valueRequired\":true,\"valueName\":\"search_term_string\"}}],\"inLanguage\":\"fr-FR\"}]}<\/script>\n<!-- \/ Yoast SEO plugin. -->","yoast_head_json":{"title":"Les Alli\u00e9s de l'humanit\u00e9 Livre 4 | La libert\u00e9 dans l'univers","description":"Comment l'humanit\u00e9 peut atteindre et maintenir sa libert\u00e9 dans l'univers, face au contact avec la vie extraterrestre.","robots":{"index":"index","follow":"follow","max-snippet":"max-snippet:-1","max-image-preview":"max-image-preview:large","max-video-preview":"max-video-preview:-1"},"canonical":"https:\/\/www.alliesofhumanity.org\/fr\/the-briefings\/book-four\/","og_locale":"fr_FR","og_type":"article","og_title":"Les Alli\u00e9s de l'humanit\u00e9 Livre 4 | La libert\u00e9 dans l'univers","og_description":"Comment l'humanit\u00e9 peut atteindre et maintenir sa libert\u00e9 dans l'univers, face au contact avec la vie extraterrestre.","og_url":"https:\/\/www.alliesofhumanity.org\/fr\/the-briefings\/book-four\/","og_site_name":"The Allies of Humanity","article_publisher":"https:\/\/www.facebook.com\/alliesofhumanity\/","article_modified_time":"2024-03-25T17:47:38+00:00","og_image":[{"width":1200,"height":630,"url":"https:\/\/www.alliesofhumanity.org\/wp-content\/uploads\/2021\/01\/og-socialmedia-aoh.jpg","type":"image\/jpeg"}],"twitter_card":"summary_large_image","twitter_title":"Les Alli\u00e9s de l'humanit\u00e9 Livre 4 | La libert\u00e9 dans l'univers","twitter_site":"@earthallies","twitter_misc":{"Dur\u00e9e de lecture estim\u00e9e":"2 minutes"},"schema":{"@context":"https:\/\/schema.org","@graph":[{"@type":"WebPage","@id":"https:\/\/www.alliesofhumanity.org\/fr\/the-briefings\/book-four\/","url":"https:\/\/www.alliesofhumanity.org\/fr\/the-briefings\/book-four\/","name":"Les Alli\u00e9s de l'humanit\u00e9 Livre 4 | La libert\u00e9 dans l'univers","isPartOf":{"@id":"https:\/\/www.alliesofhumanity.org\/fr\/#website"},"datePublished":"2020-09-06T21:22:15+00:00","dateModified":"2024-03-25T17:47:38+00:00","description":"Comment l'humanit\u00e9 peut atteindre et maintenir sa libert\u00e9 dans l'univers, face au contact avec la vie extraterrestre.","breadcrumb":{"@id":"https:\/\/www.alliesofhumanity.org\/fr\/the-briefings\/book-four\/#breadcrumb"},"inLanguage":"fr-FR","potentialAction":[{"@type":"ReadAction","target":["https:\/\/www.alliesofhumanity.org\/fr\/the-briefings\/book-four\/"]}]},{"@type":"BreadcrumbList","@id":"https:\/\/www.alliesofhumanity.org\/fr\/the-briefings\/book-four\/#breadcrumb","itemListElement":[{"@type":"ListItem","position":1,"name":"Les Expos\u00e9s","item":"https:\/\/www.alliesofhumanity.org\/fr\/the-briefings\/"},{"@type":"ListItem","position":2,"name":"Livre 4"}]},{"@type":"WebSite","@id":"https:\/\/www.alliesofhumanity.org\/fr\/#website","url":"https:\/\/www.alliesofhumanity.org\/fr\/","name":"The Allies of Humanity","description":"","potentialAction":[{"@type":"SearchAction","target":{"@type":"EntryPoint","urlTemplate":"https:\/\/www.alliesofhumanity.org\/fr\/?s={search_term_string}"},"query-input":{"@type":"PropertyValueSpecification","valueRequired":true,"valueName":"search_term_string"}}],"inLanguage":"fr-FR"}]}},"_links":{"self":[{"href":"https:\/\/www.alliesofhumanity.org\/fr\/wp-json\/wp\/v2\/pages\/5538","targetHints":{"allow":["GET"]}}],"collection":[{"href":"https:\/\/www.alliesofhumanity.org\/fr\/wp-json\/wp\/v2\/pages"}],"about":[{"href":"https:\/\/www.alliesofhumanity.org\/fr\/wp-json\/wp\/v2\/types\/page"}],"author":[{"embeddable":true,"href":"https:\/\/www.alliesofhumanity.org\/fr\/wp-json\/wp\/v2\/users\/25"}],"replies":[{"embeddable":true,"href":"https:\/\/www.alliesofhumanity.org\/fr\/wp-json\/wp\/v2\/comments?post=5538"}],"version-history":[{"count":5,"href":"https:\/\/www.alliesofhumanity.org\/fr\/wp-json\/wp\/v2\/pages\/5538\/revisions"}],"predecessor-version":[{"id":13628,"href":"https:\/\/www.alliesofhumanity.org\/fr\/wp-json\/wp\/v2\/pages\/5538\/revisions\/13628"}],"up":[{"embeddable":true,"href":"https:\/\/www.alliesofhumanity.org\/fr\/wp-json\/wp\/v2\/pages\/4604"}],"wp:attachment":[{"href":"https:\/\/www.alliesofhumanity.org\/fr\/wp-json\/wp\/v2\/media?parent=5538"}],"curies":[{"name":"wp","href":"https:\/\/api.w.org\/{rel}","templated":true}]}}