{"id":5522,"date":"2020-09-05T22:36:02","date_gmt":"2020-09-05T21:36:02","guid":{"rendered":"https:\/\/www.alliesofhumanity.org\/the-briefings\/book-three\/"},"modified":"2024-03-25T18:25:18","modified_gmt":"2024-03-25T17:25:18","slug":"book-three","status":"publish","type":"page","link":"https:\/\/www.alliesofhumanity.org\/fr\/the-briefings\/book-three\/","title":{"rendered":"Livre 3"},"content":{"rendered":"<h5>L&rsquo;int\u00e9gralit\u00e9 des Expos\u00e9s des Alli\u00e9s de l&rsquo;humanit\u00e9 est disponible gratuitement en ligne. D\u00e9marrer votre exploration des Alli\u00e9s, Livre 3.<\/h5>\n<p><a href=\"contact-with-extraterestrial-races\">Premier Expos\u00e9 : La r\u00e9alit\u00e9 du Contact<br \/>\n<\/a><\/p>\n<p><a href=\"requirements-freedom-universe\">Deuxi\u00e8me Expos\u00e9 : Le exigences relatives \u00e0 la libert\u00e9 dans l\u2019univers<\/a><\/p>\n<p><a href=\"alien-intervention\">Troisi\u00e8me Expos\u00e9 : Les outils de l\u2019Intervention<\/a><\/p>\n<p><a href=\"hidden-powers\">Quatri\u00e8me Expos\u00e9 : Les pouvoirs cach\u00e9s<\/a><\/p>\n<p><a href=\"voices-universe-messages-space\">Cinqui\u00e8me Expos\u00e9 : De nombreuses voix dans l\u2019univers<\/a><\/p>\n<p><a href=\"Life-Beyond-Earth\">Sixi\u00e8me Expos\u00e9 : Les r\u00e9alit\u00e9s de la Grande Communaut\u00e9<\/a><\/p>\n<p><a href=\"questions-about-aliens\">Septi\u00e8me Expos\u00e9 : Questions \/ R\u00e9ponses<br \/>\n<\/a><\/p>\n<p><i>Les Alli\u00e9s de l\u2019Humanit\u00e9 Livre Trois <\/i>pr\u00e9sente la troisi\u00e8me s\u00e9rie \u00ab d\u2019Expos\u00e9s \u00bb d\u2019une myst\u00e9rieuse source extra-terrestre dont le but avou\u00e9 est d\u2019orienter la famille humaine vers les r\u00e9alit\u00e9s de la vie dans notre univers local et de nous alerter sur une dangereuse intervention en cours actuellement sur Terre.<\/p>\n<p>Les Expos\u00e9s des Alli\u00e9s de l\u2019Humanit\u00e9 sont une communication authentique d\u2019un groupe affirmant repr\u00e9senter les races libres dans notre r\u00e9gion locale de l\u2019espace. Les Alli\u00e9s se distinguent des races qui interviennent dans le monde d\u2019aujourd\u2019hui. Ils nous mettent en garde contre la pr\u00e9sence de cette Intervention, insistant sur le fait qu\u2019aucune race \u00e9trang\u00e8re ne devrait visiter notre monde, que ce soit maintenant ou dans l\u2019avenir, jusqu\u2019\u00e0 ce que l\u2019humanit\u00e9 ait acquis la force, l\u2019unit\u00e9 et la maturit\u00e9 n\u00e9cessaires pour interagir avec succ\u00e8s avec une Grande Communaut\u00e9 de vie intelligente dans l\u2019univers.<\/p>\n<p>Que l\u2019humanit\u00e9 puisse jamais y parvenir est incertain, cependant les Alli\u00e9s nous disent que cette intervention dans notre monde a d\u00e9j\u00e0 commenc\u00e9, men\u00e9e par plusieurs races non militaires cherchant \u00e0 \u00e9tablir leur influence et leur domination dans notre monde par des moyens trompeurs et persuasifs.<\/p>\n<p>Les Expos\u00e9s r\u00e9v\u00e8lent que nous sommes dans la position f\u00e2cheuse de la race qui est d\u00e9couverte. L\u2019histoire nous a appris le danger et la trag\u00e9die auxquels les peuples indig\u00e8nes ont \u00e9t\u00e9 confront\u00e9s quand ils ont rencontr\u00e9 des forces ext\u00e9rieures pour la premi\u00e8re fois. \u00c0 pr\u00e9sent, nous sommes tous les indig\u00e8nes d\u2019un nouveau monde, et la menace d\u2019une intervention est \u00e0 nos portes. En cons\u00e9quence, les Alli\u00e9s nous appellent \u00e0 construire suffisamment d\u2019unit\u00e9 parmi les tribus, nations et religions de la Terre afin que nous puissions prot\u00e9ger notre libert\u00e9 dans un univers non humain.<\/p>\n<p>Marshall Vian Summers a re\u00e7u cette communication unique des Alli\u00e9s de l\u2019Humanit\u00e9 dans un \u00e9tat de r\u00e9v\u00e9lation \u00e0 partir de novembre 1997. Dans les ann\u00e9es qui ont suivi, les Alli\u00e9s de l\u2019Humanit\u00e9 ont transmis trois s\u00e9ries d\u2019expos\u00e9s. <i>Les Alli\u00e9s de l\u2019Humanit\u00e9 Livre 3 <\/i>repr\u00e9sente leur plus r\u00e9cente communication \u00e0 la Terre.<em> (1)<\/em><\/p>\n<p>Avec les Expos\u00e9s des Alli\u00e9s, pour la premi\u00e8re fois nous est donn\u00e9 un aper\u00e7u de la r\u00e9alit\u00e9 de la vie au-del\u00e0 de notre monde, un point de vue que nous n\u2019aurions jamais eu autrement. Cela cr\u00e9e un contexte plus large pour comprendre pourquoi l\u2019Intervention a lieu, qui la g\u00e9n\u00e8re et de quoi l\u2019humanit\u00e9 aura besoin pour savoir pr\u00e9server et construire la libert\u00e9 et la souverainet\u00e9 humaine afin que nous puissions accomplir notre destin\u00e9e en tant que race libre dans l\u2019univers.<\/p>\n<p>L&rsquo;e-book est disponible sur <a href=\"http:\/\/www.amazon.com\/Allies-Humanity-Book-Three-ebook\/dp\/B0078VIQTG\/ref=sr_1_1?s=books&amp;ie=UTF8&amp;qid=1329322951&amp;sr=1-1\" target=\"_blank\" rel=\"noopener noreferrer\">Amazon<\/a>, iTunes et <a href=\"http:\/\/newknowledgelibrary.org\" target=\"_blank\" rel=\"noopener noreferrer\">New Knowledge Library<\/a>.<\/p>\n<p>La <em>Society for The New Message<\/em> met d\u00e9sormais gratuitement en ligne les quatre volumes des <em>Alli\u00e9s de l&rsquo;humanit\u00e9<\/em>. Nous faisons cela afin que ce message puisse atteindre le plus grand nombre de personnes possible, tant au niveau de la population qu&rsquo;aux postes de pouvoir politiques, \u00e9conomiques et religieux.<\/p>\n<p><em>(1) il existe d\u00e9sormais quatre livres compilant les 4 s\u00e9ries d&rsquo;Expos\u00e9s communiqu\u00e9s par les Alli\u00e9s \u00e0 ce jour.<\/em><\/p>\n","protected":false},"excerpt":{"rendered":"<p>L&rsquo;int\u00e9gralit\u00e9 des Expos\u00e9s des Alli\u00e9s de l&rsquo;humanit\u00e9 est disponible gratuitement en ligne. D\u00e9marrer votre exploration des Alli\u00e9s, Livre 3. Premier Expos\u00e9 : La r\u00e9alit\u00e9 du Contact Deuxi\u00e8me Expos\u00e9 : Le exigences relatives \u00e0 la libert\u00e9 dans l\u2019univers Troisi\u00e8me Expos\u00e9 : Les outils de l\u2019Intervention Quatri\u00e8me Expos\u00e9 : Les pouvoirs cach\u00e9s Cinqui\u00e8me Expos\u00e9 : De nombreuses [&hellip;]<\/p>\n","protected":false},"author":25,"featured_media":0,"parent":4604,"menu_order":3,"comment_status":"closed","ping_status":"closed","template":"page-book-start.php","meta":{"_acf_changed":false,"footnotes":""},"class_list":["post-5522","page","type-page","status-publish","hentry"],"acf":[],"yoast_head":"<!-- This site is optimized with the Yoast SEO plugin v26.5 - https:\/\/yoast.com\/wordpress\/plugins\/seo\/ -->\n<title>Les Expos\u00e9s des Alli\u00e9s de l&#039;humanit\u00e9, Livre 3: un message \u00e0 la Terre<\/title>\n<meta name=\"description\" content=\"Dans cette troisi\u00e8me s\u00e9rie d&#039;Expos\u00e9s, les Alli\u00e9s parlent des r\u00e9alit\u00e9s de la vie qui existent dans notre voisinage de l&#039;espace et les conditions requises pour la libert\u00e9 que l&#039;humanit\u00e9 devra encourager et soutenir.\" \/>\n<meta name=\"robots\" content=\"index, follow, max-snippet:-1, max-image-preview:large, max-video-preview:-1\" \/>\n<link rel=\"canonical\" href=\"https:\/\/www.alliesofhumanity.org\/fr\/the-briefings\/book-three\/\" \/>\n<meta property=\"og:locale\" content=\"fr_FR\" \/>\n<meta property=\"og:type\" content=\"article\" \/>\n<meta property=\"og:title\" content=\"Les Expos\u00e9s des Alli\u00e9s de l&#039;humanit\u00e9, Livre 3: un message \u00e0 la Terre\" \/>\n<meta property=\"og:description\" content=\"Dans cette troisi\u00e8me s\u00e9rie d&#039;Expos\u00e9s, les Alli\u00e9s parlent des r\u00e9alit\u00e9s de la vie qui existent dans notre voisinage de l&#039;espace et les conditions requises pour la libert\u00e9 que l&#039;humanit\u00e9 devra encourager et soutenir.\" \/>\n<meta property=\"og:url\" content=\"https:\/\/www.alliesofhumanity.org\/fr\/the-briefings\/book-three\/\" \/>\n<meta property=\"og:site_name\" content=\"The Allies of Humanity\" \/>\n<meta property=\"article:publisher\" content=\"https:\/\/www.facebook.com\/alliesofhumanity\/\" \/>\n<meta property=\"article:modified_time\" content=\"2024-03-25T17:25:18+00:00\" \/>\n<meta property=\"og:image\" content=\"https:\/\/www.alliesofhumanity.org\/wp-content\/uploads\/2021\/01\/og-socialmedia-aoh.jpg\" \/>\n\t<meta property=\"og:image:width\" content=\"1200\" \/>\n\t<meta property=\"og:image:height\" content=\"630\" \/>\n\t<meta property=\"og:image:type\" content=\"image\/jpeg\" \/>\n<meta name=\"twitter:card\" content=\"summary_large_image\" \/>\n<meta name=\"twitter:title\" content=\"Les Expos\u00e9s des Alli\u00e9s de l&#039;humanit\u00e9, Livre 3: un message \u00e0 la Terre\" \/>\n<meta name=\"twitter:site\" content=\"@earthallies\" \/>\n<meta name=\"twitter:label1\" content=\"Dur\u00e9e de lecture estim\u00e9e\" \/>\n\t<meta name=\"twitter:data1\" content=\"3 minutes\" \/>\n<script type=\"application\/ld+json\" class=\"yoast-schema-graph\">{\"@context\":\"https:\/\/schema.org\",\"@graph\":[{\"@type\":\"WebPage\",\"@id\":\"https:\/\/www.alliesofhumanity.org\/fr\/the-briefings\/book-three\/\",\"url\":\"https:\/\/www.alliesofhumanity.org\/fr\/the-briefings\/book-three\/\",\"name\":\"Les Expos\u00e9s des Alli\u00e9s de l'humanit\u00e9, Livre 3: un message \u00e0 la Terre\",\"isPartOf\":{\"@id\":\"https:\/\/www.alliesofhumanity.org\/fr\/#website\"},\"datePublished\":\"2020-09-05T21:36:02+00:00\",\"dateModified\":\"2024-03-25T17:25:18+00:00\",\"description\":\"Dans cette troisi\u00e8me s\u00e9rie d'Expos\u00e9s, les Alli\u00e9s parlent des r\u00e9alit\u00e9s de la vie qui existent dans notre voisinage de l'espace et les conditions requises pour la libert\u00e9 que l'humanit\u00e9 devra encourager et soutenir.\",\"breadcrumb\":{\"@id\":\"https:\/\/www.alliesofhumanity.org\/fr\/the-briefings\/book-three\/#breadcrumb\"},\"inLanguage\":\"fr-FR\",\"potentialAction\":[{\"@type\":\"ReadAction\",\"target\":[\"https:\/\/www.alliesofhumanity.org\/fr\/the-briefings\/book-three\/\"]}]},{\"@type\":\"BreadcrumbList\",\"@id\":\"https:\/\/www.alliesofhumanity.org\/fr\/the-briefings\/book-three\/#breadcrumb\",\"itemListElement\":[{\"@type\":\"ListItem\",\"position\":1,\"name\":\"Les Expos\u00e9s\",\"item\":\"https:\/\/www.alliesofhumanity.org\/fr\/the-briefings\/\"},{\"@type\":\"ListItem\",\"position\":2,\"name\":\"Livre 3\"}]},{\"@type\":\"WebSite\",\"@id\":\"https:\/\/www.alliesofhumanity.org\/fr\/#website\",\"url\":\"https:\/\/www.alliesofhumanity.org\/fr\/\",\"name\":\"The Allies of Humanity\",\"description\":\"\",\"potentialAction\":[{\"@type\":\"SearchAction\",\"target\":{\"@type\":\"EntryPoint\",\"urlTemplate\":\"https:\/\/www.alliesofhumanity.org\/fr\/?s={search_term_string}\"},\"query-input\":{\"@type\":\"PropertyValueSpecification\",\"valueRequired\":true,\"valueName\":\"search_term_string\"}}],\"inLanguage\":\"fr-FR\"}]}<\/script>\n<!-- \/ Yoast SEO plugin. -->","yoast_head_json":{"title":"Les Expos\u00e9s des Alli\u00e9s de l'humanit\u00e9, Livre 3: un message \u00e0 la Terre","description":"Dans cette troisi\u00e8me s\u00e9rie d'Expos\u00e9s, les Alli\u00e9s parlent des r\u00e9alit\u00e9s de la vie qui existent dans notre voisinage de l'espace et les conditions requises pour la libert\u00e9 que l'humanit\u00e9 devra encourager et soutenir.","robots":{"index":"index","follow":"follow","max-snippet":"max-snippet:-1","max-image-preview":"max-image-preview:large","max-video-preview":"max-video-preview:-1"},"canonical":"https:\/\/www.alliesofhumanity.org\/fr\/the-briefings\/book-three\/","og_locale":"fr_FR","og_type":"article","og_title":"Les Expos\u00e9s des Alli\u00e9s de l'humanit\u00e9, Livre 3: un message \u00e0 la Terre","og_description":"Dans cette troisi\u00e8me s\u00e9rie d'Expos\u00e9s, les Alli\u00e9s parlent des r\u00e9alit\u00e9s de la vie qui existent dans notre voisinage de l'espace et les conditions requises pour la libert\u00e9 que l'humanit\u00e9 devra encourager et soutenir.","og_url":"https:\/\/www.alliesofhumanity.org\/fr\/the-briefings\/book-three\/","og_site_name":"The Allies of Humanity","article_publisher":"https:\/\/www.facebook.com\/alliesofhumanity\/","article_modified_time":"2024-03-25T17:25:18+00:00","og_image":[{"width":1200,"height":630,"url":"https:\/\/www.alliesofhumanity.org\/wp-content\/uploads\/2021\/01\/og-socialmedia-aoh.jpg","type":"image\/jpeg"}],"twitter_card":"summary_large_image","twitter_title":"Les Expos\u00e9s des Alli\u00e9s de l'humanit\u00e9, Livre 3: un message \u00e0 la Terre","twitter_site":"@earthallies","twitter_misc":{"Dur\u00e9e de lecture estim\u00e9e":"3 minutes"},"schema":{"@context":"https:\/\/schema.org","@graph":[{"@type":"WebPage","@id":"https:\/\/www.alliesofhumanity.org\/fr\/the-briefings\/book-three\/","url":"https:\/\/www.alliesofhumanity.org\/fr\/the-briefings\/book-three\/","name":"Les Expos\u00e9s des Alli\u00e9s de l'humanit\u00e9, Livre 3: un message \u00e0 la Terre","isPartOf":{"@id":"https:\/\/www.alliesofhumanity.org\/fr\/#website"},"datePublished":"2020-09-05T21:36:02+00:00","dateModified":"2024-03-25T17:25:18+00:00","description":"Dans cette troisi\u00e8me s\u00e9rie d'Expos\u00e9s, les Alli\u00e9s parlent des r\u00e9alit\u00e9s de la vie qui existent dans notre voisinage de l'espace et les conditions requises pour la libert\u00e9 que l'humanit\u00e9 devra encourager et soutenir.","breadcrumb":{"@id":"https:\/\/www.alliesofhumanity.org\/fr\/the-briefings\/book-three\/#breadcrumb"},"inLanguage":"fr-FR","potentialAction":[{"@type":"ReadAction","target":["https:\/\/www.alliesofhumanity.org\/fr\/the-briefings\/book-three\/"]}]},{"@type":"BreadcrumbList","@id":"https:\/\/www.alliesofhumanity.org\/fr\/the-briefings\/book-three\/#breadcrumb","itemListElement":[{"@type":"ListItem","position":1,"name":"Les Expos\u00e9s","item":"https:\/\/www.alliesofhumanity.org\/fr\/the-briefings\/"},{"@type":"ListItem","position":2,"name":"Livre 3"}]},{"@type":"WebSite","@id":"https:\/\/www.alliesofhumanity.org\/fr\/#website","url":"https:\/\/www.alliesofhumanity.org\/fr\/","name":"The Allies of Humanity","description":"","potentialAction":[{"@type":"SearchAction","target":{"@type":"EntryPoint","urlTemplate":"https:\/\/www.alliesofhumanity.org\/fr\/?s={search_term_string}"},"query-input":{"@type":"PropertyValueSpecification","valueRequired":true,"valueName":"search_term_string"}}],"inLanguage":"fr-FR"}]}},"_links":{"self":[{"href":"https:\/\/www.alliesofhumanity.org\/fr\/wp-json\/wp\/v2\/pages\/5522","targetHints":{"allow":["GET"]}}],"collection":[{"href":"https:\/\/www.alliesofhumanity.org\/fr\/wp-json\/wp\/v2\/pages"}],"about":[{"href":"https:\/\/www.alliesofhumanity.org\/fr\/wp-json\/wp\/v2\/types\/page"}],"author":[{"embeddable":true,"href":"https:\/\/www.alliesofhumanity.org\/fr\/wp-json\/wp\/v2\/users\/25"}],"replies":[{"embeddable":true,"href":"https:\/\/www.alliesofhumanity.org\/fr\/wp-json\/wp\/v2\/comments?post=5522"}],"version-history":[{"count":6,"href":"https:\/\/www.alliesofhumanity.org\/fr\/wp-json\/wp\/v2\/pages\/5522\/revisions"}],"predecessor-version":[{"id":22323,"href":"https:\/\/www.alliesofhumanity.org\/fr\/wp-json\/wp\/v2\/pages\/5522\/revisions\/22323"}],"up":[{"embeddable":true,"href":"https:\/\/www.alliesofhumanity.org\/fr\/wp-json\/wp\/v2\/pages\/4604"}],"wp:attachment":[{"href":"https:\/\/www.alliesofhumanity.org\/fr\/wp-json\/wp\/v2\/media?parent=5522"}],"curies":[{"name":"wp","href":"https:\/\/api.w.org\/{rel}","templated":true}]}}