{"id":5344,"date":"2020-09-04T22:39:00","date_gmt":"2020-09-04T21:39:00","guid":{"rendered":"https:\/\/www.alliesofhumanity.org\/the-briefings\/book-two\/"},"modified":"2024-03-25T17:21:01","modified_gmt":"2024-03-25T16:21:01","slug":"book-two","status":"publish","type":"page","link":"https:\/\/www.alliesofhumanity.org\/fr\/the-briefings\/book-two\/","title":{"rendered":"Livre 2"},"content":{"rendered":"<h5>Tous les Expos\u00e9s des Alli\u00e9s de l&rsquo;humanit\u00e9 sont disponibles gratuitement en ligne. D\u00e9marrez votre exploration du Livre 2 des Alli\u00e9s.<\/h5>\n<p><a href=\"universe-reality-of-nature\">Premier Expos\u00e9 : L&rsquo;univers dans lequel vous \u00e9mergez<\/a><\/p>\n<p><a href=\"why-are-aliens-here\">Deuxi\u00e8me Expos\u00e9 : Pourquoi l\u2019Intervention survient-elle ?<br \/>\n<\/a><\/p>\n<p><a href=\"the-influence-upon-humanity\">Troisi\u00e8me Expos\u00e9 : L\u2019influence qui p\u00e8se sur l\u2019humanit\u00e9<\/a><\/p>\n<p><a href=\"collectives-in-universe\">Quatri\u00e8me Expos\u00e9 : Les Collectifs<\/a><\/p>\n<p><a href=\"biological-resources\">Cinqui\u00e8me Expos\u00e9 : Ce qu\u2019ils veulent<\/a><\/p>\n<p><a href=\"a-call-to-action-spiritual-power\">Sixi\u00e8me Expos\u00e9 : Un Appel \u00e0 l\u2019action<\/a><\/p>\n<p>Premier Commentaire : <a href=\"the-problem-of-human-denial-first-commentary\">Le probl\u00e8me du d\u00e9ni chez les humains<\/a><\/p>\n<p>Deuxi\u00e8me Commentaire : <a href=\"effects-of-the-pacification-program-second-commentary\">Les effets du Programme de Pacification<\/a><\/p>\n<p>Troisi\u00e8me Commentaire : <a href=\"understanding-the-intervention-third-commentary\">Comprendre l\u2019Intervention<\/a><\/p>\n<p>La <em>Society for The New Message<\/em> met d\u00e9sormais gratuitement en ligne les quatre volumes des <em>Alli\u00e9s de l&rsquo;humanit\u00e9<\/em>. Nous faisons cela afin que ce message puisse atteindre le plus grand nombre de personnes possible, tant au niveau de la population qu&rsquo;aux postes de pouvoir politiques, \u00e9conomiques et religieux.<\/p>\n","protected":false},"excerpt":{"rendered":"<p>Tous les Expos\u00e9s des Alli\u00e9s de l&rsquo;humanit\u00e9 sont disponibles gratuitement en ligne. D\u00e9marrez votre exploration du Livre 2 des Alli\u00e9s. Premier Expos\u00e9 : L&rsquo;univers dans lequel vous \u00e9mergez Deuxi\u00e8me Expos\u00e9 : Pourquoi l\u2019Intervention survient-elle ? Troisi\u00e8me Expos\u00e9 : L\u2019influence qui p\u00e8se sur l\u2019humanit\u00e9 Quatri\u00e8me Expos\u00e9 : Les Collectifs Cinqui\u00e8me Expos\u00e9 : Ce qu\u2019ils veulent Sixi\u00e8me [&hellip;]<\/p>\n","protected":false},"author":25,"featured_media":0,"parent":4604,"menu_order":2,"comment_status":"closed","ping_status":"closed","template":"page-book-start.php","meta":{"_acf_changed":false,"footnotes":""},"class_list":["post-5344","page","type-page","status-publish","hentry"],"acf":[],"yoast_head":"<!-- This site is optimized with the Yoast SEO plugin v26.5 - https:\/\/yoast.com\/wordpress\/plugins\/seo\/ -->\n<title>Les Alli\u00e9s de l&#039;humanit\u00e9 Livre 2 | l&#039;unit\u00e9 humaine, la libert\u00e9 et le Contact ET<\/title>\n<meta name=\"description\" content=\"Dans notre seconde s\u00e9rie d&#039;expos\u00e9s, nous souhaitons vous donner une plus grande compr\u00e9hension et une plus grande vision de ce qu&#039;est vraiment la vie dans l&#039;univers qui vous entoure.\" \/>\n<meta name=\"robots\" content=\"index, follow, max-snippet:-1, max-image-preview:large, max-video-preview:-1\" \/>\n<link rel=\"canonical\" href=\"https:\/\/www.alliesofhumanity.org\/fr\/the-briefings\/book-two\/\" \/>\n<meta property=\"og:locale\" content=\"fr_FR\" \/>\n<meta property=\"og:type\" content=\"article\" \/>\n<meta property=\"og:title\" content=\"Les Alli\u00e9s de l&#039;humanit\u00e9 Livre 2 | l&#039;unit\u00e9 humaine, la libert\u00e9 et le Contact ET\" \/>\n<meta property=\"og:description\" content=\"Dans notre seconde s\u00e9rie d&#039;expos\u00e9s, nous souhaitons vous donner une plus grande compr\u00e9hension et une plus grande vision de ce qu&#039;est vraiment la vie dans l&#039;univers qui vous entoure.\" \/>\n<meta property=\"og:url\" content=\"https:\/\/www.alliesofhumanity.org\/fr\/the-briefings\/book-two\/\" \/>\n<meta property=\"og:site_name\" content=\"The Allies of Humanity\" \/>\n<meta property=\"article:publisher\" content=\"https:\/\/www.facebook.com\/alliesofhumanity\/\" \/>\n<meta property=\"article:modified_time\" content=\"2024-03-25T16:21:01+00:00\" \/>\n<meta property=\"og:image\" content=\"https:\/\/www.alliesofhumanity.org\/wp-content\/uploads\/2021\/01\/og-socialmedia-aoh.jpg\" \/>\n\t<meta property=\"og:image:width\" content=\"1200\" \/>\n\t<meta property=\"og:image:height\" content=\"630\" \/>\n\t<meta property=\"og:image:type\" content=\"image\/jpeg\" \/>\n<meta name=\"twitter:card\" content=\"summary_large_image\" \/>\n<meta name=\"twitter:title\" content=\"Les Alli\u00e9s de l&#039;humanit\u00e9 Livre 2 | l&#039;unit\u00e9 humaine, la libert\u00e9 et le Contact ET\" \/>\n<meta name=\"twitter:site\" content=\"@earthallies\" \/>\n<meta name=\"twitter:label1\" content=\"Dur\u00e9e de lecture estim\u00e9e\" \/>\n\t<meta name=\"twitter:data1\" content=\"1 minute\" \/>\n<script type=\"application\/ld+json\" class=\"yoast-schema-graph\">{\"@context\":\"https:\/\/schema.org\",\"@graph\":[{\"@type\":\"WebPage\",\"@id\":\"https:\/\/www.alliesofhumanity.org\/fr\/the-briefings\/book-two\/\",\"url\":\"https:\/\/www.alliesofhumanity.org\/fr\/the-briefings\/book-two\/\",\"name\":\"Les Alli\u00e9s de l'humanit\u00e9 Livre 2 | l'unit\u00e9 humaine, la libert\u00e9 et le Contact ET\",\"isPartOf\":{\"@id\":\"https:\/\/www.alliesofhumanity.org\/fr\/#website\"},\"datePublished\":\"2020-09-04T21:39:00+00:00\",\"dateModified\":\"2024-03-25T16:21:01+00:00\",\"description\":\"Dans notre seconde s\u00e9rie d'expos\u00e9s, nous souhaitons vous donner une plus grande compr\u00e9hension et une plus grande vision de ce qu'est vraiment la vie dans l'univers qui vous entoure.\",\"breadcrumb\":{\"@id\":\"https:\/\/www.alliesofhumanity.org\/fr\/the-briefings\/book-two\/#breadcrumb\"},\"inLanguage\":\"fr-FR\",\"potentialAction\":[{\"@type\":\"ReadAction\",\"target\":[\"https:\/\/www.alliesofhumanity.org\/fr\/the-briefings\/book-two\/\"]}]},{\"@type\":\"BreadcrumbList\",\"@id\":\"https:\/\/www.alliesofhumanity.org\/fr\/the-briefings\/book-two\/#breadcrumb\",\"itemListElement\":[{\"@type\":\"ListItem\",\"position\":1,\"name\":\"Les Expos\u00e9s\",\"item\":\"https:\/\/www.alliesofhumanity.org\/fr\/the-briefings\/\"},{\"@type\":\"ListItem\",\"position\":2,\"name\":\"Livre 2\"}]},{\"@type\":\"WebSite\",\"@id\":\"https:\/\/www.alliesofhumanity.org\/fr\/#website\",\"url\":\"https:\/\/www.alliesofhumanity.org\/fr\/\",\"name\":\"The Allies of Humanity\",\"description\":\"\",\"potentialAction\":[{\"@type\":\"SearchAction\",\"target\":{\"@type\":\"EntryPoint\",\"urlTemplate\":\"https:\/\/www.alliesofhumanity.org\/fr\/?s={search_term_string}\"},\"query-input\":{\"@type\":\"PropertyValueSpecification\",\"valueRequired\":true,\"valueName\":\"search_term_string\"}}],\"inLanguage\":\"fr-FR\"}]}<\/script>\n<!-- \/ Yoast SEO plugin. -->","yoast_head_json":{"title":"Les Alli\u00e9s de l'humanit\u00e9 Livre 2 | l'unit\u00e9 humaine, la libert\u00e9 et le Contact ET","description":"Dans notre seconde s\u00e9rie d'expos\u00e9s, nous souhaitons vous donner une plus grande compr\u00e9hension et une plus grande vision de ce qu'est vraiment la vie dans l'univers qui vous entoure.","robots":{"index":"index","follow":"follow","max-snippet":"max-snippet:-1","max-image-preview":"max-image-preview:large","max-video-preview":"max-video-preview:-1"},"canonical":"https:\/\/www.alliesofhumanity.org\/fr\/the-briefings\/book-two\/","og_locale":"fr_FR","og_type":"article","og_title":"Les Alli\u00e9s de l'humanit\u00e9 Livre 2 | l'unit\u00e9 humaine, la libert\u00e9 et le Contact ET","og_description":"Dans notre seconde s\u00e9rie d'expos\u00e9s, nous souhaitons vous donner une plus grande compr\u00e9hension et une plus grande vision de ce qu'est vraiment la vie dans l'univers qui vous entoure.","og_url":"https:\/\/www.alliesofhumanity.org\/fr\/the-briefings\/book-two\/","og_site_name":"The Allies of Humanity","article_publisher":"https:\/\/www.facebook.com\/alliesofhumanity\/","article_modified_time":"2024-03-25T16:21:01+00:00","og_image":[{"width":1200,"height":630,"url":"https:\/\/www.alliesofhumanity.org\/wp-content\/uploads\/2021\/01\/og-socialmedia-aoh.jpg","type":"image\/jpeg"}],"twitter_card":"summary_large_image","twitter_title":"Les Alli\u00e9s de l'humanit\u00e9 Livre 2 | l'unit\u00e9 humaine, la libert\u00e9 et le Contact ET","twitter_site":"@earthallies","twitter_misc":{"Dur\u00e9e de lecture estim\u00e9e":"1 minute"},"schema":{"@context":"https:\/\/schema.org","@graph":[{"@type":"WebPage","@id":"https:\/\/www.alliesofhumanity.org\/fr\/the-briefings\/book-two\/","url":"https:\/\/www.alliesofhumanity.org\/fr\/the-briefings\/book-two\/","name":"Les Alli\u00e9s de l'humanit\u00e9 Livre 2 | l'unit\u00e9 humaine, la libert\u00e9 et le Contact ET","isPartOf":{"@id":"https:\/\/www.alliesofhumanity.org\/fr\/#website"},"datePublished":"2020-09-04T21:39:00+00:00","dateModified":"2024-03-25T16:21:01+00:00","description":"Dans notre seconde s\u00e9rie d'expos\u00e9s, nous souhaitons vous donner une plus grande compr\u00e9hension et une plus grande vision de ce qu'est vraiment la vie dans l'univers qui vous entoure.","breadcrumb":{"@id":"https:\/\/www.alliesofhumanity.org\/fr\/the-briefings\/book-two\/#breadcrumb"},"inLanguage":"fr-FR","potentialAction":[{"@type":"ReadAction","target":["https:\/\/www.alliesofhumanity.org\/fr\/the-briefings\/book-two\/"]}]},{"@type":"BreadcrumbList","@id":"https:\/\/www.alliesofhumanity.org\/fr\/the-briefings\/book-two\/#breadcrumb","itemListElement":[{"@type":"ListItem","position":1,"name":"Les Expos\u00e9s","item":"https:\/\/www.alliesofhumanity.org\/fr\/the-briefings\/"},{"@type":"ListItem","position":2,"name":"Livre 2"}]},{"@type":"WebSite","@id":"https:\/\/www.alliesofhumanity.org\/fr\/#website","url":"https:\/\/www.alliesofhumanity.org\/fr\/","name":"The Allies of Humanity","description":"","potentialAction":[{"@type":"SearchAction","target":{"@type":"EntryPoint","urlTemplate":"https:\/\/www.alliesofhumanity.org\/fr\/?s={search_term_string}"},"query-input":{"@type":"PropertyValueSpecification","valueRequired":true,"valueName":"search_term_string"}}],"inLanguage":"fr-FR"}]}},"_links":{"self":[{"href":"https:\/\/www.alliesofhumanity.org\/fr\/wp-json\/wp\/v2\/pages\/5344","targetHints":{"allow":["GET"]}}],"collection":[{"href":"https:\/\/www.alliesofhumanity.org\/fr\/wp-json\/wp\/v2\/pages"}],"about":[{"href":"https:\/\/www.alliesofhumanity.org\/fr\/wp-json\/wp\/v2\/types\/page"}],"author":[{"embeddable":true,"href":"https:\/\/www.alliesofhumanity.org\/fr\/wp-json\/wp\/v2\/users\/25"}],"replies":[{"embeddable":true,"href":"https:\/\/www.alliesofhumanity.org\/fr\/wp-json\/wp\/v2\/comments?post=5344"}],"version-history":[{"count":6,"href":"https:\/\/www.alliesofhumanity.org\/fr\/wp-json\/wp\/v2\/pages\/5344\/revisions"}],"predecessor-version":[{"id":13596,"href":"https:\/\/www.alliesofhumanity.org\/fr\/wp-json\/wp\/v2\/pages\/5344\/revisions\/13596"}],"up":[{"embeddable":true,"href":"https:\/\/www.alliesofhumanity.org\/fr\/wp-json\/wp\/v2\/pages\/4604"}],"wp:attachment":[{"href":"https:\/\/www.alliesofhumanity.org\/fr\/wp-json\/wp\/v2\/media?parent=5344"}],"curies":[{"name":"wp","href":"https:\/\/api.w.org\/{rel}","templated":true}]}}