{"id":4719,"date":"2020-07-26T22:43:52","date_gmt":"2020-07-26T21:43:52","guid":{"rendered":"https:\/\/www.alliesofhumanity.org\/the-briefings\/book-one\/final-words\/"},"modified":"2024-03-25T17:19:34","modified_gmt":"2024-03-25T16:19:34","slug":"final-words","status":"publish","type":"page","link":"https:\/\/www.alliesofhumanity.org\/fr\/the-briefings\/book-one\/final-words\/","title":{"rendered":"Le mot de la fin"},"content":{"rendered":"\t\t<div data-elementor-type=\"wp-page\" data-elementor-id=\"4719\" class=\"elementor elementor-4719 elementor-2181\" data-elementor-post-type=\"page\">\t\t\t\t\t\t<section class=\"elementor-section elementor-top-section elementor-element elementor-element-54dadb56 elementor-section-boxed elementor-section-height-default elementor-section-height-default\" data-id=\"54dadb56\" data-element_type=\"section\">\t\t\t\t\t\t<div class=\"elementor-container elementor-column-gap-default\">\t\t\t\t\t<div class=\"elementor-column elementor-col-100 elementor-top-column elementor-element elementor-element-31c5ce98\" data-id=\"31c5ce98\" data-element_type=\"column\">\t\t\t<div class=\"elementor-widget-wrap elementor-element-populated\">\t\t\t\t\t\t<div class=\"elementor-element elementor-element-7d4c35aa elementor-widget elementor-widget-text-editor\" data-id=\"7d4c35aa\" data-element_type=\"widget\" data-widget_type=\"text-editor.default\">\t\t\t\t<div class=\"elementor-widget-container\">\t\t\t\t\t\t\t\t\t<h1 style=\"text-align: center;\">Le mot de la fin<\/h1>\rL\u2019humanit\u00e9 est \u00e0 l\u2019aube d\u2019un nouveau commencement. Elle fait face \u00e0 une situation grave. Le besoin d\u2019une \u00e9ducation et d\u2019une compr\u00e9hension nouvelles est crucial. Nous sommes ici pour servir ce besoin, \u00e0 la demande des Invisibles. Ils comptent sur nous pour partager notre sagesse, car nous vivons dans l\u2019univers physique, tout comme vous. Nous ne sommes pas des \u00eatres ang\u00e9liques. Nous ne sommes pas parfaits. Nous n\u2019avons pas atteint un niveau tr\u00e8s \u00e9lev\u00e9 de conscience et d\u2019accomplissement spirituels. Et par cons\u00e9quent, nous pensons que le message que nous vous apportons concernant la Grande Communaut\u00e9 sera plus pertinent et plus facilement re\u00e7u. Les Invisibles en savent beaucoup plus que nous au sujet de la vie dans l\u2019univers et des niveaux d\u2019avancement et d\u2019accomplissement qui existent et sont pratiqu\u00e9s en de nombreux endroits. Cependant, ils nous ont demand\u00e9 de vous parler de la r\u00e9alit\u00e9 de la vie physique parce que nous y sommes compl\u00e8tement engag\u00e9s. Et nous avons appris \u00e0 travers nos propres essais et erreurs l\u2019importance et la signification de ce que nous partageons avec vous.\r\rAinsi, nous venons en tant qu\u2019Alli\u00e9s de l\u2019humanit\u00e9, car c\u2019est l\u00e0 ce que nous sommes. Soyez reconnaissants d\u2019avoir des alli\u00e9s qui peuvent vous aider et vous \u00e9duquer, et qui peuvent soutenir votre force, votre libert\u00e9 et votre accomplissement. Car sans cette assistance, votre perspective de survie face au type d\u2019infiltration extraterrestre dont vous faites actuellement l\u2019exp\u00e9rience serait tr\u00e8s limit\u00e9e. Oui, il y aurait bien quelques individus qui finiraient par se rendre compte de la situation r\u00e9elle, mais leur nombre ne serait pas suffisant, et leurs voix ne seraient pas entendues.\r<p>\r<\/p>\u00c0 cet \u00e9gard, nous ne pouvons que vous demander de nous accorder votre confiance. Nous esp\u00e9rons que gr\u00e2ce \u00e0 la sagesse de nos paroles et aux occasions que vous avez d\u2019apprendre leur sens et leur pertinence, nous pourrons gagner cette confiance au fil du temps, car vous avez des alli\u00e9s dans la Grande Communaut\u00e9. Vous avez de grands amis au-del\u00e0 de ce monde qui ont \u00e9t\u00e9 confront\u00e9s aux d\u00e9fis auxquels vous \u00eates actuellement confront\u00e9s et qui ont r\u00e9ussi \u00e0 s\u2019en sortir. Puisque nous avons \u00e9t\u00e9 aid\u00e9s, nous devons maintenant aider les autres. C\u2019est notre engagement sacr\u00e9. C\u2019est \u00e0 cette cause que nous nous sommes fermement d\u00e9vou\u00e9s.\t\t\t\t\t\t\t\t<\/div>\t\t\t\t<\/div>\t\t\t\t\t<\/div>\t\t<\/div>\t\t\t\t\t<\/div>\t\t<\/section>\t\t\t\t<\/div><p>\t\t<\/p>","protected":false},"excerpt":{"rendered":"<p>Le mot de la fin L\u2019humanit\u00e9 est \u00e0 l\u2019aube d\u2019un nouveau commencement. Elle fait face \u00e0 une situation grave. Le besoin d\u2019une \u00e9ducation et d\u2019une compr\u00e9hension nouvelles est crucial. Nous sommes ici pour servir ce besoin, \u00e0 la demande des Invisibles. Ils comptent sur nous pour partager notre sagesse, car nous vivons dans l\u2019univers physique, [&hellip;]<\/p>\n","protected":false},"author":23,"featured_media":0,"parent":4535,"menu_order":7,"comment_status":"closed","ping_status":"closed","template":"page.php","meta":{"_acf_changed":false,"footnotes":""},"class_list":["post-4719","page","type-page","status-publish","hentry"],"acf":[],"yoast_head":"<!-- This site is optimized with the Yoast SEO plugin v26.5 - https:\/\/yoast.com\/wordpress\/plugins\/seo\/ -->\n<title>Les Expos\u00e9s des Alli\u00e9s de l&#039;humanit\u00e9, Livre 1 : Le mot de la fin<\/title>\n<meta name=\"description\" content=\"L&#039;humanit\u00e9 se trouve au seuil d&#039;un nouveau commencement. Elle est confront\u00e9 \u00e0 une grave situation. Le Contact ET est en cours. Les besoins, les d\u00e9fis et les opportunit\u00e9s sont \u00e9normes.\" \/>\n<meta name=\"robots\" content=\"index, follow, max-snippet:-1, max-image-preview:large, max-video-preview:-1\" \/>\n<link rel=\"canonical\" href=\"https:\/\/www.alliesofhumanity.org\/fr\/the-briefings\/book-one\/final-words\/\" \/>\n<meta property=\"og:locale\" content=\"fr_FR\" \/>\n<meta property=\"og:type\" content=\"article\" \/>\n<meta property=\"og:title\" content=\"Les Expos\u00e9s des Alli\u00e9s de l&#039;humanit\u00e9, Livre 1 : Le mot de la fin\" \/>\n<meta property=\"og:description\" content=\"L&#039;humanit\u00e9 se trouve au seuil d&#039;un nouveau commencement. Elle est confront\u00e9 \u00e0 une grave situation. Le Contact ET est en cours. Les besoins, les d\u00e9fis et les opportunit\u00e9s sont \u00e9normes.\" \/>\n<meta property=\"og:url\" content=\"https:\/\/www.alliesofhumanity.org\/fr\/the-briefings\/book-one\/final-words\/\" \/>\n<meta property=\"og:site_name\" content=\"The Allies of Humanity\" \/>\n<meta property=\"article:publisher\" content=\"https:\/\/www.facebook.com\/alliesofhumanity\/\" \/>\n<meta property=\"article:modified_time\" content=\"2024-03-25T16:19:34+00:00\" \/>\n<meta property=\"og:image\" content=\"https:\/\/www.alliesofhumanity.org\/wp-content\/uploads\/2021\/01\/og-socialmedia-aoh.jpg\" \/>\n\t<meta property=\"og:image:width\" content=\"1200\" \/>\n\t<meta property=\"og:image:height\" content=\"630\" \/>\n\t<meta property=\"og:image:type\" content=\"image\/jpeg\" \/>\n<meta name=\"twitter:card\" content=\"summary_large_image\" \/>\n<meta name=\"twitter:title\" content=\"Les Expos\u00e9s des Alli\u00e9s de l&#039;humanit\u00e9, Livre 1 : Le mot de la fin\" \/>\n<meta name=\"twitter:site\" content=\"@earthallies\" \/>\n<meta name=\"twitter:label1\" content=\"Dur\u00e9e de lecture estim\u00e9e\" \/>\n\t<meta name=\"twitter:data1\" content=\"2 minutes\" \/>\n<script type=\"application\/ld+json\" class=\"yoast-schema-graph\">{\"@context\":\"https:\/\/schema.org\",\"@graph\":[{\"@type\":\"WebPage\",\"@id\":\"https:\/\/www.alliesofhumanity.org\/fr\/the-briefings\/book-one\/final-words\/\",\"url\":\"https:\/\/www.alliesofhumanity.org\/fr\/the-briefings\/book-one\/final-words\/\",\"name\":\"Les Expos\u00e9s des Alli\u00e9s de l'humanit\u00e9, Livre 1 : Le mot de la fin\",\"isPartOf\":{\"@id\":\"https:\/\/www.alliesofhumanity.org\/fr\/#website\"},\"datePublished\":\"2020-07-26T21:43:52+00:00\",\"dateModified\":\"2024-03-25T16:19:34+00:00\",\"description\":\"L'humanit\u00e9 se trouve au seuil d'un nouveau commencement. Elle est confront\u00e9 \u00e0 une grave situation. Le Contact ET est en cours. Les besoins, les d\u00e9fis et les opportunit\u00e9s sont \u00e9normes.\",\"breadcrumb\":{\"@id\":\"https:\/\/www.alliesofhumanity.org\/fr\/the-briefings\/book-one\/final-words\/#breadcrumb\"},\"inLanguage\":\"fr-FR\",\"potentialAction\":[{\"@type\":\"ReadAction\",\"target\":[\"https:\/\/www.alliesofhumanity.org\/fr\/the-briefings\/book-one\/final-words\/\"]}]},{\"@type\":\"BreadcrumbList\",\"@id\":\"https:\/\/www.alliesofhumanity.org\/fr\/the-briefings\/book-one\/final-words\/#breadcrumb\",\"itemListElement\":[{\"@type\":\"ListItem\",\"position\":1,\"name\":\"Les Expos\u00e9s\",\"item\":\"https:\/\/www.alliesofhumanity.org\/fr\/the-briefings\/\"},{\"@type\":\"ListItem\",\"position\":2,\"name\":\"Livre I\",\"item\":\"https:\/\/www.alliesofhumanity.org\/fr\/the-briefings\/book-one\/\"},{\"@type\":\"ListItem\",\"position\":3,\"name\":\"Le mot de la fin\"}]},{\"@type\":\"WebSite\",\"@id\":\"https:\/\/www.alliesofhumanity.org\/fr\/#website\",\"url\":\"https:\/\/www.alliesofhumanity.org\/fr\/\",\"name\":\"The Allies of Humanity\",\"description\":\"\",\"potentialAction\":[{\"@type\":\"SearchAction\",\"target\":{\"@type\":\"EntryPoint\",\"urlTemplate\":\"https:\/\/www.alliesofhumanity.org\/fr\/?s={search_term_string}\"},\"query-input\":{\"@type\":\"PropertyValueSpecification\",\"valueRequired\":true,\"valueName\":\"search_term_string\"}}],\"inLanguage\":\"fr-FR\"}]}<\/script>\n<!-- \/ Yoast SEO plugin. -->","yoast_head_json":{"title":"Les Expos\u00e9s des Alli\u00e9s de l'humanit\u00e9, Livre 1 : Le mot de la fin","description":"L'humanit\u00e9 se trouve au seuil d'un nouveau commencement. Elle est confront\u00e9 \u00e0 une grave situation. Le Contact ET est en cours. Les besoins, les d\u00e9fis et les opportunit\u00e9s sont \u00e9normes.","robots":{"index":"index","follow":"follow","max-snippet":"max-snippet:-1","max-image-preview":"max-image-preview:large","max-video-preview":"max-video-preview:-1"},"canonical":"https:\/\/www.alliesofhumanity.org\/fr\/the-briefings\/book-one\/final-words\/","og_locale":"fr_FR","og_type":"article","og_title":"Les Expos\u00e9s des Alli\u00e9s de l'humanit\u00e9, Livre 1 : Le mot de la fin","og_description":"L'humanit\u00e9 se trouve au seuil d'un nouveau commencement. Elle est confront\u00e9 \u00e0 une grave situation. Le Contact ET est en cours. Les besoins, les d\u00e9fis et les opportunit\u00e9s sont \u00e9normes.","og_url":"https:\/\/www.alliesofhumanity.org\/fr\/the-briefings\/book-one\/final-words\/","og_site_name":"The Allies of Humanity","article_publisher":"https:\/\/www.facebook.com\/alliesofhumanity\/","article_modified_time":"2024-03-25T16:19:34+00:00","og_image":[{"width":1200,"height":630,"url":"https:\/\/www.alliesofhumanity.org\/wp-content\/uploads\/2021\/01\/og-socialmedia-aoh.jpg","type":"image\/jpeg"}],"twitter_card":"summary_large_image","twitter_title":"Les Expos\u00e9s des Alli\u00e9s de l'humanit\u00e9, Livre 1 : Le mot de la fin","twitter_site":"@earthallies","twitter_misc":{"Dur\u00e9e de lecture estim\u00e9e":"2 minutes"},"schema":{"@context":"https:\/\/schema.org","@graph":[{"@type":"WebPage","@id":"https:\/\/www.alliesofhumanity.org\/fr\/the-briefings\/book-one\/final-words\/","url":"https:\/\/www.alliesofhumanity.org\/fr\/the-briefings\/book-one\/final-words\/","name":"Les Expos\u00e9s des Alli\u00e9s de l'humanit\u00e9, Livre 1 : Le mot de la fin","isPartOf":{"@id":"https:\/\/www.alliesofhumanity.org\/fr\/#website"},"datePublished":"2020-07-26T21:43:52+00:00","dateModified":"2024-03-25T16:19:34+00:00","description":"L'humanit\u00e9 se trouve au seuil d'un nouveau commencement. Elle est confront\u00e9 \u00e0 une grave situation. Le Contact ET est en cours. Les besoins, les d\u00e9fis et les opportunit\u00e9s sont \u00e9normes.","breadcrumb":{"@id":"https:\/\/www.alliesofhumanity.org\/fr\/the-briefings\/book-one\/final-words\/#breadcrumb"},"inLanguage":"fr-FR","potentialAction":[{"@type":"ReadAction","target":["https:\/\/www.alliesofhumanity.org\/fr\/the-briefings\/book-one\/final-words\/"]}]},{"@type":"BreadcrumbList","@id":"https:\/\/www.alliesofhumanity.org\/fr\/the-briefings\/book-one\/final-words\/#breadcrumb","itemListElement":[{"@type":"ListItem","position":1,"name":"Les Expos\u00e9s","item":"https:\/\/www.alliesofhumanity.org\/fr\/the-briefings\/"},{"@type":"ListItem","position":2,"name":"Livre I","item":"https:\/\/www.alliesofhumanity.org\/fr\/the-briefings\/book-one\/"},{"@type":"ListItem","position":3,"name":"Le mot de la fin"}]},{"@type":"WebSite","@id":"https:\/\/www.alliesofhumanity.org\/fr\/#website","url":"https:\/\/www.alliesofhumanity.org\/fr\/","name":"The Allies of Humanity","description":"","potentialAction":[{"@type":"SearchAction","target":{"@type":"EntryPoint","urlTemplate":"https:\/\/www.alliesofhumanity.org\/fr\/?s={search_term_string}"},"query-input":{"@type":"PropertyValueSpecification","valueRequired":true,"valueName":"search_term_string"}}],"inLanguage":"fr-FR"}]}},"_links":{"self":[{"href":"https:\/\/www.alliesofhumanity.org\/fr\/wp-json\/wp\/v2\/pages\/4719","targetHints":{"allow":["GET"]}}],"collection":[{"href":"https:\/\/www.alliesofhumanity.org\/fr\/wp-json\/wp\/v2\/pages"}],"about":[{"href":"https:\/\/www.alliesofhumanity.org\/fr\/wp-json\/wp\/v2\/types\/page"}],"author":[{"embeddable":true,"href":"https:\/\/www.alliesofhumanity.org\/fr\/wp-json\/wp\/v2\/users\/23"}],"replies":[{"embeddable":true,"href":"https:\/\/www.alliesofhumanity.org\/fr\/wp-json\/wp\/v2\/comments?post=4719"}],"version-history":[{"count":4,"href":"https:\/\/www.alliesofhumanity.org\/fr\/wp-json\/wp\/v2\/pages\/4719\/revisions"}],"predecessor-version":[{"id":22314,"href":"https:\/\/www.alliesofhumanity.org\/fr\/wp-json\/wp\/v2\/pages\/4719\/revisions\/22314"}],"up":[{"embeddable":true,"href":"https:\/\/www.alliesofhumanity.org\/fr\/wp-json\/wp\/v2\/pages\/4535"}],"wp:attachment":[{"href":"https:\/\/www.alliesofhumanity.org\/fr\/wp-json\/wp\/v2\/media?parent=4719"}],"curies":[{"name":"wp","href":"https:\/\/api.w.org\/{rel}","templated":true}]}}