{"id":4612,"date":"2020-07-16T21:26:18","date_gmt":"2020-07-16T20:26:18","guid":{"rendered":"https:\/\/www.alliesofhumanity.org\/the-allies\/"},"modified":"2024-03-25T17:04:29","modified_gmt":"2024-03-25T16:04:29","slug":"the-allies","status":"publish","type":"page","link":"https:\/\/www.alliesofhumanity.org\/fr\/the-allies\/","title":{"rendered":"Les Alli\u00e9s"},"content":{"rendered":"\t\t<div data-elementor-type=\"wp-page\" data-elementor-id=\"4612\" class=\"elementor elementor-4612 elementor-758\" data-elementor-post-type=\"page\">\t\t\t\t\t\t<section class=\"elementor-section elementor-top-section elementor-element elementor-element-13aff578 elementor-section-full_width elementor-section-height-default elementor-section-height-default\" data-id=\"13aff578\" data-element_type=\"section\">\t\t\t\t\t\t<div class=\"elementor-container elementor-column-gap-default\">\t\t\t\t\t<div class=\"elementor-column elementor-col-100 elementor-top-column elementor-element elementor-element-73bd0eae\" data-id=\"73bd0eae\" data-element_type=\"column\">\t\t\t<div class=\"elementor-widget-wrap elementor-element-populated\">\t\t\t\t\t\t<div class=\"elementor-element elementor-element-0581c07 elementor-widget elementor-widget-text-editor\" data-id=\"0581c07\" data-element_type=\"widget\" data-widget_type=\"text-editor.default\">\t\t\t\t<div class=\"elementor-widget-container\">\t\t\t\t\t\t\t\t\t<h5>Les Alli\u00e9s de l\u2019humanit\u00e9 est pr\u00e9sent\u00e9 pour pr\u00e9parer les gens \u00e0 une r\u00e9alit\u00e9 enti\u00e8rement nouvelle, essentiellement cach\u00e9e et inconnue du grand public aujourd\u2019hui. Ce livre apporte une nouvelle perspective qui donne aux gens le pouvoir de faire face au plus grand d\u00e9fi et \u00e0 la plus grande opportunit\u00e9 que nous ayons pu rencontrer jusqu\u2019\u00e0 maintenant en tant que race.<\/h5><p>Les expos\u00e9s des Alli\u00e9s contiennent de nombreuses informations cruciales, sinon alarmantes, concernant l\u2019intervention d\u2019extraterrestres dans notre monde et leur int\u00e9gration croissante au sein de la race humaine ; ils apportent un \u00e9clairage sur les activit\u00e9s extraterrestres et leur programme cach\u00e9.<\/p><p>Le but des expos\u00e9s des Alli\u00e9s n\u2019est pas d\u2019apporter des preuves tangibles de la r\u00e9alit\u00e9 de visites extraterrestres dans notre monde, laquelle est d\u00e9j\u00e0 bien document\u00e9e dans de nombreux autres livres et journaux de recherche sur le sujet. Les expos\u00e9s des Alli\u00e9s traitent des implications dramatiques et de l\u2019envergure consid\u00e9rable de ce ph\u00e9nom\u00e8ne. Ils remettent en question les tendances et les suppositions humaines le concernant et alertent la famille humaine sur le grand seuil auquel nous nous trouvons \u00e0 pr\u00e9sent.<\/p><p>Les expos\u00e9s fournissent un aper\u00e7u de la r\u00e9alit\u00e9 de la vie intelligente dans l\u2019univers et de ce que le Contact signifiera vraiment. Pour de nombreux lecteurs, ce qui est r\u00e9v\u00e9l\u00e9 dans les Expos\u00e9s des <em>Alli\u00e9s de l\u2019humanit\u00e9<\/em> sera enti\u00e8rement nouveau. Pour d\u2019autres, ce sera une confirmation de choses qu\u2019ils ont ressenties et qu\u2019ils connaissaient depuis longtemps.<\/p><p>Bien que ce livre porte un message urgent, il promeut \u00e9galement un mouvement vers une conscience plus \u00e9lev\u00e9e appel\u00e9e <a>\u00ab\u00a0la Connaissance\u00a0\u00bb<\/a><em>,<\/em> laquelle inclut une capacit\u00e9 t\u00e9l\u00e9pathique plus grande entre individus et entre races. C\u2019est ainsi que les expos\u00e9s des Alli\u00e9s ont \u00e9t\u00e9 transmis \u00e0 leur porte-parole, <a href=\"https:\/\/marshallsummers.com\">Marshall Vian Summers<\/a> par un groupe multiracial d\u2019individus\u00a0extraterrestres se faisant appeler les \u00ab\u00a0Alli\u00e9s de l\u2019humanit\u00e9.\u00a0\u00bb<\/p><p>Ils se d\u00e9crivent eux-m\u00eames comme des \u00eatres physiques venus d\u2019autres mondes et s\u2019\u00e9tant rassembl\u00e9s dans notre syst\u00e8me solaire, \u00e0 proximit\u00e9 de la Terre, dans le but d\u2019observer les communications et les activit\u00e9s de ces races extraterrestres qui sont ici, dans notre monde, et qui interf\u00e8rent dans les affaires humaines. Ils soulignent le fait qu\u2019eux-m\u00eames ne sont pas physiquement pr\u00e9sents dans notre monde et que leur r\u00f4le est d\u2019apporter une sagesse n\u00e9cessaire, et non de la technologie ou des interf\u00e9rences.<\/p><p>Les expos\u00e9s des Alli\u00e9s furent re\u00e7us par Marshall Vian Summers sur une p\u00e9riode d\u2019un an. Ils offrent une perspective et une vision sur un sujet complexe qui continue \u00e0 d\u00e9concerter les chercheurs malgr\u00e9 des faits qui s\u2019accumulent maintenant depuis quelques d\u00e9cennies. Pourtant, cette perspective n\u2019est ni romantique, ni sp\u00e9culative ou id\u00e9aliste dans son approche de ce sujet. Au contraire, elle est clairement r\u00e9aliste et sans compromis, \u00e0 tel point qu\u2019elle peut repr\u00e9senter un v\u00e9ritable d\u00e9fi, m\u00eame pour le lecteur bien vers\u00e9 sur le sujet.<\/p><p class=\"float-left bleed-left\"><img decoding=\"async\" src=\"https:\/\/www.alliesofhumanity.org\/wp-content\/uploads\/2020\/06\/960x540-aoh-book-1.jpg\" alt=\"\" \/><\/p><p>Aussi, pour recevoir ce que ce livre a \u00e0 offrir, vous devez suspendre, pour un temps du moins, bon nombre des croyances, des suppositions et des questions que vous pourriez avoir concernant le Contact extraterrestre et m\u00eame concernant la mani\u00e8re dont ce livre a \u00e9t\u00e9 re\u00e7u. Le contenu de ce livre est comme un message dans une bouteille venant d\u2019au-del\u00e0 de notre monde. Nous ne devrions pas nous pr\u00e9occuper tant de la bouteille que du message lui-m\u00eame.<\/p><p>Pour r\u00e9ellement comprendre le d\u00e9fi que repr\u00e9sente ce message, nous devons remettre en question bon nombre des tendances et des suppositions qui pr\u00e9valent au sujet de la possibilit\u00e9 et de la r\u00e9alit\u00e9 du Contact. Celles-ci incluent :<\/p><ul><li>le d\u00e9ni ;<\/li><li>les attentes empreintes d\u2019espoir ;<\/li><li>l\u2019interpr\u00e9tation erron\u00e9e des faits de sorte que celle-ci puisse conforter nos croyances ;<\/li><li>le d\u00e9sir d\u2019\u00eatre sauv\u00e9 par les \u00ab visiteurs \u00bb, d\u2019attendre cela d\u2019eux ;<\/li><li>la croyance selon laquelle la technologie extraterrestre nous sauvera ;<\/li><li>le sentiment d\u2019inf\u00e9riorit\u00e9 et de soumission devant ce que nous supposons \u00eatre une force sup\u00e9rieure ;<\/li><li>l\u2019exigence de r\u00e9v\u00e9lation de la part des gouvernements plut\u00f4t que des extraterrestres ;<\/li><li>la condamnation des dirigeants humains et des institutions humaines tout en acceptant de mani\u00e8re inconditionnelle les \u00ab visiteurs \u00bb ;<\/li><li>la supposition selon laquelle, puisqu\u2019ils ne nous ont pas attaqu\u00e9s ni envahis, \u00ab les visiteurs \u00bb doivent \u00eatre ici pour notre bien ;<\/li><li>la supposition selon laquelle une technologie avanc\u00e9e va de pair avec une \u00e9thique et une spiritualit\u00e9 avanc\u00e9es :<\/li><li>la croyance selon laquelle ce ph\u00e9nom\u00e8ne restera un myst\u00e8re alors qu\u2019il s\u2019agit en fait d\u2019un \u00e9v\u00e9nement compr\u00e9hensible ;<\/li><li>la croyance selon laquelle les extraterrestres peuvent, d\u2019une mani\u00e8re ou d\u2019une autre, l\u00e9gitimement revendiquer l\u2019humanit\u00e9 et cette plan\u00e8te ;<\/li><li>et la croyance selon laquelle l\u2019humanit\u00e9 ne peut se sauver elle-m\u00eame et s\u2019en sortir par elle-m\u00eame.<\/li><\/ul><p>Les expos\u00e9s des Alli\u00e9s remettent en cause de telles suppositions et de telles tendances et d\u00e9montent bon nombre des mythes que nous avons actuellement concernant ceux qui nous visitent et la raison de leur pr\u00e9sence.<\/p><p>Les expos\u00e9s des Alli\u00e9s nous apportent une plus grande perspective et une compr\u00e9hension plus profonde de notre destin\u00e9e au sein du vaste panorama de la vie intelligente dans l\u2019univers. Pour cela, les Alli\u00e9s ne s\u2019adressent pas \u00e0 notre mental analytique mais \u00e0 la Connaissance, la partie plus profonde de notre esprit o\u00f9 la v\u00e9rit\u00e9, si cach\u00e9e qu\u2019elle puisse \u00eatre, peut-\u00eatre per\u00e7ue et ressentie directement.<\/p><p><em>Les Alli\u00e9s de l\u2019humanit\u00e9<\/em>, livre 1, fera surgir de nombreuses questions qui demanderont une exploration et une contemplation plus approfondies. L\u2019accent n\u2019est pas mis ici sur des noms, des dates et des lieux mais sur la perspective \u00e9clairant la pr\u00e9sence extraterrestre dans le monde et la vie dans l\u2019univers \u2013 une perspective \u00e0 laquelle, en tant qu\u2019\u00eatres humains, nous ne pourrions avoir acc\u00e8s autrement.<\/p><p>\u00c9tant donn\u00e9 que nous vivons encore isol\u00e9s, \u00e0 la surface de notre monde, nous ne pouvons pas encore voir ni conna\u00eetre la r\u00e9alit\u00e9 de la vie intelligente au-del\u00e0 de nos fronti\u00e8res. Pour cela nous avons besoin d\u2019aide, une aide d\u2019un genre tout \u00e0 fait extraordinaire. Il se peut que nous ne reconnaissions ou n\u2019acceptions pas cette aide de prime abord. Elle est cependant l\u00e0.<\/p><p class=\"float-right bleed-right\"><img decoding=\"async\" src=\"https:\/\/www.alliesofhumanity.org\/wp-content\/uploads\/2020\/06\/960x540-aoh-book-2.jpg\" alt=\"\" \/><\/p><p>Le but affich\u00e9 des Alli\u00e9s est de nous alerter des risques li\u00e9s \u00e0 notre \u00e9mergence dans la Grande Communaut\u00e9 de vie intelligente et de nous aider \u00e0 franchir avec succ\u00e8s ce grand seuil de mani\u00e8re \u00e0 ce que la libert\u00e9, la souverainet\u00e9 et l\u2019autod\u00e9termination humaines puissent \u00eatre pr\u00e9serv\u00e9es.<\/p><p>Les Alli\u00e9s sont ici pour nous informer de la n\u00e9cessit\u00e9, pour l\u2019humanit\u00e9, d\u2019\u00e9tablir nos propres \u00ab R\u00e8gles d\u2019engagement \u00bb. Selon les Alli\u00e9s, si nous sommes sages, pr\u00e9par\u00e9s et unis, nous serons alors capables de prendre la place qui nous est destin\u00e9e en tant que race libre et mature au sein de la Grande Communaut\u00e9.<\/p><p>Durant la p\u00e9riode au cours de laquelle cette s\u00e9rie d\u2019expos\u00e9s a \u00e9t\u00e9 re\u00e7ue, les Alli\u00e9s ont r\u00e9p\u00e9t\u00e9s certaines id\u00e9es cl\u00e9s qui leur semblaient essentielles \u00e0 notre compr\u00e9hension. Nous avons respect\u00e9 ces r\u00e9p\u00e9titions dans le livre afin de pr\u00e9server l\u2019intention et l\u2019int\u00e9grit\u00e9 de leur communication. Ces r\u00e9p\u00e9titions sont sages et n\u00e9cessaires, compte-tenu de l\u2019urgence du message des Alli\u00e9s et en raison de ces forces dans le monde qui s\u2019opposent \u00e0 ce message.<\/p><p>Faisant suite \u00e0 la publication de <em>Les Alli\u00e9s de l\u2019humanit\u00e9, livre 1<\/em>, en 2001, les Alli\u00e9s ont fourni un second ensemble d\u2019expos\u00e9s afin de compl\u00e9ter leur message essentiel pour l\u2019humanit\u00e9. <em>Les Alli\u00e9s de l\u2019humanit\u00e9, livre 2<\/em>, publi\u00e9 en 2005, pr\u00e9sente de nouvelles informations \u00e9difiantes sur les interactions entre races dans notre univers local, ainsi que sur la nature, le but et les activit\u00e9s les plus secr\u00e8tes de ces races qui interviennent dans les affaires humaines.<\/p><p>Les Alli\u00e9s ont \u00e0 nouveau repris contact en 2008, continuant la description de l&rsquo;environnement complexe dans lequel l&rsquo;humanit\u00e9 est en train d&rsquo;\u00e9merger. Le troisi\u00e8me ensemble d&rsquo;expos\u00e9s a \u00e9t\u00e9 publi\u00e9 en 2012.<\/p><p>Gr\u00e2ce aux lecteurs qui ont senti l\u2019urgence du message des Alli\u00e9s et qui ont traduit ces expos\u00e9s dans d\u2019autres langues, il existe d\u00e9sormais une prise de conscience mondiale croissante de la r\u00e9alit\u00e9 de l\u2019Intervention.<\/p><p>\u00c0 la New Knowledge Library, nous consid\u00e9rons que ces trois ensembles d\u2019expos\u00e9s contiennent ce qui pourrait \u00eatre l\u2019un des messages les plus importants dans le monde aujourd\u2019hui.<\/p><p><em>Les Alli\u00e9s de l\u2019humanit\u00e9<\/em> n\u2019est pas seulement un autre livre sp\u00e9culant sur le ph\u00e9nom\u00e8ne OVNI. C\u2019est un message direct et clair qui met en lumi\u00e8re les motivations r\u00e9elles de l\u2019Intervention extraterrestre, pour qu\u2019\u00e9merge une prise de conscience essentielle afin que l\u2019humanit\u00e9 rel\u00e8ve ce d\u00e9fi et saisisse les opportunit\u00e9s \u00e0 venir.<\/p><p><a title=\"Aller \u00e0 newmessage.org\/fr\" href=\"https:\/\/www.nouveaumessagededieu.org\/worldwide-community\/society\" target=\"_blank\" rel=\"noopener noreferrer\">The Society for the New Message<\/a><\/p>\t\t\t\t\t\t\t\t<\/div>\t\t\t\t<\/div>\t\t\t\t\t<\/div>\t\t<\/div>\t\t\t\t\t<\/div>\t\t<\/section>\t\t\t\t<\/div><p>\t\t<\/p>","protected":false},"excerpt":{"rendered":"<p>Les Alli\u00e9s de l\u2019humanit\u00e9 est pr\u00e9sent\u00e9 pour pr\u00e9parer les gens \u00e0 une r\u00e9alit\u00e9 enti\u00e8rement nouvelle, essentiellement cach\u00e9e et inconnue du grand public aujourd\u2019hui. Ce livre apporte une nouvelle perspective qui donne aux gens le pouvoir de faire face au plus grand d\u00e9fi et \u00e0 la plus grande opportunit\u00e9 que nous ayons pu rencontrer jusqu\u2019\u00e0 maintenant [&hellip;]<\/p>\n","protected":false},"author":25,"featured_media":0,"parent":0,"menu_order":1,"comment_status":"closed","ping_status":"closed","template":"page.php","meta":{"_acf_changed":false,"footnotes":""},"class_list":["post-4612","page","type-page","status-publish","hentry"],"acf":[],"yoast_head":"<!-- This site is optimized with the Yoast SEO plugin v26.5 - https:\/\/yoast.com\/wordpress\/plugins\/seo\/ -->\n<title>Introduction aux Alli\u00e9s de l&#039;humanit\u00e9 : r\u00e9v\u00e9ler l&#039;Intervention extraterrestre<\/title>\n<meta name=\"description\" content=\"Les Expos\u00e9s des Alli\u00e9s contiennent de nombreuses d\u00e9clarations capitales, voire alarmantes, sur l&#039;intervention extraterrestre en cours et son programme.\" \/>\n<meta name=\"robots\" content=\"index, follow, max-snippet:-1, max-image-preview:large, max-video-preview:-1\" \/>\n<link rel=\"canonical\" href=\"https:\/\/www.alliesofhumanity.org\/fr\/the-allies\/\" \/>\n<meta property=\"og:locale\" content=\"fr_FR\" \/>\n<meta property=\"og:type\" content=\"article\" \/>\n<meta property=\"og:title\" content=\"Introduction aux Alli\u00e9s de l&#039;humanit\u00e9 : Exposer l&#039;Intervention extraterrestre\" \/>\n<meta property=\"og:description\" content=\"Les Expos\u00e9s des Alli\u00e9s contiennent de nombreuses d\u00e9clarations capitales, voire alarmantes, sur l&#039;intervention extraterrestre en cours et son programme.\" \/>\n<meta property=\"og:url\" content=\"https:\/\/www.alliesofhumanity.org\/fr\/the-allies\/\" \/>\n<meta property=\"og:site_name\" content=\"The Allies of Humanity\" \/>\n<meta property=\"article:publisher\" content=\"https:\/\/www.facebook.com\/alliesofhumanity\/\" \/>\n<meta property=\"article:modified_time\" content=\"2024-03-25T16:04:29+00:00\" \/>\n<meta property=\"og:image\" content=\"https:\/\/www.alliesofhumanity.org\/wp-content\/uploads\/2021\/01\/og-socialmedia-aoh.jpg\" \/>\n\t<meta property=\"og:image:width\" content=\"1200\" \/>\n\t<meta property=\"og:image:height\" content=\"630\" \/>\n\t<meta property=\"og:image:type\" content=\"image\/jpeg\" \/>\n<meta name=\"twitter:card\" content=\"summary_large_image\" \/>\n<meta name=\"twitter:title\" content=\"Introduction aux Alli\u00e9s de l&#039;humanit\u00e9 : Exposer l&#039;Intervention extraterrestre\" \/>\n<meta name=\"twitter:site\" content=\"@earthallies\" \/>\n<meta name=\"twitter:label1\" content=\"Dur\u00e9e de lecture estim\u00e9e\" \/>\n\t<meta name=\"twitter:data1\" content=\"8 minutes\" \/>\n<script type=\"application\/ld+json\" class=\"yoast-schema-graph\">{\"@context\":\"https:\/\/schema.org\",\"@graph\":[{\"@type\":\"WebPage\",\"@id\":\"https:\/\/www.alliesofhumanity.org\/fr\/the-allies\/\",\"url\":\"https:\/\/www.alliesofhumanity.org\/fr\/the-allies\/\",\"name\":\"Introduction aux Alli\u00e9s de l'humanit\u00e9 : r\u00e9v\u00e9ler l'Intervention extraterrestre\",\"isPartOf\":{\"@id\":\"https:\/\/www.alliesofhumanity.org\/fr\/#website\"},\"datePublished\":\"2020-07-16T20:26:18+00:00\",\"dateModified\":\"2024-03-25T16:04:29+00:00\",\"description\":\"Les Expos\u00e9s des Alli\u00e9s contiennent de nombreuses d\u00e9clarations capitales, voire alarmantes, sur l'intervention extraterrestre en cours et son programme.\",\"inLanguage\":\"fr-FR\",\"potentialAction\":[{\"@type\":\"ReadAction\",\"target\":[\"https:\/\/www.alliesofhumanity.org\/fr\/the-allies\/\"]}]},{\"@type\":\"WebSite\",\"@id\":\"https:\/\/www.alliesofhumanity.org\/fr\/#website\",\"url\":\"https:\/\/www.alliesofhumanity.org\/fr\/\",\"name\":\"The Allies of Humanity\",\"description\":\"\",\"potentialAction\":[{\"@type\":\"SearchAction\",\"target\":{\"@type\":\"EntryPoint\",\"urlTemplate\":\"https:\/\/www.alliesofhumanity.org\/fr\/?s={search_term_string}\"},\"query-input\":{\"@type\":\"PropertyValueSpecification\",\"valueRequired\":true,\"valueName\":\"search_term_string\"}}],\"inLanguage\":\"fr-FR\"}]}<\/script>\n<!-- \/ Yoast SEO plugin. -->","yoast_head_json":{"title":"Introduction aux Alli\u00e9s de l'humanit\u00e9 : r\u00e9v\u00e9ler l'Intervention extraterrestre","description":"Les Expos\u00e9s des Alli\u00e9s contiennent de nombreuses d\u00e9clarations capitales, voire alarmantes, sur l'intervention extraterrestre en cours et son programme.","robots":{"index":"index","follow":"follow","max-snippet":"max-snippet:-1","max-image-preview":"max-image-preview:large","max-video-preview":"max-video-preview:-1"},"canonical":"https:\/\/www.alliesofhumanity.org\/fr\/the-allies\/","og_locale":"fr_FR","og_type":"article","og_title":"Introduction aux Alli\u00e9s de l'humanit\u00e9 : Exposer l'Intervention extraterrestre","og_description":"Les Expos\u00e9s des Alli\u00e9s contiennent de nombreuses d\u00e9clarations capitales, voire alarmantes, sur l'intervention extraterrestre en cours et son programme.","og_url":"https:\/\/www.alliesofhumanity.org\/fr\/the-allies\/","og_site_name":"The Allies of Humanity","article_publisher":"https:\/\/www.facebook.com\/alliesofhumanity\/","article_modified_time":"2024-03-25T16:04:29+00:00","og_image":[{"width":1200,"height":630,"url":"https:\/\/www.alliesofhumanity.org\/wp-content\/uploads\/2021\/01\/og-socialmedia-aoh.jpg","type":"image\/jpeg"}],"twitter_card":"summary_large_image","twitter_title":"Introduction aux Alli\u00e9s de l'humanit\u00e9 : Exposer l'Intervention extraterrestre","twitter_site":"@earthallies","twitter_misc":{"Dur\u00e9e de lecture estim\u00e9e":"8 minutes"},"schema":{"@context":"https:\/\/schema.org","@graph":[{"@type":"WebPage","@id":"https:\/\/www.alliesofhumanity.org\/fr\/the-allies\/","url":"https:\/\/www.alliesofhumanity.org\/fr\/the-allies\/","name":"Introduction aux Alli\u00e9s de l'humanit\u00e9 : r\u00e9v\u00e9ler l'Intervention extraterrestre","isPartOf":{"@id":"https:\/\/www.alliesofhumanity.org\/fr\/#website"},"datePublished":"2020-07-16T20:26:18+00:00","dateModified":"2024-03-25T16:04:29+00:00","description":"Les Expos\u00e9s des Alli\u00e9s contiennent de nombreuses d\u00e9clarations capitales, voire alarmantes, sur l'intervention extraterrestre en cours et son programme.","inLanguage":"fr-FR","potentialAction":[{"@type":"ReadAction","target":["https:\/\/www.alliesofhumanity.org\/fr\/the-allies\/"]}]},{"@type":"WebSite","@id":"https:\/\/www.alliesofhumanity.org\/fr\/#website","url":"https:\/\/www.alliesofhumanity.org\/fr\/","name":"The Allies of Humanity","description":"","potentialAction":[{"@type":"SearchAction","target":{"@type":"EntryPoint","urlTemplate":"https:\/\/www.alliesofhumanity.org\/fr\/?s={search_term_string}"},"query-input":{"@type":"PropertyValueSpecification","valueRequired":true,"valueName":"search_term_string"}}],"inLanguage":"fr-FR"}]}},"_links":{"self":[{"href":"https:\/\/www.alliesofhumanity.org\/fr\/wp-json\/wp\/v2\/pages\/4612","targetHints":{"allow":["GET"]}}],"collection":[{"href":"https:\/\/www.alliesofhumanity.org\/fr\/wp-json\/wp\/v2\/pages"}],"about":[{"href":"https:\/\/www.alliesofhumanity.org\/fr\/wp-json\/wp\/v2\/types\/page"}],"author":[{"embeddable":true,"href":"https:\/\/www.alliesofhumanity.org\/fr\/wp-json\/wp\/v2\/users\/25"}],"replies":[{"embeddable":true,"href":"https:\/\/www.alliesofhumanity.org\/fr\/wp-json\/wp\/v2\/comments?post=4612"}],"version-history":[{"count":4,"href":"https:\/\/www.alliesofhumanity.org\/fr\/wp-json\/wp\/v2\/pages\/4612\/revisions"}],"predecessor-version":[{"id":22308,"href":"https:\/\/www.alliesofhumanity.org\/fr\/wp-json\/wp\/v2\/pages\/4612\/revisions\/22308"}],"wp:attachment":[{"href":"https:\/\/www.alliesofhumanity.org\/fr\/wp-json\/wp\/v2\/media?parent=4612"}],"curies":[{"name":"wp","href":"https:\/\/api.w.org\/{rel}","templated":true}]}}