{"id":4535,"date":"2020-07-12T19:25:07","date_gmt":"2020-07-12T18:25:07","guid":{"rendered":"https:\/\/www.alliesofhumanity.org\/book-one\/"},"modified":"2025-03-02T16:54:39","modified_gmt":"2025-03-02T15:54:39","slug":"book-one","status":"publish","type":"page","link":"https:\/\/www.alliesofhumanity.org\/fr\/the-briefings\/book-one\/","title":{"rendered":"Livre I"},"content":{"rendered":"<h5>Tous les Expos\u00e9s des Alli\u00e9s de l&rsquo;humanit\u00e9 sont disponibles gratuitement en ligne. Commencez votre exploration avec le Livre 1 des <em>Alli\u00e9s<\/em>.<\/h5>\n<p>Il y a plus de vingt ans, un groupe d&rsquo;individus originaires de diff\u00e9rents mondes se r\u00e9unissait dans un endroit discret de notre syst\u00e8me solaire, pr\u00e8s de la Terre, dans le but d&rsquo;observer les visites extraterrestres qui se produisent dans notre monde. Depuis leur point d&rsquo;observation cach\u00e9, ils furent en mesure de d\u00e9terminer l&rsquo;identit\u00e9, l&rsquo;organisation et les intentions de ceux qui visitent notre monde et de surveiller les activit\u00e9s des visiteurs.<\/p>\n<p>Ce groupe d&rsquo;observateurs se nomme les \u00ab Alli\u00e9s de l&rsquo;Humanit\u00e9 \u00bb. Voici leur rapport.<\/p>\n<p>Vous pouvez vous procurer un exemplaire du livre sur :<\/p>\n<ul>\n<li>Version papier :\u00a0<a href=\"https:\/\/newknowledgelibrary.org\/books\/les-allies-de-lhumanite-livre-1-the-allies-of-humanity-i-french-print-book\/\">NKL<\/a>, <a href=\"https:\/\/www.amazon.fr\/ALLI\u00c9S-LHUMANIT\u00c9-LIVRE-Allies-Humanity\/dp\/B0DTNVSY78\">Amazon Fr<\/a>, <a href=\"https:\/\/www.amazon.com\/ALLI\u00c9S-LHUMANIT\u00c9-LIVRE-Allies-Humanity\/dp\/B0DTNVSY78\">Amazon US<\/a><\/li>\n<li>Version ebook : <a href=\"https:\/\/newknowledgelibrary.org\/e-books\/les-allies-de-lhumanite-livre-1-the-allies-of-humanity-i-french-ebook\/\">NKL<\/a>, <a href=\"https:\/\/www.fnac.com\/livre-numerique\/a21324994\/Marshall-Vian-Summers-Les-Allies-de-l-Humanite-LIVRE-1-The-Allies-of-Humanity-French-Edition\">Fnac<\/a>, <a href=\"https:\/\/books.apple.com\/us\/book\/les-alli\u00e9s-de-lhumanit\u00e9-livre-1-the-allies\/id6742039282\">Apple Books<\/a>, <a href=\"https:\/\/www.amazon.fr\/Alli\u00e9s-lHumanit\u00e9-LIVRE-Allies-Humanity-ebook\/dp\/B0DX8LYNGW\">Amazon Fr<\/a>, <a href=\"https:\/\/www.amazon.com\/Alli\u00e9s-lHumanit\u00e9-LIVRE-Allies-Humanity-ebook\/dp\/B0DX8LYNGW\">Amazon US<\/a>, <a href=\"https:\/\/play.google.com\/store\/books\/details\/Marshall_Vian_Summers_Les_Alli\u00e9s_de_l_Humanit\u00e9_LIV?id=J8lGEQAAQBAJ\">Google Play<\/a>, <a href=\"https:\/\/www.indigo.ca\/en-ca\/les-allies-de-lhumanite-livre-1-the-allies-of-humanity---french-edition\/0c07f89f-900d-3ba4-90ee-4841f8ad5f33.html\">Indigo<\/a><\/li>\n<\/ul>\n<p><a href=\"alien-races-earth\">Premier Expos\u00e9 : La pr\u00e9sence extraterrestre dans le monde aujourd\u2019hui<\/a><\/p>\n<p><a href=\"human-freedom\">Deuxi\u00e8me Expos\u00e9 : Un d\u00e9fi \u00e0 la libert\u00e9 humaine<\/a><\/p>\n<p><a href=\"the-visitors\">Troisi\u00e8me Expos\u00e9 : Un grand avertissement<\/a><\/p>\n<p><a href=\"false-second-coming\">Quatri\u00e8me Expos\u00e9 : Manipulations des traditions et des croyances religieuses<\/a><\/p>\n<p><a href=\"threshold-alien-presence\">Cinqui\u00e8me Expos\u00e9 : Le Seuil, une nouvelle promesse pour l\u2019humanit\u00e9<\/a><\/p>\n<p><a href=\"questions-about-aliens\">Sixi\u00e8me Expos\u00e9 : Questions \/ R\u00e9ponses<\/a><\/p>\n<p><a href=\"final-words\">Le mot de la fin&#8230;<\/a><\/p>\n<p>La <em>Society for The New Message<\/em> met d\u00e9sormais gratuitement en ligne les quatre volumes des <em>Alli\u00e9s de l&rsquo;humanit\u00e9<\/em>. Nous faisons cela afin que ce message puisse atteindre le plus grand nombre de personnes possible, tant au niveau de la population qu&rsquo;aux postes de pouvoir politiques, \u00e9conomiques et religieux.<\/p>\n","protected":false},"excerpt":{"rendered":"<p>Tous les Expos\u00e9s des Alli\u00e9s de l&rsquo;humanit\u00e9 sont disponibles gratuitement en ligne. Commencez votre exploration avec le Livre 1 des Alli\u00e9s. Il y a plus de vingt ans, un groupe d&rsquo;individus originaires de diff\u00e9rents mondes se r\u00e9unissait dans un endroit discret de notre syst\u00e8me solaire, pr\u00e8s de la Terre, dans le but d&rsquo;observer les visites [&hellip;]<\/p>\n","protected":false},"author":25,"featured_media":0,"parent":4604,"menu_order":1,"comment_status":"closed","ping_status":"closed","template":"page-book-start.php","meta":{"_acf_changed":false,"footnotes":""},"class_list":["post-4535","page","type-page","status-publish","hentry"],"acf":[],"yoast_head":"<!-- This site is optimized with the Yoast SEO plugin v26.5 - https:\/\/yoast.com\/wordpress\/plugins\/seo\/ -->\n<title>Les Expos\u00e9s des Alli\u00e9s de l&#039;humanit\u00e9, Livre I : qui sont les Alli\u00e9s de l&#039;humanit\u00e9<\/title>\n<meta name=\"description\" content=\"Un groupe d&#039;individus en provenance de plusieurs plan\u00e8tes diff\u00e9rentes se sont rassembl\u00e9s dans un endroit discret \u00e0 proximit\u00e9 de la Terre, pour observer et faire un rapport sur l&#039;intervention ET\" \/>\n<meta name=\"robots\" content=\"index, follow, max-snippet:-1, max-image-preview:large, max-video-preview:-1\" \/>\n<link rel=\"canonical\" href=\"https:\/\/www.alliesofhumanity.org\/fr\/the-briefings\/book-one\/\" \/>\n<meta property=\"og:locale\" content=\"fr_FR\" \/>\n<meta property=\"og:type\" content=\"article\" \/>\n<meta property=\"og:title\" content=\"Allies of Humanity Book 1 | The Allies of HumanityLes Expos\u00e9s des Alli\u00e9s de l&#039;humanit\u00e9, Livre I : qui sont les Alli\u00e9s de l&#039;humanit\u00e9\" \/>\n<meta property=\"og:description\" content=\"Un groupe d&#039;individus en provenance de plusieurs plan\u00e8tes diff\u00e9rentes se sont rassembl\u00e9s dans un endroit discret \u00e0 proximit\u00e9 de la Terre, pour observer et faire un rapport sur l&#039;intervention ET\" \/>\n<meta property=\"og:url\" content=\"https:\/\/www.alliesofhumanity.org\/fr\/the-briefings\/book-one\/\" \/>\n<meta property=\"og:site_name\" content=\"The Allies of Humanity\" \/>\n<meta property=\"article:publisher\" content=\"https:\/\/www.facebook.com\/alliesofhumanity\/\" \/>\n<meta property=\"article:modified_time\" content=\"2025-03-02T15:54:39+00:00\" \/>\n<meta property=\"og:image\" content=\"https:\/\/www.alliesofhumanity.org\/wp-content\/uploads\/2021\/01\/og-socialmedia-aoh.jpg\" \/>\n\t<meta property=\"og:image:width\" content=\"1200\" \/>\n\t<meta property=\"og:image:height\" content=\"630\" \/>\n\t<meta property=\"og:image:type\" content=\"image\/jpeg\" \/>\n<meta name=\"twitter:card\" content=\"summary_large_image\" \/>\n<meta name=\"twitter:title\" content=\"Les Expos\u00e9s des Alli\u00e9s de l&#039;humanit\u00e9, Livre I : qui sont les Alli\u00e9s de l&#039;humanit\u00e9\" \/>\n<meta name=\"twitter:site\" content=\"@earthallies\" \/>\n<meta name=\"twitter:label1\" content=\"Dur\u00e9e de lecture estim\u00e9e\" \/>\n\t<meta name=\"twitter:data1\" content=\"1 minute\" \/>\n<script type=\"application\/ld+json\" class=\"yoast-schema-graph\">{\"@context\":\"https:\/\/schema.org\",\"@graph\":[{\"@type\":\"WebPage\",\"@id\":\"https:\/\/www.alliesofhumanity.org\/fr\/the-briefings\/book-one\/\",\"url\":\"https:\/\/www.alliesofhumanity.org\/fr\/the-briefings\/book-one\/\",\"name\":\"Les Expos\u00e9s des Alli\u00e9s de l'humanit\u00e9, Livre I : qui sont les Alli\u00e9s de l'humanit\u00e9\",\"isPartOf\":{\"@id\":\"https:\/\/www.alliesofhumanity.org\/fr\/#website\"},\"datePublished\":\"2020-07-12T18:25:07+00:00\",\"dateModified\":\"2025-03-02T15:54:39+00:00\",\"description\":\"Un groupe d'individus en provenance de plusieurs plan\u00e8tes diff\u00e9rentes se sont rassembl\u00e9s dans un endroit discret \u00e0 proximit\u00e9 de la Terre, pour observer et faire un rapport sur l'intervention ET\",\"breadcrumb\":{\"@id\":\"https:\/\/www.alliesofhumanity.org\/fr\/the-briefings\/book-one\/#breadcrumb\"},\"inLanguage\":\"fr-FR\",\"potentialAction\":[{\"@type\":\"ReadAction\",\"target\":[\"https:\/\/www.alliesofhumanity.org\/fr\/the-briefings\/book-one\/\"]}]},{\"@type\":\"BreadcrumbList\",\"@id\":\"https:\/\/www.alliesofhumanity.org\/fr\/the-briefings\/book-one\/#breadcrumb\",\"itemListElement\":[{\"@type\":\"ListItem\",\"position\":1,\"name\":\"Les Expos\u00e9s\",\"item\":\"https:\/\/www.alliesofhumanity.org\/fr\/the-briefings\/\"},{\"@type\":\"ListItem\",\"position\":2,\"name\":\"Livre I\"}]},{\"@type\":\"WebSite\",\"@id\":\"https:\/\/www.alliesofhumanity.org\/fr\/#website\",\"url\":\"https:\/\/www.alliesofhumanity.org\/fr\/\",\"name\":\"The Allies of Humanity\",\"description\":\"\",\"potentialAction\":[{\"@type\":\"SearchAction\",\"target\":{\"@type\":\"EntryPoint\",\"urlTemplate\":\"https:\/\/www.alliesofhumanity.org\/fr\/?s={search_term_string}\"},\"query-input\":{\"@type\":\"PropertyValueSpecification\",\"valueRequired\":true,\"valueName\":\"search_term_string\"}}],\"inLanguage\":\"fr-FR\"}]}<\/script>\n<!-- \/ Yoast SEO plugin. -->","yoast_head_json":{"title":"Les Expos\u00e9s des Alli\u00e9s de l'humanit\u00e9, Livre I : qui sont les Alli\u00e9s de l'humanit\u00e9","description":"Un groupe d'individus en provenance de plusieurs plan\u00e8tes diff\u00e9rentes se sont rassembl\u00e9s dans un endroit discret \u00e0 proximit\u00e9 de la Terre, pour observer et faire un rapport sur l'intervention ET","robots":{"index":"index","follow":"follow","max-snippet":"max-snippet:-1","max-image-preview":"max-image-preview:large","max-video-preview":"max-video-preview:-1"},"canonical":"https:\/\/www.alliesofhumanity.org\/fr\/the-briefings\/book-one\/","og_locale":"fr_FR","og_type":"article","og_title":"Allies of Humanity Book 1 | The Allies of HumanityLes Expos\u00e9s des Alli\u00e9s de l'humanit\u00e9, Livre I : qui sont les Alli\u00e9s de l'humanit\u00e9","og_description":"Un groupe d'individus en provenance de plusieurs plan\u00e8tes diff\u00e9rentes se sont rassembl\u00e9s dans un endroit discret \u00e0 proximit\u00e9 de la Terre, pour observer et faire un rapport sur l'intervention ET","og_url":"https:\/\/www.alliesofhumanity.org\/fr\/the-briefings\/book-one\/","og_site_name":"The Allies of Humanity","article_publisher":"https:\/\/www.facebook.com\/alliesofhumanity\/","article_modified_time":"2025-03-02T15:54:39+00:00","og_image":[{"width":1200,"height":630,"url":"https:\/\/www.alliesofhumanity.org\/wp-content\/uploads\/2021\/01\/og-socialmedia-aoh.jpg","type":"image\/jpeg"}],"twitter_card":"summary_large_image","twitter_title":"Les Expos\u00e9s des Alli\u00e9s de l'humanit\u00e9, Livre I : qui sont les Alli\u00e9s de l'humanit\u00e9","twitter_site":"@earthallies","twitter_misc":{"Dur\u00e9e de lecture estim\u00e9e":"1 minute"},"schema":{"@context":"https:\/\/schema.org","@graph":[{"@type":"WebPage","@id":"https:\/\/www.alliesofhumanity.org\/fr\/the-briefings\/book-one\/","url":"https:\/\/www.alliesofhumanity.org\/fr\/the-briefings\/book-one\/","name":"Les Expos\u00e9s des Alli\u00e9s de l'humanit\u00e9, Livre I : qui sont les Alli\u00e9s de l'humanit\u00e9","isPartOf":{"@id":"https:\/\/www.alliesofhumanity.org\/fr\/#website"},"datePublished":"2020-07-12T18:25:07+00:00","dateModified":"2025-03-02T15:54:39+00:00","description":"Un groupe d'individus en provenance de plusieurs plan\u00e8tes diff\u00e9rentes se sont rassembl\u00e9s dans un endroit discret \u00e0 proximit\u00e9 de la Terre, pour observer et faire un rapport sur l'intervention ET","breadcrumb":{"@id":"https:\/\/www.alliesofhumanity.org\/fr\/the-briefings\/book-one\/#breadcrumb"},"inLanguage":"fr-FR","potentialAction":[{"@type":"ReadAction","target":["https:\/\/www.alliesofhumanity.org\/fr\/the-briefings\/book-one\/"]}]},{"@type":"BreadcrumbList","@id":"https:\/\/www.alliesofhumanity.org\/fr\/the-briefings\/book-one\/#breadcrumb","itemListElement":[{"@type":"ListItem","position":1,"name":"Les Expos\u00e9s","item":"https:\/\/www.alliesofhumanity.org\/fr\/the-briefings\/"},{"@type":"ListItem","position":2,"name":"Livre I"}]},{"@type":"WebSite","@id":"https:\/\/www.alliesofhumanity.org\/fr\/#website","url":"https:\/\/www.alliesofhumanity.org\/fr\/","name":"The Allies of Humanity","description":"","potentialAction":[{"@type":"SearchAction","target":{"@type":"EntryPoint","urlTemplate":"https:\/\/www.alliesofhumanity.org\/fr\/?s={search_term_string}"},"query-input":{"@type":"PropertyValueSpecification","valueRequired":true,"valueName":"search_term_string"}}],"inLanguage":"fr-FR"}]}},"_links":{"self":[{"href":"https:\/\/www.alliesofhumanity.org\/fr\/wp-json\/wp\/v2\/pages\/4535","targetHints":{"allow":["GET"]}}],"collection":[{"href":"https:\/\/www.alliesofhumanity.org\/fr\/wp-json\/wp\/v2\/pages"}],"about":[{"href":"https:\/\/www.alliesofhumanity.org\/fr\/wp-json\/wp\/v2\/types\/page"}],"author":[{"embeddable":true,"href":"https:\/\/www.alliesofhumanity.org\/fr\/wp-json\/wp\/v2\/users\/25"}],"replies":[{"embeddable":true,"href":"https:\/\/www.alliesofhumanity.org\/fr\/wp-json\/wp\/v2\/comments?post=4535"}],"version-history":[{"count":12,"href":"https:\/\/www.alliesofhumanity.org\/fr\/wp-json\/wp\/v2\/pages\/4535\/revisions"}],"predecessor-version":[{"id":23854,"href":"https:\/\/www.alliesofhumanity.org\/fr\/wp-json\/wp\/v2\/pages\/4535\/revisions\/23854"}],"up":[{"embeddable":true,"href":"https:\/\/www.alliesofhumanity.org\/fr\/wp-json\/wp\/v2\/pages\/4604"}],"wp:attachment":[{"href":"https:\/\/www.alliesofhumanity.org\/fr\/wp-json\/wp\/v2\/media?parent=4535"}],"curies":[{"name":"wp","href":"https:\/\/api.w.org\/{rel}","templated":true}]}}