{"id":4528,"date":"2020-07-12T19:09:15","date_gmt":"2020-07-12T18:09:15","guid":{"rendered":"https:\/\/www.alliesofhumanity.org\/home\/"},"modified":"2024-03-25T17:01:11","modified_gmt":"2024-03-25T16:01:11","slug":"home","status":"publish","type":"page","link":"https:\/\/www.alliesofhumanity.org\/fr\/","title":{"rendered":"Accueil"},"content":{"rendered":"","protected":false},"excerpt":{"rendered":"","protected":false},"author":25,"featured_media":0,"parent":0,"menu_order":0,"comment_status":"closed","ping_status":"closed","template":"home.php","meta":{"_acf_changed":false,"footnotes":""},"class_list":["post-4528","page","type-page","status-publish","hentry"],"acf":[],"yoast_head":"<!-- This site is optimized with the Yoast SEO plugin v26.5 - https:\/\/yoast.com\/wordpress\/plugins\/seo\/ -->\n<title>Les Alli\u00e9s de l&#039;humanit\u00e9 : r\u00e9v\u00e9lation sur la pr\u00e9sence extraterrestre<\/title>\n<meta name=\"description\" content=\"Une Intervention extraterrestre est en cours dans le monde aujourd&#039;hui. Lisez gratuitement les expos\u00e9s des Alli\u00e9s de l&#039;humanit\u00e9 pour en savoir plus.\" \/>\n<meta name=\"robots\" content=\"index, follow, max-snippet:-1, max-image-preview:large, max-video-preview:-1\" \/>\n<link rel=\"canonical\" href=\"https:\/\/www.alliesofhumanity.org\/fr\/\" \/>\n<meta property=\"og:locale\" content=\"fr_FR\" \/>\n<meta property=\"og:type\" content=\"article\" \/>\n<meta property=\"og:title\" content=\"Les Alli\u00e9s de l&#039;humanit\u00e9 : D\u00e9voiler la pr\u00e9sence extraterrestre\" \/>\n<meta property=\"og:description\" content=\"Une Intervention extraterrestre est en cours dans le monde aujourd&#039;hui. Lisez gratuitement les expos\u00e9s des Alli\u00e9s de l&#039;humanit\u00e9 pour en savoir plus.\" \/>\n<meta property=\"og:url\" content=\"https:\/\/www.alliesofhumanity.org\/fr\/\" \/>\n<meta property=\"og:site_name\" content=\"The Allies of Humanity\" \/>\n<meta property=\"article:publisher\" content=\"https:\/\/www.facebook.com\/alliesofhumanity\/\" \/>\n<meta property=\"article:modified_time\" content=\"2024-03-25T16:01:11+00:00\" \/>\n<meta property=\"og:image\" content=\"https:\/\/www.alliesofhumanity.org\/wp-content\/uploads\/2021\/01\/og-socialmedia-aoh.jpg\" \/>\n\t<meta property=\"og:image:width\" content=\"1200\" \/>\n\t<meta property=\"og:image:height\" content=\"630\" \/>\n\t<meta property=\"og:image:type\" content=\"image\/jpeg\" \/>\n<meta name=\"twitter:card\" content=\"summary_large_image\" \/>\n<meta name=\"twitter:title\" content=\"Les Alli\u00e9s de l&#039;humanit\u00e9 : D\u00e9voiler la pr\u00e9sence extraterrestre\" \/>\n<meta name=\"twitter:site\" content=\"@earthallies\" \/>\n<script type=\"application\/ld+json\" class=\"yoast-schema-graph\">{\"@context\":\"https:\/\/schema.org\",\"@graph\":[{\"@type\":\"WebPage\",\"@id\":\"https:\/\/www.alliesofhumanity.org\/fr\/\",\"url\":\"https:\/\/www.alliesofhumanity.org\/fr\/\",\"name\":\"Les Alli\u00e9s de l'humanit\u00e9 : r\u00e9v\u00e9lation sur la pr\u00e9sence extraterrestre\",\"isPartOf\":{\"@id\":\"https:\/\/www.alliesofhumanity.org\/fr\/#website\"},\"datePublished\":\"2020-07-12T18:09:15+00:00\",\"dateModified\":\"2024-03-25T16:01:11+00:00\",\"description\":\"Une Intervention extraterrestre est en cours dans le monde aujourd'hui. Lisez gratuitement les expos\u00e9s des Alli\u00e9s de l'humanit\u00e9 pour en savoir plus.\",\"inLanguage\":\"fr-FR\",\"potentialAction\":[{\"@type\":\"ReadAction\",\"target\":[\"https:\/\/www.alliesofhumanity.org\/fr\/\"]}]},{\"@type\":\"WebSite\",\"@id\":\"https:\/\/www.alliesofhumanity.org\/fr\/#website\",\"url\":\"https:\/\/www.alliesofhumanity.org\/fr\/\",\"name\":\"The Allies of Humanity\",\"description\":\"\",\"potentialAction\":[{\"@type\":\"SearchAction\",\"target\":{\"@type\":\"EntryPoint\",\"urlTemplate\":\"https:\/\/www.alliesofhumanity.org\/fr\/?s={search_term_string}\"},\"query-input\":{\"@type\":\"PropertyValueSpecification\",\"valueRequired\":true,\"valueName\":\"search_term_string\"}}],\"inLanguage\":\"fr-FR\"}]}<\/script>\n<!-- \/ Yoast SEO plugin. -->","yoast_head_json":{"title":"Les Alli\u00e9s de l'humanit\u00e9 : r\u00e9v\u00e9lation sur la pr\u00e9sence extraterrestre","description":"Une Intervention extraterrestre est en cours dans le monde aujourd'hui. Lisez gratuitement les expos\u00e9s des Alli\u00e9s de l'humanit\u00e9 pour en savoir plus.","robots":{"index":"index","follow":"follow","max-snippet":"max-snippet:-1","max-image-preview":"max-image-preview:large","max-video-preview":"max-video-preview:-1"},"canonical":"https:\/\/www.alliesofhumanity.org\/fr\/","og_locale":"fr_FR","og_type":"article","og_title":"Les Alli\u00e9s de l'humanit\u00e9 : D\u00e9voiler la pr\u00e9sence extraterrestre","og_description":"Une Intervention extraterrestre est en cours dans le monde aujourd'hui. Lisez gratuitement les expos\u00e9s des Alli\u00e9s de l'humanit\u00e9 pour en savoir plus.","og_url":"https:\/\/www.alliesofhumanity.org\/fr\/","og_site_name":"The Allies of Humanity","article_publisher":"https:\/\/www.facebook.com\/alliesofhumanity\/","article_modified_time":"2024-03-25T16:01:11+00:00","og_image":[{"width":1200,"height":630,"url":"https:\/\/www.alliesofhumanity.org\/wp-content\/uploads\/2021\/01\/og-socialmedia-aoh.jpg","type":"image\/jpeg"}],"twitter_card":"summary_large_image","twitter_title":"Les Alli\u00e9s de l'humanit\u00e9 : D\u00e9voiler la pr\u00e9sence extraterrestre","twitter_site":"@earthallies","schema":{"@context":"https:\/\/schema.org","@graph":[{"@type":"WebPage","@id":"https:\/\/www.alliesofhumanity.org\/fr\/","url":"https:\/\/www.alliesofhumanity.org\/fr\/","name":"Les Alli\u00e9s de l'humanit\u00e9 : r\u00e9v\u00e9lation sur la pr\u00e9sence extraterrestre","isPartOf":{"@id":"https:\/\/www.alliesofhumanity.org\/fr\/#website"},"datePublished":"2020-07-12T18:09:15+00:00","dateModified":"2024-03-25T16:01:11+00:00","description":"Une Intervention extraterrestre est en cours dans le monde aujourd'hui. Lisez gratuitement les expos\u00e9s des Alli\u00e9s de l'humanit\u00e9 pour en savoir plus.","inLanguage":"fr-FR","potentialAction":[{"@type":"ReadAction","target":["https:\/\/www.alliesofhumanity.org\/fr\/"]}]},{"@type":"WebSite","@id":"https:\/\/www.alliesofhumanity.org\/fr\/#website","url":"https:\/\/www.alliesofhumanity.org\/fr\/","name":"The Allies of Humanity","description":"","potentialAction":[{"@type":"SearchAction","target":{"@type":"EntryPoint","urlTemplate":"https:\/\/www.alliesofhumanity.org\/fr\/?s={search_term_string}"},"query-input":{"@type":"PropertyValueSpecification","valueRequired":true,"valueName":"search_term_string"}}],"inLanguage":"fr-FR"}]}},"_links":{"self":[{"href":"https:\/\/www.alliesofhumanity.org\/fr\/wp-json\/wp\/v2\/pages\/4528","targetHints":{"allow":["GET"]}}],"collection":[{"href":"https:\/\/www.alliesofhumanity.org\/fr\/wp-json\/wp\/v2\/pages"}],"about":[{"href":"https:\/\/www.alliesofhumanity.org\/fr\/wp-json\/wp\/v2\/types\/page"}],"author":[{"embeddable":true,"href":"https:\/\/www.alliesofhumanity.org\/fr\/wp-json\/wp\/v2\/users\/25"}],"replies":[{"embeddable":true,"href":"https:\/\/www.alliesofhumanity.org\/fr\/wp-json\/wp\/v2\/comments?post=4528"}],"version-history":[{"count":1,"href":"https:\/\/www.alliesofhumanity.org\/fr\/wp-json\/wp\/v2\/pages\/4528\/revisions"}],"predecessor-version":[{"id":4537,"href":"https:\/\/www.alliesofhumanity.org\/fr\/wp-json\/wp\/v2\/pages\/4528\/revisions\/4537"}],"wp:attachment":[{"href":"https:\/\/www.alliesofhumanity.org\/fr\/wp-json\/wp\/v2\/media?parent=4528"}],"curies":[{"name":"wp","href":"https:\/\/api.w.org\/{rel}","templated":true}]}}