{"id":8495,"date":"2020-12-30T23:05:45","date_gmt":"2020-12-30T22:05:45","guid":{"rendered":"https:\/\/www.alliesofhumanity.org\/marshall-vian-summers\/"},"modified":"2021-08-29T18:13:36","modified_gmt":"2021-08-29T17:13:36","slug":"marshall-vian-summers","status":"publish","type":"page","link":"https:\/\/www.alliesofhumanity.org\/fi\/marshall-vian-summers\/","title":{"rendered":"Marshall Vian Summers"},"content":{"rendered":"\t\t<div data-elementor-type=\"wp-page\" data-elementor-id=\"8495\" class=\"elementor elementor-8495 elementor-2912\" data-elementor-post-type=\"page\">\t\t\t\t\t\t<section class=\"elementor-section elementor-top-section elementor-element elementor-element-7fac8697 elementor-section-boxed elementor-section-height-default elementor-section-height-default\" data-id=\"7fac8697\" data-element_type=\"section\">\t\t\t\t\t\t<div class=\"elementor-container elementor-column-gap-default\">\t\t\t\t\t<div class=\"elementor-column elementor-col-100 elementor-top-column elementor-element elementor-element-1195357f\" data-id=\"1195357f\" data-element_type=\"column\">\t\t\t<div class=\"elementor-widget-wrap elementor-element-populated\">\t\t\t\t\t\t<div class=\"elementor-element elementor-element-ba0d783 elementor-widget elementor-widget-text-editor\" data-id=\"ba0d783\" data-element_type=\"widget\" data-widget_type=\"text-editor.default\">\t\t\t\t<div class=\"elementor-widget-container\">\t\t\t\t\t\t\t\t\t<h5>Viimeiset 35 vuotta olen ollut uskonnollisen kokemuksen ymp\u00e4r\u00f6im\u00e4. T\u00e4m\u00e4 on johtanut siihen, ett\u00e4 olen ottanut vastaan suuren kokoelman kirjoituksia ihmisen hengellisest\u00e4 luonnosta ja ihmiskunnan kohtalosta universumin laajemmassa \u00e4lyllisen el\u00e4m\u00e4n panoraamassa.<\/h5><p>N\u00e4m\u00e4 kirjoitukset, jotka sis\u00e4ltyv\u00e4t <a title=\"Go to newmessage.org\" href=\"https:\/\/newmessage.org\/fi\" target=\"_blank\" rel=\"noopener noreferrer\">Uuden Sanoman<\/a> opetuksiin, sis\u00e4lt\u00e4v\u00e4t teologisen viitekehyksen, joka huomioi el\u00e4m\u00e4n ja Jumalan l\u00e4sn\u00e4olon Suuryhteis\u00f6ss\u00e4, siin\u00e4 valtavan laajassa avaruudessa ja ajassa, jonka tied\u00e4mme olevan universumimme.<\/p><p>Se kosmologia, jota olen vastaanottanut, sis\u00e4lt\u00e4\u00e4 monta sanomaa, joista yksi on se, ett\u00e4 ihmiskunta on astumassa \u00e4lyllisen el\u00e4m\u00e4n Suuryhteis\u00f6\u00f6n ja t\u00e4h\u00e4n meid\u00e4n on valmistauduttava. Luontaista t\u00e4lle sanomalle on se ymm\u00e4rrys, ett\u00e4 ihmiskunta ei ole yksin maailmankaikkeudessa eik\u00e4 edes yksin meid\u00e4n omassa maailmassamme. Ja se, ett\u00e4 t\u00e4ss\u00e4 Suuryhteis\u00f6ss\u00e4 ihmiskunnalla on yst\u00e4vi\u00e4, kilpailijoita ja vastustajia.<\/p><p>T\u00e4m\u00e4 suuremman todellisuuden vahvisti dramaattisesti yht\u00e4kkinen ja odottamaton Ihmiskunnan Liittolaisten Tiedonantojen ensimm\u00e4isen kokoelman l\u00e4hetys vuonna 1997. Kolme vuotta aiemmin vuonna 1994 olin vastaanottanut teologisen viitekehyksen Liittolaisten Tiedonantojen sis\u00e4ist\u00e4miseen, joka on kirjassani <a title=\"Go to newmessage.org\" href=\"https:\/\/www.newmessage.org\/the-message\/volume-2\/greater-community-spirituality\" target=\"_blank\" rel=\"noopener noreferrer\">Greater Community Spirituality\u2014A New Revelation<\/a>.<\/p><p>Silloin henkisen ty\u00f6n ja kirjoituksien tuloksena tulin tietoiseksi siit\u00e4, ett\u00e4 ihmiskunnalla on liittolaisia Universumissa, jotka ovat huolissaan rotumme hyvinvoinnista ja vapaudesta tulevaisuudessa. Siihen kosmologiseen tietoon, joka minulle paljastettiin, sis\u00e4ltyy ymm\u00e4rrys, ett\u00e4 maailmankaikkeuden \u00e4lyllisen el\u00e4m\u00e4n historiassa eettisesti edistyneill\u00e4 roduilla on velvollisuus antaa viisautensa perint\u00f6n\u00e4 sellaisille nuorille orastaville roduille kuin ihmiskunta, ja ett\u00e4 t\u00e4m\u00e4n perinn\u00f6n antamisen pit\u00e4\u00e4 tapahtua <em>ilman<\/em> suoraa sekaantumista kyseisen nuoren rodun asioihin. Aikomuksena t\u00e4ss\u00e4 on antaa tietoa, ei sekaantuminen.<\/p><p>T\u00e4m\u00e4 \u201cviisauden v\u00e4litt\u00e4minen\u201d edustaa pitk\u00e4\u00e4n olemassa ollutta eettist\u00e4 kehyst\u00e4 koskien ulkopuolisten Kontaktia orastaviin rotuihin ja kuinka se pit\u00e4\u00e4 toteuttaa. Ihmiskunnan Liittolaisten Tiedonannot ovat malliesimerkki v\u00e4liintulosta pid\u00e4tt\u00e4ytymisest\u00e4 ja eettisest\u00e4 Kontaktista. T\u00e4m\u00e4n mallin pit\u00e4isi olla meit\u00e4 opastava valo ja standardi, jota meid\u00e4n pit\u00e4isi edellytt\u00e4\u00e4 muilta roduilta, jotka yritt\u00e4v\u00e4t ottaa meihin yhteytt\u00e4 tai vierailla maailmassamme. Ja kuitenkin t\u00e4m\u00e4 esimerkki eettisest\u00e4 kontaktista n\u00e4ytt\u00e4ytyy selke\u00e4n\u00e4 vastakohtana Interventiolle, joka tapahtuu maailmassamme t\u00e4n\u00e4\u00e4n.<\/p><p class=\"float-left\"><img decoding=\"async\" src=\"https:\/\/www.alliesofhumanity.org\/wp-content\/uploads\/2020\/06\/mvs-greater-power-decisive-action.jpg\" alt=\"Marshall Vian Summers\" \/><\/p><p>Olemme menossa kohti \u00e4\u00e4rimm\u00e4isen haavoittuvaa asemaa. Tulevaisuudessa h\u00e4\u00e4m\u00f6tt\u00e4v\u00e4 luonnonvarojen hupeneminen, ymp\u00e4rist\u00f6n pilaantuminen sek\u00e4 ihmiskunnan lis\u00e4\u00e4ntyv\u00e4n jakautumisen riski tekee meid\u00e4t kypsiksi interventiolle. El\u00e4mme n\u00e4enn\u00e4isess\u00e4 eristyneisyydess\u00e4 rikkaassa ja arvokkaassa maailmassa, jota muut planeettamme rajojen ulkopuolella olevat havittelevat. Olemme omissa ajatuksissamme ja jakautuneita, emmek\u00e4 huomaa intervention suurta vaaraa rajoillamme. T\u00e4t\u00e4 ilmi\u00f6t\u00e4 historia on toistanut yh\u00e4 uudelleen niiden eristyneiden alkuper\u00e4isasukkaiden kohtalossa, jotka kohtasivat ensimm\u00e4ist\u00e4 kertaa ulkopuolisen kulttuurin v\u00e4liintulon. Olemme ep\u00e4realistisia oletuksissamme universumin \u00e4lyllisen el\u00e4m\u00e4n voimista ja hyv\u00e4ntahtoisuudesta. Ja olemme vasta alkaneet kantaa vastuuta niist\u00e4 olosuhteista, jotka olemme itse omaan maailmaamme luoneet.<\/p><p>Ep\u00e4suosittu totuus on, ett\u00e4 ihmissuku ei ole valmis suoraan Kontaktikokemukseen, eik\u00e4 se todellakaan ole valmis Interventioon. Meid\u00e4n on ensin laitettava oma kotimme kuntoon. Meid\u00e4n lajimme ei ole viel\u00e4 riitt\u00e4v\u00e4n kyps\u00e4 kohtaamaan toisia rotuja Suuryhteis\u00f6st\u00e4 yhten\u00e4isen\u00e4, vahvana ja arviointikykyisesti. Ja ennen kuin voimme saavuttaa sellaisen aseman, jos koskaan kykenemme, ei mik\u00e4\u00e4n rotu saisi sekaantua asioihimme maailmassamme. Liittolaiset tarjoavat meille hyvin tarpeellista viisautta ja n\u00e4k\u00f6kulmaa puuttumatta kuitenkaan meid\u00e4n asioihimme. He kertovat meille, ett\u00e4 kohtalomme on, ja tulisi olla, omissa k\u00e4siss\u00e4mme. T\u00e4m\u00e4 on vapauden taakka universumissa.<\/p><p>Riippumatta puuttuvasta valmiudestamme, on Interventio kuitenkin tapahtumassa. Ihmiskunnan t\u00e4ytyy nyt valmistautua t\u00e4h\u00e4n: kaikkein merkitt\u00e4vimp\u00e4\u00e4n kynnykseen ihmiskunnan historiassa. Sen sijaan, ett\u00e4 olisimme vain t\u00e4m\u00e4n tapahtuman satunnaisia todistajia, olemme sen ytimess\u00e4. Se on tapahtumassa, olimmepa siit\u00e4 tietoisia tai ei. Sill\u00e4 on voima muuttaa ihmiskunnan tulevaisuus. Ja se liittyy kaikin tavoin siihen, keit\u00e4 me olemme ja miksi me olemme maailmassa t\u00e4h\u00e4n aikaan.<\/p><p><a title=\"Go to newmessage.org\" href=\"http:\/\/www.newmessage.org\/\" target=\"_blank\" rel=\"noopener noreferrer\">Uusi Sanoma<\/a>&nbsp; on annettu tarjoamaan sek\u00e4 se opetus ett\u00e4 valmistautuminen, joita nyt tarvitsemme kohdataksemme t\u00e4m\u00e4n suuren kynnyksen, ihmissuvun sis\u00e4isen voiman uudistamiseksi ja ihmissuvun uuden suunnan asettamiseksi. Se puhuu ihmiskunnan yhten\u00e4isyyden ja yhteisty\u00f6n kiireellisest\u00e4 tarpeesta; Tietouden, meid\u00e4n henkisen \u00e4lymme ensisijaisuudesta; sek\u00e4 niist\u00e4 suuremmista vastuista, jotka meid\u00e4n on nyt kannettava astuessamme avaruuden kynnykselle. Se edustaa a&nbsp;Uutta Sanomaa&nbsp;kaiken el\u00e4m\u00e4n Luojalta.<\/p><p class=\"image-quote float-right\"><img decoding=\"async\" src=\"https:\/\/www.alliesofhumanity.org\/wp-content\/uploads\/2020\/12\/quote-mvs.png\" alt=\"\" \/><\/p><blockquote id=\"quote-3\" class=\"text-quote float-right bg-gray\">Olemme menossa kohti \u00e4\u00e4rimm\u00e4isen haavoittuvaa asemaa. Tulevaisuudessa h\u00e4\u00e4m\u00f6tt\u00e4v\u00e4 luonnonvarojen hupeneminen, ymp\u00e4rist\u00f6n pilaantuminen sek\u00e4 ihmiskunnan lis\u00e4\u00e4ntyv\u00e4n jakautumisen riski tekee meid\u00e4t kypsiksi interventiolle.<\/blockquote><p>Missioni on tuoda t\u00e4m\u00e4 laajempi kosmologia ja siihen valmistautuminen maailmaan ja sen my\u00f6t\u00e4 uusi toivo sek\u00e4 mahdollisuus kamppailevalle ihmiskunnalle. Pitk\u00e4aikainen valmistautumiseni ja suunnattoman laajat opetukset Uudesta Sanomasta&nbsp; ovat t\u00e4\u00e4ll\u00e4 sit\u00e4 varten. Ihmiskunnan Liittolaisten Tiedonannot ovat vain pieni osa t\u00e4t\u00e4 suurempaa sanomaa. Nyt on aika lopettaa p\u00e4\u00e4ttym\u00e4tt\u00f6m\u00e4t konfliktimme ja valmistautua el\u00e4m\u00e4\u00e4n Suuryhteis\u00f6ss\u00e4. Voidaksemme tehd\u00e4 t\u00e4m\u00e4n tarvitsemme uuden ymm\u00e4rryksen meist\u00e4 yhten\u00e4 ihmissukuna, t\u00e4m\u00e4n maailman alkuper\u00e4isasukkaina, yhdest\u00e4 hengellisyydest\u00e4 syntynein\u00e4, sek\u00e4 haavoittuvasta asemastamme nuorena ja orastavana rotuna universumissa. T\u00e4m\u00e4 on minun viestini ihmiskunnalle ja siksi olen t\u00e4h\u00e4n maailmaan tullut.<\/p><p>&nbsp;<\/p><p align=\"center\"><b> Marshall Vian Summers<\/b><\/p><p align=\"center\"><a title=\"Go to marshallsummers.com\" href=\"https:\/\/www.marshallsummers.com\/\" target=\"_blank\" rel=\"noopener noreferrer\">marshallsummers.com<\/a><\/p>\t\t\t\t\t\t\t\t<\/div>\t\t\t\t<\/div>\t\t\t\t\t<\/div>\t\t<\/div>\t\t\t\t\t<\/div>\t\t<\/section>\t\t\t\t<\/div><p>\t\t<\/p>","protected":false},"excerpt":{"rendered":"<p>Viimeiset 35 vuotta olen ollut uskonnollisen kokemuksen ymp\u00e4r\u00f6im\u00e4. T\u00e4m\u00e4 on johtanut siihen, ett\u00e4 olen ottanut vastaan suuren kokoelman kirjoituksia ihmisen hengellisest\u00e4 luonnosta ja ihmiskunnan kohtalosta universumin laajemmassa \u00e4lyllisen el\u00e4m\u00e4n panoraamassa. N\u00e4m\u00e4 kirjoitukset, jotka sis\u00e4ltyv\u00e4t Uuden Sanoman opetuksiin, sis\u00e4lt\u00e4v\u00e4t teologisen viitekehyksen, joka huomioi el\u00e4m\u00e4n ja Jumalan l\u00e4sn\u00e4olon Suuryhteis\u00f6ss\u00e4, siin\u00e4 valtavan laajassa avaruudessa ja ajassa, jonka tied\u00e4mme [&hellip;]<\/p>\n","protected":false},"author":2,"featured_media":0,"parent":0,"menu_order":4,"comment_status":"closed","ping_status":"closed","template":"page.php","meta":{"_acf_changed":false,"footnotes":""},"class_list":["post-8495","page","type-page","status-publish","hentry"],"acf":[],"yoast_head":"<!-- This site is optimized with the Yoast SEO plugin v26.5 - https:\/\/yoast.com\/wordpress\/plugins\/seo\/ -->\n<title>Marshall Vian Summers | Ihmiskunnan Liittolaisten Tiedonannot<\/title>\n<meta name=\"description\" content=\"Marshall Vian Summers otti vastaan laajan kokoelman kirjoituksia avaruusolentokontaktin todellisuudesta, hengellisyydest\u00e4 sek\u00e4 ihmiskunnan kohtalosta.\" \/>\n<meta name=\"robots\" content=\"index, follow, max-snippet:-1, max-image-preview:large, max-video-preview:-1\" \/>\n<link rel=\"canonical\" href=\"https:\/\/www.alliesofhumanity.org\/fi\/marshall-vian-summers\/\" \/>\n<meta property=\"og:locale\" content=\"fi_FI\" \/>\n<meta property=\"og:type\" content=\"article\" \/>\n<meta property=\"og:title\" content=\"Marshall Vian Summers | Ihmiskunnan Liittolaisten Tiedonannot\" \/>\n<meta property=\"og:description\" content=\"Marshall Vian Summers otti vastaan laajan kokoelman kirjoituksia avaruusolentokontaktin todellisuudesta, hengellisyydest\u00e4 sek\u00e4 ihmiskunnan kohtalosta.\" \/>\n<meta property=\"og:url\" content=\"https:\/\/www.alliesofhumanity.org\/fi\/marshall-vian-summers\/\" \/>\n<meta property=\"og:site_name\" content=\"The Allies of Humanity\" \/>\n<meta property=\"article:publisher\" content=\"https:\/\/www.facebook.com\/alliesofhumanity\/\" \/>\n<meta property=\"article:modified_time\" content=\"2021-08-29T17:13:36+00:00\" \/>\n<meta property=\"og:image\" content=\"https:\/\/www.alliesofhumanity.org\/wp-content\/uploads\/2021\/01\/og-socialmedia-aoh.jpg\" \/>\n\t<meta property=\"og:image:width\" content=\"1200\" \/>\n\t<meta property=\"og:image:height\" content=\"630\" \/>\n\t<meta property=\"og:image:type\" content=\"image\/jpeg\" \/>\n<meta name=\"twitter:card\" content=\"summary_large_image\" \/>\n<meta name=\"twitter:title\" content=\"Marshall Vian Summers | Ihmiskunnan Liittolaisten Tiedonannot\" \/>\n<meta name=\"twitter:site\" content=\"@earthallies\" \/>\n<meta name=\"twitter:label1\" content=\"Arvioitu lukuaika\" \/>\n\t<meta name=\"twitter:data1\" content=\"4 minuuttia\" \/>\n<script type=\"application\/ld+json\" class=\"yoast-schema-graph\">{\"@context\":\"https:\/\/schema.org\",\"@graph\":[{\"@type\":\"WebPage\",\"@id\":\"https:\/\/www.alliesofhumanity.org\/fi\/marshall-vian-summers\/\",\"url\":\"https:\/\/www.alliesofhumanity.org\/fi\/marshall-vian-summers\/\",\"name\":\"Marshall Vian Summers | Ihmiskunnan Liittolaisten Tiedonannot\",\"isPartOf\":{\"@id\":\"https:\/\/www.alliesofhumanity.org\/fi\/#website\"},\"datePublished\":\"2020-12-30T22:05:45+00:00\",\"dateModified\":\"2021-08-29T17:13:36+00:00\",\"description\":\"Marshall Vian Summers otti vastaan laajan kokoelman kirjoituksia avaruusolentokontaktin todellisuudesta, hengellisyydest\u00e4 sek\u00e4 ihmiskunnan kohtalosta.\",\"inLanguage\":\"fi\",\"potentialAction\":[{\"@type\":\"ReadAction\",\"target\":[\"https:\/\/www.alliesofhumanity.org\/fi\/marshall-vian-summers\/\"]}]},{\"@type\":\"WebSite\",\"@id\":\"https:\/\/www.alliesofhumanity.org\/fi\/#website\",\"url\":\"https:\/\/www.alliesofhumanity.org\/fi\/\",\"name\":\"The Allies of Humanity\",\"description\":\"\",\"potentialAction\":[{\"@type\":\"SearchAction\",\"target\":{\"@type\":\"EntryPoint\",\"urlTemplate\":\"https:\/\/www.alliesofhumanity.org\/fi\/?s={search_term_string}\"},\"query-input\":{\"@type\":\"PropertyValueSpecification\",\"valueRequired\":true,\"valueName\":\"search_term_string\"}}],\"inLanguage\":\"fi\"}]}<\/script>\n<!-- \/ Yoast SEO plugin. -->","yoast_head_json":{"title":"Marshall Vian Summers | Ihmiskunnan Liittolaisten Tiedonannot","description":"Marshall Vian Summers otti vastaan laajan kokoelman kirjoituksia avaruusolentokontaktin todellisuudesta, hengellisyydest\u00e4 sek\u00e4 ihmiskunnan kohtalosta.","robots":{"index":"index","follow":"follow","max-snippet":"max-snippet:-1","max-image-preview":"max-image-preview:large","max-video-preview":"max-video-preview:-1"},"canonical":"https:\/\/www.alliesofhumanity.org\/fi\/marshall-vian-summers\/","og_locale":"fi_FI","og_type":"article","og_title":"Marshall Vian Summers | Ihmiskunnan Liittolaisten Tiedonannot","og_description":"Marshall Vian Summers otti vastaan laajan kokoelman kirjoituksia avaruusolentokontaktin todellisuudesta, hengellisyydest\u00e4 sek\u00e4 ihmiskunnan kohtalosta.","og_url":"https:\/\/www.alliesofhumanity.org\/fi\/marshall-vian-summers\/","og_site_name":"The Allies of Humanity","article_publisher":"https:\/\/www.facebook.com\/alliesofhumanity\/","article_modified_time":"2021-08-29T17:13:36+00:00","og_image":[{"width":1200,"height":630,"url":"https:\/\/www.alliesofhumanity.org\/wp-content\/uploads\/2021\/01\/og-socialmedia-aoh.jpg","type":"image\/jpeg"}],"twitter_card":"summary_large_image","twitter_title":"Marshall Vian Summers | Ihmiskunnan Liittolaisten Tiedonannot","twitter_site":"@earthallies","twitter_misc":{"Arvioitu lukuaika":"4 minuuttia"},"schema":{"@context":"https:\/\/schema.org","@graph":[{"@type":"WebPage","@id":"https:\/\/www.alliesofhumanity.org\/fi\/marshall-vian-summers\/","url":"https:\/\/www.alliesofhumanity.org\/fi\/marshall-vian-summers\/","name":"Marshall Vian Summers | Ihmiskunnan Liittolaisten Tiedonannot","isPartOf":{"@id":"https:\/\/www.alliesofhumanity.org\/fi\/#website"},"datePublished":"2020-12-30T22:05:45+00:00","dateModified":"2021-08-29T17:13:36+00:00","description":"Marshall Vian Summers otti vastaan laajan kokoelman kirjoituksia avaruusolentokontaktin todellisuudesta, hengellisyydest\u00e4 sek\u00e4 ihmiskunnan kohtalosta.","inLanguage":"fi","potentialAction":[{"@type":"ReadAction","target":["https:\/\/www.alliesofhumanity.org\/fi\/marshall-vian-summers\/"]}]},{"@type":"WebSite","@id":"https:\/\/www.alliesofhumanity.org\/fi\/#website","url":"https:\/\/www.alliesofhumanity.org\/fi\/","name":"The Allies of Humanity","description":"","potentialAction":[{"@type":"SearchAction","target":{"@type":"EntryPoint","urlTemplate":"https:\/\/www.alliesofhumanity.org\/fi\/?s={search_term_string}"},"query-input":{"@type":"PropertyValueSpecification","valueRequired":true,"valueName":"search_term_string"}}],"inLanguage":"fi"}]}},"_links":{"self":[{"href":"https:\/\/www.alliesofhumanity.org\/fi\/wp-json\/wp\/v2\/pages\/8495","targetHints":{"allow":["GET"]}}],"collection":[{"href":"https:\/\/www.alliesofhumanity.org\/fi\/wp-json\/wp\/v2\/pages"}],"about":[{"href":"https:\/\/www.alliesofhumanity.org\/fi\/wp-json\/wp\/v2\/types\/page"}],"author":[{"embeddable":true,"href":"https:\/\/www.alliesofhumanity.org\/fi\/wp-json\/wp\/v2\/users\/2"}],"replies":[{"embeddable":true,"href":"https:\/\/www.alliesofhumanity.org\/fi\/wp-json\/wp\/v2\/comments?post=8495"}],"version-history":[{"count":2,"href":"https:\/\/www.alliesofhumanity.org\/fi\/wp-json\/wp\/v2\/pages\/8495\/revisions"}],"predecessor-version":[{"id":18595,"href":"https:\/\/www.alliesofhumanity.org\/fi\/wp-json\/wp\/v2\/pages\/8495\/revisions\/18595"}],"wp:attachment":[{"href":"https:\/\/www.alliesofhumanity.org\/fi\/wp-json\/wp\/v2\/media?parent=8495"}],"curies":[{"name":"wp","href":"https:\/\/api.w.org\/{rel}","templated":true}]}}