{"id":8485,"date":"2020-12-30T22:04:33","date_gmt":"2020-12-30T21:04:33","guid":{"rendered":"https:\/\/www.alliesofhumanity.org\/the-briefings\/12-point-summary-of-the-allies-of-humanity-briefings\/"},"modified":"2021-08-29T17:27:28","modified_gmt":"2021-08-29T16:27:28","slug":"12-point-summary-of-the-allies-of-humanity-briefings","status":"publish","type":"page","link":"https:\/\/www.alliesofhumanity.org\/fi\/the-briefings\/12-point-summary-of-the-allies-of-humanity-briefings\/","title":{"rendered":"Kahdentoista kohdan yhteenveto"},"content":{"rendered":"\t\t<div data-elementor-type=\"wp-page\" data-elementor-id=\"8485\" class=\"elementor elementor-8485 elementor-2001\" data-elementor-post-type=\"page\">\t\t\t\t\t\t<section class=\"elementor-section elementor-top-section elementor-element elementor-element-28ebce47 elementor-section-boxed elementor-section-height-default elementor-section-height-default\" data-id=\"28ebce47\" data-element_type=\"section\">\t\t\t\t\t\t<div class=\"elementor-container elementor-column-gap-default\">\t\t\t\t\t<div class=\"elementor-column elementor-col-100 elementor-top-column elementor-element elementor-element-56ef9ab3\" data-id=\"56ef9ab3\" data-element_type=\"column\">\t\t\t<div class=\"elementor-widget-wrap elementor-element-populated\">\t\t\t\t\t\t<div class=\"elementor-element elementor-element-5c8d1469 elementor-widget elementor-widget-text-editor\" data-id=\"5c8d1469\" data-element_type=\"widget\" data-widget_type=\"text-editor.default\">\t\t\t\t<div class=\"elementor-widget-container\">\t\t\t\t\t\t\t\t\t<ol><li>Ihmiskunnan kohtalona on astuminen ja kontaktin ottaminen maailmankaikkeuden \u00e4lyllisen el\u00e4m\u00e4n Suuryhteis\u00f6\u00f6n.<\/li><li>Kontakti muihin \u00e4lyllisen el\u00e4m\u00e4n muotoihin edustaa suurinta kynnyst\u00e4, jonka ihmiskunta on koskaan joutunut kohtaamaan. T\u00e4m\u00e4n kontaktin lopputulos tulee m\u00e4\u00e4ritt\u00e4m\u00e4\u00e4n ihmiskunnan monien sukupolvien tulevaisuuden. T\u00e4m\u00e4 Kontakti tapahtuu parhaillaan.<\/li><li>Ihmiskunta ei ole valmistautunut Kontaktiin. Tutkijat eiv\u00e4t edelleenk\u00e4\u00e4n selke\u00e4sti tunnista keit\u00e4 maailmassamme vierailee ja miksi. Hallitukset eiv\u00e4t paljasta tietojaan, ja suurin osa ihmisist\u00e4 torjuu sen ajatuksen, ett\u00e4 t\u00e4m\u00e4 ilmi\u00f6 on edes tapahtumassa.<\/li><li>Johtuen t\u00e4st\u00e4 valmistautumisen puutteesta ihmiskunnan todelliset Liittolaiset l\u00e4hettiv\u00e4t edustajansa paikkaan Maapallon l\u00e4helle tarkkaillakseen avaruusolentojen l\u00e4sn\u00e4oloa ja aktiviteetteja maailmassamme. Ihmiskunnan Liittolaisten Tiedonannot on heid\u00e4n raporttinsa.<\/li><li>Tiedonannot paljastavat, ett\u00e4 maailmassamme on meneill\u00e4\u00e4n avaruudesta per\u00e4isin olevien Interventio. N\u00e4m\u00e4 voimat ovat t\u00e4\u00e4ll\u00e4 kumoamassa ihmisten m\u00e4\u00e4r\u00e4ysvallan ja integroitumassa ihmisten yhteiskuntiin omaa etuaan tavoitellen, kuten niiden toiminta havainnollistaa. N\u00e4m\u00e4 voimat edustavat ei-sotilaallisia organisaatioita, jotka tavoittelevat ihmisresursseja ja biologisia luonnonvaroja. Liittolaiset viittaavat n\u00e4ihin voimiin sanalla \u201dKollektiivit\u201d. Kollektiivit eiv\u00e4t arvosta ihmiskunnan vapautta.<\/li><li>Koska Intervention v\u00e4liintuloa ovat toteuttamassa pienet ryhmittym\u00e4t, t\u00e4ytyy niiden turvautua p\u00e4\u00e4asiassa harhautuksiin ja taivutteluun tavoitteensa saavuttaakseen. Liittolaisten tiedonannot kuvaavat yksityiskohtaisesti, miten t\u00e4t\u00e4 toteutetaan ja mit\u00e4 meid\u00e4n t\u00e4ytyy tehd\u00e4 pys\u00e4ytt\u00e4\u00e4ksemme sen.<\/li><li>T\u00e4m\u00e4 Maan ulkopuolelta tuleva Interventio keskittyy nelj\u00e4\u00e4n alueeseen:<ul><li>Se k\u00e4ytt\u00e4\u00e4 vaikutusvaltaansa tiettyihin yksil\u00f6ihin, joilla on valtaa ja auktoriteettia hallituksissa, yritysmaailmassa ja hengellisiss\u00e4 organisaatioissa saadakseen heid\u00e4t yhteisty\u00f6h\u00f6n Intervention kanssa lupaamalla heille enemm\u00e4n varallisuutta, valtaa ja teknologiaa.<\/li><li>Se perustaa salaisia tukikohtia maailmaan, joista k\u00e4sin Interventio voi vaikuttaa mentaaliymp\u00e4rist\u00f6\u00f6n, pyrkimyksen\u00e4 saada ihmiset avoimiksi ja suostuvaisiksi sen tahtoon ns. \u201cRauhoittamisohjelman\u201d (\u201cPacification Program\u201d) avulla.<\/li><li>Se manipuloi uskonnollisia arvojamme ja hengellisi\u00e4 impulssejamme saadakseen ihmiset kannattamaan heid\u00e4n asiaansa.<\/li><li>Se kaappaa ihmisi\u00e4 vastoin heid\u00e4n tahtoaan, ja usein heid\u00e4n tiet\u00e4m\u00e4tt\u00e4\u00e4n, tukeakseen risteytysohjelmaansa. Se on suunniteltu kehitt\u00e4m\u00e4\u00e4n hybridirotu ja uudet johtajat, jotka olisivat sitoutuneet \u201dvierailijoihin\u201d.<\/li><\/ul><\/li><li>Ne Maan ulkopuoliset vierailijat, jotka ovat olleet potentiaalisesti ihmiskunnalle hy\u00f6dyksi, ovat kaikki vet\u00e4ytyneet maailmastamme Intervention tielt\u00e4. T\u00e4nne j\u00e4\u00e4neet avaruusolennot eiv\u00e4t ole t\u00e4\u00e4ll\u00e4 meid\u00e4n eduksemme. T\u00e4m\u00e4 asettaa meid\u00e4t selke\u00e4\u00e4n tilanteeseen koskien avaruusolentojen aikomuksia ja toimintaa. N\u00e4emme selke\u00e4sti mink\u00e4 kanssa olemme tekemisiss\u00e4. Muutoin meid\u00e4n olisi mahdotonta erottaa yst\u00e4v\u00e4t vihollisista.<\/li><li>Ihmiskunnan Liittolaisten Tiedonannot painottavat, ett\u00e4 on eritt\u00e4in vaarallista hyv\u00e4ksy\u00e4 Intervention tarjoamaa Maan ulkopuolista teknologiaa ja tulla siit\u00e4 riippuvaiseksi. T\u00e4m\u00e4 johtaisi vain siihen, ett\u00e4 tulisimme riippuvaisiksi \u201dvierailijoista\u201d, josta seuraisi vapautemme ja omavaraisuutemme menetys. Kukaan todellinen ihmiskunnan liittolainen ei tarjoaisi t\u00e4llaista meille. Liittolaiset korostavat, ett\u00e4 meilt\u00e4 l\u00f6ytyy Maapallolta omasta takaa ratkaisut kaikkiin ongelmiin, joita kohtaamme. Se mik\u00e4 meilt\u00e4 rotuna puuttuu, on yhten\u00e4isyys, yhteinen tahto ja yhteisty\u00f6.<\/li><li>Huolimatta suuresta haasteesta edess\u00e4mme, on ihmiskunnalla suuri yliote, jos voimme reagoida ajoissa. Liittolaisten Tiedonannot paljastavat sek\u00e4 Intervention vahvuudet ett\u00e4 sen heikkoudet. Yksi intervention heikkouksista on sen riippuvaisuus ihmisten alistumisesta ja yhteisty\u00f6st\u00e4 sen tavoitteiden saavuttamisessa. Suuryhteis\u00f6n toimintas\u00e4\u00e4nn\u00f6t t\u00e4ss\u00e4 avaruuden osassa, jossa Maapallomme sijaitsee, sanovat, ett\u00e4 Interventio ei ole sallittua, ellei voida osoittaa, ett\u00e4 alkuper\u00e4isv\u00e4est\u00f6 on toivottanut sen tervetulleeksi ja hyv\u00e4ksynyt sen. T\u00e4ss\u00e4 asiassa \u00e4\u00e4nemme voivat olla vahvoja Suuryhteis\u00f6ss\u00e4. T\u00e4ll\u00e4 hetkell\u00e4 Interventiolla on hyvin v\u00e4h\u00e4n vastustajia. Mutta jos riitt\u00e4v\u00e4n suuri m\u00e4\u00e4r\u00e4 ihmisi\u00e4 tulee tietoiseksi siit\u00e4 ja vastustavat puhuvat sit\u00e4 vastaan, estet\u00e4\u00e4n Interventio ja sen on pakko vet\u00e4yty\u00e4. T\u00e4m\u00e4 on ihmiskunnan ensimm\u00e4inen askel valmistautumisessa kohtaamaan universumin el\u00e4m\u00e4n realiteetit. T\u00e4m\u00e4 askel ja kaikki sit\u00e4 seuraavat askeleet antavat ihmiskunnalle sen ainoan suuren mahdollisuuden p\u00e4\u00e4st\u00e4 ylitse pitk\u00e4aikaisista konflikteistaan ja yhdisty\u00e4 itsepuolustukseen maailman s\u00e4ilytt\u00e4miseksi. Liittolaiset korostavat, ett\u00e4 meill\u00e4 ihmisill\u00e4 on henkinen ja kollektiivinen voima tehd\u00e4 t\u00e4m\u00e4, ja ett\u00e4 meid\u00e4n t\u00e4ytyy tehd\u00e4 t\u00e4m\u00e4, mik\u00e4li haluamme selviyty\u00e4 ja edisty\u00e4 vapaana ja itsen\u00e4isen\u00e4 rotuna universumissa.<\/li><li>Valmistautuminen Kontaktiin Suuryhteis\u00f6n kanssa alkaa tietoisuudella, oppimisella Tietoudesta, hengellisest\u00e4 Mielest\u00e4mme.<\/li><li>Suuryhteis\u00f6n kohdatakseen ihmiskunnan tulee rakentaa yhten\u00e4isyytt\u00e4, omavaraisuutta ja pid\u00e4ttyv\u00e4isyytt\u00e4. N\u00e4m\u00e4 ovat ne kolme edellytyst\u00e4, joita kaikkien vapaiden kansakuntien tulee vakiinnuttaa ollakseen vapaita universumissa.<\/li><\/ol><p style=\"text-align: center; padding-left: 120px;\">___________________________<\/p><p style=\"text-align: center; padding-left: 120px;\"><em>\u201cJos ihmiskunta olisi hyvin perill\u00e4 Suuryhteis\u00f6n asioista, <\/em><em>vastustaisitte mit\u00e4 tahansa vierailua maailmaanne,  <\/em><em>ellei keskin\u00e4ist\u00e4 sopimusta siit\u00e4 ole aiemmin tehty.  <\/em><em>Te tiet\u00e4isitte tarpeeksi, jotta ette antaisi <\/em><em>maailmanne olla niin haavoittuvainen.\u201d<\/em><\/p><p style=\"text-align: center; padding-left: 120px;\"><em><a href=\"https:\/\/www.alliesofhumanity.org\/fi\/the-briefings\/book-one\/\">The Allies of Humanity, Book One<\/a>:<\/em> <a href=\"https:\/\/www.alliesofhumanity.org\/fi\/the-briefings\/book-one\/the-visitors\/\">The Third Briefing<\/a><\/p><p style=\"text-align: center; padding-left: 120px;\"><strong><a href=\"https:\/\/www.alliesofhumanity.org\">www.AlliesofHumanity.org<\/a><\/strong><\/p>\t\t\t\t\t\t\t\t<\/div>\t\t\t\t<\/div>\t\t\t\t\t<\/div>\t\t<\/div>\t\t\t\t\t<\/div>\t\t<\/section>\t\t\t\t<\/div><p>\t\t<\/p>","protected":false},"excerpt":{"rendered":"<p>Ihmiskunnan kohtalona on astuminen ja kontaktin ottaminen maailmankaikkeuden \u00e4lyllisen el\u00e4m\u00e4n Suuryhteis\u00f6\u00f6n. Kontakti muihin \u00e4lyllisen el\u00e4m\u00e4n muotoihin edustaa suurinta kynnyst\u00e4, jonka ihmiskunta on koskaan joutunut kohtaamaan. T\u00e4m\u00e4n kontaktin lopputulos tulee m\u00e4\u00e4ritt\u00e4m\u00e4\u00e4n ihmiskunnan monien sukupolvien tulevaisuuden. T\u00e4m\u00e4 Kontakti tapahtuu parhaillaan. Ihmiskunta ei ole valmistautunut Kontaktiin. Tutkijat eiv\u00e4t edelleenk\u00e4\u00e4n selke\u00e4sti tunnista keit\u00e4 maailmassamme vierailee ja miksi. Hallitukset eiv\u00e4t [&hellip;]<\/p>\n","protected":false},"author":2,"featured_media":0,"parent":8420,"menu_order":5,"comment_status":"closed","ping_status":"closed","template":"page.php","meta":{"_acf_changed":false,"footnotes":""},"class_list":["post-8485","page","type-page","status-publish","hentry"],"acf":[],"yoast_head":"<!-- This site is optimized with the Yoast SEO plugin v26.5 - https:\/\/yoast.com\/wordpress\/plugins\/seo\/ -->\n<title>12-Point Summary of The Allies of Humanity Briefings<\/title>\n<meta name=\"description\" content=\"A Summary of the Allies Briefings. Revealing the extraterrestrial alien presence in the world today and the requirements for ethical contact.\" \/>\n<meta name=\"robots\" content=\"index, follow, max-snippet:-1, max-image-preview:large, max-video-preview:-1\" \/>\n<link rel=\"canonical\" href=\"https:\/\/www.alliesofhumanity.org\/fi\/the-briefings\/12-point-summary-of-the-allies-of-humanity-briefings\/\" \/>\n<meta property=\"og:locale\" content=\"fi_FI\" \/>\n<meta property=\"og:type\" content=\"article\" \/>\n<meta property=\"og:title\" content=\"12-Point Summary of The Allies of Humanity Briefings\" \/>\n<meta property=\"og:description\" content=\"A Summary of the Allies Briefings. Revealing the extraterrestrial alien presence in the world today and the requirements for ethical contact.\" \/>\n<meta property=\"og:url\" content=\"https:\/\/www.alliesofhumanity.org\/fi\/the-briefings\/12-point-summary-of-the-allies-of-humanity-briefings\/\" \/>\n<meta property=\"og:site_name\" content=\"The Allies of Humanity\" \/>\n<meta property=\"article:publisher\" content=\"https:\/\/www.facebook.com\/alliesofhumanity\/\" \/>\n<meta property=\"article:modified_time\" content=\"2021-08-29T16:27:28+00:00\" \/>\n<meta property=\"og:image\" content=\"https:\/\/www.alliesofhumanity.org\/wp-content\/uploads\/2021\/01\/og-socialmedia-aoh.jpg\" \/>\n\t<meta property=\"og:image:width\" content=\"1200\" \/>\n\t<meta property=\"og:image:height\" content=\"630\" \/>\n\t<meta property=\"og:image:type\" content=\"image\/jpeg\" \/>\n<meta name=\"twitter:card\" content=\"summary_large_image\" \/>\n<meta name=\"twitter:title\" content=\"12-Point Summary of The Allies of Humanity Briefings\" \/>\n<meta name=\"twitter:site\" content=\"@earthallies\" \/>\n<meta name=\"twitter:label1\" content=\"Arvioitu lukuaika\" \/>\n\t<meta name=\"twitter:data1\" content=\"4 minuuttia\" \/>\n<script type=\"application\/ld+json\" class=\"yoast-schema-graph\">{\"@context\":\"https:\/\/schema.org\",\"@graph\":[{\"@type\":\"WebPage\",\"@id\":\"https:\/\/www.alliesofhumanity.org\/fi\/the-briefings\/12-point-summary-of-the-allies-of-humanity-briefings\/\",\"url\":\"https:\/\/www.alliesofhumanity.org\/fi\/the-briefings\/12-point-summary-of-the-allies-of-humanity-briefings\/\",\"name\":\"12-Point Summary of The Allies of Humanity Briefings\",\"isPartOf\":{\"@id\":\"https:\/\/www.alliesofhumanity.org\/fi\/#website\"},\"datePublished\":\"2020-12-30T21:04:33+00:00\",\"dateModified\":\"2021-08-29T16:27:28+00:00\",\"description\":\"A Summary of the Allies Briefings. Revealing the extraterrestrial alien presence in the world today and the requirements for ethical contact.\",\"breadcrumb\":{\"@id\":\"https:\/\/www.alliesofhumanity.org\/fi\/the-briefings\/12-point-summary-of-the-allies-of-humanity-briefings\/#breadcrumb\"},\"inLanguage\":\"fi\",\"potentialAction\":[{\"@type\":\"ReadAction\",\"target\":[\"https:\/\/www.alliesofhumanity.org\/fi\/the-briefings\/12-point-summary-of-the-allies-of-humanity-briefings\/\"]}]},{\"@type\":\"BreadcrumbList\",\"@id\":\"https:\/\/www.alliesofhumanity.org\/fi\/the-briefings\/12-point-summary-of-the-allies-of-humanity-briefings\/#breadcrumb\",\"itemListElement\":[{\"@type\":\"ListItem\",\"position\":1,\"name\":\"Tiedonannot\",\"item\":\"https:\/\/www.alliesofhumanity.org\/fi\/the-briefings\/\"},{\"@type\":\"ListItem\",\"position\":2,\"name\":\"Kahdentoista kohdan yhteenveto\"}]},{\"@type\":\"WebSite\",\"@id\":\"https:\/\/www.alliesofhumanity.org\/fi\/#website\",\"url\":\"https:\/\/www.alliesofhumanity.org\/fi\/\",\"name\":\"The Allies of Humanity\",\"description\":\"\",\"potentialAction\":[{\"@type\":\"SearchAction\",\"target\":{\"@type\":\"EntryPoint\",\"urlTemplate\":\"https:\/\/www.alliesofhumanity.org\/fi\/?s={search_term_string}\"},\"query-input\":{\"@type\":\"PropertyValueSpecification\",\"valueRequired\":true,\"valueName\":\"search_term_string\"}}],\"inLanguage\":\"fi\"}]}<\/script>\n<!-- \/ Yoast SEO plugin. -->","yoast_head_json":{"title":"12-Point Summary of The Allies of Humanity Briefings","description":"A Summary of the Allies Briefings. Revealing the extraterrestrial alien presence in the world today and the requirements for ethical contact.","robots":{"index":"index","follow":"follow","max-snippet":"max-snippet:-1","max-image-preview":"max-image-preview:large","max-video-preview":"max-video-preview:-1"},"canonical":"https:\/\/www.alliesofhumanity.org\/fi\/the-briefings\/12-point-summary-of-the-allies-of-humanity-briefings\/","og_locale":"fi_FI","og_type":"article","og_title":"12-Point Summary of The Allies of Humanity Briefings","og_description":"A Summary of the Allies Briefings. Revealing the extraterrestrial alien presence in the world today and the requirements for ethical contact.","og_url":"https:\/\/www.alliesofhumanity.org\/fi\/the-briefings\/12-point-summary-of-the-allies-of-humanity-briefings\/","og_site_name":"The Allies of Humanity","article_publisher":"https:\/\/www.facebook.com\/alliesofhumanity\/","article_modified_time":"2021-08-29T16:27:28+00:00","og_image":[{"width":1200,"height":630,"url":"https:\/\/www.alliesofhumanity.org\/wp-content\/uploads\/2021\/01\/og-socialmedia-aoh.jpg","type":"image\/jpeg"}],"twitter_card":"summary_large_image","twitter_title":"12-Point Summary of The Allies of Humanity Briefings","twitter_site":"@earthallies","twitter_misc":{"Arvioitu lukuaika":"4 minuuttia"},"schema":{"@context":"https:\/\/schema.org","@graph":[{"@type":"WebPage","@id":"https:\/\/www.alliesofhumanity.org\/fi\/the-briefings\/12-point-summary-of-the-allies-of-humanity-briefings\/","url":"https:\/\/www.alliesofhumanity.org\/fi\/the-briefings\/12-point-summary-of-the-allies-of-humanity-briefings\/","name":"12-Point Summary of The Allies of Humanity Briefings","isPartOf":{"@id":"https:\/\/www.alliesofhumanity.org\/fi\/#website"},"datePublished":"2020-12-30T21:04:33+00:00","dateModified":"2021-08-29T16:27:28+00:00","description":"A Summary of the Allies Briefings. Revealing the extraterrestrial alien presence in the world today and the requirements for ethical contact.","breadcrumb":{"@id":"https:\/\/www.alliesofhumanity.org\/fi\/the-briefings\/12-point-summary-of-the-allies-of-humanity-briefings\/#breadcrumb"},"inLanguage":"fi","potentialAction":[{"@type":"ReadAction","target":["https:\/\/www.alliesofhumanity.org\/fi\/the-briefings\/12-point-summary-of-the-allies-of-humanity-briefings\/"]}]},{"@type":"BreadcrumbList","@id":"https:\/\/www.alliesofhumanity.org\/fi\/the-briefings\/12-point-summary-of-the-allies-of-humanity-briefings\/#breadcrumb","itemListElement":[{"@type":"ListItem","position":1,"name":"Tiedonannot","item":"https:\/\/www.alliesofhumanity.org\/fi\/the-briefings\/"},{"@type":"ListItem","position":2,"name":"Kahdentoista kohdan yhteenveto"}]},{"@type":"WebSite","@id":"https:\/\/www.alliesofhumanity.org\/fi\/#website","url":"https:\/\/www.alliesofhumanity.org\/fi\/","name":"The Allies of Humanity","description":"","potentialAction":[{"@type":"SearchAction","target":{"@type":"EntryPoint","urlTemplate":"https:\/\/www.alliesofhumanity.org\/fi\/?s={search_term_string}"},"query-input":{"@type":"PropertyValueSpecification","valueRequired":true,"valueName":"search_term_string"}}],"inLanguage":"fi"}]}},"_links":{"self":[{"href":"https:\/\/www.alliesofhumanity.org\/fi\/wp-json\/wp\/v2\/pages\/8485","targetHints":{"allow":["GET"]}}],"collection":[{"href":"https:\/\/www.alliesofhumanity.org\/fi\/wp-json\/wp\/v2\/pages"}],"about":[{"href":"https:\/\/www.alliesofhumanity.org\/fi\/wp-json\/wp\/v2\/types\/page"}],"author":[{"embeddable":true,"href":"https:\/\/www.alliesofhumanity.org\/fi\/wp-json\/wp\/v2\/users\/2"}],"replies":[{"embeddable":true,"href":"https:\/\/www.alliesofhumanity.org\/fi\/wp-json\/wp\/v2\/comments?post=8485"}],"version-history":[{"count":10,"href":"https:\/\/www.alliesofhumanity.org\/fi\/wp-json\/wp\/v2\/pages\/8485\/revisions"}],"predecessor-version":[{"id":18593,"href":"https:\/\/www.alliesofhumanity.org\/fi\/wp-json\/wp\/v2\/pages\/8485\/revisions\/18593"}],"up":[{"embeddable":true,"href":"https:\/\/www.alliesofhumanity.org\/fi\/wp-json\/wp\/v2\/pages\/8420"}],"wp:attachment":[{"href":"https:\/\/www.alliesofhumanity.org\/fi\/wp-json\/wp\/v2\/media?parent=8485"}],"curies":[{"name":"wp","href":"https:\/\/api.w.org\/{rel}","templated":true}]}}