{"id":8482,"date":"2020-12-30T20:15:10","date_gmt":"2020-12-30T19:15:10","guid":{"rendered":"https:\/\/www.alliesofhumanity.org\/education-and-action\/"},"modified":"2021-08-29T17:58:08","modified_gmt":"2021-08-29T16:58:08","slug":"education-and-action","status":"publish","type":"page","link":"https:\/\/www.alliesofhumanity.org\/fi\/education-and-action\/","title":{"rendered":"Oppiminen ja toiminta"},"content":{"rendered":"\t\t<div data-elementor-type=\"wp-page\" data-elementor-id=\"8482\" class=\"elementor elementor-8482 elementor-1867\" data-elementor-post-type=\"page\">\t\t\t\t\t\t<section class=\"elementor-section elementor-top-section elementor-element elementor-element-4782b150 elementor-section-full_width elementor-section-height-default elementor-section-height-default\" data-id=\"4782b150\" data-element_type=\"section\">\t\t\t\t\t\t<div class=\"elementor-container elementor-column-gap-default\">\t\t\t\t\t<div class=\"elementor-column elementor-col-100 elementor-top-column elementor-element elementor-element-54d1ac8e\" data-id=\"54d1ac8e\" data-element_type=\"column\">\t\t\t<div class=\"elementor-widget-wrap elementor-element-populated\">\t\t\t\t\t\t<div class=\"elementor-element elementor-element-5f862d9 elementor-widget elementor-widget-text-editor\" data-id=\"5f862d9\" data-element_type=\"widget\" data-widget_type=\"text-editor.default\">\t\t\t\t<div class=\"elementor-widget-container\">\t\t\t\t\t\t\t\t\t<h5>Ihmissuvulla on edess\u00e4\u00e4n suurin kynnys sen pitk\u00e4ss\u00e4 historiassa: astuminen mukaan universumin \u00e4lyllisen el\u00e4m\u00e4n Suuryhteis\u00f6\u00f6n. T\u00e4m\u00e4 mukaantulo muuttaa ihmisten havaintoja, uskomuksia sek\u00e4 sen, miten el\u00e4mme t\u00e4\u00e4ll\u00e4 Maassa. Ihmiskunta ei kuitenkaan ole valmis.<\/h5><p>Ensimm\u00e4ist\u00e4 kertaa t\u00e4m\u00e4n Suuryhteis\u00f6n kynnyksen ylitykseen tarvittava valmistautuminen annetaan<br \/><a href=\"https:\/\/www.marshallsummers.com\" target=\"_blank\" rel=\"noopener noreferrer\">MV Summersin<\/a> kirjoitusten kautta.<br \/>T\u00e4m\u00e4 laaja kokoelma Opetuksia poikkeaa kokonaisuudessaan kaikesta siit\u00e4, mit\u00e4 maailmassa t\u00e4ll\u00e4 hetkell\u00e4 on ja se edustaa <a href=\"https:\/\/www.newmessage.org\/fi\" target=\"_blank\" rel=\"noopener noreferrer\">Uutta Sanomaa ihmiskunnalle<\/a>.<\/p><p><strong>Oppiminen ja toiminta ovat olennaisia kun tuodaan t\u00e4t\u00e4 uutta sanomaa ja tietoisuutta ihmiskunnalle.<\/strong><\/p><h5>Jatka Suuryhteis\u00f6st\u00e4 oppimista seuraavasti (englanniksi)<br \/><a title=\"The Free School of the New Message from God\" href=\"https:\/\/community.newmessage.org\" target=\"_blank\" rel=\"noopener noreferrer\">Free School of the New Message.<\/a><br \/>Global, online and open to everyone.<\/h5><h3>Lis\u00e4resursseja:<\/h3><p><a href=\"http:\/\/www.newmessage.org\/the-message\/volume-4\/preparing-for-the-greater-community\">Preparing\u00a0for the Greater Community<\/a><br \/>Chapter 3: <a href=\"http:\/\/www.newmessage.org\/the-message\/volume-4\/preparing-for-the-greater-community\/essential-truths-other-forms-life\">The Essential Truths about the Greater Community<\/a><br \/>Chapter 7:\u00a0<a href=\"http:\/\/www.newmessage.org\/the-message\/volume-4\/preparing-for-the-greater-community\/great-challenge-become-aware\">The Great Challenge Awaiting Humanity<br \/><\/a>Chapter 13:\u00a0<a href=\"http:\/\/www.newmessage.org\/the-message\/volume-4\/preparing-for-the-greater-community\/responses-definition-intelligence\">Human Responses to the Greater Community<\/a><\/p><p><a href=\"https:\/\/www.newmessage.org\/the-message\/volume-4\/life-universe\">Life in the Universe: The reality and spirituality of Life in the Universe<\/a><\/p><p><a href=\"https:\/\/www.newmessage.org\/the-message\/volume-2\/greater-community-spirituality\">Greater Community Spirituality<\/a><br \/>Chapter 6: <a href=\"https:\/\/www.newmessage.org\/the-message\/volume-2\/greater-community-spirituality\/what-is-the-greater-community\">What Is the Greater Community?<\/a><br \/>Chapter 15: <a href=\"https:\/\/www.newmessage.org\/the-message\/volume-2\/greater-community-spirituality\/who-serves-humanity\">Who Serves Humanity?<\/a><br \/>Chapter 21: <a href=\"https:\/\/www.newmessage.org\/the-message\/volume-2\/greater-community-spirituality\/what-is-the-greater-community-way-of-knowledge\">What is The Greater Community Way of Knowledge?<\/a><br \/>Chapter 23:\u00a0<a href=\"https:\/\/www.newmessage.org\/the-message\/volume-2\/greater-community-spirituality\/how-is-knowledge-translated-in-the-greater-community\">How is Knowledge Translated in the Greater Community?<\/a><\/p><p><a href=\"https:\/\/www.newmessage.org\/the-message\/volume-4\/great-waves-change\">The Great Waves of Change<\/a><br \/>Chapter 9: <a href=\"https:\/\/www.newmessage.org\/the-message\/volume-4\/great-waves-change\/the-great-waves-prophecy\">The Great Waves Prophecy<\/a><br \/>Chapter 10: <a href=\"https:\/\/www.newmessage.org\/the-message\/volume-4\/great-waves-change\/the-great-waves-and-the-hidden-reality-of-contact\">The Great Waves and the Reality of Contact<\/a><\/p><p><a href=\"https:\/\/www.newmessage.org\/the-message\/volume-5\/wisdom-greater-community-volume-1\">Wisdom from the Greater Community: Volume One<\/a><br \/>Chapter 3: Greater Community<\/p><p><a href=\"https:\/\/www.newmessage.org\/the-message\/volume-5\/wisdom-greater-community-volume-2\">Wisdom from the Greater Community: Volume Two<\/a><br \/>Chapter 10: <a href=\"https:\/\/www.newmessage.org\/the-message\/volume-5\/wisdom-greater-community-volume-2\/extraterrestrial-encounters\">Greater Community Visitations<\/a><br \/>Chapter 15: Responding to the Greater Community<br \/>Chapter 17: Visitors\u2019 Perceptions of Humanity<br \/>Chapter 25: <a href=\"https:\/\/www.newmessage.org\/the-message\/volume-5\/wisdom-greater-community-volume-2\/natural-environment\">Environments<\/a><br \/>Chapter 28: <a href=\"https:\/\/www.newmessage.org\/the-message\/volume-5\/wisdom-greater-community-volume-2\/other-worlds-reality\">Greater Community Realities<\/a><\/p><p><a href=\"https:\/\/www.newmessage.org\/the-message\/volume-3\/living-way-knowledge\">Living the Way of Knowledge<\/a><br \/>Chapter11: <a href=\"https:\/\/www.newmessage.org\/the-message\/volume-3\/living-way-knowledge\/preparing-for-the-future\">Preparing for the Future<\/a><\/p><p><a href=\"http:\/\/www.newmessage.org\/steps\">Steps to Knowledge: The Book of Inner Knowing<\/a><br \/>Step 157: <a href=\"http:\/\/www.stepstoknowledge.com\/steps\/Step157-I-am-not-alone-in-the-universe.htm\">I am not alone in the universe.<\/a><br \/>Step 187: <a href=\"http:\/\/www.stepstoknowledge.com\/steps\/Step187-I-am-a-citizen-of-the-Greater-Community-of-Worlds.htm\">I am a Citizen of the Greater Community of Worlds.<\/a><br \/>Step 190: <a href=\"http:\/\/www.stepstoknowledge.com\/steps\/Step190-The-world-is-emerging-into-the-Greater-Community-of-Worlds-and-that-is-why-I-have-come.htm\">The world is emerging into the Greater Community of Worlds, and that is why I have come.<\/a><br \/>Step 199: <a href=\"http:\/\/www.stepstoknowledge.com\/steps\/Step199-The-world-I-see-is-emerging-into-the-Greater-Community-of-Worlds.htm\">The world I see is emerging into the Greater Community of Worlds.<\/a><br \/>Step 203: <a href=\"http:\/\/www.stepstoknowledge.com\/steps\/Step203-The-Greater-Community-is-influencing-the-world-I-see.htm\">The Greater Community is influencing the world I see.<\/a><br \/>Step 248: <a href=\"http:\/\/www.stepstoknowledge.com\/steps\/Step248-I-will-rely-upon-the-Wisdom-of-the-universe-to-instruct-me.htm\">I will rely upon the Wisdom of the universe to instruct me.<\/a><br \/>Step 256: <a href=\"http:\/\/www.stepstoknowledge.com\/steps\/Step256-The-world-is-emerging-into-the-Greater-Community-of-Worlds.htm\">The world is emerging into the Greater Community of Worlds.<\/a><br \/>Step 326: <a href=\"http:\/\/www.stepstoknowledge.com\/steps\/Step326-The-Greater-Community-is-something-I-can-feel-but-cannot-understand.htm\">The Greater Community is something I can feel but cannot understand.<\/a><\/p><h3>Uuden Sanoman Opetuksia:<\/h3><ul><li><a href=\"http:\/\/www.newmessage.org\/the-message\/volume-1\/greater-community\/human-unity\">Entering the Greater Community<\/a><\/li><li><a href=\"http:\/\/www.newmessage.org\/the-message\/other-revelations\/the-fate-of-nations\">The Fate of Nations<\/a><\/li><li><a href=\"http:\/\/www.newmessage.org\/the-message\/volume-1\/new-world\/what-will-save-humanity\">What Will Save Humanity<br \/><\/a><\/li><\/ul><h3>Teacher\u2019s Commentaries from <a href=\"https:\/\/www.alliesofhumanity.org\/fi\/the-briefings\/book-two\/\">Allies of Humanity Book Two<\/a>:<\/h3><ul><li>One: <a href=\"https:\/\/www.alliesofhumanity.org\/the-briefings\/book-two\/the-problem-of-human-denial-first-commentary\/\">The Problem of Human Denial<\/a><\/li><li>Two: <a href=\"https:\/\/www.alliesofhumanity.org\/the-briefings\/book-two\/effects-of-the-pacification-program-second-commentary\/\">Effects of the Pacification Program<\/a><\/li><li>Three: <a href=\"https:\/\/www.alliesofhumanity.org\/the-briefings\/book-two\/understanding-the-intervention-third-commentary\/\">Understanding the Intervention<\/a><\/li><\/ul>\t\t\t\t\t\t\t\t<\/div>\t\t\t\t<\/div>\t\t\t\t\t<\/div>\t\t<\/div>\t\t\t\t\t<\/div>\t\t<\/section>\t\t\t\t<\/div><p>\t\t<\/p>","protected":false},"excerpt":{"rendered":"<p>Ihmissuvulla on edess\u00e4\u00e4n suurin kynnys sen pitk\u00e4ss\u00e4 historiassa: astuminen mukaan universumin \u00e4lyllisen el\u00e4m\u00e4n Suuryhteis\u00f6\u00f6n. T\u00e4m\u00e4 mukaantulo muuttaa ihmisten havaintoja, uskomuksia sek\u00e4 sen, miten el\u00e4mme t\u00e4\u00e4ll\u00e4 Maassa. Ihmiskunta ei kuitenkaan ole valmis. Ensimm\u00e4ist\u00e4 kertaa t\u00e4m\u00e4n Suuryhteis\u00f6n kynnyksen ylitykseen tarvittava valmistautuminen annetaanMV Summersin kirjoitusten kautta.T\u00e4m\u00e4 laaja kokoelma Opetuksia poikkeaa kokonaisuudessaan kaikesta siit\u00e4, mit\u00e4 maailmassa t\u00e4ll\u00e4 hetkell\u00e4 on [&hellip;]<\/p>\n","protected":false},"author":2,"featured_media":0,"parent":0,"menu_order":3,"comment_status":"closed","ping_status":"closed","template":"page.php","meta":{"_acf_changed":false,"footnotes":""},"class_list":["post-8482","page","type-page","status-publish","hentry"],"acf":[],"yoast_head":"<!-- This site is optimized with the Yoast SEO plugin v26.5 - https:\/\/yoast.com\/wordpress\/plugins\/seo\/ -->\n<title>Avaruusolentokontakti | Olennainen koulutus ja toiminta<\/title>\n<meta name=\"description\" content=\"T\u00e4m\u00e4 laaja kokoelma Opetuksia poikkeaa kokonaisuudessaan kaikesta siit\u00e4, mit\u00e4 maailmassa t\u00e4ll\u00e4 hetkell\u00e4 on ja se edustaa Uutta Sanomaa ihmiskunnalle.\" \/>\n<meta name=\"robots\" content=\"index, follow, max-snippet:-1, max-image-preview:large, max-video-preview:-1\" \/>\n<link rel=\"canonical\" href=\"https:\/\/www.alliesofhumanity.org\/fi\/education-and-action\/\" \/>\n<meta property=\"og:locale\" content=\"fi_FI\" \/>\n<meta property=\"og:type\" content=\"article\" \/>\n<meta property=\"og:title\" content=\"Avaruusolentokontakti | Olennainen koulutus ja toiminta\" \/>\n<meta property=\"og:description\" content=\"T\u00e4m\u00e4 laaja kokoelma Opetuksia poikkeaa kokonaisuudessaan kaikesta siit\u00e4, mit\u00e4 maailmassa t\u00e4ll\u00e4 hetkell\u00e4 on ja se edustaa Uutta Sanomaa ihmiskunnalle.\" \/>\n<meta property=\"og:url\" content=\"https:\/\/www.alliesofhumanity.org\/fi\/education-and-action\/\" \/>\n<meta property=\"og:site_name\" content=\"The Allies of Humanity\" \/>\n<meta property=\"article:publisher\" content=\"https:\/\/www.facebook.com\/alliesofhumanity\/\" \/>\n<meta property=\"article:modified_time\" content=\"2021-08-29T16:58:08+00:00\" \/>\n<meta property=\"og:image\" content=\"https:\/\/www.alliesofhumanity.org\/wp-content\/uploads\/2021\/01\/og-socialmedia-aoh.jpg\" \/>\n\t<meta property=\"og:image:width\" content=\"1200\" \/>\n\t<meta property=\"og:image:height\" content=\"630\" \/>\n\t<meta property=\"og:image:type\" content=\"image\/jpeg\" \/>\n<meta name=\"twitter:card\" content=\"summary_large_image\" \/>\n<meta name=\"twitter:title\" content=\"Avaruusolentokontakti | Olennainen koulutus ja toiminta\" \/>\n<meta name=\"twitter:site\" content=\"@earthallies\" \/>\n<meta name=\"twitter:label1\" content=\"Arvioitu lukuaika\" \/>\n\t<meta name=\"twitter:data1\" content=\"2 minuuttia\" \/>\n<script type=\"application\/ld+json\" class=\"yoast-schema-graph\">{\"@context\":\"https:\/\/schema.org\",\"@graph\":[{\"@type\":\"WebPage\",\"@id\":\"https:\/\/www.alliesofhumanity.org\/fi\/education-and-action\/\",\"url\":\"https:\/\/www.alliesofhumanity.org\/fi\/education-and-action\/\",\"name\":\"Avaruusolentokontakti | Olennainen koulutus ja toiminta\",\"isPartOf\":{\"@id\":\"https:\/\/www.alliesofhumanity.org\/fi\/#website\"},\"datePublished\":\"2020-12-30T19:15:10+00:00\",\"dateModified\":\"2021-08-29T16:58:08+00:00\",\"description\":\"T\u00e4m\u00e4 laaja kokoelma Opetuksia poikkeaa kokonaisuudessaan kaikesta siit\u00e4, mit\u00e4 maailmassa t\u00e4ll\u00e4 hetkell\u00e4 on ja se edustaa Uutta Sanomaa ihmiskunnalle.\",\"inLanguage\":\"fi\",\"potentialAction\":[{\"@type\":\"ReadAction\",\"target\":[\"https:\/\/www.alliesofhumanity.org\/fi\/education-and-action\/\"]}]},{\"@type\":\"WebSite\",\"@id\":\"https:\/\/www.alliesofhumanity.org\/fi\/#website\",\"url\":\"https:\/\/www.alliesofhumanity.org\/fi\/\",\"name\":\"The Allies of Humanity\",\"description\":\"\",\"potentialAction\":[{\"@type\":\"SearchAction\",\"target\":{\"@type\":\"EntryPoint\",\"urlTemplate\":\"https:\/\/www.alliesofhumanity.org\/fi\/?s={search_term_string}\"},\"query-input\":{\"@type\":\"PropertyValueSpecification\",\"valueRequired\":true,\"valueName\":\"search_term_string\"}}],\"inLanguage\":\"fi\"}]}<\/script>\n<!-- \/ Yoast SEO plugin. -->","yoast_head_json":{"title":"Avaruusolentokontakti | Olennainen koulutus ja toiminta","description":"T\u00e4m\u00e4 laaja kokoelma Opetuksia poikkeaa kokonaisuudessaan kaikesta siit\u00e4, mit\u00e4 maailmassa t\u00e4ll\u00e4 hetkell\u00e4 on ja se edustaa Uutta Sanomaa ihmiskunnalle.","robots":{"index":"index","follow":"follow","max-snippet":"max-snippet:-1","max-image-preview":"max-image-preview:large","max-video-preview":"max-video-preview:-1"},"canonical":"https:\/\/www.alliesofhumanity.org\/fi\/education-and-action\/","og_locale":"fi_FI","og_type":"article","og_title":"Avaruusolentokontakti | Olennainen koulutus ja toiminta","og_description":"T\u00e4m\u00e4 laaja kokoelma Opetuksia poikkeaa kokonaisuudessaan kaikesta siit\u00e4, mit\u00e4 maailmassa t\u00e4ll\u00e4 hetkell\u00e4 on ja se edustaa Uutta Sanomaa ihmiskunnalle.","og_url":"https:\/\/www.alliesofhumanity.org\/fi\/education-and-action\/","og_site_name":"The Allies of Humanity","article_publisher":"https:\/\/www.facebook.com\/alliesofhumanity\/","article_modified_time":"2021-08-29T16:58:08+00:00","og_image":[{"width":1200,"height":630,"url":"https:\/\/www.alliesofhumanity.org\/wp-content\/uploads\/2021\/01\/og-socialmedia-aoh.jpg","type":"image\/jpeg"}],"twitter_card":"summary_large_image","twitter_title":"Avaruusolentokontakti | Olennainen koulutus ja toiminta","twitter_site":"@earthallies","twitter_misc":{"Arvioitu lukuaika":"2 minuuttia"},"schema":{"@context":"https:\/\/schema.org","@graph":[{"@type":"WebPage","@id":"https:\/\/www.alliesofhumanity.org\/fi\/education-and-action\/","url":"https:\/\/www.alliesofhumanity.org\/fi\/education-and-action\/","name":"Avaruusolentokontakti | Olennainen koulutus ja toiminta","isPartOf":{"@id":"https:\/\/www.alliesofhumanity.org\/fi\/#website"},"datePublished":"2020-12-30T19:15:10+00:00","dateModified":"2021-08-29T16:58:08+00:00","description":"T\u00e4m\u00e4 laaja kokoelma Opetuksia poikkeaa kokonaisuudessaan kaikesta siit\u00e4, mit\u00e4 maailmassa t\u00e4ll\u00e4 hetkell\u00e4 on ja se edustaa Uutta Sanomaa ihmiskunnalle.","inLanguage":"fi","potentialAction":[{"@type":"ReadAction","target":["https:\/\/www.alliesofhumanity.org\/fi\/education-and-action\/"]}]},{"@type":"WebSite","@id":"https:\/\/www.alliesofhumanity.org\/fi\/#website","url":"https:\/\/www.alliesofhumanity.org\/fi\/","name":"The Allies of Humanity","description":"","potentialAction":[{"@type":"SearchAction","target":{"@type":"EntryPoint","urlTemplate":"https:\/\/www.alliesofhumanity.org\/fi\/?s={search_term_string}"},"query-input":{"@type":"PropertyValueSpecification","valueRequired":true,"valueName":"search_term_string"}}],"inLanguage":"fi"}]}},"_links":{"self":[{"href":"https:\/\/www.alliesofhumanity.org\/fi\/wp-json\/wp\/v2\/pages\/8482","targetHints":{"allow":["GET"]}}],"collection":[{"href":"https:\/\/www.alliesofhumanity.org\/fi\/wp-json\/wp\/v2\/pages"}],"about":[{"href":"https:\/\/www.alliesofhumanity.org\/fi\/wp-json\/wp\/v2\/types\/page"}],"author":[{"embeddable":true,"href":"https:\/\/www.alliesofhumanity.org\/fi\/wp-json\/wp\/v2\/users\/2"}],"replies":[{"embeddable":true,"href":"https:\/\/www.alliesofhumanity.org\/fi\/wp-json\/wp\/v2\/comments?post=8482"}],"version-history":[{"count":2,"href":"https:\/\/www.alliesofhumanity.org\/fi\/wp-json\/wp\/v2\/pages\/8482\/revisions"}],"predecessor-version":[{"id":14687,"href":"https:\/\/www.alliesofhumanity.org\/fi\/wp-json\/wp\/v2\/pages\/8482\/revisions\/14687"}],"wp:attachment":[{"href":"https:\/\/www.alliesofhumanity.org\/fi\/wp-json\/wp\/v2\/media?parent=8482"}],"curies":[{"name":"wp","href":"https:\/\/api.w.org\/{rel}","templated":true}]}}