{"id":8425,"date":"2020-12-29T19:32:06","date_gmt":"2020-12-29T18:32:06","guid":{"rendered":"https:\/\/www.alliesofhumanity.org\/the-briefings\/book-one\/"},"modified":"2021-02-25T01:52:04","modified_gmt":"2021-02-25T00:52:04","slug":"book-one","status":"publish","type":"page","link":"https:\/\/www.alliesofhumanity.org\/fi\/the-briefings\/book-one\/","title":{"rendered":"1. Kirja"},"content":{"rendered":"<h5>Kaikki Liittolaisten Tiedonannot ovat saatavilla ilmaiseksi netist\u00e4. Aloita matka Ihmiskunnan Liittolaiset 1. Kirjasta.<\/h5>\n<p><a href=\"alien-races-earth\">Ensimm\u00e4inen Tiedonanto: Maan ulkopuolisten l\u00e4sn\u00e4olo maailmassa t\u00e4n\u00e4\u00e4n<\/a><\/p>\n<p><a href=\"human-freedom\">Toinen Tiedonanto: Haaste ihmiskunnan vapaudelle<br \/>\n<\/a><\/p>\n<p><a href=\"the-visitors\">Kolmas Tiedonanto: Suuri varoitus<\/a><\/p>\n<p><a href=\"false-second-coming\">Nelj\u00e4s Tiedonanto: Uskonnollisten traditioiden ja vakaumusten manipulointi<\/a><\/p>\n<p><a href=\"threshold-alien-presence\">Viides Tiedonanto: Kynnys: uusi toivo ihmiskunnalle<\/a><\/p>\n<p><a href=\"questions-about-aliens\">Kuudes Tiedonanto: Kysymyksi\u00e4 ja vastauksia<\/a><\/p>\n<p><a href=\"final-words\">Loppusanat<\/a><\/p>\n<p>The Society for The New Message jakaa nyt <em>Ihmiskunnan Liittolaiset<\/em> netiss\u00e4 maksutta. Teemme n\u00e4in, jotta t\u00e4m\u00e4 viesti voi saavuttaa mahdollisimman paljon ihmisi\u00e4, niin ruohonjuuritasolla kuin poliittisen, taloudellisen ja uskonnollisen vallan piireiss\u00e4.<\/p>\n","protected":false},"excerpt":{"rendered":"<p>Kaikki Liittolaisten Tiedonannot ovat saatavilla ilmaiseksi netist\u00e4. Aloita matka Ihmiskunnan Liittolaiset 1. Kirjasta. Ensimm\u00e4inen Tiedonanto: Maan ulkopuolisten l\u00e4sn\u00e4olo maailmassa t\u00e4n\u00e4\u00e4n Toinen Tiedonanto: Haaste ihmiskunnan vapaudelle Kolmas Tiedonanto: Suuri varoitus Nelj\u00e4s Tiedonanto: Uskonnollisten traditioiden ja vakaumusten manipulointi Viides Tiedonanto: Kynnys: uusi toivo ihmiskunnalle Kuudes Tiedonanto: Kysymyksi\u00e4 ja vastauksia Loppusanat The Society for The New Message jakaa [&hellip;]<\/p>\n","protected":false},"author":2,"featured_media":0,"parent":8420,"menu_order":1,"comment_status":"closed","ping_status":"closed","template":"page-book-start.php","meta":{"_acf_changed":false,"footnotes":""},"class_list":["post-8425","page","type-page","status-publish","hentry"],"acf":[],"yoast_head":"<!-- This site is optimized with the Yoast SEO plugin v26.5 - https:\/\/yoast.com\/wordpress\/plugins\/seo\/ -->\n<title>Allies of Humanity Book 1 | The Allies of Humanity<\/title>\n<meta name=\"description\" content=\"Over twenty years ago, a group of individuals from several different worlds gathered at a discreet location in our solar system near the Earth for the purpose of observing the alien intervention that is occurring in our world.\" \/>\n<meta name=\"robots\" content=\"index, follow, max-snippet:-1, max-image-preview:large, max-video-preview:-1\" \/>\n<link rel=\"canonical\" href=\"https:\/\/www.alliesofhumanity.org\/fi\/the-briefings\/book-one\/\" \/>\n<meta property=\"og:locale\" content=\"fi_FI\" \/>\n<meta property=\"og:type\" content=\"article\" \/>\n<meta property=\"og:title\" content=\"Allies of Humanity Book 1 | The Allies of Humanity\" \/>\n<meta property=\"og:description\" content=\"Over twenty years ago, a group of individuals from several different worlds gathered at a discreet location in our solar system near the Earth for the purpose of observing the alien intervention that is occurring in our world.\" \/>\n<meta property=\"og:url\" content=\"https:\/\/www.alliesofhumanity.org\/fi\/the-briefings\/book-one\/\" \/>\n<meta property=\"og:site_name\" content=\"The Allies of Humanity\" \/>\n<meta property=\"article:publisher\" content=\"https:\/\/www.facebook.com\/alliesofhumanity\/\" \/>\n<meta property=\"article:modified_time\" content=\"2021-02-25T00:52:04+00:00\" \/>\n<meta property=\"og:image\" content=\"https:\/\/www.alliesofhumanity.org\/wp-content\/uploads\/2021\/01\/og-socialmedia-aoh.jpg\" \/>\n\t<meta property=\"og:image:width\" content=\"1200\" \/>\n\t<meta property=\"og:image:height\" content=\"630\" \/>\n\t<meta property=\"og:image:type\" content=\"image\/jpeg\" \/>\n<meta name=\"twitter:card\" content=\"summary_large_image\" \/>\n<meta name=\"twitter:site\" content=\"@earthallies\" \/>\n<script type=\"application\/ld+json\" class=\"yoast-schema-graph\">{\"@context\":\"https:\/\/schema.org\",\"@graph\":[{\"@type\":\"WebPage\",\"@id\":\"https:\/\/www.alliesofhumanity.org\/fi\/the-briefings\/book-one\/\",\"url\":\"https:\/\/www.alliesofhumanity.org\/fi\/the-briefings\/book-one\/\",\"name\":\"Allies of Humanity Book 1 | The Allies of Humanity\",\"isPartOf\":{\"@id\":\"https:\/\/www.alliesofhumanity.org\/fi\/#website\"},\"datePublished\":\"2020-12-29T18:32:06+00:00\",\"dateModified\":\"2021-02-25T00:52:04+00:00\",\"description\":\"Over twenty years ago, a group of individuals from several different worlds gathered at a discreet location in our solar system near the Earth for the purpose of observing the alien intervention that is occurring in our world.\",\"breadcrumb\":{\"@id\":\"https:\/\/www.alliesofhumanity.org\/fi\/the-briefings\/book-one\/#breadcrumb\"},\"inLanguage\":\"fi\",\"potentialAction\":[{\"@type\":\"ReadAction\",\"target\":[\"https:\/\/www.alliesofhumanity.org\/fi\/the-briefings\/book-one\/\"]}]},{\"@type\":\"BreadcrumbList\",\"@id\":\"https:\/\/www.alliesofhumanity.org\/fi\/the-briefings\/book-one\/#breadcrumb\",\"itemListElement\":[{\"@type\":\"ListItem\",\"position\":1,\"name\":\"Tiedonannot\",\"item\":\"https:\/\/www.alliesofhumanity.org\/fi\/the-briefings\/\"},{\"@type\":\"ListItem\",\"position\":2,\"name\":\"1. Kirja\"}]},{\"@type\":\"WebSite\",\"@id\":\"https:\/\/www.alliesofhumanity.org\/fi\/#website\",\"url\":\"https:\/\/www.alliesofhumanity.org\/fi\/\",\"name\":\"The Allies of Humanity\",\"description\":\"\",\"potentialAction\":[{\"@type\":\"SearchAction\",\"target\":{\"@type\":\"EntryPoint\",\"urlTemplate\":\"https:\/\/www.alliesofhumanity.org\/fi\/?s={search_term_string}\"},\"query-input\":{\"@type\":\"PropertyValueSpecification\",\"valueRequired\":true,\"valueName\":\"search_term_string\"}}],\"inLanguage\":\"fi\"}]}<\/script>\n<!-- \/ Yoast SEO plugin. -->","yoast_head_json":{"title":"Allies of Humanity Book 1 | The Allies of Humanity","description":"Over twenty years ago, a group of individuals from several different worlds gathered at a discreet location in our solar system near the Earth for the purpose of observing the alien intervention that is occurring in our world.","robots":{"index":"index","follow":"follow","max-snippet":"max-snippet:-1","max-image-preview":"max-image-preview:large","max-video-preview":"max-video-preview:-1"},"canonical":"https:\/\/www.alliesofhumanity.org\/fi\/the-briefings\/book-one\/","og_locale":"fi_FI","og_type":"article","og_title":"Allies of Humanity Book 1 | The Allies of Humanity","og_description":"Over twenty years ago, a group of individuals from several different worlds gathered at a discreet location in our solar system near the Earth for the purpose of observing the alien intervention that is occurring in our world.","og_url":"https:\/\/www.alliesofhumanity.org\/fi\/the-briefings\/book-one\/","og_site_name":"The Allies of Humanity","article_publisher":"https:\/\/www.facebook.com\/alliesofhumanity\/","article_modified_time":"2021-02-25T00:52:04+00:00","og_image":[{"width":1200,"height":630,"url":"https:\/\/www.alliesofhumanity.org\/wp-content\/uploads\/2021\/01\/og-socialmedia-aoh.jpg","type":"image\/jpeg"}],"twitter_card":"summary_large_image","twitter_site":"@earthallies","schema":{"@context":"https:\/\/schema.org","@graph":[{"@type":"WebPage","@id":"https:\/\/www.alliesofhumanity.org\/fi\/the-briefings\/book-one\/","url":"https:\/\/www.alliesofhumanity.org\/fi\/the-briefings\/book-one\/","name":"Allies of Humanity Book 1 | The Allies of Humanity","isPartOf":{"@id":"https:\/\/www.alliesofhumanity.org\/fi\/#website"},"datePublished":"2020-12-29T18:32:06+00:00","dateModified":"2021-02-25T00:52:04+00:00","description":"Over twenty years ago, a group of individuals from several different worlds gathered at a discreet location in our solar system near the Earth for the purpose of observing the alien intervention that is occurring in our world.","breadcrumb":{"@id":"https:\/\/www.alliesofhumanity.org\/fi\/the-briefings\/book-one\/#breadcrumb"},"inLanguage":"fi","potentialAction":[{"@type":"ReadAction","target":["https:\/\/www.alliesofhumanity.org\/fi\/the-briefings\/book-one\/"]}]},{"@type":"BreadcrumbList","@id":"https:\/\/www.alliesofhumanity.org\/fi\/the-briefings\/book-one\/#breadcrumb","itemListElement":[{"@type":"ListItem","position":1,"name":"Tiedonannot","item":"https:\/\/www.alliesofhumanity.org\/fi\/the-briefings\/"},{"@type":"ListItem","position":2,"name":"1. Kirja"}]},{"@type":"WebSite","@id":"https:\/\/www.alliesofhumanity.org\/fi\/#website","url":"https:\/\/www.alliesofhumanity.org\/fi\/","name":"The Allies of Humanity","description":"","potentialAction":[{"@type":"SearchAction","target":{"@type":"EntryPoint","urlTemplate":"https:\/\/www.alliesofhumanity.org\/fi\/?s={search_term_string}"},"query-input":{"@type":"PropertyValueSpecification","valueRequired":true,"valueName":"search_term_string"}}],"inLanguage":"fi"}]}},"_links":{"self":[{"href":"https:\/\/www.alliesofhumanity.org\/fi\/wp-json\/wp\/v2\/pages\/8425","targetHints":{"allow":["GET"]}}],"collection":[{"href":"https:\/\/www.alliesofhumanity.org\/fi\/wp-json\/wp\/v2\/pages"}],"about":[{"href":"https:\/\/www.alliesofhumanity.org\/fi\/wp-json\/wp\/v2\/types\/page"}],"author":[{"embeddable":true,"href":"https:\/\/www.alliesofhumanity.org\/fi\/wp-json\/wp\/v2\/users\/2"}],"replies":[{"embeddable":true,"href":"https:\/\/www.alliesofhumanity.org\/fi\/wp-json\/wp\/v2\/comments?post=8425"}],"version-history":[{"count":6,"href":"https:\/\/www.alliesofhumanity.org\/fi\/wp-json\/wp\/v2\/pages\/8425\/revisions"}],"predecessor-version":[{"id":13577,"href":"https:\/\/www.alliesofhumanity.org\/fi\/wp-json\/wp\/v2\/pages\/8425\/revisions\/13577"}],"up":[{"embeddable":true,"href":"https:\/\/www.alliesofhumanity.org\/fi\/wp-json\/wp\/v2\/pages\/8420"}],"wp:attachment":[{"href":"https:\/\/www.alliesofhumanity.org\/fi\/wp-json\/wp\/v2\/media?parent=8425"}],"curies":[{"name":"wp","href":"https:\/\/api.w.org\/{rel}","templated":true}]}}