{"id":8420,"date":"2020-12-29T18:27:58","date_gmt":"2020-12-29T17:27:58","guid":{"rendered":"https:\/\/www.alliesofhumanity.org\/the-briefings\/"},"modified":"2021-03-03T20:29:02","modified_gmt":"2021-03-03T19:29:02","slug":"the-briefings","status":"publish","type":"page","link":"https:\/\/www.alliesofhumanity.org\/fi\/the-briefings\/","title":{"rendered":"Tiedonannot"},"content":{"rendered":"","protected":false},"excerpt":{"rendered":"","protected":false},"author":2,"featured_media":0,"parent":0,"menu_order":2,"comment_status":"closed","ping_status":"closed","template":"page-landing.php","meta":{"_acf_changed":false,"footnotes":""},"class_list":["post-8420","page","type-page","status-publish","hentry"],"acf":[],"yoast_head":"<!-- This site is optimized with the Yoast SEO plugin v26.5 - https:\/\/yoast.com\/wordpress\/plugins\/seo\/ -->\n<title>Ihmiskunnan Liittolaisten Tiedonannot<\/title>\n<meta name=\"description\" content=\"Ihmiskunnan Liittolaiset sis\u00e4lt\u00e4\u00e4 joukon t\u00e4rkeit\u00e4, ja jopa h\u00e4lytt\u00e4vi\u00e4 v\u00e4itteit\u00e4 kasvavasta avaruusolentojen interventiosta ja integroitumisesta ihmiskuntaan, sek\u00e4 n\u00e4iden olentojen aktiviteeteista ja salaisesta agendasta.\" \/>\n<meta name=\"robots\" content=\"index, follow, max-snippet:-1, max-image-preview:large, max-video-preview:-1\" \/>\n<link rel=\"canonical\" href=\"https:\/\/www.alliesofhumanity.org\/fi\/the-briefings\/\" \/>\n<meta property=\"og:locale\" content=\"fi_FI\" \/>\n<meta property=\"og:type\" content=\"article\" \/>\n<meta property=\"og:title\" content=\"Ihmiskunnan Liittolaisten Tiedonannot\" \/>\n<meta property=\"og:description\" content=\"Ihmiskunnan Liittolaiset sis\u00e4lt\u00e4\u00e4 joukon t\u00e4rkeit\u00e4, ja jopa h\u00e4lytt\u00e4vi\u00e4 v\u00e4itteit\u00e4 kasvavasta avaruusolentojen interventiosta ja integroitumisesta ihmiskuntaan, sek\u00e4 n\u00e4iden olentojen aktiviteeteista ja salaisesta agendasta.\" \/>\n<meta property=\"og:url\" content=\"https:\/\/www.alliesofhumanity.org\/fi\/the-briefings\/\" \/>\n<meta property=\"og:site_name\" content=\"The Allies of Humanity\" \/>\n<meta property=\"article:publisher\" content=\"https:\/\/www.facebook.com\/alliesofhumanity\/\" \/>\n<meta property=\"article:modified_time\" content=\"2021-03-03T19:29:02+00:00\" \/>\n<meta property=\"og:image\" content=\"https:\/\/www.alliesofhumanity.org\/wp-content\/uploads\/2021\/01\/og-socialmedia-aoh.jpg\" \/>\n\t<meta property=\"og:image:width\" content=\"1200\" \/>\n\t<meta property=\"og:image:height\" content=\"630\" \/>\n\t<meta property=\"og:image:type\" content=\"image\/jpeg\" \/>\n<meta name=\"twitter:card\" content=\"summary_large_image\" \/>\n<meta name=\"twitter:site\" content=\"@earthallies\" \/>\n<script type=\"application\/ld+json\" class=\"yoast-schema-graph\">{\"@context\":\"https:\/\/schema.org\",\"@graph\":[{\"@type\":\"WebPage\",\"@id\":\"https:\/\/www.alliesofhumanity.org\/fi\/the-briefings\/\",\"url\":\"https:\/\/www.alliesofhumanity.org\/fi\/the-briefings\/\",\"name\":\"Ihmiskunnan Liittolaisten Tiedonannot\",\"isPartOf\":{\"@id\":\"https:\/\/www.alliesofhumanity.org\/fi\/#website\"},\"datePublished\":\"2020-12-29T17:27:58+00:00\",\"dateModified\":\"2021-03-03T19:29:02+00:00\",\"description\":\"Ihmiskunnan Liittolaiset sis\u00e4lt\u00e4\u00e4 joukon t\u00e4rkeit\u00e4, ja jopa h\u00e4lytt\u00e4vi\u00e4 v\u00e4itteit\u00e4 kasvavasta avaruusolentojen interventiosta ja integroitumisesta ihmiskuntaan, sek\u00e4 n\u00e4iden olentojen aktiviteeteista ja salaisesta agendasta.\",\"inLanguage\":\"fi\",\"potentialAction\":[{\"@type\":\"ReadAction\",\"target\":[\"https:\/\/www.alliesofhumanity.org\/fi\/the-briefings\/\"]}]},{\"@type\":\"WebSite\",\"@id\":\"https:\/\/www.alliesofhumanity.org\/fi\/#website\",\"url\":\"https:\/\/www.alliesofhumanity.org\/fi\/\",\"name\":\"The Allies of Humanity\",\"description\":\"\",\"potentialAction\":[{\"@type\":\"SearchAction\",\"target\":{\"@type\":\"EntryPoint\",\"urlTemplate\":\"https:\/\/www.alliesofhumanity.org\/fi\/?s={search_term_string}\"},\"query-input\":{\"@type\":\"PropertyValueSpecification\",\"valueRequired\":true,\"valueName\":\"search_term_string\"}}],\"inLanguage\":\"fi\"}]}<\/script>\n<!-- \/ Yoast SEO plugin. -->","yoast_head_json":{"title":"Ihmiskunnan Liittolaisten Tiedonannot","description":"Ihmiskunnan Liittolaiset sis\u00e4lt\u00e4\u00e4 joukon t\u00e4rkeit\u00e4, ja jopa h\u00e4lytt\u00e4vi\u00e4 v\u00e4itteit\u00e4 kasvavasta avaruusolentojen interventiosta ja integroitumisesta ihmiskuntaan, sek\u00e4 n\u00e4iden olentojen aktiviteeteista ja salaisesta agendasta.","robots":{"index":"index","follow":"follow","max-snippet":"max-snippet:-1","max-image-preview":"max-image-preview:large","max-video-preview":"max-video-preview:-1"},"canonical":"https:\/\/www.alliesofhumanity.org\/fi\/the-briefings\/","og_locale":"fi_FI","og_type":"article","og_title":"Ihmiskunnan Liittolaisten Tiedonannot","og_description":"Ihmiskunnan Liittolaiset sis\u00e4lt\u00e4\u00e4 joukon t\u00e4rkeit\u00e4, ja jopa h\u00e4lytt\u00e4vi\u00e4 v\u00e4itteit\u00e4 kasvavasta avaruusolentojen interventiosta ja integroitumisesta ihmiskuntaan, sek\u00e4 n\u00e4iden olentojen aktiviteeteista ja salaisesta agendasta.","og_url":"https:\/\/www.alliesofhumanity.org\/fi\/the-briefings\/","og_site_name":"The Allies of Humanity","article_publisher":"https:\/\/www.facebook.com\/alliesofhumanity\/","article_modified_time":"2021-03-03T19:29:02+00:00","og_image":[{"width":1200,"height":630,"url":"https:\/\/www.alliesofhumanity.org\/wp-content\/uploads\/2021\/01\/og-socialmedia-aoh.jpg","type":"image\/jpeg"}],"twitter_card":"summary_large_image","twitter_site":"@earthallies","schema":{"@context":"https:\/\/schema.org","@graph":[{"@type":"WebPage","@id":"https:\/\/www.alliesofhumanity.org\/fi\/the-briefings\/","url":"https:\/\/www.alliesofhumanity.org\/fi\/the-briefings\/","name":"Ihmiskunnan Liittolaisten Tiedonannot","isPartOf":{"@id":"https:\/\/www.alliesofhumanity.org\/fi\/#website"},"datePublished":"2020-12-29T17:27:58+00:00","dateModified":"2021-03-03T19:29:02+00:00","description":"Ihmiskunnan Liittolaiset sis\u00e4lt\u00e4\u00e4 joukon t\u00e4rkeit\u00e4, ja jopa h\u00e4lytt\u00e4vi\u00e4 v\u00e4itteit\u00e4 kasvavasta avaruusolentojen interventiosta ja integroitumisesta ihmiskuntaan, sek\u00e4 n\u00e4iden olentojen aktiviteeteista ja salaisesta agendasta.","inLanguage":"fi","potentialAction":[{"@type":"ReadAction","target":["https:\/\/www.alliesofhumanity.org\/fi\/the-briefings\/"]}]},{"@type":"WebSite","@id":"https:\/\/www.alliesofhumanity.org\/fi\/#website","url":"https:\/\/www.alliesofhumanity.org\/fi\/","name":"The Allies of Humanity","description":"","potentialAction":[{"@type":"SearchAction","target":{"@type":"EntryPoint","urlTemplate":"https:\/\/www.alliesofhumanity.org\/fi\/?s={search_term_string}"},"query-input":{"@type":"PropertyValueSpecification","valueRequired":true,"valueName":"search_term_string"}}],"inLanguage":"fi"}]}},"_links":{"self":[{"href":"https:\/\/www.alliesofhumanity.org\/fi\/wp-json\/wp\/v2\/pages\/8420","targetHints":{"allow":["GET"]}}],"collection":[{"href":"https:\/\/www.alliesofhumanity.org\/fi\/wp-json\/wp\/v2\/pages"}],"about":[{"href":"https:\/\/www.alliesofhumanity.org\/fi\/wp-json\/wp\/v2\/types\/page"}],"author":[{"embeddable":true,"href":"https:\/\/www.alliesofhumanity.org\/fi\/wp-json\/wp\/v2\/users\/2"}],"replies":[{"embeddable":true,"href":"https:\/\/www.alliesofhumanity.org\/fi\/wp-json\/wp\/v2\/comments?post=8420"}],"version-history":[{"count":1,"href":"https:\/\/www.alliesofhumanity.org\/fi\/wp-json\/wp\/v2\/pages\/8420\/revisions"}],"predecessor-version":[{"id":14655,"href":"https:\/\/www.alliesofhumanity.org\/fi\/wp-json\/wp\/v2\/pages\/8420\/revisions\/14655"}],"wp:attachment":[{"href":"https:\/\/www.alliesofhumanity.org\/fi\/wp-json\/wp\/v2\/media?parent=8420"}],"curies":[{"name":"wp","href":"https:\/\/api.w.org\/{rel}","templated":true}]}}