{"id":8417,"date":"2020-12-29T18:14:17","date_gmt":"2020-12-29T17:14:17","guid":{"rendered":"https:\/\/www.alliesofhumanity.org\/the-allies\/"},"modified":"2021-02-26T19:11:09","modified_gmt":"2021-02-26T18:11:09","slug":"the-allies","status":"publish","type":"page","link":"https:\/\/www.alliesofhumanity.org\/fi\/the-allies\/","title":{"rendered":"Liittolaiset"},"content":{"rendered":"\t\t<div data-elementor-type=\"wp-page\" data-elementor-id=\"8417\" class=\"elementor elementor-8417 elementor-758\" data-elementor-post-type=\"page\">\t\t\t\t\t\t<section class=\"elementor-section elementor-top-section elementor-element elementor-element-13aff578 elementor-section-full_width elementor-section-height-default elementor-section-height-default\" data-id=\"13aff578\" data-element_type=\"section\">\t\t\t\t\t\t<div class=\"elementor-container elementor-column-gap-default\">\t\t\t\t\t<div class=\"elementor-column elementor-col-100 elementor-top-column elementor-element elementor-element-73bd0eae\" data-id=\"73bd0eae\" data-element_type=\"column\">\t\t\t<div class=\"elementor-widget-wrap elementor-element-populated\">\t\t\t\t\t\t<div class=\"elementor-element elementor-element-0581c07 elementor-widget elementor-widget-text-editor\" data-id=\"0581c07\" data-element_type=\"widget\" data-widget_type=\"text-editor.default\">\t\t\t\t<div class=\"elementor-widget-container\">\t\t\t\t\t\t\t\t\t<h5>Ihmiskunnan Liittolaiset on tuomassa ihmisille valmistelua kokonaan uudenlaiseen todellisuuteen, joka on pitk\u00e4lti salassa ja tunnistamaton nykymaailmassa. Se tuo mukanaan uuden n\u00e4k\u00f6kulman, joka voimauttaa ihmisi\u00e4 kohtaamaan kaikkein suurimman haasteen ja mahdollisuuden, joka meill\u00e4 ihmislajina on koskaan edess\u00e4mme ollut.<\/h5><p>Ihmiskunnan Liittolaiset sis\u00e4lt\u00e4\u00e4 joukon t\u00e4rkeit\u00e4 ja jopa h\u00e4lytt\u00e4vi\u00e4 v\u00e4itteit\u00e4 kasvavasta maan ulkopuolisten inverventiosta ja integroitumisesta ihmislajiin, sek\u00e4 muukalaisten aktiviteeteista ja salaisesta agendasta.<\/p><p>Ihmiskunnan Liittolaisten Tiedonantojen tarkoitus ei ole tuottaa kiistatonta todistusaineistoa muukalaisten vierailuista maailmassamme, mik\u00e4 on jo hyvin dokumentoitu muissa hyviss\u00e4 kirjoissa ja tutkimusjulkaisuissa t\u00e4st\u00e4 aiheesta. Liittolaisten Tiedonantojen tarkoitus on k\u00e4sitell\u00e4 t\u00e4m\u00e4n ilmi\u00f6n kauaskantoisia vaikutuksia, haastaa ihmiskunnan taipumukset ja oletukset siihen liittyen, sek\u00e4 varoittaa ihmissukua suuresta kynnyksest\u00e4, joka meill\u00e4 nyt on edess\u00e4mme.<\/p><p>Tiedonannot avaavat n\u00e4kym\u00e4\u00e4 \u00e4lyllisen el\u00e4m\u00e4n universumiin sek\u00e4 siihen, mit\u00e4 Kontakti todella tarkoittaa tulevaisuudessa. Monille lukijoille <em>Ihmiskunnan Liittolaisten<\/em> paljastukset ovat t\u00e4ysin uusia. Toisille se vahvistaa asiat, jotka he ovat jo kauan tunteneet ja tienneet.<\/p><p>Vaikka n\u00e4m\u00e4 Tiedonannot ovat kiireellinen viesti, on niiss\u00e4 kyse my\u00f6s astumisesta kohti korkeampaa tietoisuutta, jota kutsutaan englanniksi nimell\u00e4 <a href=\"https:\/\/www.newmessage.org\/wiki\/Knowledge_Quotes\">\u201cKnowledge<em>\u201d<\/em><\/a><em>,<\/em> (Tietous), johon sis\u00e4ltyy my\u00f6s telepaattinen viestint\u00e4keino ihmisten ja humanoidilajien v\u00e4lill\u00e4. T\u00e4ll\u00e4 keinolla Liittolaisten Tiedonannot v\u00e4litettiin kirjoittajalle <a href=\"https:\/\/marshallsummers.com\">Marshall Vian Summersille<\/a> monen rodun yksil\u00f6ist\u00e4 koostuvan ryhm\u00e4n kautta, joka kutsuu itse\u00e4\u00e4n nimell\u00e4 &#8221;Allies of Humanity&#8221;<\/p><p>He kuvaavat itse\u00e4\u00e4n fyysisiksi olennoiksi toisista maailmoista, jotka kokoontuivat l\u00e4helle Maapalloa aurinkokunnassa, tarkoituksenaan tarkkailla avaruuden muukalaisten kommunikaatiota ja aktiviteetteja maailmassamme, jonne n\u00e4m\u00e4 ovat tunkeutuneet sekaantumaan ihmisten asioihin. He korostavat, ett\u00e4 he itse eiv\u00e4t ole fyysisesti l\u00e4sn\u00e4 maailmassamme, vaan ovat antamassa tarpeellista viisautta, ei teknologiaa tai v\u00e4liintuloa.<\/p><p>Liittolaisten Tiedonannot annettiin kirjoittajalle yhden vuoden kuluessa. Ne antavat n\u00e4k\u00f6kulmaa ja visoita monimutkaiseen aiheeseen, joka huolimatta vuosikymmenten kasvavista todisteista, edelleen h\u00e4mm\u00e4stytt\u00e4\u00e4 tutkijoita. Kuitenkaan t\u00e4m\u00e4 n\u00e4k\u00f6kulma aiheeseen ei ole l\u00e4hestymistavaltaan romantisoiva, spekulatiivinen tai idealistinen. P\u00e4invastoin, se on suorasukaisen realistinen ja tinkim\u00e4t\u00f6n aina siihen pisteeseen asti, ett\u00e4 se voi osoittautua varsin haasteelliseksi, jopa sellaiselle lukijalle, joka tuntee aiheen hyvin.<\/p><p class=\"float-left bleed-left\"><img decoding=\"async\" src=\"https:\/\/www.alliesofhumanity.org\/wp-content\/uploads\/2020\/06\/960x540-aoh-book-1.jpg\" alt=\"\" \/><\/p><p>Sen vuoksi sis\u00e4ist\u00e4\u00e4ksesi sen, mit\u00e4 t\u00e4m\u00e4 kirja tarjoaa, edellytet\u00e4\u00e4n luopumista ainakin hetkeksi monista uskomuksista, olettamuksista ja kysymyksist\u00e4, joita sinulla voi olla koskien maapallon ulkopuolisten kontaktia ja jopa koskien sit\u00e4, miten t\u00e4m\u00e4 kirja on vastaanotettu. T\u00e4m\u00e4n kirjan sis\u00e4lt\u00f6 on kuin pulloposti maailman ulkopuolelta. N\u00e4in ollen meid\u00e4n ei tulisi olla huolissamme pullosta vaan itse viestist\u00e4.<\/p><p>Jotta voimme todella ymm\u00e4rt\u00e4\u00e4 t\u00e4t\u00e4 haastavaa viesti\u00e4, meid\u00e4n t\u00e4ytyy kohdata ja kyseenalaistaa monia olemassaolevia olettamuksia ja taipumuksia koskien maapallon ulkopuolisen kontaktin todellisuutta. N\u00e4it\u00e4 ovat:<\/p><ul><li>kielt\u00e4minen<\/li><li>toiveikkaat odotukset<\/li><li>uskomusten vahvistaminen todistusaineiston v\u00e4\u00e4r\u00e4ll\u00e4 tulkinnalla<\/li><li>pelastuksen haluaminen ja odottaminen \u201dvierailijoilta\u201d<\/li><li>uskominen siihen, ett\u00e4 maapallon ulkopuolinen teknologia pelastaa meid\u00e4t<\/li><li>ep\u00e4toivon ja alistumisen tunne sen suhteen, jonka oletamme olevan ylivoimainen voima<\/li><li>paljastusten vaatiminen hallituksilta, mutta ei paljastusten vaatimista avaruuden muukalaisilta<\/li><li>ihmiskunnan johtajien ja instituutioiden tuomitseminen samalla kun hyv\u00e4ksymme \u201cvierailijat\u201d kyseenalaistamatta<\/li><li>olettamalla hyv\u00e4n tarkoituksen, koska he eiv\u00e4t ole hy\u00f6k\u00e4nneet tai miehitt\u00e4neet meit\u00e4<\/li><li>olettamalla, ett\u00e4 kehittynyt teknologia tarkoittaa kehittynytt\u00e4 etiikkaa ja hengellisyytt\u00e4<\/li><li>uskomalla, ett\u00e4 t\u00e4m\u00e4 ilmi\u00f6 on mysteeri, vaikka tosiasiassa se on t\u00e4ysin k\u00e4sitett\u00e4viss\u00e4 oleva tapahtuma<\/li><li>uskomalla, ett\u00e4 avaruuden muukalaisilla on jonkinlainen oikeus ihmiskuntaan ja t\u00e4h\u00e4n planeettaan<\/li><li>sek\u00e4 uskominen, ett\u00e4 ihmiskunta on parantumaton, eik\u00e4 se voi selviyty\u00e4 omillaan.<\/li><\/ul><p>Liittolaisten Tiedonannot haastavat t\u00e4llaiset olettamukset ja taipumukset sek\u00e4 paljastavat monia myyttej\u00e4, joita meill\u00e4 on niist\u00e4, jotka ovat vierailemassa planeetallamme ja siit\u00e4, miksi he ovat t\u00e4\u00e4ll\u00e4.<\/p><p>Ihmiskunnan Liittolaisten Tiedonannot antavat meille laajemman n\u00e4k\u00f6kulman ja syvemm\u00e4n ymm\u00e4rryksen kohtalostamme maailmankaikkeuden \u00e4lyllisen el\u00e4m\u00e4n laajemmassa panoraamassa. Saavuttakseen t\u00e4m\u00e4n Liittolaiset eiv\u00e4t puhu meid\u00e4n analyyttiselle mielellemme vaan Tietoudelle, sille syvemm\u00e4lle osalle meid\u00e4n olemuksestamme, jossa totuus, olkoon se kuinka pimennossa tahansa, voidaan erottaa ja kokea.<\/p><p><em>Ihmiskunnan Liittolaiset<\/em>\u00a0her\u00e4tt\u00e4\u00e4 monia kysymyksi\u00e4, jotka vaativat syvemp\u00e4\u00e4 tutkiskelua ja mietiskely\u00e4. Sen painopisteen\u00e4 ei ole tarjota nimi\u00e4, p\u00e4iv\u00e4m\u00e4\u00e4ri\u00e4 ja paikkoja vaan sellainen n\u00e4k\u00f6kulma avaruuden muukalaisten l\u00e4sn\u00e4oloon maailmassa ja el\u00e4m\u00e4\u00e4n maailmankaikkeudessa, jollaista meill\u00e4 ihmisill\u00e4 ei muuten voisi olla.<\/p><p>Koska el\u00e4mme edelleen eristyneisyydess\u00e4 planeettamme pinnalla, emme voi viel\u00e4 n\u00e4hd\u00e4 emmek\u00e4 tiet\u00e4\u00e4, mit\u00e4 on k\u00e4ynniss\u00e4 koskien \u00e4lyllist\u00e4 el\u00e4m\u00e4\u00e4 rajojemme ulkopuolella. T\u00e4t\u00e4 varten me tarvitsemme apua, hyvin ep\u00e4tavallista apua. Me emme ehk\u00e4 aluksi tunnista tai hyv\u00e4ksy sellaista apua. Se on kuitenkin t\u00e4\u00e4ll\u00e4.<\/p><p class=\"float-right bleed-right\"><img decoding=\"async\" src=\"https:\/\/www.alliesofhumanity.org\/wp-content\/uploads\/2020\/06\/960x540-aoh-book-2.jpg\" alt=\"\" \/><\/p><p>Liittolaiset ovat ottaneet teht\u00e4v\u00e4kseen varoittaa meit\u00e4 riskeist\u00e4, jotka liittyv\u00e4t siirtymiseemme \u00e4lyllisen el\u00e4m\u00e4n Suuryhteis\u00f6\u00f6n, sek\u00e4 auttaa meit\u00e4 onnistuneesti t\u00e4m\u00e4n kynnyksen yli siten, ett\u00e4 ihmiskunnan vapaus, itsen\u00e4isyys ja itsem\u00e4\u00e4r\u00e4\u00e4misoikeus voidaan s\u00e4ilytt\u00e4\u00e4.<\/p><p>Liittolaiset ovat t\u00e4\u00e4ll\u00e4 kertomassa, ett\u00e4 ihmiskunnan on tarpeen m\u00e4\u00e4ritell\u00e4 omat \u201dKanssak\u00e4ymisen S\u00e4\u00e4nn\u00f6t\u201d n\u00e4in\u00e4 ennenkokemattomina aikoina. Liittolaisten mukaan olemme kykenevi\u00e4 ottamaan meille tarkoitetun paikkamme t\u00e4ysikasvuisena ja vapaana rotuna Suuryhteis\u00f6ss\u00e4, jos olemme viisaita, valmistautuneita ja yhdistyneit\u00e4.<\/p><p>Sin\u00e4 aikana kun t\u00e4m\u00e4 sarja tiedonantoja tapahtui, Liittolaiset toistivat tiettyj\u00e4 avainajatuksia, joiden he tunsivat olevan elint\u00e4rkeit\u00e4 ymm\u00e4rryksemme muodostumiselle. Olemme yll\u00e4pit\u00e4neet n\u00e4m\u00e4 toistot kirjassa s\u00e4ilytt\u00e4\u00e4ksemme heid\u00e4n kommunikaationsa aikomuksen ja eheyden. Johtuen liittolaisten viestin kiireellisest\u00e4 luonteesta, ja johtuen maailmassa olevista voimista, jotka vastustaisivat t\u00e4t\u00e4 viesti\u00e4, on n\u00e4iss\u00e4 toistoissa viisautta ja v\u00e4ltt\u00e4m\u00e4tt\u00f6myytt\u00e4.<\/p><p>Vuoden 2001\u00a0<em>Ihmiskunnan Liittolaisten<\/em> julkaisun j\u00e4lkeen Liittolaiset antoivat toisen kokoelman Tiedonantoja t\u00e4ydent\u00e4\u00e4kseen elint\u00e4rke\u00e4\u00e4 viesti\u00e4\u00e4n ihmiskunnalle. <em>Ihmiskunnan Liittolaisten Toinen Kirja<\/em>, julkaisuvuosi 2005, esittelee h\u00e4tk\u00e4hdytt\u00e4v\u00e4\u00e4 uutta tietoa l\u00e4hiavaruudessamme olevien rotujen v\u00e4lisest\u00e4 vuorovaikutuksesta sek\u00e4 ihmiskunnan asioihin sekaantuvien rotujen luonteesta, tarkoituksesta ja salaisimmista aktiviteeteista.<\/p><p>Liittolaiset alkoivat kommunikoida uudelleen vuonna 2008, kuvaten tarkemmin sit\u00e4 ymp\u00e4rist\u00f6\u00e4, mihin ihmiskunta on astumassa. Kolmas kokoelma Tiedonantoja julkaistiin 2012.<\/p><p>Kiitos niiden lukijoiden, jotka tunsivat Liittolaisten viestin kiireellisyyden ja k\u00e4\u00e4nsiv\u00e4t Tiedonannot muille kielille, on maailmanlaajuinen tietoisuus intervention todellisuudesta laajenemassa.<\/p><p>Me t\u00e4\u00e4ll\u00e4 The Society for the New Message -yhdistyksess\u00e4 pid\u00e4mme n\u00e4it\u00e4 kolmea kokoelmaa Tiedonantoja mahdollisesti yhten\u00e4 t\u00e4rkeimmist\u00e4 viesteist\u00e4 maailmalle t\u00e4n\u00e4\u00e4n.<\/p><p><em>Ihmiskunnan Liittolaiset<\/em> ei ole vain yksi kirja muiden joukossa, joka spekuloi UFOjen tai Maan ulkopuolisten vierailijoiden ilmi\u00f6st\u00e4. Se on aito mullistava viesti, joka kohdistuu suoraan avaruuden muukalaisten Intervention perimm\u00e4iseen tarkoitukseen, jotta meiss\u00e4 her\u00e4isi se tietoisuus, jonka tarvitsemme kohdataksemme edess\u00e4 olevat haasteet ja mahdollisuudet.<\/p><p><a title=\"Go to newmessage.org\" href=\"https:\/\/www.newmessage.org\/worldwide-community\/society\" target=\"_blank\" rel=\"noopener noreferrer\">The Society for the New Message<\/a><\/p>\t\t\t\t\t\t\t\t<\/div>\t\t\t\t<\/div>\t\t\t\t\t<\/div>\t\t<\/div>\t\t\t\t\t<\/div>\t\t<\/section>\t\t\t\t<\/div><p>\t\t<\/p>","protected":false},"excerpt":{"rendered":"<p>Ihmiskunnan Liittolaiset on tuomassa ihmisille valmistelua kokonaan uudenlaiseen todellisuuteen, joka on pitk\u00e4lti salassa ja tunnistamaton nykymaailmassa. Se tuo mukanaan uuden n\u00e4k\u00f6kulman, joka voimauttaa ihmisi\u00e4 kohtaamaan kaikkein suurimman haasteen ja mahdollisuuden, joka meill\u00e4 ihmislajina on koskaan edess\u00e4mme ollut. Ihmiskunnan Liittolaiset sis\u00e4lt\u00e4\u00e4 joukon t\u00e4rkeit\u00e4 ja jopa h\u00e4lytt\u00e4vi\u00e4 v\u00e4itteit\u00e4 kasvavasta maan ulkopuolisten inverventiosta ja integroitumisesta ihmislajiin, sek\u00e4 muukalaisten [&hellip;]<\/p>\n","protected":false},"author":2,"featured_media":0,"parent":0,"menu_order":1,"comment_status":"closed","ping_status":"closed","template":"page.php","meta":{"_acf_changed":false,"footnotes":""},"class_list":["post-8417","page","type-page","status-publish","hentry"],"acf":[],"yoast_head":"<!-- This site is optimized with the Yoast SEO plugin v26.5 - https:\/\/yoast.com\/wordpress\/plugins\/seo\/ -->\n<title>Ihmiskunnan Liittolaiset: Johdanto<\/title>\n<meta name=\"description\" content=\"Ihmiskunnan Liittolaiset sis\u00e4lt\u00e4\u00e4 joukon t\u00e4rkeit\u00e4, ja jopa h\u00e4lytt\u00e4vi\u00e4 v\u00e4itteit\u00e4 kasvavasta avaruusolentojen interventiosta ja integroitumisesta ihmiskuntaan, sek\u00e4 n\u00e4iden olentojen aktiviteeteista ja salaisesta agendasta.\" \/>\n<meta name=\"robots\" content=\"index, follow, max-snippet:-1, max-image-preview:large, max-video-preview:-1\" \/>\n<link rel=\"canonical\" href=\"https:\/\/www.alliesofhumanity.org\/fi\/the-allies\/\" \/>\n<meta property=\"og:locale\" content=\"fi_FI\" \/>\n<meta property=\"og:type\" content=\"article\" \/>\n<meta property=\"og:title\" content=\"Ihmiskunnan Liittolaiset: Johdanto\" \/>\n<meta property=\"og:description\" content=\"Ihmiskunnan Liittolaiset sis\u00e4lt\u00e4\u00e4 joukon t\u00e4rkeit\u00e4, ja jopa h\u00e4lytt\u00e4vi\u00e4 v\u00e4itteit\u00e4 kasvavasta avaruusolentojen interventiosta ja integroitumisesta ihmiskuntaan, sek\u00e4 n\u00e4iden olentojen aktiviteeteista ja salaisesta agendasta.\" \/>\n<meta property=\"og:url\" content=\"https:\/\/www.alliesofhumanity.org\/fi\/the-allies\/\" \/>\n<meta property=\"og:site_name\" content=\"The Allies of Humanity\" \/>\n<meta property=\"article:publisher\" content=\"https:\/\/www.facebook.com\/alliesofhumanity\/\" \/>\n<meta property=\"article:modified_time\" content=\"2021-02-26T18:11:09+00:00\" \/>\n<meta property=\"og:image\" content=\"https:\/\/www.alliesofhumanity.org\/wp-content\/uploads\/2021\/01\/og-socialmedia-aoh.jpg\" \/>\n\t<meta property=\"og:image:width\" content=\"1200\" \/>\n\t<meta property=\"og:image:height\" content=\"630\" \/>\n\t<meta property=\"og:image:type\" content=\"image\/jpeg\" \/>\n<meta name=\"twitter:card\" content=\"summary_large_image\" \/>\n<meta name=\"twitter:site\" content=\"@earthallies\" \/>\n<meta name=\"twitter:label1\" content=\"Arvioitu lukuaika\" \/>\n\t<meta name=\"twitter:data1\" content=\"5 minuuttia\" \/>\n<script type=\"application\/ld+json\" class=\"yoast-schema-graph\">{\"@context\":\"https:\/\/schema.org\",\"@graph\":[{\"@type\":\"WebPage\",\"@id\":\"https:\/\/www.alliesofhumanity.org\/fi\/the-allies\/\",\"url\":\"https:\/\/www.alliesofhumanity.org\/fi\/the-allies\/\",\"name\":\"Ihmiskunnan Liittolaiset: Johdanto\",\"isPartOf\":{\"@id\":\"https:\/\/www.alliesofhumanity.org\/fi\/#website\"},\"datePublished\":\"2020-12-29T17:14:17+00:00\",\"dateModified\":\"2021-02-26T18:11:09+00:00\",\"description\":\"Ihmiskunnan Liittolaiset sis\u00e4lt\u00e4\u00e4 joukon t\u00e4rkeit\u00e4, ja jopa h\u00e4lytt\u00e4vi\u00e4 v\u00e4itteit\u00e4 kasvavasta avaruusolentojen interventiosta ja integroitumisesta ihmiskuntaan, sek\u00e4 n\u00e4iden olentojen aktiviteeteista ja salaisesta agendasta.\",\"inLanguage\":\"fi\",\"potentialAction\":[{\"@type\":\"ReadAction\",\"target\":[\"https:\/\/www.alliesofhumanity.org\/fi\/the-allies\/\"]}]},{\"@type\":\"WebSite\",\"@id\":\"https:\/\/www.alliesofhumanity.org\/fi\/#website\",\"url\":\"https:\/\/www.alliesofhumanity.org\/fi\/\",\"name\":\"The Allies of Humanity\",\"description\":\"\",\"potentialAction\":[{\"@type\":\"SearchAction\",\"target\":{\"@type\":\"EntryPoint\",\"urlTemplate\":\"https:\/\/www.alliesofhumanity.org\/fi\/?s={search_term_string}\"},\"query-input\":{\"@type\":\"PropertyValueSpecification\",\"valueRequired\":true,\"valueName\":\"search_term_string\"}}],\"inLanguage\":\"fi\"}]}<\/script>\n<!-- \/ Yoast SEO plugin. -->","yoast_head_json":{"title":"Ihmiskunnan Liittolaiset: Johdanto","description":"Ihmiskunnan Liittolaiset sis\u00e4lt\u00e4\u00e4 joukon t\u00e4rkeit\u00e4, ja jopa h\u00e4lytt\u00e4vi\u00e4 v\u00e4itteit\u00e4 kasvavasta avaruusolentojen interventiosta ja integroitumisesta ihmiskuntaan, sek\u00e4 n\u00e4iden olentojen aktiviteeteista ja salaisesta agendasta.","robots":{"index":"index","follow":"follow","max-snippet":"max-snippet:-1","max-image-preview":"max-image-preview:large","max-video-preview":"max-video-preview:-1"},"canonical":"https:\/\/www.alliesofhumanity.org\/fi\/the-allies\/","og_locale":"fi_FI","og_type":"article","og_title":"Ihmiskunnan Liittolaiset: Johdanto","og_description":"Ihmiskunnan Liittolaiset sis\u00e4lt\u00e4\u00e4 joukon t\u00e4rkeit\u00e4, ja jopa h\u00e4lytt\u00e4vi\u00e4 v\u00e4itteit\u00e4 kasvavasta avaruusolentojen interventiosta ja integroitumisesta ihmiskuntaan, sek\u00e4 n\u00e4iden olentojen aktiviteeteista ja salaisesta agendasta.","og_url":"https:\/\/www.alliesofhumanity.org\/fi\/the-allies\/","og_site_name":"The Allies of Humanity","article_publisher":"https:\/\/www.facebook.com\/alliesofhumanity\/","article_modified_time":"2021-02-26T18:11:09+00:00","og_image":[{"width":1200,"height":630,"url":"https:\/\/www.alliesofhumanity.org\/wp-content\/uploads\/2021\/01\/og-socialmedia-aoh.jpg","type":"image\/jpeg"}],"twitter_card":"summary_large_image","twitter_site":"@earthallies","twitter_misc":{"Arvioitu lukuaika":"5 minuuttia"},"schema":{"@context":"https:\/\/schema.org","@graph":[{"@type":"WebPage","@id":"https:\/\/www.alliesofhumanity.org\/fi\/the-allies\/","url":"https:\/\/www.alliesofhumanity.org\/fi\/the-allies\/","name":"Ihmiskunnan Liittolaiset: Johdanto","isPartOf":{"@id":"https:\/\/www.alliesofhumanity.org\/fi\/#website"},"datePublished":"2020-12-29T17:14:17+00:00","dateModified":"2021-02-26T18:11:09+00:00","description":"Ihmiskunnan Liittolaiset sis\u00e4lt\u00e4\u00e4 joukon t\u00e4rkeit\u00e4, ja jopa h\u00e4lytt\u00e4vi\u00e4 v\u00e4itteit\u00e4 kasvavasta avaruusolentojen interventiosta ja integroitumisesta ihmiskuntaan, sek\u00e4 n\u00e4iden olentojen aktiviteeteista ja salaisesta agendasta.","inLanguage":"fi","potentialAction":[{"@type":"ReadAction","target":["https:\/\/www.alliesofhumanity.org\/fi\/the-allies\/"]}]},{"@type":"WebSite","@id":"https:\/\/www.alliesofhumanity.org\/fi\/#website","url":"https:\/\/www.alliesofhumanity.org\/fi\/","name":"The Allies of Humanity","description":"","potentialAction":[{"@type":"SearchAction","target":{"@type":"EntryPoint","urlTemplate":"https:\/\/www.alliesofhumanity.org\/fi\/?s={search_term_string}"},"query-input":{"@type":"PropertyValueSpecification","valueRequired":true,"valueName":"search_term_string"}}],"inLanguage":"fi"}]}},"_links":{"self":[{"href":"https:\/\/www.alliesofhumanity.org\/fi\/wp-json\/wp\/v2\/pages\/8417","targetHints":{"allow":["GET"]}}],"collection":[{"href":"https:\/\/www.alliesofhumanity.org\/fi\/wp-json\/wp\/v2\/pages"}],"about":[{"href":"https:\/\/www.alliesofhumanity.org\/fi\/wp-json\/wp\/v2\/types\/page"}],"author":[{"embeddable":true,"href":"https:\/\/www.alliesofhumanity.org\/fi\/wp-json\/wp\/v2\/users\/2"}],"replies":[{"embeddable":true,"href":"https:\/\/www.alliesofhumanity.org\/fi\/wp-json\/wp\/v2\/comments?post=8417"}],"version-history":[{"count":3,"href":"https:\/\/www.alliesofhumanity.org\/fi\/wp-json\/wp\/v2\/pages\/8417\/revisions"}],"predecessor-version":[{"id":8424,"href":"https:\/\/www.alliesofhumanity.org\/fi\/wp-json\/wp\/v2\/pages\/8417\/revisions\/8424"}],"wp:attachment":[{"href":"https:\/\/www.alliesofhumanity.org\/fi\/wp-json\/wp\/v2\/media?parent=8417"}],"curies":[{"name":"wp","href":"https:\/\/api.w.org\/{rel}","templated":true}]}}