{"id":6452,"date":"2020-10-01T16:15:16","date_gmt":"2020-10-01T15:15:16","guid":{"rendered":"https:\/\/www.alliesofhumanity.org\/the-briefings\/book-four\/"},"modified":"2024-03-09T13:13:15","modified_gmt":"2024-03-09T12:13:15","slug":"book-four","status":"publish","type":"page","link":"https:\/\/www.alliesofhumanity.org\/es\/the-briefings\/book-four\/","title":{"rendered":"Libro 4"},"content":{"rendered":"<h5>Todos los Discursos de los Aliados de la Humanidad est\u00e1n disponibles gratuitamente en l\u00ednea. Comienza el viaje con \u00abLos Aliados de la Humanidad Libro 4\u00bb.<\/h5>\n<p>Los Aliados de la Humanidad son un grupo de individuos de varios mundos diferentes, que vinieron a la vecindad de la Tierra para observar la Intervenci\u00f3n extraterrestre que est\u00e1 ocurriendo en nuestro mundo e informar sobre las actividades de esta Intervenci\u00f3n y sus implicaciones para la raza humana.<\/p>\n<p>A trav\u00e9s de sus Discursos, los Aliados est\u00e1n revelando la realidad del Contacto que est\u00e1 sucediendo en el mundo actual, qui\u00e9nes son los visitantes, por qu\u00e9 est\u00e1n aqu\u00ed y la mayor agenda tras sus actividades. De esta manera, los Discursos llenan muchos de los vac\u00edos cr\u00edticos en nuestra comprensi\u00f3n de la realidad de la visita extraterrestre y el fen\u00f3meno OVNI, que han sido el foco de investigaci\u00f3n y cuestionamiento durante m\u00e1s de siete d\u00e9cadas.<\/p>\n<p>Estos Discursos forman parte de una comunicaci\u00f3n mayor por parte de aquellas razas de nuestro universo local que apoyan la libertad y la soberan\u00eda de la humanidad a medida que emerge en una \u00abComunidad Mayor\u00bb de vida. Se trata de un aut\u00e9ntico mensaje de una fuente extraterrestre, que nos advierte de los peligros de una Intervenci\u00f3n externa y nos insta a prepararnos para los desaf\u00edos de la vida en el universo.<\/p>\n<p>Cliquea <a href=\"http:\/\/community.newmessage.org\/who-we-are-and-what-we-represent\" target=\"_blank\" rel=\"noopener\">aqu\u00ed<\/a> para comentar estos Discursos en nuestro sitio comunitario (en ingl\u00e9s).<\/p>\n<p>Consigue una copia oficial del libro (solo disponible en ingl\u00e9s):<\/p>\n<ul>\n<li>En versi\u00f3n impresa: <a href=\"https:\/\/newknowledgelibrary.org\/books\/allies-of-humanity-book-four-english-print-book\/\" target=\"_blank\" rel=\"noopener\">New Knowledge Library<\/a> o bien <a href=\"https:\/\/www.amazon.com\/Allies-Humanity-Book-Four-Universe\/dp\/B07XV9C7GK\/ref=tmm_pap_swatch_0\" target=\"_blank\" rel=\"noopener\">Amazon<\/a>.<\/li>\n<li>En formato ebook: <a href=\"https:\/\/newknowledgelibrary.org\/e-books\/allies-of-humanity-book-four-english-e-book\/\" target=\"_blank\" rel=\"noopener\">New Knowledge Library<\/a>, <a href=\"https:\/\/www.amazon.com\/dp\/B07XT8V7X6\/\" target=\"_blank\" rel=\"noopener\">versi\u00f3n Kindle de Amazon por solo $0.99<\/a>, <a href=\"https:\/\/books.apple.com\/book\/the-allies-of-humanity-book-four\/id1480031070\" target=\"_blank\" rel=\"noopener\">Apple Books<\/a> o bien <a href=\"https:\/\/play.google.com\/store\/books\/details\/Marshall_Vian_Summers_The_Allies_of_Humanity_Book?id=VVOvDwAAQBAJ\" target=\"_blank\" rel=\"noopener\">Google Play<\/a>.<\/li>\n<\/ul>\n<hr \/>\n<h5>Comienza a leer online los Discursos del Libro 4<\/h5>\n<p>\u00cdndice:<\/p>\n<p><a href=\"ah4-a-message-from-marshall-vian-summers\">Mensaje de Marshall Vian Summers<\/a><\/p>\n<p>Primer Discurso: <a href=\"allies-free-races\">Qui\u00e9nes somos y qu\u00e9 representamos<\/a><\/p>\n<p>Segundo Discurso: <a href=\"exercise-restraint\">La importancia de contenerse<\/a><\/p>\n<p>Tercer Discurso: <a href=\"free-nations-universe\">La libertad en el universo<br \/>\n<\/a><\/p>\n<p>Cuarto Discurso: <a href=\"higher-powers\">Los Poderes Superiores<\/a><\/p>\n<p>Quinto Discurso: <a href=\"secure-freedom\">La Gran Coordinaci\u00f3n<\/a><\/p>\n<p>Sexto Discurso: <a href=\"networks-wise\">Las Redes de los Sabios<\/a><\/p>\n<p><a href=\"https:\/\/www.alliesofhumanity.org\/es\/the-briefings\/12-point-summary-of-the-allies-of-humanity-briefings\/\">Resumen en 12 puntos de los Discursos de los Aliados de la Humanidad<\/a><\/p>\n<hr \/>\n<p><em>La <\/em>Society for The New Message<em> est\u00e1 ofreciendo ahora los cuatro vol\u00famenes de <em>Los Aliados de la Humanidad<\/em> en l\u00ednea sin ning\u00fan coste. Lo hacemos para que este mensaje pueda llegar a tantas personas como sea posible, tanto en las bases como en las posiciones de poder pol\u00edtico, econ\u00f3mico y religioso.<\/em><\/p>\n","protected":false},"excerpt":{"rendered":"<p>Todos los Discursos de los Aliados de la Humanidad est\u00e1n disponibles gratuitamente en l\u00ednea. Comienza el viaje con \u00abLos Aliados de la Humanidad Libro 4\u00bb. Los Aliados de la Humanidad son un grupo de individuos de varios mundos diferentes, que vinieron a la vecindad de la Tierra para observar la Intervenci\u00f3n extraterrestre que est\u00e1 ocurriendo [&hellip;]<\/p>\n","protected":false},"author":25,"featured_media":0,"parent":6118,"menu_order":4,"comment_status":"closed","ping_status":"closed","template":"page-book-start.php","meta":{"_acf_changed":false,"footnotes":""},"class_list":["post-6452","page","type-page","status-publish","hentry"],"acf":[],"yoast_head":"<!-- This site is optimized with the Yoast SEO plugin v26.5 - https:\/\/yoast.com\/wordpress\/plugins\/seo\/ -->\n<title>Los Aliados de la Humanidad Libro 4 | La libertad en el universo<\/title>\n<meta name=\"description\" content=\"La cuarta serie de Discursos se focaliza en la libertad en el universo, en c\u00f3mo se consigue, en c\u00f3mo se mantiene y en las restricciones que la humanidad tendr\u00e1 que aceptar para ser una raza libre en el universo.\" \/>\n<meta name=\"robots\" content=\"index, follow, max-snippet:-1, max-image-preview:large, max-video-preview:-1\" \/>\n<link rel=\"canonical\" href=\"https:\/\/www.alliesofhumanity.org\/es\/the-briefings\/book-four\/\" \/>\n<meta property=\"og:locale\" content=\"es_ES\" \/>\n<meta property=\"og:type\" content=\"article\" \/>\n<meta property=\"og:title\" content=\"Los Aliados de la Humanidad Libro 4 | La libertad en el universo\" \/>\n<meta property=\"og:description\" content=\"La cuarta serie de Discursos se focaliza en la libertad en el universo, en c\u00f3mo se consigue, en c\u00f3mo se mantiene y en las restricciones que la humanidad tendr\u00e1 que aceptar para ser una raza libre en el universo.\" \/>\n<meta property=\"og:url\" content=\"https:\/\/www.alliesofhumanity.org\/es\/the-briefings\/book-four\/\" \/>\n<meta property=\"og:site_name\" content=\"The Allies of Humanity\" \/>\n<meta property=\"article:publisher\" content=\"https:\/\/www.facebook.com\/alliesofhumanity\/\" \/>\n<meta property=\"article:modified_time\" content=\"2024-03-09T12:13:15+00:00\" \/>\n<meta property=\"og:image\" content=\"https:\/\/www.alliesofhumanity.org\/wp-content\/uploads\/2021\/01\/og-socialmedia-aoh.jpg\" \/>\n\t<meta property=\"og:image:width\" content=\"1200\" \/>\n\t<meta property=\"og:image:height\" content=\"630\" \/>\n\t<meta property=\"og:image:type\" content=\"image\/jpeg\" \/>\n<meta name=\"twitter:card\" content=\"summary_large_image\" \/>\n<meta name=\"twitter:title\" content=\"Los Aliados de la Humanidad Libro 4 | La libertad en el universo\" \/>\n<meta name=\"twitter:site\" content=\"@earthallies\" \/>\n<meta name=\"twitter:label1\" content=\"Tiempo de lectura\" \/>\n\t<meta name=\"twitter:data1\" content=\"2 minutos\" \/>\n<script type=\"application\/ld+json\" class=\"yoast-schema-graph\">{\"@context\":\"https:\/\/schema.org\",\"@graph\":[{\"@type\":\"WebPage\",\"@id\":\"https:\/\/www.alliesofhumanity.org\/es\/the-briefings\/book-four\/\",\"url\":\"https:\/\/www.alliesofhumanity.org\/es\/the-briefings\/book-four\/\",\"name\":\"Los Aliados de la Humanidad Libro 4 | La libertad en el universo\",\"isPartOf\":{\"@id\":\"https:\/\/www.alliesofhumanity.org\/es\/#website\"},\"datePublished\":\"2020-10-01T15:15:16+00:00\",\"dateModified\":\"2024-03-09T12:13:15+00:00\",\"description\":\"La cuarta serie de Discursos se focaliza en la libertad en el universo, en c\u00f3mo se consigue, en c\u00f3mo se mantiene y en las restricciones que la humanidad tendr\u00e1 que aceptar para ser una raza libre en el universo.\",\"breadcrumb\":{\"@id\":\"https:\/\/www.alliesofhumanity.org\/es\/the-briefings\/book-four\/#breadcrumb\"},\"inLanguage\":\"es\",\"potentialAction\":[{\"@type\":\"ReadAction\",\"target\":[\"https:\/\/www.alliesofhumanity.org\/es\/the-briefings\/book-four\/\"]}]},{\"@type\":\"BreadcrumbList\",\"@id\":\"https:\/\/www.alliesofhumanity.org\/es\/the-briefings\/book-four\/#breadcrumb\",\"itemListElement\":[{\"@type\":\"ListItem\",\"position\":1,\"name\":\"Los Discursos\",\"item\":\"https:\/\/www.alliesofhumanity.org\/es\/the-briefings\/\"},{\"@type\":\"ListItem\",\"position\":2,\"name\":\"Libro 4\"}]},{\"@type\":\"WebSite\",\"@id\":\"https:\/\/www.alliesofhumanity.org\/es\/#website\",\"url\":\"https:\/\/www.alliesofhumanity.org\/es\/\",\"name\":\"The Allies of Humanity\",\"description\":\"\",\"potentialAction\":[{\"@type\":\"SearchAction\",\"target\":{\"@type\":\"EntryPoint\",\"urlTemplate\":\"https:\/\/www.alliesofhumanity.org\/es\/?s={search_term_string}\"},\"query-input\":{\"@type\":\"PropertyValueSpecification\",\"valueRequired\":true,\"valueName\":\"search_term_string\"}}],\"inLanguage\":\"es\"}]}<\/script>\n<!-- \/ Yoast SEO plugin. -->","yoast_head_json":{"title":"Los Aliados de la Humanidad Libro 4 | La libertad en el universo","description":"La cuarta serie de Discursos se focaliza en la libertad en el universo, en c\u00f3mo se consigue, en c\u00f3mo se mantiene y en las restricciones que la humanidad tendr\u00e1 que aceptar para ser una raza libre en el universo.","robots":{"index":"index","follow":"follow","max-snippet":"max-snippet:-1","max-image-preview":"max-image-preview:large","max-video-preview":"max-video-preview:-1"},"canonical":"https:\/\/www.alliesofhumanity.org\/es\/the-briefings\/book-four\/","og_locale":"es_ES","og_type":"article","og_title":"Los Aliados de la Humanidad Libro 4 | La libertad en el universo","og_description":"La cuarta serie de Discursos se focaliza en la libertad en el universo, en c\u00f3mo se consigue, en c\u00f3mo se mantiene y en las restricciones que la humanidad tendr\u00e1 que aceptar para ser una raza libre en el universo.","og_url":"https:\/\/www.alliesofhumanity.org\/es\/the-briefings\/book-four\/","og_site_name":"The Allies of Humanity","article_publisher":"https:\/\/www.facebook.com\/alliesofhumanity\/","article_modified_time":"2024-03-09T12:13:15+00:00","og_image":[{"width":1200,"height":630,"url":"https:\/\/www.alliesofhumanity.org\/wp-content\/uploads\/2021\/01\/og-socialmedia-aoh.jpg","type":"image\/jpeg"}],"twitter_card":"summary_large_image","twitter_title":"Los Aliados de la Humanidad Libro 4 | La libertad en el universo","twitter_site":"@earthallies","twitter_misc":{"Tiempo de lectura":"2 minutos"},"schema":{"@context":"https:\/\/schema.org","@graph":[{"@type":"WebPage","@id":"https:\/\/www.alliesofhumanity.org\/es\/the-briefings\/book-four\/","url":"https:\/\/www.alliesofhumanity.org\/es\/the-briefings\/book-four\/","name":"Los Aliados de la Humanidad Libro 4 | La libertad en el universo","isPartOf":{"@id":"https:\/\/www.alliesofhumanity.org\/es\/#website"},"datePublished":"2020-10-01T15:15:16+00:00","dateModified":"2024-03-09T12:13:15+00:00","description":"La cuarta serie de Discursos se focaliza en la libertad en el universo, en c\u00f3mo se consigue, en c\u00f3mo se mantiene y en las restricciones que la humanidad tendr\u00e1 que aceptar para ser una raza libre en el universo.","breadcrumb":{"@id":"https:\/\/www.alliesofhumanity.org\/es\/the-briefings\/book-four\/#breadcrumb"},"inLanguage":"es","potentialAction":[{"@type":"ReadAction","target":["https:\/\/www.alliesofhumanity.org\/es\/the-briefings\/book-four\/"]}]},{"@type":"BreadcrumbList","@id":"https:\/\/www.alliesofhumanity.org\/es\/the-briefings\/book-four\/#breadcrumb","itemListElement":[{"@type":"ListItem","position":1,"name":"Los Discursos","item":"https:\/\/www.alliesofhumanity.org\/es\/the-briefings\/"},{"@type":"ListItem","position":2,"name":"Libro 4"}]},{"@type":"WebSite","@id":"https:\/\/www.alliesofhumanity.org\/es\/#website","url":"https:\/\/www.alliesofhumanity.org\/es\/","name":"The Allies of Humanity","description":"","potentialAction":[{"@type":"SearchAction","target":{"@type":"EntryPoint","urlTemplate":"https:\/\/www.alliesofhumanity.org\/es\/?s={search_term_string}"},"query-input":{"@type":"PropertyValueSpecification","valueRequired":true,"valueName":"search_term_string"}}],"inLanguage":"es"}]}},"_links":{"self":[{"href":"https:\/\/www.alliesofhumanity.org\/es\/wp-json\/wp\/v2\/pages\/6452","targetHints":{"allow":["GET"]}}],"collection":[{"href":"https:\/\/www.alliesofhumanity.org\/es\/wp-json\/wp\/v2\/pages"}],"about":[{"href":"https:\/\/www.alliesofhumanity.org\/es\/wp-json\/wp\/v2\/types\/page"}],"author":[{"embeddable":true,"href":"https:\/\/www.alliesofhumanity.org\/es\/wp-json\/wp\/v2\/users\/25"}],"replies":[{"embeddable":true,"href":"https:\/\/www.alliesofhumanity.org\/es\/wp-json\/wp\/v2\/comments?post=6452"}],"version-history":[{"count":20,"href":"https:\/\/www.alliesofhumanity.org\/es\/wp-json\/wp\/v2\/pages\/6452\/revisions"}],"predecessor-version":[{"id":13634,"href":"https:\/\/www.alliesofhumanity.org\/es\/wp-json\/wp\/v2\/pages\/6452\/revisions\/13634"}],"up":[{"embeddable":true,"href":"https:\/\/www.alliesofhumanity.org\/es\/wp-json\/wp\/v2\/pages\/6118"}],"wp:attachment":[{"href":"https:\/\/www.alliesofhumanity.org\/es\/wp-json\/wp\/v2\/media?parent=6452"}],"curies":[{"name":"wp","href":"https:\/\/api.w.org\/{rel}","templated":true}]}}