{"id":6433,"date":"2020-10-01T15:41:18","date_gmt":"2020-10-01T14:41:18","guid":{"rendered":"https:\/\/www.alliesofhumanity.org\/education-and-action\/"},"modified":"2024-03-09T13:25:00","modified_gmt":"2024-03-09T12:25:00","slug":"education-and-action","status":"publish","type":"page","link":"https:\/\/www.alliesofhumanity.org\/es\/education-and-action\/","title":{"rendered":"Inf\u00f3rmate y act\u00faa"},"content":{"rendered":"\t\t<div data-elementor-type=\"wp-page\" data-elementor-id=\"6433\" class=\"elementor elementor-6433 elementor-1867\" data-elementor-post-type=\"page\">\t\t\t\t\t\t<section class=\"elementor-section elementor-top-section elementor-element elementor-element-4782b150 elementor-section-full_width elementor-section-height-default elementor-section-height-default\" data-id=\"4782b150\" data-element_type=\"section\">\t\t\t\t\t\t<div class=\"elementor-container elementor-column-gap-default\">\t\t\t\t\t<div class=\"elementor-column elementor-col-100 elementor-top-column elementor-element elementor-element-54d1ac8e\" data-id=\"54d1ac8e\" data-element_type=\"column\">\t\t\t<div class=\"elementor-widget-wrap elementor-element-populated\">\t\t\t\t\t\t<div class=\"elementor-element elementor-element-5f862d9 elementor-widget elementor-widget-text-editor\" data-id=\"5f862d9\" data-element_type=\"widget\" data-widget_type=\"text-editor.default\">\t\t\t\t<div class=\"elementor-widget-container\">\t\t\t\t\t\t\t\t\t<h5>La Familia Humana se enfrenta al mayor umbral de su larga historia: su emergencia a una Comunidad Mayor de vida inteligente en el universo. Esta emergencia cambiar\u00e1 la percepci\u00f3n y las creencias humanas, as\u00ed como la forma en que vivimos aqu\u00ed en la Tierra. Sin embargo, la humanidad no est\u00e1 preparada.<\/h5>\rPor primera vez, esta preparaci\u00f3n para cruzar el gran umbral hacia la Comunidad Mayor est\u00e1 disponible para todos a trav\u00e9s de los escritos de <a href=\"https:\/\/www.marshallsummers.com\" target=\"_blank\" rel=\"noopener noreferrer\">MV Summers<\/a>. Este vasto cuerpo de Ense\u00f1anzas es distinto a todo lo que existe actualmente en el mundo, y representa un <a href=\"https:\/\/www.nuevomensaje.org\/\" target=\"_blank\" rel=\"noopener noreferrer\">Nuevo Mensaje para la humanidad<\/a>.\r\r<strong>Informarte y actuar resulta esencial para llevar este nuevo mensaje y conciencia a la humanidad.<\/strong>\r<h5>Prosigue tu educaci\u00f3n sobre la Comunidad Mayor en\r<a title=\"La Escuela Gratuita del Nuevo Mensaje de Dios\" href=\"https:\/\/community.newmessage.org\" target=\"_blank\" rel=\"noopener noreferrer\">La Escuela Gratuita del Nuevo Mensaje.<\/a>\rGlobal, en l\u00ednea y abierta a todos.<\/h5>\r<h3>Recursos adicionales:<\/h3>\r<a href=\" https:\/\/www.nuevomensaje.org\/el-mensaje\/volumen-2\/prepararse-para-la-comunidad-mayor\">Prepararse para la Comunidad Mayor<\/a>\r<p>\r<\/p><a href=\" https:\/\/www.nuevomensaje.org\/el-mensaje\/volumen-4\/la-vida-en-el-universo\">La vida en el universo: La realidad y la espiritualidad de la vida en el universo<\/a>\r<p>\r<\/p><a href=\" https:\/\/www.nuevomensaje.org\/el-mensaje\/volumen-2\/espiritualidad-de-la-comunidad-mayor\">Espiritualidad de la Comunidad Mayor<\/a>\rCap\u00edtulo 6: <a href=\" https:\/\/www.nuevomensaje.org\/el-mensaje\/volumen-2\/espiritualidad-de-la-comunidad-mayor\/que-es-la-comunidad-mayor\"> \u00bfQu\u00e9 es la Comunidad Mayor?<\/a>\rCap\u00edtulo 15: <a href=\" https:\/\/www.nuevomensaje.org\/el-mensaje\/volumen-2\/espiritualidad-de-la-comunidad-mayor\/quien-sirve-a-la-humanidad\">\u00bfQui\u00e9n sirve a la humanidad?<\/a>\rCap\u00edtulo 21: <a href=\" https:\/\/www.nuevomensaje.org\/el-mensaje\/volumen-2\/espiritualidad-de-la-comunidad-mayor\/que-es-el-camino-del-conocimiento-de-la-comunidad-mayor\"> \u00bfQu\u00e9 es el Camino del Conocimiento de la Comunidad Mayor?<\/a>\rCap\u00edtulo 23: <a href=\" https:\/\/www.nuevomensaje.org\/el-mensaje\/volumen-2\/espiritualidad-de-la-comunidad-mayor\/como-se-traslada-el-conocimiento-en-la-comunidad-mayor\"> \u00bfC\u00f3mo se traslada el Conocimiento en la Comunidad Mayor?<\/a>\r<p>\r<\/p><a href=\" https:\/\/www.nuevomensaje.org\/el-mensaje\/volumen-4\/las-grandes-olas-de-cambio\">Las Grandes Olas de cambio<\/a>\rCap\u00edtulo 9: <a href=\" https:\/\/www.nuevomensaje.org\/el-mensaje\/volumen-4\/las-grandes-olas-de-cambio\/la-profecia-de-las-grandes-olas\"> La profec\u00eda de las Grandes Olas<\/a>\rCap\u00edtulo 10: <a href=\" https:\/\/www.nuevomensaje.org\/el-mensaje\/volumen-4\/las-grandes-olas-de-cambio\/las-grandes-olas-y-la-realidad-oculta-del-contacto\"> Las Grandes Olas y la realidad oculta del Contacto<\/a>\r<p>\r<\/p><a href=\"https:\/\/www.nuevomensaje.org\/el-mensaje\/volumen-5\/sabiduria-de-la-comunidad-mayor-volumen-1\">Sabidur\u00eda de la Comunidad Mayor: Volumen 1<\/a>\rCap\u00edtulo 3: <a href=\"https:\/\/www.nuevomensaje.org\/el-mensaje\/volumen-5\/sabiduria-de-la-comunidad-mayor-volumen-1\/la-comunidad-mayor\">La Comunidad Mayor<\/a>\r<p>\r<\/p><a href=\"https:\/\/www.nuevomensaje.org\/el-mensaje\/volumen-5\/sabiduria-de-la-comunidad-mayor-volumen-2\"> Sabidur\u00eda de la Comunidad Mayor: Volumen 2<\/a>\r<p>Cap\u00edtulo 10: Visitaciones de la Comunidad Mayor\r<\/p><p>Cap\u00edtulo 15: Respondiendo a la Comunidad Mayor\r<\/p>Cap\u00edtulo 17: <a href=\"\u201dhttps:\/\/www.nuevomensaje.org\/el-mensaje\/volumen-5\/sabiduria-de-la-comunidad-mayor-volumen-2\/como-perciben-los-visitantes-a-la-humanidad\">C\u00f3mo perciben los visitantes a la humanidad<\/a>\r<p>Cap\u00edtulo 25: Ambientes\r<\/p><p>Cap\u00edtulo 28: Realidades de la Comunidad Mayor\r<\/p><p>\r<\/p><a href=\"https:\/\/www.nuevomensaje.org\/el-mensaje\/volumen-3\/vivir-el-camino-del-conocimiento\">Vivir el Camino del Conocimiento<\/a>\r<p>Cap\u00edtulo 11: Prepar\u00e1ndote para el futuro\r<\/p><p>\r<\/p><a href=\"https:\/\/www.nuevomensaje.org\/el-mensaje\/volumen-3\/pasos-al-conocimiento-el-libro-del-saber-interno\">Pasos al Conocimiento: El libro del Saber Interno<\/a>\rPaso 157: <a href=\"https:\/\/pasosalconocimiento.org\/steps\/Paso157-NO-ESTOY-SOLO-EN-EL-UNIVERSO.htm\">No estoy solo en el universo<\/a>\rPaso 187: <a href=\"https:\/\/pasosalconocimiento.org\/steps\/Paso187-SOY-UN-CIUDADANO-DE-LA-COMUNIDAD-MAYOR-DE-MUNDOS.htm\">Soy un ciudadano de la Comunidad Mayor de mundos<\/a>\rPaso 190: <a href=\"https:\/\/pasosalconocimiento.org\/steps\/Paso190-EL-MUNDO-ESTA-EMERGIENDO-EN-LA-COMUNIDAD-MAYOR-DE-MUNDOS,-Y-ES-POR-ESO-QUE-HE-VENIDO.htm\">El mundo est\u00e1 emergiendo a la Comunidad Mayor de mundos, y es por eso que he venido<\/a>\rPaso 199: <a href=\"https:\/\/pasosalconocimiento.org\/steps\/Paso199-EL-MUNDO-QUE-VEO-ESTA-EMERGIENDO-EN-LA-COMUNIDAD-MAYOR-DE-MUNDOS.htm\">El mundo que veo est\u00e1 emergiendo a la Comunidad Mayor de mundos<\/a>\rPaso 203: <a href=\"https:\/\/pasosalconocimiento.org\/steps\/Paso203-LA-COMUNIDAD-MAYOR-ESTA-INFLUENCIANDO-EL-MUNDO-QUE-VEO.htm\">La Comunidad Mayor est\u00e1 influenciando el mundo que veo<\/a>\rPaso 248: <a href=\"https:\/\/pasosalconocimiento.org\/steps\/Paso248-YO-CONFIARE-EN-QUE-ME-INSTRUYA-LA-SABIDURIA-DEL-UNIVERSO.htm\">Yo confiar\u00e9 en que me instruya la sabidur\u00eda del universo<\/a>\rPaso 256: <a href=\"https:\/\/pasosalconocimiento.org\/steps\/Paso256-EL-MUNDO-ESTA-EMERGIENDO-A-LA-COMUNIDAD-MAYOR-DE-MUNDOS.htm\">El mundo est\u00e1 emergiendo a la Comunidad Mayor de mundos<\/a>\rPaso 326: <a href=\" https:\/\/pasosalconocimiento.org\/steps\/Paso326-LA-COMUNIDAD-MAYOR-ES-ALGO-QUE-PUEDO-SENTIR-PERO-NO-ENTENDER.htm \">La Comunidad Mayor es algo que puedo sentir pero no entender.<\/a>\r<h3>Ense\u00f1anzas del Nuevo Mensaje:<\/h3>\r<ul>\r \t<li><a href=\"https:\/\/www.nuevomensaje.org\/el-mensaje\/volumen-1\/la-comunidad-mayor\/entrando-en-la-comunidad-mayor\">Entrando en la Comunidad Mayor<\/a><\/li>\r \t<li><a href=\"https:\/\/www.nuevomensaje.org\/el-mensaje\/otras-revelaciones\/el-destino-de-las-naciones\">El destino de las naciones<\/a><\/li>\r \t<li><a href=\"https:\/\/www.nuevomensaje.org\/el-mensaje\/otras-revelaciones\/que-salvara-a-la-humanidad\">Qu\u00e9 salvar\u00e1 a la humanidad\r<\/a><\/li>\r<\/ul>\r<h3>Comentarios de los Maestros en <a href=\"https:\/\/www.alliesofhumanity.org\/es\/the-briefings\/book-two\/\">Los Aliados de la Humanidad Libro 2<\/a>:<\/h3>\r<ul>\r \t<li>Uno: <a href=\" the-problem-of-human-denial-first-commentary \">El problema de la negaci\u00f3n humana<\/a><\/li>\r \t<li>Dos: <a href=\"effects-of-the-pacification-program-second-commentary\">Los efectos del Programa de Pacificaci\u00f3n<\/a><\/li>\r \t<li>Tres: <a href=\"understanding-the-intervention-third-commentary\">Comprendiendo la intervenci\u00f3n<\/a><\/li>\r<\/ul>\t\t\t\t\t\t\t\t<\/div>\t\t\t\t<\/div>\t\t\t\t\t<\/div>\t\t<\/div>\t\t\t\t\t<\/div>\t\t<\/section>\t\t\t\t<\/div><p>\t\t<\/p>","protected":false},"excerpt":{"rendered":"<p>La Familia Humana se enfrenta al mayor umbral de su larga historia: su emergencia a una Comunidad Mayor de vida inteligente en el universo. Esta emergencia cambiar\u00e1 la percepci\u00f3n y las creencias humanas, as\u00ed como la forma en que vivimos aqu\u00ed en la Tierra. Sin embargo, la humanidad no est\u00e1 preparada. Por primera vez, esta [&hellip;]<\/p>\n","protected":false},"author":25,"featured_media":0,"parent":0,"menu_order":3,"comment_status":"closed","ping_status":"closed","template":"page.php","meta":{"_acf_changed":false,"footnotes":""},"class_list":["post-6433","page","type-page","status-publish","hentry"],"acf":[],"yoast_head":"<!-- This site is optimized with the Yoast SEO plugin v26.5 - https:\/\/yoast.com\/wordpress\/plugins\/seo\/ -->\n<title>Contacto extraterrestre: Educaci\u00f3n y acciones esenciales<\/title>\n<meta name=\"description\" content=\"En conjunto, este vasto cuerpo de ense\u00f1anzas es distinto a cualquier otra cosa hoy en el mundo y representa un Nuevo Mensaje para la humanidad.\" \/>\n<meta name=\"robots\" content=\"index, follow, max-snippet:-1, max-image-preview:large, max-video-preview:-1\" \/>\n<link rel=\"canonical\" href=\"https:\/\/www.alliesofhumanity.org\/es\/education-and-action\/\" \/>\n<meta property=\"og:locale\" content=\"es_ES\" \/>\n<meta property=\"og:type\" content=\"article\" \/>\n<meta property=\"og:title\" content=\"Contacto extraterrestre: Educaci\u00f3n y acciones esenciales\" \/>\n<meta property=\"og:description\" content=\"En conjunto, este vasto cuerpo de ense\u00f1anzas es distinto a cualquier otra cosa hoy en el mundo y representa un Nuevo Mensaje para la humanidad.\" \/>\n<meta property=\"og:url\" content=\"https:\/\/www.alliesofhumanity.org\/es\/education-and-action\/\" \/>\n<meta property=\"og:site_name\" content=\"The Allies of Humanity\" \/>\n<meta property=\"article:publisher\" content=\"https:\/\/www.facebook.com\/alliesofhumanity\/\" \/>\n<meta property=\"article:modified_time\" content=\"2024-03-09T12:25:00+00:00\" \/>\n<meta property=\"og:image\" content=\"https:\/\/www.alliesofhumanity.org\/wp-content\/uploads\/2021\/01\/og-socialmedia-aoh.jpg\" \/>\n\t<meta property=\"og:image:width\" content=\"1200\" \/>\n\t<meta property=\"og:image:height\" content=\"630\" \/>\n\t<meta property=\"og:image:type\" content=\"image\/jpeg\" \/>\n<meta name=\"twitter:card\" content=\"summary_large_image\" \/>\n<meta name=\"twitter:title\" content=\"Contacto extraterrestre: Educaci\u00f3n y acciones esenciales\" \/>\n<meta name=\"twitter:site\" content=\"@earthallies\" \/>\n<meta name=\"twitter:label1\" content=\"Tiempo de lectura\" \/>\n\t<meta name=\"twitter:data1\" content=\"2 minutos\" \/>\n<script type=\"application\/ld+json\" class=\"yoast-schema-graph\">{\"@context\":\"https:\/\/schema.org\",\"@graph\":[{\"@type\":\"WebPage\",\"@id\":\"https:\/\/www.alliesofhumanity.org\/es\/education-and-action\/\",\"url\":\"https:\/\/www.alliesofhumanity.org\/es\/education-and-action\/\",\"name\":\"Contacto extraterrestre: Educaci\u00f3n y acciones esenciales\",\"isPartOf\":{\"@id\":\"https:\/\/www.alliesofhumanity.org\/es\/#website\"},\"datePublished\":\"2020-10-01T14:41:18+00:00\",\"dateModified\":\"2024-03-09T12:25:00+00:00\",\"description\":\"En conjunto, este vasto cuerpo de ense\u00f1anzas es distinto a cualquier otra cosa hoy en el mundo y representa un Nuevo Mensaje para la humanidad.\",\"inLanguage\":\"es\",\"potentialAction\":[{\"@type\":\"ReadAction\",\"target\":[\"https:\/\/www.alliesofhumanity.org\/es\/education-and-action\/\"]}]},{\"@type\":\"WebSite\",\"@id\":\"https:\/\/www.alliesofhumanity.org\/es\/#website\",\"url\":\"https:\/\/www.alliesofhumanity.org\/es\/\",\"name\":\"The Allies of Humanity\",\"description\":\"\",\"potentialAction\":[{\"@type\":\"SearchAction\",\"target\":{\"@type\":\"EntryPoint\",\"urlTemplate\":\"https:\/\/www.alliesofhumanity.org\/es\/?s={search_term_string}\"},\"query-input\":{\"@type\":\"PropertyValueSpecification\",\"valueRequired\":true,\"valueName\":\"search_term_string\"}}],\"inLanguage\":\"es\"}]}<\/script>\n<!-- \/ Yoast SEO plugin. -->","yoast_head_json":{"title":"Contacto extraterrestre: Educaci\u00f3n y acciones esenciales","description":"En conjunto, este vasto cuerpo de ense\u00f1anzas es distinto a cualquier otra cosa hoy en el mundo y representa un Nuevo Mensaje para la humanidad.","robots":{"index":"index","follow":"follow","max-snippet":"max-snippet:-1","max-image-preview":"max-image-preview:large","max-video-preview":"max-video-preview:-1"},"canonical":"https:\/\/www.alliesofhumanity.org\/es\/education-and-action\/","og_locale":"es_ES","og_type":"article","og_title":"Contacto extraterrestre: Educaci\u00f3n y acciones esenciales","og_description":"En conjunto, este vasto cuerpo de ense\u00f1anzas es distinto a cualquier otra cosa hoy en el mundo y representa un Nuevo Mensaje para la humanidad.","og_url":"https:\/\/www.alliesofhumanity.org\/es\/education-and-action\/","og_site_name":"The Allies of Humanity","article_publisher":"https:\/\/www.facebook.com\/alliesofhumanity\/","article_modified_time":"2024-03-09T12:25:00+00:00","og_image":[{"width":1200,"height":630,"url":"https:\/\/www.alliesofhumanity.org\/wp-content\/uploads\/2021\/01\/og-socialmedia-aoh.jpg","type":"image\/jpeg"}],"twitter_card":"summary_large_image","twitter_title":"Contacto extraterrestre: Educaci\u00f3n y acciones esenciales","twitter_site":"@earthallies","twitter_misc":{"Tiempo de lectura":"2 minutos"},"schema":{"@context":"https:\/\/schema.org","@graph":[{"@type":"WebPage","@id":"https:\/\/www.alliesofhumanity.org\/es\/education-and-action\/","url":"https:\/\/www.alliesofhumanity.org\/es\/education-and-action\/","name":"Contacto extraterrestre: Educaci\u00f3n y acciones esenciales","isPartOf":{"@id":"https:\/\/www.alliesofhumanity.org\/es\/#website"},"datePublished":"2020-10-01T14:41:18+00:00","dateModified":"2024-03-09T12:25:00+00:00","description":"En conjunto, este vasto cuerpo de ense\u00f1anzas es distinto a cualquier otra cosa hoy en el mundo y representa un Nuevo Mensaje para la humanidad.","inLanguage":"es","potentialAction":[{"@type":"ReadAction","target":["https:\/\/www.alliesofhumanity.org\/es\/education-and-action\/"]}]},{"@type":"WebSite","@id":"https:\/\/www.alliesofhumanity.org\/es\/#website","url":"https:\/\/www.alliesofhumanity.org\/es\/","name":"The Allies of Humanity","description":"","potentialAction":[{"@type":"SearchAction","target":{"@type":"EntryPoint","urlTemplate":"https:\/\/www.alliesofhumanity.org\/es\/?s={search_term_string}"},"query-input":{"@type":"PropertyValueSpecification","valueRequired":true,"valueName":"search_term_string"}}],"inLanguage":"es"}]}},"_links":{"self":[{"href":"https:\/\/www.alliesofhumanity.org\/es\/wp-json\/wp\/v2\/pages\/6433","targetHints":{"allow":["GET"]}}],"collection":[{"href":"https:\/\/www.alliesofhumanity.org\/es\/wp-json\/wp\/v2\/pages"}],"about":[{"href":"https:\/\/www.alliesofhumanity.org\/es\/wp-json\/wp\/v2\/types\/page"}],"author":[{"embeddable":true,"href":"https:\/\/www.alliesofhumanity.org\/es\/wp-json\/wp\/v2\/users\/25"}],"replies":[{"embeddable":true,"href":"https:\/\/www.alliesofhumanity.org\/es\/wp-json\/wp\/v2\/comments?post=6433"}],"version-history":[{"count":20,"href":"https:\/\/www.alliesofhumanity.org\/es\/wp-json\/wp\/v2\/pages\/6433\/revisions"}],"predecessor-version":[{"id":21955,"href":"https:\/\/www.alliesofhumanity.org\/es\/wp-json\/wp\/v2\/pages\/6433\/revisions\/21955"}],"wp:attachment":[{"href":"https:\/\/www.alliesofhumanity.org\/es\/wp-json\/wp\/v2\/media?parent=6433"}],"curies":[{"name":"wp","href":"https:\/\/api.w.org\/{rel}","templated":true}]}}