{"id":6430,"date":"2020-10-01T15:38:18","date_gmt":"2020-10-01T14:38:18","guid":{"rendered":"https:\/\/www.alliesofhumanity.org\/marshall-vian-summers\/"},"modified":"2024-03-09T13:26:01","modified_gmt":"2024-03-09T12:26:01","slug":"marshall-vian-summers","status":"publish","type":"page","link":"https:\/\/www.alliesofhumanity.org\/es\/marshall-vian-summers\/","title":{"rendered":"Marshall Vian Summers"},"content":{"rendered":"\t\t<div data-elementor-type=\"wp-page\" data-elementor-id=\"6430\" class=\"elementor elementor-6430 elementor-2912\" data-elementor-post-type=\"page\">\t\t\t\t\t\t<section class=\"elementor-section elementor-top-section elementor-element elementor-element-7fac8697 elementor-section-boxed elementor-section-height-default elementor-section-height-default\" data-id=\"7fac8697\" data-element_type=\"section\">\t\t\t\t\t\t<div class=\"elementor-container elementor-column-gap-default\">\t\t\t\t\t<div class=\"elementor-column elementor-col-100 elementor-top-column elementor-element elementor-element-1195357f\" data-id=\"1195357f\" data-element_type=\"column\">\t\t\t<div class=\"elementor-widget-wrap elementor-element-populated\">\t\t\t\t\t\t<div class=\"elementor-element elementor-element-ba0d783 elementor-widget elementor-widget-text-editor\" data-id=\"ba0d783\" data-element_type=\"widget\" data-widget_type=\"text-editor.default\">\t\t\t\t<div class=\"elementor-widget-container\">\t\t\t\t\t\t\t\t\t<h5>Durante los \u00faltimos 35 a\u00f1os he estado inmerso en una experiencia religiosa. Esto ha resultado en la recepci\u00f3n de un vasto cuerpo de escritos sobre la naturaleza de la espiritualidad humana y el destino humano en el panorama mayor de la vida inteligente en el universo.<\/h5>\rEstos escritos, incluidos en la Ense\u00f1anza del <a title=\"Ve a nuevomensaje.org\" href=\"https:\/\/nuevomensaje.org\/\" target=\"_blank\" rel=\"noopener noreferrer\">Nuevo Mensaje<\/a>, contienen un marco teol\u00f3gico que da cuenta de la vida y la presencia de Dios en la \u201cComunidad Mayor\u201d, la vasta extensi\u00f3n de espacio y tiempo que conocemos como nuestro universo.\r\rLa cosmolog\u00eda que he estado recibiendo contiene muchos mensajes, uno de los cuales es que la humanidad est\u00e1 emergiendo a una Comunidad Mayor de vida inteligente y nos tenemos que preparar para ello. Inherente al mensaje est\u00e1 la comprensi\u00f3n de que la humanidad no est\u00e1 sola en el universo, ni siquiera en su propio planeta, y que dentro de esta Comunidad Mayor la humanidad tendr\u00e1 amigos, competidores y adversarios.\r<p>\r<\/p>Esta realidad mayor fue confirmada dram\u00e1ticamente por la transmisi\u00f3n s\u00fabita e inesperada del primer conjunto de Discursos de los Aliados de la Humanidad en 1997. Tres a\u00f1os antes, en 1994, hab\u00eda recibido el marco teol\u00f3gico para comprender los Discursos de los Aliados en mi libro <a title=\"Ve a nuevomensaje.org\" href=\"https:\/\/www.nuevomensaje.org\/el-mensaje\/volumen-2\/espiritualidad-de-la-comunidad-mayor\" target=\"_blank\" rel=\"noopener noreferrer\">Espiritualidad de la Comunidad Mayor\u2014Una Nueva Revelaci\u00f3n<\/a>.\r<p class=\"float-left\"><img decoding=\"async\" src=\"https:\/\/www.alliesofhumanity.org\/wp-content\/uploads\/2020\/06\/mvs-greater-power-decisive-action.jpg\" alt=\"Marshall Vian Summers\" \/><\/p><p>\r<\/p>En este momento, como resultado de mi trabajo y mis escrituras espirituales, se me hizo patente que la humanidad tiene aliados en el universo que est\u00e1n preocupados por el bienestar y la libertad futura de nuestra raza. Dentro de la cosmolog\u00eda creciente que me ha sido revelada est\u00e1 el entendimiento de que, en la historia de la vida inteligente en el universo, las razas \u00e9ticamente avanzadas tienen la obligaci\u00f3n de legar su sabidur\u00eda a las razas j\u00f3venes y emergentes como la nuestra, y que este legado debe darse <em>sin<\/em> interferencia o intervenci\u00f3n directa en sus asuntos. La intenci\u00f3n aqu\u00ed es informar, no interferir.\r<p>\r<\/p><p>Esta \u201ctransmisi\u00f3n de sabidur\u00eda\u201d representa un marco \u00e9tico muy antiguo sobre el Contacto con razas emergentes y sobre c\u00f3mo deber\u00eda llevarse a cabo. Las cuatro series de Discursos de los Aliados de la Humanidad son una demostraci\u00f3n clara de este modelo de no interferencia y Contacto \u00e9tico. Este modelo deber\u00eda ser una gu\u00eda y un est\u00e1ndar de lo que debi\u00e9ramos esperar de otras razas en sus intentos de contactar con nosotros o visitar nuestro mundo. As\u00ed, esta demostraci\u00f3n de Contacto \u00e9tico contrasta marcadamente con la Intervenci\u00f3n que est\u00e1 ocurriendo hoy en el mundo.\r<\/p><p class=\"image-quote float-right\"><img decoding=\"async\" src=\"https:\/\/www.alliesofhumanity.org\/wp-content\/uploads\/2020\/12\/quote-mvs.png\" alt=\"\" \/><\/p><blockquote id=\"quote-3\" class=\"text-quote float-right bg-gray\">Nos estamos poniendo en una posici\u00f3n de extrema vulnerabilidad. Con la amenaza del agotamiento de recursos, la degradaci\u00f3n medioambiental y el riesgo de una creciente fractura de la familia humana aumentando con cada d\u00eda que pasa, la humanidad est\u00e1 madura para una Intervenci\u00f3n.<\/blockquote><p>\r<\/p><p>Nos estamos poniendo en una posici\u00f3n de extrema vulnerabilidad. Con la amenaza del agotamiento de recursos, la degradaci\u00f3n medioambiental y el riesgo de una creciente fractura de la familia humana aumentando con cada d\u00eda que pasa, la humanidad est\u00e1 madura para una Intervenci\u00f3n. Vivimos en aparente aislamiento en un mundo rico y valioso que est\u00e1 siendo buscado por otros de m\u00e1s all\u00e1 de nuestras fronteras. Estamos distra\u00eddos y divididos y no vemos el gran peligro que est\u00e1 interviniendo en nuestras fronteras. Es un fen\u00f3meno que la historia ha repetido una y otra vez en lo que concierne al destino de las gentes nativas aisladas que estaban enfrent\u00e1ndose a la intervenci\u00f3n por primera vez. No somos realistas en nuestras suposiciones sobre los poderes y la benignidad de la vida inteligente en el universo. Y solo ahora estamos empezando a tomar consciencia de las condiciones que hemos creado para nosotros mismos en nuestro mundo.\r<\/p><p>\r<\/p><p>La verdad impopular es que la familia humana no est\u00e1 preparada para una experiencia directa de Contacto, y ciertamente tampoco para una intervenci\u00f3n. Primero debemos poner nuestra propia casa en orden. No tenemos a\u00fan la madurez como especie para involucrarnos con otras razas en la Comunidad Mayor desde una postura de unidad, fortaleza y discernimiento. Y hasta que podamos alcanzar tal posici\u00f3n, si es que alguna vez podemos, ninguna raza deber\u00eda intentar intervenir directamente en nuestro mundo. Los Aliados est\u00e1n proporcion\u00e1ndonos una sabidur\u00eda y una perspectiva que son muy necesarias, pero ellos no est\u00e1n interviniendo. Ellos nos dicen que nuestro destino est\u00e1, y deber\u00eda estar, en nuestras propias manos. Tal es la carga de la libertad en el universo.\r<\/p><p>\r<\/p><p>Sin embargo, la Intervenci\u00f3n est\u00e1 ocurriendo a pesar de nuestra falta de preparaci\u00f3n. La humanidad debe ahora prepararse para esto, que es el umbral con m\u00e1s consecuencias en la historia de la humanidad. M\u00e1s que ser \u00fanicamente testigos fortuitos de este fen\u00f3meno, estamos en el mismo centro de \u00e9l. Est\u00e1 ocurriendo, seamos o no conscientes de ello. Tiene el poder de cambiar el devenir de la humanidad. Y tiene una total relaci\u00f3n con qui\u00e9nes somos y por qu\u00e9 estamos aqu\u00ed en el mundo en este momento.\r<\/p><p>\r<\/p><a title=\"Ve a nuevomensaje.org\" href=\"http:\/\/www.nuevomensaje.org\/\" target=\"_blank\" rel=\"noopener noreferrer\">El Nuevo Mensaje<\/a> ha sido dado para proveer tanto las ense\u00f1anzas como la preparaci\u00f3n que ahora necesitamos para afrontar este gran umbral, renovar el esp\u00edritu humano y establecer un nuevo curso para la familia humana. Este Camino habla a la necesidad urgente de uni\u00f3n y cooperaci\u00f3n humanas, a la primac\u00eda del Conocimiento \u2014nuestra inteligencia espiritual\u2014 y a las responsabilidades mayores que debemos asumir ahora en el umbral del espacio. Representa un Nuevo Mensaje del Creador de toda vida.\r<p>\r<\/p><p>Mi misi\u00f3n es llevar esta cosmolog\u00eda y esta preparaci\u00f3n mayores al mundo, y con ellas una nueva esperanza y promesa para una humanidad en apuros. Mi larga preparaci\u00f3n y la inmensa ense\u00f1anza del Nuevo Mensaje est\u00e1n aqu\u00ed con este fin. Los Discursos de los Aliados de la Humanidad no son sino una peque\u00f1a parte de este gran mensaje. Ahora es tiempo de terminar nuestros conflictos incesantes y prepararnos para la vida en la Comunidad Mayor. Para hacerlo, necesitamos una comprensi\u00f3n nueva de nosotros mismos como una sola gente \u2014la gente nativa de este mundo, nacida de una \u00fanica espiritualidad\u2014 y de nuestra posici\u00f3n vulnerable como una raza joven y emergente en el universo. Este es mi mensaje para la humanidad y es para esto que he venido.\r<\/p><p>\r<\/p><p>&nbsp;\r<\/p><p align=\"center\"><b> Marshall Vian Summers<\/b><\/p>\r<p align=\"center\"><a title=\"Go to marshallsummers.com\" href=\"https:\/\/www.marshallsummers.com\/\" target=\"_blank\" rel=\"noopener noreferrer\">marshallsummers.com<\/a><\/p>\t\t\t\t\t\t\t\t<\/div>\t\t\t\t<\/div>\t\t\t\t\t<\/div>\t\t<\/div>\t\t\t\t\t<\/div>\t\t<\/section>\t\t\t\t<\/div><p>\t\t<\/p>","protected":false},"excerpt":{"rendered":"<p>Durante los \u00faltimos 35 a\u00f1os he estado inmerso en una experiencia religiosa. Esto ha resultado en la recepci\u00f3n de un vasto cuerpo de escritos sobre la naturaleza de la espiritualidad humana y el destino humano en el panorama mayor de la vida inteligente en el universo. Estos escritos, incluidos en la Ense\u00f1anza del Nuevo Mensaje, [&hellip;]<\/p>\n","protected":false},"author":23,"featured_media":0,"parent":0,"menu_order":4,"comment_status":"closed","ping_status":"closed","template":"page.php","meta":{"_acf_changed":false,"footnotes":""},"class_list":["post-6430","page","type-page","status-publish","hentry"],"acf":[],"yoast_head":"<!-- This site is optimized with the Yoast SEO plugin v26.5 - https:\/\/yoast.com\/wordpress\/plugins\/seo\/ -->\n<title>Marshall Vian Summers | Los Discursos de los Aliados de la Humanidad<\/title>\n<meta name=\"description\" content=\"Marshall Vian Summers ha recibido un vasto cuerpo de escritos sobre la realidad del contacto extraterrestre, la espiritualidad y el destino humano.\" \/>\n<meta name=\"robots\" content=\"index, follow, max-snippet:-1, max-image-preview:large, max-video-preview:-1\" \/>\n<link rel=\"canonical\" href=\"https:\/\/www.alliesofhumanity.org\/es\/marshall-vian-summers\/\" \/>\n<meta property=\"og:locale\" content=\"es_ES\" \/>\n<meta property=\"og:type\" content=\"article\" \/>\n<meta property=\"og:title\" content=\"Marshall Vian Summers | Los Discursos de los Aliados de la Humanidad\" \/>\n<meta property=\"og:description\" content=\"Marshall Vian Summers ha recibido un vasto cuerpo de escritos sobre la realidad del contacto extraterrestre, la espiritualidad y el destino humano.\" \/>\n<meta property=\"og:url\" content=\"https:\/\/www.alliesofhumanity.org\/es\/marshall-vian-summers\/\" \/>\n<meta property=\"og:site_name\" content=\"The Allies of Humanity\" \/>\n<meta property=\"article:publisher\" content=\"https:\/\/www.facebook.com\/alliesofhumanity\/\" \/>\n<meta property=\"article:modified_time\" content=\"2024-03-09T12:26:01+00:00\" \/>\n<meta property=\"og:image\" content=\"https:\/\/www.alliesofhumanity.org\/wp-content\/uploads\/2021\/01\/og-socialmedia-aoh.jpg\" \/>\n\t<meta property=\"og:image:width\" content=\"1200\" \/>\n\t<meta property=\"og:image:height\" content=\"630\" \/>\n\t<meta property=\"og:image:type\" content=\"image\/jpeg\" \/>\n<meta name=\"twitter:card\" content=\"summary_large_image\" \/>\n<meta name=\"twitter:title\" content=\"Marshall Vian Summers | Los Discursos de los Aliados de la Humanidad\" \/>\n<meta name=\"twitter:site\" content=\"@earthallies\" \/>\n<meta name=\"twitter:label1\" content=\"Tiempo de lectura\" \/>\n\t<meta name=\"twitter:data1\" content=\"5 minutos\" \/>\n<script type=\"application\/ld+json\" class=\"yoast-schema-graph\">{\"@context\":\"https:\/\/schema.org\",\"@graph\":[{\"@type\":\"WebPage\",\"@id\":\"https:\/\/www.alliesofhumanity.org\/es\/marshall-vian-summers\/\",\"url\":\"https:\/\/www.alliesofhumanity.org\/es\/marshall-vian-summers\/\",\"name\":\"Marshall Vian Summers | Los Discursos de los Aliados de la Humanidad\",\"isPartOf\":{\"@id\":\"https:\/\/www.alliesofhumanity.org\/es\/#website\"},\"datePublished\":\"2020-10-01T14:38:18+00:00\",\"dateModified\":\"2024-03-09T12:26:01+00:00\",\"description\":\"Marshall Vian Summers ha recibido un vasto cuerpo de escritos sobre la realidad del contacto extraterrestre, la espiritualidad y el destino humano.\",\"inLanguage\":\"es\",\"potentialAction\":[{\"@type\":\"ReadAction\",\"target\":[\"https:\/\/www.alliesofhumanity.org\/es\/marshall-vian-summers\/\"]}]},{\"@type\":\"WebSite\",\"@id\":\"https:\/\/www.alliesofhumanity.org\/es\/#website\",\"url\":\"https:\/\/www.alliesofhumanity.org\/es\/\",\"name\":\"The Allies of Humanity\",\"description\":\"\",\"potentialAction\":[{\"@type\":\"SearchAction\",\"target\":{\"@type\":\"EntryPoint\",\"urlTemplate\":\"https:\/\/www.alliesofhumanity.org\/es\/?s={search_term_string}\"},\"query-input\":{\"@type\":\"PropertyValueSpecification\",\"valueRequired\":true,\"valueName\":\"search_term_string\"}}],\"inLanguage\":\"es\"}]}<\/script>\n<!-- \/ Yoast SEO plugin. -->","yoast_head_json":{"title":"Marshall Vian Summers | Los Discursos de los Aliados de la Humanidad","description":"Marshall Vian Summers ha recibido un vasto cuerpo de escritos sobre la realidad del contacto extraterrestre, la espiritualidad y el destino humano.","robots":{"index":"index","follow":"follow","max-snippet":"max-snippet:-1","max-image-preview":"max-image-preview:large","max-video-preview":"max-video-preview:-1"},"canonical":"https:\/\/www.alliesofhumanity.org\/es\/marshall-vian-summers\/","og_locale":"es_ES","og_type":"article","og_title":"Marshall Vian Summers | Los Discursos de los Aliados de la Humanidad","og_description":"Marshall Vian Summers ha recibido un vasto cuerpo de escritos sobre la realidad del contacto extraterrestre, la espiritualidad y el destino humano.","og_url":"https:\/\/www.alliesofhumanity.org\/es\/marshall-vian-summers\/","og_site_name":"The Allies of Humanity","article_publisher":"https:\/\/www.facebook.com\/alliesofhumanity\/","article_modified_time":"2024-03-09T12:26:01+00:00","og_image":[{"width":1200,"height":630,"url":"https:\/\/www.alliesofhumanity.org\/wp-content\/uploads\/2021\/01\/og-socialmedia-aoh.jpg","type":"image\/jpeg"}],"twitter_card":"summary_large_image","twitter_title":"Marshall Vian Summers | Los Discursos de los Aliados de la Humanidad","twitter_site":"@earthallies","twitter_misc":{"Tiempo de lectura":"5 minutos"},"schema":{"@context":"https:\/\/schema.org","@graph":[{"@type":"WebPage","@id":"https:\/\/www.alliesofhumanity.org\/es\/marshall-vian-summers\/","url":"https:\/\/www.alliesofhumanity.org\/es\/marshall-vian-summers\/","name":"Marshall Vian Summers | Los Discursos de los Aliados de la Humanidad","isPartOf":{"@id":"https:\/\/www.alliesofhumanity.org\/es\/#website"},"datePublished":"2020-10-01T14:38:18+00:00","dateModified":"2024-03-09T12:26:01+00:00","description":"Marshall Vian Summers ha recibido un vasto cuerpo de escritos sobre la realidad del contacto extraterrestre, la espiritualidad y el destino humano.","inLanguage":"es","potentialAction":[{"@type":"ReadAction","target":["https:\/\/www.alliesofhumanity.org\/es\/marshall-vian-summers\/"]}]},{"@type":"WebSite","@id":"https:\/\/www.alliesofhumanity.org\/es\/#website","url":"https:\/\/www.alliesofhumanity.org\/es\/","name":"The Allies of Humanity","description":"","potentialAction":[{"@type":"SearchAction","target":{"@type":"EntryPoint","urlTemplate":"https:\/\/www.alliesofhumanity.org\/es\/?s={search_term_string}"},"query-input":{"@type":"PropertyValueSpecification","valueRequired":true,"valueName":"search_term_string"}}],"inLanguage":"es"}]}},"_links":{"self":[{"href":"https:\/\/www.alliesofhumanity.org\/es\/wp-json\/wp\/v2\/pages\/6430","targetHints":{"allow":["GET"]}}],"collection":[{"href":"https:\/\/www.alliesofhumanity.org\/es\/wp-json\/wp\/v2\/pages"}],"about":[{"href":"https:\/\/www.alliesofhumanity.org\/es\/wp-json\/wp\/v2\/types\/page"}],"author":[{"embeddable":true,"href":"https:\/\/www.alliesofhumanity.org\/es\/wp-json\/wp\/v2\/users\/23"}],"replies":[{"embeddable":true,"href":"https:\/\/www.alliesofhumanity.org\/es\/wp-json\/wp\/v2\/comments?post=6430"}],"version-history":[{"count":10,"href":"https:\/\/www.alliesofhumanity.org\/es\/wp-json\/wp\/v2\/pages\/6430\/revisions"}],"predecessor-version":[{"id":21956,"href":"https:\/\/www.alliesofhumanity.org\/es\/wp-json\/wp\/v2\/pages\/6430\/revisions\/21956"}],"wp:attachment":[{"href":"https:\/\/www.alliesofhumanity.org\/es\/wp-json\/wp\/v2\/media?parent=6430"}],"curies":[{"name":"wp","href":"https:\/\/api.w.org\/{rel}","templated":true}]}}