{"id":6428,"date":"2020-10-01T15:31:13","date_gmt":"2020-10-01T14:31:13","guid":{"rendered":"https:\/\/www.alliesofhumanity.org\/the-briefings\/12-point-summary-of-the-allies-of-humanity-briefings\/"},"modified":"2024-03-09T13:22:38","modified_gmt":"2024-03-09T12:22:38","slug":"12-point-summary-of-the-allies-of-humanity-briefings","status":"publish","type":"page","link":"https:\/\/www.alliesofhumanity.org\/es\/the-briefings\/12-point-summary-of-the-allies-of-humanity-briefings\/","title":{"rendered":"Resumen en 12 puntos"},"content":{"rendered":"\t\t<div data-elementor-type=\"wp-page\" data-elementor-id=\"6428\" class=\"elementor elementor-6428 elementor-2001\" data-elementor-post-type=\"page\">\t\t\t\t\t\t<section class=\"elementor-section elementor-top-section elementor-element elementor-element-28ebce47 elementor-section-boxed elementor-section-height-default elementor-section-height-default\" data-id=\"28ebce47\" data-element_type=\"section\">\t\t\t\t\t\t<div class=\"elementor-container elementor-column-gap-default\">\t\t\t\t\t<div class=\"elementor-column elementor-col-100 elementor-top-column elementor-element elementor-element-56ef9ab3\" data-id=\"56ef9ab3\" data-element_type=\"column\">\t\t\t<div class=\"elementor-widget-wrap elementor-element-populated\">\t\t\t\t\t\t<div class=\"elementor-element elementor-element-5c8d1469 elementor-widget elementor-widget-text-editor\" data-id=\"5c8d1469\" data-element_type=\"widget\" data-widget_type=\"text-editor.default\">\t\t\t\t<div class=\"elementor-widget-container\">\t\t\t\t\t\t\t\t\tPara ayudarles a compartir el mensaje y los Discursos de Los Aliados con otros, incluimos este resumen de 12 puntos de los cuatro conjuntos de Discursos. Este resumen representa solo una descripci\u00f3n general, y no incluye muchos de los detalles importantes que hacen posible la comprensi\u00f3n completa de los Discursos de Los Aliados.\r<ol>\r \t<li>El destino de la humanidad es emerger y tratar con una Comunidad Mayor de vida inteligente en el universo.<\/li>\r \t<li>El contacto con otras formas de vida inteligente representa el mayor umbral que la humanidad haya enfrentado. Los resultados de este contacto determinar\u00e1n el futuro de la humanidad para las generaciones venideras. Este contacto est\u00e1 sucediendo ahora.<\/li>\r \t<li>La humanidad no est\u00e1 preparada para el contacto. Los investigadores a\u00fan no pueden ver claramente qui\u00e9n visita nuestro mundo y por qu\u00e9. Los gobiernos no est\u00e1n revelando lo que saben, y la mayor\u00eda de las personas todav\u00eda niegan que este fen\u00f3meno est\u00e9 ocurriendo.<\/li>\r \t<li>Debido a esta falta de preparaci\u00f3n, los verdaderos Aliados de la Humanidad enviaron representantes a un lugar cerca de la Tierra para observar la presencia extraterrestre y las actividades dentro de nuestro mundo. Los Discursos de los Aliados de la Humanidad representan su informe.<\/li>\r \t<li>Los informes revelan que nuestro mundo est\u00e1 experimentando una Intervenci\u00f3n extraterrestre por parte de fuerzas que, como lo demuestran sus acciones, est\u00e1n aqu\u00ed para subvertir la autoridad humana, y para integrarse en las sociedades humanas para su propio beneficio. Estas fuerzas representan organizaciones no militares que est\u00e1n aqu\u00ed para buscar recursos humanos y biol\u00f3gicos. Los Aliados se refieren a estas fuerzas como los \u00abColectivos\u00bb. Los Colectivos no valoran la libertad humana.<\/li>\r \t<li>Debido a que la Intervenci\u00f3n la llevan a cabo peque\u00f1os grupos de fuerzas intervinientes, debe basarse principalmente en el enga\u00f1o y la persuasi\u00f3n para lograr sus objetivos. Los Discursos de Los Aliados describen en detalle c\u00f3mo se est\u00e1 logrando esto y qu\u00e9 debemos hacer para detenerlo.<\/li>\r \t<li>Esta Intervenci\u00f3n extraterrestre se centra en cuatro \u00e1mbitos:\r<ul>\r \t<li>Est\u00e1 influenciando a ciertas personas en posiciones de poder y autoridad en el gobierno, el comercio y la religi\u00f3n para que cooperen con la Intervenci\u00f3n a trav\u00e9s de la promesa de una mayor riqueza, poder y tecnolog\u00eda.<\/li>\r \t<li>Est\u00e1 creando establecimientos ocultos en el mundo desde los cuales la Intervenci\u00f3n puede ejercer su influencia en el entorno mental, buscando hacer que las personas en todas partes se abran y cumplan con su voluntad a trav\u00e9s de un \u00abPrograma de Pacificaci\u00f3n\u00bb.<\/li>\r \t<li>Est\u00e1 manipulando nuestros valores religiosos e impulsos espirituales para ganar lealtad humana a su causa.<\/li>\r \t<li>Est\u00e1 llevando a las personas en contra de su voluntad, y a menudo sin su conocimiento, para apoyar un programa de mestizaje dise\u00f1ado para crear una raza h\u00edbrida y un nuevo liderazgo que se unir\u00e1 a los \u00abvisitantes\u00bb.<\/li>\r<\/ul>\r<\/li>\r \t<li>Aquellos visitantes extraterrestres que han sido potencialmente beneficiosos para la humanidad se han retirado del mundo de cara a la Intervenci\u00f3n. Los restantes son razas alien\u00edgenas que no est\u00e1n aqu\u00ed para nuestro beneficio. Esto nos deja en una situaci\u00f3n inequ\u00edvoca con respecto a las intenciones y actividades de la presencia extraterrestre. Esto nos permite ver claramente a qu\u00e9 nos enfrentamos. De lo contrario, nos ser\u00eda imposible distinguir a un amigo del enemigo.<\/li>\r \t<li>Los Discursos de los Aliados enfatizan el grave peligro de aceptar y depender de la tecnolog\u00eda ET que ofrece la Intervenci\u00f3n. Esto solo nos llevar\u00e1 a depender de los \u00abvisitantes\u00bb, lo que resultar\u00e1 en nuestra p\u00e9rdida de libertad y autosuficiencia. Ning\u00fan verdadero aliado de la humanidad nos ofrecer\u00eda esto. Los Aliados enfatizan que tenemos soluciones basadas en la Tierra para todos los problemas que enfrentamos. Lo que nos falta como raza son la unidad, la voluntad y la cooperaci\u00f3n.<\/li>\r \t<li>A pesar del gran desaf\u00edo que enfrentamos ahora, la humanidad todav\u00eda tiene una gran ventaja si podemos responder a tiempo. Los Discursos de Los Aliados revelan tanto las fortalezas de la Intervenci\u00f3n como sus debilidades. Una de las debilidades de la Intervenci\u00f3n es su dependencia del consentimiento humano y la cooperaci\u00f3n para lograr sus objetivos. De acuerdo con las reglas de conducta de la Comunidad Mayor dentro de la regi\u00f3n del espacio en el que existe nuestro mundo, la Intervenci\u00f3n no est\u00e1 permitida a menos que se pueda demostrar que los nativos la acogen y la aprueban. Aqu\u00ed nuestras voces pueden tener poder en la Comunidad Mayor. En este momento, la Intervenci\u00f3n tiene pocos cr\u00edticos. Pero si suficientes personas pueden darse cuenta de ello y hablar en contra, la Intervenci\u00f3n se ver\u00e1 frustrada y deber\u00e1 retirarse. Este es el primer paso en la preparaci\u00f3n de la humanidad para lidiar con las realidades de la vida en el universo. Este paso y todos los que siguen le dan a la humanidad su gran oportunidad de superar sus conflictos de larga data y unirse en su propia defensa para la preservaci\u00f3n del mundo. Los Aliados enfatizan que nosotros como seres humanos tenemos el poder espiritual y colectivo para hacer esto, y que debemos hacerlo si queremos sobrevivir y avanzar como una raza libre e independiente en el universo.<\/li>\r \t<li>La preparaci\u00f3n para nuestro contacto con la Comunidad Mayor comienza con la conciencia, la educaci\u00f3n y el Conocimiento, nuestra Mente espiritual.<\/li>\r \t<li>Al enfrentar a la Comunidad Mayor, la humanidad debe construir la unidad, la autosuficiencia y la discreci\u00f3n. Estos son los tres requisitos que todas las naciones libres deben establecer para ser libres en el universo.<\/li>\r<\/ol>\r<p style=\"text-align: center; padding-left: 120px;\">___________________________<\/p>\r<p style=\"text-align: center; padding-left: 120px;\"><em>\u201cSi la humanidad estuviera bien versada en los asuntos de la Comunidad Mayor, <\/em><em>resistir\u00eda cualquier visitaci\u00f3n a su mundo, <\/em><em> a menos que se hubiera establecido antes un acuerdo mutuo. <\/em><em>Ustedes sabr\u00edan lo suficiente para no dejar <\/em><em>a su mundo tan vulnerable.\u201d<\/em><\/p>\r<p style=\"text-align: center; padding-left: 120px;\"><em><a href=\"https:\/\/www.alliesofhumanity.org\/es\/the-briefings\/book-one\/\">Los Aliados de la Humanidad Libro 1<\/a>:<\/em> <a href=\"https:\/\/www.alliesofhumanity.org\/es\/the-briefings\/book-one\/the-visitors\/\">Tercer Discurso<\/a><\/p>\r<p style=\"text-align: center; padding-left: 120px;\"><strong><a href=\"https:\/\/www.alliesofhumanity.org\">www.AlliesofHumanity.org<\/a><\/strong><\/p>\t\t\t\t\t\t\t\t<\/div>\t\t\t\t<\/div>\t\t\t\t\t<\/div>\t\t<\/div>\t\t\t\t\t<\/div>\t\t<\/section>\t\t\t\t<\/div><p>\t\t<\/p>","protected":false},"excerpt":{"rendered":"<p>Para ayudarles a compartir el mensaje y los Discursos de Los Aliados con otros, incluimos este resumen de 12 puntos de los cuatro conjuntos de Discursos. Este resumen representa solo una descripci\u00f3n general, y no incluye muchos de los detalles importantes que hacen posible la comprensi\u00f3n completa de los Discursos de Los Aliados. El destino [&hellip;]<\/p>\n","protected":false},"author":23,"featured_media":0,"parent":6118,"menu_order":5,"comment_status":"closed","ping_status":"closed","template":"page.php","meta":{"_acf_changed":false,"footnotes":""},"class_list":["post-6428","page","type-page","status-publish","hentry"],"acf":[],"yoast_head":"<!-- This site is optimized with the Yoast SEO plugin v26.5 - https:\/\/yoast.com\/wordpress\/plugins\/seo\/ -->\n<title>Resumen en 12 puntos de los Discursos de los Aliados de la Humanidad<\/title>\n<meta name=\"description\" content=\"El destino de la humanidad es emerger y tratar con una Comunidad Mayor de vida inteligente en el universo.\" \/>\n<meta name=\"robots\" content=\"index, follow, max-snippet:-1, max-image-preview:large, max-video-preview:-1\" \/>\n<link rel=\"canonical\" href=\"https:\/\/www.alliesofhumanity.org\/es\/the-briefings\/12-point-summary-of-the-allies-of-humanity-briefings\/\" \/>\n<meta property=\"og:locale\" content=\"es_ES\" \/>\n<meta property=\"og:type\" content=\"article\" \/>\n<meta property=\"og:title\" content=\"Resumen en 12 puntos de los Discursos de los Aliados de la Humanidad\" \/>\n<meta property=\"og:description\" content=\"El destino de la humanidad es emerger y tratar con una Comunidad Mayor de vida inteligente en el universo.\" \/>\n<meta property=\"og:url\" content=\"https:\/\/www.alliesofhumanity.org\/es\/the-briefings\/12-point-summary-of-the-allies-of-humanity-briefings\/\" \/>\n<meta property=\"og:site_name\" content=\"The Allies of Humanity\" \/>\n<meta property=\"article:publisher\" content=\"https:\/\/www.facebook.com\/alliesofhumanity\/\" \/>\n<meta property=\"article:modified_time\" content=\"2024-03-09T12:22:38+00:00\" \/>\n<meta property=\"og:image\" content=\"https:\/\/www.alliesofhumanity.org\/wp-content\/uploads\/2021\/01\/og-socialmedia-aoh.jpg\" \/>\n\t<meta property=\"og:image:width\" content=\"1200\" \/>\n\t<meta property=\"og:image:height\" content=\"630\" \/>\n\t<meta property=\"og:image:type\" content=\"image\/jpeg\" \/>\n<meta name=\"twitter:card\" content=\"summary_large_image\" \/>\n<meta name=\"twitter:title\" content=\"Resumen en 12 puntos de los Discursos de los Aliados de la Humanidad\" \/>\n<meta name=\"twitter:site\" content=\"@earthallies\" \/>\n<meta name=\"twitter:label1\" content=\"Tiempo de lectura\" \/>\n\t<meta name=\"twitter:data1\" content=\"5 minutos\" \/>\n<script type=\"application\/ld+json\" class=\"yoast-schema-graph\">{\"@context\":\"https:\/\/schema.org\",\"@graph\":[{\"@type\":\"WebPage\",\"@id\":\"https:\/\/www.alliesofhumanity.org\/es\/the-briefings\/12-point-summary-of-the-allies-of-humanity-briefings\/\",\"url\":\"https:\/\/www.alliesofhumanity.org\/es\/the-briefings\/12-point-summary-of-the-allies-of-humanity-briefings\/\",\"name\":\"Resumen en 12 puntos de los Discursos de los Aliados de la Humanidad\",\"isPartOf\":{\"@id\":\"https:\/\/www.alliesofhumanity.org\/es\/#website\"},\"datePublished\":\"2020-10-01T14:31:13+00:00\",\"dateModified\":\"2024-03-09T12:22:38+00:00\",\"description\":\"El destino de la humanidad es emerger y tratar con una Comunidad Mayor de vida inteligente en el universo.\",\"breadcrumb\":{\"@id\":\"https:\/\/www.alliesofhumanity.org\/es\/the-briefings\/12-point-summary-of-the-allies-of-humanity-briefings\/#breadcrumb\"},\"inLanguage\":\"es\",\"potentialAction\":[{\"@type\":\"ReadAction\",\"target\":[\"https:\/\/www.alliesofhumanity.org\/es\/the-briefings\/12-point-summary-of-the-allies-of-humanity-briefings\/\"]}]},{\"@type\":\"BreadcrumbList\",\"@id\":\"https:\/\/www.alliesofhumanity.org\/es\/the-briefings\/12-point-summary-of-the-allies-of-humanity-briefings\/#breadcrumb\",\"itemListElement\":[{\"@type\":\"ListItem\",\"position\":1,\"name\":\"Los Discursos\",\"item\":\"https:\/\/www.alliesofhumanity.org\/es\/the-briefings\/\"},{\"@type\":\"ListItem\",\"position\":2,\"name\":\"Resumen en 12 puntos\"}]},{\"@type\":\"WebSite\",\"@id\":\"https:\/\/www.alliesofhumanity.org\/es\/#website\",\"url\":\"https:\/\/www.alliesofhumanity.org\/es\/\",\"name\":\"The Allies of Humanity\",\"description\":\"\",\"potentialAction\":[{\"@type\":\"SearchAction\",\"target\":{\"@type\":\"EntryPoint\",\"urlTemplate\":\"https:\/\/www.alliesofhumanity.org\/es\/?s={search_term_string}\"},\"query-input\":{\"@type\":\"PropertyValueSpecification\",\"valueRequired\":true,\"valueName\":\"search_term_string\"}}],\"inLanguage\":\"es\"}]}<\/script>\n<!-- \/ Yoast SEO plugin. -->","yoast_head_json":{"title":"Resumen en 12 puntos de los Discursos de los Aliados de la Humanidad","description":"El destino de la humanidad es emerger y tratar con una Comunidad Mayor de vida inteligente en el universo.","robots":{"index":"index","follow":"follow","max-snippet":"max-snippet:-1","max-image-preview":"max-image-preview:large","max-video-preview":"max-video-preview:-1"},"canonical":"https:\/\/www.alliesofhumanity.org\/es\/the-briefings\/12-point-summary-of-the-allies-of-humanity-briefings\/","og_locale":"es_ES","og_type":"article","og_title":"Resumen en 12 puntos de los Discursos de los Aliados de la Humanidad","og_description":"El destino de la humanidad es emerger y tratar con una Comunidad Mayor de vida inteligente en el universo.","og_url":"https:\/\/www.alliesofhumanity.org\/es\/the-briefings\/12-point-summary-of-the-allies-of-humanity-briefings\/","og_site_name":"The Allies of Humanity","article_publisher":"https:\/\/www.facebook.com\/alliesofhumanity\/","article_modified_time":"2024-03-09T12:22:38+00:00","og_image":[{"width":1200,"height":630,"url":"https:\/\/www.alliesofhumanity.org\/wp-content\/uploads\/2021\/01\/og-socialmedia-aoh.jpg","type":"image\/jpeg"}],"twitter_card":"summary_large_image","twitter_title":"Resumen en 12 puntos de los Discursos de los Aliados de la Humanidad","twitter_site":"@earthallies","twitter_misc":{"Tiempo de lectura":"5 minutos"},"schema":{"@context":"https:\/\/schema.org","@graph":[{"@type":"WebPage","@id":"https:\/\/www.alliesofhumanity.org\/es\/the-briefings\/12-point-summary-of-the-allies-of-humanity-briefings\/","url":"https:\/\/www.alliesofhumanity.org\/es\/the-briefings\/12-point-summary-of-the-allies-of-humanity-briefings\/","name":"Resumen en 12 puntos de los Discursos de los Aliados de la Humanidad","isPartOf":{"@id":"https:\/\/www.alliesofhumanity.org\/es\/#website"},"datePublished":"2020-10-01T14:31:13+00:00","dateModified":"2024-03-09T12:22:38+00:00","description":"El destino de la humanidad es emerger y tratar con una Comunidad Mayor de vida inteligente en el universo.","breadcrumb":{"@id":"https:\/\/www.alliesofhumanity.org\/es\/the-briefings\/12-point-summary-of-the-allies-of-humanity-briefings\/#breadcrumb"},"inLanguage":"es","potentialAction":[{"@type":"ReadAction","target":["https:\/\/www.alliesofhumanity.org\/es\/the-briefings\/12-point-summary-of-the-allies-of-humanity-briefings\/"]}]},{"@type":"BreadcrumbList","@id":"https:\/\/www.alliesofhumanity.org\/es\/the-briefings\/12-point-summary-of-the-allies-of-humanity-briefings\/#breadcrumb","itemListElement":[{"@type":"ListItem","position":1,"name":"Los Discursos","item":"https:\/\/www.alliesofhumanity.org\/es\/the-briefings\/"},{"@type":"ListItem","position":2,"name":"Resumen en 12 puntos"}]},{"@type":"WebSite","@id":"https:\/\/www.alliesofhumanity.org\/es\/#website","url":"https:\/\/www.alliesofhumanity.org\/es\/","name":"The Allies of Humanity","description":"","potentialAction":[{"@type":"SearchAction","target":{"@type":"EntryPoint","urlTemplate":"https:\/\/www.alliesofhumanity.org\/es\/?s={search_term_string}"},"query-input":{"@type":"PropertyValueSpecification","valueRequired":true,"valueName":"search_term_string"}}],"inLanguage":"es"}]}},"_links":{"self":[{"href":"https:\/\/www.alliesofhumanity.org\/es\/wp-json\/wp\/v2\/pages\/6428","targetHints":{"allow":["GET"]}}],"collection":[{"href":"https:\/\/www.alliesofhumanity.org\/es\/wp-json\/wp\/v2\/pages"}],"about":[{"href":"https:\/\/www.alliesofhumanity.org\/es\/wp-json\/wp\/v2\/types\/page"}],"author":[{"embeddable":true,"href":"https:\/\/www.alliesofhumanity.org\/es\/wp-json\/wp\/v2\/users\/23"}],"replies":[{"embeddable":true,"href":"https:\/\/www.alliesofhumanity.org\/es\/wp-json\/wp\/v2\/comments?post=6428"}],"version-history":[{"count":9,"href":"https:\/\/www.alliesofhumanity.org\/es\/wp-json\/wp\/v2\/pages\/6428\/revisions"}],"predecessor-version":[{"id":21954,"href":"https:\/\/www.alliesofhumanity.org\/es\/wp-json\/wp\/v2\/pages\/6428\/revisions\/21954"}],"up":[{"embeddable":true,"href":"https:\/\/www.alliesofhumanity.org\/es\/wp-json\/wp\/v2\/pages\/6118"}],"wp:attachment":[{"href":"https:\/\/www.alliesofhumanity.org\/es\/wp-json\/wp\/v2\/media?parent=6428"}],"curies":[{"name":"wp","href":"https:\/\/api.w.org\/{rel}","templated":true}]}}