{"id":6422,"date":"2020-10-01T15:06:29","date_gmt":"2020-10-01T14:06:29","guid":{"rendered":"https:\/\/www.alliesofhumanity.org\/higher-powers\/"},"modified":"2024-03-09T13:20:17","modified_gmt":"2024-03-09T12:20:17","slug":"higher-powers","status":"publish","type":"page","link":"https:\/\/www.alliesofhumanity.org\/es\/the-briefings\/book-four\/higher-powers\/","title":{"rendered":"Cuarto Discurso: Los Poderes Superiores"},"content":{"rendered":"\t\t<div data-elementor-type=\"wp-page\" data-elementor-id=\"6422\" class=\"elementor elementor-6422 elementor-2537\" data-elementor-post-type=\"page\">\t\t\t\t\t\t<section class=\"elementor-section elementor-top-section elementor-element elementor-element-cbb1285 elementor-section-boxed elementor-section-height-default elementor-section-height-default\" data-id=\"cbb1285\" data-element_type=\"section\">\t\t\t\t\t\t<div class=\"elementor-container elementor-column-gap-default\">\t\t\t\t\t<div class=\"elementor-column elementor-col-100 elementor-top-column elementor-element elementor-element-3380586a\" data-id=\"3380586a\" data-element_type=\"column\">\t\t\t<div class=\"elementor-widget-wrap elementor-element-populated\">\t\t\t\t\t\t<div class=\"elementor-element elementor-element-c32f833 elementor-widget elementor-widget-text-editor\" data-id=\"c32f833\" data-element_type=\"widget\" data-widget_type=\"text-editor.default\">\t\t\t\t<div class=\"elementor-widget-container\">\t\t\t\t\t\t\t\t\tHay dos realidades en el universo, superpuestas entre s\u00ed. La primera y principal en su experiencia es la realidad de la Separaci\u00f3n y el cambio evolutivo, el cambio planetario \u2014desde la vida primitiva a las organizaciones sociales primitivas, las primeras naciones, las naciones m\u00e1s grandes, las naciones mundiales y, finalmente, la emergencia a una Comunidad Mayor de naciones mayores.\r\rSuperponi\u00e9ndose a esto, existe el trabajo de lo Divino en todo el universo, llevado a cabo por los Poderes Superiores, las Fuerzas Ang\u00e9licas que supervisan a todas las razas, incluso en las naciones que no son libres, buscando oportunidades para cultivar el Conocimiento en los individuos que son lo suficientemente libres y capaces de responder. Esto crea una gran Red de Sabios, que luego puede apoyar el surgimiento de naciones libres, naciones que a\u00fan tienen el potencial para este gran logro.\r\r<p>En el universo f\u00edsico, solo existen las fuerzas que se pusieron en marcha al principio de los tiempos. No existe un Plan Divino que lo organice y lo controle todo, ya que el universo f\u00edsico es en gran medida ca\u00f3tico y est\u00e1 gobernado por fuerzas celestiales, por fuerzas geol\u00f3gicas y, en los mundos donde la vida ha podido desarrollarse, por fuerzas biol\u00f3gicas. Todo eso fue puesto en marcha al principio de los tiempos por lo Divino, y ahora se mueve por s\u00ed mismo.\r<\/p><p>\r<\/p><p>La Intervenci\u00f3n Divina sucede a trav\u00e9s de los Poderes Superiores, a trav\u00e9s de las Redes de los Sabios y a trav\u00e9s de las naciones que han podido mantener vivos la conciencia y el Conocimiento individuales, a pesar de todos los peligros y conflictos que generalmente existen en la evoluci\u00f3n y el desarrollo social de un mundo.\r<\/p><p class=\"image-quote float-right\"><img decoding=\"async\" src=\"https:\/\/www.alliesofhumanity.org\/wp-content\/uploads\/2020\/12\/quote-book4-briefing4-1.png\" alt=\"\" \/><\/p><blockquote id=\"quote-2\" class=\"text-quote float-right bg-red\">La Intervenci\u00f3n Divina sucede a trav\u00e9s de los Poderes Superiores, a trav\u00e9s de las Redes de los Sabios y a trav\u00e9s de las naciones que han podido mantener vivos la conciencia y el Conocimiento individuales...<\/blockquote><p>\r<\/p><p>Como hemos dicho, no hay razas iluminadas en el universo que conocemos, pero hay razas libres, y en ellas los Sabios pueden guiar a sus naciones. Los Sabios ser\u00e1n all\u00ed m\u00e1s abundantes de lo que ser\u00eda posible en las naciones que no son libres.\r<\/p><p>\r<\/p><p>Lo Divino tiene avanzadas en muchos, muchos lugares. Y hay grupos de Sabios que trabajan tambi\u00e9n en muchos lugares, incluso en gran secreto. Las naciones libres permiten que estos grupos resurjan y sean efectivos en la sociedad. Pero los verdaderamente Sabios son individuos entrelazados en peque\u00f1os grupos, dentro de su propia naci\u00f3n o entre naciones, conectados a trav\u00e9s de los Poderes Superiores.\r<\/p><p>\r<\/p><p>Por tanto, no piensen que alguna raza iluminada vendr\u00e1 a iluminar a la humanidad, o que la humanidad misma se convertir\u00e1 en una raza iluminada. Eso est\u00e1 m\u00e1s all\u00e1 de sus capacidades. Pero ser una raza libre en la que el Conocimiento puede fomentarse y apoyarse abiertamente es lo que representa el gran logro. Ese es el gran desaf\u00edo y requisito que se les presenta ahora.\r<\/p><p>\r<\/p><p class=\"image-quote float-left\"><img decoding=\"async\" src=\"https:\/\/www.alliesofhumanity.org\/wp-content\/uploads\/2020\/12\/quote-book4-briefing4-2.png\" alt=\"\" \/><\/p><blockquote id=\"quote-4\" class=\"text-quote float-left bg-gray\">Deben entender que el Trabajo de lo Divino en su mundo est\u00e1 conectado con el Trabajo de lo Divino en todos los mundos.<\/blockquote><p>Hay dos tipos de libertad. Por un lado est\u00e1 la libertad pr\u00e1ctica para vivir su vida sin restricciones o dominaci\u00f3n; la libertad pr\u00e1ctica para vivir con estabilidad y seguridad, sin la amenaza constante de la guerra o la corrupci\u00f3n dominante. Esta es la libertad fundamental, y es muy importante. Es lo primero que debe establecerse.\r<\/p><p>\r<\/p><p>Luego est\u00e1 la mayor libertad espiritual del individuo para comenzar su regreso a lo Divino y acceder al Conocimiento m\u00e1s profundo que Dios ha creado en todos los individuos, en todas las razas del universo que viven en Separaci\u00f3n en la realidad f\u00edsica.\r<\/p><p>\r<\/p><p>Esta mayor libertad representa el llamado de los individuos, y est\u00e1 limitada por las libertades fundamentales que puedan tener en sus respectivos mundos y culturas. Pero la mayor libertad es la libertad m\u00e1s esencial, porque el Poder del Cielo puede moverse a trav\u00e9s de estos individuos en servicio a los dem\u00e1s y, a trav\u00e9s de las grandes Redes de Sabios, fomentar la libertad y el Conocimiento en toda la Comunidad Mayor.\r<\/p><p class=\"image-quote float-right\"><img decoding=\"async\" src=\"https:\/\/www.alliesofhumanity.org\/wp-content\/uploads\/2020\/12\/quote-book4-briefing4-3.png\" alt=\"\" \/><\/p><blockquote id=\"quote-6\" class=\"text-quote float-right bg-black\">El mundo est\u00e1 gobernado por un peque\u00f1o n\u00famero de personas, para bien o para mal. En este caso, un peque\u00f1o n\u00famero de personas podr\u00eda salvar a toda la raza humana del colapso y la desintegraci\u00f3n.<\/blockquote><p>\r<\/p><p>Deben entender que el Trabajo de lo Divino en su mundo est\u00e1 conectado con el Trabajo de lo Divino en todos los mundos. No existe un plan especial para su mundo, que no es m\u00e1s que un peque\u00f1o lugar en un universo mayor. El plan de Dios est\u00e1 unificado y bien establecido. Y el Conocimiento vive dentro de ustedes como individuos, y es a trav\u00e9s de \u00e9l como ustedes se conectan con la Presencia y el Poder Divinos, y es a trav\u00e9s de \u00e9l como comienzan a obtener su libertad interior, incluso m\u00e1s all\u00e1 de las restricciones de su entorno externo.\r<\/p><p>\r<\/p><p>Dondequiera que se pueda construir, establecer y mantener la libertad fundamental a lo largo del tiempo, representa una mayor posibilidad de que se fomente y apoye la libertad m\u00e1s alta, y la mayor libertad que tendr\u00e1 en su expresi\u00f3n ese mundo, esa naci\u00f3n y esa cultura. Porque la libertad en el universo no es la libertad de promover su Separaci\u00f3n, sino la libertad de regresar a su Fuente y estar al servicio de esta realidad f\u00edsica.\r<\/p><p>\r<\/p><p>Como pueden ver aqu\u00ed, incluso sus nociones m\u00e1s fundamentales de paz, libertad y responsabilidad deben ahora redefinirse dentro de un contexto m\u00e1s amplio. De lo contrario, ustedes continuar\u00e1n pensando que su paz, su libertad y su responsabilidad son solo para ustedes o sus familias. Esto no es lo que significan estas cosas en la Comunidad Mayor, y no ser\u00e1 efectivo ni significativo en el mundo al que ahora est\u00e1n comenzando a ingresar, donde la degradaci\u00f3n medioambiental, el declive en la producci\u00f3n de alimentos y el clima cambiante de su mundo har\u00e1n la vida mucho m\u00e1s dif\u00edcil, requiriendo una mayor participaci\u00f3n y cooperaci\u00f3n para tener \u00e9xito.\r<\/p><p>\r<\/p><p>Incluso las cosas que amenazan a la humanidad desde el exterior y pueden socavarla aqu\u00ed en este mundo, pueden tambi\u00e9n fomentar una mayor libertad en el sentido m\u00e1s verdadero, si suficientes personas reconocen y reclaman esta oportunidad. Cuanto mayor es el desaf\u00edo, mayor es la oportunidad.\r<\/p><p>\r<\/p><p>Por ahora, la humanidad es demasiado d\u00e9bil, demasiado dividida, demasiado desorganizada para poder sostenerse como una raza libre y soberana en el universo. Lo que construir\u00e1 esta fortaleza, cooperaci\u00f3n, libertad y responsabilidad son los grandes desaf\u00edos que enfrenta ahora: el desaf\u00edo de la degradaci\u00f3n y el colapso desde adentro, y el desaf\u00edo de la Intervenci\u00f3n y la subyugaci\u00f3n desde afuera. Solo estos grandes desaf\u00edos dominantes generar\u00e1n el requisito de libertad, fortaleza y responsabilidad del que hablamos aqu\u00ed.\r<\/p><p>\r<\/p><p>No todos podr\u00e1n responder a este desaf\u00edo, pero incluso si una peque\u00f1a minor\u00eda de personas en su mundo puede hacerlo, ello podr\u00e1 conducir a un mejor resultado. El mundo est\u00e1 gobernado por un peque\u00f1o n\u00famero de personas, para bien o para mal. En este caso, un peque\u00f1o n\u00famero de personas podr\u00eda salvar a toda la raza humana del colapso y la desintegraci\u00f3n.\r<\/p><p>\r<\/p><p>S\u00ed, es un tremendo desaf\u00edo. S\u00ed, parece ser injusto para su comprensi\u00f3n. Incluso parece cruel para su comprensi\u00f3n. Pero esto es lo que significa madurar en el universo: convertirse en una raza madura y no en una raza adolescente que lucha y forcejea internamente por el privilegio, la riqueza y las oportunidades.\r<\/p><p>\r<\/p><p>Nosotros hemos tenido que crecer bajo el dolor y el desaf\u00edo de la Intervenci\u00f3n y la degradaci\u00f3n de nuestros mundos. Forma parte de la vida, de convertirse en adulto y hacerse responsable, no solo de uno mismo, sino del bienestar del mundo al que uno pertenece, impulsados ahora por la necesidad, impulsados ahora por el desaf\u00edo, impulsados ahora por una gran amenaza. Todas estas cosas son la base de la fuerza, la sabidur\u00eda y la cooperaci\u00f3n que ustedes necesitar\u00e1n para el gran cambio que se avecina para el mundo.\r<\/p><p>\r<\/p><p>Por tanto, no traemos paz tal como ustedes piensan en ella. Traemos desaf\u00edo. Traemos responsabilidad. Traemos claridad. Traemos sabidur\u00eda. Traemos fortaleza. Traemos la llamada para todas estas cosas.\r<\/p><p>\r<\/p><p>Si pudieran ver o al menos tener una idea de hacia d\u00f3nde se dirige su vida y el grado de Intervenci\u00f3n en su mundo de hoy, ello los derrotar\u00eda o bien los elevar\u00eda para poder enfrentarlo. Tal es la oportunidad invisible que existe en esto.\r<\/p><p>\r<\/p>Dios sabe que este es el mayor umbral para la familia humana, el mayor umbral que jam\u00e1s haya enfrentado y que pueda enfrentar: un mundo en declive y la emergencia a la Comunidad Mayor, dos eventos que generalmente van juntos. Dios ha enviado un Nuevo Mensaje al mundo. Lo sabemos. Eso forma parte de lo que nos ha llamado aqu\u00ed para alentar a la familia humana. Hablaremos de esto a continuaci\u00f3n, ya que es fundamental para su \u00e9xito y su libertad.\t\t\t\t\t\t\t\t<\/div>\t\t\t\t<\/div>\t\t\t\t\t<\/div>\t\t<\/div>\t\t\t\t\t<\/div>\t\t<\/section>\t\t\t\t<\/div><p>\t\t<\/p>","protected":false},"excerpt":{"rendered":"<p>Hay dos realidades en el universo, superpuestas entre s\u00ed. La primera y principal en su experiencia es la realidad de la Separaci\u00f3n y el cambio evolutivo, el cambio planetario \u2014desde la vida primitiva a las organizaciones sociales primitivas, las primeras naciones, las naciones m\u00e1s grandes, las naciones mundiales y, finalmente, la emergencia a una Comunidad [&hellip;]<\/p>\n","protected":false},"author":23,"featured_media":0,"parent":6452,"menu_order":4,"comment_status":"closed","ping_status":"closed","template":"page.php","meta":{"_acf_changed":false,"footnotes":""},"class_list":["post-6422","page","type-page","status-publish","hentry"],"acf":[],"yoast_head":"<!-- This site is optimized with the Yoast SEO plugin v26.5 - https:\/\/yoast.com\/wordpress\/plugins\/seo\/ -->\n<title>Los Poderes Superiores - La obra Divina en todo el universo<\/title>\n<meta name=\"description\" content=\"La Intervenci\u00f3n Divina sucede a trav\u00e9s de los Poderes Superiores, a trav\u00e9s de las Redes de los Sabios y a trav\u00e9s de las naciones donde la espiritualidad se ha mantenido viva.\" \/>\n<meta name=\"robots\" content=\"index, follow, max-snippet:-1, max-image-preview:large, max-video-preview:-1\" \/>\n<link rel=\"canonical\" href=\"https:\/\/www.alliesofhumanity.org\/es\/the-briefings\/book-four\/higher-powers\/\" \/>\n<meta property=\"og:locale\" content=\"es_ES\" \/>\n<meta property=\"og:type\" content=\"article\" \/>\n<meta property=\"og:title\" content=\"Los Poderes Superiores - La obra Divina en todo el universo\" \/>\n<meta property=\"og:description\" content=\"La Intervenci\u00f3n Divina sucede a trav\u00e9s de los Poderes Superiores, a trav\u00e9s de las Redes de los Sabios y a trav\u00e9s de las naciones donde la espiritualidad se ha mantenido viva.\" \/>\n<meta property=\"og:url\" content=\"https:\/\/www.alliesofhumanity.org\/es\/the-briefings\/book-four\/higher-powers\/\" \/>\n<meta property=\"og:site_name\" content=\"The Allies of Humanity\" \/>\n<meta property=\"article:publisher\" content=\"https:\/\/www.facebook.com\/alliesofhumanity\/\" \/>\n<meta property=\"article:modified_time\" content=\"2024-03-09T12:20:17+00:00\" \/>\n<meta property=\"og:image\" content=\"https:\/\/www.alliesofhumanity.org\/wp-content\/uploads\/2021\/01\/og-socialmedia-aoh.jpg\" \/>\n\t<meta property=\"og:image:width\" content=\"1200\" \/>\n\t<meta property=\"og:image:height\" content=\"630\" \/>\n\t<meta property=\"og:image:type\" content=\"image\/jpeg\" \/>\n<meta name=\"twitter:card\" content=\"summary_large_image\" \/>\n<meta name=\"twitter:title\" content=\"Los Poderes Superiores - La obra Divina en todo el universo\" \/>\n<meta name=\"twitter:site\" content=\"@earthallies\" \/>\n<meta name=\"twitter:label1\" content=\"Tiempo de lectura\" \/>\n\t<meta name=\"twitter:data1\" content=\"7 minutos\" \/>\n<script type=\"application\/ld+json\" class=\"yoast-schema-graph\">{\"@context\":\"https:\/\/schema.org\",\"@graph\":[{\"@type\":\"WebPage\",\"@id\":\"https:\/\/www.alliesofhumanity.org\/es\/the-briefings\/book-four\/higher-powers\/\",\"url\":\"https:\/\/www.alliesofhumanity.org\/es\/the-briefings\/book-four\/higher-powers\/\",\"name\":\"Los Poderes Superiores - La obra Divina en todo el universo\",\"isPartOf\":{\"@id\":\"https:\/\/www.alliesofhumanity.org\/es\/#website\"},\"datePublished\":\"2020-10-01T14:06:29+00:00\",\"dateModified\":\"2024-03-09T12:20:17+00:00\",\"description\":\"La Intervenci\u00f3n Divina sucede a trav\u00e9s de los Poderes Superiores, a trav\u00e9s de las Redes de los Sabios y a trav\u00e9s de las naciones donde la espiritualidad se ha mantenido viva.\",\"breadcrumb\":{\"@id\":\"https:\/\/www.alliesofhumanity.org\/es\/the-briefings\/book-four\/higher-powers\/#breadcrumb\"},\"inLanguage\":\"es\",\"potentialAction\":[{\"@type\":\"ReadAction\",\"target\":[\"https:\/\/www.alliesofhumanity.org\/es\/the-briefings\/book-four\/higher-powers\/\"]}]},{\"@type\":\"BreadcrumbList\",\"@id\":\"https:\/\/www.alliesofhumanity.org\/es\/the-briefings\/book-four\/higher-powers\/#breadcrumb\",\"itemListElement\":[{\"@type\":\"ListItem\",\"position\":1,\"name\":\"Los Discursos\",\"item\":\"https:\/\/www.alliesofhumanity.org\/es\/the-briefings\/\"},{\"@type\":\"ListItem\",\"position\":2,\"name\":\"Libro 4\",\"item\":\"https:\/\/www.alliesofhumanity.org\/es\/the-briefings\/book-four\/\"},{\"@type\":\"ListItem\",\"position\":3,\"name\":\"Cuarto Discurso: Los Poderes Superiores\"}]},{\"@type\":\"WebSite\",\"@id\":\"https:\/\/www.alliesofhumanity.org\/es\/#website\",\"url\":\"https:\/\/www.alliesofhumanity.org\/es\/\",\"name\":\"The Allies of Humanity\",\"description\":\"\",\"potentialAction\":[{\"@type\":\"SearchAction\",\"target\":{\"@type\":\"EntryPoint\",\"urlTemplate\":\"https:\/\/www.alliesofhumanity.org\/es\/?s={search_term_string}\"},\"query-input\":{\"@type\":\"PropertyValueSpecification\",\"valueRequired\":true,\"valueName\":\"search_term_string\"}}],\"inLanguage\":\"es\"}]}<\/script>\n<!-- \/ Yoast SEO plugin. -->","yoast_head_json":{"title":"Los Poderes Superiores - La obra Divina en todo el universo","description":"La Intervenci\u00f3n Divina sucede a trav\u00e9s de los Poderes Superiores, a trav\u00e9s de las Redes de los Sabios y a trav\u00e9s de las naciones donde la espiritualidad se ha mantenido viva.","robots":{"index":"index","follow":"follow","max-snippet":"max-snippet:-1","max-image-preview":"max-image-preview:large","max-video-preview":"max-video-preview:-1"},"canonical":"https:\/\/www.alliesofhumanity.org\/es\/the-briefings\/book-four\/higher-powers\/","og_locale":"es_ES","og_type":"article","og_title":"Los Poderes Superiores - La obra Divina en todo el universo","og_description":"La Intervenci\u00f3n Divina sucede a trav\u00e9s de los Poderes Superiores, a trav\u00e9s de las Redes de los Sabios y a trav\u00e9s de las naciones donde la espiritualidad se ha mantenido viva.","og_url":"https:\/\/www.alliesofhumanity.org\/es\/the-briefings\/book-four\/higher-powers\/","og_site_name":"The Allies of Humanity","article_publisher":"https:\/\/www.facebook.com\/alliesofhumanity\/","article_modified_time":"2024-03-09T12:20:17+00:00","og_image":[{"width":1200,"height":630,"url":"https:\/\/www.alliesofhumanity.org\/wp-content\/uploads\/2021\/01\/og-socialmedia-aoh.jpg","type":"image\/jpeg"}],"twitter_card":"summary_large_image","twitter_title":"Los Poderes Superiores - La obra Divina en todo el universo","twitter_site":"@earthallies","twitter_misc":{"Tiempo de lectura":"7 minutos"},"schema":{"@context":"https:\/\/schema.org","@graph":[{"@type":"WebPage","@id":"https:\/\/www.alliesofhumanity.org\/es\/the-briefings\/book-four\/higher-powers\/","url":"https:\/\/www.alliesofhumanity.org\/es\/the-briefings\/book-four\/higher-powers\/","name":"Los Poderes Superiores - La obra Divina en todo el universo","isPartOf":{"@id":"https:\/\/www.alliesofhumanity.org\/es\/#website"},"datePublished":"2020-10-01T14:06:29+00:00","dateModified":"2024-03-09T12:20:17+00:00","description":"La Intervenci\u00f3n Divina sucede a trav\u00e9s de los Poderes Superiores, a trav\u00e9s de las Redes de los Sabios y a trav\u00e9s de las naciones donde la espiritualidad se ha mantenido viva.","breadcrumb":{"@id":"https:\/\/www.alliesofhumanity.org\/es\/the-briefings\/book-four\/higher-powers\/#breadcrumb"},"inLanguage":"es","potentialAction":[{"@type":"ReadAction","target":["https:\/\/www.alliesofhumanity.org\/es\/the-briefings\/book-four\/higher-powers\/"]}]},{"@type":"BreadcrumbList","@id":"https:\/\/www.alliesofhumanity.org\/es\/the-briefings\/book-four\/higher-powers\/#breadcrumb","itemListElement":[{"@type":"ListItem","position":1,"name":"Los Discursos","item":"https:\/\/www.alliesofhumanity.org\/es\/the-briefings\/"},{"@type":"ListItem","position":2,"name":"Libro 4","item":"https:\/\/www.alliesofhumanity.org\/es\/the-briefings\/book-four\/"},{"@type":"ListItem","position":3,"name":"Cuarto Discurso: Los Poderes Superiores"}]},{"@type":"WebSite","@id":"https:\/\/www.alliesofhumanity.org\/es\/#website","url":"https:\/\/www.alliesofhumanity.org\/es\/","name":"The Allies of Humanity","description":"","potentialAction":[{"@type":"SearchAction","target":{"@type":"EntryPoint","urlTemplate":"https:\/\/www.alliesofhumanity.org\/es\/?s={search_term_string}"},"query-input":{"@type":"PropertyValueSpecification","valueRequired":true,"valueName":"search_term_string"}}],"inLanguage":"es"}]}},"_links":{"self":[{"href":"https:\/\/www.alliesofhumanity.org\/es\/wp-json\/wp\/v2\/pages\/6422","targetHints":{"allow":["GET"]}}],"collection":[{"href":"https:\/\/www.alliesofhumanity.org\/es\/wp-json\/wp\/v2\/pages"}],"about":[{"href":"https:\/\/www.alliesofhumanity.org\/es\/wp-json\/wp\/v2\/types\/page"}],"author":[{"embeddable":true,"href":"https:\/\/www.alliesofhumanity.org\/es\/wp-json\/wp\/v2\/users\/23"}],"replies":[{"embeddable":true,"href":"https:\/\/www.alliesofhumanity.org\/es\/wp-json\/wp\/v2\/comments?post=6422"}],"version-history":[{"count":4,"href":"https:\/\/www.alliesofhumanity.org\/es\/wp-json\/wp\/v2\/pages\/6422\/revisions"}],"predecessor-version":[{"id":21951,"href":"https:\/\/www.alliesofhumanity.org\/es\/wp-json\/wp\/v2\/pages\/6422\/revisions\/21951"}],"up":[{"embeddable":true,"href":"https:\/\/www.alliesofhumanity.org\/es\/wp-json\/wp\/v2\/pages\/6452"}],"wp:attachment":[{"href":"https:\/\/www.alliesofhumanity.org\/es\/wp-json\/wp\/v2\/media?parent=6422"}],"curies":[{"name":"wp","href":"https:\/\/api.w.org\/{rel}","templated":true}]}}