{"id":6420,"date":"2020-10-01T15:01:58","date_gmt":"2020-10-01T14:01:58","guid":{"rendered":"https:\/\/www.alliesofhumanity.org\/free-nations-universe\/"},"modified":"2024-03-09T13:18:53","modified_gmt":"2024-03-09T12:18:53","slug":"free-nations-universe","status":"publish","type":"page","link":"https:\/\/www.alliesofhumanity.org\/es\/the-briefings\/book-four\/free-nations-universe\/","title":{"rendered":"Tercer Discurso: La libertad en el universo"},"content":{"rendered":"\t\t<div data-elementor-type=\"wp-page\" data-elementor-id=\"6420\" class=\"elementor elementor-6420 elementor-2536\" data-elementor-post-type=\"page\">\t\t\t\t\t\t<section class=\"elementor-section elementor-top-section elementor-element elementor-element-3bf3954f elementor-section-boxed elementor-section-height-default elementor-section-height-default\" data-id=\"3bf3954f\" data-element_type=\"section\">\t\t\t\t\t\t<div class=\"elementor-container elementor-column-gap-default\">\t\t\t\t\t<div class=\"elementor-column elementor-col-100 elementor-top-column elementor-element elementor-element-5b3ac6af\" data-id=\"5b3ac6af\" data-element_type=\"column\">\t\t\t<div class=\"elementor-widget-wrap elementor-element-populated\">\t\t\t\t\t\t<div class=\"elementor-element elementor-element-2f29e16 elementor-widget elementor-widget-text-editor\" data-id=\"2f29e16\" data-element_type=\"widget\" data-widget_type=\"text-editor.default\">\t\t\t\t<div class=\"elementor-widget-container\">\t\t\t\t\t\t\t\t\tAhora les daremos una perspectiva de c\u00f3mo se ve la libertad una vez que se establece. Para ser libre, un mundo debe tener un gobierno unido. Puede tener representantes de diferentes grupos y regiones de un mundo, pero debe ser un gobierno unido. No puede ser un mosaico de tribus en guerra o incluso grandes naciones, ya que eso solo invitar\u00e1 a la intervenci\u00f3n y la manipulaci\u00f3n.\r\rLas naciones que son libres fomentan la creatividad individual y el valor del Conocimiento dentro del individuo, pero este Conocimiento tiene que ser dirigido a donde pueda servir a los mayores intereses del mundo, y no simplemente a las preocupaciones del individuo. El verdadero talento es aqu\u00ed altamente reconocido y valorado, pero debe ser dirigido. No esta simplemente a disposici\u00f3n del individuo. Es parte de la riqueza de la naci\u00f3n.\r\r<p>A diferencia de las naciones no libres, donde las vidas de las personas simplemente se catalogan y dirigen, donde el talento individual rara vez se utiliza, donde la estatura en la sociedad se basa solo en el linaje familiar o las necesidades regionales, en las naciones libres se valora al individuo y se cultivan sus habilidades y su sabidur\u00eda. Porque esta sabidur\u00eda y esta habilidad son necesarias para la estabilidad y el bienestar del mundo. Las personas se env\u00edan a servir all\u00ed donde pueden ser de mayor beneficio. Pero esto se basa en la necesidad general, no simplemente en los deseos del individuo.\r<\/p><p>\r<\/p><p>Un mundo de personas errantes nunca podr\u00e1 establecer su libertad en la Comunidad Mayor. Aqu\u00ed la individualidad debe servir, pero lo hace de acuerdo con el individuo, y esta es una de las cosas que distingue a una naci\u00f3n libre de otra que no es libre.\r<\/p><p>\r<\/p><p>En una naci\u00f3n libre se tolera la disensi\u00f3n, pero solo hasta cierto punto. Si existe una rebeli\u00f3n constante, la naci\u00f3n nunca podr\u00e1 ser estable; nunca podr\u00e1 asumir un mayor manto de libertad para incluso proteger las libertades que ofrece a sus ciudadanos. Debe tener esta estabilidad y seguridad frente al exterior.\r<\/p><p>\r<\/p><p>Ustedes a\u00fan no se dan cuenta de que est\u00e1n viviendo en la Comunidad Mayor y est\u00e1n sujetos a sus influencias, por lo que quiz\u00e1s esto les parezca muy diferente de la posici\u00f3n en la que se encuentran en este momento. Pero es algo que deben comenzar a entender y a considerar. Para ser una fuerza unida, debe haber una comprensi\u00f3n de la gran necesidad que requiere esta libertad, as\u00ed como una voluntad de participar e incluso de sacrificar ciertas libertades personales por esta causa.\r<\/p><p class=\"image-quote float-right\"><img decoding=\"async\" src=\"https:\/\/www.alliesofhumanity.org\/wp-content\/uploads\/2020\/12\/quote-book4-briefing3-1.png\" alt=\"\" \/><\/p><blockquote id=\"quote-2\" class=\"text-quote float-right bg-gray\">Las sociedades libres deben mantener sus recursos nativos tanto como sea posible, y solo deben participar en el comercio con otras naciones libres para obtener cosas esenciales.<\/blockquote><p>\r<\/p><p>La libertad que ahora disfrutan ustedes es, en gran medida, solo para servir los caprichos o los deseos del individuo, pero en la Comunidad Mayor no es esto lo que la libertad significa.\r<\/p><p>\r<\/p><p>Las sociedades libres deben mantener sus recursos nativos tanto como sea posible, y solo deben participar en el comercio con otras naciones libres para obtener cosas esenciales. Por tanto, no pueden saquear sus mundos; no pueden permit\u00edrselo si desean tener estabilidad y seguridad en el futuro.\r<\/p><p>\r<\/p><p>Debe haber aqu\u00ed una gran moderaci\u00f3n, porque la sabidur\u00eda siempre exige una gran moderaci\u00f3n. Y la libertad siempre implica que uno debe ser consciente de esas cosas que realmente no es libre de hacer.\r<\/p><p>\r<\/p><p class=\"image-quote float-left\"><img decoding=\"async\" src=\"https:\/\/www.alliesofhumanity.org\/wp-content\/uploads\/2020\/12\/quote-book4-briefing3-2.png\" alt=\"\" \/><\/p><blockquote id=\"quote-4\" class=\"text-quote float-left bg-red\">Las naciones libres deben ser en gran medida autosuficientes, deben estar muy unidas y deben ser muy discretas. Estos son los tres grandes requisitos para la libertad en el universo.<\/blockquote><p>Esta es la libertad del mundo. Es la libertad de la naci\u00f3n entera del mundo lo que asegura los derechos de las personas en la Comunidad Mayor. Pero estos derechos se limitar\u00e1n por necesidad.\r<\/p><p>\r<\/p><p>Para que las naciones libres sigan siendo libres, deben ser capaces de impedir o resistir todas las tentaciones que se les impondr\u00e1n, especialmente si sus mundos son considerados valiosos por los dem\u00e1s. Aqu\u00ed deben ver que la libertad se considera una gran amenaza para las naciones que no son libres. Dichas naciones temen que las libertades de las naciones libres puedan influir de alguna manera en sus propias poblaciones, llev\u00e1ndolas a la rebeli\u00f3n, el descontento y la disensi\u00f3n.\r<\/p><p>\r<\/p><p>Cosas como el arte, la m\u00fasica y el baile que ustedes disfrutan hoy, se considerar\u00edan una gran amenaza para las culturas que no son libres. Las libertades individuales que una naci\u00f3n libre puede ofrecer a sus ciudadanos, ser\u00edan vistas como una amenaza para las naciones que no son libres.\r<\/p><p>\r<\/p><p>Como consecuencia, las naciones libres no transmiten al universo. No revelan c\u00f3mo es la vida en sus mundos, si pueden evitarlo. No participan en las redes comerciales m\u00e1s grandes, que siempre son muy controladoras y manipuladoras y har\u00edan que sus mundos fuesen mucho m\u00e1s vulnerables frente a los poderes de persuasi\u00f3n.\r<\/p><p>\r<\/p><p class=\"image-quote float-right\"><img decoding=\"async\" src=\"https:\/\/www.alliesofhumanity.org\/wp-content\/uploads\/2020\/12\/quote-book4-briefing3-3.png\" alt=\"\" \/><\/p><blockquote id=\"quote-6\" class=\"text-quote float-right bg-black\">Las naciones libres han tenido que establecer acuerdos de no intervenci\u00f3n con las naciones mayores a su alrededor, con el fin de mantener a estas naciones fuera de la esfera y las actividades de las naciones libres. <\/blockquote><p>Las naciones libres deben ser en gran medida autosuficientes, deben estar muy unidas y deben ser muy discretas. Estos son los tres grandes requisitos para la libertad en el universo, y ustedes no pueden evitarlos. No hay excepciones aqu\u00ed.\r<\/p><p>\r<\/p><p>Las naciones libres, siendo discretas, no viajan por el universo buscando plantar sus banderas, ejercer su influencia o tratar de intervenir en los asuntos de los dem\u00e1s. Pueden promover la libertad y la responsabilidad, como lo hacemos nosotros a trav\u00e9s de estos Discursos, pero no intervienen. Intervenir supone vulnerar la propia discreci\u00f3n. Intervenir es darse a conocer en el universo mayor, y las naciones libres no quieren hacer eso. Su aislamiento es cr\u00edtico para sus logros extraordinarios.\r<\/p><p>\r<\/p><p>En las naciones libres, el poder del Conocimiento en el individuo es valorado y apoyado, incluso dentro de las restricciones de su sociedad. En las naciones no libres, este poder es desconocido o brutalmente reprimido. Y las reuniones de los Sabios en las naciones que no son libres deben ocurrir en gran secreto para sobrevivir, lo cual es a menudo el caso.\r<\/p><p>\r<\/p><p>La gente de su mundo piensa que el universo debe ser mejor que el mundo mismo: m\u00e1s elevado, m\u00e1s libre, m\u00e1s espiritual, m\u00e1s \u00e9tico, y que debe ser buscado, alentado e invitado a este mundo. Esta es quiz\u00e1s la expectativa normal de las razas que viven en aislamiento. Sucedi\u00f3 lo mismo en nuestros mundos, hasta que comenz\u00f3 nuestra emergencia a la Comunidad Mayor y tuvimos que enfrentar la Intervenci\u00f3n.\r<\/p><p>\r<\/p><p>Contamos estas cosas porque deben entender de qu\u00e9 se trata realmente el viaje a la libertad. No se trata de la felicidad individual, sino de la libertad de su raza. No se trata de las actividades o indulgencias individuales, sino de la estabilidad y seguridad de su mundo. La libertad aqu\u00ed no es un derecho en el universo. Es un gran privilegio y un gran logro que debe ganarse con seriedad y constancia y que debe protegerse contra todos los desaf\u00edos.\r<\/p><p>\r<\/p><p>No pueden tener una visi\u00f3n rom\u00e1ntica de la vida en el universo si esperan sobrevivir en \u00e9l. Tal es la gran sobriedad que trae la sabidur\u00eda. No tengan nociones fant\u00e1sticas sobre el valor del contacto o lo que otras razas pueden ense\u00f1arles sobre la libertad al intervenir en su mundo, ya que este es un error fatal y tr\u00e1gico.\r<\/p><p>\r<\/p><p>Sabemos, gracias a las Redes de los Sabios, cu\u00e1nto se le ha dado a este mundo para sostener y apoyar los hilos de libertad y sabidur\u00eda que todav\u00eda existen aqu\u00ed. Se ha invertido mucho en este mundo con este prop\u00f3sito. Incluso conforme su desarrollo tecnol\u00f3gico crece y progresa, existe un gran \u00e9nfasis en este mundo por su potencial en este sentido \u2014su potencial para ser una raza libre en el universo, un potencial que deben aprovechar y desarrollar mediante su propia voluntad y cooperaci\u00f3n unos con otros.\r<\/p><p>\r<\/p><p>Nosotros no podemos darles esta libertad, y no hay raza en el universo que pueda d\u00e1rsela o que pueda venir aqu\u00ed y establecerla para ustedes. Cualquier raza que prometa esto realmente estar\u00e1 enga\u00f1\u00e1ndoles, y estar\u00e1 aqu\u00ed con otros fines, sus propios fines.\r<\/p><p>\r<\/p><p>Sin embargo, es beneficioso para nosotros tener a otra raza libre en este sector del espacio. Agradecer\u00edamos eso, aunque no buscamos tener relaciones formales. Ustedes no est\u00e1n listos para las relaciones formales, y es posible que no lo est\u00e9n por mucho tiempo. No son lo suficientemente fuertes. No est\u00e1n lo suficientemente unidos. No son lo suficientemente maduros, y a\u00fan se entregan a conflictos, guerras y rivalidades destructivas.\r<\/p><p>\r<\/p><p>Si podemos apoyar el surgimiento del Conocimiento en mundos como el suyo, lo haremos de acuerdo con los dictados de lo Divino y a trav\u00e9s de las Redes del Conocimiento, no a trav\u00e9s de las redes de los gobiernos. Incluso nuestros propios gobiernos no saben lo que estamos haciendo aqu\u00ed. Aunque lo apoyar\u00edan en teor\u00eda, no es prudente que tengan este conocimiento, ya que entonces tendr\u00edan que ser responsables de nuestras acciones.\r<\/p><p>\r<\/p>En la mayor\u00eda de los casos, las naciones libres han tenido que establecer acuerdos de no intervenci\u00f3n con las naciones mayores a su alrededor, con el fin de mantener a estas naciones fuera de la esfera y las actividades de las naciones libres. Nosotros estamos contraviniendo esto con nuestra peque\u00f1a presencia en servicio a su mundo, porque estamos gobernados por Poderes Superiores. De estos poderes ustedes saben poco, pero deben educarse al respecto, y hablaremos de ellos a continuaci\u00f3n.\t\t\t\t\t\t\t\t<\/div>\t\t\t\t<\/div>\t\t\t\t\t<\/div>\t\t<\/div>\t\t\t\t\t<\/div>\t\t<\/section>\t\t\t\t<\/div><p>\t\t<\/p>","protected":false},"excerpt":{"rendered":"<p>Ahora les daremos una perspectiva de c\u00f3mo se ve la libertad una vez que se establece. Para ser libre, un mundo debe tener un gobierno unido. Puede tener representantes de diferentes grupos y regiones de un mundo, pero debe ser un gobierno unido. No puede ser un mosaico de tribus en guerra o incluso grandes [&hellip;]<\/p>\n","protected":false},"author":23,"featured_media":0,"parent":6452,"menu_order":3,"comment_status":"closed","ping_status":"closed","template":"page.php","meta":{"_acf_changed":false,"footnotes":""},"class_list":["post-6420","page","type-page","status-publish","hentry"],"acf":[],"yoast_head":"<!-- This site is optimized with the Yoast SEO plugin v26.5 - https:\/\/yoast.com\/wordpress\/plugins\/seo\/ -->\n<title>La libertad en el universo - C\u00f3mo las naciones libres permanecen libres<\/title>\n<meta name=\"description\" content=\"Para que las naciones libres sigan siendo libres, deben ser capaces de impedir o resistir todas las tentaciones que se les impondr\u00e1n. Aprende por qu\u00e9...\" \/>\n<meta name=\"robots\" content=\"index, follow, max-snippet:-1, max-image-preview:large, max-video-preview:-1\" \/>\n<link rel=\"canonical\" href=\"https:\/\/www.alliesofhumanity.org\/es\/the-briefings\/book-four\/free-nations-universe\/\" \/>\n<meta property=\"og:locale\" content=\"es_ES\" \/>\n<meta property=\"og:type\" content=\"article\" \/>\n<meta property=\"og:title\" content=\"La libertad en el universo - C\u00f3mo las naciones libres permanecen libres\" \/>\n<meta property=\"og:description\" content=\"Para que las naciones libres sigan siendo libres, deben ser capaces de impedir o resistir todas las tentaciones que se les impondr\u00e1n. Aprende por qu\u00e9...\" \/>\n<meta property=\"og:url\" content=\"https:\/\/www.alliesofhumanity.org\/es\/the-briefings\/book-four\/free-nations-universe\/\" \/>\n<meta property=\"og:site_name\" content=\"The Allies of Humanity\" \/>\n<meta property=\"article:publisher\" content=\"https:\/\/www.facebook.com\/alliesofhumanity\/\" \/>\n<meta property=\"article:modified_time\" content=\"2024-03-09T12:18:53+00:00\" \/>\n<meta property=\"og:image\" content=\"https:\/\/www.alliesofhumanity.org\/wp-content\/uploads\/2021\/01\/og-socialmedia-aoh.jpg\" \/>\n\t<meta property=\"og:image:width\" content=\"1200\" \/>\n\t<meta property=\"og:image:height\" content=\"630\" \/>\n\t<meta property=\"og:image:type\" content=\"image\/jpeg\" \/>\n<meta name=\"twitter:card\" content=\"summary_large_image\" \/>\n<meta name=\"twitter:title\" content=\"La libertad en el universo - C\u00f3mo las naciones libres permanecen libres\" \/>\n<meta name=\"twitter:site\" content=\"@earthallies\" \/>\n<meta name=\"twitter:label1\" content=\"Tiempo de lectura\" \/>\n\t<meta name=\"twitter:data1\" content=\"8 minutos\" \/>\n<script type=\"application\/ld+json\" class=\"yoast-schema-graph\">{\"@context\":\"https:\/\/schema.org\",\"@graph\":[{\"@type\":\"WebPage\",\"@id\":\"https:\/\/www.alliesofhumanity.org\/es\/the-briefings\/book-four\/free-nations-universe\/\",\"url\":\"https:\/\/www.alliesofhumanity.org\/es\/the-briefings\/book-four\/free-nations-universe\/\",\"name\":\"La libertad en el universo - C\u00f3mo las naciones libres permanecen libres\",\"isPartOf\":{\"@id\":\"https:\/\/www.alliesofhumanity.org\/es\/#website\"},\"datePublished\":\"2020-10-01T14:01:58+00:00\",\"dateModified\":\"2024-03-09T12:18:53+00:00\",\"description\":\"Para que las naciones libres sigan siendo libres, deben ser capaces de impedir o resistir todas las tentaciones que se les impondr\u00e1n. Aprende por qu\u00e9...\",\"breadcrumb\":{\"@id\":\"https:\/\/www.alliesofhumanity.org\/es\/the-briefings\/book-four\/free-nations-universe\/#breadcrumb\"},\"inLanguage\":\"es\",\"potentialAction\":[{\"@type\":\"ReadAction\",\"target\":[\"https:\/\/www.alliesofhumanity.org\/es\/the-briefings\/book-four\/free-nations-universe\/\"]}]},{\"@type\":\"BreadcrumbList\",\"@id\":\"https:\/\/www.alliesofhumanity.org\/es\/the-briefings\/book-four\/free-nations-universe\/#breadcrumb\",\"itemListElement\":[{\"@type\":\"ListItem\",\"position\":1,\"name\":\"Los Discursos\",\"item\":\"https:\/\/www.alliesofhumanity.org\/es\/the-briefings\/\"},{\"@type\":\"ListItem\",\"position\":2,\"name\":\"Libro 4\",\"item\":\"https:\/\/www.alliesofhumanity.org\/es\/the-briefings\/book-four\/\"},{\"@type\":\"ListItem\",\"position\":3,\"name\":\"Tercer Discurso: La libertad en el universo\"}]},{\"@type\":\"WebSite\",\"@id\":\"https:\/\/www.alliesofhumanity.org\/es\/#website\",\"url\":\"https:\/\/www.alliesofhumanity.org\/es\/\",\"name\":\"The Allies of Humanity\",\"description\":\"\",\"potentialAction\":[{\"@type\":\"SearchAction\",\"target\":{\"@type\":\"EntryPoint\",\"urlTemplate\":\"https:\/\/www.alliesofhumanity.org\/es\/?s={search_term_string}\"},\"query-input\":{\"@type\":\"PropertyValueSpecification\",\"valueRequired\":true,\"valueName\":\"search_term_string\"}}],\"inLanguage\":\"es\"}]}<\/script>\n<!-- \/ Yoast SEO plugin. -->","yoast_head_json":{"title":"La libertad en el universo - C\u00f3mo las naciones libres permanecen libres","description":"Para que las naciones libres sigan siendo libres, deben ser capaces de impedir o resistir todas las tentaciones que se les impondr\u00e1n. Aprende por qu\u00e9...","robots":{"index":"index","follow":"follow","max-snippet":"max-snippet:-1","max-image-preview":"max-image-preview:large","max-video-preview":"max-video-preview:-1"},"canonical":"https:\/\/www.alliesofhumanity.org\/es\/the-briefings\/book-four\/free-nations-universe\/","og_locale":"es_ES","og_type":"article","og_title":"La libertad en el universo - C\u00f3mo las naciones libres permanecen libres","og_description":"Para que las naciones libres sigan siendo libres, deben ser capaces de impedir o resistir todas las tentaciones que se les impondr\u00e1n. Aprende por qu\u00e9...","og_url":"https:\/\/www.alliesofhumanity.org\/es\/the-briefings\/book-four\/free-nations-universe\/","og_site_name":"The Allies of Humanity","article_publisher":"https:\/\/www.facebook.com\/alliesofhumanity\/","article_modified_time":"2024-03-09T12:18:53+00:00","og_image":[{"width":1200,"height":630,"url":"https:\/\/www.alliesofhumanity.org\/wp-content\/uploads\/2021\/01\/og-socialmedia-aoh.jpg","type":"image\/jpeg"}],"twitter_card":"summary_large_image","twitter_title":"La libertad en el universo - C\u00f3mo las naciones libres permanecen libres","twitter_site":"@earthallies","twitter_misc":{"Tiempo de lectura":"8 minutos"},"schema":{"@context":"https:\/\/schema.org","@graph":[{"@type":"WebPage","@id":"https:\/\/www.alliesofhumanity.org\/es\/the-briefings\/book-four\/free-nations-universe\/","url":"https:\/\/www.alliesofhumanity.org\/es\/the-briefings\/book-four\/free-nations-universe\/","name":"La libertad en el universo - C\u00f3mo las naciones libres permanecen libres","isPartOf":{"@id":"https:\/\/www.alliesofhumanity.org\/es\/#website"},"datePublished":"2020-10-01T14:01:58+00:00","dateModified":"2024-03-09T12:18:53+00:00","description":"Para que las naciones libres sigan siendo libres, deben ser capaces de impedir o resistir todas las tentaciones que se les impondr\u00e1n. Aprende por qu\u00e9...","breadcrumb":{"@id":"https:\/\/www.alliesofhumanity.org\/es\/the-briefings\/book-four\/free-nations-universe\/#breadcrumb"},"inLanguage":"es","potentialAction":[{"@type":"ReadAction","target":["https:\/\/www.alliesofhumanity.org\/es\/the-briefings\/book-four\/free-nations-universe\/"]}]},{"@type":"BreadcrumbList","@id":"https:\/\/www.alliesofhumanity.org\/es\/the-briefings\/book-four\/free-nations-universe\/#breadcrumb","itemListElement":[{"@type":"ListItem","position":1,"name":"Los Discursos","item":"https:\/\/www.alliesofhumanity.org\/es\/the-briefings\/"},{"@type":"ListItem","position":2,"name":"Libro 4","item":"https:\/\/www.alliesofhumanity.org\/es\/the-briefings\/book-four\/"},{"@type":"ListItem","position":3,"name":"Tercer Discurso: La libertad en el universo"}]},{"@type":"WebSite","@id":"https:\/\/www.alliesofhumanity.org\/es\/#website","url":"https:\/\/www.alliesofhumanity.org\/es\/","name":"The Allies of Humanity","description":"","potentialAction":[{"@type":"SearchAction","target":{"@type":"EntryPoint","urlTemplate":"https:\/\/www.alliesofhumanity.org\/es\/?s={search_term_string}"},"query-input":{"@type":"PropertyValueSpecification","valueRequired":true,"valueName":"search_term_string"}}],"inLanguage":"es"}]}},"_links":{"self":[{"href":"https:\/\/www.alliesofhumanity.org\/es\/wp-json\/wp\/v2\/pages\/6420","targetHints":{"allow":["GET"]}}],"collection":[{"href":"https:\/\/www.alliesofhumanity.org\/es\/wp-json\/wp\/v2\/pages"}],"about":[{"href":"https:\/\/www.alliesofhumanity.org\/es\/wp-json\/wp\/v2\/types\/page"}],"author":[{"embeddable":true,"href":"https:\/\/www.alliesofhumanity.org\/es\/wp-json\/wp\/v2\/users\/23"}],"replies":[{"embeddable":true,"href":"https:\/\/www.alliesofhumanity.org\/es\/wp-json\/wp\/v2\/comments?post=6420"}],"version-history":[{"count":4,"href":"https:\/\/www.alliesofhumanity.org\/es\/wp-json\/wp\/v2\/pages\/6420\/revisions"}],"predecessor-version":[{"id":21950,"href":"https:\/\/www.alliesofhumanity.org\/es\/wp-json\/wp\/v2\/pages\/6420\/revisions\/21950"}],"up":[{"embeddable":true,"href":"https:\/\/www.alliesofhumanity.org\/es\/wp-json\/wp\/v2\/pages\/6452"}],"wp:attachment":[{"href":"https:\/\/www.alliesofhumanity.org\/es\/wp-json\/wp\/v2\/media?parent=6420"}],"curies":[{"name":"wp","href":"https:\/\/api.w.org\/{rel}","templated":true}]}}