{"id":6418,"date":"2020-10-01T14:55:45","date_gmt":"2020-10-01T13:55:45","guid":{"rendered":"https:\/\/www.alliesofhumanity.org\/exercise-restraint\/"},"modified":"2024-03-09T13:17:54","modified_gmt":"2024-03-09T12:17:54","slug":"exercise-restraint","status":"publish","type":"page","link":"https:\/\/www.alliesofhumanity.org\/es\/the-briefings\/book-four\/exercise-restraint\/","title":{"rendered":"Segundo Discurso: La importancia de contenerse"},"content":{"rendered":"\t\t<div data-elementor-type=\"wp-page\" data-elementor-id=\"6418\" class=\"elementor elementor-6418 elementor-2534\" data-elementor-post-type=\"page\">\t\t\t\t\t\t<section class=\"elementor-section elementor-top-section elementor-element elementor-element-414c4fd5 elementor-section-boxed elementor-section-height-default elementor-section-height-default\" data-id=\"414c4fd5\" data-element_type=\"section\">\t\t\t\t\t\t<div class=\"elementor-container elementor-column-gap-default\">\t\t\t\t\t<div class=\"elementor-column elementor-col-100 elementor-top-column elementor-element elementor-element-674426c7\" data-id=\"674426c7\" data-element_type=\"column\">\t\t\t<div class=\"elementor-widget-wrap elementor-element-populated\">\t\t\t\t\t\t<div class=\"elementor-element elementor-element-598920f elementor-widget elementor-widget-text-editor\" data-id=\"598920f\" data-element_type=\"widget\" data-widget_type=\"text-editor.default\">\t\t\t\t<div class=\"elementor-widget-container\">\t\t\t\t\t\t\t\t\tUstedes deben ejercer una gran contenci\u00f3n en el universo. No piensen que podr\u00e1n salir y relacionarse con cualquiera que encuentren interesante, o que viajar\u00e1n a mundos de otras razas, o que encontrar\u00e1n excelentes lugares de reuni\u00f3n a los que muchas razas acuden con fines sociales o recreativos, porque sin duda no es as\u00ed.\r\rHemos podido ver pel\u00edculas suyas en las que representan la vida en el universo. Por desgracia, son muy incorrectas y peligrosamente enga\u00f1osas. La realidad es muy diferente y aleccionadora.\r\r<p>Tendr\u00e1n que ejercer una gran contenci\u00f3n. Si est\u00e1n decididos a obtener tecnolog\u00eda avanzada de otras razas, estas ganar\u00e1n el control de ustedes y de su mundo con el tiempo. Esto debe ser restringido.\r<\/p><p>\r<\/p><p>Si buscan viajar o tomar territorios en otros lugares m\u00e1s all\u00e1 de este sistema solar, enfrentar\u00e1n gran oposici\u00f3n y conflicto. Deben evitar buscar estas cosas.\r<\/p><p class=\"image-quote float-right\"><img decoding=\"async\" src=\"https:\/\/www.alliesofhumanity.org\/wp-content\/uploads\/2020\/12\/quote-book4-briefing2-1.png\" alt=\"\" \/><\/p><blockquote id=\"quote-2\" class=\"text-quote float-right bg-black\">Tendr\u00e1n que ejercer una gran contenci\u00f3n. Si est\u00e1n decididos a obtener tecnolog\u00eda avanzada de otras razas, estas ganar\u00e1n el control de ustedes y de su mundo con el tiempo. Esto debe ser restringido.<\/blockquote><p>\r<\/p><p>Si despojan en exceso este mundo, no podr\u00e1n ir m\u00e1s all\u00e1 de este sistema solar para buscar otro igual, ya que dichos mundos son raros y los poseen y protegen otros mucho m\u00e1s poderosos que la humanidad. Deben contenerse de querer o esperar estas cosas.\r<\/p><p>\r<\/p><p>Si creen que habr\u00e1 otros mundos esperando ser explorados si destruyen este con la guerra o la degradaci\u00f3n, descubrir\u00e1n que no tienen el poder o la influencia en la Comunidad Mayor para acceder a ellos, ni tampoco medios para alcanzarlos, dado su estado actual de desarrollo tecnol\u00f3gico. Deben abstenerse de pensar de esa manera, creyendo que habr\u00e1 otro mundo a su disposici\u00f3n, porque no ser\u00e1 as\u00ed.\r<\/p><p>\r<\/p><p>Quiz\u00e1s piensen que pueden despojar su mundo y que la tecnolog\u00eda los salvar\u00e1 de las consecuencias, pero su mundo socavar\u00e1 la civilizaci\u00f3n humana si hacen eso, y la debilitar\u00e1 hasta el punto de que no podr\u00e1 resistir la intervenci\u00f3n extranjera o sus promesas de paz, poder y tecnolog\u00eda, que incluso hoy est\u00e1n present\u00e1ndose a los l\u00edderes de sus naciones y a ciertos l\u00edderes de sus instituciones religiosas.\r<\/p><p>\r<\/p><p class=\"image-quote float-left\"><img decoding=\"async\" src=\"https:\/\/www.alliesofhumanity.org\/wp-content\/uploads\/2020\/12\/quote-book4-briefing2-2.png\" alt=\"\" \/><\/p><blockquote id=\"quote-4\" class=\"text-quote float-left bg-red\">Tendr\u00e1n que adquirir una mayor habilidad y preparaci\u00f3n al respecto: conciencia, determinaci\u00f3n, habilidad, contenci\u00f3n. Ahora mismo, para ustedes el universo es simplemente el trasfondo de sus grandes problemas aqu\u00ed en la Tierra.<\/blockquote><p>Deben abstenerse de pensar que pueden despojar este mundo y tener alguna esperanza de libertad y soberan\u00eda en el universo, o creer que pueden continuar la guerra o la competencia, la competencia destructiva, en beneficio de su propia naci\u00f3n. Esto solo conducir\u00e1 a una mayor debilidad de la familia humana, fractur\u00e1ndola a\u00fan m\u00e1s, destruyendo a\u00fan m\u00e1s la posibilidad de una futura cooperaci\u00f3n, que ser\u00e1 muy necesaria para su futuro y su bienestar.\r<\/p><p>\r<\/p><p>Deben restringir estas nociones de que la guerra es ventajosa para ustedes, de que obtendr\u00e1n ganancias o ventajas gracias a ella, ya que solo sembrar\u00e1 las semillas de su ca\u00edda y empoderar\u00e1 a esas razas que buscan establecerse aqu\u00ed como se\u00f1ores de este mundo.\r<\/p><p>\r<\/p><p>Dirijan sus ojos al cielo. Su futuro y su destino est\u00e1n ah\u00ed. Miren el cielo de la noche y sepan que est\u00e1 lleno de vida inteligente. Si bien hay innumerables mundos est\u00e9riles e inhabitables ah\u00ed fuera, la cantidad de razas en este sector de su universo local (que es una peque\u00f1a regi\u00f3n del espacio) es tremenda. Porque ustedes viven en una parte muy habitada de la galaxia, donde las reglas de interacci\u00f3n se han establecido desde hace mucho tiempo y se ha suprimido la guerra. Esto supone tanto una ventaja como una desventaja. Como hemos mencionado en nuestros Discursos anteriores, ustedes est\u00e1n protegidos de la conquista directa, pero la posibilidad y la realidad de una intervenci\u00f3n y persuasi\u00f3n son tremendas.\r<\/p><p>\r<\/p><p>Tendr\u00e1n que adquirir una mayor habilidad y preparaci\u00f3n al respecto: conciencia, determinaci\u00f3n, habilidad, contenci\u00f3n. Ahora mismo, para ustedes el universo es simplemente el trasfondo de sus grandes problemas aqu\u00ed en la Tierra. Pero la realidad de este universo es la fuerza mayor que impulsa su mundo y su evoluci\u00f3n. Lo est\u00e1 impulsando debido al gran desaf\u00edo que representa, y tambi\u00e9n por la gran oportunidad y requerimiento de unidad y cooperaci\u00f3n que fomentar\u00e1 si puede ser visto y conocido y ustedes responden a \u00e9l.\r<\/p><p>\r<\/p><p>Nunca antes se hab\u00eda producido una Intervenci\u00f3n de esta naturaleza en el mundo, ya que ustedes eran a\u00fan demasiado primitivos y su tecnolog\u00eda demasiado simple para ser candidatos viables para el control y la persuasi\u00f3n desde el exterior. Aunque el mundo ha sido visitado muchas veces a lo largo de su larga historia, nunca se ha intentado realmente una intervenci\u00f3n de este tipo.\r<\/p><p>\r<\/p><p>Pero ahora, ustedes han creado comunicaciones internacionales, as\u00ed como comercio y negocios planetarios. Han creado una infraestructura b\u00e1sica que otros pueden usar y aprovechar. Esto, m\u00e1s la conciencia de que la humanidad podr\u00eda volverse demasiado fuerte para la Intervenci\u00f3n, ha generado esta Intervenci\u00f3n en su mundo actual, que se ha acelerado desde el \u00faltimo gran conflicto mundial y ahora est\u00e1 creciendo en muchas \u00e1reas diferentes de su vida.\r<\/p><p>\r<\/p><p>Si lo ven correctamente, es un desaf\u00edo que les permitir\u00e1 superar el conflicto y la disensi\u00f3n constantes que existen en su mundo. Porque por pura necesidad, los recursos de cada naci\u00f3n deben unirse para proteger este mundo.\r<\/p><p>\r<\/p><p>Su comprensi\u00f3n del universo debe cambiar y ser realista. Su reconocimiento de su precaria situaci\u00f3n debe suceder y debe volverse fundamental para ustedes.\r<\/p><p>\r<\/p><p>Deben proteger el medioambiente de este mundo (su clima, sus recursos) o caer\u00e1n en la pobreza y la desesperaci\u00f3n a un nivel nunca antes visto en este mundo. Sin embargo, tales cosas han sucedido innumerables veces en el universo, con resultados inevitables y predecibles.\r<\/p><p>\r<\/p>Nuestras culturas son lo suficientemente antiguas para tener una historia de los eventos locales en esta parte de la galaxia. Hemos podido ver y saber cosas que ustedes a\u00fan no pueden ver o saber directamente. Solo podemos darles esta sabidur\u00eda, esta mayor perspectiva. No piensen que es solo un punto de vista, porque es la verdad de su realidad. Es lo que viene. Es lo que ya est\u00e1 aqu\u00ed.\t\t\t\t\t\t\t\t<\/div>\t\t\t\t<\/div>\t\t\t\t\t<\/div>\t\t<\/div>\t\t\t\t\t<\/div>\t\t<\/section>\t\t\t\t<\/div><p>\t\t<\/p>","protected":false},"excerpt":{"rendered":"<p>Ustedes deben ejercer una gran contenci\u00f3n en el universo. No piensen que podr\u00e1n salir y relacionarse con cualquiera que encuentren interesante, o que viajar\u00e1n a mundos de otras razas, o que encontrar\u00e1n excelentes lugares de reuni\u00f3n a los que muchas razas acuden con fines sociales o recreativos, porque sin duda no es as\u00ed.Hemos podido ver [&hellip;]<\/p>\n","protected":false},"author":23,"featured_media":0,"parent":6452,"menu_order":2,"comment_status":"closed","ping_status":"closed","template":"page.php","meta":{"_acf_changed":false,"footnotes":""},"class_list":["post-6418","page","type-page","status-publish","hentry"],"acf":[],"yoast_head":"<!-- This site is optimized with the Yoast SEO plugin v26.5 - https:\/\/yoast.com\/wordpress\/plugins\/seo\/ -->\n<title>El contacto extraterrestre y la importancia de contenerse<\/title>\n<meta name=\"description\" content=\"Tendr\u00e1n que ejercer una gran contenci\u00f3n. Si est\u00e1n decididos a obtener tecnolog\u00eda avanzada de otras razas, estas ganar\u00e1n el control de ustedes y de su mundo con el tiempo.\" \/>\n<meta name=\"robots\" content=\"index, follow, max-snippet:-1, max-image-preview:large, max-video-preview:-1\" \/>\n<link rel=\"canonical\" href=\"https:\/\/www.alliesofhumanity.org\/es\/the-briefings\/book-four\/exercise-restraint\/\" \/>\n<meta property=\"og:locale\" content=\"es_ES\" \/>\n<meta property=\"og:type\" content=\"article\" \/>\n<meta property=\"og:title\" content=\"El contacto extraterrestre y la importancia de contenerse\" \/>\n<meta property=\"og:description\" content=\"Tendr\u00e1n que ejercer una gran contenci\u00f3n. Si est\u00e1n decididos a obtener tecnolog\u00eda avanzada de otras razas, estas ganar\u00e1n el control de ustedes y de su mundo con el tiempo.\" \/>\n<meta property=\"og:url\" content=\"https:\/\/www.alliesofhumanity.org\/es\/the-briefings\/book-four\/exercise-restraint\/\" \/>\n<meta property=\"og:site_name\" content=\"The Allies of Humanity\" \/>\n<meta property=\"article:publisher\" content=\"https:\/\/www.facebook.com\/alliesofhumanity\/\" \/>\n<meta property=\"article:modified_time\" content=\"2024-03-09T12:17:54+00:00\" \/>\n<meta property=\"og:image\" content=\"https:\/\/www.alliesofhumanity.org\/wp-content\/uploads\/2021\/01\/og-socialmedia-aoh.jpg\" \/>\n\t<meta property=\"og:image:width\" content=\"1200\" \/>\n\t<meta property=\"og:image:height\" content=\"630\" \/>\n\t<meta property=\"og:image:type\" content=\"image\/jpeg\" \/>\n<meta name=\"twitter:card\" content=\"summary_large_image\" \/>\n<meta name=\"twitter:title\" content=\"El contacto extraterrestre y la importancia de contenerse\" \/>\n<meta name=\"twitter:site\" content=\"@earthallies\" \/>\n<meta name=\"twitter:label1\" content=\"Tiempo de lectura\" \/>\n\t<meta name=\"twitter:data1\" content=\"5 minutos\" \/>\n<script type=\"application\/ld+json\" class=\"yoast-schema-graph\">{\"@context\":\"https:\/\/schema.org\",\"@graph\":[{\"@type\":\"WebPage\",\"@id\":\"https:\/\/www.alliesofhumanity.org\/es\/the-briefings\/book-four\/exercise-restraint\/\",\"url\":\"https:\/\/www.alliesofhumanity.org\/es\/the-briefings\/book-four\/exercise-restraint\/\",\"name\":\"El contacto extraterrestre y la importancia de contenerse\",\"isPartOf\":{\"@id\":\"https:\/\/www.alliesofhumanity.org\/es\/#website\"},\"datePublished\":\"2020-10-01T13:55:45+00:00\",\"dateModified\":\"2024-03-09T12:17:54+00:00\",\"description\":\"Tendr\u00e1n que ejercer una gran contenci\u00f3n. Si est\u00e1n decididos a obtener tecnolog\u00eda avanzada de otras razas, estas ganar\u00e1n el control de ustedes y de su mundo con el tiempo.\",\"breadcrumb\":{\"@id\":\"https:\/\/www.alliesofhumanity.org\/es\/the-briefings\/book-four\/exercise-restraint\/#breadcrumb\"},\"inLanguage\":\"es\",\"potentialAction\":[{\"@type\":\"ReadAction\",\"target\":[\"https:\/\/www.alliesofhumanity.org\/es\/the-briefings\/book-four\/exercise-restraint\/\"]}]},{\"@type\":\"BreadcrumbList\",\"@id\":\"https:\/\/www.alliesofhumanity.org\/es\/the-briefings\/book-four\/exercise-restraint\/#breadcrumb\",\"itemListElement\":[{\"@type\":\"ListItem\",\"position\":1,\"name\":\"Los Discursos\",\"item\":\"https:\/\/www.alliesofhumanity.org\/es\/the-briefings\/\"},{\"@type\":\"ListItem\",\"position\":2,\"name\":\"Libro 4\",\"item\":\"https:\/\/www.alliesofhumanity.org\/es\/the-briefings\/book-four\/\"},{\"@type\":\"ListItem\",\"position\":3,\"name\":\"Segundo Discurso: La importancia de contenerse\"}]},{\"@type\":\"WebSite\",\"@id\":\"https:\/\/www.alliesofhumanity.org\/es\/#website\",\"url\":\"https:\/\/www.alliesofhumanity.org\/es\/\",\"name\":\"The Allies of Humanity\",\"description\":\"\",\"potentialAction\":[{\"@type\":\"SearchAction\",\"target\":{\"@type\":\"EntryPoint\",\"urlTemplate\":\"https:\/\/www.alliesofhumanity.org\/es\/?s={search_term_string}\"},\"query-input\":{\"@type\":\"PropertyValueSpecification\",\"valueRequired\":true,\"valueName\":\"search_term_string\"}}],\"inLanguage\":\"es\"}]}<\/script>\n<!-- \/ Yoast SEO plugin. -->","yoast_head_json":{"title":"El contacto extraterrestre y la importancia de contenerse","description":"Tendr\u00e1n que ejercer una gran contenci\u00f3n. Si est\u00e1n decididos a obtener tecnolog\u00eda avanzada de otras razas, estas ganar\u00e1n el control de ustedes y de su mundo con el tiempo.","robots":{"index":"index","follow":"follow","max-snippet":"max-snippet:-1","max-image-preview":"max-image-preview:large","max-video-preview":"max-video-preview:-1"},"canonical":"https:\/\/www.alliesofhumanity.org\/es\/the-briefings\/book-four\/exercise-restraint\/","og_locale":"es_ES","og_type":"article","og_title":"El contacto extraterrestre y la importancia de contenerse","og_description":"Tendr\u00e1n que ejercer una gran contenci\u00f3n. Si est\u00e1n decididos a obtener tecnolog\u00eda avanzada de otras razas, estas ganar\u00e1n el control de ustedes y de su mundo con el tiempo.","og_url":"https:\/\/www.alliesofhumanity.org\/es\/the-briefings\/book-four\/exercise-restraint\/","og_site_name":"The Allies of Humanity","article_publisher":"https:\/\/www.facebook.com\/alliesofhumanity\/","article_modified_time":"2024-03-09T12:17:54+00:00","og_image":[{"width":1200,"height":630,"url":"https:\/\/www.alliesofhumanity.org\/wp-content\/uploads\/2021\/01\/og-socialmedia-aoh.jpg","type":"image\/jpeg"}],"twitter_card":"summary_large_image","twitter_title":"El contacto extraterrestre y la importancia de contenerse","twitter_site":"@earthallies","twitter_misc":{"Tiempo de lectura":"5 minutos"},"schema":{"@context":"https:\/\/schema.org","@graph":[{"@type":"WebPage","@id":"https:\/\/www.alliesofhumanity.org\/es\/the-briefings\/book-four\/exercise-restraint\/","url":"https:\/\/www.alliesofhumanity.org\/es\/the-briefings\/book-four\/exercise-restraint\/","name":"El contacto extraterrestre y la importancia de contenerse","isPartOf":{"@id":"https:\/\/www.alliesofhumanity.org\/es\/#website"},"datePublished":"2020-10-01T13:55:45+00:00","dateModified":"2024-03-09T12:17:54+00:00","description":"Tendr\u00e1n que ejercer una gran contenci\u00f3n. Si est\u00e1n decididos a obtener tecnolog\u00eda avanzada de otras razas, estas ganar\u00e1n el control de ustedes y de su mundo con el tiempo.","breadcrumb":{"@id":"https:\/\/www.alliesofhumanity.org\/es\/the-briefings\/book-four\/exercise-restraint\/#breadcrumb"},"inLanguage":"es","potentialAction":[{"@type":"ReadAction","target":["https:\/\/www.alliesofhumanity.org\/es\/the-briefings\/book-four\/exercise-restraint\/"]}]},{"@type":"BreadcrumbList","@id":"https:\/\/www.alliesofhumanity.org\/es\/the-briefings\/book-four\/exercise-restraint\/#breadcrumb","itemListElement":[{"@type":"ListItem","position":1,"name":"Los Discursos","item":"https:\/\/www.alliesofhumanity.org\/es\/the-briefings\/"},{"@type":"ListItem","position":2,"name":"Libro 4","item":"https:\/\/www.alliesofhumanity.org\/es\/the-briefings\/book-four\/"},{"@type":"ListItem","position":3,"name":"Segundo Discurso: La importancia de contenerse"}]},{"@type":"WebSite","@id":"https:\/\/www.alliesofhumanity.org\/es\/#website","url":"https:\/\/www.alliesofhumanity.org\/es\/","name":"The Allies of Humanity","description":"","potentialAction":[{"@type":"SearchAction","target":{"@type":"EntryPoint","urlTemplate":"https:\/\/www.alliesofhumanity.org\/es\/?s={search_term_string}"},"query-input":{"@type":"PropertyValueSpecification","valueRequired":true,"valueName":"search_term_string"}}],"inLanguage":"es"}]}},"_links":{"self":[{"href":"https:\/\/www.alliesofhumanity.org\/es\/wp-json\/wp\/v2\/pages\/6418","targetHints":{"allow":["GET"]}}],"collection":[{"href":"https:\/\/www.alliesofhumanity.org\/es\/wp-json\/wp\/v2\/pages"}],"about":[{"href":"https:\/\/www.alliesofhumanity.org\/es\/wp-json\/wp\/v2\/types\/page"}],"author":[{"embeddable":true,"href":"https:\/\/www.alliesofhumanity.org\/es\/wp-json\/wp\/v2\/users\/23"}],"replies":[{"embeddable":true,"href":"https:\/\/www.alliesofhumanity.org\/es\/wp-json\/wp\/v2\/comments?post=6418"}],"version-history":[{"count":4,"href":"https:\/\/www.alliesofhumanity.org\/es\/wp-json\/wp\/v2\/pages\/6418\/revisions"}],"predecessor-version":[{"id":21949,"href":"https:\/\/www.alliesofhumanity.org\/es\/wp-json\/wp\/v2\/pages\/6418\/revisions\/21949"}],"up":[{"embeddable":true,"href":"https:\/\/www.alliesofhumanity.org\/es\/wp-json\/wp\/v2\/pages\/6452"}],"wp:attachment":[{"href":"https:\/\/www.alliesofhumanity.org\/es\/wp-json\/wp\/v2\/media?parent=6418"}],"curies":[{"name":"wp","href":"https:\/\/api.w.org\/{rel}","templated":true}]}}