{"id":6330,"date":"2020-09-30T12:36:12","date_gmt":"2020-09-30T11:36:12","guid":{"rendered":"https:\/\/www.alliesofhumanity.org\/los-discursos\/book-three\/"},"modified":"2024-03-09T13:08:15","modified_gmt":"2024-03-09T12:08:15","slug":"book-three","status":"publish","type":"page","link":"https:\/\/www.alliesofhumanity.org\/es\/the-briefings\/book-three\/","title":{"rendered":"Libro 3"},"content":{"rendered":"<h5>Todos los Discursos de los Aliados de la Humanidad est\u00e1n disponibles gratuitamente en l\u00ednea. Comienza el viaje con \u00abLos Aliados de la Humanidad Libro 3\u00bb.<\/h5>\n<p>El Libro 3 de los Aliados de la Humanidad presenta el tercer conjunto de \u00abDiscursos\u00bb de una misteriosa fuente extraterrestre, cuyo prop\u00f3sito declarado es orientar a la familia humana hacia las realidades de la vida en nuestro universo local y alertarnos de una peligrosa Intervenci\u00f3n que est\u00e1 ocurriendo ahora en la Tierra.<\/p>\n<p>Los Discursos de los Aliados de la Humanidad son una comunicaci\u00f3n genuina de un grupo que afirma representar a las \u00abrazas libres\u00bb en nuestra regi\u00f3n local del espacio. Los Aliados se distinguen de aquellas razas que est\u00e1n interviniendo en el mundo en la actualidad. Nos advierten contra la presencia de esta Intervenci\u00f3n, insistiendo en que ninguna raza extranjera deber\u00eda visitar nuestro mundo, ni ahora ni en el futuro, hasta que la humanidad haya ganado la fuerza, la unidad y la madurez necesarias para comprometerse con \u00e9xito con una Comunidad Mayor de vida inteligente en el universo.<\/p>\n<p>No se sabe si la humanidad podr\u00e1 alcanzar esto alguna vez, pero los Aliados nos dicen que la intervenci\u00f3n en nuestro mundo ya ha sido iniciada por varias razas no militares, que buscan establecer su influencia y dominio en nuestro mundo usando medios enga\u00f1osos y persuasivos.<\/p>\n<p>Los Discursos revelan que estamos en la desafortunada posici\u00f3n de ser la raza que es descubierta. La historia nos ha ense\u00f1ado el peligro y la tragedia que los pueblos nativos enfrentaron cuando se encontraron con fuerzas externas por primera vez. Ahora todos somos los nativos de un nuevo mundo, y la amenaza de la Intervenci\u00f3n est\u00e1 aqu\u00ed. Como resultado, los Aliados nos llaman a construir la suficiente unidad humana entre las tribus, naciones y religiones de la Tierra para que podamos proteger nuestra libertad en un universo no humano.<\/p>\n<p>Marshall Vian Summers recibi\u00f3 esta comunicaci\u00f3n \u00fanica de los Aliados de la Humanidad en un estado de revelaci\u00f3n que comenz\u00f3 en noviembre de 1997. En los a\u00f1os posteriores, los Aliados de la Humanidad han entregado hasta ahora un total de cuatro series de informes.<\/p>\n<p>Con los Discursos de los Aliados, se nos ofrece por primera vez una ventana a la realidad de la vida m\u00e1s all\u00e1 de nuestro mundo, una visi\u00f3n que nunca tendr\u00edamos de otra manera. Esto crea un contexto mayor para entender por qu\u00e9 est\u00e1 ocurriendo la Intervenci\u00f3n, qui\u00e9n la est\u00e1 generando y qu\u00e9 es lo que la humanidad necesitar\u00e1 saber para preservar y construir la libertad y la soberan\u00eda humanas, y que as\u00ed podamos cumplir nuestro destino como una raza libre en el universo.<\/p>\n<p>Consigue una copia oficial del libro (solo disponible en ingl\u00e9s):<\/p>\n<ul>\n<li>En versi\u00f3n impresa: no disponible en la actualidad.<\/li>\n<li>En formato ebook: <a href=\"https:\/\/newknowledgelibrary.org\/e-books\/the-allies-of-humanity-book-three-english-ebook\/\" target=\"_blank\" rel=\"noopener\">New Knowledge Library<\/a>, <a href=\"https:\/\/www.amazon.com\/Allies-Humanity-Book-Three-ebook\/dp\/B0078VIQTG\" target=\"_blank\" rel=\"noopener\">versi\u00f3n Kindle de Amazon<\/a>, <a href=\"https:\/\/books.apple.com\/us\/book\/the-allies-of-humanity-book-three\/id894110421\" target=\"_blank\" rel=\"noopener\">Apple Books<\/a> o bien <a href=\"https:\/\/play.google.com\/store\/books\/details\/Marshall_Vian_Summers_The_Allies_of_Humanity_Book?id=7Uu_YwzD4HMC\" target=\"_blank\" rel=\"noopener\">Google Play<\/a>.<\/li>\n<\/ul>\n<hr \/>\n<h5>Comienza a leer online los Discursos del Libro 3<\/h5>\n<p>\u00cdndice:<\/p>\n<p><a href=\"contact-with-extraterestrial-races\">Primer Discurso: La realidad del Contacto<br \/>\n<\/a><\/p>\n<p><a href=\"requirements-freedom-universe\">Segundo Discurso: Los requisitos para la libertad en el universo<\/a><\/p>\n<p><a href=\"alien-intervention\">Tercer Discurso: Las herramientas de la Intervenci\u00f3n<\/a><\/p>\n<p><a href=\"hidden-powers\">Cuarto Discurso: Poderes ocultos<\/a><\/p>\n<p><a href=\"voices-universe-messages-space\">Quinto Discurso: Muchas voces en el universo<\/a><\/p>\n<p><a href=\"Life-Beyond-Earth\">Sexto Discurso: Las realidades de la Comunidad Mayor <\/a><\/p>\n<p><a href=\"questions-about-aliens\">S\u00e9ptimo Discurso: Preguntas y respuestas<br \/>\n<\/a><\/p>\n<p><em>La <\/em>Society for The New Message<em> est\u00e1 ofreciendo ahora los cuatro vol\u00famenes de <em>Los Aliados de la Humanidad<\/em> en l\u00ednea sin ning\u00fan coste. Lo hacemos para que este mensaje pueda llegar a tantas personas como sea posible, tanto en las bases como en las posiciones de poder pol\u00edtico, econ\u00f3mico y religioso.<\/em><\/p>\n","protected":false},"excerpt":{"rendered":"<p>Todos los Discursos de los Aliados de la Humanidad est\u00e1n disponibles gratuitamente en l\u00ednea. Comienza el viaje con \u00abLos Aliados de la Humanidad Libro 3\u00bb. El Libro 3 de los Aliados de la Humanidad presenta el tercer conjunto de \u00abDiscursos\u00bb de una misteriosa fuente extraterrestre, cuyo prop\u00f3sito declarado es orientar a la familia humana hacia [&hellip;]<\/p>\n","protected":false},"author":25,"featured_media":0,"parent":6118,"menu_order":3,"comment_status":"closed","ping_status":"closed","template":"page-book-start.php","meta":{"_acf_changed":false,"footnotes":""},"class_list":["post-6330","page","type-page","status-publish","hentry"],"acf":[],"yoast_head":"<!-- This site is optimized with the Yoast SEO plugin v26.5 - https:\/\/yoast.com\/wordpress\/plugins\/seo\/ -->\n<title>Los Aliados de la Humanidad Libro 3 | Un mensaje a la Tierra<\/title>\n<meta name=\"description\" content=\"Los Aliados de la Humanidad hablan sobre las realidades de la vida \u2014negocios, comercio e interacciones\u2014 que existen en nuestro vecindario del espacio.\" \/>\n<meta name=\"robots\" content=\"index, follow, max-snippet:-1, max-image-preview:large, max-video-preview:-1\" \/>\n<link rel=\"canonical\" href=\"https:\/\/www.alliesofhumanity.org\/es\/the-briefings\/book-three\/\" \/>\n<meta property=\"og:locale\" content=\"es_ES\" \/>\n<meta property=\"og:type\" content=\"article\" \/>\n<meta property=\"og:title\" content=\"Los Aliados de la Humanidad Libro 3 | Un mensaje a la Tierra\" \/>\n<meta property=\"og:description\" content=\"Los Aliados de la Humanidad hablan sobre las realidades de la vida \u2014negocios, comercio e interacciones\u2014 que existen en nuestro vecindario del espacio.\" \/>\n<meta property=\"og:url\" content=\"https:\/\/www.alliesofhumanity.org\/es\/the-briefings\/book-three\/\" \/>\n<meta property=\"og:site_name\" content=\"The Allies of Humanity\" \/>\n<meta property=\"article:publisher\" content=\"https:\/\/www.facebook.com\/alliesofhumanity\/\" \/>\n<meta property=\"article:modified_time\" content=\"2024-03-09T12:08:15+00:00\" \/>\n<meta property=\"og:image\" content=\"https:\/\/www.alliesofhumanity.org\/wp-content\/uploads\/2021\/01\/og-socialmedia-aoh.jpg\" \/>\n\t<meta property=\"og:image:width\" content=\"1200\" \/>\n\t<meta property=\"og:image:height\" content=\"630\" \/>\n\t<meta property=\"og:image:type\" content=\"image\/jpeg\" \/>\n<meta name=\"twitter:card\" content=\"summary_large_image\" \/>\n<meta name=\"twitter:title\" content=\"Los Aliados de la Humanidad Libro 3 | Un mensaje a la Tierra\" \/>\n<meta name=\"twitter:site\" content=\"@earthallies\" \/>\n<meta name=\"twitter:label1\" content=\"Tiempo de lectura\" \/>\n\t<meta name=\"twitter:data1\" content=\"3 minutos\" \/>\n<script type=\"application\/ld+json\" class=\"yoast-schema-graph\">{\"@context\":\"https:\/\/schema.org\",\"@graph\":[{\"@type\":\"WebPage\",\"@id\":\"https:\/\/www.alliesofhumanity.org\/es\/the-briefings\/book-three\/\",\"url\":\"https:\/\/www.alliesofhumanity.org\/es\/the-briefings\/book-three\/\",\"name\":\"Los Aliados de la Humanidad Libro 3 | Un mensaje a la Tierra\",\"isPartOf\":{\"@id\":\"https:\/\/www.alliesofhumanity.org\/es\/#website\"},\"datePublished\":\"2020-09-30T11:36:12+00:00\",\"dateModified\":\"2024-03-09T12:08:15+00:00\",\"description\":\"Los Aliados de la Humanidad hablan sobre las realidades de la vida \u2014negocios, comercio e interacciones\u2014 que existen en nuestro vecindario del espacio.\",\"breadcrumb\":{\"@id\":\"https:\/\/www.alliesofhumanity.org\/es\/the-briefings\/book-three\/#breadcrumb\"},\"inLanguage\":\"es\",\"potentialAction\":[{\"@type\":\"ReadAction\",\"target\":[\"https:\/\/www.alliesofhumanity.org\/es\/the-briefings\/book-three\/\"]}]},{\"@type\":\"BreadcrumbList\",\"@id\":\"https:\/\/www.alliesofhumanity.org\/es\/the-briefings\/book-three\/#breadcrumb\",\"itemListElement\":[{\"@type\":\"ListItem\",\"position\":1,\"name\":\"Los Discursos\",\"item\":\"https:\/\/www.alliesofhumanity.org\/es\/the-briefings\/\"},{\"@type\":\"ListItem\",\"position\":2,\"name\":\"Libro 3\"}]},{\"@type\":\"WebSite\",\"@id\":\"https:\/\/www.alliesofhumanity.org\/es\/#website\",\"url\":\"https:\/\/www.alliesofhumanity.org\/es\/\",\"name\":\"The Allies of Humanity\",\"description\":\"\",\"potentialAction\":[{\"@type\":\"SearchAction\",\"target\":{\"@type\":\"EntryPoint\",\"urlTemplate\":\"https:\/\/www.alliesofhumanity.org\/es\/?s={search_term_string}\"},\"query-input\":{\"@type\":\"PropertyValueSpecification\",\"valueRequired\":true,\"valueName\":\"search_term_string\"}}],\"inLanguage\":\"es\"}]}<\/script>\n<!-- \/ Yoast SEO plugin. -->","yoast_head_json":{"title":"Los Aliados de la Humanidad Libro 3 | Un mensaje a la Tierra","description":"Los Aliados de la Humanidad hablan sobre las realidades de la vida \u2014negocios, comercio e interacciones\u2014 que existen en nuestro vecindario del espacio.","robots":{"index":"index","follow":"follow","max-snippet":"max-snippet:-1","max-image-preview":"max-image-preview:large","max-video-preview":"max-video-preview:-1"},"canonical":"https:\/\/www.alliesofhumanity.org\/es\/the-briefings\/book-three\/","og_locale":"es_ES","og_type":"article","og_title":"Los Aliados de la Humanidad Libro 3 | Un mensaje a la Tierra","og_description":"Los Aliados de la Humanidad hablan sobre las realidades de la vida \u2014negocios, comercio e interacciones\u2014 que existen en nuestro vecindario del espacio.","og_url":"https:\/\/www.alliesofhumanity.org\/es\/the-briefings\/book-three\/","og_site_name":"The Allies of Humanity","article_publisher":"https:\/\/www.facebook.com\/alliesofhumanity\/","article_modified_time":"2024-03-09T12:08:15+00:00","og_image":[{"width":1200,"height":630,"url":"https:\/\/www.alliesofhumanity.org\/wp-content\/uploads\/2021\/01\/og-socialmedia-aoh.jpg","type":"image\/jpeg"}],"twitter_card":"summary_large_image","twitter_title":"Los Aliados de la Humanidad Libro 3 | Un mensaje a la Tierra","twitter_site":"@earthallies","twitter_misc":{"Tiempo de lectura":"3 minutos"},"schema":{"@context":"https:\/\/schema.org","@graph":[{"@type":"WebPage","@id":"https:\/\/www.alliesofhumanity.org\/es\/the-briefings\/book-three\/","url":"https:\/\/www.alliesofhumanity.org\/es\/the-briefings\/book-three\/","name":"Los Aliados de la Humanidad Libro 3 | Un mensaje a la Tierra","isPartOf":{"@id":"https:\/\/www.alliesofhumanity.org\/es\/#website"},"datePublished":"2020-09-30T11:36:12+00:00","dateModified":"2024-03-09T12:08:15+00:00","description":"Los Aliados de la Humanidad hablan sobre las realidades de la vida \u2014negocios, comercio e interacciones\u2014 que existen en nuestro vecindario del espacio.","breadcrumb":{"@id":"https:\/\/www.alliesofhumanity.org\/es\/the-briefings\/book-three\/#breadcrumb"},"inLanguage":"es","potentialAction":[{"@type":"ReadAction","target":["https:\/\/www.alliesofhumanity.org\/es\/the-briefings\/book-three\/"]}]},{"@type":"BreadcrumbList","@id":"https:\/\/www.alliesofhumanity.org\/es\/the-briefings\/book-three\/#breadcrumb","itemListElement":[{"@type":"ListItem","position":1,"name":"Los Discursos","item":"https:\/\/www.alliesofhumanity.org\/es\/the-briefings\/"},{"@type":"ListItem","position":2,"name":"Libro 3"}]},{"@type":"WebSite","@id":"https:\/\/www.alliesofhumanity.org\/es\/#website","url":"https:\/\/www.alliesofhumanity.org\/es\/","name":"The Allies of Humanity","description":"","potentialAction":[{"@type":"SearchAction","target":{"@type":"EntryPoint","urlTemplate":"https:\/\/www.alliesofhumanity.org\/es\/?s={search_term_string}"},"query-input":{"@type":"PropertyValueSpecification","valueRequired":true,"valueName":"search_term_string"}}],"inLanguage":"es"}]}},"_links":{"self":[{"href":"https:\/\/www.alliesofhumanity.org\/es\/wp-json\/wp\/v2\/pages\/6330","targetHints":{"allow":["GET"]}}],"collection":[{"href":"https:\/\/www.alliesofhumanity.org\/es\/wp-json\/wp\/v2\/pages"}],"about":[{"href":"https:\/\/www.alliesofhumanity.org\/es\/wp-json\/wp\/v2\/types\/page"}],"author":[{"embeddable":true,"href":"https:\/\/www.alliesofhumanity.org\/es\/wp-json\/wp\/v2\/users\/25"}],"replies":[{"embeddable":true,"href":"https:\/\/www.alliesofhumanity.org\/es\/wp-json\/wp\/v2\/comments?post=6330"}],"version-history":[{"count":7,"href":"https:\/\/www.alliesofhumanity.org\/es\/wp-json\/wp\/v2\/pages\/6330\/revisions"}],"predecessor-version":[{"id":21939,"href":"https:\/\/www.alliesofhumanity.org\/es\/wp-json\/wp\/v2\/pages\/6330\/revisions\/21939"}],"up":[{"embeddable":true,"href":"https:\/\/www.alliesofhumanity.org\/es\/wp-json\/wp\/v2\/pages\/6118"}],"wp:attachment":[{"href":"https:\/\/www.alliesofhumanity.org\/es\/wp-json\/wp\/v2\/media?parent=6330"}],"curies":[{"name":"wp","href":"https:\/\/api.w.org\/{rel}","templated":true}]}}