{"id":6125,"date":"2020-09-28T11:07:53","date_gmt":"2020-09-28T10:07:53","guid":{"rendered":"https:\/\/www.alliesofhumanity.org\/los-discursos\/libro-1\/"},"modified":"2024-03-09T12:30:43","modified_gmt":"2024-03-09T11:30:43","slug":"book-one","status":"publish","type":"page","link":"https:\/\/www.alliesofhumanity.org\/es\/the-briefings\/book-one\/","title":{"rendered":"Libro 1"},"content":{"rendered":"<h5>Todos los Discursos de los Aliados de la Humanidad est\u00e1n disponibles gratuitamente en l\u00ednea. Comienza el viaje con \u00abLos Aliados de la Humanidad Libro 1\u00bb.<\/h5>\n<p>Hace m\u00e1s de veinte a\u00f1os, un grupo de individuos de varios mundos diferentes se reuni\u00f3 en una discreta localizaci\u00f3n de nuestro sistema solar, cerca de la Tierra, con el prop\u00f3sito de observar la Intervenci\u00f3n extraterrestre que est\u00e1 ocurriendo en nuestro mundo. Desde su oculto punto de observaci\u00f3n fueron capaces de determinar la identidad, la organizaci\u00f3n y las intenciones de aquellos que est\u00e1n visitando nuestro mundo, as\u00ed como de monitorizar las actividades de estos visitantes.<\/p>\n<p>Este grupo de observadores se llaman a s\u00ed mismos los \u201cAliados de la Humanidad\u201d. Este es su informe.<\/p>\n<p>Consigue una copia del libro oficial en espa\u00f1ol:<\/p>\n<ul>\n<li>En versi\u00f3n impresa: <a href=\"https:\/\/newknowledgelibrary.org\/books\/los-aliados-de-la-humanidad-libro-uno-allies-of-humanity-book-one-spanish-print-book\/\" target=\"_blank\" rel=\"noopener\">New Knowledge Library<\/a> o bien <a href=\"https:\/\/www.amazon.com\/gp\/product\/1884238424\/\" target=\"_blank\" rel=\"noopener\">Amazon<\/a>.<\/li>\n<li>En formato ebook: <a href=\"https:\/\/www.amazon.com\/LOS-ALIADOS-HUMANIDAD-LIBRO-extraterrestre-ebook\/dp\/B07TSFVZNZ\/\" target=\"_blank\" rel=\"noopener\">Versi\u00f3n Kindle de Amazon<\/a> o bien <a href=\"https:\/\/books.apple.com\/us\/book\/los-aliados-de-la-humanidad-libro-uno\/id1471504126\" target=\"_blank\" rel=\"noopener\">Apple Books<\/a>.<\/li>\n<\/ul>\n<hr \/>\n<p>Consigue una copia oficial del libro en ingl\u00e9s:<\/p>\n<ul>\n<li>En versi\u00f3n impresa: <a href=\"https:\/\/newknowledgelibrary.org\/books\/the-allies-of-humanity-book-1-english-print-book\/\" target=\"_blank\" rel=\"noopener\">New Knowledge Library<\/a> o bien <a href=\"https:\/\/www.amazon.com\/Allies-Humanity-Book-Marshall-Summers-dp-1884238459\/dp\/1884238459\" target=\"_blank\" rel=\"noopener\">Amazon<\/a>.<\/li>\n<li>En formato ebook: <a href=\"https:\/\/newknowledgelibrary.org\/e-books\/the-allies-of-humanity-book-1-english-ebook\/\" target=\"_blank\" rel=\"noopener\">New Knowledge Library<\/a>, <a href=\"https:\/\/www.amazon.com\/Allies-Humanity-Book-One-ebook-dp-B0052GA54I\/dp\/B0052GA54I\" target=\"_blank\" rel=\"noopener\">versi\u00f3n Kindle de Amazon<\/a>, <a href=\"https:\/\/books.apple.com\/us\/book\/the-allies-of-humanity-book-one\/id894099032\" target=\"_blank\" rel=\"noopener\">Apple Books<\/a> o bien <a href=\"https:\/\/play.google.com\/store\/books\/details\/Marshall_Vian_Summers_The_Allies_of_Humanity_Book?id=L7ruJolCko0C\" target=\"_blank\" rel=\"noopener\">Google Play<\/a>.<\/li>\n<\/ul>\n<hr \/>\n<h5>Comienza a leer online los Discursos del libro 1<\/h5>\n<p>\u00cdndice:<\/p>\n<p><a href=\"alien-races-earth\">Primer Discurso: La Presencia Extraterrestre Hoy en el Mundo<\/a><\/p>\n<p><a href=\"human-freedom\">Segundo Discurso: El Reto a la Libertad Humana<br \/>\n<\/a><\/p>\n<p><a href=\"the-visitors\">Tercer Discurso: Una Gran Advertencia<\/a><\/p>\n<p><a href=\"false-second-coming\">Cuarto Discurso: La Manipulaci\u00f3n de las Tradiciones y Creencias Religiosas<\/a><\/p>\n<p><a href=\"threshold-alien-presence\">Quinto Discurso: El Umbral: Una Nueva Promesa para la Humanidad<\/a><\/p>\n<p><a href=\"questions-about-aliens\">Sexto Discurso: Preguntas y Respuestas<\/a><\/p>\n<p><a href=\"final-words\">Palabras finales<\/a><\/p>\n<p>La <em>Society for The New Message<\/em> est\u00e1 ofreciendo ahora los cuatro vol\u00famenes de <em>Los Aliados de la Humanidad<\/em> en l\u00ednea sin ning\u00fan coste. Lo hacemos para que este mensaje pueda llegar a tantas personas como sea posible, tanto en las bases como en las posiciones de poder pol\u00edtico, econ\u00f3mico y religioso.<\/p>\n","protected":false},"excerpt":{"rendered":"<p>Todos los Discursos de los Aliados de la Humanidad est\u00e1n disponibles gratuitamente en l\u00ednea. Comienza el viaje con \u00abLos Aliados de la Humanidad Libro 1\u00bb. Hace m\u00e1s de veinte a\u00f1os, un grupo de individuos de varios mundos diferentes se reuni\u00f3 en una discreta localizaci\u00f3n de nuestro sistema solar, cerca de la Tierra, con el prop\u00f3sito [&hellip;]<\/p>\n","protected":false},"author":25,"featured_media":0,"parent":6118,"menu_order":1,"comment_status":"closed","ping_status":"closed","template":"page-book-start.php","meta":{"_acf_changed":false,"footnotes":""},"class_list":["post-6125","page","type-page","status-publish","hentry"],"acf":[],"yoast_head":"<!-- This site is optimized with the Yoast SEO plugin v26.5 - https:\/\/yoast.com\/wordpress\/plugins\/seo\/ -->\n<title>Los Aliados de la Humanidad Libro 1 | Los Aliados de la Humanidad<\/title>\n<meta name=\"description\" content=\"Hace m\u00e1s de veinte a\u00f1os, un grupo de individuos de varios mundos diferentes se reuni\u00f3 en una discreta localizaci\u00f3n de nuestro sistema solar, cerca de la Tierra, con el prop\u00f3sito de observar la Intervenci\u00f3n extraterrestre que est\u00e1 ocurriendo en nuestro mundo.\" \/>\n<meta name=\"robots\" content=\"index, follow, max-snippet:-1, max-image-preview:large, max-video-preview:-1\" \/>\n<link rel=\"canonical\" href=\"https:\/\/www.alliesofhumanity.org\/es\/the-briefings\/book-one\/\" \/>\n<meta property=\"og:locale\" content=\"es_ES\" \/>\n<meta property=\"og:type\" content=\"article\" \/>\n<meta property=\"og:title\" content=\"Los Aliados de la Humanidad Libro 1 | Los Aliados de la Humanidad\" \/>\n<meta property=\"og:description\" content=\"Hace m\u00e1s de veinte a\u00f1os, un grupo de individuos de varios mundos diferentes se reuni\u00f3 en una discreta localizaci\u00f3n de nuestro sistema solar, cerca de la Tierra, con el prop\u00f3sito de observar la Intervenci\u00f3n extraterrestre que est\u00e1 ocurriendo en nuestro mundo.\" \/>\n<meta property=\"og:url\" content=\"https:\/\/www.alliesofhumanity.org\/es\/the-briefings\/book-one\/\" \/>\n<meta property=\"og:site_name\" content=\"The Allies of Humanity\" \/>\n<meta property=\"article:publisher\" content=\"https:\/\/www.facebook.com\/alliesofhumanity\/\" \/>\n<meta property=\"article:modified_time\" content=\"2024-03-09T11:30:43+00:00\" \/>\n<meta property=\"og:image\" content=\"https:\/\/www.alliesofhumanity.org\/wp-content\/uploads\/2021\/01\/og-socialmedia-aoh.jpg\" \/>\n\t<meta property=\"og:image:width\" content=\"1200\" \/>\n\t<meta property=\"og:image:height\" content=\"630\" \/>\n\t<meta property=\"og:image:type\" content=\"image\/jpeg\" \/>\n<meta name=\"twitter:card\" content=\"summary_large_image\" \/>\n<meta name=\"twitter:title\" content=\"Los Aliados de la Humanidad Libro 1 | Los Aliados de la Humanidad\" \/>\n<meta name=\"twitter:site\" content=\"@earthallies\" \/>\n<meta name=\"twitter:label1\" content=\"Tiempo de lectura\" \/>\n\t<meta name=\"twitter:data1\" content=\"2 minutos\" \/>\n<script type=\"application\/ld+json\" class=\"yoast-schema-graph\">{\"@context\":\"https:\/\/schema.org\",\"@graph\":[{\"@type\":\"WebPage\",\"@id\":\"https:\/\/www.alliesofhumanity.org\/es\/the-briefings\/book-one\/\",\"url\":\"https:\/\/www.alliesofhumanity.org\/es\/the-briefings\/book-one\/\",\"name\":\"Los Aliados de la Humanidad Libro 1 | Los Aliados de la Humanidad\",\"isPartOf\":{\"@id\":\"https:\/\/www.alliesofhumanity.org\/es\/#website\"},\"datePublished\":\"2020-09-28T10:07:53+00:00\",\"dateModified\":\"2024-03-09T11:30:43+00:00\",\"description\":\"Hace m\u00e1s de veinte a\u00f1os, un grupo de individuos de varios mundos diferentes se reuni\u00f3 en una discreta localizaci\u00f3n de nuestro sistema solar, cerca de la Tierra, con el prop\u00f3sito de observar la Intervenci\u00f3n extraterrestre que est\u00e1 ocurriendo en nuestro mundo.\",\"breadcrumb\":{\"@id\":\"https:\/\/www.alliesofhumanity.org\/es\/the-briefings\/book-one\/#breadcrumb\"},\"inLanguage\":\"es\",\"potentialAction\":[{\"@type\":\"ReadAction\",\"target\":[\"https:\/\/www.alliesofhumanity.org\/es\/the-briefings\/book-one\/\"]}]},{\"@type\":\"BreadcrumbList\",\"@id\":\"https:\/\/www.alliesofhumanity.org\/es\/the-briefings\/book-one\/#breadcrumb\",\"itemListElement\":[{\"@type\":\"ListItem\",\"position\":1,\"name\":\"Los Discursos\",\"item\":\"https:\/\/www.alliesofhumanity.org\/es\/the-briefings\/\"},{\"@type\":\"ListItem\",\"position\":2,\"name\":\"Libro 1\"}]},{\"@type\":\"WebSite\",\"@id\":\"https:\/\/www.alliesofhumanity.org\/es\/#website\",\"url\":\"https:\/\/www.alliesofhumanity.org\/es\/\",\"name\":\"The Allies of Humanity\",\"description\":\"\",\"potentialAction\":[{\"@type\":\"SearchAction\",\"target\":{\"@type\":\"EntryPoint\",\"urlTemplate\":\"https:\/\/www.alliesofhumanity.org\/es\/?s={search_term_string}\"},\"query-input\":{\"@type\":\"PropertyValueSpecification\",\"valueRequired\":true,\"valueName\":\"search_term_string\"}}],\"inLanguage\":\"es\"}]}<\/script>\n<!-- \/ Yoast SEO plugin. -->","yoast_head_json":{"title":"Los Aliados de la Humanidad Libro 1 | Los Aliados de la Humanidad","description":"Hace m\u00e1s de veinte a\u00f1os, un grupo de individuos de varios mundos diferentes se reuni\u00f3 en una discreta localizaci\u00f3n de nuestro sistema solar, cerca de la Tierra, con el prop\u00f3sito de observar la Intervenci\u00f3n extraterrestre que est\u00e1 ocurriendo en nuestro mundo.","robots":{"index":"index","follow":"follow","max-snippet":"max-snippet:-1","max-image-preview":"max-image-preview:large","max-video-preview":"max-video-preview:-1"},"canonical":"https:\/\/www.alliesofhumanity.org\/es\/the-briefings\/book-one\/","og_locale":"es_ES","og_type":"article","og_title":"Los Aliados de la Humanidad Libro 1 | Los Aliados de la Humanidad","og_description":"Hace m\u00e1s de veinte a\u00f1os, un grupo de individuos de varios mundos diferentes se reuni\u00f3 en una discreta localizaci\u00f3n de nuestro sistema solar, cerca de la Tierra, con el prop\u00f3sito de observar la Intervenci\u00f3n extraterrestre que est\u00e1 ocurriendo en nuestro mundo.","og_url":"https:\/\/www.alliesofhumanity.org\/es\/the-briefings\/book-one\/","og_site_name":"The Allies of Humanity","article_publisher":"https:\/\/www.facebook.com\/alliesofhumanity\/","article_modified_time":"2024-03-09T11:30:43+00:00","og_image":[{"width":1200,"height":630,"url":"https:\/\/www.alliesofhumanity.org\/wp-content\/uploads\/2021\/01\/og-socialmedia-aoh.jpg","type":"image\/jpeg"}],"twitter_card":"summary_large_image","twitter_title":"Los Aliados de la Humanidad Libro 1 | Los Aliados de la Humanidad","twitter_site":"@earthallies","twitter_misc":{"Tiempo de lectura":"2 minutos"},"schema":{"@context":"https:\/\/schema.org","@graph":[{"@type":"WebPage","@id":"https:\/\/www.alliesofhumanity.org\/es\/the-briefings\/book-one\/","url":"https:\/\/www.alliesofhumanity.org\/es\/the-briefings\/book-one\/","name":"Los Aliados de la Humanidad Libro 1 | Los Aliados de la Humanidad","isPartOf":{"@id":"https:\/\/www.alliesofhumanity.org\/es\/#website"},"datePublished":"2020-09-28T10:07:53+00:00","dateModified":"2024-03-09T11:30:43+00:00","description":"Hace m\u00e1s de veinte a\u00f1os, un grupo de individuos de varios mundos diferentes se reuni\u00f3 en una discreta localizaci\u00f3n de nuestro sistema solar, cerca de la Tierra, con el prop\u00f3sito de observar la Intervenci\u00f3n extraterrestre que est\u00e1 ocurriendo en nuestro mundo.","breadcrumb":{"@id":"https:\/\/www.alliesofhumanity.org\/es\/the-briefings\/book-one\/#breadcrumb"},"inLanguage":"es","potentialAction":[{"@type":"ReadAction","target":["https:\/\/www.alliesofhumanity.org\/es\/the-briefings\/book-one\/"]}]},{"@type":"BreadcrumbList","@id":"https:\/\/www.alliesofhumanity.org\/es\/the-briefings\/book-one\/#breadcrumb","itemListElement":[{"@type":"ListItem","position":1,"name":"Los Discursos","item":"https:\/\/www.alliesofhumanity.org\/es\/the-briefings\/"},{"@type":"ListItem","position":2,"name":"Libro 1"}]},{"@type":"WebSite","@id":"https:\/\/www.alliesofhumanity.org\/es\/#website","url":"https:\/\/www.alliesofhumanity.org\/es\/","name":"The Allies of Humanity","description":"","potentialAction":[{"@type":"SearchAction","target":{"@type":"EntryPoint","urlTemplate":"https:\/\/www.alliesofhumanity.org\/es\/?s={search_term_string}"},"query-input":{"@type":"PropertyValueSpecification","valueRequired":true,"valueName":"search_term_string"}}],"inLanguage":"es"}]}},"_links":{"self":[{"href":"https:\/\/www.alliesofhumanity.org\/es\/wp-json\/wp\/v2\/pages\/6125","targetHints":{"allow":["GET"]}}],"collection":[{"href":"https:\/\/www.alliesofhumanity.org\/es\/wp-json\/wp\/v2\/pages"}],"about":[{"href":"https:\/\/www.alliesofhumanity.org\/es\/wp-json\/wp\/v2\/types\/page"}],"author":[{"embeddable":true,"href":"https:\/\/www.alliesofhumanity.org\/es\/wp-json\/wp\/v2\/users\/25"}],"replies":[{"embeddable":true,"href":"https:\/\/www.alliesofhumanity.org\/es\/wp-json\/wp\/v2\/comments?post=6125"}],"version-history":[{"count":30,"href":"https:\/\/www.alliesofhumanity.org\/es\/wp-json\/wp\/v2\/pages\/6125\/revisions"}],"predecessor-version":[{"id":13585,"href":"https:\/\/www.alliesofhumanity.org\/es\/wp-json\/wp\/v2\/pages\/6125\/revisions\/13585"}],"up":[{"embeddable":true,"href":"https:\/\/www.alliesofhumanity.org\/es\/wp-json\/wp\/v2\/pages\/6118"}],"wp:attachment":[{"href":"https:\/\/www.alliesofhumanity.org\/es\/wp-json\/wp\/v2\/media?parent=6125"}],"curies":[{"name":"wp","href":"https:\/\/api.w.org\/{rel}","templated":true}]}}