{"id":6107,"date":"2020-09-28T10:32:26","date_gmt":"2020-09-28T09:32:26","guid":{"rendered":"https:\/\/www.alliesofhumanity.org\/los-aliados\/"},"modified":"2024-03-09T12:25:47","modified_gmt":"2024-03-09T11:25:47","slug":"the-allies","status":"publish","type":"page","link":"https:\/\/www.alliesofhumanity.org\/es\/the-allies\/","title":{"rendered":"Los Aliados"},"content":{"rendered":"\t\t<div data-elementor-type=\"wp-page\" data-elementor-id=\"6107\" class=\"elementor elementor-6107 elementor-758\" data-elementor-post-type=\"page\">\t\t\t\t\t\t<section class=\"elementor-section elementor-top-section elementor-element elementor-element-13aff578 elementor-section-full_width elementor-section-height-default elementor-section-height-default\" data-id=\"13aff578\" data-element_type=\"section\">\t\t\t\t\t\t<div class=\"elementor-container elementor-column-gap-default\">\t\t\t\t\t<div class=\"elementor-column elementor-col-100 elementor-top-column elementor-element elementor-element-73bd0eae\" data-id=\"73bd0eae\" data-element_type=\"column\">\t\t\t<div class=\"elementor-widget-wrap elementor-element-populated\">\t\t\t\t\t\t<div class=\"elementor-element elementor-element-0581c07 elementor-widget elementor-widget-text-editor\" data-id=\"0581c07\" data-element_type=\"widget\" data-widget_type=\"text-editor.default\">\t\t\t\t<div class=\"elementor-widget-container\">\t\t\t\t\t\t\t\t\t<h5>Presentamos <em>Los Aliados de la Humanidad<\/em> para preparar a la gente frente a toda una nueva realidad, que actualmente est\u00e1 en su mayor parte oculta y carece de reconocimiento en el mundo. Los Aliados proveen una nueva perspectiva que empodera a la gente ante el mayor desaf\u00edo y la mayor oportunidad que nosotros, como raza, hayamos encontrado nunca.<\/h5><p>Los Discursos de los Aliados contienen ciertas afirmaciones muy serias e incluso alarmantes acerca de la creciente intervenci\u00f3n e integraci\u00f3n extraterrestre en la raza humana, as\u00ed como sobre sus actividades y planes ocultos.<\/p><p>El prop\u00f3sito de los Discursos no es proveer una evidencia s\u00f3lida sobre la realidad de la visitaci\u00f3n extraterrestre a nuestro mundo, que es algo que est\u00e1 ya bien documentado en muchos otros buenos libros y revistas de investigaci\u00f3n sobre el tema. El prop\u00f3sito de los Discursos es abordar las dram\u00e1ticas y extensas implicaciones de este fen\u00f3meno, desafiar nuestras tendencias y suposiciones humanas al respecto y advertir a la familia humana del gran umbral que ahora encara.<\/p><p>Los Discursos proveen un atisbo de la realidad de la vida inteligente en el universo y de lo que el Contacto realmente va a significar. Para muchos lectores, lo que se revela en los Discursos de <em>Los Aliados de la Humanidad<\/em> ser\u00e1 enteramente nuevo. Para otros, ser\u00e1 una confirmaci\u00f3n de las cosas que han sentido y sabido durante mucho tiempo.<\/p><p>Aunque estos Discursos proveen un mensaje urgente, tratan tambi\u00e9n de la necesidad de moverse hacia una consciencia superior llamada <a href=\"https:\/\/www.newmessage.org\/wiki\/Knowledge_Quotes\">\u201cConocimiento\u201d<\/a>, que incluye una mayor capacidad telep\u00e1tica entre la gente y entre las razas. A la luz de esto, los Discursos de los Aliados fueron transmitidos al autor, <a href=\"https:\/\/marshallsummers.com\">Marshall Vian Summers<\/a> por parte de un grupo multirracial de individuos extraterrestres que se refieren a s\u00ed mismos como los \u201cAliados de la Humanidad\u201d.<\/p><p>Ellos se describen como seres f\u00edsicos de otros mundos que se han reunido en nuestro sistema solar, cerca de la Tierra, con el prop\u00f3sito de observar las comunicaciones y actividades de aquellas razas extraterrestres que est\u00e1n aqu\u00ed en nuestro mundo interfiriendo en los asuntos humanos. Ellos enfatizan que no est\u00e1n f\u00edsicamente presentes en el mundo y que est\u00e1n proveyendo la sabidur\u00eda necesaria, no tecnolog\u00eda o interferencia.<\/p><p>La primera serie de Discursos de los Aliados fue entregada al autor a lo largo de un periodo de un a\u00f1o. Estos ofrecen perspectiva y visi\u00f3n sobre un asunto complejo que, a pesar de d\u00e9cadas de evidencia acumulada, contin\u00faa desconcertando a los investigadores. Pero esta perspectiva no es rom\u00e1ntica, especulativa o idealista en su aproximaci\u00f3n a este asunto. Por el contrario, es francamente realista e inflexible, hasta el punto de poder ser bastante desafiante, incluso para un lector que est\u00e9 bien versado en el tema.<\/p><p class=\"float-left bleed-left\"><img decoding=\"async\" src=\"https:\/\/www.alliesofhumanity.org\/wp-content\/uploads\/2020\/06\/960x540-aoh-book-1.jpg\" alt=\"\" \/><\/p><p>Por lo tanto, para recibir lo que estos Discursos ofrecen se requiere que el lector deje a un lado, por un momento al menos, muchas de las creencias, suposiciones y preguntas que podr\u00eda tener acerca del Contacto extraterrestre, e incluso sobre c\u00f3mo se recibieron estos Discursos. Sus contenidos son como un mensaje en una botella, que ha sido enviada aqu\u00ed desde m\u00e1s all\u00e1 del mundo. Por ello, no debemos estar tan preocupados por la botella sino por el mensaje mismo.<\/p><p>Para entender verdaderamente este mensaje desafiante, debemos enfrentar y cuestionar muchas de las tendencias y suposiciones dominantes acerca de la posibilidad y la realidad del contacto. Estas incluyen:<\/p><ul><li>negaci\u00f3n;<\/li><li>expectativa esperanzada;<\/li><li>malinterpretaci\u00f3n de la evidencia para afirmar nuestras creencias;<\/li><li>querer y esperar salvaci\u00f3n por parte de los \u201cvisitantes;<\/li><li>creer que la tecnolog\u00eda extraterrestre nos salvar\u00e1;<\/li><li>sentirse desesperado y sumiso ante lo que asumimos es una fuerza superior;<\/li><li>demandar revelaci\u00f3n a los gobiernos pero no a los extraterrestres;<\/li><li>condenar a los l\u00edderes e instituciones humanos mientras se mantiene una incuestionada aceptaci\u00f3n de los \u201cvisitantes\u201d;<\/li><li>asumir que porque ellos no nos han atacado o invadido entonces deben estar aqu\u00ed por nuestro bien;<\/li><li>asumir que la tecnolog\u00eda avanzada equivale a una \u00e9tica y una espiritualidad avanzadas;<\/li><li>creer que este fen\u00f3meno es un misterio cuando en realidad es un evento comprensible;<\/li><li>creer que los extraterrestres de alguna manera tienen derechos respecto a la humanidad y este planeta;<\/li><li>y creer que la humanidad es irredimible y no puede salir adelante por s\u00ed sola.<\/li><\/ul><p>Los Discursos de los Aliados de la Humanidad desaf\u00edan tales presunciones y tendencias y rompen con muchos de los mitos que actualmente tenemos sobre qui\u00e9nes nos est\u00e1n visitando y por qu\u00e9 est\u00e1n aqu\u00ed.<\/p><p>Los Discursos nos dan una mayor perspectiva y un entendimiento m\u00e1s profundo de nuestro destino dentro de un panorama mayor de vida inteligente en el universo. Para lograrlo, los Aliados no hablan a nuestra mente anal\u00edtica sino al Conocimiento, la parte m\u00e1s profunda de nuestro ser, donde la verdad, no importa cu\u00e1n oculta, puede ser directamente discernida y experimentada.<\/p><p><em>Los Aliados de la Humanidad<\/em> har\u00e1n surgir muchas preguntas que requerir\u00e1n exploraci\u00f3n y contemplaci\u00f3n adicional. Su \u00e9nfasis no es aportar nombres, datos y lugares, sino proveer una perspectiva sobre la presencia extraterrestre en el mundo y sobre la vida en el universo que nosotros como seres humanos no podr\u00edamos tener de otro modo.<\/p><p>Mientras seguimos viviendo en el aislamiento de la superficie de nuestro mundo no podemos ver y saber todav\u00eda lo que ocurre respecto a la vida inteligente m\u00e1s all\u00e1 de nuestras fronteras. Para esto necesitamos ayuda, ayuda de una clase muy extraordinaria. Puede que no reconozcamos o aceptemos esta ayuda al principio. Pero est\u00e1 aqu\u00ed.<\/p><p class=\"float-right bleed-right\"><img decoding=\"async\" src=\"https:\/\/www.alliesofhumanity.org\/wp-content\/uploads\/2020\/06\/960x540-aoh-book-2.jpg\" alt=\"\" \/><\/p><p>El prop\u00f3sito expresado por los Aliados es advertirnos de los riesgos de emerger a una Comunidad Mayor de vida inteligente y ayudarnos a cruzar con \u00e9xito este gran umbral, de manera que la libertad, la soberan\u00eda y la autodeterminaci\u00f3n humanas puedan preservarse.<\/p><p>Los Aliados est\u00e1n aqu\u00ed para aconsejarnos sobre la necesidad que tiene la humanidad de establecer sus propias \u201cReglas de Interacci\u00f3n\u201d durante este momento sin precedentes. Seg\u00fan los Aliados, si somos sabios y estamos unidos y preparados seremos capaces de tomar el lugar que nos corresponde en la Comunidad Mayor como una raza libre y madura.<\/p><p>A lo largo de esta serie de Discursos, los Aliados repitieron ciertas ideas clave que sent\u00edan eran vitales para nuestro entendimiento. Hemos mantenido estas reiteraciones en los Discursos para preservar la intenci\u00f3n y la integridad de su comunicaci\u00f3n. Debido a la naturaleza urgente del mensaje de los Aliados y debido a las fuerzas en el mundo que se opondr\u00edan a este mensaje, estas repeticiones tienen su sabidur\u00eda y su necesidad.<\/p><p>Tras la publicaci\u00f3n del primer libro de <em>Los Aliados de la Humanidad<\/em> en el a\u00f1o 2001, los Aliados proveyeron una segunda serie de Discursos para completar su vital mensaje a la humanidad. <em>Los Aliados de la Humanidad Libro 2<\/em>, publicado en 2005, presenta nueva y asombrosa informaci\u00f3n sobre las interacciones entre razas en nuestro universo local, as\u00ed como sobre la naturaleza, el prop\u00f3sito y las actividades m\u00e1s ocultas de aquellas razas que est\u00e1n interfiriendo en los asuntos humanos.<\/p><p>Los Aliados se comunicaron de Nuevo en el a\u00f1o 2008, ampliando su descripci\u00f3n del complejo entorno al que est\u00e1 emergiendo la Humanidad. Esta tercera serie de Discursos se public\u00f3 en el 2012. Por \u00faltimo, se recibi\u00f3 una cuarta serie de discursos en el a\u00f1o 2016.<\/p><p>Gracias a los lectores que sintieron la urgencia del mensaje de los Aliados y tradujeron los Discursos a otros lenguajes, existe una creciente consciencia global sobre la realidad de la Intervenci\u00f3n.<\/p><p>En la <em>Society for the New Message<\/em>, consideramos que estas cuatro series de Discursos contienen lo que puede ser uno de los m\u00e1s importantes mensajes que hoy se est\u00e9n comunicando en el mundo.<\/p><p><em>Los Aliados de la Humanidad<\/em> no es simplemente otro libro especulando sobre el fen\u00f3meno ovni\/extraterrestre. Es un mensaje transformacional genuino, enfocado directamente en el prop\u00f3sito oculto de la Intervenci\u00f3n alien\u00edgena, para cultivar la consciencia que necesitaremos para afrontar los desaf\u00edos y oportunidades por delante.<\/p><p><a title=\"Go to newmessage.org\" href=\"https:\/\/www.nuevomensaje.org\/worldwide-community\/sobre-la-sociedad\" target=\"_blank\" rel=\"noopener noreferrer\"><em>The Society for the New Message<\/em><\/a><\/p>\t\t\t\t\t\t\t\t<\/div>\t\t\t\t<\/div>\t\t\t\t\t<\/div>\t\t<\/div>\t\t\t\t\t<\/div>\t\t<\/section>\t\t\t\t<\/div><p>\t\t<\/p>","protected":false},"excerpt":{"rendered":"<p>Presentamos Los Aliados de la Humanidad para preparar a la gente frente a toda una nueva realidad, que actualmente est\u00e1 en su mayor parte oculta y carece de reconocimiento en el mundo. Los Aliados proveen una nueva perspectiva que empodera a la gente ante el mayor desaf\u00edo y la mayor oportunidad que nosotros, como raza, [&hellip;]<\/p>\n","protected":false},"author":25,"featured_media":0,"parent":0,"menu_order":1,"comment_status":"closed","ping_status":"closed","template":"page.php","meta":{"_acf_changed":false,"footnotes":""},"class_list":["post-6107","page","type-page","status-publish","hentry"],"acf":[],"yoast_head":"<!-- This site is optimized with the Yoast SEO plugin v26.5 - https:\/\/yoast.com\/wordpress\/plugins\/seo\/ -->\n<title>Introducci\u00f3n a los Aliados de la Humanidad<\/title>\n<meta name=\"description\" content=\"Los Discursos de los Aliados contienen ciertas afirmaciones muy serias e incluso alarmantes acerca de la creciente intervenci\u00f3n e integraci\u00f3n extraterrestre en la raza humana, as\u00ed como sobre sus actividades y planes ocultos.\" \/>\n<meta name=\"robots\" content=\"index, follow, max-snippet:-1, max-image-preview:large, max-video-preview:-1\" \/>\n<link rel=\"canonical\" href=\"https:\/\/www.alliesofhumanity.org\/es\/the-allies\/\" \/>\n<meta property=\"og:locale\" content=\"es_ES\" \/>\n<meta property=\"og:type\" content=\"article\" \/>\n<meta property=\"og:title\" content=\"Introducci\u00f3n a los Aliados de la Humanidad\" \/>\n<meta property=\"og:description\" content=\"Los Discursos de los Aliados contienen ciertas afirmaciones muy serias e incluso alarmantes acerca de la creciente intervenci\u00f3n e integraci\u00f3n extraterrestre en la raza humana, as\u00ed como sobre sus actividades y planes ocultos.\" \/>\n<meta property=\"og:url\" content=\"https:\/\/www.alliesofhumanity.org\/es\/the-allies\/\" \/>\n<meta property=\"og:site_name\" content=\"The Allies of Humanity\" \/>\n<meta property=\"article:publisher\" content=\"https:\/\/www.facebook.com\/alliesofhumanity\/\" \/>\n<meta property=\"article:modified_time\" content=\"2024-03-09T11:25:47+00:00\" \/>\n<meta property=\"og:image\" content=\"https:\/\/www.alliesofhumanity.org\/wp-content\/uploads\/2021\/01\/og-socialmedia-aoh.jpg\" \/>\n\t<meta property=\"og:image:width\" content=\"1200\" \/>\n\t<meta property=\"og:image:height\" content=\"630\" \/>\n\t<meta property=\"og:image:type\" content=\"image\/jpeg\" \/>\n<meta name=\"twitter:card\" content=\"summary_large_image\" \/>\n<meta name=\"twitter:title\" content=\"Introducci\u00f3n a los Aliados de la Humanidad\" \/>\n<meta name=\"twitter:site\" content=\"@earthallies\" \/>\n<meta name=\"twitter:label1\" content=\"Tiempo de lectura\" \/>\n\t<meta name=\"twitter:data1\" content=\"7 minutos\" \/>\n<script type=\"application\/ld+json\" class=\"yoast-schema-graph\">{\"@context\":\"https:\/\/schema.org\",\"@graph\":[{\"@type\":\"WebPage\",\"@id\":\"https:\/\/www.alliesofhumanity.org\/es\/the-allies\/\",\"url\":\"https:\/\/www.alliesofhumanity.org\/es\/the-allies\/\",\"name\":\"Introducci\u00f3n a los Aliados de la Humanidad\",\"isPartOf\":{\"@id\":\"https:\/\/www.alliesofhumanity.org\/es\/#website\"},\"datePublished\":\"2020-09-28T09:32:26+00:00\",\"dateModified\":\"2024-03-09T11:25:47+00:00\",\"description\":\"Los Discursos de los Aliados contienen ciertas afirmaciones muy serias e incluso alarmantes acerca de la creciente intervenci\u00f3n e integraci\u00f3n extraterrestre en la raza humana, as\u00ed como sobre sus actividades y planes ocultos.\",\"inLanguage\":\"es\",\"potentialAction\":[{\"@type\":\"ReadAction\",\"target\":[\"https:\/\/www.alliesofhumanity.org\/es\/the-allies\/\"]}]},{\"@type\":\"WebSite\",\"@id\":\"https:\/\/www.alliesofhumanity.org\/es\/#website\",\"url\":\"https:\/\/www.alliesofhumanity.org\/es\/\",\"name\":\"The Allies of Humanity\",\"description\":\"\",\"potentialAction\":[{\"@type\":\"SearchAction\",\"target\":{\"@type\":\"EntryPoint\",\"urlTemplate\":\"https:\/\/www.alliesofhumanity.org\/es\/?s={search_term_string}\"},\"query-input\":{\"@type\":\"PropertyValueSpecification\",\"valueRequired\":true,\"valueName\":\"search_term_string\"}}],\"inLanguage\":\"es\"}]}<\/script>\n<!-- \/ Yoast SEO plugin. -->","yoast_head_json":{"title":"Introducci\u00f3n a los Aliados de la Humanidad","description":"Los Discursos de los Aliados contienen ciertas afirmaciones muy serias e incluso alarmantes acerca de la creciente intervenci\u00f3n e integraci\u00f3n extraterrestre en la raza humana, as\u00ed como sobre sus actividades y planes ocultos.","robots":{"index":"index","follow":"follow","max-snippet":"max-snippet:-1","max-image-preview":"max-image-preview:large","max-video-preview":"max-video-preview:-1"},"canonical":"https:\/\/www.alliesofhumanity.org\/es\/the-allies\/","og_locale":"es_ES","og_type":"article","og_title":"Introducci\u00f3n a los Aliados de la Humanidad","og_description":"Los Discursos de los Aliados contienen ciertas afirmaciones muy serias e incluso alarmantes acerca de la creciente intervenci\u00f3n e integraci\u00f3n extraterrestre en la raza humana, as\u00ed como sobre sus actividades y planes ocultos.","og_url":"https:\/\/www.alliesofhumanity.org\/es\/the-allies\/","og_site_name":"The Allies of Humanity","article_publisher":"https:\/\/www.facebook.com\/alliesofhumanity\/","article_modified_time":"2024-03-09T11:25:47+00:00","og_image":[{"width":1200,"height":630,"url":"https:\/\/www.alliesofhumanity.org\/wp-content\/uploads\/2021\/01\/og-socialmedia-aoh.jpg","type":"image\/jpeg"}],"twitter_card":"summary_large_image","twitter_title":"Introducci\u00f3n a los Aliados de la Humanidad","twitter_site":"@earthallies","twitter_misc":{"Tiempo de lectura":"7 minutos"},"schema":{"@context":"https:\/\/schema.org","@graph":[{"@type":"WebPage","@id":"https:\/\/www.alliesofhumanity.org\/es\/the-allies\/","url":"https:\/\/www.alliesofhumanity.org\/es\/the-allies\/","name":"Introducci\u00f3n a los Aliados de la Humanidad","isPartOf":{"@id":"https:\/\/www.alliesofhumanity.org\/es\/#website"},"datePublished":"2020-09-28T09:32:26+00:00","dateModified":"2024-03-09T11:25:47+00:00","description":"Los Discursos de los Aliados contienen ciertas afirmaciones muy serias e incluso alarmantes acerca de la creciente intervenci\u00f3n e integraci\u00f3n extraterrestre en la raza humana, as\u00ed como sobre sus actividades y planes ocultos.","inLanguage":"es","potentialAction":[{"@type":"ReadAction","target":["https:\/\/www.alliesofhumanity.org\/es\/the-allies\/"]}]},{"@type":"WebSite","@id":"https:\/\/www.alliesofhumanity.org\/es\/#website","url":"https:\/\/www.alliesofhumanity.org\/es\/","name":"The Allies of Humanity","description":"","potentialAction":[{"@type":"SearchAction","target":{"@type":"EntryPoint","urlTemplate":"https:\/\/www.alliesofhumanity.org\/es\/?s={search_term_string}"},"query-input":{"@type":"PropertyValueSpecification","valueRequired":true,"valueName":"search_term_string"}}],"inLanguage":"es"}]}},"_links":{"self":[{"href":"https:\/\/www.alliesofhumanity.org\/es\/wp-json\/wp\/v2\/pages\/6107","targetHints":{"allow":["GET"]}}],"collection":[{"href":"https:\/\/www.alliesofhumanity.org\/es\/wp-json\/wp\/v2\/pages"}],"about":[{"href":"https:\/\/www.alliesofhumanity.org\/es\/wp-json\/wp\/v2\/types\/page"}],"author":[{"embeddable":true,"href":"https:\/\/www.alliesofhumanity.org\/es\/wp-json\/wp\/v2\/users\/25"}],"replies":[{"embeddable":true,"href":"https:\/\/www.alliesofhumanity.org\/es\/wp-json\/wp\/v2\/comments?post=6107"}],"version-history":[{"count":9,"href":"https:\/\/www.alliesofhumanity.org\/es\/wp-json\/wp\/v2\/pages\/6107\/revisions"}],"predecessor-version":[{"id":6514,"href":"https:\/\/www.alliesofhumanity.org\/es\/wp-json\/wp\/v2\/pages\/6107\/revisions\/6514"}],"wp:attachment":[{"href":"https:\/\/www.alliesofhumanity.org\/es\/wp-json\/wp\/v2\/media?parent=6107"}],"curies":[{"name":"wp","href":"https:\/\/api.w.org\/{rel}","templated":true}]}}