{"id":10979,"date":"2021-01-30T21:50:47","date_gmt":"2021-01-30T20:50:47","guid":{"rendered":"https:\/\/www.alliesofhumanity.org\/the-briefings\/book-four\/secure-freedom\/"},"modified":"2021-04-29T07:30:35","modified_gmt":"2021-04-29T06:30:35","slug":"secure-freedom","status":"publish","type":"page","link":"https:\/\/www.alliesofhumanity.org\/de\/the-briefings\/book-four\/secure-freedom\/","title":{"rendered":"F\u00fcnfter Lagebericht: Die Gro\u00dfe Koordination"},"content":{"rendered":"\t\t<div data-elementor-type=\"wp-page\" data-elementor-id=\"10979\" class=\"elementor elementor-10979 elementor-2540\" data-elementor-post-type=\"page\">\t\t\t\t\t\t<section class=\"elementor-section elementor-top-section elementor-element elementor-element-35782905 elementor-section-boxed elementor-section-height-default elementor-section-height-default\" data-id=\"35782905\" data-element_type=\"section\">\t\t\t\t\t\t<div class=\"elementor-container elementor-column-gap-default\">\t\t\t\t\t<div class=\"elementor-column elementor-col-100 elementor-top-column elementor-element elementor-element-6817cd3b\" data-id=\"6817cd3b\" data-element_type=\"column\">\t\t\t<div class=\"elementor-widget-wrap elementor-element-populated\">\t\t\t\t\t\t<div class=\"elementor-element elementor-element-54a371f elementor-widget elementor-widget-text-editor\" data-id=\"54a371f\" data-element_type=\"widget\" data-widget_type=\"text-editor.default\">\t\t\t\t<div class=\"elementor-widget-container\">\t\t\t\t\t\t\t\t\t<p>Wir sind uns bewusst, dass eine gro\u00dfe Offenbarung in die Welt gesandt wird. Obwohl wir diese Offenbarung nicht selbst erhalten haben, sind wir mit ihr verbunden. Weil Gott uns gebeten hat, dies durch die Netzwerke der Weisen zu tun, diese eure vielversprechende Welt zu st\u00fctzen und ihr Weisheit, Ermutigung, St\u00e4rke und Zweck zu geben, die sie jetzt haben muss, um ihre Tendenzen zu \u00fcberwinden und sich auf ihre herausfordernde Zukunft vorzubereiten.<\/p><p>So wie uns geholfen wurde, unsere Freiheit in unseren eigenen Welten zu erlangen, zu verschiedenen Zeiten und unter verschiedenen Umst\u00e4nden, so obliegt es uns, euch in \u00e4hnlicher Weise zu helfen, denn dies ist einer der Wege, auf dem Weisheit und St\u00e4rke im Universum geteilt werden. Es ist eine lange Tradition. Wir kennen ihre uralte Geschichte nicht, doch wir sind Teil ihres Ausdrucks.<\/p><p>Unser Kommen zu euch mit diesen Lageberichten ist mit dieser Offenbarung f\u00fcr die Welt verbunden. Ihr seid so gesegnet, dass ihr eine Offenbarung von Gott f\u00fcr die Welt habt. Es gibt so wenige Welten im Universum, in denen dies jemals auf irgendeine Art und Weise \u00f6ffentlich geschehen k\u00f6nnte. In einer freien Nation ist es m\u00f6glich und kommt auch vor, aber es ist immer noch sehr selten.<\/p><p>Wir kennen nicht alles, wovon diese Offenbarung sprechen wird, aber wir wissen, dass sie Teil eurer Vorbereitung auf die Dinge ist, von denen wir sprechen. Wir wissen, dass es ein Geschenk der St\u00e4rke und der Erm\u00e4chtigung f\u00fcr die Menschheit ist.<\/p><p>Dennoch sind wir aufgerufen, die Realit\u00e4ten des Lebens im Universum und den Sinn der Dinge, von denen wir hier sprechen, zu bezeugen, Dinge, die f\u00fcr euch und eure Zukunft von gr\u00f6\u00dfter Bedeutung sind. Es ist alles Teil einer Gr\u00f6\u00dferen Koordination, der Menschheit diese gro\u00dfe Verhei\u00dfung und diese gro\u00dfe Hilfestellung zu bringen.<\/p><p>Wir sind jetzt weit weg von eurer Welt, so dass wir nicht bezeugen k\u00f6nnen, was passiert. Dennoch sind wir immer noch Teil dieser Gr\u00f6\u00dferen Koordination. Das ist es, wozu wir uns in unserer kleinen Gruppe verpflichtet haben, diejenigen von uns, die noch \u00fcbrig sind.<\/p><p>Wir wissen, dass es einen Boten f\u00fcr diese gro\u00dfe Offenbarung gibt und zu diesem Boten wurden wir angewiesen, die Lageberichte der Verb\u00fcndeten der Menschheit zu senden. Unser Kontakt mit ihm wurde von den H\u00f6heren M\u00e4chten erm\u00f6glicht, der so hergestellt wurde, dass er durch keine technologischen Mittel gest\u00f6rt oder zur\u00fcckverfolgt werden konnte.<\/p><p>Es ist Teil der Art und Weise, wie das G\u00f6ttliche im Universum wirkt, um Weisheit, Freiheit und Kenntnis zu f\u00f6rdern, wo immer das m\u00f6glich ist und in welchem Umfang auch immer es m\u00f6glich ist. Wir k\u00f6nnen nur beten, so wie wir beten, dass diese gro\u00dfe Offenbarung gen\u00fcgend Menschen in eurer Welt ber\u00fchrt und erreicht, um ihren vollen Nutzen und Wirkung zu entfalten.<\/p><p>Dies erf\u00fcllt unsere Aufgabe, n\u00e4mlich von diesen Dingen zu sprechen, von denen wir sprechen, und euch Weisheit und Kenntnis aus dem Universum zu bringen, die wir durch gro\u00dfe Pr\u00fcfungen und gro\u00dfe Notwendigkeit lernen mussten.<\/p><p>Wir verstehen, dass dies f\u00fcr viele Menschen sehr verwirrend sein wird, all diese Dinge, von denen wir hier jetzt sprechen. Und wir haben vorher nicht von der Offenbarung Gottes gesprochen, weil wir der Meinung waren, dass es zu viel f\u00fcr die Menschen w\u00e4re, zu versuchen, zusammen mit allem, was wir zum Ausdruck bringen sollen, die Weisheit zu begreifen, die wir euch geben sollen.<\/p><p>Aber jetzt, da wir weit weg sind, k\u00f6nnen wir \u00fcber andere Dinge sprechen. Es ist notwendig, dass wir ein Zeuge daf\u00fcr sind, f\u00fcr diese Offenbarung des G\u00f6ttlichen, die ihr so gl\u00fcckselig seid, in eurer Mitte zu haben. Wenn ihr nur sehen k\u00f6nntet, wie gl\u00fccklich ihr euch sch\u00e4tzen k\u00f6nntet, angesichts der Freiheit, die ihr heute habt, die das Ergebnis von so viel menschlicher Hingabe und Aufopferung ist. Wenn ihr verstehen k\u00f6nntet, wie selten ein solches Ereignis ist, w\u00e4re eure Dankbarkeit \u00fcberw\u00e4ltigend und ihr w\u00fcrdet ihre gro\u00dfe Bedeutung verstehen.<\/p><p>Wir m\u00fcssen wieder von der Realit\u00e4t der Freiheit sprechen, von dort aus, wo wir stehen und was wir wissen, denn wir sind aufgefordert, diese Dinge aus unserer Erfahrung zu bezeugen, nicht nur aus unserer Ideologie oder der Art, wie wir \u00fcber diese Dinge denken. Wir wissen, dass Freiheit kein Recht im Universum ist. Sie ist ein seltenes und kostbares Gut. Sie muss mit gr\u00f6\u00dfter Entschlossenheit errichtet und gesichert werden.<\/p><p>Wir haben uns die Freiheit verdient, auf diese Weise zu dienen, einer anderen Rasse auf diese Weise dienen zu k\u00f6nnen\u2014auf eine Art und Weise, die die Menscher eurer Welt h\u00f6ren k\u00f6nnen, dass es als Zeugnis zur Verf\u00fcgung gestellt werden kann. Wie selten dies in der Tat ist.<\/p><p>Auf diese Weise wurden wir unterst\u00fctzt, nachdem wir unsere Freiheit in unseren Nationen sichern konnten, denn die Gr\u00f6\u00dferen M\u00e4chte konnten uns direkt dienen. Denn die Entwicklung der Freiheit und die Stabilit\u00e4t der Freiheit ist eine st\u00e4ndige Herausforderung, die gro\u00dfe Reife, Weisheit und Zur\u00fcckhaltung erfordert. Obwohl wir keine erleuchteten Gesellschaften sind, wie man sie sich vielleicht vorstellen w\u00fcrde, sind wir frei genug, um diese M\u00f6glichkeit zu haben und auf diese Weise dienen zu k\u00f6nnen.<\/p><p>Aber die Menschheit hat diese Freiheit noch nicht, auch jetzt nicht, denn eine neue Offenbarung f\u00fcr eure Welt wird stark widerstanden und kontrovers diskutiert werden. Es ist die Evolution eurer Rasse als Ganzes, die dies bewirkt.<\/p><p class=\"image-quote float-right\"><img decoding=\"async\" src=\"https:\/\/www.alliesofhumanity.org\/wp-content\/uploads\/2020\/12\/quote-book4-briefing5-1.png\" alt=\"\" \/><\/p><blockquote id=\"quote-2\" class=\"text-quote float-right bg-red\">Wir wissen, dass Freiheit kein Recht im Universum ist. Sie ist eine seltene und kostbare Sache. Sie muss mit der gr\u00f6\u00dften Entschlossenheit etabliert und gesichert werden.<\/blockquote><p>Doch w\u00e4hrend ihr an der Schwelle des Lebens im Universum steht, k\u00f6nnte euch kein gr\u00f6\u00dferer Vorteil oder eine gr\u00f6\u00dfere St\u00e4rke gegeben werden. Denn wie wir immer wieder gesagt haben, wird keine Rasse kommen und euch die Freiheit geben. Keine Rasse wird kommen und f\u00fcr euch eure Technologie erheben. Keine Rasse wird kommen und eure Welt f\u00fcr euch verwalten. Nicht f\u00fcr euch. Das ist die Wahrheit, die erkannt werden muss, sonst werdet ihr nicht verstehen, was ihr vor euch habt.<\/p><p>Es ist so selten, dass eine Rasse der anderen so dienen kann, wie wir es hier tun, denn normalerweise sind die Wege der Unterst\u00fctzung sehr geheimnisvoll, sehr subtil, jenseits der \u00dcberwachung durch die Regierungen. Es ist eine sehr kostbare Sache, von der wir sprechen.<\/p><p>Was die freien Gesellschaften betrifft, so m\u00fcssen wir euch noch etwas anderes sagen. Die freien Gesellschaften erkennen die Grenzen der nutzbringenden Technologie. Solltet ihr die Technologie zu weit treiben, \u00fcber eure Grundbed\u00fcrfnisse, \u00fcber den grundlegenden Nutzen f\u00fcr eure Gesellschaft hinaus, zieht ihr andere M\u00e4chte zu euch. Eure Isolation im Universum beginnt zu schwinden. Jetzt stehen euch M\u00e4chte zur Verf\u00fcgung, die sehr schwer zu verbergen sind.<\/p><p>Denn auch wenn unsere Rassen in der von uns erw\u00e4hnten Weise frei sind, gibt es immer noch andere Augen, die uns beobachten. Sollten wir au\u00dfergew\u00f6hnliche F\u00e4higkeiten oder au\u00dfergew\u00f6hnliche Technologien zeigen, wird dies zu immer gr\u00f6\u00dferer \u00dcberpr\u00fcfung und gr\u00f6\u00dferer \u00dcberredung einladen. Andere werden versuchen, es von uns zu bekommen, mit welchen Mitteln auch immer, au\u00dfer durch eine direkte Eroberung. Deshalb muss die Macht, die wir haben k\u00f6nnten, sehr subtil zum Ausdruck gebracht werden und sogar unter den Weisen, die unsere Welten leiten, der \u00d6ffentlichkeit vorenthalten werden.<\/p><p>Das ist die Wahrheit des Lebens im Universum, dass gr\u00f6\u00dfere Macht, gr\u00f6\u00dfere St\u00e4rke und ihre Vorf\u00fchrungen verborgen bleiben m\u00fcssen, wenn man die M\u00f6glichkeit zur Freiheit und Selbstbestimmung haben will.<\/p><p>Es gibt Seher in anderen Nationen, die versuchen, in unsere Angelegenheiten hineinzusehen, die versuchen zu erkennen, was wir tun, was wir haben, unsere St\u00e4rken und unsere Schw\u00e4chen. Dem k\u00f6nnen wir nur bis zu einem gewissen Grad entgegenwirken. Denn sobald die Augen des Universums auf euch gerichtet sind, werden sie weiterhin zusehen. Dies w\u00e4re entweder mit technologischen Mitteln oder mit subtileren Mitteln der Fall. <\/p><p>Die Weisen, die unsere Welten regieren, teilen also nicht alles was sie wissen, mit der \u00d6ffentlichkeit, denn die \u00d6ffentlichkeit ist nicht stark genug, um dies mit Diskretion zu bewahren. Das ist zu viel, das man von einer ganzen Rasse verlangen k\u00f6nnte. Ihr, die ihr denkt, dass Freiheit die Freiheit ist, alles zu wissen, habt keine Vorstellung davon, was ihr denkt, oder was dies inmitten der Anwesenheit gr\u00f6\u00dferer Kr\u00e4fte bedeutet.<\/p><p>Versteht daher, dass die Technologie \u00fcber die Erf\u00fcllung der echten authentischen Bed\u00fcrfnisse einer Rasse hinaus nicht weiter gehen sollte. Es gibt euch Kr\u00e4fte, die ihr nicht benutzen k\u00f6nnt und die ihr verstecken m\u00fcsst. Sie f\u00fchrt zu einer Erschlie\u00dfung von au\u00dfen und l\u00e4dt zu Interventionen und Manipulationen und einer immer st\u00e4rkeren Kontrolle ein. Glaubt daher nicht, dass die st\u00e4ndige Weiterentwicklung der Technologie ein w\u00fcrdiges und edles Streben ist. Sie ist nur in gewisser Weise, bis zu einem gewissen Punkt von Vorteil. Dar\u00fcber hinaus schafft sie Gefahr und Risiko.<\/p><p class=\"image-quote float-left\"><img decoding=\"async\" src=\"https:\/\/www.alliesofhumanity.org\/wp-content\/uploads\/2020\/12\/quote-book4-briefing5-2.png\" alt=\"\" \/><\/p><blockquote id=\"quote-4\" class=\"text-quote float-left bg-gray\">Gr\u00f6\u00dfere Macht, gr\u00f6\u00dfere St\u00e4rke und ihre Vorf\u00fchrungen m\u00fcssen verborgen bleiben, wenn ihr die M\u00f6glichkeit f\u00fcr Freiheit und Selbstbestimmung haben wollt.<\/blockquote><p>Wenn ihr eine Macht der Einsicht oder eine Macht der Technologie habt, die andere Nationen nicht haben, werden sie sie von euch haben wollen. Deshalb muss der Weise verborgen bleiben, eine gro\u00dfe und dauerhafte Wahrheit im Universum.<\/p><p>Mit der Macht kommt diese Verantwortung, diese Diskretion, dieses Urteilsverm\u00f6gen, diese Vorsicht, diese gro\u00dfe Sorgfalt mit dem eigenen Verstand und den eigenen Handlungen und  Gedanken im Hinblick auf ihre Auswirkungen auf andere und das, was sie von au\u00dfen einladen k\u00f6nnen. Wir in unserer Gruppe waren alle Sch\u00fcler dieser gro\u00dfartigen Lehre, die ihr jetzt aus purer Notwendigkeit lernen m\u00fcsst.<\/p><p>Unsere freien Nationen m\u00fcssen sich um Stabilit\u00e4t und Sicherheit bem\u00fchen, denn freie Nationen existieren nicht gut zusammen mit gro\u00dfen Nationen, die nicht frei sind, gr\u00f6\u00dferen Nationen, die technologisch und milit\u00e4risch m\u00e4chtiger sind. Wir m\u00fcssen nicht nur unsere Grenzen, sondern auch unsere Gedanken sch\u00fctzen. Das ist die B\u00fcrde der Weisen an allen Orten.<\/p><p>Wir verstehen, dass die Neue Offenbarung f\u00fcr die Welt die Menschen diese Dinge lehren und der menschlichen Familie geben kann. Wenn das wahr ist, dann ist das ein sehr gro\u00dfes Zeichen.<\/p><p>Es ist m\u00f6glich, dass es unter euch diejenigen gibt, die damit wirklich weise werden. Eure Aufgabe ist es, die Freiheit eures Volkes und eurer Welt zu sichern, die Kenntnis in eurer Welt am Leben zu erhalten, die Weisheit in eurer Welt am Leben zu erhalten, wo sie immer von anderen bedroht und angegriffen zu sein scheint, die alles f\u00fcr pers\u00f6nliche Macht und Vorteil nutzen wollen. Es ist eine Wahrheit in eurer Welt ebenso wie eine Wahrheit in der Gr\u00f6\u00dferen Gemeinschaft. Alles, was wir euch heute hier sagen, ist eine Wahrheit in eurer Welt, denn es ist \u00fcberall eine Wahrheit. Es ist eine Wahrheit im Geltungsbereich der Trennung.<\/p><p>Wir bringen mit dieser gro\u00dfen und n\u00fcchternen Lehre, Ermutigung, denn die menschliche Familie hat ein gro\u00dfes Potential. Das Bewusstsein des G\u00f6ttlichen und die Macht der Kenntnis im Einzelnen sind in eurer Welt nicht ausgel\u00f6scht worden. Sie ist nicht vergessen worden. Sie wird immer noch von vielen gesch\u00e4tzt und in einigen Teilen eurer Welt wird sie immer noch von vielen praktiziert. Dies ist ein gro\u00dfes Zeichen im Universum, wo nur sehr wenige aufstrebende Rassen ein solches Potential haben.<\/p><p>Wir wissen, dass die Kenntnis in euch auf diese Dinge reagieren und mitschwingen kann, weil es ein gr\u00f6\u00dferer Bereich der Wahrheit ist, weil ihr in eurem Leben dazu bestimmt seid, auch Teil der gr\u00f6\u00dferen Koordination zu sein. Obwohl sie euch jetzt vielleicht wie eine ferne M\u00f6glichkeit erscheint, ist sie grundlegend daf\u00fcr, wer ihr seid und warum ihr zu dieser Zeit in der Welt seid, denn sie allein beinhaltet die St\u00e4rke und die Vision und die Resonanz, die euch bef\u00e4higen kann, zu reagieren und eure Situation richtig und nutzbringend wahrzunehmen. Sie wird euch aus einem gew\u00f6hnlichen und entt\u00e4uschenden Leben in ein weitaus gr\u00f6\u00dferes Reich des Dienstes und der Bedeutung aufrufen, so wie sie es f\u00fcr uns getan hat.<\/p><p>Wir k\u00f6nnen noch nicht in unsere Heimatwelten zur\u00fcckkehren, bis unsere Mission abgeschlossen ist. Es hat viele Jahre gedauert, bis dies \u00fcberhaupt stattfinden konnte. Es gab viele Herausforderungen und R\u00fcckschl\u00e4ge. Wir haben Mitglieder unserer Gruppe verloren. Wir mussten in ferne und sichere Zufluchtsorte fliehen. Denn die Intervention, die an eurer Welt teilnimmt, wurde auf uns aufmerksam, nachdem unser erster Satz von Lageberichten gegeben wurde, und ihre Suche nach uns begann. Wir glauben nicht, dass sie mit unserer Anwesenheit gerechnet haben und w\u00fcrden sicherlich durch unsere Botschaft herausgefordert und bedroht werden.<\/p><p class=\"image-quote float-right\"><img decoding=\"async\" src=\"https:\/\/www.alliesofhumanity.org\/wp-content\/uploads\/2020\/12\/quote-book4-briefing5-3.png\" alt=\"\" \/><\/p><blockquote id=\"quote-6\" class=\"text-quote float-right bg-red\">Eure Aufgabe ist es, die Freiheit eures Volkes und eurer Welt zu sichern, die Kenntnis in eurer Welt lebendig zu halten, die Weisheit in eurer Welt lebendig zu halten, wo sie immer bedroht und von anderen angegriffen zu werden scheint, die alles f\u00fcr pers\u00f6nliche Macht und Vorteil nutzen wollen.<\/blockquote><p>Doch unsere Mission ist noch nicht abgeschlossen, denn obwohl wir nicht mehr in eurer N\u00e4he sind, gibt es Weisheit aus dem Universum, die wir euch noch bereitstellen k\u00f6nnen. Ihr braucht diese Weisheit jetzt, und ihr werdet sie immer mehr brauchen, w\u00e4hrend ihr vorw\u00e4rts schreitet.<\/p>\t\t\t\t\t\t\t\t<\/div>\t\t\t\t<\/div>\t\t\t\t\t<\/div>\t\t<\/div>\t\t\t\t\t<\/div>\t\t<\/section>\t\t\t\t<\/div><p>\t\t<\/p>","protected":false},"excerpt":{"rendered":"<p>Wir sind uns bewusst, dass eine gro\u00dfe Offenbarung in die Welt gesandt wird. Obwohl wir diese Offenbarung nicht selbst erhalten haben, sind wir mit ihr verbunden. Weil Gott uns gebeten hat, dies durch die Netzwerke der Weisen zu tun, diese eure vielversprechende Welt zu st\u00fctzen und ihr Weisheit, Ermutigung, St\u00e4rke und Zweck zu geben, die [&hellip;]<\/p>\n","protected":false},"author":2,"featured_media":0,"parent":10805,"menu_order":5,"comment_status":"closed","ping_status":"closed","template":"page.php","meta":{"_acf_changed":false,"footnotes":""},"class_list":["post-10979","page","type-page","status-publish","hentry"],"acf":[],"yoast_head":"<!-- This site is optimized with the Yoast SEO plugin v26.5 - https:\/\/yoast.com\/wordpress\/plugins\/seo\/ -->\n<title>Die Gro\u00dfe Koordination - Zur Sicherung der Freiheit in unserer Welt<\/title>\n<meta name=\"description\" content=\"Deine Aufgabe ist es, die Freiheit in deiner Welt zu sichern, die (spirituelle) Kenntnis in deiner Welt lebendig zu halten, die Weisheit in deiner Welt lebendig zu halten.\" \/>\n<meta name=\"robots\" content=\"index, follow, max-snippet:-1, max-image-preview:large, max-video-preview:-1\" \/>\n<link rel=\"canonical\" href=\"https:\/\/www.alliesofhumanity.org\/de\/the-briefings\/book-four\/secure-freedom\/\" \/>\n<meta property=\"og:locale\" content=\"de_DE\" \/>\n<meta property=\"og:type\" content=\"article\" \/>\n<meta property=\"og:title\" content=\"Die Gro\u00dfe Koordination - Zur Sicherung der Freiheit in unserer Welt\" \/>\n<meta property=\"og:description\" content=\"Deine Aufgabe ist es, die Freiheit in deiner Welt zu sichern, die (spirituelle) Kenntnis in deiner Welt lebendig zu halten, die Weisheit in deiner Welt lebendig zu halten.\" \/>\n<meta property=\"og:url\" content=\"https:\/\/www.alliesofhumanity.org\/de\/the-briefings\/book-four\/secure-freedom\/\" \/>\n<meta property=\"og:site_name\" content=\"The Allies of Humanity\" \/>\n<meta property=\"article:publisher\" content=\"https:\/\/www.facebook.com\/alliesofhumanity\/\" \/>\n<meta property=\"article:modified_time\" content=\"2021-04-29T06:30:35+00:00\" \/>\n<meta property=\"og:image\" content=\"https:\/\/www.alliesofhumanity.org\/wp-content\/uploads\/2021\/01\/og-socialmedia-aoh.jpg\" \/>\n\t<meta property=\"og:image:width\" content=\"1200\" \/>\n\t<meta property=\"og:image:height\" content=\"630\" \/>\n\t<meta property=\"og:image:type\" content=\"image\/jpeg\" \/>\n<meta name=\"twitter:card\" content=\"summary_large_image\" \/>\n<meta name=\"twitter:title\" content=\"Die Gro\u00dfe Koordination - Zur Sicherung der Freiheit in unserer Welt\" \/>\n<meta name=\"twitter:site\" content=\"@earthallies\" \/>\n<meta name=\"twitter:label1\" content=\"Gesch\u00e4tzte Lesezeit\" \/>\n\t<meta name=\"twitter:data1\" content=\"11\u00a0Minuten\" \/>\n<script type=\"application\/ld+json\" class=\"yoast-schema-graph\">{\"@context\":\"https:\/\/schema.org\",\"@graph\":[{\"@type\":\"WebPage\",\"@id\":\"https:\/\/www.alliesofhumanity.org\/de\/the-briefings\/book-four\/secure-freedom\/\",\"url\":\"https:\/\/www.alliesofhumanity.org\/de\/the-briefings\/book-four\/secure-freedom\/\",\"name\":\"Die Gro\u00dfe Koordination - Zur Sicherung der Freiheit in unserer Welt\",\"isPartOf\":{\"@id\":\"https:\/\/www.alliesofhumanity.org\/de\/#website\"},\"datePublished\":\"2021-01-30T20:50:47+00:00\",\"dateModified\":\"2021-04-29T06:30:35+00:00\",\"description\":\"Deine Aufgabe ist es, die Freiheit in deiner Welt zu sichern, die (spirituelle) Kenntnis in deiner Welt lebendig zu halten, die Weisheit in deiner Welt lebendig zu halten.\",\"breadcrumb\":{\"@id\":\"https:\/\/www.alliesofhumanity.org\/de\/the-briefings\/book-four\/secure-freedom\/#breadcrumb\"},\"inLanguage\":\"de\",\"potentialAction\":[{\"@type\":\"ReadAction\",\"target\":[\"https:\/\/www.alliesofhumanity.org\/de\/the-briefings\/book-four\/secure-freedom\/\"]}]},{\"@type\":\"BreadcrumbList\",\"@id\":\"https:\/\/www.alliesofhumanity.org\/de\/the-briefings\/book-four\/secure-freedom\/#breadcrumb\",\"itemListElement\":[{\"@type\":\"ListItem\",\"position\":1,\"name\":\"Die Lageberichte\",\"item\":\"https:\/\/www.alliesofhumanity.org\/de\/the-briefings\/\"},{\"@type\":\"ListItem\",\"position\":2,\"name\":\"Buch Vier\",\"item\":\"https:\/\/www.alliesofhumanity.org\/de\/the-briefings\/book-four\/\"},{\"@type\":\"ListItem\",\"position\":3,\"name\":\"F\u00fcnfter Lagebericht: Die Gro\u00dfe Koordination\"}]},{\"@type\":\"WebSite\",\"@id\":\"https:\/\/www.alliesofhumanity.org\/de\/#website\",\"url\":\"https:\/\/www.alliesofhumanity.org\/de\/\",\"name\":\"The Allies of Humanity\",\"description\":\"\",\"potentialAction\":[{\"@type\":\"SearchAction\",\"target\":{\"@type\":\"EntryPoint\",\"urlTemplate\":\"https:\/\/www.alliesofhumanity.org\/de\/?s={search_term_string}\"},\"query-input\":{\"@type\":\"PropertyValueSpecification\",\"valueRequired\":true,\"valueName\":\"search_term_string\"}}],\"inLanguage\":\"de\"}]}<\/script>\n<!-- \/ Yoast SEO plugin. -->","yoast_head_json":{"title":"Die Gro\u00dfe Koordination - Zur Sicherung der Freiheit in unserer Welt","description":"Deine Aufgabe ist es, die Freiheit in deiner Welt zu sichern, die (spirituelle) Kenntnis in deiner Welt lebendig zu halten, die Weisheit in deiner Welt lebendig zu halten.","robots":{"index":"index","follow":"follow","max-snippet":"max-snippet:-1","max-image-preview":"max-image-preview:large","max-video-preview":"max-video-preview:-1"},"canonical":"https:\/\/www.alliesofhumanity.org\/de\/the-briefings\/book-four\/secure-freedom\/","og_locale":"de_DE","og_type":"article","og_title":"Die Gro\u00dfe Koordination - Zur Sicherung der Freiheit in unserer Welt","og_description":"Deine Aufgabe ist es, die Freiheit in deiner Welt zu sichern, die (spirituelle) Kenntnis in deiner Welt lebendig zu halten, die Weisheit in deiner Welt lebendig zu halten.","og_url":"https:\/\/www.alliesofhumanity.org\/de\/the-briefings\/book-four\/secure-freedom\/","og_site_name":"The Allies of Humanity","article_publisher":"https:\/\/www.facebook.com\/alliesofhumanity\/","article_modified_time":"2021-04-29T06:30:35+00:00","og_image":[{"width":1200,"height":630,"url":"https:\/\/www.alliesofhumanity.org\/wp-content\/uploads\/2021\/01\/og-socialmedia-aoh.jpg","type":"image\/jpeg"}],"twitter_card":"summary_large_image","twitter_title":"Die Gro\u00dfe Koordination - Zur Sicherung der Freiheit in unserer Welt","twitter_site":"@earthallies","twitter_misc":{"Gesch\u00e4tzte Lesezeit":"11\u00a0Minuten"},"schema":{"@context":"https:\/\/schema.org","@graph":[{"@type":"WebPage","@id":"https:\/\/www.alliesofhumanity.org\/de\/the-briefings\/book-four\/secure-freedom\/","url":"https:\/\/www.alliesofhumanity.org\/de\/the-briefings\/book-four\/secure-freedom\/","name":"Die Gro\u00dfe Koordination - Zur Sicherung der Freiheit in unserer Welt","isPartOf":{"@id":"https:\/\/www.alliesofhumanity.org\/de\/#website"},"datePublished":"2021-01-30T20:50:47+00:00","dateModified":"2021-04-29T06:30:35+00:00","description":"Deine Aufgabe ist es, die Freiheit in deiner Welt zu sichern, die (spirituelle) Kenntnis in deiner Welt lebendig zu halten, die Weisheit in deiner Welt lebendig zu halten.","breadcrumb":{"@id":"https:\/\/www.alliesofhumanity.org\/de\/the-briefings\/book-four\/secure-freedom\/#breadcrumb"},"inLanguage":"de","potentialAction":[{"@type":"ReadAction","target":["https:\/\/www.alliesofhumanity.org\/de\/the-briefings\/book-four\/secure-freedom\/"]}]},{"@type":"BreadcrumbList","@id":"https:\/\/www.alliesofhumanity.org\/de\/the-briefings\/book-four\/secure-freedom\/#breadcrumb","itemListElement":[{"@type":"ListItem","position":1,"name":"Die Lageberichte","item":"https:\/\/www.alliesofhumanity.org\/de\/the-briefings\/"},{"@type":"ListItem","position":2,"name":"Buch Vier","item":"https:\/\/www.alliesofhumanity.org\/de\/the-briefings\/book-four\/"},{"@type":"ListItem","position":3,"name":"F\u00fcnfter Lagebericht: Die Gro\u00dfe Koordination"}]},{"@type":"WebSite","@id":"https:\/\/www.alliesofhumanity.org\/de\/#website","url":"https:\/\/www.alliesofhumanity.org\/de\/","name":"The Allies of Humanity","description":"","potentialAction":[{"@type":"SearchAction","target":{"@type":"EntryPoint","urlTemplate":"https:\/\/www.alliesofhumanity.org\/de\/?s={search_term_string}"},"query-input":{"@type":"PropertyValueSpecification","valueRequired":true,"valueName":"search_term_string"}}],"inLanguage":"de"}]}},"_links":{"self":[{"href":"https:\/\/www.alliesofhumanity.org\/de\/wp-json\/wp\/v2\/pages\/10979","targetHints":{"allow":["GET"]}}],"collection":[{"href":"https:\/\/www.alliesofhumanity.org\/de\/wp-json\/wp\/v2\/pages"}],"about":[{"href":"https:\/\/www.alliesofhumanity.org\/de\/wp-json\/wp\/v2\/types\/page"}],"author":[{"embeddable":true,"href":"https:\/\/www.alliesofhumanity.org\/de\/wp-json\/wp\/v2\/users\/2"}],"replies":[{"embeddable":true,"href":"https:\/\/www.alliesofhumanity.org\/de\/wp-json\/wp\/v2\/comments?post=10979"}],"version-history":[{"count":3,"href":"https:\/\/www.alliesofhumanity.org\/de\/wp-json\/wp\/v2\/pages\/10979\/revisions"}],"predecessor-version":[{"id":14794,"href":"https:\/\/www.alliesofhumanity.org\/de\/wp-json\/wp\/v2\/pages\/10979\/revisions\/14794"}],"up":[{"embeddable":true,"href":"https:\/\/www.alliesofhumanity.org\/de\/wp-json\/wp\/v2\/pages\/10805"}],"wp:attachment":[{"href":"https:\/\/www.alliesofhumanity.org\/de\/wp-json\/wp\/v2\/media?parent=10979"}],"curies":[{"name":"wp","href":"https:\/\/api.w.org\/{rel}","templated":true}]}}